{"id":74161,"date":"2026-02-03T22:13:43","date_gmt":"2026-02-03T22:13:43","guid":{"rendered":"https:\/\/allgoodkeys.com\/?post_type=product&#038;p=74161"},"modified":"2026-04-04T11:53:56","modified_gmt":"2026-04-04T11:53:56","slug":"powerpoint-2024-clave-de-producto","status":"publish","type":"product","link":"https:\/\/allgoodkeys.com\/es\/producto\/powerpoint-2024-clave-de-producto\/","title":{"rendered":"PowerPoint 2024 Clave de producto (PC)"},"content":{"rendered":"<blockquote>\n<h2 style=\"text-align: center;\" data-path-to-node=\"0\">Compra PowerPoint 2024 al mejor precio en All Good Keys<\/h2>\n<p style=\"text-align: center;\" data-path-to-node=\"1\">Con nosotros, recibir\u00e1s tu <b data-path-to-node=\"1\" data-index-in-node=\"27\">clave de activaci\u00f3n 100% original y garantizada<\/b> en tiempo real, con pagos rastreables y una garant\u00eda total de devoluci\u00f3n de dinero. Adem\u00e1s, \u00a1nuestro Soporte T\u00e9cnico est\u00e1 siempre a tu disposici\u00f3n de forma gratuita y en espa\u00f1ol e ingl\u00e9s!<\/p>\n<p data-path-to-node=\"1\">\n<\/blockquote>\n<h3 data-path-to-node=\"2\">PowerPoint 2024: \u00a1Compra el software de presentaciones m\u00e1s potente del mundo y cautiva a tu audiencia!<\/h3>\n<p data-path-to-node=\"3\"><b data-path-to-node=\"3\" data-index-in-node=\"0\">Microsoft PowerPoint 2024<\/b> es la versi\u00f3n independiente m\u00e1s reciente de la herramienta de presentaciones l\u00edder en la industria. Ya seas un estudiante presentando un proyecto, un profesional dando una conferencia o un creador construyendo historias visuales, PowerPoint 2024 ofrece el conjunto m\u00e1s avanzado de herramientas de dise\u00f1o y narraci\u00f3n disponibles. Comprar PowerPoint 2024 como una aplicaci\u00f3n individual es la opci\u00f3n perfecta para aquellos que desean transiciones cinematogr\u00e1ficas de vanguardia y dise\u00f1o asistido por IA sin los costes recurrentes de una suscripci\u00f3n completa.<\/p>\n<h3 data-path-to-node=\"4\">Microsoft PowerPoint 2024: Caracter\u00edsticas y Beneficios<\/h3>\n<p data-path-to-node=\"5\">PowerPoint 2024 est\u00e1 repleto de nuevas funciones dise\u00f1adas para que tus diapositivas sean m\u00e1s din\u00e1micas, accesibles y profesionales:<\/p>\n<ul data-path-to-node=\"6\">\n<li>\n<p data-path-to-node=\"6,0,0\"><b data-path-to-node=\"6,0,0\" data-index-in-node=\"0\">Funci\u00f3n Cameo Integrada:<\/b> Inserta sin problemas la se\u00f1al de tu c\u00e1mara en vivo directamente en tus diapositivas. Aplica las mismas transiciones y estilos a tu c\u00e1mara que a cualquier otro objeto, haciendo que las presentaciones remotas sean mucho m\u00e1s atractivas.<\/p>\n<\/li>\n<li>\n<p data-path-to-node=\"6,1,0\"><b data-path-to-node=\"6,1,0\" data-index-in-node=\"0\">Recording Studio (Estudio de Grabaci\u00f3n):<\/b> Graba toda tu presentaci\u00f3n \u2014incluyendo voz en off, gestos de tinta y tu presencia en video\u2014 y exp\u00f3rtala como un archivo de video de alta calidad para verla bajo demanda.<\/p>\n<\/li>\n<li>\n<p data-path-to-node=\"6,2,0\"><b data-path-to-node=\"6,2,0\" data-index-in-node=\"0\">Dise\u00f1o Modernizado \u00abFluent\u00bb:<\/b> Una interfaz renovada que se alinea perfectamente con Windows 11 y Windows 10, ofreciendo un espacio de trabajo m\u00e1s limpio e intuitivo que te ayuda a concentrarte en tu creatividad.<\/p>\n<\/li>\n<li>\n<p data-path-to-node=\"6,3,0\"><b data-path-to-node=\"6,3,0\" data-index-in-node=\"0\">Soporte Multimedia Avanzado:<\/b> Ahora puedes a\u00f1adir subt\u00edtulos a los archivos de audio y video dentro de tus diapositivas, haciendo que tus presentaciones sean m\u00e1s accesibles para todos y cumplan con los est\u00e1ndares globales.<\/p>\n<\/li>\n<li>\n<p data-path-to-node=\"6,4,0\"><b data-path-to-node=\"6,4,0\" data-index-in-node=\"0\">Colaboraci\u00f3n en Tiempo Real Mejorada:<\/b> Revisar es m\u00e1s f\u00e1cil que nunca con las reacciones de \u00abMe gusta\u00bb para los comentarios y las menciones (@) mejoradas para alertar r\u00e1pidamente a los miembros del equipo.<\/p>\n<\/li>\n<li>\n<p data-path-to-node=\"6,5,0\"><b data-path-to-node=\"6,5,0\" data-index-in-node=\"0\">Integraci\u00f3n M\u00f3vil Fluida:<\/b> Inserta im\u00e1genes directamente desde tu dispositivo m\u00f3vil Android en tus diapositivas sin las complicaciones de las transferencias manuales.<\/p>\n<\/li>\n<li>\n<p data-path-to-node=\"6,6,0\"><b data-path-to-node=\"6,6,0\" data-index-in-node=\"0\">Compatibilidad con ODF 1.4:<\/b> Soporte completo para el formato OpenDocument (ODF) 1.4, asegurando una mejor interoperabilidad de archivos con otros programas de presentaciones.<\/p>\n<\/li>\n<li>\n<p data-path-to-node=\"6,7,0\"><b data-path-to-node=\"6,7,0\" data-index-in-node=\"0\">Rendimiento Optimizado:<\/b> Experimenta tiempos de carga de diapositivas m\u00e1s r\u00e1pidos y una renderizaci\u00f3n de animaciones m\u00e1s fluida, incluso en presentaciones pesadas con medios de alta resoluci\u00f3n.<\/p>\n<\/li>\n<\/ul>\n<h3 data-path-to-node=\"7\">\u00bfPor qu\u00e9 comprar PowerPoint 2024?<\/h3>\n<p data-path-to-node=\"8\">PowerPoint 2024 es m\u00e1s que un creador de diapositivas; es una plataforma completa de narraci\u00f3n. Al elegir <b data-path-to-node=\"8\" data-index-in-node=\"106\">All Good Keys<\/b>, tienes garantizada una compra segura y transparente en un mercado digital de confianza. Obtienes una licencia permanente y perpetua que te pertenece para siempre, ahorrando hasta un 70% en comparaci\u00f3n con los precios tradicionales.<\/p>\n<h3 data-path-to-node=\"9\">Entrega Digital Ecol\u00f3gica<\/h3>\n<p data-path-to-node=\"10\">En <b data-path-to-node=\"10\" data-index-in-node=\"3\">All Good Keys<\/b>, priorizamos el planeta. Nuestro sistema de entrega 100% digital garantiza que tu clave de producto llegue a tu bandeja de entrada al instante, eliminando la necesidad de env\u00edos f\u00edsicos y reduciendo las emisiones de carbono. \u00a1Es m\u00e1s r\u00e1pido para ti y mejor para el planeta!<\/p>\n<h3 data-path-to-node=\"11\">\u00bfQu\u00e9 recibes al comprar una clave de producto de PowerPoint 2024 en All Good Keys?<\/h3>\n<p data-path-to-node=\"12\">Tu compra incluye todo lo necesario para una configuraci\u00f3n sin problemas:<\/p>\n<ul data-path-to-node=\"13\">\n<li>\n<p data-path-to-node=\"13,0,0\"><b data-path-to-node=\"13,0,0\" data-index-in-node=\"0\">Clave de Activaci\u00f3n oficial de PowerPoint 2024<\/b> para una licencia de por vida.<\/p>\n<\/li>\n<li>\n<p data-path-to-node=\"13,1,0\"><b data-path-to-node=\"13,1,0\" data-index-in-node=\"0\">Instrucciones paso a paso<\/b> para descargar y activar el software.<\/p>\n<\/li>\n<li>\n<p data-path-to-node=\"13,2,0\"><b data-path-to-node=\"13,2,0\" data-index-in-node=\"0\">Factura de compra detallada<\/b> para tus registros.<\/p>\n<\/li>\n<li>\n<p data-path-to-node=\"13,3,0\"><b data-path-to-node=\"13,3,0\" data-index-in-node=\"0\">Soporte T\u00e9cnico gratuito<\/b> para ayudarte con cualquier necesidad de instalaci\u00f3n.<\/p>\n<\/li>\n<\/ul>\n<div style=\"text-align: center;\"><\/div>\n<div style=\"text-align: left;\">\n<h3>\u00bfEres un revendedor?<\/h3>\n<p>Si es as\u00ed, cont\u00e1ctanos por correo electr\u00f3nico a\u00a0<a href=\"https:\/\/allgoodkeys.com\/es\/contactenos\/\" target=\"_blank\" rel=\"noopener\"><strong>Support@allgoodkeys.com<\/strong><\/a>\u00a0y te proporcionaremos una oferta personalizada y una lista de precios. \u00a1Trabajemos juntos para satisfacer tus necesidades y las de tus clientes!<\/p>\n<h3>\u00bfInteresado en afiliarte?<\/h3>\n<p>\u00danete a nuestro programa de afiliados y comienza a ganar comisiones promocionando nuestros productos digitales. Con un enlace de seguimiento \u00fanico, podr\u00e1s monetizar tu plataforma y ofrecer valiosos productos a tu audiencia. \u00a1Reg\u00edstrate hoy mismo y descubre todas las oportunidades que tenemos para ti!\u00a0<a href=\"https:\/\/allgoodkeys.com\/es\/afiliarse\/\" target=\"_blank\" rel=\"noopener\"><strong>Visita nuestra p\u00e1gina del programa de afiliados para obtener m\u00e1s informaci\u00f3n.<\/strong><\/a><\/p>\n<p>&nbsp;<\/p>\n<h3>Descubre m\u00e1s productos<\/h3>\n<p><strong><a title=\"Comprar e instalar sistemas operativos Windows\" href=\"https:\/\/allgoodkeys.com\/es\/categoria-producto\/sistema-operativo\/\" target=\"_blank\" rel=\"noopener\">Sistemas operativos Windows<\/a>:\u00a0<a title=\"Comprar e instalar la licencia original de Microsoft Windows 11\" href=\"https:\/\/allgoodkeys.com\/es\/categoria-producto\/sistema-operativo-windows-11\/\" target=\"_blank\" rel=\"noopener\">Windows 11<\/a>\u00a0\u2013\u00a0<a title=\"Comprar e instalar Windows 10 Microsoft Original\" href=\"https:\/\/allgoodkeys.com\/es\/categoria-producto\/sistema-operativo-windows-10\/\" target=\"_blank\" rel=\"noopener\">Windows 10<\/a>\u00a0\u2013\u00a0<a title=\"Comprar e instalar Windows 8 Microsoft Original\" href=\"https:\/\/allgoodkeys.com\/es\/producto\/licencia-windows-8-professional\/\" target=\"_blank\" rel=\"noopener\">Windows 8<\/a><\/strong><br \/>\n<strong><a title=\"Comprar e instalar licencias originales de Microsoft Office Suites\" href=\"https:\/\/allgoodkeys.com\/es\/categoria-producto\/microsoft-office\/\" target=\"_blank\" rel=\"noopener\">Suites de Microsoft Office<\/a>:\u00a0<a href=\"https:\/\/allgoodkeys.com\/es\/categoria-producto\/microsoft-office-2021-es\/\" target=\"_blank\" rel=\"noopener\">Office 2021<\/a>\u00a0\u2013\u00a0<a title=\"Comprar e instalar la licencia original de Microsoft Office 2019\" href=\"https:\/\/allgoodkeys.com\/es\/categoria-producto\/microsoft-office-2019-es\/\" target=\"_blank\" rel=\"noopener\">Office 2019<\/a>\u00a0\u2013\u00a0<a title=\"Comprar e instalar la licencia original de Office 2016\" href=\"https:\/\/allgoodkeys.com\/es\/producto\/licencia-office-2016-professional-plus\/\" target=\"_blank\" rel=\"noopener\">Office 2016<\/a>\u00a0\u2013\u00a0<a title=\"Comprar e instalar Office para Mac Microsoft Original\" href=\"https:\/\/allgoodkeys.com\/es\/categoria-producto\/office-para-mac\/\" target=\"_blank\" rel=\"noopener\">Office para Mac<\/a><\/strong><br \/>\n<strong><a title=\"Comprar e instalar el mejor antivirus\" href=\"https:\/\/allgoodkeys.com\/es\/categoria-producto\/antivirus-y-seguridad\/\" target=\"_blank\" rel=\"noopener\">Antivirus<\/a>:\u00a0<a title=\"Comprar e instalar el antivirus original de Kaspersky\" href=\"https:\/\/allgoodkeys.com\/es\/categoria-producto\/kaspersky-es\/\" target=\"_blank\" rel=\"noopener\">Kaspersky<\/a>\u00a0\u2013\u00a0<a title=\"Comprar e instalar el antivirus original de ESET\" href=\"https:\/\/allgoodkeys.com\/es\/categoria-producto\/eset-es\/\" target=\"_blank\" rel=\"noopener\">ESET<\/a>\u00a0\u2013\u00a0<a title=\"Comprar e instalar el Avast Antivirus original\" href=\"https:\/\/allgoodkeys.com\/es\/categoria-producto\/avast\/\" target=\"_blank\" rel=\"noopener\">Avast<\/a>\u00a0\u2013\u00a0<a href=\"https:\/\/allgoodkeys.com\/es\/categoria-producto\/avg\/\" target=\"_blank\" rel=\"noopener\">AVG<\/a><\/strong><\/p>\n<\/div>\n","protected":false},"excerpt":{"rendered":"<p>[icon name=\"circle-check\" prefix=\"fas\"]\u00a0 DESCARGA DIGITAL INSTANT\u00c1NEA<\/p>\n<p>[icon name=\"circle-check\" prefix=\"fas\"]\u00a0 SOPORTE DE POR VIDA<\/p>\n<p><a href=\"https:\/\/allgoodkeys.com\/es\/garantia-de-trusted-shops\/\" target=\"_blank\" rel=\"noopener\"><img decoding=\"async\" class=\"alignnone wp-image-48998\" src=\"http:\/\/allgoodkeys.com\/wp-content\/uploads\/2021\/02\/trusted-shops-es.png\" alt=\"\" width=\"195\" height=\"55\" srcset=\"https:\/\/allgoodkeys.com\/wp-content\/uploads\/2021\/02\/trusted-shops-es.png 396w, https:\/\/allgoodkeys.com\/wp-content\/uploads\/2021\/02\/trusted-shops-es-300x85.png 300w, https:\/\/allgoodkeys.com\/wp-content\/uploads\/2021\/02\/trusted-shops-es-250x71.png 250w\" sizes=\"(max-width: 195px) 100vw, 195px\" \/><\/a><\/p>\n","protected":false},"featured_media":74166,"comment_status":"open","ping_status":"closed","template":"","meta":[],"product_brand":[],"product_cat":[369,545,375,371],"product_tag":[],"woo-feed-brand":[],"class_list":{"0":"post-74161","1":"product","2":"type-product","3":"status-publish","4":"has-post-thumbnail","6":"product_cat-destacado","7":"product_cat-nuevo","8":"product_cat-productos-de-oficina","9":"product_cat-todos-los-productos","11":"first","12":"instock","13":"virtual","14":"taxable","15":"purchasable","16":"product-type-simple"},"jetpack_sharing_enabled":true,"_links":{"self":[{"href":"https:\/\/allgoodkeys.com\/es\/wp-json\/wp\/v2\/product\/74161","targetHints":{"allow":["GET"]}}],"collection":[{"href":"https:\/\/allgoodkeys.com\/es\/wp-json\/wp\/v2\/product"}],"about":[{"href":"https:\/\/allgoodkeys.com\/es\/wp-json\/wp\/v2\/types\/product"}],"replies":[{"embeddable":true,"href":"https:\/\/allgoodkeys.com\/es\/wp-json\/wp\/v2\/comments?post=74161"}],"wp:featuredmedia":[{"embeddable":true,"href":"https:\/\/allgoodkeys.com\/es\/wp-json\/wp\/v2\/media\/74166"}],"wp:attachment":[{"href":"https:\/\/allgoodkeys.com\/es\/wp-json\/wp\/v2\/media?parent=74161"}],"wp:term":[{"taxonomy":"product_brand","embeddable":true,"href":"https:\/\/allgoodkeys.com\/es\/wp-json\/wp\/v2\/product_brand?post=74161"},{"taxonomy":"product_cat","embeddable":true,"href":"https:\/\/allgoodkeys.com\/es\/wp-json\/wp\/v2\/product_cat?post=74161"},{"taxonomy":"product_tag","embeddable":true,"href":"https:\/\/allgoodkeys.com\/es\/wp-json\/wp\/v2\/product_tag?post=74161"},{"taxonomy":"woo-feed-brand","embeddable":true,"href":"https:\/\/allgoodkeys.com\/es\/wp-json\/wp\/v2\/woo-feed-brand?post=74161"}],"curies":[{"name":"wp","href":"https:\/\/api.w.org\/{rel}","templated":true}]}}