{"id":74156,"date":"2026-02-03T21:58:03","date_gmt":"2026-02-03T21:58:03","guid":{"rendered":"https:\/\/allgoodkeys.com\/?post_type=product&#038;p=74156"},"modified":"2026-04-04T11:52:11","modified_gmt":"2026-04-04T11:52:11","slug":"excel-2024-clave-de-producto","status":"publish","type":"product","link":"https:\/\/allgoodkeys.com\/es\/producto\/excel-2024-clave-de-producto\/","title":{"rendered":"Excel 2024 Clave de producto (PC)"},"content":{"rendered":"<div style=\"text-align: center;\">\n<blockquote>\n<h2 data-path-to-node=\"0\">Compra Excel 2024 al mejor precio en All Good Keys<\/h2>\n<p data-path-to-node=\"1\">Con nosotros, recibir\u00e1s tu <b data-path-to-node=\"1\" data-index-in-node=\"27\">clave de activaci\u00f3n 100% original y garantizada<\/b> en tiempo real, con pagos rastreables y una garant\u00eda total de devoluci\u00f3n de dinero. Adem\u00e1s, \u00a1nuestro Soporte T\u00e9cnico est\u00e1 siempre a tu disposici\u00f3n de forma gratuita y en espa\u00f1ol e ingl\u00e9s!<\/p>\n<\/blockquote>\n<\/div>\n<p>&nbsp;<\/p>\n<h3 data-path-to-node=\"2\">Excel 2024: \u00a1Compra el software de hojas de c\u00e1lculo l\u00edder en el mundo y domina tus datos!<\/h3>\n<p data-path-to-node=\"3\"><b data-path-to-node=\"3\" data-index-in-node=\"0\">Microsoft Excel 2024<\/b> es la versi\u00f3n m\u00e1s reciente de la legendaria herramienta de an\u00e1lisis de datos, esencial para cualquier profesional moderno u oficina en casa. Comprar Excel 2024 como una aplicaci\u00f3n independiente es una decisi\u00f3n inteligente si necesitas todo el poder de las matrices din\u00e1micas, funciones avanzadas y un rendimiento mejorado sin tener que adquirir la suite completa de Office 2024. Es la elecci\u00f3n perfecta para los usuarios que exigen precisi\u00f3n y eficiencia en su gesti\u00f3n de datos.<\/p>\n<h3 data-path-to-node=\"4\">Microsoft Excel 2024: Caracter\u00edsticas y Beneficios<\/h3>\n<p data-path-to-node=\"5\">Excel 2024 introduce herramientas innovadoras que hacen que el an\u00e1lisis y la visualizaci\u00f3n de datos sean m\u00e1s r\u00e1pidos e intuitivos que nunca. Aqu\u00ed est\u00e1n los aspectos m\u00e1s destacados:<\/p>\n<ul data-path-to-node=\"6\">\n<li>\n<p data-path-to-node=\"6,0,0\"><b data-path-to-node=\"6,0,0\" data-index-in-node=\"0\">Interfaz Modernizada:<\/b> Experimenta un aspecto fresco de \u00abDise\u00f1o Fluent\u00bb optimizado para Windows 11 y Windows 10, con iconos m\u00e1s limpios y un espacio de trabajo m\u00e1s organizado.<\/p>\n<\/li>\n<li>\n<p data-path-to-node=\"6,1,0\"><b data-path-to-node=\"6,1,0\" data-index-in-node=\"0\">Gr\u00e1ficos Din\u00e1micos con Matrices Din\u00e1micas:<\/b> Los gr\u00e1ficos ahora se actualizan autom\u00e1ticamente para incluir todos los datos cuando una matriz se recalcula, lo que significa que ya no tendr\u00e1s que ajustar manualmente los rangos de datos para tus visualizaciones.<\/p>\n<\/li>\n<li>\n<p data-path-to-node=\"6,2,0\"><b data-path-to-node=\"6,2,0\" data-index-in-node=\"0\">14 Nuevas Funciones de Texto y Matrices:<\/b> Ahorra horas de trabajo con nuevas funciones dise\u00f1adas para dividir, remodelar y combinar datos sin esfuerzo, reduciendo la necesidad de f\u00f3rmulas anidadas complejas.<\/p>\n<\/li>\n<li>\n<p data-path-to-node=\"6,3,0\"><b data-path-to-node=\"6,3,0\" data-index-in-node=\"0\">Nueva Funci\u00f3n IMAGE:<\/b> Ahora puedes insertar im\u00e1genes directamente en las celdas desde la web o el almacenamiento local. Estas im\u00e1genes permanecen fijas en la celda, permiti\u00e9ndote ordenar, filtrar y cambiar su tama\u00f1o como parte de tu tabla.<\/p>\n<\/li>\n<li>\n<p data-path-to-node=\"6,4,0\"><b data-path-to-node=\"6,4,0\" data-index-in-node=\"0\">Rendimiento Significativamente m\u00e1s R\u00e1pido:<\/b> Excel 2024 est\u00e1 optimizado para la velocidad, especialmente al trabajar con m\u00faltiples libros grandes simult\u00e1neamente, reduciendo los bloqueos y los retrasos en los c\u00e1lculos.<\/p>\n<\/li>\n<li>\n<p data-path-to-node=\"6,5,0\"><b data-path-to-node=\"6,5,0\" data-index-in-node=\"0\">Colaboraci\u00f3n en Tiempo Real Mejorada:<\/b> Comparte tus libros y observa los cambios mientras ocurren. Los indicadores de presencia mejorados y los \u00abMe gusta\u00bb en los comentarios hacen que la coordinaci\u00f3n del equipo sea fluida.<\/p>\n<\/li>\n<li>\n<p data-path-to-node=\"6,6,0\"><b data-path-to-node=\"6,6,0\" data-index-in-node=\"0\">Soporte para ODF 1.4:<\/b> Compatibilidad total con el formato OpenDocument (ODF) 1.4, asegurando que tus datos sean accesibles en diferentes plataformas de hojas de c\u00e1lculo.<\/p>\n<\/li>\n<li>\n<p data-path-to-node=\"6,7,0\"><b data-path-to-node=\"6,7,0\" data-index-in-node=\"0\">Seguridad y Privacidad Avanzadas:<\/b> Disfruta de la tranquilidad con el cifrado de datos mejorado y la instalaci\u00f3n local, d\u00e1ndote un control total sobre tus archivos sin dependencia forzada de la nube.<\/p>\n<\/li>\n<\/ul>\n<h3 data-path-to-node=\"7\">\u00bfPor qu\u00e9 elegir Excel 2024?<\/h3>\n<p data-path-to-node=\"8\">Ya sea que est\u00e9s gestionando un presupuesto corporativo complejo, rastreando un inventario masivo o analizando datos cient\u00edficos, Excel 2024 proporciona el conjunto de herramientas m\u00e1s robusto del mercado. Al elegir <b data-path-to-node=\"8\" data-index-in-node=\"216\">All Good Keys<\/b>, te beneficias de una experiencia de compra segura y con licencia, respaldada por un alto \u00edndice de satisfacci\u00f3n. Puedes ahorrar hasta un 70% en comparaci\u00f3n con los precios oficiales de venta al p\u00fablico, obteniendo exactamente el mismo software profesional.<\/p>\n<p data-path-to-node=\"9\">Cuando compras en All Good Keys, eliges una tienda 100% legal, segura y transparente. Nuestro compromiso con la satisfacci\u00f3n del cliente se refleja en nuestras altas calificaciones y comentarios positivos de los usuarios. Adem\u00e1s, puedes ahorrar significativamente en todo nuestro cat\u00e1logo, desde sistemas operativos Windows hasta software de seguridad integral.<\/p>\n<h3 data-path-to-node=\"10\">\u00bfQu\u00e9 recibes al comprar una clave de producto de Excel 2024 en All Good Keys?<\/h3>\n<p data-path-to-node=\"11\">Al finalizar tu compra, recibir\u00e1s un correo electr\u00f3nico con todo lo necesario para empezar de inmediato:<\/p>\n<ul data-path-to-node=\"12\">\n<li>\n<p data-path-to-node=\"12,0,0\"><b data-path-to-node=\"12,0,0\" data-index-in-node=\"0\">Tu clave de activaci\u00f3n 100% original<\/b> para desbloquear tu licencia de Excel 2024.<\/p>\n<\/li>\n<li>\n<p data-path-to-node=\"12,1,0\"><b data-path-to-node=\"12,1,0\" data-index-in-node=\"0\">Instrucciones claras y precisas<\/b> sobre c\u00f3mo descargar, instalar y activar el software.<\/p>\n<\/li>\n<li>\n<p data-path-to-node=\"12,2,0\"><b data-path-to-node=\"12,2,0\" data-index-in-node=\"0\">Factura de compra<\/b> para tus registros.<\/p>\n<\/li>\n<li>\n<p data-path-to-node=\"12,3,0\"><b data-path-to-node=\"12,3,0\" data-index-in-node=\"0\">Soporte t\u00e9cnico gratuito<\/b> en espa\u00f1ol e ingl\u00e9s.<\/p>\n<\/li>\n<\/ul>\n<div style=\"text-align: center;\"><\/div>\n<div style=\"text-align: left;\">\n<h3>\u00bfEres un revendedor?<\/h3>\n<p>Si es as\u00ed, cont\u00e1ctanos por correo electr\u00f3nico a\u00a0<a href=\"https:\/\/allgoodkeys.com\/es\/contactenos\/\" target=\"_blank\" rel=\"noopener\"><strong>Support@allgoodkeys.com<\/strong><\/a>\u00a0y te proporcionaremos una oferta personalizada y una lista de precios. \u00a1Trabajemos juntos para satisfacer tus necesidades y las de tus clientes!<\/p>\n<h3>\u00bfInteresado en afiliarte?<\/h3>\n<p>\u00danete a nuestro programa de afiliados y comienza a ganar comisiones promocionando nuestros productos digitales. Con un enlace de seguimiento \u00fanico, podr\u00e1s monetizar tu plataforma y ofrecer valiosos productos a tu audiencia. \u00a1Reg\u00edstrate hoy mismo y descubre todas las oportunidades que tenemos para ti!\u00a0<a href=\"https:\/\/allgoodkeys.com\/es\/afiliarse\/\" target=\"_blank\" rel=\"noopener\"><strong>Visita nuestra p\u00e1gina del programa de afiliados para obtener m\u00e1s informaci\u00f3n.<\/strong><\/a><\/p>\n<p>&nbsp;<\/p>\n<h3>Descubre m\u00e1s productos<\/h3>\n<p><strong><a title=\"Comprar e instalar sistemas operativos Windows\" href=\"https:\/\/allgoodkeys.com\/es\/categoria-producto\/sistema-operativo\/\" target=\"_blank\" rel=\"noopener\">Sistemas operativos Windows<\/a>:\u00a0<a title=\"Comprar e instalar la licencia original de Microsoft Windows 11\" href=\"https:\/\/allgoodkeys.com\/es\/categoria-producto\/sistema-operativo-windows-11\/\" target=\"_blank\" rel=\"noopener\">Windows 11<\/a>\u00a0\u2013\u00a0<a title=\"Comprar e instalar Windows 10 Microsoft Original\" href=\"https:\/\/allgoodkeys.com\/es\/categoria-producto\/sistema-operativo-windows-10\/\" target=\"_blank\" rel=\"noopener\">Windows 10<\/a>\u00a0\u2013\u00a0<a title=\"Comprar e instalar Windows 8 Microsoft Original\" href=\"https:\/\/allgoodkeys.com\/es\/producto\/licencia-windows-8-professional\/\" target=\"_blank\" rel=\"noopener\">Windows 8<\/a><\/strong><br \/>\n<strong><a title=\"Comprar e instalar licencias originales de Microsoft Office Suites\" href=\"https:\/\/allgoodkeys.com\/es\/categoria-producto\/microsoft-office\/\" target=\"_blank\" rel=\"noopener\">Suites de Microsoft Office<\/a>:\u00a0<a href=\"https:\/\/allgoodkeys.com\/es\/categoria-producto\/microsoft-office-2021-es\/\" target=\"_blank\" rel=\"noopener\">Office 2021<\/a>\u00a0\u2013\u00a0<a title=\"Comprar e instalar la licencia original de Microsoft Office 2019\" href=\"https:\/\/allgoodkeys.com\/es\/categoria-producto\/microsoft-office-2019-es\/\" target=\"_blank\" rel=\"noopener\">Office 2019<\/a>\u00a0\u2013\u00a0<a title=\"Comprar e instalar la licencia original de Office 2016\" href=\"https:\/\/allgoodkeys.com\/es\/producto\/licencia-office-2016-professional-plus\/\" target=\"_blank\" rel=\"noopener\">Office 2016<\/a>\u00a0\u2013\u00a0<a title=\"Comprar e instalar Office para Mac Microsoft Original\" href=\"https:\/\/allgoodkeys.com\/es\/categoria-producto\/office-para-mac\/\" target=\"_blank\" rel=\"noopener\">Office para Mac<\/a><\/strong><br \/>\n<strong><a title=\"Comprar e instalar el mejor antivirus\" href=\"https:\/\/allgoodkeys.com\/es\/categoria-producto\/antivirus-y-seguridad\/\" target=\"_blank\" rel=\"noopener\">Antivirus<\/a>:\u00a0<a title=\"Comprar e instalar el antivirus original de Kaspersky\" href=\"https:\/\/allgoodkeys.com\/es\/categoria-producto\/kaspersky-es\/\" target=\"_blank\" rel=\"noopener\">Kaspersky<\/a>\u00a0\u2013\u00a0<a title=\"Comprar e instalar el antivirus original de ESET\" href=\"https:\/\/allgoodkeys.com\/es\/categoria-producto\/eset-es\/\" target=\"_blank\" rel=\"noopener\">ESET<\/a>\u00a0\u2013\u00a0<a title=\"Comprar e instalar el Avast Antivirus original\" href=\"https:\/\/allgoodkeys.com\/es\/categoria-producto\/avast\/\" target=\"_blank\" rel=\"noopener\">Avast<\/a>\u00a0\u2013\u00a0<a href=\"https:\/\/allgoodkeys.com\/es\/categoria-producto\/avg\/\" target=\"_blank\" rel=\"noopener\">AVG<\/a><\/strong><\/p>\n<\/div>\n","protected":false},"excerpt":{"rendered":"<p>[icon name=\"circle-check\" prefix=\"fas\"]\u00a0 DESCARGA DIGITAL INSTANT\u00c1NEA<\/p>\n<p>[icon name=\"circle-check\" prefix=\"fas\"]\u00a0 SOPORTE DE POR VIDA<\/p>\n<p><a href=\"https:\/\/allgoodkeys.com\/es\/garantia-de-trusted-shops\/\" target=\"_blank\" rel=\"noopener\"><img decoding=\"async\" class=\"alignnone wp-image-48998\" src=\"http:\/\/allgoodkeys.com\/wp-content\/uploads\/2021\/02\/trusted-shops-es.png\" alt=\"\" width=\"195\" height=\"55\" srcset=\"https:\/\/allgoodkeys.com\/wp-content\/uploads\/2021\/02\/trusted-shops-es.png 396w, https:\/\/allgoodkeys.com\/wp-content\/uploads\/2021\/02\/trusted-shops-es-300x85.png 300w, https:\/\/allgoodkeys.com\/wp-content\/uploads\/2021\/02\/trusted-shops-es-250x71.png 250w\" sizes=\"(max-width: 195px) 100vw, 195px\" \/><\/a><\/p>\n","protected":false},"featured_media":74159,"comment_status":"open","ping_status":"closed","template":"","meta":[],"product_brand":[],"product_cat":[369,545,375,371],"product_tag":[],"woo-feed-brand":[],"class_list":{"0":"post-74156","1":"product","2":"type-product","3":"status-publish","4":"has-post-thumbnail","6":"product_cat-destacado","7":"product_cat-nuevo","8":"product_cat-productos-de-oficina","9":"product_cat-todos-los-productos","11":"first","12":"instock","13":"virtual","14":"taxable","15":"purchasable","16":"product-type-simple"},"jetpack_sharing_enabled":true,"_links":{"self":[{"href":"https:\/\/allgoodkeys.com\/es\/wp-json\/wp\/v2\/product\/74156","targetHints":{"allow":["GET"]}}],"collection":[{"href":"https:\/\/allgoodkeys.com\/es\/wp-json\/wp\/v2\/product"}],"about":[{"href":"https:\/\/allgoodkeys.com\/es\/wp-json\/wp\/v2\/types\/product"}],"replies":[{"embeddable":true,"href":"https:\/\/allgoodkeys.com\/es\/wp-json\/wp\/v2\/comments?post=74156"}],"wp:featuredmedia":[{"embeddable":true,"href":"https:\/\/allgoodkeys.com\/es\/wp-json\/wp\/v2\/media\/74159"}],"wp:attachment":[{"href":"https:\/\/allgoodkeys.com\/es\/wp-json\/wp\/v2\/media?parent=74156"}],"wp:term":[{"taxonomy":"product_brand","embeddable":true,"href":"https:\/\/allgoodkeys.com\/es\/wp-json\/wp\/v2\/product_brand?post=74156"},{"taxonomy":"product_cat","embeddable":true,"href":"https:\/\/allgoodkeys.com\/es\/wp-json\/wp\/v2\/product_cat?post=74156"},{"taxonomy":"product_tag","embeddable":true,"href":"https:\/\/allgoodkeys.com\/es\/wp-json\/wp\/v2\/product_tag?post=74156"},{"taxonomy":"woo-feed-brand","embeddable":true,"href":"https:\/\/allgoodkeys.com\/es\/wp-json\/wp\/v2\/woo-feed-brand?post=74156"}],"curies":[{"name":"wp","href":"https:\/\/api.w.org\/{rel}","templated":true}]}}