{"id":74151,"date":"2026-02-03T20:59:57","date_gmt":"2026-02-03T20:59:57","guid":{"rendered":"https:\/\/allgoodkeys.com\/?post_type=product&#038;p=74151"},"modified":"2026-04-04T11:39:55","modified_gmt":"2026-04-04T11:39:55","slug":"word-2024-clave-de-producto","status":"publish","type":"product","link":"https:\/\/allgoodkeys.com\/es\/producto\/word-2024-clave-de-producto\/","title":{"rendered":"Word 2024 Clave de producto (PC)"},"content":{"rendered":"<div style=\"text-align: center;\">\n<blockquote>\n<h2 data-path-to-node=\"0\">Compra Word 2024 al mejor precio en All Good Keys<\/h2>\n<p data-path-to-node=\"1\">Con nosotros, recibir\u00e1s tu <b data-path-to-node=\"1\" data-index-in-node=\"27\">clave de activaci\u00f3n 100% original y garantizada<\/b> en tiempo real, con pagos rastreables y una garant\u00eda total de devoluci\u00f3n de dinero. Adem\u00e1s, \u00a1nuestro Soporte T\u00e9cnico est\u00e1 siempre a tu disposici\u00f3n de forma gratuita y en espa\u00f1ol e ingl\u00e9s!<\/p>\n<\/blockquote>\n<\/div>\n<p>&nbsp;<\/p>\n<h3 data-path-to-node=\"2\">Word 2024: \u00a1Compra el procesador de textos m\u00e1s popular del mundo y aumenta tu productividad!<\/h3>\n<p data-path-to-node=\"3\"><b data-path-to-node=\"3\" data-index-in-node=\"0\">Microsoft Word 2024<\/b> es la versi\u00f3n m\u00e1s reciente del editor de textos est\u00e1ndar de la industria, una pieza fundamental del ecosistema Microsoft Office. Comprar Word 2024 como una aplicaci\u00f3n independiente es una excelente inversi\u00f3n si deseas aprovechar el formato avanzado, las plantillas profesionales y la integraci\u00f3n fluida en la nube sin comprometerte con la suite completa de Microsoft Office 2024. Esta es la soluci\u00f3n ideal si sabes que no necesitas las otras herramientas especializadas del cat\u00e1logo de la compa\u00f1\u00eda de Redmond.<\/p>\n<h3 data-path-to-node=\"4\">Microsoft Word 2024: Caracter\u00edsticas y Beneficios<\/h3>\n<p data-path-to-node=\"5\">Word es una herramienta vers\u00e1til y potente que permite a los usuarios crear, editar y compartir documentos de calidad profesional. Estas son las principales caracter\u00edsticas y beneficios de Microsoft Word 2024:<\/p>\n<ul data-path-to-node=\"6\">\n<li>\n<p data-path-to-node=\"6,0,0\"><b data-path-to-node=\"6,0,0\" data-index-in-node=\"0\">Interfaz de Usuario Refinada:<\/b> Word 2024 introduce una interfaz moderna y optimizada que se alinea con los \u00faltimos est\u00e1ndares de dise\u00f1o, haciendo que la navegaci\u00f3n sea m\u00e1s fluida y las herramientas m\u00e1s f\u00e1ciles de localizar.<\/p>\n<\/li>\n<li>\n<p data-path-to-node=\"6,1,0\"><b data-path-to-node=\"6,1,0\" data-index-in-node=\"0\">Colaboraci\u00f3n en Tiempo Real Mejorada:<\/b> Trabajad juntos sin esfuerzo. Con Word 2024, varios usuarios pueden editar el mismo documento simult\u00e1neamente, con una sincronizaci\u00f3n m\u00e1s r\u00e1pida e indicadores de presencia mejorados para ver qui\u00e9n est\u00e1 trabajando en cada lugar.<\/p>\n<\/li>\n<li>\n<p data-path-to-node=\"6,2,0\"><b data-path-to-node=\"6,2,0\" data-index-in-node=\"0\">Soporte de Tinta Avanzado:<\/b> Para dispositivos t\u00e1ctiles, Word 2024 ofrece capacidades mejoradas de entintado digital, incluyendo una experiencia de l\u00e1piz m\u00e1s receptiva y una mejor conversi\u00f3n de escritura a mano a texto.<\/p>\n<\/li>\n<li>\n<p data-path-to-node=\"6,3,0\"><b data-path-to-node=\"6,3,0\" data-index-in-node=\"0\">Herramientas de Accesibilidad Mejoradas:<\/b> Nuevas funciones como la cinta del Comprobador de Accesibilidad hacen que sea m\u00e1s f\u00e1cil que nunca garantizar que tus documentos sean legibles y accesibles para todos.<\/p>\n<\/li>\n<li>\n<p data-path-to-node=\"6,4,0\"><b data-path-to-node=\"6,4,0\" data-index-in-node=\"0\">Integraci\u00f3n Fluida con la Nube:<\/b> Guarda tus documentos directamente en OneDrive o SharePoint para acceder a ellos desde cualquier dispositivo, asegurando que tu trabajo est\u00e9 siempre respaldado y actualizado.<\/p>\n<\/li>\n<li>\n<p data-path-to-node=\"6,5,0\"><b data-path-to-node=\"6,5,0\" data-index-in-node=\"0\">Soporte para ODF 1.4:<\/b> Word 2024 a\u00f1ade soporte para el formato OpenDocument (ODF) 1.4, proporcionando una mejor compatibilidad con otras aplicaciones de procesamiento de textos.<\/p>\n<\/li>\n<li>\n<p data-path-to-node=\"6,6,0\"><b data-path-to-node=\"6,6,0\" data-index-in-node=\"0\">Asistencia de Escritura Mejorada por IA:<\/b> Benef\u00edciate de sugerencias gramaticales m\u00e1s inteligentes, mejoras de estilo y consejos de edici\u00f3n seg\u00fan el contexto para pulir tus textos.<\/p>\n<\/li>\n<li>\n<p data-path-to-node=\"6,7,0\"><b data-path-to-node=\"6,7,0\" data-index-in-node=\"0\">Seguridad de Documentos Mejorada:<\/b> Protege la informaci\u00f3n sensible con un cifrado s\u00f3lido, protecci\u00f3n por contrase\u00f1a y gesti\u00f3n avanzada de permisos.<\/p>\n<\/li>\n<li>\n<p data-path-to-node=\"6,8,0\"><b data-path-to-node=\"6,8,0\" data-index-in-node=\"0\">Amplia Biblioteca de Plantillas:<\/b> Accede a una gran variedad de plantillas profesionales para curr\u00edculos, informes, folletos y m\u00e1s, lo que te permite poner en marcha cualquier proyecto al instante.<\/p>\n<\/li>\n<\/ul>\n<h3 data-path-to-node=\"7\">\u00bfPor qu\u00e9 elegir Word 2024?<\/h3>\n<p data-path-to-node=\"8\">Microsoft Word 2024 sigue siendo el est\u00e1ndar de oro para todos, desde estudiantes y escritores creativos hasta ejecutivos de negocios. Ya sea que est\u00e9s redactando un simple memorando, una tesis acad\u00e9mica compleja o un folleto de marketing de alto impacto, Word 2024 te proporciona las herramientas necesarias para ejecutar tu visi\u00f3n con precisi\u00f3n.<\/p>\n<p data-path-to-node=\"9\">Al comprar en <b data-path-to-node=\"9\" data-index-in-node=\"14\">All Good Keys<\/b>, est\u00e1s eligiendo una tienda 100% legal, segura y transparente. Nuestro compromiso con la satisfacci\u00f3n del cliente se refleja en nuestras altas calificaciones y en los comentarios positivos de los usuarios. Adem\u00e1s, puedes ahorrar significativamente en todo nuestro cat\u00e1logo, desde sistemas operativos Windows hasta software de seguridad integral.<\/p>\n<h3 data-path-to-node=\"10\">Descarga Word 2024 y Apoya al Medio Ambiente<\/h3>\n<p data-path-to-node=\"11\">Al comprar Word 2024 en <b data-path-to-node=\"11\" data-index-in-node=\"24\">All Good Keys<\/b>, est\u00e1s apoyando un modelo de entrega digital respetuoso con el medio ambiente. Estamos comprometidos con la reducci\u00f3n de contaminantes y residuos de embalaje. Cada pedido se entrega por correo electr\u00f3nico en tiempo real, eliminando la huella de carbono del env\u00edo f\u00edsico y trasladando esos ahorros directamente a ti.<\/p>\n<h3 data-path-to-node=\"12\">\u00bfQu\u00e9 recibes al comprar una clave de producto de Word 2024 en All Good Keys?<\/h3>\n<p data-path-to-node=\"13\">Al finalizar tu compra, recibir\u00e1s un correo electr\u00f3nico que contiene todo lo necesario para empezar de inmediato:<\/p>\n<ul data-path-to-node=\"14\">\n<li>\n<p data-path-to-node=\"14,0,0\"><b data-path-to-node=\"14,0,0\" data-index-in-node=\"0\">Tu clave de activaci\u00f3n 100% original<\/b> para desbloquear tu licencia de Word 2024.<\/p>\n<\/li>\n<li>\n<p data-path-to-node=\"14,1,0\"><b data-path-to-node=\"14,1,0\" data-index-in-node=\"0\">Instrucciones claras y precisas<\/b> sobre c\u00f3mo descargar, instalar y activar el software.<\/p>\n<\/li>\n<li>\n<p data-path-to-node=\"14,2,0\"><b data-path-to-node=\"14,2,0\" data-index-in-node=\"0\">Factura de compra<\/b> para tus registros.<\/p>\n<\/li>\n<li>\n<p data-path-to-node=\"14,3,0\"><b data-path-to-node=\"14,3,0\" data-index-in-node=\"0\">Soporte t\u00e9cnico gratuito<\/b> en espa\u00f1ol e ingl\u00e9s.<\/p>\n<\/li>\n<\/ul>\n<div style=\"text-align: center;\"><\/div>\n<div style=\"text-align: left;\">\n<h3>\u00bfEres un revendedor?<\/h3>\n<p>Si es as\u00ed, cont\u00e1ctanos por correo electr\u00f3nico a\u00a0<a href=\"https:\/\/allgoodkeys.com\/es\/contactenos\/\" target=\"_blank\" rel=\"noopener\"><strong>Support@allgoodkeys.com<\/strong><\/a>\u00a0y te proporcionaremos una oferta personalizada y una lista de precios. \u00a1Trabajemos juntos para satisfacer tus necesidades y las de tus clientes!<\/p>\n<h3>\u00bfInteresado en afiliarte?<\/h3>\n<p>\u00danete a nuestro programa de afiliados y comienza a ganar comisiones promocionando nuestros productos digitales. Con un enlace de seguimiento \u00fanico, podr\u00e1s monetizar tu plataforma y ofrecer valiosos productos a tu audiencia. \u00a1Reg\u00edstrate hoy mismo y descubre todas las oportunidades que tenemos para ti!\u00a0<a href=\"https:\/\/allgoodkeys.com\/es\/afiliarse\/\" target=\"_blank\" rel=\"noopener\"><strong>Visita nuestra p\u00e1gina del programa de afiliados para obtener m\u00e1s informaci\u00f3n.<\/strong><\/a><\/p>\n<p>&nbsp;<\/p>\n<h3>Descubre m\u00e1s productos<\/h3>\n<p><strong><a title=\"Comprar e instalar sistemas operativos Windows\" href=\"https:\/\/allgoodkeys.com\/es\/categoria-producto\/sistema-operativo\/\" target=\"_blank\" rel=\"noopener\">Sistemas operativos Windows<\/a>:\u00a0<a title=\"Comprar e instalar la licencia original de Microsoft Windows 11\" href=\"https:\/\/allgoodkeys.com\/es\/categoria-producto\/sistema-operativo-windows-11\/\" target=\"_blank\" rel=\"noopener\">Windows 11<\/a>\u00a0\u2013\u00a0<a title=\"Comprar e instalar Windows 10 Microsoft Original\" href=\"https:\/\/allgoodkeys.com\/es\/categoria-producto\/sistema-operativo-windows-10\/\" target=\"_blank\" rel=\"noopener\">Windows 10<\/a>\u00a0\u2013\u00a0<a title=\"Comprar e instalar Windows 8 Microsoft Original\" href=\"https:\/\/allgoodkeys.com\/es\/producto\/licencia-windows-8-professional\/\" target=\"_blank\" rel=\"noopener\">Windows 8<\/a><\/strong><br \/>\n<strong><a title=\"Comprar e instalar licencias originales de Microsoft Office Suites\" href=\"https:\/\/allgoodkeys.com\/es\/categoria-producto\/microsoft-office\/\" target=\"_blank\" rel=\"noopener\">Suites de Microsoft Office<\/a>:\u00a0<a href=\"https:\/\/allgoodkeys.com\/es\/categoria-producto\/microsoft-office-2021-es\/\" target=\"_blank\" rel=\"noopener\">Office 2021<\/a>\u00a0\u2013\u00a0<a title=\"Comprar e instalar la licencia original de Microsoft Office 2019\" href=\"https:\/\/allgoodkeys.com\/es\/categoria-producto\/microsoft-office-2019-es\/\" target=\"_blank\" rel=\"noopener\">Office 2019<\/a>\u00a0\u2013\u00a0<a title=\"Comprar e instalar la licencia original de Office 2016\" href=\"https:\/\/allgoodkeys.com\/es\/producto\/licencia-office-2016-professional-plus\/\" target=\"_blank\" rel=\"noopener\">Office 2016<\/a>\u00a0\u2013\u00a0<a title=\"Comprar e instalar Office para Mac Microsoft Original\" href=\"https:\/\/allgoodkeys.com\/es\/categoria-producto\/office-para-mac\/\" target=\"_blank\" rel=\"noopener\">Office para Mac<\/a><\/strong><br \/>\n<strong><a title=\"Comprar e instalar el mejor antivirus\" href=\"https:\/\/allgoodkeys.com\/es\/categoria-producto\/antivirus-y-seguridad\/\" target=\"_blank\" rel=\"noopener\">Antivirus<\/a>:\u00a0<a title=\"Comprar e instalar el antivirus original de Kaspersky\" href=\"https:\/\/allgoodkeys.com\/es\/categoria-producto\/kaspersky-es\/\" target=\"_blank\" rel=\"noopener\">Kaspersky<\/a>\u00a0\u2013\u00a0<a title=\"Comprar e instalar el antivirus original de ESET\" href=\"https:\/\/allgoodkeys.com\/es\/categoria-producto\/eset-es\/\" target=\"_blank\" rel=\"noopener\">ESET<\/a>\u00a0\u2013\u00a0<a title=\"Comprar e instalar el Avast Antivirus original\" href=\"https:\/\/allgoodkeys.com\/es\/categoria-producto\/avast\/\" target=\"_blank\" rel=\"noopener\">Avast<\/a>\u00a0\u2013\u00a0<a href=\"https:\/\/allgoodkeys.com\/es\/categoria-producto\/avg\/\" target=\"_blank\" rel=\"noopener\">AVG<\/a><\/strong><\/p>\n<\/div>\n","protected":false},"excerpt":{"rendered":"<p>[icon name=\"circle-check\" prefix=\"fas\"]\u00a0 DESCARGA DIGITAL INSTANT\u00c1NEA<\/p>\n<p>[icon name=\"circle-check\" prefix=\"fas\"]\u00a0 SOPORTE DE POR VIDA<\/p>\n<p><a href=\"https:\/\/allgoodkeys.com\/es\/garantia-de-trusted-shops\/\" target=\"_blank\" rel=\"noopener\"><img decoding=\"async\" class=\"alignnone wp-image-48998\" src=\"http:\/\/allgoodkeys.com\/wp-content\/uploads\/2021\/02\/trusted-shops-es.png\" alt=\"\" width=\"195\" height=\"55\" srcset=\"https:\/\/allgoodkeys.com\/wp-content\/uploads\/2021\/02\/trusted-shops-es.png 396w, https:\/\/allgoodkeys.com\/wp-content\/uploads\/2021\/02\/trusted-shops-es-300x85.png 300w, https:\/\/allgoodkeys.com\/wp-content\/uploads\/2021\/02\/trusted-shops-es-250x71.png 250w\" sizes=\"(max-width: 195px) 100vw, 195px\" \/><\/a><\/p>\n","protected":false},"featured_media":74154,"comment_status":"open","ping_status":"closed","template":"","meta":[],"product_brand":[],"product_cat":[369,545,375,371],"product_tag":[],"woo-feed-brand":[],"class_list":{"0":"post-74151","1":"product","2":"type-product","3":"status-publish","4":"has-post-thumbnail","6":"product_cat-destacado","7":"product_cat-nuevo","8":"product_cat-productos-de-oficina","9":"product_cat-todos-los-productos","11":"first","12":"instock","13":"virtual","14":"taxable","15":"purchasable","16":"product-type-simple"},"jetpack_sharing_enabled":true,"_links":{"self":[{"href":"https:\/\/allgoodkeys.com\/es\/wp-json\/wp\/v2\/product\/74151","targetHints":{"allow":["GET"]}}],"collection":[{"href":"https:\/\/allgoodkeys.com\/es\/wp-json\/wp\/v2\/product"}],"about":[{"href":"https:\/\/allgoodkeys.com\/es\/wp-json\/wp\/v2\/types\/product"}],"replies":[{"embeddable":true,"href":"https:\/\/allgoodkeys.com\/es\/wp-json\/wp\/v2\/comments?post=74151"}],"wp:featuredmedia":[{"embeddable":true,"href":"https:\/\/allgoodkeys.com\/es\/wp-json\/wp\/v2\/media\/74154"}],"wp:attachment":[{"href":"https:\/\/allgoodkeys.com\/es\/wp-json\/wp\/v2\/media?parent=74151"}],"wp:term":[{"taxonomy":"product_brand","embeddable":true,"href":"https:\/\/allgoodkeys.com\/es\/wp-json\/wp\/v2\/product_brand?post=74151"},{"taxonomy":"product_cat","embeddable":true,"href":"https:\/\/allgoodkeys.com\/es\/wp-json\/wp\/v2\/product_cat?post=74151"},{"taxonomy":"product_tag","embeddable":true,"href":"https:\/\/allgoodkeys.com\/es\/wp-json\/wp\/v2\/product_tag?post=74151"},{"taxonomy":"woo-feed-brand","embeddable":true,"href":"https:\/\/allgoodkeys.com\/es\/wp-json\/wp\/v2\/woo-feed-brand?post=74151"}],"curies":[{"name":"wp","href":"https:\/\/api.w.org\/{rel}","templated":true}]}}