{"id":72077,"date":"2025-10-12T20:46:02","date_gmt":"2025-10-12T20:46:02","guid":{"rendered":"https:\/\/allgoodkeys.com\/?post_type=product&#038;p=72077"},"modified":"2025-10-12T21:07:49","modified_gmt":"2025-10-12T21:07:49","slug":"sql-server-2025-standard-licencia","status":"publish","type":"product","link":"https:\/\/allgoodkeys.com\/es\/producto\/sql-server-2025-standard-licencia\/","title":{"rendered":"SQL Server 2025 Standard licencia &#8211; 1 Usuario"},"content":{"rendered":"<div class=\"indexes__StyledProductDescription-sc-1vts47h-120 kIwkcy\" data-locator=\"product-description\">\n<blockquote><p><strong>\u00a1Compra tu licencia Microsoft SQL Server 2025 Standard en el cat\u00e1logo de All Good Keys y obt\u00e9n tu licencia garantizada al 100% con entrega digital instant\u00e1nea! Los pagos seguros y una garant\u00eda completa de devoluci\u00f3n de dinero son solo algunos de los beneficios de nuestra tienda, que tambi\u00e9n ofrece un servicio gratuito de atenci\u00f3n al cliente.<\/strong><\/p><\/blockquote>\n<\/div>\n<p>&nbsp;<\/p>\n<h3 data-start=\"247\" data-end=\"315\"><strong data-start=\"251\" data-end=\"315\">Microsoft SQL Server 2025 Standard Licencia para 1 Usuario<\/strong><\/h3>\n<p data-start=\"317\" data-end=\"676\">Desbloquea todo el potencial de tus datos con SQL Server 2025 Standard licencia , la plataforma de base de datos m\u00e1s inteligente, segura y moderna dise\u00f1ada para las necesidades actuales de las empresas. Tanto si trabajas con datos estructurados como no estructurados, SQL Server 2025 ofrece integraci\u00f3n fluida, an\u00e1lisis avanzados y un rendimiento l\u00edder en su clase.<\/p>\n<p>&nbsp;<\/p>\n<h4 data-start=\"683\" data-end=\"729\"><strong data-start=\"688\" data-end=\"729\">Gesti\u00f3n Avanzada de Datos y Seguridad<\/strong><\/h4>\n<p data-start=\"731\" data-end=\"1425\">\u2714 <strong data-start=\"733\" data-end=\"769\">Integraci\u00f3n perfecta con la nube<\/strong> \u2013 Extiende tus operaciones con funciones habilitadas para Azure, como copias de seguridad autom\u00e1ticas, escalabilidad flexible y an\u00e1lisis en tiempo real.<br data-start=\"922\" data-end=\"925\" \/>\u2714 <strong data-start=\"927\" data-end=\"967\">Tecnolog\u00eda Always Encrypted mejorada<\/strong> \u2013 Protege los datos sensibles con cifrado de extremo a extremo, permitiendo c\u00e1lculos complejos sin comprometer la privacidad.<br data-start=\"1093\" data-end=\"1096\" \/>\u2714 <strong data-start=\"1098\" data-end=\"1130\">Alta disponibilidad avanzada<\/strong> \u2013 Minimiza el tiempo de inactividad con recuperaci\u00f3n acelerada de bases de datos y cl\u00fasteres de conmutaci\u00f3n por error.<br data-start=\"1249\" data-end=\"1252\" \/>\u2714 <strong data-start=\"1254\" data-end=\"1296\">Procesamiento inteligente de consultas<\/strong> \u2013 Optimiza el rendimiento autom\u00e1ticamente con correcci\u00f3n de planes y procesamiento paralelo para obtener resultados m\u00e1s r\u00e1pidos.<\/p>\n<p>&nbsp;<\/p>\n<h4 data-start=\"1432\" data-end=\"1474\"><strong data-start=\"1437\" data-end=\"1474\">Big Data y Mejoras de Rendimiento<\/strong><\/h4>\n<p data-start=\"1476\" data-end=\"2163\">\u2714 <strong data-start=\"1478\" data-end=\"1524\">Consultas entre m\u00faltiples fuentes de datos<\/strong> \u2013 Elimina silos de informaci\u00f3n accediendo a datos estructurados, semiestructurados y no estructurados desde una sola interfaz.<br data-start=\"1651\" data-end=\"1654\" \/>\u2714 <strong data-start=\"1656\" data-end=\"1690\">Optimizaci\u00f3n potenciada por IA<\/strong> \u2013 SQL Server 2025 Standard incorpora an\u00e1lisis mejorados y automatizaci\u00f3n basada en inteligencia artificial para optimizar tus cargas de trabajo.<br data-start=\"1835\" data-end=\"1838\" \/>\u2714 <strong data-start=\"1840\" data-end=\"1871\">Capacidades T-SQL ampliadas<\/strong> \u2013 Ejecuta consultas m\u00e1s complejas con nuevas funciones de base de datos de grafos, soporte JSON mejorado y modelos de datos flexibles.<br data-start=\"2006\" data-end=\"2009\" \/>\u2714 <strong data-start=\"2011\" data-end=\"2039\">Integraci\u00f3n con Power BI<\/strong> \u2013 Conecta f\u00e1cilmente con Power BI para an\u00e1lisis visuales avanzados y herramientas de inteligencia empresarial autoservicio.<\/p>\n<p data-start=\"1476\" data-end=\"2163\">\n<h4 data-start=\"2170\" data-end=\"2219\"><strong data-start=\"2175\" data-end=\"2219\">M\u00e1ximo Rendimiento en Azure y Localmente<\/strong><\/h4>\n<p data-start=\"2221\" data-end=\"2504\">SQL Server 2025 Standard ofrece el mejor equilibrio entre rendimiento y costo en Azure, permitiendo escalar f\u00e1cilmente sin sacrificar seguridad ni cumplimiento. Implementa tus cargas de trabajo de SQL Server en la nube o en tus servidores locales con total flexibilidad y eficiencia.<\/p>\n<p>&nbsp;<\/p>\n<p><strong data-start=\"2511\" data-end=\"2571\">Obt\u00e9n SQL Server 2025 Standard (Licencia para 1 Usuario)<\/strong> hoy mismo y lleva tus capacidades de datos al siguiente nivel con seguridad, rendimiento y escalabilidad incomparables.<\/p>\n<p>&nbsp;<\/p>\n<div class=\"indexes__StyledProductDescription-sc-1vts47h-120 kIwkcy\" data-locator=\"product-description\">\n<h4>\u00bfQu\u00e9 licencias Microsoft SQL Server 2019 Standard est\u00e1n disponibles en All Good Keys?<\/h4>\n<p>El cat\u00e1logo de All Good Keys solo est\u00e1 cubierto por<strong> licencias perpetuas<\/strong>. Al comprar\u00a0<strong>SQL Server 2025 Standard licencia<\/strong>, no tendr\u00e1s ninguna fecha de caducidad para tus licencias, ya que no estar\u00e1n vinculadas a un solo conjunto de hardware. Si necesitas reinstalar o restaurar tu asiento, simplemente reutiliza tus credenciales. \u00a1Ninguna licencia adicional que comprar, un gran beneficio para tu presupuesto!<\/p>\n<p>&nbsp;<\/p>\n<\/div>\n<h4>Requisitos del sistema:<\/h4>\n<p><strong>Sistema operativo:<\/strong> Windows 10, Windows 7, Windows 7 Service Pack 1, Windows 8, Windows 8.1, Windows Server 2008 R2, Windows Server 2008 R2 SP1, Windows Server 2012, Windows Server 2012 R2, Windows Server 2019 Standard\/Datacenter <strong>Procesador:<\/strong> x64 (AMD Opteron, AMD Athlon 64, Intel Xeon con soporte Intel EM64T, Intel Pentium IV con soporte EM64T)<\/p>\n<p><strong> RAM:<\/strong> Al menos 1GB (se recomiendan 4GB)<\/p>\n<p><strong> Almacenamiento:<\/strong> Al menos 6GB<\/p>\n<p>&nbsp;<\/p>\n<h3>\u00bfEres un revendedor?<\/h3>\n<p>Si es as\u00ed, cont\u00e1ctanos por correo electr\u00f3nico a\u00a0<a href=\"https:\/\/allgoodkeys.com\/es\/contactenos\/\" target=\"_blank\" rel=\"noopener\"><strong>Support@allgoodkeys.com<\/strong><\/a>\u00a0y te proporcionaremos una oferta personalizada y una lista de precios. \u00a1Trabajemos juntos para satisfacer tus necesidades y las de tus clientes!<\/p>\n<h3>\u00bfInteresado en afiliarte?<\/h3>\n<p>\u00danete a nuestro programa de afiliados y comienza a ganar comisiones promocionando nuestros productos digitales. Con un enlace de seguimiento \u00fanico, podr\u00e1s monetizar tu plataforma y ofrecer valiosos productos a tu audiencia. \u00a1Reg\u00edstrate hoy mismo y descubre todas las oportunidades que tenemos para ti!\u00a0<a href=\"https:\/\/allgoodkeys.com\/es\/afiliarse\/\" target=\"_blank\" rel=\"noopener\"><strong>Visita nuestra p\u00e1gina del programa de afiliados para obtener m\u00e1s informaci\u00f3n.<\/strong><\/a><\/p>\n<p>&nbsp;<\/p>\n<h3>Descubre m\u00e1s productos<\/h3>\n<p><strong><a title=\"Comprar e instalar sistemas operativos Windows\" href=\"https:\/\/allgoodkeys.com\/es\/categoria-producto\/sistema-operativo\/\" target=\"_blank\" rel=\"noopener\">Sistemas operativos Windows<\/a>:\u00a0<a title=\"Comprar e instalar la licencia original de Microsoft Windows 11\" href=\"https:\/\/allgoodkeys.com\/es\/categoria-producto\/sistema-operativo-windows-11\/\" target=\"_blank\" rel=\"noopener\">Windows 11<\/a>\u00a0\u2013\u00a0<a title=\"Comprar e instalar Windows 10 Microsoft Original\" href=\"https:\/\/allgoodkeys.com\/es\/categoria-producto\/sistema-operativo-windows-10\/\" target=\"_blank\" rel=\"noopener\">Windows 10<\/a>\u00a0\u2013\u00a0<a title=\"Comprar e instalar Windows 8 Microsoft Original\" href=\"https:\/\/allgoodkeys.com\/es\/producto\/licencia-windows-8-professional\/\" target=\"_blank\" rel=\"noopener\">Windows 8<\/a><\/strong><br \/>\n<strong><a title=\"Comprar e instalar licencias originales de Microsoft Office Suites\" href=\"https:\/\/allgoodkeys.com\/es\/categoria-producto\/microsoft-office\/\" target=\"_blank\" rel=\"noopener\">Suites de Microsoft Office<\/a>:\u00a0<a href=\"https:\/\/allgoodkeys.com\/es\/categoria-producto\/microsoft-office-2021-es\/\" target=\"_blank\" rel=\"noopener\">Office 2021<\/a>\u00a0\u2013\u00a0<a title=\"Comprar e instalar la licencia original de Microsoft Office 2019\" href=\"https:\/\/allgoodkeys.com\/es\/categoria-producto\/microsoft-office-2019-es\/\" target=\"_blank\" rel=\"noopener\">Office 2019<\/a>\u00a0\u2013\u00a0<a title=\"Comprar e instalar la licencia original de Office 2016\" href=\"https:\/\/allgoodkeys.com\/es\/producto\/licencia-office-2016-professional-plus\/\" target=\"_blank\" rel=\"noopener\">Office 2016<\/a>\u00a0\u2013\u00a0<a title=\"Comprar e instalar Office para Mac Microsoft Original\" href=\"https:\/\/allgoodkeys.com\/es\/categoria-producto\/office-para-mac\/\" target=\"_blank\" rel=\"noopener\">Office para Mac<\/a><\/strong><\/p>\n","protected":false},"excerpt":{"rendered":"<p>[icon name=\"circle-check\" prefix=\"fas\"]\u00a0 DESCARGA DIGITAL INSTANT\u00c1NEA<\/p>\n<p>[icon name=\"circle-check\" prefix=\"fas\"]\u00a0 SOPORTE DE POR VIDA<\/p>\n","protected":false},"featured_media":72081,"comment_status":"open","ping_status":"closed","template":"","meta":{"rank_math_title":"%title% %page% %sep%","rank_math_description":"Adquiera su Microsoft SQL Server 2025 Standard a un precio asequible. Entrega instant\u00e1nea y activaci\u00f3n r\u00e1pida. \u00a1Consiga su Clave de Microsoft SQL Server 2025 Standard en AllGoodKeys!\n","rank_math_focus_keyword":"SQL Server 2025 Standard licencia,SQL Server 2025 Standard"},"product_brand":[],"product_cat":[545,378,371],"product_tag":[],"woo-feed-brand":[],"class_list":{"0":"post-72077","1":"product","2":"type-product","3":"status-publish","4":"has-post-thumbnail","6":"product_cat-nuevo","7":"product_cat-servidores-windows","8":"product_cat-todos-los-productos","10":"first","11":"instock","12":"virtual","13":"taxable","14":"purchasable","15":"product-type-simple"},"jetpack_sharing_enabled":true,"_links":{"self":[{"href":"https:\/\/allgoodkeys.com\/es\/wp-json\/wp\/v2\/product\/72077","targetHints":{"allow":["GET"]}}],"collection":[{"href":"https:\/\/allgoodkeys.com\/es\/wp-json\/wp\/v2\/product"}],"about":[{"href":"https:\/\/allgoodkeys.com\/es\/wp-json\/wp\/v2\/types\/product"}],"replies":[{"embeddable":true,"href":"https:\/\/allgoodkeys.com\/es\/wp-json\/wp\/v2\/comments?post=72077"}],"wp:featuredmedia":[{"embeddable":true,"href":"https:\/\/allgoodkeys.com\/es\/wp-json\/wp\/v2\/media\/72081"}],"wp:attachment":[{"href":"https:\/\/allgoodkeys.com\/es\/wp-json\/wp\/v2\/media?parent=72077"}],"wp:term":[{"taxonomy":"product_brand","embeddable":true,"href":"https:\/\/allgoodkeys.com\/es\/wp-json\/wp\/v2\/product_brand?post=72077"},{"taxonomy":"product_cat","embeddable":true,"href":"https:\/\/allgoodkeys.com\/es\/wp-json\/wp\/v2\/product_cat?post=72077"},{"taxonomy":"product_tag","embeddable":true,"href":"https:\/\/allgoodkeys.com\/es\/wp-json\/wp\/v2\/product_tag?post=72077"},{"taxonomy":"woo-feed-brand","embeddable":true,"href":"https:\/\/allgoodkeys.com\/es\/wp-json\/wp\/v2\/woo-feed-brand?post=72077"}],"curies":[{"name":"wp","href":"https:\/\/api.w.org\/{rel}","templated":true}]}}