{"id":64612,"date":"2025-04-04T15:34:44","date_gmt":"2025-04-04T15:34:44","guid":{"rendered":"https:\/\/allgoodkeys.com\/?post_type=product&#038;p=64612"},"modified":"2026-02-06T18:06:31","modified_gmt":"2026-02-06T18:06:31","slug":"sql-server-2022-standard","status":"publish","type":"product","link":"https:\/\/allgoodkeys.com\/es\/producto\/sql-server-2022-standard\/","title":{"rendered":"SQL Server 2022 Standard licencia"},"content":{"rendered":"<div class=\"indexes__StyledProductDescription-sc-1vts47h-120 kIwkcy\" data-locator=\"product-description\">\n<blockquote><p><strong>\u00a1Compra tu licencia Microsoft SQL Server 2022 Standard en el cat\u00e1logo de All Good Keys y obt\u00e9n tu licencia garantizada al 100% con entrega digital instant\u00e1nea! Los pagos seguros y una garant\u00eda completa de devoluci\u00f3n de dinero son solo algunos de los beneficios de nuestra tienda, que tambi\u00e9n ofrece un servicio gratuito de atenci\u00f3n al cliente.<\/strong><\/p><\/blockquote>\n<\/div>\n<p>&nbsp;<\/p>\n<h3 data-start=\"221\" data-end=\"289\"><strong data-start=\"225\" data-end=\"289\">Microsoft SQL Server 2022 Standard \u2013 Licencia para 1 Usuario<\/strong><\/h3>\n<p data-start=\"291\" data-end=\"631\">Desbloquea todo el potencial de tus datos con <strong data-start=\"337\" data-end=\"365\">SQL Server 2022 Standard<\/strong>, la plataforma de base de datos m\u00e1s inteligente, segura y moderna dise\u00f1ada para las empresas actuales. Ya sea que trabajes con datos estructurados o no estructurados, SQL Server 2022 ofrece integraci\u00f3n fluida, an\u00e1lisis avanzados y un rendimiento l\u00edder en el sector.<\/p>\n<p>&nbsp;<\/p>\n<h4 data-start=\"638\" data-end=\"684\"><strong data-start=\"643\" data-end=\"684\">Gesti\u00f3n Avanzada de Datos y Seguridad<\/strong><\/h4>\n<p data-start=\"686\" data-end=\"1364\">&#x2714; <strong data-start=\"688\" data-end=\"724\">Integraci\u00f3n perfecta con la nube<\/strong> \u2013 Extiende tus operaciones con funciones habilitadas para Azure, como copias de seguridad autom\u00e1ticas, escalabilidad flexible y an\u00e1lisis en tiempo real.<br data-start=\"877\" data-end=\"880\" \/>&#x2714; <strong data-start=\"882\" data-end=\"913\">Tecnolog\u00eda Always Encrypted<\/strong> \u2013 Protege los datos sensibles con cifrado de extremo a extremo, permitiendo c\u00e1lculos complejos sin comprometer la privacidad.<br data-start=\"1039\" data-end=\"1042\" \/>&#x2714; <strong data-start=\"1044\" data-end=\"1076\">Alta disponibilidad avanzada<\/strong> \u2013 Minimiza el tiempo de inactividad con recuperaci\u00f3n acelerada de bases de datos y cl\u00fasteres de conmutaci\u00f3n por error.<br data-start=\"1195\" data-end=\"1198\" \/>&#x2714; <strong data-start=\"1200\" data-end=\"1242\">Procesamiento inteligente de consultas<\/strong> \u2013 Mejora el rendimiento con correcci\u00f3n autom\u00e1tica de planes y procesamiento paralelo para obtener resultados m\u00e1s r\u00e1pidos.<\/p>\n<p>&nbsp;<\/p>\n<h4 data-start=\"1371\" data-end=\"1413\"><strong data-start=\"1376\" data-end=\"1413\">Big Data y Mejoras de Rendimiento<\/strong><\/h4>\n<p data-start=\"1415\" data-end=\"2097\">&#x2714; <strong data-start=\"1417\" data-end=\"1463\">Consultas entre m\u00faltiples fuentes de datos<\/strong> \u2013 Elimina los silos de informaci\u00f3n accediendo a datos estructurados, semiestructurados y no estructurados desde una sola interfaz.<br data-start=\"1594\" data-end=\"1597\" \/>&#x2714; <strong data-start=\"1599\" data-end=\"1632\">Optimizaci\u00f3n impulsada por IA<\/strong> \u2013 SQL Server 2022 Standard incorpora an\u00e1lisis mejorados y automatizaci\u00f3n basada en inteligencia artificial para optimizar tus cargas de trabajo.<br data-start=\"1777\" data-end=\"1780\" \/>&#x2714; <strong data-start=\"1782\" data-end=\"1813\">Capacidades T-SQL mejoradas<\/strong> \u2013 Ejecuta consultas m\u00e1s complejas con soporte ampliado para bases de datos de grafos y JSON para un modelado de datos m\u00e1s eficiente.<br data-start=\"1946\" data-end=\"1949\" \/>&#x2714; <strong data-start=\"1951\" data-end=\"1979\">Integraci\u00f3n con Power BI<\/strong> \u2013 Permite an\u00e1lisis visuales avanzados y BI autoservicio con Power BI Report Server (incluido con Software Assurance).<\/p>\n<p>&nbsp;<\/p>\n<h4 data-start=\"2104\" data-end=\"2153\"><strong data-start=\"2109\" data-end=\"2153\">M\u00e1ximo Rendimiento en Azure y Localmente<\/strong><\/h4>\n<p data-start=\"2155\" data-end=\"2440\">SQL Server 2022 Standard ofrece el mejor rendimiento-precio en Azure, permitiendo escalar sin esfuerzo mientras mantienes seguridad y cumplimiento de nivel empresarial. Implementa tus cargas de trabajo de SQL Server en la nube o en tu entorno local con total flexibilidad y eficiencia.<\/p>\n<p data-start=\"2155\" data-end=\"2440\"><strong data-start=\"2447\" data-end=\"2507\">Obt\u00e9n SQL Server 2022 Standard (Licencia para 1 Usuario)<\/strong> hoy mismo y eleva tus capacidades de datos con seguridad, rendimiento y escalabilidad incomparables.<\/p>\n<div class=\"indexes__StyledProductDescription-sc-1vts47h-120 kIwkcy\" data-locator=\"product-description\">\n<h4>\u00bfQu\u00e9 licencias Microsoft SQL Server 2019 Standard est\u00e1n disponibles en All Good Keys?<\/h4>\n<p>El cat\u00e1logo de All Good Keys solo est\u00e1 cubierto por<strong> licencias perpetuas<\/strong>. Al comprar <strong>Microsoft SQL Server 2019 Standard <\/strong>, no tendr\u00e1s ninguna fecha de caducidad para tus licencias, ya que no estar\u00e1n vinculadas a un solo conjunto de hardware. Si necesitas reinstalar o restaurar tu asiento, simplemente reutiliza tus credenciales. \u00a1Ninguna licencia adicional que comprar, un gran beneficio para tu presupuesto!<\/p>\n<p>&nbsp;<\/p>\n<\/div>\n<h4>Requisitos del sistema:<\/h4>\n<p><strong>Sistema operativo:<\/strong> Windows 10, Windows 7, Windows 7 Service Pack 1, Windows 8, Windows 8.1, Windows Server 2008 R2, Windows Server 2008 R2 SP1, Windows Server 2012, Windows Server 2012 R2, Windows Server 2019 Standard\/Datacenter <strong>Procesador:<\/strong> x64 (AMD Opteron, AMD Athlon 64, Intel Xeon con soporte Intel EM64T, Intel Pentium IV con soporte EM64T)<\/p>\n<p><strong> RAM:<\/strong> Al menos 1GB (se recomiendan 4GB)<\/p>\n<p><strong> Almacenamiento:<\/strong> Al menos 6GB<\/p>\n<p>&nbsp;<\/p>\n<h3>\u00bfEres un revendedor?<\/h3>\n<p>Si es as\u00ed, cont\u00e1ctanos por correo electr\u00f3nico a\u00a0<a href=\"https:\/\/allgoodkeys.com\/es\/contactenos\/\" target=\"_blank\" rel=\"noopener\"><strong>Support@allgoodkeys.com<\/strong><\/a>\u00a0y te proporcionaremos una oferta personalizada y una lista de precios. \u00a1Trabajemos juntos para satisfacer tus necesidades y las de tus clientes!<\/p>\n<h3>\u00bfInteresado en afiliarte?<\/h3>\n<p>\u00danete a nuestro programa de afiliados y comienza a ganar comisiones promocionando nuestros productos digitales. Con un enlace de seguimiento \u00fanico, podr\u00e1s monetizar tu plataforma y ofrecer valiosos productos a tu audiencia. \u00a1Reg\u00edstrate hoy mismo y descubre todas las oportunidades que tenemos para ti!\u00a0<a href=\"https:\/\/allgoodkeys.com\/es\/afiliarse\/\" target=\"_blank\" rel=\"noopener\"><strong>Visita nuestra p\u00e1gina del programa de afiliados para obtener m\u00e1s informaci\u00f3n.<\/strong><\/a><\/p>\n<p>&nbsp;<\/p>\n<h3>Descubre m\u00e1s productos<\/h3>\n<p><strong><a title=\"Comprar e instalar sistemas operativos Windows\" href=\"https:\/\/allgoodkeys.com\/es\/categoria-producto\/sistema-operativo\/\" target=\"_blank\" rel=\"noopener\">Sistemas operativos Windows<\/a>:\u00a0<a title=\"Comprar e instalar la licencia original de Microsoft Windows 11\" href=\"https:\/\/allgoodkeys.com\/es\/categoria-producto\/sistema-operativo-windows-11\/\" target=\"_blank\" rel=\"noopener\">Windows 11<\/a>\u00a0\u2013\u00a0<a title=\"Comprar e instalar Windows 10 Microsoft Original\" href=\"https:\/\/allgoodkeys.com\/es\/categoria-producto\/sistema-operativo-windows-10\/\" target=\"_blank\" rel=\"noopener\">Windows 10<\/a>\u00a0\u2013\u00a0<a title=\"Comprar e instalar Windows 8 Microsoft Original\" href=\"https:\/\/allgoodkeys.com\/es\/producto\/licencia-windows-8-professional\/\" target=\"_blank\" rel=\"noopener\">Windows 8<\/a><\/strong><br \/>\n<strong><a title=\"Comprar e instalar licencias originales de Microsoft Office Suites\" href=\"https:\/\/allgoodkeys.com\/es\/categoria-producto\/microsoft-office\/\" target=\"_blank\" rel=\"noopener\">Suites de Microsoft Office<\/a>:\u00a0<a href=\"https:\/\/allgoodkeys.com\/es\/categoria-producto\/microsoft-office-2021-es\/\" target=\"_blank\" rel=\"noopener\">Office 2021<\/a>\u00a0\u2013\u00a0<a title=\"Comprar e instalar la licencia original de Microsoft Office 2019\" href=\"https:\/\/allgoodkeys.com\/es\/categoria-producto\/microsoft-office-2019-es\/\" target=\"_blank\" rel=\"noopener\">Office 2019<\/a>\u00a0\u2013\u00a0<a title=\"Comprar e instalar la licencia original de Office 2016\" href=\"https:\/\/allgoodkeys.com\/es\/producto\/licencia-office-2016-professional-plus\/\" target=\"_blank\" rel=\"noopener\">Office 2016<\/a>\u00a0\u2013\u00a0<a title=\"Comprar e instalar Office para Mac Microsoft Original\" href=\"https:\/\/allgoodkeys.com\/es\/categoria-producto\/office-para-mac\/\" target=\"_blank\" rel=\"noopener\">Office para Mac<\/a><\/strong><\/p>\n","protected":false},"excerpt":{"rendered":"<p>[icon name=\"circle-check\" prefix=\"fas\"]\u00a0 DESCARGA DIGITAL INSTANT\u00c1NEA<\/p>\n<p>[icon name=\"circle-check\" prefix=\"fas\"]\u00a0 SOPORTE DE POR VIDA<\/p>\n","protected":false},"featured_media":64618,"comment_status":"open","ping_status":"closed","template":"","meta":{"rank_math_title":"%title% %page% %sep%","rank_math_description":"Adquiera su Microsoft SQL Server 2022 Standard a un precio asequible. Entrega instant\u00e1nea y activaci\u00f3n r\u00e1pida. \u00a1Consiga su Clave de Microsoft SQL Server 2022 Standard en AllGoodKeys!\n","rank_math_focus_keyword":"SQL Server 2022 Standard"},"product_brand":[],"product_cat":[545,378,371],"product_tag":[],"woo-feed-brand":[],"class_list":{"0":"post-64612","1":"product","2":"type-product","3":"status-publish","4":"has-post-thumbnail","6":"product_cat-nuevo","7":"product_cat-servidores-windows","8":"product_cat-todos-los-productos","10":"first","11":"instock","12":"taxable","13":"shipping-taxable","14":"purchasable","15":"product-type-variable","16":"has-default-attributes"},"jetpack_sharing_enabled":true,"_links":{"self":[{"href":"https:\/\/allgoodkeys.com\/es\/wp-json\/wp\/v2\/product\/64612","targetHints":{"allow":["GET"]}}],"collection":[{"href":"https:\/\/allgoodkeys.com\/es\/wp-json\/wp\/v2\/product"}],"about":[{"href":"https:\/\/allgoodkeys.com\/es\/wp-json\/wp\/v2\/types\/product"}],"replies":[{"embeddable":true,"href":"https:\/\/allgoodkeys.com\/es\/wp-json\/wp\/v2\/comments?post=64612"}],"wp:featuredmedia":[{"embeddable":true,"href":"https:\/\/allgoodkeys.com\/es\/wp-json\/wp\/v2\/media\/64618"}],"wp:attachment":[{"href":"https:\/\/allgoodkeys.com\/es\/wp-json\/wp\/v2\/media?parent=64612"}],"wp:term":[{"taxonomy":"product_brand","embeddable":true,"href":"https:\/\/allgoodkeys.com\/es\/wp-json\/wp\/v2\/product_brand?post=64612"},{"taxonomy":"product_cat","embeddable":true,"href":"https:\/\/allgoodkeys.com\/es\/wp-json\/wp\/v2\/product_cat?post=64612"},{"taxonomy":"product_tag","embeddable":true,"href":"https:\/\/allgoodkeys.com\/es\/wp-json\/wp\/v2\/product_tag?post=64612"},{"taxonomy":"woo-feed-brand","embeddable":true,"href":"https:\/\/allgoodkeys.com\/es\/wp-json\/wp\/v2\/woo-feed-brand?post=64612"}],"curies":[{"name":"wp","href":"https:\/\/api.w.org\/{rel}","templated":true}]}}