{"id":59211,"date":"2024-11-02T10:50:00","date_gmt":"2024-11-02T10:50:00","guid":{"rendered":"https:\/\/allgoodkeys.com\/?post_type=product&#038;p=59211"},"modified":"2026-02-03T22:29:32","modified_gmt":"2026-02-03T22:29:32","slug":"licencia-office-2024-professional-plus","status":"publish","type":"product","link":"https:\/\/allgoodkeys.com\/es\/producto\/licencia-office-2024-professional-plus\/","title":{"rendered":"Licencia Office 2024 Professional Plus"},"content":{"rendered":"<div style=\"text-align: center;\">\n<blockquote>\n<h5>\u00a1Consigue ya tu Licencia Office 2024 Professional Plus para un PC y lleva tu productividad al siguiente nivel! Con esta licencia oficial y permanente, acceder\u00e1s a las potentes herramientas de Microsoft Office, incluyendo Word, Excel, PowerPoint, Outlook, Access, Publisher y Skype Empresarial.<\/h5>\n<\/blockquote>\n<\/div>\n<p>&nbsp;<\/p>\n<p><strong>\u00a1IMPORTANTE!<\/strong>: ESTE PRODUCTO NO ES COMPATIBLE CON APPLE MAC OS.<\/p>\n<p>Al comprar Microsoft Office 2024 Professional Plus, recibir\u00e1s una clave de activaci\u00f3n de 25 d\u00edgitos que te brindar\u00e1 acceso ilimitado sin necesidad de suscripci\u00f3n. Tambi\u00e9n contar\u00e1s con soporte gratuito 24\/7 durante la instalaci\u00f3n y activaci\u00f3n.<\/p>\n<p><strong>Microsoft Office Professional Plus 2024<\/strong> es la \u00faltima versi\u00f3n del conjunto de aplicaciones de oficina l\u00edder en el mundo. Incluye programas fundamentales como Word, Excel, PowerPoint, Outlook y herramientas avanzadas como OneNote, Publisher y Access, que facilitan la creaci\u00f3n de documentos, an\u00e1lisis de datos, y presentaciones.<\/p>\n<p>Con una interfaz renovada y nuevas funciones, Office 2024 ofrece herramientas de productividad mejoradas, como entrada de l\u00e1piz optimizada y an\u00e1lisis de datos avanzados, dise\u00f1adas para que tu trabajo sea m\u00e1s intuitivo y eficiente.<\/p>\n<p><strong>Ventajas y caracter\u00edsticas destacadas:<\/strong><\/p>\n<ul>\n<li><strong>Acceso en la nube<\/strong>: Integraci\u00f3n con OneDrive, permiti\u00e9ndote guardar, acceder y colaborar en documentos desde cualquier dispositivo.<\/li>\n<li><strong>Actualizaciones continuas<\/strong>: Recibe las \u00faltimas funciones y mejoras autom\u00e1ticamente, manteni\u00e9ndote al d\u00eda con la tecnolog\u00eda de punta.<\/li>\n<\/ul>\n<p><strong>\u00bfQu\u00e9 recibir\u00e9 con Office 2024 Professional Plus 32\/64 bits?<\/strong><\/p>\n<ul>\n<li>Clave de activaci\u00f3n para 1 PC (32\/64 bits)<\/li>\n<li>Enlace de descarga para Office 2024<\/li>\n<li>Gu\u00eda de instalaci\u00f3n r\u00e1pida y sencilla<\/li>\n<li>Asistencia t\u00e9cnica gratuita<\/li>\n<\/ul>\n<p><strong>Requisitos del sistema:<\/strong><\/p>\n<ul>\n<li>Procesador: 1.6 GHz, procesador de 2 n\u00facleos<\/li>\n<li>Sistema operativo: Windows 11 o Windows 10<\/li>\n<li>Memoria: 4 GB (64 bits), 2 GB (32 bits)<\/li>\n<li>Espacio en disco duro: 4 GB disponibles<\/li>\n<li>Pantalla: resoluci\u00f3n m\u00ednima de 1024 x 768<\/li>\n<li>Gr\u00e1ficos: tarjeta DirectX 10 para aceleraci\u00f3n gr\u00e1fica<\/li>\n<li>Requisitos adicionales: acceso a Internet y cuenta Microsoft<\/li>\n<\/ul>\n<p>Microsoft Office 2024 Professional Plus es la elecci\u00f3n ideal para aumentar tu productividad con soporte dedicado, herramientas avanzadas y una interfaz intuitiva.<\/p>\n<div style=\"text-align: center;\"><\/div>\n<div style=\"text-align: left;\">\n<h3>\u00bfEres un revendedor?<\/h3>\n<p>Si es as\u00ed, cont\u00e1ctanos por correo electr\u00f3nico a\u00a0<a href=\"https:\/\/allgoodkeys.com\/es\/contactenos\/\" target=\"_blank\" rel=\"noopener\"><strong>Support@allgoodkeys.com<\/strong><\/a>\u00a0y te proporcionaremos una oferta personalizada y una lista de precios. \u00a1Trabajemos juntos para satisfacer tus necesidades y las de tus clientes!<\/p>\n<h3>\u00bfInteresado en afiliarte?<\/h3>\n<p>\u00danete a nuestro programa de afiliados y comienza a ganar comisiones promocionando nuestros productos digitales. Con un enlace de seguimiento \u00fanico, podr\u00e1s monetizar tu plataforma y ofrecer valiosos productos a tu audiencia. \u00a1Reg\u00edstrate hoy mismo y descubre todas las oportunidades que tenemos para ti!\u00a0<a href=\"https:\/\/allgoodkeys.com\/es\/afiliarse\/\" target=\"_blank\" rel=\"noopener\"><strong>Visita nuestra p\u00e1gina del programa de afiliados para obtener m\u00e1s informaci\u00f3n.<\/strong><\/a><\/p>\n<p>&nbsp;<\/p>\n<h3>Descubre m\u00e1s productos<\/h3>\n<p><strong><a title=\"Comprar e instalar sistemas operativos Windows\" href=\"https:\/\/allgoodkeys.com\/es\/categoria-producto\/sistema-operativo\/\" target=\"_blank\" rel=\"noopener\">Sistemas operativos Windows<\/a>:\u00a0<a title=\"Comprar e instalar la licencia original de Microsoft Windows 11\" href=\"https:\/\/allgoodkeys.com\/es\/categoria-producto\/sistema-operativo-windows-11\/\" target=\"_blank\" rel=\"noopener\">Windows 11<\/a>\u00a0\u2013\u00a0<a title=\"Comprar e instalar Windows 10 Microsoft Original\" href=\"https:\/\/allgoodkeys.com\/es\/categoria-producto\/sistema-operativo-windows-10\/\" target=\"_blank\" rel=\"noopener\">Windows 10<\/a>\u00a0\u2013\u00a0<a title=\"Comprar e instalar Windows 8 Microsoft Original\" href=\"https:\/\/allgoodkeys.com\/es\/producto\/licencia-windows-8-professional\/\" target=\"_blank\" rel=\"noopener\">Windows 8<\/a><\/strong><br \/>\n<strong><a title=\"Comprar e instalar licencias originales de Microsoft Office Suites\" href=\"https:\/\/allgoodkeys.com\/es\/categoria-producto\/microsoft-office\/\" target=\"_blank\" rel=\"noopener\">Suites de Microsoft Office<\/a>:\u00a0<a href=\"https:\/\/allgoodkeys.com\/es\/categoria-producto\/microsoft-office-2021-es\/\" target=\"_blank\" rel=\"noopener\">Office 2021<\/a>\u00a0\u2013\u00a0<a title=\"Comprar e instalar la licencia original de Microsoft Office 2019\" href=\"https:\/\/allgoodkeys.com\/es\/categoria-producto\/microsoft-office-2019-es\/\" target=\"_blank\" rel=\"noopener\">Office 2019<\/a>\u00a0\u2013\u00a0<a title=\"Comprar e instalar la licencia original de Office 2016\" href=\"https:\/\/allgoodkeys.com\/es\/producto\/licencia-office-2016-professional-plus\/\" target=\"_blank\" rel=\"noopener\">Office 2016<\/a>\u00a0\u2013\u00a0<a title=\"Comprar e instalar Office para Mac Microsoft Original\" href=\"https:\/\/allgoodkeys.com\/es\/categoria-producto\/office-para-mac\/\" target=\"_blank\" rel=\"noopener\">Office para Mac<\/a><\/strong><br \/>\n<strong><a title=\"Comprar e instalar el mejor antivirus\" href=\"https:\/\/allgoodkeys.com\/es\/categoria-producto\/antivirus-y-seguridad\/\" target=\"_blank\" rel=\"noopener\">Antivirus<\/a>:\u00a0<a title=\"Comprar e instalar el antivirus original de Kaspersky\" href=\"https:\/\/allgoodkeys.com\/es\/categoria-producto\/kaspersky-es\/\" target=\"_blank\" rel=\"noopener\">Kaspersky<\/a>\u00a0\u2013\u00a0<a title=\"Comprar e instalar el antivirus original de ESET\" href=\"https:\/\/allgoodkeys.com\/es\/categoria-producto\/eset-es\/\" target=\"_blank\" rel=\"noopener\">ESET<\/a>\u00a0\u2013\u00a0<a title=\"Comprar e instalar el Avast Antivirus original\" href=\"https:\/\/allgoodkeys.com\/es\/categoria-producto\/avast\/\" target=\"_blank\" rel=\"noopener\">Avast<\/a>\u00a0\u2013\u00a0<a href=\"https:\/\/allgoodkeys.com\/es\/categoria-producto\/avg\/\" target=\"_blank\" rel=\"noopener\">AVG<\/a><\/strong><\/p>\n<\/div>\n","protected":false},"excerpt":{"rendered":"<p>[icon name=\"circle-check\" prefix=\"fas\"]\u00a0 DESCARGA DIGITAL INSTANT\u00c1NEA<\/p>\n<p>[icon name=\"circle-check\" prefix=\"fas\"]\u00a0 SOPORTE DE POR VIDA<\/p>\n<p><a href=\"https:\/\/allgoodkeys.com\/es\/garantia-de-trusted-shops\/\" target=\"_blank\" rel=\"noopener\"><img decoding=\"async\" class=\"alignnone wp-image-48998\" src=\"http:\/\/allgoodkeys.com\/wp-content\/uploads\/2021\/02\/trusted-shops-es.png\" alt=\"\" width=\"195\" height=\"55\" srcset=\"https:\/\/allgoodkeys.com\/wp-content\/uploads\/2021\/02\/trusted-shops-es.png 396w, https:\/\/allgoodkeys.com\/wp-content\/uploads\/2021\/02\/trusted-shops-es-300x85.png 300w, https:\/\/allgoodkeys.com\/wp-content\/uploads\/2021\/02\/trusted-shops-es-250x71.png 250w\" sizes=\"(max-width: 195px) 100vw, 195px\" \/><\/a><\/p>\n","protected":false},"featured_media":61019,"comment_status":"open","ping_status":"closed","template":"","meta":{"rank_math_title":"","rank_math_description":"Obt\u00e9n tu licencia Office 2024 Professional Plus para Windows 10 y Windows 11. Incluye soporte t\u00e9cnico gratuito y descarga instant\u00e1nea. \u00a1Activa tu productividad hoy!","rank_math_focus_keyword":"Licencia Office 2024"},"product_brand":[],"product_cat":[369,372,545,379,371],"product_tag":[],"woo-feed-brand":[],"class_list":{"0":"post-59211","1":"product","2":"type-product","3":"status-publish","4":"has-post-thumbnail","6":"product_cat-destacado","7":"product_cat-microsoft-office","8":"product_cat-nuevo","9":"product_cat-suites-de-oficina","10":"product_cat-todos-los-productos","12":"first","13":"instock","14":"virtual","15":"sold-individually","16":"taxable","17":"purchasable","18":"product-type-simple"},"jetpack_sharing_enabled":true,"_links":{"self":[{"href":"https:\/\/allgoodkeys.com\/es\/wp-json\/wp\/v2\/product\/59211","targetHints":{"allow":["GET"]}}],"collection":[{"href":"https:\/\/allgoodkeys.com\/es\/wp-json\/wp\/v2\/product"}],"about":[{"href":"https:\/\/allgoodkeys.com\/es\/wp-json\/wp\/v2\/types\/product"}],"replies":[{"embeddable":true,"href":"https:\/\/allgoodkeys.com\/es\/wp-json\/wp\/v2\/comments?post=59211"}],"wp:featuredmedia":[{"embeddable":true,"href":"https:\/\/allgoodkeys.com\/es\/wp-json\/wp\/v2\/media\/61019"}],"wp:attachment":[{"href":"https:\/\/allgoodkeys.com\/es\/wp-json\/wp\/v2\/media?parent=59211"}],"wp:term":[{"taxonomy":"product_brand","embeddable":true,"href":"https:\/\/allgoodkeys.com\/es\/wp-json\/wp\/v2\/product_brand?post=59211"},{"taxonomy":"product_cat","embeddable":true,"href":"https:\/\/allgoodkeys.com\/es\/wp-json\/wp\/v2\/product_cat?post=59211"},{"taxonomy":"product_tag","embeddable":true,"href":"https:\/\/allgoodkeys.com\/es\/wp-json\/wp\/v2\/product_tag?post=59211"},{"taxonomy":"woo-feed-brand","embeddable":true,"href":"https:\/\/allgoodkeys.com\/es\/wp-json\/wp\/v2\/woo-feed-brand?post=59211"}],"curies":[{"name":"wp","href":"https:\/\/api.w.org\/{rel}","templated":true}]}}