{"id":59154,"date":"2024-11-01T16:32:11","date_gmt":"2024-11-01T16:32:11","guid":{"rendered":"https:\/\/allgoodkeys.com\/?post_type=product&#038;p=59154"},"modified":"2025-02-07T18:03:46","modified_gmt":"2025-02-07T18:03:46","slug":"windows-server-2025-rds-50-cal-de-usuario","status":"publish","type":"product","link":"https:\/\/allgoodkeys.com\/es\/producto\/windows-server-2025-rds-50-cal-de-usuario\/","title":{"rendered":"WINDOWS SERVER 2025 RDS \u2013 50 CAL DE USUARIO"},"content":{"rendered":"<blockquote><p><strong>Compra ahora las CAL de usuario de Windows Server 2025 RDS al mejor precio<\/strong><\/p><\/blockquote>\n<p>&nbsp;<\/p>\n<div class=\"flex max-w-full flex-col flex-grow\">\n<div class=\"min-h-8 text-message flex w-full flex-col items-end gap-2 whitespace-normal break-words [.text-message+&amp;]:mt-5\" dir=\"auto\" data-message-author-role=\"assistant\" data-message-id=\"4d287c86-fd28-4564-892b-e74135177fa2\" data-message-model-slug=\"gpt-4o\">\n<div class=\"flex w-full flex-col gap-1 empty:hidden first:pt-[3px]\">\n<div class=\"markdown prose w-full break-words dark:prose-invert light\">\n<p><strong>Microsoft Windows Server 2025 Servicios de Escritorio Remoto &#8211; CAL para 50 Usuarios<\/strong><\/p>\n<p>La CAL de usuario de RDS para Windows Server 2025 desbloquea las funciones completas de los Servicios de Escritorio Remoto, permitiendo que un usuario acceda a escritorios y aplicaciones en varios dispositivos. Dise\u00f1ada para m\u00e1xima flexibilidad, esta CAL proporciona una plataforma para la virtualizaci\u00f3n de sesiones y la Infraestructura de Escritorio Virtual (VDI), ofreciendo a los usuarios una conexi\u00f3n segura a sus entornos de trabajo desde cualquier lugar con acceso a internet. Las CAL de usuario de RDS son esenciales para organizaciones que buscan implementar y gestionar escritorios y aplicaciones remotos de manera eficiente.<\/p>\n<p><strong>Acceso Confiable y Seguro<\/strong><\/p>\n<p>La CAL de usuario de RDS para Windows Server 2025 garantiza un entorno seguro y altamente accesible para usuarios remotos. El marco de seguridad de varias capas de Microsoft protege contra una variedad de amenazas, utilizando herramientas como Windows Defender, prevenci\u00f3n de intrusiones y servicios de cifrado robustos para mantener la red segura. Los controles administrativos permiten una configuraci\u00f3n \u00f3ptima de seguridad, asegurando una defensa confiable incluso en entornos digitales de alto riesgo.<\/p>\n<p><strong>Requisitos Clave de Licenciamiento<\/strong><\/p>\n<p>Para aprovechar el Protocolo de Escritorio Remoto (RDP) y las caracter\u00edsticas de Servicios de Terminal en Windows Server 2025, se requieren licencias espec\u00edficas:<\/p>\n<ul>\n<li><strong>Licencia de Windows Server 2025<\/strong><\/li>\n<li><strong>CAL de Windows Server 2025<\/strong> (por usuario o por dispositivo)<\/li>\n<li><strong>CAL de RDS de Windows Server 2025<\/strong> (por usuario o por dispositivo)<\/li>\n<\/ul>\n<p>La CAL de usuario de RDS otorga acceso a sesiones de Windows en su servidor a usuarios individuales, independientemente del dispositivo que utilicen. Las configuraciones del servidor pueden gestionar tanto CAL de usuario como CAL de dispositivo de RDP, lo que permite a los administradores configurar el licenciamiento por servidor terminal en modo \u00abPor Usuario\u00bb o \u00abPor Dispositivo\u00bb.<\/p>\n<p><strong>Acceso Flexible con CAL de Usuario de RDS<\/strong><\/p>\n<p>Cada CAL de usuario de RDS permite a un usuario \u00fanico conectarse a sesiones de Windows desde cualquier dispositivo, ofreciendo un acceso flexible y no dependiente de dispositivos a los escritorios y aplicaciones de su servidor. En entornos donde var\u00edan los modos de acceso de usuarios y dispositivos, las licencias de RDS brindan una soluci\u00f3n adaptable que permite a las organizaciones satisfacer diversas necesidades con facilidad.<\/p>\n<p>&nbsp;<\/p>\n<p><strong>Asegure el acceso seguro y en cumplimiento para los usuarios remotos con las CAL de Microsoft Windows Server 2025 RDS para 50 usuarios<\/strong> para una conectividad remota segura y acceso a aplicaciones. Disfrute de entrega digital instant\u00e1nea y soporte, junto con las confiables funciones de seguridad de Microsoft para un trabajo remoto seguro y optimizado.<\/p>\n<\/div>\n<\/div>\n<\/div>\n<\/div>\n<p>&nbsp;<\/p>\n<h3>\u00bfEres un revendedor?<\/h3>\n<p>Si es as\u00ed, cont\u00e1ctanos por correo electr\u00f3nico a\u00a0<a href=\"https:\/\/allgoodkeys.com\/es\/contactenos\/\" target=\"_blank\" rel=\"noopener\"><strong>Support@allgoodkeys.com<\/strong><\/a>\u00a0y te proporcionaremos una oferta personalizada y una lista de precios. \u00a1Trabajemos juntos para satisfacer tus necesidades y las de tus clientes!<\/p>\n<h3>\u00bfInteresado en afiliarte?<\/h3>\n<p>\u00danete a nuestro programa de afiliados y comienza a ganar comisiones promocionando nuestros productos digitales. Con un enlace de seguimiento \u00fanico, podr\u00e1s monetizar tu plataforma y ofrecer valiosos productos a tu audiencia. \u00a1Reg\u00edstrate hoy mismo y descubre todas las oportunidades que tenemos para ti!\u00a0<a href=\"https:\/\/allgoodkeys.com\/es\/afiliarse\/\" target=\"_blank\" rel=\"noopener\"><strong>Visita nuestra p\u00e1gina del programa de afiliados para obtener m\u00e1s informaci\u00f3n.<\/strong><\/a><\/p>\n<p>&nbsp;<\/p>\n<h3>Descubre m\u00e1s productos<\/h3>\n<p><strong><a title=\"Comprar e instalar sistemas operativos Windows\" href=\"https:\/\/allgoodkeys.com\/es\/categoria-producto\/sistema-operativo\/\" target=\"_blank\" rel=\"noopener\">Sistemas operativos Windows<\/a>:\u00a0<a title=\"Comprar e instalar la licencia original de Microsoft Windows 11\" href=\"https:\/\/allgoodkeys.com\/es\/categoria-producto\/sistema-operativo-windows-11\/\" target=\"_blank\" rel=\"noopener\">Windows 11<\/a>\u00a0\u2013\u00a0<a title=\"Comprar e instalar Windows 10 Microsoft Original\" href=\"https:\/\/allgoodkeys.com\/es\/categoria-producto\/sistema-operativo-windows-10\/\" target=\"_blank\" rel=\"noopener\">Windows 10<\/a>\u00a0\u2013\u00a0<a title=\"Comprar e instalar Windows 8 Microsoft Original\" href=\"https:\/\/allgoodkeys.com\/es\/producto\/licencia-windows-8-professional\/\" target=\"_blank\" rel=\"noopener\">Windows 8<\/a><\/strong><br \/>\n<strong><a title=\"Comprar e instalar licencias originales de Microsoft Office Suites\" href=\"https:\/\/allgoodkeys.com\/es\/categoria-producto\/microsoft-office\/\" target=\"_blank\" rel=\"noopener\">Suites de Microsoft Office<\/a>:\u00a0<a href=\"https:\/\/allgoodkeys.com\/es\/categoria-producto\/microsoft-office-2021-es\/\" target=\"_blank\" rel=\"noopener\">Office 2021<\/a>\u00a0\u2013\u00a0<a title=\"Comprar e instalar la licencia original de Microsoft Office 2019\" href=\"https:\/\/allgoodkeys.com\/es\/categoria-producto\/microsoft-office-2019-es\/\" target=\"_blank\" rel=\"noopener\">Office 2019<\/a>\u00a0\u2013\u00a0<a title=\"Comprar e instalar la licencia original de Office 2016\" href=\"https:\/\/allgoodkeys.com\/es\/producto\/licencia-office-2016-professional-plus\/\" target=\"_blank\" rel=\"noopener\">Office 2016<\/a>\u00a0\u2013\u00a0<a title=\"Comprar e instalar Office para Mac Microsoft Original\" href=\"https:\/\/allgoodkeys.com\/es\/categoria-producto\/office-para-mac\/\" target=\"_blank\" rel=\"noopener\">Office para Mac<\/a><\/strong><br \/>\n<strong><a title=\"Comprar e instalar el mejor antivirus\" href=\"https:\/\/allgoodkeys.com\/es\/categoria-producto\/antivirus-y-seguridad\/\" target=\"_blank\" rel=\"noopener\">Antivirus<\/a>:\u00a0<a title=\"Comprar e instalar el antivirus original de Kaspersky\" href=\"https:\/\/allgoodkeys.com\/es\/categoria-producto\/kaspersky-es\/\" target=\"_blank\" rel=\"noopener\">Kaspersky<\/a>\u00a0\u2013\u00a0<a title=\"Comprar e instalar el antivirus original de ESET\" href=\"https:\/\/allgoodkeys.com\/es\/categoria-producto\/eset-es\/\" target=\"_blank\" rel=\"noopener\">ESET<\/a>\u00a0\u2013\u00a0<a title=\"Comprar e instalar el Avast Antivirus original\" href=\"https:\/\/allgoodkeys.com\/es\/categoria-producto\/avast\/\" target=\"_blank\" rel=\"noopener\">Avast<\/a>\u00a0\u2013\u00a0<a href=\"https:\/\/allgoodkeys.com\/es\/categoria-producto\/avg\/\" target=\"_blank\" rel=\"noopener\">AVG<\/a><\/strong><\/p>\n","protected":false},"excerpt":{"rendered":"<p>[icon name=\"circle-check\" prefix=\"fas\"]\u00a0 DESCARGA DIGITAL INSTANT\u00c1NEA<\/p>\n<p>[icon name=\"circle-check\" prefix=\"fas\"]\u00a0 SOPORTE DE POR VIDA<\/p>\n<p><a href=\"https:\/\/allgoodkeys.com\/es\/garantia-de-trusted-shops\/\" target=\"_blank\" rel=\"noopener\"><img decoding=\"async\" class=\"alignnone wp-image-48998\" src=\"http:\/\/allgoodkeys.com\/wp-content\/uploads\/2021\/02\/trusted-shops-es.png\" alt=\"\" width=\"195\" height=\"55\" srcset=\"https:\/\/allgoodkeys.com\/wp-content\/uploads\/2021\/02\/trusted-shops-es.png 396w, https:\/\/allgoodkeys.com\/wp-content\/uploads\/2021\/02\/trusted-shops-es-300x85.png 300w, https:\/\/allgoodkeys.com\/wp-content\/uploads\/2021\/02\/trusted-shops-es-250x71.png 250w\" sizes=\"(max-width: 195px) 100vw, 195px\" \/><\/a><\/p>\n","protected":false},"featured_media":59161,"comment_status":"open","ping_status":"closed","template":"","meta":[],"product_brand":[],"product_cat":[378,545,371],"product_tag":[],"woo-feed-brand":[],"class_list":{"0":"post-59154","1":"product","2":"type-product","3":"status-publish","4":"has-post-thumbnail","6":"product_cat-servidores-windows","7":"product_cat-nuevo","8":"product_cat-todos-los-productos","10":"first","11":"instock","12":"virtual","13":"taxable","14":"purchasable","15":"product-type-simple"},"jetpack_sharing_enabled":true,"_links":{"self":[{"href":"https:\/\/allgoodkeys.com\/es\/wp-json\/wp\/v2\/product\/59154","targetHints":{"allow":["GET"]}}],"collection":[{"href":"https:\/\/allgoodkeys.com\/es\/wp-json\/wp\/v2\/product"}],"about":[{"href":"https:\/\/allgoodkeys.com\/es\/wp-json\/wp\/v2\/types\/product"}],"replies":[{"embeddable":true,"href":"https:\/\/allgoodkeys.com\/es\/wp-json\/wp\/v2\/comments?post=59154"}],"wp:featuredmedia":[{"embeddable":true,"href":"https:\/\/allgoodkeys.com\/es\/wp-json\/wp\/v2\/media\/59161"}],"wp:attachment":[{"href":"https:\/\/allgoodkeys.com\/es\/wp-json\/wp\/v2\/media?parent=59154"}],"wp:term":[{"taxonomy":"product_brand","embeddable":true,"href":"https:\/\/allgoodkeys.com\/es\/wp-json\/wp\/v2\/product_brand?post=59154"},{"taxonomy":"product_cat","embeddable":true,"href":"https:\/\/allgoodkeys.com\/es\/wp-json\/wp\/v2\/product_cat?post=59154"},{"taxonomy":"product_tag","embeddable":true,"href":"https:\/\/allgoodkeys.com\/es\/wp-json\/wp\/v2\/product_tag?post=59154"},{"taxonomy":"woo-feed-brand","embeddable":true,"href":"https:\/\/allgoodkeys.com\/es\/wp-json\/wp\/v2\/woo-feed-brand?post=59154"}],"curies":[{"name":"wp","href":"https:\/\/api.w.org\/{rel}","templated":true}]}}