{"id":59149,"date":"2024-11-01T16:14:57","date_gmt":"2024-11-01T16:14:57","guid":{"rendered":"https:\/\/allgoodkeys.com\/?post_type=product&#038;p=59149"},"modified":"2025-02-07T18:03:47","modified_gmt":"2025-02-07T18:03:47","slug":"windows-server-2025-rds-50-cal-de-dispositivo","status":"publish","type":"product","link":"https:\/\/allgoodkeys.com\/es\/producto\/windows-server-2025-rds-50-cal-de-dispositivo\/","title":{"rendered":"Windows Server 2025 RDS &#8211; 50 CAL DE DISPOSITIVO"},"content":{"rendered":"<h4><strong>Licencias de Windows Server 2022 RDS &#8211; 50 CAL DE DISPOSITIVO<\/strong><\/h4>\n<p>Ordena las <strong>Licencias de Windows Server 2025 RDS &#8211; 50 CAL DE DISPOSITIVO<\/strong>\u00a0para tu empresa. Con <strong>All Good Keys<\/strong>, puedes ahorrar hasta un <strong>70%<\/strong> con licencias digitales genuinas y garantizadas. Paga solo a trav\u00e9s de m\u00e9todos rastreables, <strong>garant\u00eda de devoluci\u00f3n de dinero completa<\/strong>. Activa tus licencias de inmediato con nuestro sistema de entrega instant\u00e1nea y disfruta de todos los beneficios de All Good Keys, incluido nuestro<a href=\"https:\/\/allgoodkeys.com\/es\/contactenos\/\" target=\"_blank\" rel=\"noopener\"><strong> servicio al cliente<\/strong><\/a> gratuito .<\/p>\n<p>&nbsp;<\/p>\n<p><strong>Descripci\u00f3n del Producto<\/strong><\/p>\n<p>Microsoft Windows Server 2025 Remote Desktop Services (RDS) &#8211; 50 Dispositivos est\u00e1 dise\u00f1ado como un componente clave de Windows Server 2025, y requiere una versi\u00f3n licenciada de Windows Server 2025 en su sistema. Este producto ampl\u00eda el acceso a dispositivos para los Servicios de Escritorio Remoto, pero no activa Windows Server en s\u00ed.<\/p>\n<p><strong>Caracter\u00edsticas y Beneficios<\/strong><\/p>\n<p><strong>Gesti\u00f3n Simplificada de TI<\/strong><br \/>\nCon una integraci\u00f3n mejorada a trav\u00e9s de Active Directory (AD), Windows Server 2025 simplifica la gesti\u00f3n de licencias de Escritorio Remoto, ofreciendo alta disponibilidad y compatibilidad con futuras versiones de Windows Server.<\/p>\n<p><strong>Experiencia Mejorada para el Usuario<\/strong><br \/>\nWindows Server 2025 RDS proporciona a los usuarios finales una experiencia de escritorio y aplicaci\u00f3n de alto rendimiento. Las notificaciones modernizadas para RemoteApp en el Centro de Actividades aumentan la productividad, mientras que la Asignaci\u00f3n Discreta de Dispositivos mejora la seguridad y el rendimiento en tareas gr\u00e1ficas intensivas. La virtualizaci\u00f3n avanzada de GPU reduce el uso de red y mejora la calidad de video, garantizando una operaci\u00f3n fluida incluso para aplicaciones complejas.<\/p>\n<p><strong>Seguridad Avanzada<\/strong><br \/>\nIncorporando el Centro de Administraci\u00f3n de Windows, Windows Server 2025 consolida la gesti\u00f3n de servidores locales y remotos en una sola vista centralizada. Windows Defender est\u00e1 optimizado para entornos de m\u00faltiples sesiones, proporcionando una experiencia de escritorio escalable, segura y rentable. El soporte de inicio de sesi\u00f3n \u00fanico (SSO) para el cliente web tambi\u00e9n simplifica el proceso de inicio de sesi\u00f3n, haciendo el acceso de usuario m\u00e1s eficiente. Funciones de seguridad adicionales, como el cifrado basado en DTLS, contribuyen a un despliegue confiable y seguro de Escritorio Remoto.<\/p>\n<p><strong>Especificaciones T\u00e9cnicas:<\/strong><\/p>\n<ul>\n<li><strong>Tipo de Licencia:<\/strong> 50 CAL de Dispositivo<\/li>\n<li><strong>Plataforma:<\/strong> Windows Server 2025<\/li>\n<li><strong>Entrega:<\/strong> Digital (v\u00eda correo electr\u00f3nico)<\/li>\n<\/ul>\n<p><strong>Actualice su sistema con Windows Server 2025 Remote Desktop Services &#8211; 50 Dispositivos<\/strong>, dise\u00f1ado para mejorar la productividad y seguridad en las necesidades de escritorio remoto de su organizaci\u00f3n.<\/p>\n<p>&nbsp;<\/p>\n<h4>\u00bfEres un revendedor?<\/h4>\n<p>Si es as\u00ed, cont\u00e1ctanos por correo electr\u00f3nico a\u00a0<a href=\"https:\/\/allgoodkeys.com\/es\/contactenos\/\" target=\"_blank\" rel=\"noopener\"><strong>Support@allgoodkeys.com<\/strong><\/a>\u00a0y te proporcionaremos una oferta personalizada y una lista de precios. \u00a1Trabajemos juntos para satisfacer tus necesidades y las de tus clientes!<\/p>\n<h4>\u00bfInteresado en afiliarte?<\/h4>\n<p>\u00danete a nuestro programa de afiliados y comienza a ganar comisiones promocionando nuestros productos digitales. Con un enlace de seguimiento \u00fanico, podr\u00e1s monetizar tu plataforma y ofrecer valiosos productos a tu audiencia. \u00a1Reg\u00edstrate hoy mismo y descubre todas las oportunidades que tenemos para ti!\u00a0<a href=\"https:\/\/allgoodkeys.com\/es\/afiliarse\/\" target=\"_blank\" rel=\"noopener\"><strong>Visita nuestra p\u00e1gina del programa de afiliados para obtener m\u00e1s informaci\u00f3n.<\/strong><\/a><\/p>\n<p>&nbsp;<\/p>\n<h4>Descubre m\u00e1s productos<\/h4>\n<p><strong><a title=\"Comprar e instalar sistemas operativos Windows\" href=\"https:\/\/allgoodkeys.com\/es\/categoria-producto\/sistema-operativo\/\" target=\"_blank\" rel=\"noopener\">Sistemas operativos Windows<\/a>:\u00a0<a title=\"Comprar e instalar la licencia original de Microsoft Windows 11\" href=\"https:\/\/allgoodkeys.com\/es\/categoria-producto\/sistema-operativo-windows-11\/\" target=\"_blank\" rel=\"noopener\">Windows 11<\/a>\u00a0\u2013\u00a0<a title=\"Comprar e instalar Windows 10 Microsoft Original\" href=\"https:\/\/allgoodkeys.com\/es\/categoria-producto\/sistema-operativo-windows-10\/\" target=\"_blank\" rel=\"noopener\">Windows 10<\/a>\u00a0\u2013\u00a0<a title=\"Comprar e instalar Windows 8 Microsoft Original\" href=\"https:\/\/allgoodkeys.com\/es\/producto\/licencia-windows-8-professional\/\" target=\"_blank\" rel=\"noopener\">Windows 8<\/a><\/strong><br \/>\n<strong><a title=\"Comprar e instalar licencias originales de Microsoft Office Suites\" href=\"https:\/\/allgoodkeys.com\/es\/categoria-producto\/microsoft-office\/\" target=\"_blank\" rel=\"noopener\">Suites de Microsoft Office<\/a>:\u00a0<a href=\"https:\/\/allgoodkeys.com\/es\/categoria-producto\/microsoft-office-2021-es\/\" target=\"_blank\" rel=\"noopener\">Office 2021<\/a>\u00a0\u2013\u00a0<a title=\"Comprar e instalar la licencia original de Microsoft Office 2019\" href=\"https:\/\/allgoodkeys.com\/es\/categoria-producto\/microsoft-office-2019-es\/\" target=\"_blank\" rel=\"noopener\">Office 2019<\/a>\u00a0\u2013\u00a0<a title=\"Comprar e instalar la licencia original de Office 2016\" href=\"https:\/\/allgoodkeys.com\/es\/producto\/licencia-office-2016-professional-plus\/\" target=\"_blank\" rel=\"noopener\">Office 2016<\/a>\u00a0\u2013\u00a0<a title=\"Comprar e instalar Office para Mac Microsoft Original\" href=\"https:\/\/allgoodkeys.com\/es\/categoria-producto\/office-para-mac\/\" target=\"_blank\" rel=\"noopener\">Office para Mac<\/a><\/strong><br \/>\n<strong><a title=\"Comprar e instalar el mejor antivirus\" href=\"https:\/\/allgoodkeys.com\/es\/categoria-producto\/antivirus-y-seguridad\/\" target=\"_blank\" rel=\"noopener\">Antivirus<\/a>:\u00a0<a title=\"Comprar e instalar el antivirus original de Kaspersky\" href=\"https:\/\/allgoodkeys.com\/es\/categoria-producto\/kaspersky-es\/\" target=\"_blank\" rel=\"noopener\">Kaspersky<\/a>\u00a0\u2013\u00a0<a title=\"Comprar e instalar el antivirus original de ESET\" href=\"https:\/\/allgoodkeys.com\/es\/categoria-producto\/eset-es\/\" target=\"_blank\" rel=\"noopener\">ESET<\/a>\u00a0\u2013\u00a0<a title=\"Comprar e instalar el Avast Antivirus original\" href=\"https:\/\/allgoodkeys.com\/es\/categoria-producto\/avast\/\" target=\"_blank\" rel=\"noopener\">Avast<\/a>\u00a0\u2013\u00a0<a href=\"https:\/\/allgoodkeys.com\/es\/categoria-producto\/avg\/\" target=\"_blank\" rel=\"noopener\">AVG<\/a><\/strong><\/p>\n","protected":false},"excerpt":{"rendered":"<p>[icon name=\"circle-check\" prefix=\"fas\"]\u00a0 DESCARGA DIGITAL INSTANT\u00c1NEA<\/p>\n<p>[icon name=\"circle-check\" prefix=\"fas\"]\u00a0 SOPORTE DE POR VIDA<\/p>\n<p><a href=\"https:\/\/allgoodkeys.com\/es\/garantia-de-trusted-shops\/\" target=\"_blank\" rel=\"noopener\"><img decoding=\"async\" class=\"alignnone wp-image-48998\" src=\"http:\/\/allgoodkeys.com\/wp-content\/uploads\/2021\/02\/trusted-shops-es.png\" alt=\"\" width=\"195\" height=\"55\" srcset=\"https:\/\/allgoodkeys.com\/wp-content\/uploads\/2021\/02\/trusted-shops-es.png 396w, https:\/\/allgoodkeys.com\/wp-content\/uploads\/2021\/02\/trusted-shops-es-300x85.png 300w, https:\/\/allgoodkeys.com\/wp-content\/uploads\/2021\/02\/trusted-shops-es-250x71.png 250w\" sizes=\"(max-width: 195px) 100vw, 195px\" \/><\/a><\/p>\n","protected":false},"featured_media":59152,"comment_status":"open","ping_status":"closed","template":"","meta":[],"product_brand":[],"product_cat":[545,378,371],"product_tag":[],"woo-feed-brand":[],"class_list":{"0":"post-59149","1":"product","2":"type-product","3":"status-publish","4":"has-post-thumbnail","6":"product_cat-nuevo","7":"product_cat-servidores-windows","8":"product_cat-todos-los-productos","10":"first","11":"instock","12":"virtual","13":"taxable","14":"purchasable","15":"product-type-simple"},"jetpack_sharing_enabled":true,"_links":{"self":[{"href":"https:\/\/allgoodkeys.com\/es\/wp-json\/wp\/v2\/product\/59149","targetHints":{"allow":["GET"]}}],"collection":[{"href":"https:\/\/allgoodkeys.com\/es\/wp-json\/wp\/v2\/product"}],"about":[{"href":"https:\/\/allgoodkeys.com\/es\/wp-json\/wp\/v2\/types\/product"}],"replies":[{"embeddable":true,"href":"https:\/\/allgoodkeys.com\/es\/wp-json\/wp\/v2\/comments?post=59149"}],"wp:featuredmedia":[{"embeddable":true,"href":"https:\/\/allgoodkeys.com\/es\/wp-json\/wp\/v2\/media\/59152"}],"wp:attachment":[{"href":"https:\/\/allgoodkeys.com\/es\/wp-json\/wp\/v2\/media?parent=59149"}],"wp:term":[{"taxonomy":"product_brand","embeddable":true,"href":"https:\/\/allgoodkeys.com\/es\/wp-json\/wp\/v2\/product_brand?post=59149"},{"taxonomy":"product_cat","embeddable":true,"href":"https:\/\/allgoodkeys.com\/es\/wp-json\/wp\/v2\/product_cat?post=59149"},{"taxonomy":"product_tag","embeddable":true,"href":"https:\/\/allgoodkeys.com\/es\/wp-json\/wp\/v2\/product_tag?post=59149"},{"taxonomy":"woo-feed-brand","embeddable":true,"href":"https:\/\/allgoodkeys.com\/es\/wp-json\/wp\/v2\/woo-feed-brand?post=59149"}],"curies":[{"name":"wp","href":"https:\/\/api.w.org\/{rel}","templated":true}]}}