{"id":58719,"date":"2024-10-28T12:31:35","date_gmt":"2024-10-28T12:31:35","guid":{"rendered":"https:\/\/allgoodkeys.com\/?post_type=product&#038;p=58719"},"modified":"2025-02-07T18:03:49","modified_gmt":"2025-02-07T18:03:49","slug":"microsoft-visio-2024-professional","status":"publish","type":"product","link":"https:\/\/allgoodkeys.com\/es\/producto\/microsoft-visio-2024-professional\/","title":{"rendered":"Microsoft Visio 2024 Professional"},"content":{"rendered":"<blockquote><p><strong>\u00a1Adquiere Microsoft Visio 2024 Professional en All Good Keys y ahorra en el precio de lista! Obt\u00e9n tu licencia 100% original y genuina ahora, con transacciones seguras y garant\u00eda de devoluci\u00f3n del dinero. Adem\u00e1s, nuestro Soporte T\u00e9cnico gratuito est\u00e1 siempre a tu disposici\u00f3n antes y despu\u00e9s de cada compra, incluso para asesoramiento personalizado.<\/strong><\/p><\/blockquote>\n<p>&nbsp;<\/p>\n<p><strong>Visio Professional 2024: Desbloquea la Comunicaci\u00f3n Visual<\/strong><\/p>\n<p>Visio Professional 2024 facilita como nunca antes que personas y equipos creen, compartan y gestionen diagramas profesionales que simplifican informaci\u00f3n compleja. Ya sea visualizando flujos de datos, arquitecturas de red, procesos empresariales o organigramas, esta potente herramienta garantiza una comunicaci\u00f3n eficaz. Con formas, plantillas y estilos actualizados, Visio Professional 2024 proporciona todo lo necesario para crear diagramas visualmente atractivos.<\/p>\n<p>Las funciones de colaboraci\u00f3n mejoradas permiten que varios usuarios coautoricen diagramas en tiempo real, asegurando un trabajo fluido entre departamentos. Gracias a la integraci\u00f3n con las aplicaciones de Microsoft 365, incluido Teams, los usuarios pueden compartir su trabajo r\u00e1pidamente y recibir comentarios al instante. Adem\u00e1s, Visio permite vincular diagramas a datos en vivo desde Excel u otras fuentes, garantizando visualizaciones siempre actualizadas.<\/p>\n<p>Dise\u00f1ado con la seguridad en mente, Visio Professional 2024 es compatible con la Gesti\u00f3n de Derechos de Informaci\u00f3n (IRM) para evitar fugas de datos, proporcionando tranquilidad al compartir diagramas confidenciales. Tambi\u00e9n introduce nuevas plantillas y formas para Azure y AWS, lo que facilita el dise\u00f1o y documentaci\u00f3n de soluciones en la nube. Ya sea trabajando en diagramas t\u00e9cnicos o planos de planta, la amplia colecci\u00f3n de gr\u00e1ficos predise\u00f1ados y plantillas de distanciamiento social respalda m\u00faltiples casos de uso para asegurar una ejecuci\u00f3n sin problemas.<\/p>\n<h3><\/h3>\n<h3><strong>Caracter\u00edsticas Clave:<\/strong><\/h3>\n<ul>\n<li><strong>Nuevas Plantillas para Azure y AWS:<\/strong> Crea diagramas detallados de arquitecturas en la nube con las formas m\u00e1s recientes de Azure y AWS.<\/li>\n<li><strong>Colaboraci\u00f3n en Tiempo Real:<\/strong> Coautoriza diagramas con tu equipo y mant\u00e9n la alineaci\u00f3n con actualizaciones en tiempo real.<\/li>\n<li><strong>Vinculaci\u00f3n Instant\u00e1nea de Datos:<\/strong> Conecta diagramas directamente a fuentes de datos como Excel para mantener las visualizaciones siempre al d\u00eda.<\/li>\n<li><strong>Biblioteca Completa de Gr\u00e1ficos:<\/strong> Accede a una amplia gama de plantillas, \u00edconos y formas premium para distintas necesidades de diagramaci\u00f3n.<\/li>\n<li><strong>Gesti\u00f3n de Derechos de Informaci\u00f3n (IRM):<\/strong> Protege diagramas confidenciales y controla el acceso con herramientas de seguridad integradas.<\/li>\n<li><strong>Plantillas de Distanciamiento Social:<\/strong> Utiliza plantillas especializadas para la planificaci\u00f3n del espacio de trabajo con medidas de distanciamiento social.<\/li>\n<li><strong>Integraci\u00f3n con Microsoft 365:<\/strong> Comparte y colabora mediante Teams o OneDrive para un trabajo en equipo eficiente.<\/li>\n<\/ul>\n<p>&nbsp;<\/p>\n<p>Con Visio Professional 2024, optimizar\u00e1s los flujos de trabajo, mejorar\u00e1s la colaboraci\u00f3n y desbloquear\u00e1s el potencial completo de la comunicaci\u00f3n visual. Ya sea en diagramas t\u00e9cnicos o planes empresariales, esta herramienta garantiza claridad y precisi\u00f3n en cada proyecto.<\/p>\n<p>&nbsp;<\/p>\n<p>&nbsp;<\/p>\n<h3>\u00bfEres un revendedor?<\/h3>\n<p>Si es as\u00ed, cont\u00e1ctanos por correo electr\u00f3nico a\u00a0<a href=\"https:\/\/allgoodkeys.com\/es\/contactenos\/\" target=\"_blank\" rel=\"noopener\"><strong>Support@allgoodkeys.com<\/strong><\/a>\u00a0y te proporcionaremos una oferta personalizada y una lista de precios. \u00a1Trabajemos juntos para satisfacer tus necesidades y las de tus clientes!<\/p>\n<h3>\u00bfInteresado en afiliarte?<\/h3>\n<p>\u00danete a nuestro programa de afiliados y comienza a ganar comisiones promocionando nuestros productos digitales. Con un enlace de seguimiento \u00fanico, podr\u00e1s monetizar tu plataforma y ofrecer valiosos productos a tu audiencia. \u00a1Reg\u00edstrate hoy mismo y descubre todas las oportunidades que tenemos para ti!\u00a0<a href=\"https:\/\/allgoodkeys.com\/es\/afiliarse\/\" target=\"_blank\" rel=\"noopener\"><strong>Visita nuestra p\u00e1gina del programa de afiliados para obtener m\u00e1s informaci\u00f3n.<\/strong><\/a><\/p>\n<p>&nbsp;<\/p>\n<h3>Descubre m\u00e1s productos<\/h3>\n<p><strong><a title=\"Comprar e instalar sistemas operativos Windows\" href=\"https:\/\/allgoodkeys.com\/es\/categoria-producto\/sistema-operativo\/\" target=\"_blank\" rel=\"noopener\">Sistemas operativos Windows<\/a>:\u00a0<a title=\"Comprar e instalar la licencia original de Microsoft Windows 11\" href=\"https:\/\/allgoodkeys.com\/es\/categoria-producto\/sistema-operativo-windows-11\/\" target=\"_blank\" rel=\"noopener\">Windows 11<\/a>\u00a0\u2013\u00a0<a title=\"Comprar e instalar Windows 10 Microsoft Original\" href=\"https:\/\/allgoodkeys.com\/es\/categoria-producto\/sistema-operativo-windows-10\/\" target=\"_blank\" rel=\"noopener\">Windows 10<\/a>\u00a0\u2013\u00a0<a title=\"Comprar e instalar Windows 8 Microsoft Original\" href=\"https:\/\/allgoodkeys.com\/es\/producto\/licencia-windows-8-professional\/\" target=\"_blank\" rel=\"noopener\">Windows 8<\/a><\/strong><br \/>\n<strong><a title=\"Comprar e instalar licencias originales de Microsoft Office Suites\" href=\"https:\/\/allgoodkeys.com\/es\/categoria-producto\/microsoft-office\/\" target=\"_blank\" rel=\"noopener\">Suites de Microsoft Office<\/a>:\u00a0<a href=\"https:\/\/allgoodkeys.com\/es\/categoria-producto\/microsoft-office-2021-es\/\" target=\"_blank\" rel=\"noopener\">Office 2021<\/a>\u00a0\u2013\u00a0<a title=\"Comprar e instalar la licencia original de Microsoft Office 2019\" href=\"https:\/\/allgoodkeys.com\/es\/categoria-producto\/microsoft-office-2019-es\/\" target=\"_blank\" rel=\"noopener\">Office 2019<\/a>\u00a0\u2013\u00a0<a title=\"Comprar e instalar la licencia original de Office 2016\" href=\"https:\/\/allgoodkeys.com\/es\/producto\/licencia-office-2016-professional-plus\/\" target=\"_blank\" rel=\"noopener\">Office 2016<\/a>\u00a0\u2013\u00a0<a title=\"Comprar e instalar Office para Mac Microsoft Original\" href=\"https:\/\/allgoodkeys.com\/es\/categoria-producto\/office-para-mac\/\" target=\"_blank\" rel=\"noopener\">Office para Mac<\/a><\/strong><br \/>\n<strong><a title=\"Comprar e instalar el mejor antivirus\" href=\"https:\/\/allgoodkeys.com\/es\/categoria-producto\/antivirus-y-seguridad\/\" target=\"_blank\" rel=\"noopener\">Antivirus<\/a>:\u00a0<a title=\"Comprar e instalar el antivirus original de Kaspersky\" href=\"https:\/\/allgoodkeys.com\/es\/categoria-producto\/kaspersky-es\/\" target=\"_blank\" rel=\"noopener\">Kaspersky<\/a>\u00a0\u2013\u00a0<a title=\"Comprar e instalar el antivirus original de ESET\" href=\"https:\/\/allgoodkeys.com\/es\/categoria-producto\/eset-es\/\" target=\"_blank\" rel=\"noopener\">ESET<\/a>\u00a0\u2013\u00a0<a title=\"Comprar e instalar el Avast Antivirus original\" href=\"https:\/\/allgoodkeys.com\/es\/categoria-producto\/avast\/\" target=\"_blank\" rel=\"noopener\">Avast<\/a>\u00a0\u2013\u00a0<a href=\"https:\/\/allgoodkeys.com\/es\/categoria-producto\/avg\/\" target=\"_blank\" rel=\"noopener\">AVG<\/a><\/strong><\/p>\n","protected":false},"excerpt":{"rendered":"<p>[icon name=\"circle-check\" prefix=\"fas\"]\u00a0 DESCARGA DIGITAL INSTANT\u00c1NEA<\/p>\n<p>[icon name=\"circle-check\" prefix=\"fas\"]\u00a0 SOPORTE DE POR VIDA<\/p>\n<p><a href=\"https:\/\/allgoodkeys.com\/es\/garantia-de-trusted-shops\/\" target=\"_blank\" rel=\"noopener\"><img decoding=\"async\" class=\"alignnone wp-image-48998\" src=\"http:\/\/allgoodkeys.com\/wp-content\/uploads\/2021\/02\/trusted-shops-es.png\" alt=\"\" width=\"195\" height=\"55\" srcset=\"https:\/\/allgoodkeys.com\/wp-content\/uploads\/2021\/02\/trusted-shops-es.png 396w, https:\/\/allgoodkeys.com\/wp-content\/uploads\/2021\/02\/trusted-shops-es-300x85.png 300w, https:\/\/allgoodkeys.com\/wp-content\/uploads\/2021\/02\/trusted-shops-es-250x71.png 250w\" sizes=\"(max-width: 195px) 100vw, 195px\" \/><\/a><\/p>\n","protected":false},"featured_media":58725,"comment_status":"open","ping_status":"closed","template":"","meta":[],"product_brand":[],"product_cat":[369,380,545,375,379,371],"product_tag":[],"woo-feed-brand":[],"class_list":{"0":"post-58719","1":"product","2":"type-product","3":"status-publish","4":"has-post-thumbnail","6":"product_cat-destacado","7":"product_cat-microsoft-office-2021-es","8":"product_cat-nuevo","9":"product_cat-productos-de-oficina","10":"product_cat-suites-de-oficina","11":"product_cat-todos-los-productos","13":"first","14":"instock","15":"virtual","16":"taxable","17":"purchasable","18":"product-type-simple"},"jetpack_sharing_enabled":true,"_links":{"self":[{"href":"https:\/\/allgoodkeys.com\/es\/wp-json\/wp\/v2\/product\/58719","targetHints":{"allow":["GET"]}}],"collection":[{"href":"https:\/\/allgoodkeys.com\/es\/wp-json\/wp\/v2\/product"}],"about":[{"href":"https:\/\/allgoodkeys.com\/es\/wp-json\/wp\/v2\/types\/product"}],"replies":[{"embeddable":true,"href":"https:\/\/allgoodkeys.com\/es\/wp-json\/wp\/v2\/comments?post=58719"}],"wp:featuredmedia":[{"embeddable":true,"href":"https:\/\/allgoodkeys.com\/es\/wp-json\/wp\/v2\/media\/58725"}],"wp:attachment":[{"href":"https:\/\/allgoodkeys.com\/es\/wp-json\/wp\/v2\/media?parent=58719"}],"wp:term":[{"taxonomy":"product_brand","embeddable":true,"href":"https:\/\/allgoodkeys.com\/es\/wp-json\/wp\/v2\/product_brand?post=58719"},{"taxonomy":"product_cat","embeddable":true,"href":"https:\/\/allgoodkeys.com\/es\/wp-json\/wp\/v2\/product_cat?post=58719"},{"taxonomy":"product_tag","embeddable":true,"href":"https:\/\/allgoodkeys.com\/es\/wp-json\/wp\/v2\/product_tag?post=58719"},{"taxonomy":"woo-feed-brand","embeddable":true,"href":"https:\/\/allgoodkeys.com\/es\/wp-json\/wp\/v2\/woo-feed-brand?post=58719"}],"curies":[{"name":"wp","href":"https:\/\/api.w.org\/{rel}","templated":true}]}}