{"id":58717,"date":"2024-10-28T12:29:50","date_gmt":"2024-10-28T12:29:50","guid":{"rendered":"https:\/\/allgoodkeys.com\/?post_type=product&#038;p=58717"},"modified":"2025-02-07T18:03:50","modified_gmt":"2025-02-07T18:03:50","slug":"microsoft-project-2024-professional","status":"publish","type":"product","link":"https:\/\/allgoodkeys.com\/es\/producto\/microsoft-project-2024-professional\/","title":{"rendered":"Microsoft Project 2024 Professional"},"content":{"rendered":"<blockquote><p><strong>Licencia Microsoft Project 2024 Professional: Planifica y Gestiona tus Proyectos Eficientemente<\/strong><\/p><\/blockquote>\n<p>&nbsp;<\/p>\n<div class=\"group\/conversation-turn relative flex w-full min-w-0 flex-col agent-turn\">\n<div class=\"flex-col gap-1 md:gap-3\">\n<div class=\"flex max-w-full flex-col flex-grow\">\n<div class=\"min-h-8 text-message flex w-full flex-col items-end gap-2 whitespace-normal break-words [.text-message+&amp;]:mt-5\" dir=\"auto\" data-message-author-role=\"assistant\" data-message-id=\"e6374d50-993f-427a-a156-66091e37aa30\" data-message-model-slug=\"gpt-4o\">\n<div class=\"flex w-full flex-col gap-1 empty:hidden first:pt-[3px]\">\n<div class=\"markdown prose w-full break-words dark:prose-invert light\">\n<p><strong>Microsoft Project 2024 Professional: La Herramienta Definitiva para una Gesti\u00f3n de Proyectos Eficiente<\/strong><\/p>\n<p>Project Professional 2024 ofrece un conjunto avanzado de herramientas dise\u00f1adas para mejorar la eficiencia en la gesti\u00f3n de proyectos y optimizar los plazos de entrega. Con funciones como informes detallados, visualizaci\u00f3n de rutas de tareas y colaboraci\u00f3n fluida a trav\u00e9s de Microsoft Teams, gestionar recursos y asegurar la finalizaci\u00f3n puntual de los proyectos nunca ha sido tan sencillo. Las plantillas predefinidas, junto con la integraci\u00f3n con Project Online y Project Server, simplifican la planificaci\u00f3n y ejecuci\u00f3n, permiti\u00e9ndote abordar cualquier proyecto con confianza. Aprovecha la programaci\u00f3n automatizada y los an\u00e1lisis detallados para minimizar ineficiencias y tomar decisiones m\u00e1s inteligentes que impulsen el \u00e9xito del proyecto.<\/p>\n<p>&nbsp;<\/p>\n<h3><strong>Caracter\u00edsticas Clave de Project Professional 2024:<\/strong><\/h3>\n<ul>\n<li><strong>Informes Integrales:<\/strong> Informes integrados como Burndown y Resumen de Recursos brindan informaci\u00f3n \u00fatil para los interesados.<\/li>\n<li><strong>Resaltado de Rutas de Tareas:<\/strong> Visualiza las relaciones entre tareas en diagramas de Gantt para asegurar un flujo de proyecto fluido.<\/li>\n<li><strong>Gesti\u00f3n de Hojas de Tiempo:<\/strong> Registra el tiempo dedicado a actividades tanto de proyecto como no relacionadas para n\u00f3minas, facturaci\u00f3n e informes.<\/li>\n<li><strong>Colaboraci\u00f3n sin Esfuerzos:<\/strong> Usa Microsoft Teams (licencia por separado) para comunicarte en tiempo real con los miembros del equipo desde los planes del proyecto.<\/li>\n<li><strong>Plantillas Predefinidas:<\/strong> Inicia tu proyecto r\u00e1pidamente y de forma correcta con plantillas listas para usar.<\/li>\n<li><strong>Integraci\u00f3n Avanzada:<\/strong> Sincroniza tus proyectos con Project Online y Project Server para una gesti\u00f3n mejorada.<\/li>\n<li><strong>Escenarios \u201cWhat-if\u201d:<\/strong> Prueba asignaciones de tareas para optimizar los flujos de trabajo del proyecto.<\/li>\n<li><strong>Programaci\u00f3n Automatizada:<\/strong> Completa autom\u00e1ticamente las fechas de inicio y fin seg\u00fan las dependencias de tareas para reducir el trabajo manual.<\/li>\n<li><strong>M\u00faltiples Cronogramas:<\/strong> Representa visualmente los calendarios complejos con m\u00faltiples l\u00edneas de tiempo integradas.<\/li>\n<\/ul>\n<p>&nbsp;<\/p>\n<p><strong>Maximiza la eficiencia y el uso de recursos con Project Professional 2024.<\/strong> Toma decisiones informadas y entrega proyectos a tiempo con herramientas automatizadas, informes detallados y funciones colaborativas dise\u00f1adas para potenciar a tu equipo.<\/p>\n<\/div>\n<\/div>\n<\/div>\n<\/div>\n<\/div>\n<\/div>\n<p>&nbsp;<\/p>\n<p>&nbsp;<\/p>\n<h4>\u00bfEres un revendedor?<\/h4>\n<p>Si es as\u00ed, cont\u00e1ctanos por correo electr\u00f3nico a\u00a0<a href=\"https:\/\/allgoodkeys.com\/es\/contactenos\/\" target=\"_blank\" rel=\"noopener\"><strong>Support@allgoodkeys.com<\/strong><\/a>\u00a0y te proporcionaremos una oferta personalizada y una lista de precios. \u00a1Trabajemos juntos para satisfacer tus necesidades y las de tus clientes!<\/p>\n<h4>\u00bfInteresado en afiliarte?<\/h4>\n<p>\u00danete a nuestro programa de afiliados y comienza a ganar comisiones promocionando nuestros productos digitales. Con un enlace de seguimiento \u00fanico, podr\u00e1s monetizar tu plataforma y ofrecer valiosos productos a tu audiencia. \u00a1Reg\u00edstrate hoy mismo y descubre todas las oportunidades que tenemos para ti!\u00a0<a href=\"https:\/\/allgoodkeys.com\/es\/afiliarse\/\" target=\"_blank\" rel=\"noopener\"><strong>Visita nuestra p\u00e1gina del programa de afiliados para obtener m\u00e1s informaci\u00f3n.<\/strong><\/a><\/p>\n<p>&nbsp;<\/p>\n<h4>Descubre m\u00e1s productos<\/h4>\n<p><strong><a title=\"Comprar e instalar sistemas operativos Windows\" href=\"https:\/\/allgoodkeys.com\/es\/categoria-producto\/sistema-operativo\/\" target=\"_blank\" rel=\"noopener\">Sistemas operativos Windows<\/a>:\u00a0<a title=\"Comprar e instalar la licencia original de Microsoft Windows 11\" href=\"https:\/\/allgoodkeys.com\/es\/categoria-producto\/sistema-operativo-windows-11\/\" target=\"_blank\" rel=\"noopener\">Windows 11<\/a>\u00a0\u2013\u00a0<a title=\"Comprar e instalar Windows 10 Microsoft Original\" href=\"https:\/\/allgoodkeys.com\/es\/categoria-producto\/sistema-operativo-windows-10\/\" target=\"_blank\" rel=\"noopener\">Windows 10<\/a>\u00a0\u2013\u00a0<a title=\"Comprar e instalar Windows 8 Microsoft Original\" href=\"https:\/\/allgoodkeys.com\/es\/producto\/licencia-windows-8-professional\/\" target=\"_blank\" rel=\"noopener\">Windows 8<\/a><\/strong><br \/>\n<strong><a title=\"Comprar e instalar licencias originales de Microsoft Office Suites\" href=\"https:\/\/allgoodkeys.com\/es\/categoria-producto\/microsoft-office\/\" target=\"_blank\" rel=\"noopener\">Suites de Microsoft Office<\/a>:\u00a0<a href=\"https:\/\/allgoodkeys.com\/es\/categoria-producto\/microsoft-office-2021-es\/\" target=\"_blank\" rel=\"noopener\">Office 2021<\/a>\u00a0\u2013\u00a0<a title=\"Comprar e instalar la licencia original de Microsoft Office 2019\" href=\"https:\/\/allgoodkeys.com\/es\/categoria-producto\/microsoft-office-2019-es\/\" target=\"_blank\" rel=\"noopener\">Office 2019<\/a>\u00a0\u2013\u00a0<a title=\"Comprar e instalar la licencia original de Office 2016\" href=\"https:\/\/allgoodkeys.com\/es\/producto\/licencia-office-2016-professional-plus\/\" target=\"_blank\" rel=\"noopener\">Office 2016<\/a>\u00a0\u2013\u00a0<a title=\"Comprar e instalar Office para Mac Microsoft Original\" href=\"https:\/\/allgoodkeys.com\/es\/categoria-producto\/office-para-mac\/\" target=\"_blank\" rel=\"noopener\">Office para Mac<\/a><\/strong><br \/>\n<strong><a title=\"Comprar e instalar el mejor antivirus\" href=\"https:\/\/allgoodkeys.com\/es\/categoria-producto\/antivirus-y-seguridad\/\" target=\"_blank\" rel=\"noopener\">Antivirus<\/a>:\u00a0<a title=\"Comprar e instalar el antivirus original de Kaspersky\" href=\"https:\/\/allgoodkeys.com\/es\/categoria-producto\/kaspersky-es\/\" target=\"_blank\" rel=\"noopener\">Kaspersky<\/a>\u00a0\u2013\u00a0<a title=\"Comprar e instalar el antivirus original de ESET\" href=\"https:\/\/allgoodkeys.com\/es\/categoria-producto\/eset-es\/\" target=\"_blank\" rel=\"noopener\">ESET<\/a>\u00a0\u2013\u00a0<a title=\"Comprar e instalar el Avast Antivirus original\" href=\"https:\/\/allgoodkeys.com\/es\/categoria-producto\/avast\/\" target=\"_blank\" rel=\"noopener\">Avast<\/a>\u00a0\u2013\u00a0<a href=\"https:\/\/allgoodkeys.com\/es\/categoria-producto\/avg\/\" target=\"_blank\" rel=\"noopener\">AVG<\/a><\/strong><\/p>\n","protected":false},"excerpt":{"rendered":"<p>[icon name=\"circle-check\" prefix=\"fas\"]\u00a0 DESCARGA DIGITAL INSTANT\u00c1NEA<\/p>\n<p>[icon name=\"circle-check\" prefix=\"fas\"]\u00a0 SOPORTE DE POR VIDA<\/p>\n<p><a href=\"https:\/\/allgoodkeys.com\/es\/garantia-de-trusted-shops\/\" target=\"_blank\" rel=\"noopener\"><img decoding=\"async\" class=\"alignnone wp-image-48998\" src=\"https:\/\/allgoodkeys.com\/wp-content\/uploads\/2021\/02\/trusted-shops-es.png\" alt=\"\" width=\"195\" height=\"55\" srcset=\"https:\/\/allgoodkeys.com\/wp-content\/uploads\/2021\/02\/trusted-shops-es.png 396w, https:\/\/allgoodkeys.com\/wp-content\/uploads\/2021\/02\/trusted-shops-es-300x85.png 300w, https:\/\/allgoodkeys.com\/wp-content\/uploads\/2021\/02\/trusted-shops-es-250x71.png 250w\" sizes=\"(max-width: 195px) 100vw, 195px\" \/><\/a><\/p>\n","protected":false},"featured_media":58721,"comment_status":"open","ping_status":"closed","template":"","meta":[],"product_brand":[],"product_cat":[369,380,545,375,371],"product_tag":[],"woo-feed-brand":[],"class_list":{"0":"post-58717","1":"product","2":"type-product","3":"status-publish","4":"has-post-thumbnail","6":"product_cat-destacado","7":"product_cat-microsoft-office-2021-es","8":"product_cat-nuevo","9":"product_cat-productos-de-oficina","10":"product_cat-todos-los-productos","12":"first","13":"instock","14":"virtual","15":"sold-individually","16":"taxable","17":"purchasable","18":"product-type-simple"},"jetpack_sharing_enabled":true,"_links":{"self":[{"href":"https:\/\/allgoodkeys.com\/es\/wp-json\/wp\/v2\/product\/58717","targetHints":{"allow":["GET"]}}],"collection":[{"href":"https:\/\/allgoodkeys.com\/es\/wp-json\/wp\/v2\/product"}],"about":[{"href":"https:\/\/allgoodkeys.com\/es\/wp-json\/wp\/v2\/types\/product"}],"replies":[{"embeddable":true,"href":"https:\/\/allgoodkeys.com\/es\/wp-json\/wp\/v2\/comments?post=58717"}],"wp:featuredmedia":[{"embeddable":true,"href":"https:\/\/allgoodkeys.com\/es\/wp-json\/wp\/v2\/media\/58721"}],"wp:attachment":[{"href":"https:\/\/allgoodkeys.com\/es\/wp-json\/wp\/v2\/media?parent=58717"}],"wp:term":[{"taxonomy":"product_brand","embeddable":true,"href":"https:\/\/allgoodkeys.com\/es\/wp-json\/wp\/v2\/product_brand?post=58717"},{"taxonomy":"product_cat","embeddable":true,"href":"https:\/\/allgoodkeys.com\/es\/wp-json\/wp\/v2\/product_cat?post=58717"},{"taxonomy":"product_tag","embeddable":true,"href":"https:\/\/allgoodkeys.com\/es\/wp-json\/wp\/v2\/product_tag?post=58717"},{"taxonomy":"woo-feed-brand","embeddable":true,"href":"https:\/\/allgoodkeys.com\/es\/wp-json\/wp\/v2\/woo-feed-brand?post=58717"}],"curies":[{"name":"wp","href":"https:\/\/api.w.org\/{rel}","templated":true}]}}