{"id":25265,"date":"2022-11-04T13:30:20","date_gmt":"2022-11-04T13:30:20","guid":{"rendered":"https:\/\/allgoodkeys.com\/product\/windows-server-2012-r2-essentials\/"},"modified":"2025-02-07T18:03:54","modified_gmt":"2025-02-07T18:03:54","slug":"windows-server-2012-r2-essentials","status":"publish","type":"product","link":"https:\/\/allgoodkeys.com\/es\/producto\/windows-server-2012-r2-essentials\/","title":{"rendered":"Windows Server 2012 R2 Essentials Clave de activaci\u00f3n"},"content":{"rendered":"<blockquote>\n<h4 style=\"text-align: left;\">-Al comprar Microsoft Windows Server 2012 R2 Essentials recibir\u00e1 una licencia 100% original de Microsoft que puede ser activada directamente en el sitio web oficial de Microsoft. Nuestros m\u00e9todos de pago seguros le ofrecen una garant\u00eda total y recibir\u00e1 su software por correo electr\u00f3nico al cabo de unos minutos.<\/h4>\n<\/blockquote>\n<p>&nbsp;<\/p>\n<h2><strong>QU\u00c9 ES WINDOWS SERVER 2012 R2 ESSENTIALS<\/strong><\/h2>\n<p>Windows Server 2012 R2 Essentials es un primer servidor ideal que no solo ayuda a reducir los costes y aumentar la productividad, sino que tambi\u00e9n puede utilizarse como servidor principal en un entorno multiservidor para peque\u00f1as empresas. Windows Server 2012 Essentials permite a las peque\u00f1as empresas proteger, centralizar, organizar y acceder a sus aplicaciones e informaci\u00f3n desde casi cualquier lugar utilizando pr\u00e1cticamente cualquier dispositivo<\/p>\n<h2><strong>CARACTER\u00cdSTICAS Y VENTAJAS<\/strong><\/h2>\n<h2><strong>Estas caracter\u00edsticas se introdujeron en la edici\u00f3n Essentials de Windows Server 2012 para ayudar a los clientes<\/strong><\/h2>\n<p>&nbsp;<\/p>\n<h2><strong><a href=\"http:\/\/allgoodkeys.com\/wp-content\/uploads\/2022\/11\/1.jpg\"><img decoding=\"async\" class=\"alignleft size-full wp-image-24655\" src=\"http:\/\/allgoodkeys.com\/wp-content\/uploads\/2022\/11\/1.jpg\" alt=\"\" width=\"300\" height=\"166\" srcset=\"https:\/\/allgoodkeys.com\/wp-content\/uploads\/2022\/11\/1.jpg 300w, https:\/\/allgoodkeys.com\/wp-content\/uploads\/2022\/11\/1-250x138.jpg 250w\" sizes=\"(max-width: 300px) 100vw, 300px\" \/><\/a>ALMACENAMIENTO DEL SERVIDOR<\/strong><\/h2>\n<p>Puede crear carpetas compartidas en un servidor secundario manteniendo el mismo prefijo de ruta de <a href=\"https:\/\/docs.microsoft.com\/en-us\/openspecs\/windows_protocols\/ms-dtyp\/62e862f4-2a51-452e-8eeb-dc4ff5ee33cc\" target=\"_blank\" rel=\"noopener\">la Convenci\u00f3n de Nombres Universales (UNC<\/a> ). Puede especificar una cuota de espacio para una carpeta del servidor y recibir una alerta cuando el tama\u00f1o de una carpeta del servidor supere la cuota definida<\/p>\n<p>&nbsp;<\/p>\n<p>&nbsp;<\/p>\n<h2><strong><a href=\"http:\/\/allgoodkeys.com\/wp-content\/uploads\/2022\/11\/1-1-300x217.jpg\"><img decoding=\"async\" class=\"alignleft wp-image-24657\" src=\"http:\/\/allgoodkeys.com\/wp-content\/uploads\/2022\/11\/1-1-300x217.jpg\" alt=\"Protecci\u00f3n de datos\" width=\"241\" height=\"174\" srcset=\"https:\/\/allgoodkeys.com\/wp-content\/uploads\/2022\/11\/1-1-300x217.jpg 300w, https:\/\/allgoodkeys.com\/wp-content\/uploads\/2022\/11\/1-1-250x181.jpg 250w, https:\/\/allgoodkeys.com\/wp-content\/uploads\/2022\/11\/1-1.jpg 396w\" sizes=\"(max-width: 241px) 100vw, 241px\" \/><\/a>PROTECCI\u00d3N DE DATOS<\/strong><\/h2>\n<p>Las copias de seguridad del historial de archivos se configuran por usuario en lugar de por dispositivo. Adem\u00e1s, puedes restaurar autom\u00e1ticamente tus datos a trav\u00e9s de las copias de seguridad del Historial de Archivos en un nuevo ordenador si el antiguo ya no funciona o no est\u00e1 disponible. La primera vez que inicie sesi\u00f3n en su nuevo ordenador en la red, se le pedir\u00e1 que restaure sus archivos desde las copias de seguridad del Historial de Archivos<\/p>\n<p>&nbsp;<\/p>\n<p>&nbsp;<\/p>\n<p>&nbsp;<\/p>\n<h2><a href=\"http:\/\/allgoodkeys.com\/wp-content\/uploads\/2022\/11\/3-300x177.jpg\"><img decoding=\"async\" class=\"alignleft wp-image-24659\" src=\"http:\/\/allgoodkeys.com\/wp-content\/uploads\/2022\/11\/3-300x177.jpg\" alt=\"usuario\" width=\"275\" height=\"162\" srcset=\"https:\/\/allgoodkeys.com\/wp-content\/uploads\/2022\/11\/3-300x177.jpg 300w, https:\/\/allgoodkeys.com\/wp-content\/uploads\/2022\/11\/3-250x147.jpg 250w, https:\/\/allgoodkeys.com\/wp-content\/uploads\/2022\/11\/3.jpg 503w\" sizes=\"(max-width: 275px) 100vw, 275px\" \/><\/a>USUARIOS Y GRUPOS<\/h2>\n<p style=\"font-style: inherit; font-weight: inherit;\">Puedes crear grupos de usuarios y a\u00f1adir cuentas de usuario a ellos. Los permisos de las cuentas de usuario se pueden gestionar a trav\u00e9s de su pertenencia a grupos de usuarios. Si su servidor est\u00e1 integrado con Office 365, puede gestionar sus grupos de distribuci\u00f3n de Office 365 desde el Panel de control<\/p>\n<p>&nbsp;<\/p>\n<p>&nbsp;<\/p>\n<p>&nbsp;<\/p>\n<h2><a href=\"http:\/\/allgoodkeys.com\/wp-content\/uploads\/2022\/11\/2-300x183.jpg\"><img decoding=\"async\" class=\"alignleft size-medium wp-image-24661\" src=\"http:\/\/allgoodkeys.com\/wp-content\/uploads\/2022\/11\/2-300x183.jpg\" alt=\"\" width=\"300\" height=\"183\" srcset=\"https:\/\/allgoodkeys.com\/wp-content\/uploads\/2022\/11\/2-300x183.jpg 300w, https:\/\/allgoodkeys.com\/wp-content\/uploads\/2022\/11\/2-250x152.jpg 250w, https:\/\/allgoodkeys.com\/wp-content\/uploads\/2022\/11\/2.jpg 364w\" sizes=\"(max-width: 300px) 100vw, 300px\" \/><\/a>INTEGRACI\u00d3N DE LOS SERVICIOS EN L\u00cdNEA DE MS<\/h2>\n<p style=\"font-style: inherit; font-weight: inherit;\">La integraci\u00f3n de Windows Server 2012 con los servicios en l\u00ednea de Microsoft, incluidos Microsoft Azure Active Directory (Azure AD), Office 365, Windows Intune y Exchange local, solo se admite en un entorno de controlador de dominio \u00fanico. El asistente de integraci\u00f3n para estos servicios en l\u00ednea de Microsoft debe ejecutarse en un controlador de dominio<\/p>\n<p>&nbsp;<\/p>\n<p>&nbsp;<\/p>\n<h2>DESPLIEGUE DE CLIENTES<\/h2>\n<p style=\"font-style: inherit; font-weight: inherit;\">El Conector puede utilizarse para conectarse a un servidor que ejecuta Windows Server 2012 desde una ubicaci\u00f3n remota. El Conector puede activar la marcaci\u00f3n autom\u00e1tica de VPN en clientes unidos a un dominio, para que los clientes puedan estar siempre conectados al Servidor cuando est\u00e9n trabajando fuera de las instalaciones<\/p>\n<h2>DESPLIEGUE DE SERVIDORES<\/h2>\n<p style=\"font-style: inherit; font-weight: inherit;\">El Essentials Windows Server 2012 debe ser el controlador de dominio en la ra\u00edz del bosque y del dominio, y debe tener todos los roles de FSMO. Como parte del proceso de instalaci\u00f3n, puede optar por instalar Windows Server 2012 Essentials como una m\u00e1quina virtual siguiendo las instrucciones de un asistente<\/p>\n<h2>OBTENER M\u00c1S WINDOWS SERVER 2012 R2 ESSENTIALS<\/h2>\n<h4>ACCESO REMOTO A LA WEB<\/h4>\n<p style=\"font-style: inherit; font-weight: inherit;\"><span style=\"font-style: inherit; font-weight: inherit;\">El acceso remoto a la web est\u00e1 optimizado para dispositivos t\u00e1ctiles y mejorado con una gran compatibilidad con HTML5<\/span><\/p>\n<h4>BRANCHCACHE<\/h4>\n<p style=\"font-style: inherit; font-weight: inherit;\"><span style=\"font-style: inherit; font-weight: inherit;\">Puede activar BranchCache para mejorar el acceso a los datos si el servidor que ejecuta Windows Server 2012 se encuentra fuera de las instalaciones<\/span><\/p>\n<h4>RESTAURACI\u00d3N COMPLETA DEL SISTEMA DEL CLIENTE<\/h4>\n<p style=\"font-style: inherit; font-weight: inherit;\"><span style=\"font-style: inherit; font-weight: inherit;\">Puede crear un servicio de restauraci\u00f3n de clientes mediante la tarea Configurar servicio de restauraci\u00f3n de clientes, realizar la restauraci\u00f3n completa del sistema de clientes a trav\u00e9s de la red<\/span><\/p>\n<h4>INTEGRACI\u00d3N DE OFFICE 365<\/h4>\n<p style=\"font-style: inherit; font-weight: inherit;\"><span style=\"font-style: inherit; font-weight: inherit;\">La integraci\u00f3n de Windows Server 2012 con <a style=\"font-style: inherit; font-weight: inherit;\" href=\"https:\/\/allgoodkeys.com\/producto\/microsoft-office-365-professional-plus\/\" target=\"_blank\" rel=\"noopener\">Office 365<\/a> solo es compatible con un entorno de controlador de dominio \u00fanico<\/span><\/p>\n<h4>INFORMES DE SALUD<\/h4>\n<p style=\"font-style: inherit; font-weight: inherit;\"><span style=\"font-style: inherit; font-weight: inherit;\">Health Reports est\u00e1 integrado en Windows Server 2012 y ya no es necesario instalarlo como complemento<\/span><\/p>\n<h4>DISPOSITIVOS M\u00d3VILES<\/h4>\n<p style=\"font-style: inherit; font-weight: inherit;\"><span style=\"font-style: inherit; font-weight: inherit;\">Si su servidor est\u00e1 integrado con Office 365, puede gestionar sus dispositivos m\u00f3viles utilizando las funcionalidades de Exchange Active Sync<\/span><\/p>\n<h2>SPEC<\/h2>\n<p>M\u00c9TODO DE INSTALACI\u00d3N: Descarga digital<br \/>\nTIEMPO ESTIMADO DE ENTREGA: Al instante<br \/>\nUSUARIOS SOPORTADOS: 1 usuario administrador<br \/>\nDISPOSITIVOS COMPATIBLES: 1 Servidor<br \/>\nINSTALACIONES SOPORTADAS: 1 instalaci\u00f3n de servidor<br \/>\nTIPO DE LICENCIA: De por vida<br \/>\nDURACI\u00d3N DE LA LICENCIA: Indefinida<br \/>\nUSO CON LICENCIA: Con licencia para uso dom\u00e9stico y comercial<br \/>\nMARCA: Microsoft<br \/>\nGTIN: 885370627855<br \/>\nCARACTER\u00cdSTICAS: 1-2 CPU<br \/>\nLICENCIA DE N\u00daCLEO: 1 &#8211; 2 CPU<\/p>\n<p>&nbsp;<\/p>\n<div>\n<h3><b><strong>Es usted un revendedor?<\/strong><\/b><\/h3>\n<p>Si eres un <b><br \/>\n<strong>revendedor,<\/strong><br \/>\n<\/b> env\u00edenos un correo a <a href=\"https:\/\/allgoodkeys.com\/contact-us\/\" target=\"_blank\" rel=\"noopener\"><br \/>\n<strong>Support@allgoodkeys.com<\/strong><br \/>\n<\/a> y le enviaremos una oferta a medida <b><strong>lista de precios. Trabajemos juntos.<\/strong><\/b><\/p>\n<p>Para la seguridad de su dispositivo siempre recomendamos la instalaci\u00f3n de un Antivirus, puede elegir su <a title=\"La mejor oferta de antivirus\" href=\"https:\/\/allgoodkeys.com\/es\/categoria-producto\/antivirus-y-seguridad\/\" target=\"_blank\" rel=\"noopener\"><strong><em>Antivirus haciendo clic aqu\u00ed<\/em><\/strong><\/a>.<\/p>\n<h3>Afiliarse<\/h3>\n<p>\u00a1Gana comisiones promocionando nuestros productos digitales! <strong>\u00danase a nuestro programa de afiliados<\/strong>, obtenga un enlace de seguimiento \u00fanico y empiece a monetizar su plataforma. Inscr\u00edbase hoy mismo y ofrezca productos valiosos a su p\u00fablico. <strong><a href=\"https:\/\/allgoodkeys.com\/es\/afiliarse\/\" target=\"_blank\" rel=\"noopener\">Visite la p\u00e1gina de nuestro programa de afiliados<\/a><\/strong><\/p>\n<\/div>\n<div><\/div>\n<div>\n<div>\n<h3><strong>Buscar m\u00e1s productos en Todas las llaves buenas<\/strong><\/h3>\n<p><strong><a title=\"Comprar e instalar sistemas operativos Windows\" href=\"https:\/\/allgoodkeys.com\/es\/categoria-producto\/sistema-operativo\/\" target=\"_blank\" rel=\"noopener\">Sistemas operativos Windows<\/a>: <a title=\"Comprar e instalar la licencia original de Microsoft Windows 11\" href=\"https:\/\/allgoodkeys.com\/es\/categoria-producto\/sistema-operativo-windows-11\/\" target=\"_blank\" rel=\"noopener\">Windows 11<\/a> &#8211; <a title=\"Comprar e instalar Windows 10 Microsoft Original\" href=\"https:\/\/allgoodkeys.com\/es\/categoria-producto\/sistema-operativo-windows-10\/\" target=\"_blank\" rel=\"noopener\">Windows 10<\/a> &#8211; <a title=\"Comprar e instalar Windows 8 Microsoft Original\" href=\"https:\/\/allgoodkeys.com\/producto\/windows-8-1-professional-key\/\" target=\"_blank\" rel=\"noopener\">Windows 8<\/a><\/strong><br \/>\n<strong><a title=\"Comprar e instalar licencias originales de Microsoft Office Suites\" href=\"https:\/\/allgoodkeys.com\/es\/categoria-producto\/microsoft-office\/\" target=\"_blank\" rel=\"noopener\">Suites de Microsoft Office<\/a>: <a href=\"https:\/\/allgoodkeys.com\/es\/categoria-producto\/microsoft-office-2021-es\/\" target=\"_blank\" rel=\"noopener\">Office 2021<\/a> &#8211; <a title=\"Comprar e instalar la licencia original de Microsoft Office 2019\" href=\"https:\/\/allgoodkeys.com\/es\/categoria-producto\/microsoft-office-2019-es\/\" target=\"_blank\" rel=\"noopener\">Office 2019<\/a> &#8211; <a title=\"Comprar e instalar la licencia original de Office 2016\" href=\"https:\/\/allgoodkeys.com\/producto\/office-2016-professional-plusivation-key\/\" target=\"_blank\" rel=\"noopener\">Office 2016<\/a> &#8211; <a title=\"Comprar e instalar Office para Mac Microsoft Original\" href=\"https:\/\/allgoodkeys.com\/es\/categoria-producto\/office-para-mac\/\" target=\"_blank\" rel=\"noopener\">Office para Mac<\/a><\/strong><br \/>\n<strong><a title=\"Comprar e instalar el mejor antivirus\" href=\"https:\/\/allgoodkeys.com\/es\/categoria-producto\/antivirus-y-seguridad\/\" target=\"_blank\" rel=\"noopener\">Antivirus<\/a>: <a title=\"Comprar e instalar el antivirus original de Kaspersky\" href=\"https:\/\/allgoodkeys.com\/es\/categoria-producto\/kaspersky-es\/\" target=\"_blank\" rel=\"noopener\">Kaspersky<\/a> &#8211; <a title=\"Comprar e instalar el antivirus original de ESET\" href=\"https:\/\/allgoodkeys.com\/es\/categoria-producto\/eset-es\/\" target=\"_blank\" rel=\"noopener\">ESET<\/a> &#8211; <a title=\"Comprar e instalar el Avast Antivirus original\" href=\"https:\/\/allgoodkeys.com\/es\/categoria-producto\/avast\/\" target=\"_blank\" rel=\"noopener\">Avast<\/a> &#8211; <a href=\"https:\/\/allgoodkeys.com\/es\/categoria-producto\/avg\/\" target=\"_blank\" rel=\"noopener\">AVG<\/a><\/strong><\/p>\n<\/div>\n<\/div>\n<p>&nbsp;<\/p>\n","protected":false},"excerpt":{"rendered":"<p>[icon name=\"circle-check\" prefix=\"fas\"]\u00a0 DESCARGA DIGITAL INSTANT\u00c1NEA<\/p>\n<p>[icon name=\"circle-check\" prefix=\"fas\"]\u00a0 SOPORTE DE POR VIDA<\/p>\n<p><a href=\"https:\/\/allgoodkeys.com\/es\/garantia-de-trusted-shops\/\" target=\"_blank\" rel=\"noopener\"><img decoding=\"async\" class=\"alignnone wp-image-48998\" src=\"https:\/\/allgoodkeys.com\/wp-content\/uploads\/2021\/02\/trusted-shops-es.png\" alt=\"\" width=\"195\" height=\"55\" srcset=\"https:\/\/allgoodkeys.com\/wp-content\/uploads\/2021\/02\/trusted-shops-es.png 396w, https:\/\/allgoodkeys.com\/wp-content\/uploads\/2021\/02\/trusted-shops-es-300x85.png 300w, https:\/\/allgoodkeys.com\/wp-content\/uploads\/2021\/02\/trusted-shops-es-250x71.png 250w\" sizes=\"(max-width: 195px) 100vw, 195px\" \/><\/a><\/p>\n","protected":false},"featured_media":24695,"comment_status":"open","ping_status":"closed","template":"","meta":{"rank_math_title":"Comprar la clave de licencia de Windows Server 2012 R2 Essentials","rank_math_description":"Microsoft Windows Server 2012 R2 Essentials es la soluci\u00f3n de servidor en la que conf\u00edan las organizaciones de todo el mundo. Proporcionando soluciones de licencias y servidores a los profesionales de la inform\u00e1tica de todo Estados Unidos.","rank_math_focus_keyword":"Windows Server 2012 R2 Essentials"},"product_brand":[],"product_cat":[378,371],"product_tag":[426,425,423,422,424],"woo-feed-brand":[],"class_list":{"0":"post-25265","1":"product","2":"type-product","3":"status-publish","4":"has-post-thumbnail","6":"product_cat-servidores-windows","7":"product_cat-todos-los-productos","8":"product_tag-esenciales","9":"product_tag-microsoft-windows-server-es","10":"product_tag-microsoft-windows-server-2012-r2-es","11":"product_tag-microsoft-windows-server-2012-r2-essentials-es","12":"product_tag-server-2012-r2-essentials-es","14":"first","15":"instock","16":"virtual","17":"taxable","18":"purchasable","19":"product-type-simple"},"jetpack_sharing_enabled":true,"_links":{"self":[{"href":"https:\/\/allgoodkeys.com\/es\/wp-json\/wp\/v2\/product\/25265","targetHints":{"allow":["GET"]}}],"collection":[{"href":"https:\/\/allgoodkeys.com\/es\/wp-json\/wp\/v2\/product"}],"about":[{"href":"https:\/\/allgoodkeys.com\/es\/wp-json\/wp\/v2\/types\/product"}],"replies":[{"embeddable":true,"href":"https:\/\/allgoodkeys.com\/es\/wp-json\/wp\/v2\/comments?post=25265"}],"wp:featuredmedia":[{"embeddable":true,"href":"https:\/\/allgoodkeys.com\/es\/wp-json\/wp\/v2\/media\/24695"}],"wp:attachment":[{"href":"https:\/\/allgoodkeys.com\/es\/wp-json\/wp\/v2\/media?parent=25265"}],"wp:term":[{"taxonomy":"product_brand","embeddable":true,"href":"https:\/\/allgoodkeys.com\/es\/wp-json\/wp\/v2\/product_brand?post=25265"},{"taxonomy":"product_cat","embeddable":true,"href":"https:\/\/allgoodkeys.com\/es\/wp-json\/wp\/v2\/product_cat?post=25265"},{"taxonomy":"product_tag","embeddable":true,"href":"https:\/\/allgoodkeys.com\/es\/wp-json\/wp\/v2\/product_tag?post=25265"},{"taxonomy":"woo-feed-brand","embeddable":true,"href":"https:\/\/allgoodkeys.com\/es\/wp-json\/wp\/v2\/woo-feed-brand?post=25265"}],"curies":[{"name":"wp","href":"https:\/\/api.w.org\/{rel}","templated":true}]}}