{"id":25264,"date":"2022-11-02T11:40:43","date_gmt":"2022-11-02T11:40:43","guid":{"rendered":"https:\/\/allgoodkeys.com\/product\/servicios-de-escritorio-remoto-de-windows-server-2016-certificado-de-50-cals-de-dispositivos\/"},"modified":"2025-02-07T18:03:55","modified_gmt":"2025-02-07T18:03:55","slug":"servicios-de-escritorio-remoto-de-windows-server-2016-certificado-de-50-cals-de-dispositivos","status":"publish","type":"product","link":"https:\/\/allgoodkeys.com\/es\/producto\/servicios-de-escritorio-remoto-de-windows-server-2016-certificado-de-50-cals-de-dispositivos\/","title":{"rendered":"Servicios de Escritorio Remoto de Windows Server 2016 &#8211; Certificado de 50 CALs de dispositivos"},"content":{"rendered":"<h2>QU\u00c9 ES EL SERVICIO DE ESCRITORIO REMOTO PARA WINDOWS SERVER 2016?<\/h2>\n<p style=\"font-style: inherit; font-weight: inherit;\">La CAL de los Servicios de Escritorio Remoto de Windows Server 2016 forma parte del sistema de licencias flexible de <a style=\"font-style: inherit; font-weight: inherit;\" href=\"https:\/\/allgoodkeys.com\/es\/categoria-producto\/servidores-windows\/\" target=\"_blank\" rel=\"noopener\">Windows Server<\/a> 2016. Ofrecer\u00e1 a los clientes la oportunidad de aprovechar las fant\u00e1sticas mejoras que la convierten en la versi\u00f3n \u00f3ptima de RDS, hasta la fecha, con varias \u00e1reas de innovaci\u00f3n para mejorar las experiencias administrativas y de los clientes.<\/p>\n<p style=\"font-style: inherit; font-weight: inherit;\">Esta versi\u00f3n \u00bb RDS 2016\u2033 trajo la innovaci\u00f3n centrada en tres \u00e1reas: Simplificar la gesti\u00f3n de TI, la experiencia del usuario y la mejora de la seguridad.<\/p>\n<h2>Qu\u00e9 son los Servicios de Escritorio Remoto?<\/h2>\n<p style=\"font-style: inherit; font-weight: inherit;\">RDS, abreviatura de \u00abremote desktop services\u00bb (servicios de escritorio remoto), se refiere a la funci\u00f3n que permite a los usuarios utilizar programas de Windows y escritorios visuales de forma remota. Utilizando las licencias de acceso a clientes adecuadas, las redes de ordenadores de sobremesa pueden gestionarse de forma centralizada (CALs). Adem\u00e1s, las licencias de dispositivos de 2016 pueden combinarse con cualquier posible licencia de Windows Server 2012 Core que ya exista. Esto ofrece al departamento de TI de una organizaci\u00f3n m\u00e1s tiempo para actualizar el sistema operativo del servidor m\u00e1s reciente. Las futuras actualizaciones se instalar\u00e1n m\u00e1s r\u00e1pidamente gracias a la funci\u00f3n \u00abActualizaciones expr\u00e9s\u00bb.<\/p>\n<h2>Necesito una licencia de acceso de cliente?<\/h2>\n<p style=\"font-style: inherit; font-weight: inherit;\">Cada usuario y dispositivo que se conecta a un host de Sesi\u00f3n de Escritorio Remoto necesita una licencia de acceso de cliente (CAL). La instalaci\u00f3n, la emisi\u00f3n y el seguimiento de las CAL de RDS requieren un servidor de licencias de RDS. El servidor RD Session Host decide si se requiere una CAL RDS cuando un usuario o dispositivo se conecta a \u00e9l.<\/p>\n<h2>LA DIFERENCIA ENTRE CAL DE USUARIO Y CAL DE DISPOSITIVO<\/h2>\n<h5>Obtenga la licencia de sus implantaciones con licencias de acceso de cliente de dispositivo o de usuario<\/h5>\n<p>Cada usuario o dispositivo que acceda a un Windows Server con licencia requiere una CAL de Windows Server o un Windows Server y una CAL de Servicios de Escritorio Remoto (RDS).<\/p>\n<p>&nbsp;<\/p>\n<h4><a href=\"http:\/\/allgoodkeys.com\/wp-content\/uploads\/2022\/11\/1-2-300x162.jpg\"><img decoding=\"async\" class=\"alignleft size-medium wp-image-24664\" src=\"http:\/\/allgoodkeys.com\/wp-content\/uploads\/2022\/11\/1-2-300x162.jpg\" alt=\"llamada del usuario\" width=\"300\" height=\"162\" srcset=\"https:\/\/allgoodkeys.com\/wp-content\/uploads\/2022\/11\/1-2-300x162.jpg 300w, https:\/\/allgoodkeys.com\/wp-content\/uploads\/2022\/11\/1-2-570x308.jpg 570w, https:\/\/allgoodkeys.com\/wp-content\/uploads\/2022\/11\/1-2-250x135.jpg 250w, https:\/\/allgoodkeys.com\/wp-content\/uploads\/2022\/11\/1-2.jpg 606w\" sizes=\"(max-width: 300px) 100vw, 300px\" \/><\/a>SERVICIOS DE ESCRITORIO REMOTO USUARIO CALS<\/h4>\n<p>Permite a un usuario establecer una sesi\u00f3n de Escritorio Remoto en un servidor anfitri\u00f3n de la sesi\u00f3n de Escritorio Remoto. Independientemente del n\u00famero de dispositivos que el usuario utilice para conectarse.<\/p>\n<p>&nbsp;<\/p>\n<p>&nbsp;<\/p>\n<p>&nbsp;<\/p>\n<p><a href=\"http:\/\/allgoodkeys.com\/wp-content\/uploads\/2022\/11\/1-3-300x161.jpg\"><img decoding=\"async\" class=\"alignleft size-medium wp-image-24666\" src=\"http:\/\/allgoodkeys.com\/wp-content\/uploads\/2022\/11\/1-3-300x161.jpg\" alt=\"Usuario del dispositivo\" width=\"300\" height=\"161\" srcset=\"https:\/\/allgoodkeys.com\/wp-content\/uploads\/2022\/11\/1-3-300x161.jpg 300w, https:\/\/allgoodkeys.com\/wp-content\/uploads\/2022\/11\/1-3-570x306.jpg 570w, https:\/\/allgoodkeys.com\/wp-content\/uploads\/2022\/11\/1-3-250x134.jpg 250w, https:\/\/allgoodkeys.com\/wp-content\/uploads\/2022\/11\/1-3.jpg 624w\" sizes=\"(max-width: 300px) 100vw, 300px\" \/><\/a><\/p>\n<div class=\"elementor-element elementor-element-5a79edef elementor-widget elementor-widget-heading\" data-id=\"5a79edef\" data-element_type=\"widget\" data-widget_type=\"heading.default\">\n<div class=\"elementor-widget-container\">\n<h4 class=\"elementor-heading-title elementor-size-default\">SERVICIOS DE ESCRITORIO REMOTO DISPOSITIVO CALS<\/h4>\n<\/div>\n<\/div>\n<div class=\"elementor-element elementor-element-34b7ff84 elementor-widget elementor-widget-text-editor\" data-id=\"34b7ff84\" data-element_type=\"widget\" data-widget_type=\"text-editor.default\">\n<div class=\"elementor-widget-container\">\n<div class=\"elementor-text-editor elementor-clearfix\">\n<p>Permite que un dispositivo espec\u00edfico establezca una sesi\u00f3n de Escritorio Remoto en un servidor anfitri\u00f3n de la sesi\u00f3n de Escritorio Remoto. Independientemente del n\u00famero de usuarios que se conecten desde este dispositivo.<\/p>\n<\/div>\n<\/div>\n<\/div>\n<p>&nbsp;<\/p>\n<p>&nbsp;<\/p>\n<h2>Servicios de Escritorio Remoto de Windows Server 2016 &#8211; 50 CALs de dispositivos Especificaciones del certificado:<\/h2>\n<p>M\u00c9TODO DE INSTALACI\u00d3N: Descarga digital<br \/>\nTIEMPO ESTIMADO DE ENTREGA: Al instante<br \/>\nDISPOSITIVOS SOPORTADOS: 1 conexi\u00f3n local concurrente por licencia de dispositivo, dispositivos ilimitados por licencia de usuario<br \/>\nTIPO DE LICENCIA: De por vida<br \/>\nDURACI\u00d3N DE LA LICENCIA: Indefinida<br \/>\nUSO CON LICENCIA: Con licencia para uso dom\u00e9stico y comercial<br \/>\nMARCA: <a href=\"https:\/\/www.microsoft.com\/\" target=\"_blank\" rel=\"noopener\">Microsoft<\/a><br \/>\nGTIN: 5532090<br \/>\nCARACTER\u00cdSTICAS: Incluye 50 CALs de dispositivos de escritorio remoto<br \/>\nSISTEMAS OPERATIVOS COMPATIBLES: Windows Server 2016<\/p>\n<p>&nbsp;<\/p>\n<h3><b><strong>Es usted un revendedor?<\/strong><\/b><\/h3>\n<p>Si eres un <b><br \/>\n<strong>revendedor,<\/strong><br \/>\n<\/b> env\u00edenos un correo a <a href=\"https:\/\/allgoodkeys.com\/contact-us\/\" target=\"_blank\" rel=\"noopener\"><br \/>\n<strong>Support@allgoodkeys.com<\/strong><br \/>\n<\/a> y le enviaremos una oferta a medida <b><strong>lista de precios. Trabajemos juntos.<\/strong><\/b><\/p>\n<h3>Afiliarse<\/h3>\n<p>\u00a1Gana comisiones promocionando nuestros productos digitales! <strong>\u00danase a nuestro programa de afiliados<\/strong>, obtenga un enlace de seguimiento \u00fanico y empiece a monetizar su plataforma. Inscr\u00edbase hoy mismo y ofrezca productos valiosos a su p\u00fablico. <strong><a href=\"https:\/\/allgoodkeys.com\/es\/afiliarse\/\" target=\"_blank\" rel=\"noopener\">Visite la p\u00e1gina de nuestro programa de afiliados<\/a><\/strong><\/p>\n<p>&nbsp;<\/p>\n<h3><strong>Buscar m\u00e1s productos en Todas las llaves buenas<\/strong><\/h3>\n<p><strong><a title=\"Comprar e instalar sistemas operativos Windows\" href=\"https:\/\/allgoodkeys.com\/es\/categoria-producto\/sistema-operativo\/\" target=\"_blank\" rel=\"noopener\">Sistemas operativos Windows<\/a>: <a title=\"Comprar e instalar la licencia original de Microsoft Windows 11\" href=\"https:\/\/allgoodkeys.com\/es\/categoria-producto\/sistema-operativo-windows-11\/\" target=\"_blank\" rel=\"noopener\">Windows 11<\/a> &#8211; <a title=\"Comprar e instalar Windows 10 Microsoft Original\" href=\"https:\/\/allgoodkeys.com\/es\/categoria-producto\/sistema-operativo-windows-10\/\" target=\"_blank\" rel=\"noopener\">Windows 10<\/a> &#8211; <a title=\"Comprar e instalar Windows 8 Microsoft Original\" href=\"https:\/\/allgoodkeys.com\/producto\/windows-8-1-professional-key\/\" target=\"_blank\" rel=\"noopener\">Windows 8<\/a><\/strong><br \/>\n<strong><a title=\"Comprar e instalar licencias originales de Microsoft Office Suites\" href=\"https:\/\/allgoodkeys.com\/es\/categoria-producto\/microsoft-office\/\" target=\"_blank\" rel=\"noopener\">Suites de Microsoft Office<\/a>: <a href=\"https:\/\/allgoodkeys.com\/es\/categoria-producto\/microsoft-office-2021-es\/\" target=\"_blank\" rel=\"noopener\">Office 2021<\/a> &#8211; <a title=\"Comprar e instalar la licencia original de Microsoft Office 2019\" href=\"https:\/\/allgoodkeys.com\/es\/categoria-producto\/microsoft-office-2019-es\/\" target=\"_blank\" rel=\"noopener\">Office 2019<\/a> &#8211; <a title=\"Comprar e instalar la licencia original de Office 2016\" href=\"https:\/\/allgoodkeys.com\/producto\/office-2016-professional-plusivation-key\/\" target=\"_blank\" rel=\"noopener\">Office 2016<\/a> &#8211; <a title=\"Comprar e instalar Office para Mac Microsoft Original\" href=\"https:\/\/allgoodkeys.com\/es\/categoria-producto\/office-para-mac\/\" target=\"_blank\" rel=\"noopener\">Office para Mac<\/a><\/strong><br \/>\n<strong><a title=\"Comprar e instalar el mejor antivirus\" href=\"https:\/\/allgoodkeys.com\/es\/categoria-producto\/antivirus-y-seguridad\/\" target=\"_blank\" rel=\"noopener\">Antivirus<\/a>: <a title=\"Comprar e instalar el antivirus original de Kaspersky\" href=\"https:\/\/allgoodkeys.com\/es\/categoria-producto\/kaspersky-es\/\" target=\"_blank\" rel=\"noopener\">Kaspersky<\/a> &#8211; <a title=\"Comprar e instalar el antivirus original de ESET\" href=\"https:\/\/allgoodkeys.com\/es\/categoria-producto\/eset-es\/\" target=\"_blank\" rel=\"noopener\">ESET<\/a> &#8211; <a title=\"Comprar e instalar el Avast Antivirus original\" href=\"https:\/\/allgoodkeys.com\/es\/categoria-producto\/avast\/\" target=\"_blank\" rel=\"noopener\">Avast<\/a> &#8211; <a href=\"https:\/\/allgoodkeys.com\/es\/categoria-producto\/avg\/\" target=\"_blank\" rel=\"noopener\">AVG<\/a><\/strong><\/p>\n<p>&nbsp;<\/p>\n<p>&nbsp;<\/p>\n","protected":false},"excerpt":{"rendered":"<p>[icon name=\"circle-check\" prefix=\"fas\"]\u00a0 DESCARGA DIGITAL INSTANT\u00c1NEA<\/p>\n<p>[icon name=\"circle-check\" prefix=\"fas\"]\u00a0 SOPORTE DE POR VIDA<\/p>\n<p><a href=\"https:\/\/allgoodkeys.com\/es\/garantia-de-trusted-shops\/\" target=\"_blank\" rel=\"noopener\"><img decoding=\"async\" class=\"alignnone wp-image-48998\" src=\"https:\/\/allgoodkeys.com\/wp-content\/uploads\/2021\/02\/trusted-shops-es.png\" alt=\"\" width=\"195\" height=\"55\" srcset=\"https:\/\/allgoodkeys.com\/wp-content\/uploads\/2021\/02\/trusted-shops-es.png 396w, https:\/\/allgoodkeys.com\/wp-content\/uploads\/2021\/02\/trusted-shops-es-300x85.png 300w, https:\/\/allgoodkeys.com\/wp-content\/uploads\/2021\/02\/trusted-shops-es-250x71.png 250w\" sizes=\"(max-width: 195px) 100vw, 195px\" \/><\/a><\/p>\n","protected":false},"featured_media":24743,"comment_status":"open","ping_status":"closed","template":"","meta":{"rank_math_title":"Comprar Servicios de Escritorio Remoto de Windows Server 2016 - 50 CALs de dispositivos","rank_math_description":"Servicios de Escritorio Remoto de Windows Server 2016 - Certificado de 50 CALs de dispositivos le permite Aumentar las conexiones de dispositivos remotos por 50 y permitir m\u00e1s caballos de fuerza...","rank_math_focus_keyword":"Servicios de escritorio remoto de Windows Server 2016"},"product_brand":[],"product_cat":[378,371],"product_tag":[418,417,421,420,419],"woo-feed-brand":[],"class_list":{"0":"post-25264","1":"product","2":"type-product","3":"status-publish","4":"has-post-thumbnail","6":"product_cat-servidores-windows","7":"product_cat-todos-los-productos","8":"product_tag-conexiones-de-dispositivos-de-servicios-de-escritorio-remoto-50","9":"product_tag-conexiones-de-dispositivos-de-servicios-de-escritorio-remoto-de-windows-server-2016-50","10":"product_tag-escritorio-remoto","11":"product_tag-escritorio-remoto-de-windows-server-2016","12":"product_tag-windows-server-2016-es","14":"first","15":"instock","16":"virtual","17":"taxable","18":"purchasable","19":"product-type-simple"},"jetpack_sharing_enabled":true,"_links":{"self":[{"href":"https:\/\/allgoodkeys.com\/es\/wp-json\/wp\/v2\/product\/25264","targetHints":{"allow":["GET"]}}],"collection":[{"href":"https:\/\/allgoodkeys.com\/es\/wp-json\/wp\/v2\/product"}],"about":[{"href":"https:\/\/allgoodkeys.com\/es\/wp-json\/wp\/v2\/types\/product"}],"replies":[{"embeddable":true,"href":"https:\/\/allgoodkeys.com\/es\/wp-json\/wp\/v2\/comments?post=25264"}],"wp:featuredmedia":[{"embeddable":true,"href":"https:\/\/allgoodkeys.com\/es\/wp-json\/wp\/v2\/media\/24743"}],"wp:attachment":[{"href":"https:\/\/allgoodkeys.com\/es\/wp-json\/wp\/v2\/media?parent=25264"}],"wp:term":[{"taxonomy":"product_brand","embeddable":true,"href":"https:\/\/allgoodkeys.com\/es\/wp-json\/wp\/v2\/product_brand?post=25264"},{"taxonomy":"product_cat","embeddable":true,"href":"https:\/\/allgoodkeys.com\/es\/wp-json\/wp\/v2\/product_cat?post=25264"},{"taxonomy":"product_tag","embeddable":true,"href":"https:\/\/allgoodkeys.com\/es\/wp-json\/wp\/v2\/product_tag?post=25264"},{"taxonomy":"woo-feed-brand","embeddable":true,"href":"https:\/\/allgoodkeys.com\/es\/wp-json\/wp\/v2\/woo-feed-brand?post=25264"}],"curies":[{"name":"wp","href":"https:\/\/api.w.org\/{rel}","templated":true}]}}