{"id":25139,"date":"2021-10-25T12:07:29","date_gmt":"2021-10-25T12:07:29","guid":{"rendered":"https:\/\/allgoodkeys.com\/product\/windows-10-professional-office-2019-professional-plus-paquete\/"},"modified":"2025-02-07T18:04:30","modified_gmt":"2025-02-07T18:04:30","slug":"windows-10-professional-office-2019-professional-plus-bundle-2","status":"publish","type":"product","link":"https:\/\/allgoodkeys.com\/es\/producto\/windows-10-professional-office-2019-professional-plus-bundle-2\/","title":{"rendered":"Windows 10 Professional + Office 2019 Professional Plus &#8211; Paquete"},"content":{"rendered":"<div style=\"text-align: center;\">\n<h1 style=\"text-align: left;\"><strong> Windows 10 Professional + Office 2019 Professional Plus &#8211; Paquete<\/strong><\/h1>\n<p style=\"text-align: left;\"><strong>Sistema de requisitos m\u00ednimos de Office 2019 Professional Plus: 32\/64 bits Windows 10.<\/strong><\/p>\n<p style=\"text-align: left;\">Por favor, primero active su clave en este sitio <a href=\"https:\/\/setup.office.com\/\" target=\"_blank\" rel=\"noopener\"><strong>https:\/\/setup.office.com\/<\/strong><\/a> , y luego descargue el software. Por favor, no descargue Office antes de terminar la activaci\u00f3n.<\/p>\n<p style=\"text-align: left;\"><strong>Gu\u00eda de activaci\u00f3n : <a href=\"https:\/\/allgoodkeys.com\/how-to-activate-office-by-phone\/\" target=\"_blank\" rel=\"noopener\">Haga clic aqu\u00ed<\/a><\/strong><\/p>\n<p>.<\/p>\n<h3 style=\"text-align: left;\"><strong>Office 2019 Professional Plus<\/strong><\/h3>\n<p style=\"text-align: left;\"><strong>Office 2019 Professional<\/strong> Plus es, sin duda, la soluci\u00f3n ideal para todas las necesidades de su empresa; de hecho, la comunicaci\u00f3n fluida y el intercambio de informaci\u00f3n entre colegas es un aspecto esencial de todo proyecto, para agilizar eficazmente cada etapa del trabajo. En este sentido, <strong>Software Office 2019 Pro<\/strong> ofrece un rendimiento impecable gracias a las distintas herramientas que permiten compartir archivos y datos sin problemas. La compatibilidad con las videollamadas en alta definici\u00f3n es otra funcionalidad que merece la pena mencionar. Adem\u00e1s, los espacios de trabajo se han renovado con una disposici\u00f3n m\u00e1s ordenada y sencilla, para que el acceso a los distintos elementos y funcionalidades sea m\u00e1s r\u00e1pido y f\u00e1cil. El aspecto clave que permite a los usuarios agilizar sustancialmente las tareas es la capacidad basada en el m\u00f3vil: los archivos pueden abrirse y editarse directamente desde la memoria en l\u00ednea, proporcionando al usuario un acceso r\u00e1pido sobre la marcha y eliminando por completo la necesidad de llevar un PC.<\/p>\n<p style=\"text-align: left;\">Con este producto, recibir\u00e1s las herramientas clave de Microsoft para mantenerte organizado y productivo, ya sea en tu negocio o en la comodidad de tu propia casa. En este paquete, recibir\u00e1s Word, Excel, Powerpoint, OneNote, Outlook, Publisher, Access y Skype. Todas las aplicaciones se actualizan con frecuencia, por lo que siempre estar\u00e1s al d\u00eda de las \u00faltimas funciones.<\/p>\n<p>&nbsp;<\/p>\n<h3 style=\"text-align: left;\"><strong>A continuaci\u00f3n se enumeran las aplicaciones incluidas en el producto.<\/strong><\/h3>\n<ol style=\"text-align: left;\">\n<li style=\"text-align: left;\"><strong>Excel 2019<\/strong><\/li>\n<li style=\"text-align: left;\"><strong>Palabra 2019<\/strong><\/li>\n<li style=\"text-align: left;\"><strong>PowerPoint 2019<\/strong><\/li>\n<li style=\"text-align: left;\"><strong>Perspectivas 2019<\/strong><\/li>\n<li style=\"text-align: left;\"><strong>Editorial 2019<\/strong><\/li>\n<li style=\"text-align: left;\"><strong>Acceso 2019<\/strong><\/li>\n<\/ol>\n<p style=\"text-align: left;\">*Suscripci\u00f3n a Skype for Business no incluida.<\/p>\n<p>&nbsp;<\/p>\n<h3 style=\"text-align: left;\"><strong>Qu\u00e9 recibir\u00e9 si compro Office 2019 Professional Plus 32\/64 bits?<\/strong><\/h3>\n<p style=\"text-align: left;\">El producto se entrega en cuesti\u00f3n de segundos directamente por correo electr\u00f3nico, con <strong>lo que se evita el impacto medioambiental del env\u00edo de mercanc\u00edas f\u00edsicas<\/strong>.<\/p>\n<ul style=\"text-align: left;\">\n<li style=\"text-align: left;\">&#8211; 1 C\u00f3digo de activaci\u00f3n de 32\/64 bits v\u00e1lido para su uso en 1 PC- (Clave de producto)<\/li>\n<li style=\"text-align: left;\">&#8211; Enlace de descarga de Office 2019 32\/64 bits (archivo ISO)<\/li>\n<li style=\"text-align: left;\">&#8211; Gu\u00eda de instalaci\u00f3n r\u00e1pida y sencilla<\/li>\n<li style=\"text-align: left;\">&#8211; Asistencia t\u00e9cnica gratuita<\/li>\n<\/ul>\n<\/div>\n<div style=\"text-align: center;\">\n<h3 style=\"text-align: left;\"><strong>El CD-KEY de Windows 10 Professional (32\/64 Bit) s\u00f3lo funciona para <\/strong><strong><a href=\"https:\/\/www.microsoft.com\/en-us\/windows\/\" target=\"_blank\" rel=\"noopener\">Windows,<\/a><\/strong><strong>no para Mac.<\/strong><\/h3>\n<div style=\"text-align: left;\"><\/div>\n<div style=\"text-align: left;\">\n<p><strong>Tenga en cuenta:<\/strong><\/p>\n<p><strong>Windows 10 Home, Windows 7 Home Basic\/Premium y Windows 8.1 CoreCountrySpecific\/CoreSingleLanguage\/Chinese (incl. WMC) NO pueden actualizarse directamente a Windows 10 Professional cambiando la clave de producto en el sistema Windows. Si tiene estas ediciones en su ordenador, necesita hacer una instalaci\u00f3n limpia despu\u00e9s de comprar Windows 10 Professional.<\/strong><\/p>\n<\/div>\n<div style=\"text-align: left;\"><strong>Puede encontrar m\u00e1s informaci\u00f3n sobre la instalaci\u00f3n en el correo electr\u00f3nico de entrega.<\/strong><\/div>\n<div style=\"text-align: left;\"><\/div>\n<div style=\"text-align: left;\"><strong>Gu\u00eda de activaci\u00f3n :\u00a0<\/strong><strong><a href=\"https:\/\/allgoodkeys.com\/es\/como-activar-office-by-phone-guia-de-activacion\/\" target=\"_blank\" rel=\"noopener\">Haga clic aqu\u00ed<\/a><br \/>\n<\/strong><\/div>\n<div style=\"text-align: left;\"><\/div>\n<div style=\"text-align: left;\">Ya eres un experto en el conocido men\u00fa Inicio, la barra de tareas y el escritorio. Los mosaicos en vivo proporcionan actualizaciones de lo que m\u00e1s importa, al instante.<\/div>\n<div style=\"text-align: left;\">Windows 10 Pro dise\u00f1ado para ser compatible con su hardware, software y perif\u00e9ricos existentes. Mientras est\u00e9n activadas permanentemente, las actualizaciones te ayudan a mantenerte al d\u00eda con las funciones y el soporte de seguridad para el ciclo de vida de tu dispositivo.<\/div>\n<div style=\"text-align: left;\">Si compras la licencia de Windows 10 Pro, te dar\u00e1 absolutamente la mejor experiencia para hacer lo que haces. Mant\u00e9n la concentraci\u00f3n con formas sencillas de encajar las aplicaciones en su sitio y optimizar el espacio de la pantalla para hacer las cosas. Ve tus tareas abiertas en una sola vista y crea escritorios virtuales para ganar espacio o agrupar cosas por proyecto, como las aplicaciones de Office para trabajar y los juegos para jugar.<\/div>\n<div><\/div>\n<div><\/div>\n<div style=\"text-align: left;\">Nunca se preocupar\u00e1 si su dispositivo se pierde o es robado cuando compre la llave de Windows 10 Pro, BitLocker y BitLocker to Go ponen todo bajo llave, para que nadie m\u00e1s pueda acceder a sus sistemas o datos.<\/div>\n<div style=\"text-align: left;\">El juego acaba de ser a\u00fan mejor siempre que compres la clave de producto de Windows 10 Pro. No solo tus juegos existentes funcionan de maravilla, sino que ahora puedes jugar y conectarte con jugadores en todos los dispositivos de Xbox One y Windows 10. Desde los mejores juegos casuales hasta una nueva generaci\u00f3n de juegos de PC, Windows 10 Pro est\u00e1 dise\u00f1ado para los juegos que te gustan.<\/div>\n<div style=\"text-align: left;\">Algunos usuarios pueden tener miedo de la operaci\u00f3n desacostumbrada en Windows 10 Pro, pero el hecho es que es una experiencia realmente f\u00e1cil y conveniente con \u00e9l. Usted encontrar\u00e1 que es r\u00e1pido para familiarizarse con, y no se puede vivir sin ella despu\u00e9s de un largo tiempo de uso. No hay m\u00e1s que decir, \u00a1empieza un sistema c\u00f3modo desde ahora!<\/div>\n<\/div>\n<div><\/div>\n<div><\/div>\n<div>Para la seguridad de su dispositivo siempre recomendamos la instalaci\u00f3n de un Antivirus, puede elegir su <a title=\"La mejor oferta de antivirus\" href=\"https:\/\/allgoodkeys.com\/es\/categoria-producto\/antivirus-y-seguridad\/\" target=\"_blank\" rel=\"noopener\"><strong><em>Antivirus haciendo clic aqu\u00ed<\/em><\/strong><\/a>.<\/div>\n<div><\/div>\n<div>Con el paquete <strong>Windows 10 Professional + Office 2019 Professional Plus<\/strong>, obtienes las herramientas esenciales para mantenerte organizado y productivo en tu negocio o en casa. Este paquete incluye las aplicaciones <strong>Word, Excel, PowerPoint, Outlook, Publisher, Access<\/strong> y m\u00e1s, proporcion\u00e1ndote todas las herramientas necesarias para llevar a cabo tus tareas con eficacia. Adem\u00e1s, con la compatibilidad con videollamadas en alta definici\u00f3n y la capacidad de trabajar desde cualquier lugar con acceso a Internet, este paquete es ideal para mejorar la comunicaci\u00f3n y la colaboraci\u00f3n en equipo. Obt\u00e9n tu clave de activaci\u00f3n para <strong>Windows 10 Professional + Office 2019 Professional Plus<\/strong> hoy mismo y experimenta la mejor productividad en tu dispositivo. Mant\u00e9n tus archivos seguros con caracter\u00edsticas como BitLocker, disfruta de una experiencia de juego mejorada y familiar\u00edzate r\u00e1pidamente con la interfaz intuitiva de Windows 10 Pro. \u00a1Hazte con tu paquete ahora y empieza a trabajar de manera m\u00e1s eficiente que nunca!<\/div>\n<div>\n<h3>Afiliarse<\/h3>\n<p>\u00a1Gana comisiones promocionando nuestros productos digitales! <strong>\u00danase a nuestro programa de afiliados<\/strong>, obtenga un enlace de seguimiento \u00fanico y empiece a monetizar su plataforma. Inscr\u00edbase hoy mismo y ofrezca productos valiosos a su p\u00fablico. <strong><a href=\"https:\/\/allgoodkeys.com\/es\/afiliarse\/\" target=\"_blank\" rel=\"noopener\">Visite la p\u00e1gina de nuestro programa de afiliados<\/a><\/strong><\/p>\n<\/div>\n<div style=\"text-align: left;\">\n<h3><strong>Buscar m\u00e1s productos en Todas las llaves buenas<\/strong><\/h3>\n<p><strong><a title=\"Comprar e instalar sistemas operativos Windows\" href=\"https:\/\/allgoodkeys.com\/es\/categoria-producto\/sistema-operativo\/\" target=\"_blank\" rel=\"noopener\">Sistemas operativos Windows<\/a>: <a title=\"Comprar e instalar la licencia original de Microsoft Windows 11\" href=\"https:\/\/allgoodkeys.com\/es\/categoria-producto\/sistema-operativo-windows-11\/\" target=\"_blank\" rel=\"noopener\">Windows 11<\/a> &#8211; <a title=\"Comprar e instalar Windows 10 Microsoft Original\" href=\"https:\/\/allgoodkeys.com\/es\/categoria-producto\/sistema-operativo-windows-10\/\" target=\"_blank\" rel=\"noopener\">Windows 10<\/a> &#8211; <a title=\"Comprar e instalar Windows 8 Microsoft Original\" href=\"https:\/\/allgoodkeys.com\/producto\/windows-8-1-professional-key\/\" target=\"_blank\" rel=\"noopener\">Windows 8<\/a><\/strong><br \/>\n<strong><a title=\"Comprar e instalar licencias originales de Microsoft Office Suites\" href=\"https:\/\/allgoodkeys.com\/es\/categoria-producto\/microsoft-office\/\" target=\"_blank\" rel=\"noopener\">Suites de Microsoft Office<\/a>: <a href=\"https:\/\/allgoodkeys.com\/es\/categoria-producto\/microsoft-office-2021-es\/\" target=\"_blank\" rel=\"noopener\">Office 2021<\/a> &#8211; <a title=\"Comprar e instalar la licencia original de Microsoft Office 2019\" href=\"https:\/\/allgoodkeys.com\/es\/categoria-producto\/microsoft-office-2019-es\/\" target=\"_blank\" rel=\"noopener\">Office 2019<\/a> &#8211; <a title=\"Comprar e instalar la licencia original de Office 2016\" href=\"https:\/\/allgoodkeys.com\/producto\/office-2016-professional-plusivation-key\/\" target=\"_blank\" rel=\"noopener\">Office 2016<\/a> &#8211; <a title=\"Comprar e instalar Office para Mac Microsoft Original\" href=\"https:\/\/allgoodkeys.com\/es\/categoria-producto\/office-para-mac\/\" target=\"_blank\" rel=\"noopener\">Office para Mac<\/a><\/strong><br \/>\n<strong><a title=\"Comprar e instalar el mejor antivirus\" href=\"https:\/\/allgoodkeys.com\/es\/categoria-producto\/antivirus-y-seguridad\/\" target=\"_blank\" rel=\"noopener\">Antivirus<\/a>: <a title=\"Comprar e instalar el antivirus original de Kaspersky\" href=\"https:\/\/allgoodkeys.com\/es\/categoria-producto\/kaspersky-es\/\" target=\"_blank\" rel=\"noopener\">Kaspersky<\/a> &#8211; <a title=\"Comprar e instalar el antivirus original de ESET\" href=\"https:\/\/allgoodkeys.com\/es\/categoria-producto\/eset-es\/\" target=\"_blank\" rel=\"noopener\">ESET<\/a> &#8211; <a title=\"Comprar e instalar el Avast Antivirus original\" href=\"https:\/\/allgoodkeys.com\/es\/categoria-producto\/avast\/\" target=\"_blank\" rel=\"noopener\">Avast<\/a> &#8211; <a href=\"https:\/\/allgoodkeys.com\/es\/categoria-producto\/avg\/\" target=\"_blank\" rel=\"noopener\">AVG<\/a><\/strong><\/p>\n<\/div>\n","protected":false},"excerpt":{"rendered":"<p><img decoding=\"async\" class=\"aligncenter size-full wp-image-39674\" src=\"https:\/\/allgoodkeys.com\/wp-content\/uploads\/2021\/10\/Version-completa-del-producto-de-Microsoft-con-licencia-de-por-vida.-1.png\" alt=\"Versi\u00f3n completa del producto de Microsoft con licencia de por vida.\" width=\"900\" height=\"330\" srcset=\"https:\/\/allgoodkeys.com\/wp-content\/uploads\/2021\/10\/Version-completa-del-producto-de-Microsoft-con-licencia-de-por-vida.-1.png 900w, https:\/\/allgoodkeys.com\/wp-content\/uploads\/2021\/10\/Version-completa-del-producto-de-Microsoft-con-licencia-de-por-vida.-1-300x110.png 300w, https:\/\/allgoodkeys.com\/wp-content\/uploads\/2021\/10\/Version-completa-del-producto-de-Microsoft-con-licencia-de-por-vida.-1-768x282.png 768w, https:\/\/allgoodkeys.com\/wp-content\/uploads\/2021\/10\/Version-completa-del-producto-de-Microsoft-con-licencia-de-por-vida.-1-570x209.png 570w, https:\/\/allgoodkeys.com\/wp-content\/uploads\/2021\/10\/Version-completa-del-producto-de-Microsoft-con-licencia-de-por-vida.-1-631x231.png 631w, https:\/\/allgoodkeys.com\/wp-content\/uploads\/2021\/10\/Version-completa-del-producto-de-Microsoft-con-licencia-de-por-vida.-1-250x92.png 250w\" sizes=\"(max-width: 900px) 100vw, 900px\" \/><\/p>\n","protected":false},"featured_media":25140,"comment_status":"open","ping_status":"closed","template":"","meta":{"rank_math_title":"","rank_math_description":"Office 2021 Professional Plus - Bundle, Comprar Windows 10 Professional + Office 2019 Professional Plus - Bundle + Windows 11 Professional","rank_math_focus_keyword":"Windows 10 Professional + Office 2019 Professional Plus"},"product_brand":[],"product_cat":[374,392,370,371],"product_tag":[],"woo-feed-brand":[],"class_list":{"0":"post-25139","1":"product","2":"type-product","3":"status-publish","4":"has-post-thumbnail","6":"product_cat-microsoft-office-2019-es","7":"product_cat-paquetes","8":"product_cat-sistema-operativo-windows-10","9":"product_cat-todos-los-productos","11":"first","12":"instock","13":"sale","14":"virtual","15":"taxable","16":"purchasable","17":"product-type-woosb"},"jetpack_sharing_enabled":true,"_links":{"self":[{"href":"https:\/\/allgoodkeys.com\/es\/wp-json\/wp\/v2\/product\/25139","targetHints":{"allow":["GET"]}}],"collection":[{"href":"https:\/\/allgoodkeys.com\/es\/wp-json\/wp\/v2\/product"}],"about":[{"href":"https:\/\/allgoodkeys.com\/es\/wp-json\/wp\/v2\/types\/product"}],"replies":[{"embeddable":true,"href":"https:\/\/allgoodkeys.com\/es\/wp-json\/wp\/v2\/comments?post=25139"}],"wp:featuredmedia":[{"embeddable":true,"href":"https:\/\/allgoodkeys.com\/es\/wp-json\/wp\/v2\/media\/25140"}],"wp:attachment":[{"href":"https:\/\/allgoodkeys.com\/es\/wp-json\/wp\/v2\/media?parent=25139"}],"wp:term":[{"taxonomy":"product_brand","embeddable":true,"href":"https:\/\/allgoodkeys.com\/es\/wp-json\/wp\/v2\/product_brand?post=25139"},{"taxonomy":"product_cat","embeddable":true,"href":"https:\/\/allgoodkeys.com\/es\/wp-json\/wp\/v2\/product_cat?post=25139"},{"taxonomy":"product_tag","embeddable":true,"href":"https:\/\/allgoodkeys.com\/es\/wp-json\/wp\/v2\/product_tag?post=25139"},{"taxonomy":"woo-feed-brand","embeddable":true,"href":"https:\/\/allgoodkeys.com\/es\/wp-json\/wp\/v2\/woo-feed-brand?post=25139"}],"curies":[{"name":"wp","href":"https:\/\/api.w.org\/{rel}","templated":true}]}}