{"id":24440,"date":"2022-10-28T14:48:26","date_gmt":"2022-10-28T14:48:26","guid":{"rendered":"https:\/\/allgoodkeys.com\/?post_type=product&#038;p=24440"},"modified":"2025-02-07T18:03:56","modified_gmt":"2025-02-07T18:03:56","slug":"visual-studio-2022-enterprise","status":"publish","type":"product","link":"https:\/\/allgoodkeys.com\/es\/producto\/visual-studio-2022-enterprise\/","title":{"rendered":"Visual Studio 2022 Enterprise &#8211; Licencia de Microsoft"},"content":{"rendered":"<h4>Visual Studio 2022 Enterprise &#8211; Licencia de Microsoft<\/h4>\n<p><strong>Visual Studio 2022 Enterprise<\/strong> es la versi\u00f3n empresarial dedicada del popular <strong>entorno de desarrollo integrado<\/strong> de Microsoft. Con este IDE, puedes desarrollar en una variedad de lenguajes, incluyendo C++, C#, Visual Basic, F#, Python, con caracter\u00edsticas adicionales dise\u00f1adas <strong>espec\u00edficamente para entornos de desarrollo empresarial<\/strong>. Por ejemplo, puedes aprovechar la integraci\u00f3n con <strong>servicios en la nube<\/strong>, lo que te permite integrar tus proyectos con servicios en la nube como Azure sin esfuerzo.<\/p>\n<p>Otros elementos clave son las caracter\u00edsticas <strong>avanzadas de depuraci\u00f3n<\/strong>, que incluyen herramientas para medir varios par\u00e1metros de hardware, <strong>adem\u00e1s de<\/strong> <strong>la capacidad de colaborar con todos los miembros del equipo<\/strong> en el c\u00f3digo fuente y la gesti\u00f3n de versiones. Los desarrolladores m\u00f3viles tambi\u00e9n se beneficiar\u00e1n de las herramientas avanzadas en Visual Studio 2022 Enterprise, incluidas las herramientas para el desarrollo de aplicaciones para iOS, Android y Windows, as\u00ed como el desarrollo web con ASP.NET, HTML, CSS y JavaScript. \u00a1No esperes m\u00e1s, compra Visual Studio 2022 Enterprise en All Good Keys ahora y<strong> ahorra en la lista de precios!<\/strong><\/p>\n<p>&nbsp;<\/p>\n<h4>Descargar Visual Studio 2022 Enterprise es muy f\u00e1cil con All Good Keys:<\/h4>\n<p>Gracias a la plataforma de entrega digital de All Good Keys , puedes descargar Visual Studio 2022 Enterprise inmediatamente despu\u00e9s de<strong> la transacci\u00f3n segura<\/strong>. Despu\u00e9s de elegir tu plataforma de pago entre las admitidas, que incluyen PayPal, Stripe, o tarjeta de cr\u00e9dito\/d\u00e9bito, finaliza tu compra y recibir\u00e1s inmediatamente un resumen por correo electr\u00f3nico de tu pedido. Adjunto, <strong>encontrar\u00e1s tu clave de activaci\u00f3n 100% genuina y garantizada<\/strong>, instrucciones claras y simples sobre c\u00f3mo descargar e instalar Visual Studio 2022 Enterprise y <strong>activarlo inmediatamente despu\u00e9s de la instalaci\u00f3n<\/strong>, as\u00ed como tu factura de compra.<\/p>\n<p>Realiza tus compras con confianza en All Good Keys, \u00a1somos un servicio 100% profesional y autorizado! Y recuerda: todas las compras est\u00e1n cubiertas por<strong> una garant\u00eda de devoluci\u00f3n de dinero completa<\/strong>, y <a href=\"https:\/\/allgoodkeys.com\/es\/contactenos\/\" target=\"_blank\" rel=\"noopener\"><strong>nuestro Soporte T\u00e9cnico<\/strong> <\/a>est\u00e1 disponible para ti de forma gratuita , tanto antes como despu\u00e9s de cada compra, para responder a tus preguntas, recomendarte otro software para ordenar seg\u00fan tus necesidades y resolver cualquier problema.<\/p>\n<p>&nbsp;<\/p>\n<h4>Instala Visual Studio 2022 Enterprise y optimiza tu flujo de trabajo<\/h4>\n<p>Con excelentes <strong>herramientas de depuraci\u00f3n y monitoreo<\/strong>, desarrollar con Visual Studio 2022 Enterprise ser\u00e1 agradable y fluido. Y si decides comprar Visual Studio 2022 Enterprise en All Good Keys, obtendr\u00e1s varios beneficios adicionales. Primero, <strong>realizar\u00e1s tu compra a trav\u00e9s de un revendedor profesional<\/strong>.<\/p>\n<p>Una ventaja muy importante es la posibilidad de ahorrar <strong>hasta un 70%<\/strong> en todo el cat\u00e1logo en comparaci\u00f3n con las listas de precios oficiales, siempre obteniendo claves de activaci\u00f3n genuinas y garantizadas. Por ejemplo, con nosotros puedes <strong>comprar <a href=\"https:\/\/allgoodkeys.com\/es\/producto\/licencia-windows-11-professional\/\" target=\"_blank\" rel=\"noopener\">Windows 11 Professional<\/a><\/strong> o versiones anteriores del S<strong>istema Operativo Microsoft Windows<\/strong> a un precio imbatible, ordenar y descargar <a href=\"https:\/\/allgoodkeys.com\/es\/categoria-producto\/microsoft-office\/\" target=\"_blank\" rel=\"noopener\"><strong>MS Office 2021 Professional<\/strong><\/a> en tiempo real, comprar <a href=\"https:\/\/allgoodkeys.com\/es\/producto\/office-hogar-y-empresas-2021\/\" target=\"_blank\" rel=\"noopener\"><strong>Microsoft Office Home and Business 2021 para Mac OS<\/strong><\/a> y usar cualquiera de las excelentes aplicaciones de<a href=\"https:\/\/allgoodkeys.com\/es\/producto\/microsoft-365-professional-plus\/\" target=\"_blank\" rel=\"noopener\"><strong> Microsoft Office 365 Personal suscripci\u00f3n anual<\/strong><\/a>. Para completar tu dotaci\u00f3n de software profesional, recuerda que puedes consultar el rico cat\u00e1logo de licencias de <a href=\"https:\/\/allgoodkeys.com\/es\/categoria-producto\/servidores-windows\/\" target=\"_blank\" rel=\"noopener\"><strong>Windows Server<\/strong><\/a>, <a href=\"https:\/\/allgoodkeys.com\/es\/producto\/sql-server-2019-standard\/\" target=\"_blank\" rel=\"noopener\"><strong>Microsoft SQL Server 2019 Standard<\/strong>.<\/a><\/p>\n<p>\u00a1All Good Keys siempre ha sido tu tienda de referencia en el mercado digital!<\/p>\n<p>&nbsp;<\/p>\n<h4>\u00bfEres un revendedor?<\/h4>\n<p>Si es as\u00ed, cont\u00e1ctanos por correo electr\u00f3nico a\u00a0<a href=\"https:\/\/allgoodkeys.com\/es\/contactenos\/\" target=\"_blank\" rel=\"noopener\"><strong>Support@allgoodkeys.com<\/strong><\/a>\u00a0y te proporcionaremos una oferta personalizada y una lista de precios. \u00a1Trabajemos juntos para satisfacer tus necesidades y las de tus clientes!<\/p>\n<h4>\u00bfInteresado en afiliarte?<\/h4>\n<p>\u00danete a nuestro programa de afiliados y comienza a ganar comisiones promocionando nuestros productos digitales. Con un enlace de seguimiento \u00fanico, podr\u00e1s monetizar tu plataforma y ofrecer valiosos productos a tu audiencia. \u00a1Reg\u00edstrate hoy mismo y descubre todas las oportunidades que tenemos para ti!\u00a0<a href=\"https:\/\/allgoodkeys.com\/es\/afiliarse\/\" target=\"_blank\" rel=\"noopener\"><strong>Visita nuestra p\u00e1gina del programa de afiliados para obtener m\u00e1s informaci\u00f3n.<\/strong><\/a><\/p>\n<p>&nbsp;<\/p>\n<h4>Descubre m\u00e1s productos<\/h4>\n<p><strong><a title=\"Comprar e instalar sistemas operativos Windows\" href=\"https:\/\/allgoodkeys.com\/es\/categoria-producto\/sistema-operativo\/\" target=\"_blank\" rel=\"noopener\">Sistemas operativos Windows<\/a>:\u00a0<a title=\"Comprar e instalar la licencia original de Microsoft Windows 11\" href=\"https:\/\/allgoodkeys.com\/es\/categoria-producto\/sistema-operativo-windows-11\/\" target=\"_blank\" rel=\"noopener\">Windows 11<\/a>\u00a0\u2013\u00a0<a title=\"Comprar e instalar Windows 10 Microsoft Original\" href=\"https:\/\/allgoodkeys.com\/es\/categoria-producto\/sistema-operativo-windows-10\/\" target=\"_blank\" rel=\"noopener\">Windows 10<\/a>\u00a0\u2013\u00a0<a title=\"Comprar e instalar Windows 8 Microsoft Original\" href=\"https:\/\/allgoodkeys.com\/es\/producto\/windows-8-1-professional-key-global-2\/\" target=\"_blank\" rel=\"noopener\">Windows 8<\/a><\/strong><br \/>\n<strong><a title=\"Comprar e instalar licencias originales de Microsoft Office Suites\" href=\"https:\/\/allgoodkeys.com\/es\/categoria-producto\/microsoft-office\/\" target=\"_blank\" rel=\"noopener\">Suites de Microsoft Office<\/a>:\u00a0<a href=\"https:\/\/allgoodkeys.com\/es\/categoria-producto\/microsoft-office-2021-es\/\" target=\"_blank\" rel=\"noopener\">Office 2021<\/a>\u00a0\u2013\u00a0<a title=\"Comprar e instalar la licencia original de Microsoft Office 2019\" href=\"https:\/\/allgoodkeys.com\/es\/categoria-producto\/microsoft-office-2019-es\/\" target=\"_blank\" rel=\"noopener\">Office 2019<\/a>\u00a0\u2013\u00a0<a title=\"Comprar e instalar la licencia original de Office 2016\" href=\"https:\/\/allgoodkeys.com\/es\/producto\/licencia-office-2016-professional-plus\/\" target=\"_blank\" rel=\"noopener\">Office 2016<\/a>\u00a0\u2013\u00a0<a title=\"Comprar e instalar Office para Mac Microsoft Original\" href=\"https:\/\/allgoodkeys.com\/es\/categoria-producto\/office-para-mac\/\" target=\"_blank\" rel=\"noopener\">Office para Mac<\/a><\/strong><br \/>\n<strong><a title=\"Comprar e instalar el mejor antivirus\" href=\"https:\/\/allgoodkeys.com\/es\/categoria-producto\/antivirus-y-seguridad\/\" target=\"_blank\" rel=\"noopener\">Antivirus<\/a>:\u00a0<a title=\"Comprar e instalar el antivirus original de Kaspersky\" href=\"https:\/\/allgoodkeys.com\/es\/categoria-producto\/kaspersky-es\/\" target=\"_blank\" rel=\"noopener\">Kaspersky<\/a>\u00a0\u2013\u00a0<a title=\"Comprar e instalar el antivirus original de ESET\" href=\"https:\/\/allgoodkeys.com\/es\/categoria-producto\/eset-es\/\" target=\"_blank\" rel=\"noopener\">ESET<\/a>\u00a0\u2013\u00a0<a title=\"Comprar e instalar el Avast Antivirus original\" href=\"https:\/\/allgoodkeys.com\/es\/categoria-producto\/avast\/\" target=\"_blank\" rel=\"noopener\">Avast<\/a>\u00a0\u2013\u00a0<a href=\"https:\/\/allgoodkeys.com\/es\/categoria-producto\/avg\/\" target=\"_blank\" rel=\"noopener\">AVG<\/a><\/strong><\/p>\n","protected":false},"excerpt":{"rendered":"<p>[icon name=\"circle-check\" prefix=\"fas\"]\u00a0 DESCARGA DIGITAL INSTANT\u00c1NEA<\/p>\n<p>[icon name=\"circle-check\" prefix=\"fas\"]\u00a0 SOPORTE DE POR VIDA<\/p>\n<p><a href=\"https:\/\/allgoodkeys.com\/es\/garantia-de-trusted-shops\/\" target=\"_blank\" rel=\"noopener\"><img decoding=\"async\" class=\"alignnone wp-image-48998\" src=\"https:\/\/allgoodkeys.com\/wp-content\/uploads\/2021\/02\/trusted-shops-es.png\" alt=\"\" width=\"195\" height=\"55\" srcset=\"https:\/\/allgoodkeys.com\/wp-content\/uploads\/2021\/02\/trusted-shops-es.png 396w, https:\/\/allgoodkeys.com\/wp-content\/uploads\/2021\/02\/trusted-shops-es-300x85.png 300w, https:\/\/allgoodkeys.com\/wp-content\/uploads\/2021\/02\/trusted-shops-es-250x71.png 250w\" sizes=\"(max-width: 195px) 100vw, 195px\" \/><\/a><\/p>\n","protected":false},"featured_media":24442,"comment_status":"open","ping_status":"closed","template":"","meta":[],"product_brand":[],"product_cat":[545,375,371],"product_tag":[],"woo-feed-brand":[],"class_list":{"0":"post-24440","1":"product","2":"type-product","3":"status-publish","4":"has-post-thumbnail","6":"product_cat-nuevo","7":"product_cat-productos-de-oficina","8":"product_cat-todos-los-productos","10":"first","11":"instock","12":"virtual","13":"taxable","14":"purchasable","15":"product-type-simple"},"jetpack_sharing_enabled":true,"_links":{"self":[{"href":"https:\/\/allgoodkeys.com\/es\/wp-json\/wp\/v2\/product\/24440","targetHints":{"allow":["GET"]}}],"collection":[{"href":"https:\/\/allgoodkeys.com\/es\/wp-json\/wp\/v2\/product"}],"about":[{"href":"https:\/\/allgoodkeys.com\/es\/wp-json\/wp\/v2\/types\/product"}],"replies":[{"embeddable":true,"href":"https:\/\/allgoodkeys.com\/es\/wp-json\/wp\/v2\/comments?post=24440"}],"wp:featuredmedia":[{"embeddable":true,"href":"https:\/\/allgoodkeys.com\/es\/wp-json\/wp\/v2\/media\/24442"}],"wp:attachment":[{"href":"https:\/\/allgoodkeys.com\/es\/wp-json\/wp\/v2\/media?parent=24440"}],"wp:term":[{"taxonomy":"product_brand","embeddable":true,"href":"https:\/\/allgoodkeys.com\/es\/wp-json\/wp\/v2\/product_brand?post=24440"},{"taxonomy":"product_cat","embeddable":true,"href":"https:\/\/allgoodkeys.com\/es\/wp-json\/wp\/v2\/product_cat?post=24440"},{"taxonomy":"product_tag","embeddable":true,"href":"https:\/\/allgoodkeys.com\/es\/wp-json\/wp\/v2\/product_tag?post=24440"},{"taxonomy":"woo-feed-brand","embeddable":true,"href":"https:\/\/allgoodkeys.com\/es\/wp-json\/wp\/v2\/woo-feed-brand?post=24440"}],"curies":[{"name":"wp","href":"https:\/\/api.w.org\/{rel}","templated":true}]}}