{"id":24110,"date":"2022-10-24T16:57:00","date_gmt":"2022-10-24T16:57:00","guid":{"rendered":"https:\/\/allgoodkeys.com\/?post_type=product&#038;p=24110"},"modified":"2025-02-07T18:03:57","modified_gmt":"2025-02-07T18:03:57","slug":"sql-server-2019-standard-15-usuarios","status":"publish","type":"product","link":"https:\/\/allgoodkeys.com\/es\/producto\/sql-server-2019-standard-15-usuarios\/","title":{"rendered":"SQL Server 2019 Standard 15 Usuarios"},"content":{"rendered":"<div class=\"indexes__StyledProductDescription-sc-1vts47h-120 kIwkcy\" data-locator=\"product-description\">\n<blockquote><p><strong>\u00a1Compra tu licencia Microsoft SQL Server 2019 Standard 15 Usuarios en el cat\u00e1logo de All Good Keys y obt\u00e9n tu licencia garantizada al 100% con entrega digital instant\u00e1nea! Los pagos seguros y una garant\u00eda completa de devoluci\u00f3n de dinero son solo algunos de los beneficios de nuestra tienda, que tambi\u00e9n ofrece un servicio gratuito de atenci\u00f3n al cliente.<\/strong><\/p><\/blockquote>\n<\/div>\n<p>&nbsp;<\/p>\n<h4>Compra Microsoft SQL Server 2019 Standard <strong>15 Usuarios<\/strong>:<\/h4>\n<p>Puedes comprar <strong>Microsoft SQL Server 2019 Standard 15 Usuarios<\/strong> en All Good Keys y obtener de inmediato tu licencia genuina al 100% para comenzar a trabajar en tu base de datos relacional en cuesti\u00f3n de minutos desde tu compra.<\/p>\n<p>&nbsp;<\/p>\n<h4>Microsoft SQL Server 2019 Standard <strong>15 Usuarios<\/strong> para Empresas:<\/h4>\n<p><strong>Microsoft SQL Server 2019 Standard 15 Usuarios<\/strong> es el \u00faltimo desarrollo de SQL Server, a\u00fan m\u00e1s potente y funcional para empresas como la tuya. A nivel de plataforma, puedes trabajar con diferentes <strong>lenguajes de desarrollo<\/strong>, <strong>tipos de datos<\/strong>, <strong>sistemas operativos<\/strong> y <strong>entornos de procesamiento<\/strong>, tanto localmente como en la nube. La edici\u00f3n 2019 Standard de Microsoft SQL Server trae varias caracter\u00edsticas nuevas, que incluyen:<\/p>\n<ul>\n<li><strong>Soluci\u00f3n escalable de Big Data<\/strong><\/li>\n<li><strong>Virtualizaci\u00f3n de datos con PolyBase<\/strong><\/li>\n<li><strong>Base de datos inteligente:<\/strong> las caracter\u00edsticas de SQL Server mejoran el rendimiento y la escalabilidad en todas las cargas de trabajo de la base de datos sin alterar los dise\u00f1os de la aplicaci\u00f3n o la base de datos.<\/li>\n<li><strong>Base de datos en memoria<\/strong> para un rendimiento y escalabilidad incomparables<\/li>\n<\/ul>\n<p>Tambi\u00e9n se beneficiar\u00e1 de muchas m\u00e1s caracter\u00edsticas: \u00a1compre y descargue Microsoft SQL Server 2019 ahora para su empresa, disfrute de todas sus mejoras y ahorre sobre el precio sugerido!<\/p>\n<p>&nbsp;<\/p>\n<h4>Descarga Microsoft SQL Server 2019 Standard <strong>15 Usuarios<\/strong><\/h4>\n<p>Comprar en All Good Keys significa descargar<strong> Microsoft SQL Server 2019 Standard 15 Usuarios <\/strong>en cuesti\u00f3n de segundos desde la transacci\u00f3n. Obtendr\u00e1s instant\u00e1neamente el enlace de descarga y las instrucciones completas que te permitir\u00e1n descargar y activar SQL Server en poco tiempo. Recibir\u00e1s todo por correo electr\u00f3nico, incluida <strong>tu licencia genuina y garantizada al 100%<\/strong>. Nuestro sistema de entrega instant\u00e1nea te permite usar SQL 2019 sin problemas. Sin embargo, \u00a1en caso de dudas, preguntas o problemas, <a href=\"https:\/\/allgoodkeys.com\/es\/contactenos\/\" target=\"_blank\" rel=\"noopener\"><strong>contacta con nuestro Soporte T\u00e9cnico<\/strong><\/a>, siempre a tu disposici\u00f3n de forma gratuita! Adem\u00e1s, \u00a1todas las \u00f3rdenes realizadas en All Good Keys est\u00e1n cubiertas por nuestra garant\u00eda completa <strong>de devoluci\u00f3n de dinero!<\/strong><\/p>\n<p>&nbsp;<\/p>\n<div class=\"indexes__StyledProductDescription-sc-1vts47h-120 kIwkcy\" data-locator=\"product-description\">\n<h4>\u00bfQu\u00e9 licencias Microsoft SQL Server 2019 Standard <strong>15 Usuarios <\/strong>est\u00e1n disponibles en All Good Keys?<\/h4>\n<p>El cat\u00e1logo de All Good Keys solo est\u00e1 cubierto por<strong> licencias perpetuas<\/strong>. Al comprar <strong>Microsoft SQL Server 2019 Standard 15 Usuarios <\/strong>, no tendr\u00e1s ninguna fecha de caducidad para tus licencias, ya que no estar\u00e1n vinculadas a un solo conjunto de hardware. Si necesitas reinstalar o restaurar tu asiento, simplemente reutiliza tus credenciales. \u00a1Ninguna licencia adicional que comprar, un gran beneficio para tu presupuesto!<\/p>\n<p>&nbsp;<\/p>\n<\/div>\n<h4>Requisitos del sistema:<\/h4>\n<p><strong>Sistema operativo:<\/strong> Windows 10, Windows 7, Windows 7 Service Pack 1, Windows 8, Windows 8.1, Windows Server 2008 R2, Windows Server 2008 R2 SP1, Windows Server 2012, Windows Server 2012 R2, Windows Server 2019 Standard\/Datacenter <strong>Procesador:<\/strong> x64 (AMD Opteron, AMD Athlon 64, Intel Xeon con soporte Intel EM64T, Intel Pentium IV con soporte EM64T)<\/p>\n<p><strong> RAM:<\/strong> Al menos 1GB (se recomiendan 4GB)<\/p>\n<p><strong> Almacenamiento:<\/strong> Al menos 6GB<\/p>\n<p>&nbsp;<\/p>\n<h3>\u00bfEres un revendedor?<\/h3>\n<p>Si es as\u00ed, cont\u00e1ctanos por correo electr\u00f3nico a\u00a0<a href=\"https:\/\/allgoodkeys.com\/es\/contactenos\/\" target=\"_blank\" rel=\"noopener\"><strong>Support@allgoodkeys.com<\/strong><\/a>\u00a0y te proporcionaremos una oferta personalizada y una lista de precios. \u00a1Trabajemos juntos para satisfacer tus necesidades y las de tus clientes!<\/p>\n<h3>\u00bfInteresado en afiliarte?<\/h3>\n<p>\u00danete a nuestro programa de afiliados y comienza a ganar comisiones promocionando nuestros productos digitales. Con un enlace de seguimiento \u00fanico, podr\u00e1s monetizar tu plataforma y ofrecer valiosos productos a tu audiencia. \u00a1Reg\u00edstrate hoy mismo y descubre todas las oportunidades que tenemos para ti!\u00a0<a href=\"https:\/\/allgoodkeys.com\/es\/afiliarse\/\" target=\"_blank\" rel=\"noopener\"><strong>Visita nuestra p\u00e1gina del programa de afiliados para obtener m\u00e1s informaci\u00f3n.<\/strong><\/a><\/p>\n<p>&nbsp;<\/p>\n<h3>Descubre m\u00e1s productos<\/h3>\n<p><strong><a title=\"Comprar e instalar sistemas operativos Windows\" href=\"https:\/\/allgoodkeys.com\/es\/categoria-producto\/sistema-operativo\/\" target=\"_blank\" rel=\"noopener\">Sistemas operativos Windows<\/a>:\u00a0<a title=\"Comprar e instalar la licencia original de Microsoft Windows 11\" href=\"https:\/\/allgoodkeys.com\/es\/categoria-producto\/sistema-operativo-windows-11\/\" target=\"_blank\" rel=\"noopener\">Windows 11<\/a>\u00a0\u2013\u00a0<a title=\"Comprar e instalar Windows 10 Microsoft Original\" href=\"https:\/\/allgoodkeys.com\/es\/categoria-producto\/sistema-operativo-windows-10\/\" target=\"_blank\" rel=\"noopener\">Windows 10<\/a>\u00a0\u2013\u00a0<a title=\"Comprar e instalar Windows 8 Microsoft Original\" href=\"https:\/\/allgoodkeys.com\/es\/producto\/licencia-windows-8-professional\/\" target=\"_blank\" rel=\"noopener\">Windows 8<\/a><\/strong><br \/>\n<strong><a title=\"Comprar e instalar licencias originales de Microsoft Office Suites\" href=\"https:\/\/allgoodkeys.com\/es\/categoria-producto\/microsoft-office\/\" target=\"_blank\" rel=\"noopener\">Suites de Microsoft Office<\/a>:\u00a0<a href=\"https:\/\/allgoodkeys.com\/es\/categoria-producto\/microsoft-office-2021-es\/\" target=\"_blank\" rel=\"noopener\">Office 2021<\/a>\u00a0\u2013\u00a0<a title=\"Comprar e instalar la licencia original de Microsoft Office 2019\" href=\"https:\/\/allgoodkeys.com\/es\/categoria-producto\/microsoft-office-2019-es\/\" target=\"_blank\" rel=\"noopener\">Office 2019<\/a>\u00a0\u2013\u00a0<a title=\"Comprar e instalar la licencia original de Office 2016\" href=\"https:\/\/allgoodkeys.com\/es\/producto\/licencia-office-2016-professional-plus\/\" target=\"_blank\" rel=\"noopener\">Office 2016<\/a>\u00a0\u2013\u00a0<a title=\"Comprar e instalar Office para Mac Microsoft Original\" href=\"https:\/\/allgoodkeys.com\/es\/categoria-producto\/office-para-mac\/\" target=\"_blank\" rel=\"noopener\">Office para Mac<\/a><\/strong><br \/>\n<strong><a title=\"Comprar e instalar el mejor antivirus\" href=\"https:\/\/allgoodkeys.com\/es\/categoria-producto\/antivirus-y-seguridad\/\" target=\"_blank\" rel=\"noopener\">Antivirus<\/a>:\u00a0<a title=\"Comprar e instalar el antivirus original de Kaspersky\" href=\"https:\/\/allgoodkeys.com\/es\/categoria-producto\/kaspersky-es\/\" target=\"_blank\" rel=\"noopener\">Kaspersky<\/a>\u00a0\u2013\u00a0<a title=\"Comprar e instalar el antivirus original de ESET\" href=\"https:\/\/allgoodkeys.com\/es\/categoria-producto\/eset-es\/\" target=\"_blank\" rel=\"noopener\">ESET<\/a>\u00a0\u2013\u00a0<a title=\"Comprar e instalar el Avast Antivirus original\" href=\"http:\/\/allgoodkeys.com\/product-category\/avast\/\" target=\"_blank\" rel=\"noopener\">Avast<\/a>\u00a0\u2013\u00a0<a href=\"http:\/\/allgoodkeys.com\/product-category\/avg\/\" target=\"_blank\" rel=\"noopener\">AVG<\/a><\/strong><\/p>\n","protected":false},"excerpt":{"rendered":"<p>[icon name=\"circle-check\" prefix=\"fas\"]\u00a0 DESCARGA DIGITAL INSTANT\u00c1NEA<\/p>\n<p>[icon name=\"circle-check\" prefix=\"fas\"]\u00a0 SOPORTE DE POR VIDA<\/p>\n<p><a href=\"https:\/\/allgoodkeys.com\/es\/garantia-de-trusted-shops\/\" target=\"_blank\" rel=\"noopener\"><img decoding=\"async\" class=\"alignnone wp-image-48998\" src=\"https:\/\/allgoodkeys.com\/wp-content\/uploads\/2021\/02\/trusted-shops-es.png\" alt=\"\" width=\"195\" height=\"55\" srcset=\"https:\/\/allgoodkeys.com\/wp-content\/uploads\/2021\/02\/trusted-shops-es.png 396w, https:\/\/allgoodkeys.com\/wp-content\/uploads\/2021\/02\/trusted-shops-es-300x85.png 300w, https:\/\/allgoodkeys.com\/wp-content\/uploads\/2021\/02\/trusted-shops-es-250x71.png 250w\" sizes=\"(max-width: 195px) 100vw, 195px\" \/><\/a><\/p>\n","protected":false},"featured_media":64626,"comment_status":"open","ping_status":"closed","template":"","meta":[],"product_brand":[],"product_cat":[378,371],"product_tag":[],"woo-feed-brand":[],"class_list":{"0":"post-24110","1":"product","2":"type-product","3":"status-publish","4":"has-post-thumbnail","6":"product_cat-servidores-windows","7":"product_cat-todos-los-productos","9":"first","10":"instock","11":"virtual","12":"taxable","13":"purchasable","14":"product-type-simple"},"jetpack_sharing_enabled":true,"_links":{"self":[{"href":"https:\/\/allgoodkeys.com\/es\/wp-json\/wp\/v2\/product\/24110","targetHints":{"allow":["GET"]}}],"collection":[{"href":"https:\/\/allgoodkeys.com\/es\/wp-json\/wp\/v2\/product"}],"about":[{"href":"https:\/\/allgoodkeys.com\/es\/wp-json\/wp\/v2\/types\/product"}],"replies":[{"embeddable":true,"href":"https:\/\/allgoodkeys.com\/es\/wp-json\/wp\/v2\/comments?post=24110"}],"wp:featuredmedia":[{"embeddable":true,"href":"https:\/\/allgoodkeys.com\/es\/wp-json\/wp\/v2\/media\/64626"}],"wp:attachment":[{"href":"https:\/\/allgoodkeys.com\/es\/wp-json\/wp\/v2\/media?parent=24110"}],"wp:term":[{"taxonomy":"product_brand","embeddable":true,"href":"https:\/\/allgoodkeys.com\/es\/wp-json\/wp\/v2\/product_brand?post=24110"},{"taxonomy":"product_cat","embeddable":true,"href":"https:\/\/allgoodkeys.com\/es\/wp-json\/wp\/v2\/product_cat?post=24110"},{"taxonomy":"product_tag","embeddable":true,"href":"https:\/\/allgoodkeys.com\/es\/wp-json\/wp\/v2\/product_tag?post=24110"},{"taxonomy":"woo-feed-brand","embeddable":true,"href":"https:\/\/allgoodkeys.com\/es\/wp-json\/wp\/v2\/woo-feed-brand?post=24110"}],"curies":[{"name":"wp","href":"https:\/\/api.w.org\/{rel}","templated":true}]}}