{"id":23701,"date":"2021-10-30T10:56:31","date_gmt":"2021-10-30T10:56:31","guid":{"rendered":"https:\/\/allgoodkeys.com\/product\/project-professional-2021-clave-de-activacion-pc\/"},"modified":"2025-02-07T18:04:25","modified_gmt":"2025-02-07T18:04:25","slug":"licencia-microsoft-project-professional-2021","status":"publish","type":"product","link":"https:\/\/allgoodkeys.com\/es\/producto\/licencia-microsoft-project-professional-2021\/","title":{"rendered":"Licencia Microsoft Project Professional 2021"},"content":{"rendered":"<blockquote><p><strong>Licencia Microsoft Project Professional 2021: Planifica y Gestiona tus Proyectos Eficientemente<\/strong><\/p><\/blockquote>\n<p>&nbsp;<\/p>\n<div class=\"flex-1 overflow-hidden\">\n<div class=\"react-scroll-to-bottom--css-revyg-79elbk h-full\">\n<div class=\"react-scroll-to-bottom--css-revyg-1n7m0yu\">\n<div class=\"flex flex-col text-sm pb-9\">\n<div class=\"w-full text-token-text-primary\" data-testid=\"conversation-turn-711\">\n<div class=\"px-4 py-2 justify-center text-base md:gap-6 m-auto\">\n<div class=\"flex flex-1 text-base mx-auto gap-3 md:px-5 lg:px-1 xl:px-5 md:max-w-3xl lg:max-w-[40rem] xl:max-w-[48rem] group final-completion\">\n<div class=\"relative flex w-full flex-col agent-turn\">\n<div class=\"flex-col gap-1 md:gap-3\">\n<div class=\"flex flex-grow flex-col max-w-full\">\n<div class=\"min-h-[20px] text-message flex flex-col items-start gap-3 whitespace-pre-wrap break-words [.text-message+&amp;]:mt-5 overflow-x-auto\" data-message-author-role=\"assistant\" data-message-id=\"2ea8c8d5-7204-44fd-8d27-0bf289bab580\">\n<div class=\"markdown prose w-full break-words dark:prose-invert light\">\n<p>\u00a1Obt\u00e9n tu <strong>Licencia Microsoft Project Professional 2021<\/strong> en<strong> All Good Keys<\/strong> y ahorra hasta un<strong> 70%<\/strong> en el precio de lista! Crea, organiza y gestiona tus proyectos en todas las etapas de desarrollo, as\u00ed como administra tus recursos y personal de la mejor manera posible. <strong>All Good Keys<\/strong> te permite comprar<strong> licencias 100% genuinas<\/strong> y pagar utilizando una variedad de m\u00e9todos seguros y rastreados. Adem\u00e1s, aprovecha la garant\u00eda de devoluci\u00f3n de dinero disponible en cada pedido.<\/p>\n<\/div>\n<\/div>\n<p><strong>\u00a1Importante!<\/strong>\u00a0Este producto est\u00e1 destinado \u00fanicamente para sistemas Windows, no es compatible con\u00a0<strong>Mac<\/strong>.<\/p>\n<div class=\"flex-1 overflow-hidden\">\n<div class=\"react-scroll-to-bottom--css-revyg-79elbk h-full\">\n<div class=\"react-scroll-to-bottom--css-revyg-1n7m0yu\">\n<div class=\"flex flex-col text-sm pb-9\">\n<div class=\"w-full text-token-text-primary\" data-testid=\"conversation-turn-657\">\n<div class=\"px-4 py-2 justify-center text-base md:gap-6 m-auto\">\n<div class=\"flex flex-1 text-base mx-auto gap-3 md:px-5 lg:px-1 xl:px-5 md:max-w-3xl lg:max-w-[40rem] xl:max-w-[48rem] group final-completion\">\n<div class=\"relative flex w-full flex-col agent-turn\">\n<div class=\"flex-col gap-1 md:gap-3\">\n<div class=\"flex flex-grow flex-col max-w-full\">\n<div class=\"min-h-[20px] text-message flex flex-col items-start gap-3 whitespace-pre-wrap break-words [.text-message+&amp;]:mt-5 overflow-x-auto\" data-message-author-role=\"assistant\" data-message-id=\"e076fd2f-9d05-453e-8fad-c63a6d8566ef\">\n<div class=\"markdown prose w-full break-words dark:prose-invert light\"><\/div>\n<\/div>\n<\/div>\n<\/div>\n<\/div>\n<\/div>\n<\/div>\n<\/div>\n<\/div>\n<\/div>\n<\/div>\n<\/div>\n<\/div>\n<\/div>\n<\/div>\n<\/div>\n<\/div>\n<\/div>\n<\/div>\n<\/div>\n<\/div>\n<\/div>\n<h4><strong>Licencia <\/strong>Microsoft Project Professional 2021:<\/h4>\n<p><strong>Microsoft Project Professional 2021<\/strong> es una soluci\u00f3n profesional que te ayuda a planificar y gestionar tus proyectos de manera m\u00e1s eficiente. La versi\u00f3n Professional est\u00e1 dise\u00f1ada principalmente para empresas e individuos que utilizan soluciones avanzadas de gesti\u00f3n de recursos y personal. Microsoft Project Professional 2021 te ayuda a gestionar cada aspecto de tu proyecto y realizar un seguimiento del progreso de tus tareas paso a paso, as\u00ed como corregir errores a medida que ocurren. Microsoft Project Professional 2021 cuenta con una interfaz sencilla y f\u00e1cil de usar inspirada en el estilo de<strong> Microsoft Offic<\/strong>e, lo que permite que incluso usuarios inexpertos disfruten de todas las funciones del software de inmediato.<\/p>\n<p>&nbsp;<\/p>\n<h4>Caracter\u00edsticas Clave de la Licencia Microsoft Project Professional 2021:<\/h4>\n<ul>\n<li><strong>Planificaci\u00f3n y Programaci\u00f3n Avanzadas:<\/strong> Ofrece herramientas sofisticadas de planificaci\u00f3n de proyectos, como la capacidad para definir tareas, informes y programaci\u00f3n.<\/li>\n<li><strong>Gesti\u00f3n de Recursos:<\/strong> Esta aplicaci\u00f3n se puede utilizar para asignar recursos a actividades espec\u00edficas del proyecto, hacer un seguimiento de su consumo y controlar posibles sobrealocaciones.<\/li>\n<li><strong>Seguimiento y Control del Proyecto:<\/strong> Incluye herramientas para realizar un seguimiento del progreso del proyecto frente a los objetivos iniciales. Puedes ver acciones anteriores, realizar un seguimiento de los gastos y comparar planes con la realidad.<\/li>\n<li><strong>Colaboraci\u00f3n y Compartici\u00f3n:<\/strong> Con Microsoft Project Professional, puedes compartir f\u00e1cilmente hitos del proyecto con tu equipo y partes externas. Tambi\u00e9n puedes colaborar en tiempo real con tu equipo utilizando Microsoft Teams.<\/li>\n<li><strong>Reportes Avanzados:<\/strong> Microsoft Project Professional incluye varias opciones de informes que te permiten crear informes detallados sobre el progreso del proyecto, el uso de recursos, los costos y m\u00e1s.<\/li>\n<\/ul>\n<p>&nbsp;<\/p>\n<h4><strong>Activa una Clave de Producto de Microsoft Project Professional 2021 en All Good Keys:<\/strong><\/h4>\n<p>Adem\u00e1s de ahorrar dinero en el precio oficial, activar <strong>Microsoft Project Professional 2021<\/strong> utilizando una clave de producto comprada en <strong>All Good Keys<\/strong> significa ayudar a salvaguardar el medio ambiente. Estamos orgullosos de ser una empresa consciente del medio ambiente, ya que siempre hemos utilizado la entrega digital como nuestra \u00fanica forma de distribuci\u00f3n. Como resultado, contribuimos a la reducci\u00f3n de gases de desecho y residuos de embalaje, al tiempo que garantizamos una entrega inmediata y una reducci\u00f3n total en los costos de env\u00edo.<strong> \u00a1Elige All Good Keys y ay\u00fadanos a marcar la diferencia!<\/strong><\/p>\n<p>&nbsp;<\/p>\n<h4>\u00bfEres un revendedor?<\/h4>\n<p>Si es as\u00ed, cont\u00e1ctanos por correo electr\u00f3nico a\u00a0<a href=\"https:\/\/allgoodkeys.com\/es\/contactenos\/\" target=\"_blank\" rel=\"noopener\"><strong>Support@allgoodkeys.com<\/strong><\/a>\u00a0y te proporcionaremos una oferta personalizada y una lista de precios. \u00a1Trabajemos juntos para satisfacer tus necesidades y las de tus clientes!<\/p>\n<h4>\u00bfInteresado en afiliarte?<\/h4>\n<p>\u00danete a nuestro programa de afiliados y comienza a ganar comisiones promocionando nuestros productos digitales. Con un enlace de seguimiento \u00fanico, podr\u00e1s monetizar tu plataforma y ofrecer valiosos productos a tu audiencia. \u00a1Reg\u00edstrate hoy mismo y descubre todas las oportunidades que tenemos para ti!\u00a0<a href=\"https:\/\/allgoodkeys.com\/es\/afiliarse\/\" target=\"_blank\" rel=\"noopener\"><strong>Visita nuestra p\u00e1gina del programa de afiliados para obtener m\u00e1s informaci\u00f3n.<\/strong><\/a><\/p>\n<p>&nbsp;<\/p>\n<h4>Descubre m\u00e1s productos<\/h4>\n<p><strong><a title=\"Comprar e instalar sistemas operativos Windows\" href=\"https:\/\/allgoodkeys.com\/es\/categoria-producto\/sistema-operativo\/\" target=\"_blank\" rel=\"noopener\">Sistemas operativos Windows<\/a>:\u00a0<a title=\"Comprar e instalar la licencia original de Microsoft Windows 11\" href=\"https:\/\/allgoodkeys.com\/es\/categoria-producto\/sistema-operativo-windows-11\/\" target=\"_blank\" rel=\"noopener\">Windows 11<\/a>\u00a0\u2013\u00a0<a title=\"Comprar e instalar Windows 10 Microsoft Original\" href=\"https:\/\/allgoodkeys.com\/es\/categoria-producto\/sistema-operativo-windows-10\/\" target=\"_blank\" rel=\"noopener\">Windows 10<\/a>\u00a0\u2013\u00a0<a title=\"Comprar e instalar Windows 8 Microsoft Original\" href=\"https:\/\/allgoodkeys.com\/es\/producto\/licencia-windows-8-professional\/\" target=\"_blank\" rel=\"noopener\">Windows 8<\/a><\/strong><br \/>\n<strong><a title=\"Comprar e instalar licencias originales de Microsoft Office Suites\" href=\"https:\/\/allgoodkeys.com\/es\/categoria-producto\/microsoft-office\/\" target=\"_blank\" rel=\"noopener\">Suites de Microsoft Office<\/a>:\u00a0<a href=\"https:\/\/allgoodkeys.com\/es\/categoria-producto\/microsoft-office-2021-es\/\" target=\"_blank\" rel=\"noopener\">Office 2021<\/a>\u00a0\u2013\u00a0<a title=\"Comprar e instalar la licencia original de Microsoft Office 2019\" href=\"https:\/\/allgoodkeys.com\/es\/categoria-producto\/microsoft-office-2019-es\/\" target=\"_blank\" rel=\"noopener\">Office 2019<\/a>\u00a0\u2013\u00a0<a title=\"Comprar e instalar la licencia original de Office 2016\" href=\"https:\/\/allgoodkeys.com\/es\/producto\/licencia-office-2016-professional-plus\/\" target=\"_blank\" rel=\"noopener\">Office 2016<\/a>\u00a0\u2013\u00a0<a title=\"Comprar e instalar Office para Mac Microsoft Original\" href=\"https:\/\/allgoodkeys.com\/es\/categoria-producto\/office-para-mac\/\" target=\"_blank\" rel=\"noopener\">Office para Mac<\/a><\/strong><br \/>\n<strong><a title=\"Comprar e instalar el mejor antivirus\" href=\"https:\/\/allgoodkeys.com\/es\/categoria-producto\/antivirus-y-seguridad\/\" target=\"_blank\" rel=\"noopener\">Antivirus<\/a>:\u00a0<a title=\"Comprar e instalar el antivirus original de Kaspersky\" href=\"https:\/\/allgoodkeys.com\/es\/categoria-producto\/kaspersky-es\/\" target=\"_blank\" rel=\"noopener\">Kaspersky<\/a>\u00a0\u2013\u00a0<a title=\"Comprar e instalar el antivirus original de ESET\" href=\"https:\/\/allgoodkeys.com\/es\/categoria-producto\/eset-es\/\" target=\"_blank\" rel=\"noopener\">ESET<\/a>\u00a0\u2013\u00a0<a title=\"Comprar e instalar el Avast Antivirus original\" href=\"http:\/\/allgoodkeys.com\/product-category\/avast\/\" target=\"_blank\" rel=\"noopener\">Avast<\/a>\u00a0\u2013\u00a0<a href=\"http:\/\/allgoodkeys.com\/product-category\/avg\/\" target=\"_blank\" rel=\"noopener\">AVG<\/a><\/strong><\/p>\n","protected":false},"excerpt":{"rendered":"<p>[icon name=\"circle-check\" prefix=\"fas\"]\u00a0 DESCARGA DIGITAL INSTANT\u00c1NEA<\/p>\n<p>[icon name=\"circle-check\" prefix=\"fas\"]\u00a0 SOPORTE DE POR VIDA<\/p>\n<p><a href=\"https:\/\/allgoodkeys.com\/es\/garantia-de-trusted-shops\/\" target=\"_blank\" rel=\"noopener\"><img decoding=\"async\" class=\"alignnone wp-image-48998\" src=\"https:\/\/allgoodkeys.com\/wp-content\/uploads\/2021\/02\/trusted-shops-es.png\" alt=\"\" width=\"195\" height=\"55\" srcset=\"https:\/\/allgoodkeys.com\/wp-content\/uploads\/2021\/02\/trusted-shops-es.png 396w, https:\/\/allgoodkeys.com\/wp-content\/uploads\/2021\/02\/trusted-shops-es-300x85.png 300w, https:\/\/allgoodkeys.com\/wp-content\/uploads\/2021\/02\/trusted-shops-es-250x71.png 250w\" sizes=\"(max-width: 195px) 100vw, 195px\" \/><\/a><\/p>\n","protected":false},"featured_media":28435,"comment_status":"open","ping_status":"closed","template":"","meta":[],"product_brand":[],"product_cat":[369,380,375,371],"product_tag":[],"woo-feed-brand":[],"class_list":{"0":"post-23701","1":"product","2":"type-product","3":"status-publish","4":"has-post-thumbnail","6":"product_cat-destacado","7":"product_cat-microsoft-office-2021-es","8":"product_cat-productos-de-oficina","9":"product_cat-todos-los-productos","11":"first","12":"instock","13":"virtual","14":"taxable","15":"purchasable","16":"product-type-simple"},"jetpack_sharing_enabled":true,"_links":{"self":[{"href":"https:\/\/allgoodkeys.com\/es\/wp-json\/wp\/v2\/product\/23701","targetHints":{"allow":["GET"]}}],"collection":[{"href":"https:\/\/allgoodkeys.com\/es\/wp-json\/wp\/v2\/product"}],"about":[{"href":"https:\/\/allgoodkeys.com\/es\/wp-json\/wp\/v2\/types\/product"}],"replies":[{"embeddable":true,"href":"https:\/\/allgoodkeys.com\/es\/wp-json\/wp\/v2\/comments?post=23701"}],"wp:featuredmedia":[{"embeddable":true,"href":"https:\/\/allgoodkeys.com\/es\/wp-json\/wp\/v2\/media\/28435"}],"wp:attachment":[{"href":"https:\/\/allgoodkeys.com\/es\/wp-json\/wp\/v2\/media?parent=23701"}],"wp:term":[{"taxonomy":"product_brand","embeddable":true,"href":"https:\/\/allgoodkeys.com\/es\/wp-json\/wp\/v2\/product_brand?post=23701"},{"taxonomy":"product_cat","embeddable":true,"href":"https:\/\/allgoodkeys.com\/es\/wp-json\/wp\/v2\/product_cat?post=23701"},{"taxonomy":"product_tag","embeddable":true,"href":"https:\/\/allgoodkeys.com\/es\/wp-json\/wp\/v2\/product_tag?post=23701"},{"taxonomy":"woo-feed-brand","embeddable":true,"href":"https:\/\/allgoodkeys.com\/es\/wp-json\/wp\/v2\/woo-feed-brand?post=23701"}],"curies":[{"name":"wp","href":"https:\/\/api.w.org\/{rel}","templated":true}]}}