{"id":23699,"date":"2021-10-30T11:26:40","date_gmt":"2021-10-30T11:26:40","guid":{"rendered":"https:\/\/allgoodkeys.com\/product\/visual-studio-2019-professional-clave-de-activacion-pc\/"},"modified":"2025-02-07T18:04:24","modified_gmt":"2025-02-07T18:04:24","slug":"visual-studio-2019-professional-profesional","status":"publish","type":"product","link":"https:\/\/allgoodkeys.com\/es\/producto\/visual-studio-2019-professional-profesional\/","title":{"rendered":"Visual Studio 2019 Professional &#8211; Licencia de Microsoft"},"content":{"rendered":"<h4><strong>Visual Studio 2019 Professional &#8211; Licencia de Microsoft<\/strong><\/h4>\n<p>Visual Studio 2019 Professional <strong>es un entorno de desarrollo integrado (IDE)<\/strong> completo para la creaci\u00f3n de aplicaciones de escritorio, web y m\u00f3viles, con soporte para m\u00faltiples plataformas y lenguajes de programaci\u00f3n. Esta herramienta ofrece importantes ventajas, como:<\/p>\n<ul>\n<li>Soporte para <strong>varios lenguajes de programaci\u00f3n<\/strong>, incluidos C++, C#, F#, Visual Basic, Python, JavaScript, TypeScript, entre otros.<\/li>\n<li><strong>Integraci\u00f3n con Azure<\/strong> para el desarrollo y gesti\u00f3n de aplicaciones basadas en la nube.<\/li>\n<li><strong>Herramientas avanzadas de depuraci\u00f3n<\/strong> y <strong>diagn\u00f3stico<\/strong> para probar y depurar aplicaciones.<\/li>\n<li><strong>Herramientas de colaboraci\u00f3n<\/strong>, como Git, para el control de versiones y trabajo en equipo.<\/li>\n<li><strong>Generaci\u00f3n autom\u00e1tica de documentaci\u00f3n<\/strong> mediante IntelliSense.<\/li>\n<li>Creaci\u00f3n de<strong> interfaces de usuario interactivas<\/strong> con el conjunto de herramientas WPF y Windows Forms.<\/li>\n<li>Soporte para <strong>el desarrollo de aplicaciones m\u00f3viles<\/strong> mediante Xamarin.<\/li>\n<li>IntelliCode, una funci\u00f3n que <strong>proporciona sugerencias inteligentes al escribir c\u00f3digo<\/strong>, basadas en el an\u00e1lisis de miles de millones de l\u00edneas de c\u00f3digo abierto.<\/li>\n<li>Explorador de soluciones, que permite <strong>organizar y navegar por proyectos y recursos dentro<\/strong> de una soluci\u00f3n.<\/li>\n<li>Herramientas para crear<strong> pruebas automatizadas<\/strong>, como pruebas unitarias.<\/li>\n<\/ul>\n<p>Adem\u00e1s, Microsoft Visual Studio 2019 Professional incluye una amplia gama de <strong>herramientas de desarrollo<\/strong>, <strong>bibliotecas<\/strong> y <strong>marcos<\/strong> que le permiten crear aplicaciones complejas de alta calidad de manera eficiente.<\/p>\n<p>Compra Visual Studio 2019 Professional ahora y ahorra en el precio de lista.<\/p>\n<p>&nbsp;<\/p>\n<h4>Descarga Visual Studio 2019 Professional inmediatamente despu\u00e9s de la compra con All Good Keys<\/h4>\n<p>Completa tu compra y <strong>descarga Visual Studio 2019 Professional de inmediato<\/strong>. Este es el beneficio de All Good Keys. Una vez completada la transacci\u00f3n segura, con uno de <strong>los m\u00e9todos de pago seguros admitidos<\/strong> (PayPal, Stripe, tarjeta de cr\u00e9dito\/d\u00e9bito..), recibir\u00e1s por correo electr\u00f3nico todo lo que necesitas para proceder y descargar tu Microsoft Visual Studio 2019 Professional de inmediato.<\/p>\n<p>&nbsp;<\/p>\n<h4>Instala Visual Studio 2019 Professional en tiempo real<\/h4>\n<p>Despu\u00e9s de que se complete la descarga, <strong>instala Visual Studio 2019 Professional<\/strong>, gracias a<strong> las instrucciones claras y simples<\/strong> adjuntas que te guiar\u00e1n durante todo el proceso. De esta manera, puedes operar de forma independiente, \u00a1pero recuerda que <strong><a href=\"https:\/\/allgoodkeys.com\/es\/contactenos\/\" target=\"_blank\" rel=\"noopener\">nuestro equipo de Soporte T\u00e9cnico<\/a> est\u00e1 siempre a tu disposici\u00f3n, de forma gratuita!<\/strong><\/p>\n<p>&nbsp;<\/p>\n<h4>Activa Visual Studio 2019 Professional inmediatamente<\/h4>\n<p>Como beneficio adicional, activa Visual Studio 2019 Professional inmediatamente despu\u00e9s de la instalaci\u00f3n. Encontrar\u00e1s<strong> la clave de activaci\u00f3n<\/strong> en el correo electr\u00f3nico de resumen de tu pedido, y siempre es<strong> 100% genuina y garantizada<\/strong>. De esta manera, puedes obtener tu licencia original y reconocida en cuesti\u00f3n de segundos. \u00a1Y recuerda que <strong>nuestra garant\u00eda de devoluci\u00f3n de dinero completa<\/strong> cubre todas las compras que realices en All Good Keys! \u00a1Nada se deja al azar!<\/p>\n<p>&nbsp;<\/p>\n<h4>Crea tu entorno de desarrollo ideal con Visual Studio 2019 Professional<\/h4>\n<p>Con <strong>Visual Studio 2019 Professional<\/strong>, puedes crear tu entorno de desarrollo ideal, personalizando ventanas y configurando la interfaz para optimizar tu flujo de trabajo. Adem\u00e1s, si eliges Visual Studio 2019 Professional de All Good Keys, <strong>no solo pagar\u00e1s un precio m\u00e1s bajo<\/strong>, sino que tendr\u00e1s la seguridad de que est\u00e1s tratando con profesionales establecidos en la industria.<\/p>\n<p>Como beneficio adicional, en nuestra tienda puedes ahorrar<strong> hasta un 70%<\/strong> en todo el cat\u00e1logo en comparaci\u00f3n con los precios oficiales. Por ejemplo, puedes comprar <a href=\"https:\/\/allgoodkeys.com\/es\/producto\/licencia-windows-11-professional\/\" target=\"_blank\" rel=\"noopener\"><strong>Windows 11 Pro<\/strong><\/a>, actualmente el mejor <strong>sistema operativo Windows<\/strong>, a un precio imbatible, ordenar y descargar <a href=\"https:\/\/allgoodkeys.com\/es\/producto\/licencia-office-2021-professional-plus-pc\/\" target=\"_blank\" rel=\"noopener\"><strong>Office Professional 2021<\/strong><\/a> y <a href=\"https:\/\/allgoodkeys.com\/es\/producto\/office-hogar-y-empresas-2021\/\" target=\"_blank\" rel=\"noopener\"><strong>Microsoft Office 2021 Home and Business para Mac<\/strong><\/a> en tiempo real o cualquier otro producto de <strong>Microsoft Office<\/strong>.<\/p>\n<p>En All Good Keys tambi\u00e9n encontrar\u00e1s soluciones empresariales, como <a href=\"https:\/\/allgoodkeys.com\/es\/producto\/sql-server-2019-standard\/\" target=\"_blank\" rel=\"noopener\"><strong>Microsoft SQL Server Standard 2019<\/strong><\/a> a una fracci\u00f3n de los precios de lista oficiales. Todos con la garant\u00eda de que cada licencia en venta en nuestra tienda ser\u00e1 siempre 100% original y garantizada. \u00a1Y no olvides que en All Good Keys tambi\u00e9n puedes encontrar suscripciones a <a href=\"https:\/\/allgoodkeys.com\/es\/producto\/microsoft-365-professional-plus\/\" target=\"_blank\" rel=\"noopener\"><strong>Microsoft Office Personal 365!<\/strong><\/a><\/p>\n<p>&nbsp;<\/p>\n<h4>Visual Studio 2019 Professional &#8211; Requisitos del sistema<\/h4>\n<ul>\n<li><strong>Sistema operativo<\/strong>: Windows 10 versi\u00f3n 1507 o posterior, Windows Server 2012 R2 (64 bits), Windows Server 2016 (64 bits) o posterior.<\/li>\n<li><strong>Procesador:<\/strong> 1.8GHz o m\u00e1s r\u00e1pido.<\/li>\n<li><strong>Memoria:<\/strong> 2GB de RAM (se recomiendan 8GB de RAM o m\u00e1s).<\/li>\n<li><strong>Espacio en disco:<\/strong> al menos 20GB de espacio libre en disco.<\/li>\n<li><strong>Tarjeta de video:<\/strong> una tarjeta de video que admita una resoluci\u00f3n m\u00ednima de 720p (1280 x 720).<\/li>\n<li><strong>Otros requisitos:<\/strong> conexi\u00f3n a Internet, cuenta de Microsoft, .NET Framework 4.7.2 o posterior\n<div class=\"flex-1 overflow-hidden\">\n<div class=\"react-scroll-to-bottom--css-gtayt-79elbk h-full\">\n<div class=\"react-scroll-to-bottom--css-gtayt-1n7m0yu\">\n<div class=\"flex flex-col text-sm pb-9\">\n<div class=\"w-full text-token-text-primary\" data-testid=\"conversation-turn-855\">\n<div class=\"px-4 py-2 justify-center text-base md:gap-6 m-auto\">\n<div class=\"flex flex-1 text-base mx-auto gap-3 md:px-5 lg:px-1 xl:px-5 md:max-w-3xl lg:max-w-[40rem] xl:max-w-[48rem] group final-completion\">\n<div class=\"relative flex w-full flex-col agent-turn\">\n<div class=\"flex-col gap-1 md:gap-3\">\n<div class=\"mt-1 flex justify-start gap-3 empty:hidden\"><\/div>\n<\/div>\n<\/div>\n<\/div>\n<\/div>\n<\/div>\n<\/div>\n<\/div>\n<\/div>\n<\/div>\n<div class=\"w-full pt-2 md:pt-0 dark:border-white\/20 md:border-transparent md:dark:border-transparent md:w-[calc(100%-.5rem)]\"><\/div>\n<\/li>\n<\/ul>\n<p>&nbsp;<\/p>\n<h3>\u00bfEres un revendedor?<\/h3>\n<p>Si es as\u00ed, cont\u00e1ctanos por correo electr\u00f3nico a\u00a0<a href=\"https:\/\/allgoodkeys.com\/es\/contactenos\/\" target=\"_blank\" rel=\"noopener\"><strong>Support@allgoodkeys.com<\/strong><\/a>\u00a0y te proporcionaremos una oferta personalizada y una lista de precios. \u00a1Trabajemos juntos para satisfacer tus necesidades y las de tus clientes!<\/p>\n<h3>\u00bfInteresado en afiliarte?<\/h3>\n<p>\u00danete a nuestro programa de afiliados y comienza a ganar comisiones promocionando nuestros productos digitales. Con un enlace de seguimiento \u00fanico, podr\u00e1s monetizar tu plataforma y ofrecer valiosos productos a tu audiencia. \u00a1Reg\u00edstrate hoy mismo y descubre todas las oportunidades que tenemos para ti!\u00a0<a href=\"https:\/\/allgoodkeys.com\/es\/afiliarse\/\" target=\"_blank\" rel=\"noopener\"><strong>Visita nuestra p\u00e1gina del programa de afiliados para obtener m\u00e1s informaci\u00f3n.<\/strong><\/a><\/p>\n<p>&nbsp;<\/p>\n<h3>Descubre m\u00e1s productos<\/h3>\n<p><strong><a title=\"Comprar e instalar sistemas operativos Windows\" href=\"https:\/\/allgoodkeys.com\/es\/categoria-producto\/sistema-operativo\/\" target=\"_blank\" rel=\"noopener\">Sistemas operativos Windows<\/a>:\u00a0<a title=\"Comprar e instalar la licencia original de Microsoft Windows 11\" href=\"https:\/\/allgoodkeys.com\/es\/categoria-producto\/sistema-operativo-windows-11\/\" target=\"_blank\" rel=\"noopener\">Windows 11<\/a>\u00a0\u2013\u00a0<a title=\"Comprar e instalar Windows 10 Microsoft Original\" href=\"https:\/\/allgoodkeys.com\/es\/categoria-producto\/sistema-operativo-windows-10\/\" target=\"_blank\" rel=\"noopener\">Windows 10<\/a>\u00a0\u2013\u00a0<a title=\"Comprar e instalar Windows 8 Microsoft Original\" href=\"https:\/\/allgoodkeys.com\/es\/producto\/licencia-windows-8-professional\/\" target=\"_blank\" rel=\"noopener\">Windows 8<\/a><\/strong><br \/>\n<strong><a title=\"Comprar e instalar licencias originales de Microsoft Office Suites\" href=\"https:\/\/allgoodkeys.com\/es\/categoria-producto\/microsoft-office\/\" target=\"_blank\" rel=\"noopener\">Suites de Microsoft Office<\/a>:\u00a0<a href=\"https:\/\/allgoodkeys.com\/es\/categoria-producto\/microsoft-office-2021-es\/\" target=\"_blank\" rel=\"noopener\">Office 2021<\/a>\u00a0\u2013\u00a0<a title=\"Comprar e instalar la licencia original de Microsoft Office 2019\" href=\"https:\/\/allgoodkeys.com\/es\/categoria-producto\/microsoft-office-2019-es\/\" target=\"_blank\" rel=\"noopener\">Office 2019<\/a>\u00a0\u2013\u00a0<a title=\"Comprar e instalar la licencia original de Office 2016\" href=\"https:\/\/allgoodkeys.com\/es\/producto\/licencia-office-2016-professional-plus\/\" target=\"_blank\" rel=\"noopener\">Office 2016<\/a>\u00a0\u2013\u00a0<a title=\"Comprar e instalar Office para Mac Microsoft Original\" href=\"https:\/\/allgoodkeys.com\/es\/categoria-producto\/office-para-mac\/\" target=\"_blank\" rel=\"noopener\">Office para Mac<\/a><\/strong><br \/>\n<strong><a title=\"Comprar e instalar el mejor antivirus\" href=\"https:\/\/allgoodkeys.com\/es\/categoria-producto\/antivirus-y-seguridad\/\" target=\"_blank\" rel=\"noopener\">Antivirus<\/a>:\u00a0<a title=\"Comprar e instalar el antivirus original de Kaspersky\" href=\"https:\/\/allgoodkeys.com\/es\/categoria-producto\/kaspersky-es\/\" target=\"_blank\" rel=\"noopener\">Kaspersky<\/a>\u00a0\u2013\u00a0<a title=\"Comprar e instalar el antivirus original de ESET\" href=\"https:\/\/allgoodkeys.com\/es\/categoria-producto\/eset-es\/\" target=\"_blank\" rel=\"noopener\">ESET<\/a>\u00a0\u2013\u00a0<a title=\"Comprar e instalar el Avast Antivirus original\" href=\"https:\/\/allgoodkeys.com\/es\/categoria-producto\/avast\/\" target=\"_blank\" rel=\"noopener\">Avast<\/a>\u00a0\u2013\u00a0<a href=\"https:\/\/allgoodkeys.com\/es\/categoria-producto\/avg\/\" target=\"_blank\" rel=\"noopener\">AVG<\/a><\/strong><\/p>\n<p>&nbsp;<\/p>\n<p>&nbsp;<\/p>\n","protected":false},"excerpt":{"rendered":"<p>[icon name=\"circle-check\" prefix=\"fas\"]\u00a0 DESCARGA DIGITAL INSTANT\u00c1NEA<\/p>\n<p>[icon name=\"circle-check\" prefix=\"fas\"]\u00a0 SOPORTE DE POR VIDA<\/p>\n<p><a href=\"https:\/\/allgoodkeys.com\/es\/garantia-de-trusted-shops\/\" target=\"_blank\" rel=\"noopener\"><img decoding=\"async\" class=\"alignnone wp-image-48998\" src=\"https:\/\/allgoodkeys.com\/wp-content\/uploads\/2021\/02\/trusted-shops-es.png\" alt=\"\" width=\"195\" height=\"55\" srcset=\"https:\/\/allgoodkeys.com\/wp-content\/uploads\/2021\/02\/trusted-shops-es.png 396w, https:\/\/allgoodkeys.com\/wp-content\/uploads\/2021\/02\/trusted-shops-es-300x85.png 300w, https:\/\/allgoodkeys.com\/wp-content\/uploads\/2021\/02\/trusted-shops-es-250x71.png 250w\" sizes=\"(max-width: 195px) 100vw, 195px\" \/><\/a><\/p>\n","protected":false},"featured_media":23700,"comment_status":"open","ping_status":"closed","template":"","meta":[],"product_brand":[],"product_cat":[374,375,379,371],"product_tag":[],"woo-feed-brand":[],"class_list":{"0":"post-23699","1":"product","2":"type-product","3":"status-publish","4":"has-post-thumbnail","6":"product_cat-microsoft-office-2019-es","7":"product_cat-productos-de-oficina","8":"product_cat-suites-de-oficina","9":"product_cat-todos-los-productos","11":"first","12":"instock","13":"virtual","14":"taxable","15":"purchasable","16":"product-type-simple"},"jetpack_sharing_enabled":true,"_links":{"self":[{"href":"https:\/\/allgoodkeys.com\/es\/wp-json\/wp\/v2\/product\/23699","targetHints":{"allow":["GET"]}}],"collection":[{"href":"https:\/\/allgoodkeys.com\/es\/wp-json\/wp\/v2\/product"}],"about":[{"href":"https:\/\/allgoodkeys.com\/es\/wp-json\/wp\/v2\/types\/product"}],"replies":[{"embeddable":true,"href":"https:\/\/allgoodkeys.com\/es\/wp-json\/wp\/v2\/comments?post=23699"}],"wp:featuredmedia":[{"embeddable":true,"href":"https:\/\/allgoodkeys.com\/es\/wp-json\/wp\/v2\/media\/23700"}],"wp:attachment":[{"href":"https:\/\/allgoodkeys.com\/es\/wp-json\/wp\/v2\/media?parent=23699"}],"wp:term":[{"taxonomy":"product_brand","embeddable":true,"href":"https:\/\/allgoodkeys.com\/es\/wp-json\/wp\/v2\/product_brand?post=23699"},{"taxonomy":"product_cat","embeddable":true,"href":"https:\/\/allgoodkeys.com\/es\/wp-json\/wp\/v2\/product_cat?post=23699"},{"taxonomy":"product_tag","embeddable":true,"href":"https:\/\/allgoodkeys.com\/es\/wp-json\/wp\/v2\/product_tag?post=23699"},{"taxonomy":"woo-feed-brand","embeddable":true,"href":"https:\/\/allgoodkeys.com\/es\/wp-json\/wp\/v2\/woo-feed-brand?post=23699"}],"curies":[{"name":"wp","href":"https:\/\/api.w.org\/{rel}","templated":true}]}}