{"id":23695,"date":"2021-02-14T22:09:46","date_gmt":"2021-02-14T22:09:46","guid":{"rendered":"https:\/\/allgoodkeys.com\/product\/project-2019-professional-clave-de-activacion-pc\/"},"modified":"2025-02-07T18:04:38","modified_gmt":"2025-02-07T18:04:38","slug":"microsoft-project-2019-professional","status":"publish","type":"product","link":"https:\/\/allgoodkeys.com\/es\/producto\/microsoft-project-2019-professional\/","title":{"rendered":"Microsoft Project 2019 Professional"},"content":{"rendered":"<blockquote><p><strong>\u00a1Adquiere Microsoft Project 2019 Professional y lleva la gesti\u00f3n de tus proyectos al siguiente nivel!<\/strong><\/p><\/blockquote>\n<p>&nbsp;<\/p>\n<p><strong>Microsoft Project 2019 Professional<\/strong> es<strong> una soluci\u00f3n profesional<\/strong> que te ayudar\u00e1 a <strong>planificar y gestionar tus proyectos de manera m\u00e1s eficiente<\/strong>. Esta versi\u00f3n est\u00e1 dise\u00f1ada principalmente para empresas e individuos que requieren soluciones avanzadas de gesti\u00f3n de recursos y personal. Con Microsoft Project 2019 Professional, podr\u00e1s administrar cada aspecto de tu proyecto, <strong>hacer un seguimiento del progreso de tus tareas<\/strong> paso a paso y corregir errores a medida que surjan. La interfaz de Microsoft Project Professional 2019 es <strong>intuitiva y f\u00e1cil de usar, inspirada en el estilo de Microsoft Office<\/strong>, lo que permite a incluso los usuarios menos experimentados disfrutar de todas las funciones del software desde el primer momento.<\/p>\n<p>&nbsp;<\/p>\n<h4>Algunas de las caracter\u00edsticas clave de Microsoft Project Professional 2019 incluyen:<\/h4>\n<ul>\n<li><strong>Planificaci\u00f3n y programaci\u00f3n avanzadas:<\/strong> Microsoft Project Professional ofrece herramientas sofisticadas de planificaci\u00f3n de proyectos, como la capacidad de definir tareas, informes y programaci\u00f3n.<\/li>\n<li><strong>Gesti\u00f3n de recursos:<\/strong> Esta aplicaci\u00f3n te permite asignar recursos a actividades espec\u00edficas del proyecto, hacer un seguimiento de su consumo y controlar posibles sobreasignaciones.<\/li>\n<li><strong>Seguimiento y control del proyecto:<\/strong> Microsoft Project Professional incluye herramientas para hacer un seguimiento del progreso del proyecto frente a los objetivos iniciales. Puedes ver acciones anteriores, hacer un seguimiento de los gastos y comparar planes con la realidad.<\/li>\n<li><strong>Colaboraci\u00f3n y compartici\u00f3n:<\/strong> Con Microsoft Project Professional, puedes compartir f\u00e1cilmente hitos del proyecto con tu equipo y partes externas. Tambi\u00e9n puedes colaborar en tiempo real con tu equipo utilizando <strong>Microsoft Teams<\/strong>.<\/li>\n<li><strong>Informes avanzados:<\/strong> Microsoft Project Professional incluye varias opciones de informes que te permiten crear informes detallados sobre el progreso del proyecto, el uso de recursos, los costos, y m\u00e1s.<\/li>\n<\/ul>\n<p>Microsoft Project Professional 2019 est\u00e1 disponible como una aplicaci\u00f3n independiente. Si tambi\u00e9n necesitas utilizar otros programas de Office, te recomendamos comprar <a href=\"https:\/\/allgoodkeys.com\/es\/producto\/licencia-office-2021-professional-plus-pc\/\" target=\"_blank\" rel=\"noopener\"><strong>Office 2021 Professional Plus<\/strong><\/a> o <strong>Office 2021 Home &amp; Business.<\/strong><\/p>\n<p>Compra<strong> Microsoft Project Professional 2019<\/strong> y alcanza todos tus objetivos de productividad. \u00a1Descarga Microsoft Project 2019 Professional en unos pocos clics con <strong>All Good Keys y ahorra en el precio de lista!<\/strong><\/p>\n<p><strong>\u00a1Instalar Microsoft Project 2019 Professional y gestionar mejor tus proyectos!<\/strong><\/p>\n<p>&nbsp;<\/p>\n<h3>\u00bfEres un revendedor?<\/h3>\n<p>Si es as\u00ed, cont\u00e1ctanos por correo electr\u00f3nico a\u00a0<a href=\"https:\/\/allgoodkeys.com\/es\/contactenos\/\" target=\"_blank\" rel=\"noopener\"><strong>Support@allgoodkeys.com<\/strong><\/a>\u00a0y te proporcionaremos una oferta personalizada y una lista de precios. \u00a1Trabajemos juntos para satisfacer tus necesidades y las de tus clientes!<\/p>\n<h3>\u00bfInteresado en afiliarte?<\/h3>\n<p>\u00danete a nuestro programa de afiliados y comienza a ganar comisiones promocionando nuestros productos digitales. Con un enlace de seguimiento \u00fanico, podr\u00e1s monetizar tu plataforma y ofrecer valiosos productos a tu audiencia. \u00a1Reg\u00edstrate hoy mismo y descubre todas las oportunidades que tenemos para ti!\u00a0<a href=\"https:\/\/allgoodkeys.com\/es\/afiliarse\/\" target=\"_blank\" rel=\"noopener\"><strong>Visita nuestra p\u00e1gina del programa de afiliados para obtener m\u00e1s informaci\u00f3n.<\/strong><\/a><\/p>\n<p>&nbsp;<\/p>\n<h3>Descubre m\u00e1s productos<\/h3>\n<p><strong><a title=\"Comprar e instalar sistemas operativos Windows\" href=\"https:\/\/allgoodkeys.com\/es\/categoria-producto\/sistema-operativo\/\" target=\"_blank\" rel=\"noopener\">Sistemas operativos Windows<\/a>:\u00a0<a title=\"Comprar e instalar la licencia original de Microsoft Windows 11\" href=\"https:\/\/allgoodkeys.com\/es\/categoria-producto\/sistema-operativo-windows-11\/\" target=\"_blank\" rel=\"noopener\">Windows 11<\/a>\u00a0\u2013\u00a0<a title=\"Comprar e instalar Windows 10 Microsoft Original\" href=\"https:\/\/allgoodkeys.com\/es\/categoria-producto\/sistema-operativo-windows-10\/\" target=\"_blank\" rel=\"noopener\">Windows 10<\/a>\u00a0\u2013\u00a0<a title=\"Comprar e instalar Windows 8 Microsoft Original\" href=\"https:\/\/allgoodkeys.com\/es\/producto\/licencia-windows-8-professional\/\" target=\"_blank\" rel=\"noopener\">Windows 8<\/a><\/strong><br \/>\n<strong><a title=\"Comprar e instalar licencias originales de Microsoft Office Suites\" href=\"https:\/\/allgoodkeys.com\/es\/categoria-producto\/microsoft-office\/\" target=\"_blank\" rel=\"noopener\">Suites de Microsoft Office<\/a>:\u00a0<a href=\"https:\/\/allgoodkeys.com\/es\/categoria-producto\/microsoft-office-2021-es\/\" target=\"_blank\" rel=\"noopener\">Office 2021<\/a>\u00a0\u2013\u00a0<a title=\"Comprar e instalar la licencia original de Microsoft Office 2019\" href=\"https:\/\/allgoodkeys.com\/es\/categoria-producto\/microsoft-office-2019-es\/\" target=\"_blank\" rel=\"noopener\">Office 2019<\/a>\u00a0\u2013\u00a0<a title=\"Comprar e instalar la licencia original de Office 2016\" href=\"https:\/\/allgoodkeys.com\/es\/producto\/licencia-office-2016-professional-plus\/\" target=\"_blank\" rel=\"noopener\">Office 2016<\/a>\u00a0\u2013\u00a0<a title=\"Comprar e instalar Office para Mac Microsoft Original\" href=\"https:\/\/allgoodkeys.com\/es\/categoria-producto\/office-para-mac\/\" target=\"_blank\" rel=\"noopener\">Office para Mac<\/a><\/strong><br \/>\n<strong><a title=\"Comprar e instalar el mejor antivirus\" href=\"https:\/\/allgoodkeys.com\/es\/categoria-producto\/antivirus-y-seguridad\/\" target=\"_blank\" rel=\"noopener\">Antivirus<\/a>:\u00a0<a title=\"Comprar e instalar el antivirus original de Kaspersky\" href=\"https:\/\/allgoodkeys.com\/es\/categoria-producto\/kaspersky-es\/\" target=\"_blank\" rel=\"noopener\">Kaspersky<\/a>\u00a0\u2013\u00a0<a title=\"Comprar e instalar el antivirus original de ESET\" href=\"https:\/\/allgoodkeys.com\/es\/categoria-producto\/eset-es\/\" target=\"_blank\" rel=\"noopener\">ESET<\/a>\u00a0\u2013\u00a0<a title=\"Comprar e instalar el Avast Antivirus original\" href=\"https:\/\/allgoodkeys.com\/es\/categoria-producto\/avast\/\" target=\"_blank\" rel=\"noopener\">Avast<\/a>\u00a0\u2013\u00a0<a href=\"https:\/\/allgoodkeys.com\/es\/categoria-producto\/avg\/\" target=\"_blank\" rel=\"noopener\">AVG<\/a><\/strong><\/p>\n<p>&nbsp;<\/p>\n","protected":false},"excerpt":{"rendered":"<p>[icon name=\"circle-check\" prefix=\"fas\"]\u00a0 DESCARGA DIGITAL INSTANT\u00c1NEA<\/p>\n<p>[icon name=\"circle-check\" prefix=\"fas\"]\u00a0 SOPORTE DE POR VIDA<\/p>\n<p><a href=\"https:\/\/allgoodkeys.com\/es\/garantia-de-trusted-shops\/\" target=\"_blank\" rel=\"noopener\"><img decoding=\"async\" class=\"alignnone wp-image-48998\" src=\"https:\/\/allgoodkeys.com\/wp-content\/uploads\/2021\/02\/trusted-shops-es.png\" alt=\"\" width=\"195\" height=\"55\" srcset=\"https:\/\/allgoodkeys.com\/wp-content\/uploads\/2021\/02\/trusted-shops-es.png 396w, https:\/\/allgoodkeys.com\/wp-content\/uploads\/2021\/02\/trusted-shops-es-300x85.png 300w, https:\/\/allgoodkeys.com\/wp-content\/uploads\/2021\/02\/trusted-shops-es-250x71.png 250w\" sizes=\"(max-width: 195px) 100vw, 195px\" \/><\/a><\/p>\n","protected":false},"featured_media":23696,"comment_status":"open","ping_status":"closed","template":"","meta":[],"product_brand":[],"product_cat":[374,375,371],"product_tag":[],"woo-feed-brand":[],"class_list":{"0":"post-23695","1":"product","2":"type-product","3":"status-publish","4":"has-post-thumbnail","6":"product_cat-microsoft-office-2019-es","7":"product_cat-productos-de-oficina","8":"product_cat-todos-los-productos","10":"first","11":"instock","12":"virtual","13":"taxable","14":"purchasable","15":"product-type-simple"},"jetpack_sharing_enabled":true,"_links":{"self":[{"href":"https:\/\/allgoodkeys.com\/es\/wp-json\/wp\/v2\/product\/23695","targetHints":{"allow":["GET"]}}],"collection":[{"href":"https:\/\/allgoodkeys.com\/es\/wp-json\/wp\/v2\/product"}],"about":[{"href":"https:\/\/allgoodkeys.com\/es\/wp-json\/wp\/v2\/types\/product"}],"replies":[{"embeddable":true,"href":"https:\/\/allgoodkeys.com\/es\/wp-json\/wp\/v2\/comments?post=23695"}],"wp:featuredmedia":[{"embeddable":true,"href":"https:\/\/allgoodkeys.com\/es\/wp-json\/wp\/v2\/media\/23696"}],"wp:attachment":[{"href":"https:\/\/allgoodkeys.com\/es\/wp-json\/wp\/v2\/media?parent=23695"}],"wp:term":[{"taxonomy":"product_brand","embeddable":true,"href":"https:\/\/allgoodkeys.com\/es\/wp-json\/wp\/v2\/product_brand?post=23695"},{"taxonomy":"product_cat","embeddable":true,"href":"https:\/\/allgoodkeys.com\/es\/wp-json\/wp\/v2\/product_cat?post=23695"},{"taxonomy":"product_tag","embeddable":true,"href":"https:\/\/allgoodkeys.com\/es\/wp-json\/wp\/v2\/product_tag?post=23695"},{"taxonomy":"woo-feed-brand","embeddable":true,"href":"https:\/\/allgoodkeys.com\/es\/wp-json\/wp\/v2\/woo-feed-brand?post=23695"}],"curies":[{"name":"wp","href":"https:\/\/api.w.org\/{rel}","templated":true}]}}