{"id":23650,"date":"2021-10-25T10:15:24","date_gmt":"2021-10-25T10:15:24","guid":{"rendered":"https:\/\/allgoodkeys.com\/product\/windows-11-professional-office-2021-professional-plus-paquete\/"},"modified":"2025-02-07T18:04:31","modified_gmt":"2025-02-07T18:04:31","slug":"windows-11-professional-office-2021-professional-plus-bundle-2","status":"publish","type":"product","link":"https:\/\/allgoodkeys.com\/es\/producto\/windows-11-professional-office-2021-professional-plus-bundle-2\/","title":{"rendered":"Windows 11 Professional + Office 2021 Professional Plus &#8211; Paquete"},"content":{"rendered":"<div style=\"text-align: center;\">\n<h1 style=\"text-align: left;\"><strong> Windows 11 Professional + Office 2021 Professional Plus &#8211; Paquete<\/strong><\/h1>\n<p style=\"text-align: left;\">Por favor, primero active su clave en este sitio <a href=\"https:\/\/setup.office.com\/\" target=\"_blank\" rel=\"noopener\"><strong>https:\/\/setup.office.com\/<\/strong><\/a> , y luego descargue el software. Por favor, no descargue Office antes de terminar la activaci\u00f3n.<\/p>\n<p style=\"text-align: left;\"><strong>Gu\u00eda de activaci\u00f3n : <a href=\"https:\/\/allgoodkeys.com\/how-to-activate-office-by-phone\/\" target=\"_blank\" rel=\"noopener\">Haga clic aqu\u00ed<\/a><\/strong><\/p>\n<p>.<\/p>\n<h3 style=\"text-align: left;\"><strong>Office 2021 Professional Plus<\/strong><\/h3>\n<p style=\"text-align: left;\"><a href=\"https:\/\/allgoodkeys.com\/es\/producto\/licencia-office-2019-professional-plus\/\" target=\"_blank\" rel=\"noopener\"><strong>Microsoft Office 2021<\/strong><\/a> ofrece atributos para ayudar a los clientes a producir art\u00edculos. Adem\u00e1s, puede producir visualizaciones con atributos como Zoom y Morph. Y las caracter\u00edsticas de entintado de todos los paquetes de Windows -incluyendo la sensibilidad a la tensi\u00f3n, el ejemplo del l\u00e1piz y los efectos de inclinaci\u00f3n- permiten que los documentos sean creados claramente por ti. La importancia de la inform\u00e1tica, que es nueva, tambi\u00e9n est\u00e1 cubierta por los medios de la oficina para la seguridad y la administraci\u00f3n. Lanzamos Click-to-Run (C2R), la era de la configuraci\u00f3n actual, en Office 2013, y ahora se utiliza para configurar y mejorar Office en un sinf\u00edn de decenas de millones de aparatos en todo el mundo. Junto con la mudanza de la oficina para disminuir los gastos y decorar la protecci\u00f3n. Las bendiciones de C2R incluyen paquetes famosos en la configuraci\u00f3n, actualizaciones de seguridad mes a mes, reducci\u00f3n de la ingesta de la comunidad a trav\u00e9s de un curso de actualizaci\u00f3n f\u00e1cil a Office 365 Pro Plus, junto con la generaci\u00f3n de optimizaci\u00f3n de <a href=\"https:\/\/allgoodkeys.com\/es\/producto\/licencia-windows-10-professional\/\" target=\"_blank\" rel=\"noopener\">Windows 10.<\/a><\/p>\n<p>&nbsp;<\/p>\n<h3 style=\"text-align: left;\">Caracter\u00edsticas de <strong>Office 2021 Professional <\/strong>Plus:<\/h3>\n<ul style=\"text-align: left;\">\n<li style=\"list-style-type: none;\">\n<ul style=\"text-align: left;\">\n<li style=\"text-align: left;\">empezar a trabajar inmediatamente utilizando una de las miles de plantillas dise\u00f1adas profesionalmente en Internet.<\/li>\n<li style=\"text-align: left;\">Ahora se muestra el texto y las im\u00e1genes de los documentos.<\/li>\n<li style=\"text-align: left;\">Mu\u00e9vete libremente por documentos, hojas de c\u00e1lculo y presentaciones mediante los conocidos gestos multit\u00e1ctiles.<\/li>\n<li style=\"text-align: left;\">El comando de men\u00fa de la cinta procesada orden\u00f3 una forma intuitiva de encontrar lo que necesita r\u00e1pidamente.<\/li>\n<li style=\"text-align: left;\">Integraci\u00f3n con OneDrive, OneDrive for Business y SharePoint.<\/li>\n<li style=\"text-align: left;\">Accedes a los archivos en tu Windows y otros dispositivos iniciando la sesi\u00f3n con tu licencia de Office.<\/li>\n<\/ul>\n<\/li>\n<\/ul>\n<p>.<\/p>\n<h3 style=\"text-align: left;\"><strong>A continuaci\u00f3n se enumeran las aplicaciones incluidas en el producto.<\/strong><\/h3>\n<ol style=\"text-align: left;\">\n<li style=\"text-align: left;\"><strong>Excel 2021<br \/>\n<\/strong><\/li>\n<li style=\"text-align: left;\"><strong>Palabra 2021<\/strong><\/li>\n<li style=\"text-align: left;\"><strong>PowerPoint 2021<\/strong><\/li>\n<li style=\"text-align: left;\"><strong>Perspectivas 2021<\/strong><\/li>\n<li style=\"text-align: left;\"><strong>Editorial 2021<\/strong><\/li>\n<li style=\"text-align: left;\"><strong>Acceso 2021<\/strong><\/li>\n<\/ol>\n<p style=\"text-align: left;\">*Suscripci\u00f3n a Skype for Business no incluida.<\/p>\n<p>.<\/p>\n<\/div>\n<h3 id=\"page-header\" style=\"text-align: left;\">Novedades de Office 2021<\/h3>\n<p style=\"text-align: left;\">en Office 2021, encontrar\u00e1 nuevas funciones de coautor\u00eda, herramientas de entintado, tipos de datos, funciones, herramientas de traducci\u00f3n y edici\u00f3n, gr\u00e1ficos en movimiento, caracter\u00edsticas de facilidad de uso y mucho m\u00e1s. Compruebe lo que est\u00e1 disponible para usted hoy.<\/p>\n<p style=\"text-align: left;\"><b class=\"ocpLegacyBold\">Documentos de coautor\u00eda<\/b><\/p>\n<p style=\"text-align: left;\">Con la coautor\u00eda en tiempo real, puedes trabajar con otros en el mismo documento al mismo tiempo. No hay necesidad de enviar notas o correos electr\u00f3nicos adicionales porque todos ser\u00e1n notificados cuando se actualice un archivo.<\/p>\n<p style=\"text-align: left;\"><b class=\"ocpLegacyBold\">Mejor colaboraci\u00f3n con los comentarios modernos<\/b><\/p>\n<p style=\"text-align: left;\">Controla cu\u00e1ndo env\u00edas los comentarios a tus coautores y s\u00e9 productivo con una experiencia de comentarios consistente entre Word, Excel y PowerPoint.<\/p>\n<p style=\"text-align: left;\"><b class=\"ocpLegacyBold\">Sepa qui\u00e9n est\u00e1 en su documento<\/b><\/p>\n<p style=\"text-align: left;\">Vea qui\u00e9n m\u00e1s est\u00e1 trabajando con usted y en qu\u00e9 parte del documento se encuentra. Encontrar\u00e1 esta experiencia en Word, Excel y PowerPoint.<\/p>\n<p style=\"text-align: left;\"><b class=\"ocpLegacyBold\">Actualizaci\u00f3n visual<\/b><\/p>\n<p style=\"text-align: left;\">Trabaje con una experiencia de Inicio modernizada y con pesta\u00f1as renovadas en la cinta. Experimente un estilo limpio y claro con una iconograf\u00eda monol\u00ednea, una paleta de colores neutros y esquinas de ventana m\u00e1s suaves. Estas actualizaciones comunican la acci\u00f3n y proporcionan caracter\u00edsticas con visuales simples.<\/p>\n<p style=\"text-align: left;\"><b class=\"ocpLegacyBold\">Mira a la izquierda, mira a la derecha&#8230; \u00a1XLOOKUP est\u00e1 aqu\u00ed!<\/b><\/p>\n<p style=\"text-align: left;\">Fila por fila, encuentre cualquier cosa que necesite en una tabla o rango con XLOOKUP.<\/p>\n<p style=\"text-align: left;\"><b class=\"ocpLegacyBold\">Matrices din\u00e1micas<\/b><\/p>\n<p style=\"text-align: left;\">Escribe una f\u00f3rmula y devuelve un array de valores. Agilice los c\u00e1lculos y la informaci\u00f3n con seis nuevas funciones: <a class=\"ocpArticleLink\" href=\"https:\/\/support.microsoft.com\/en-us\/office\/filter-function-f4f7cb66-82eb-4767-8f7c-4877ad80c759\" target=\"_blank\" rel=\"noopener\">FILTRO<\/a>, <a class=\"ocpArticleLink\" href=\"https:\/\/support.microsoft.com\/en-us\/office\/sort-function-22f63bd0-ccc8-492f-953d-c20e8e44b86c\" target=\"_blank\" rel=\"noopener\">CLASIFICACI\u00d3N<\/a>, <a class=\"ocpArticleLink\" href=\"https:\/\/support.microsoft.com\/en-us\/office\/sortby-function-cd2d7a62-1b93-435c-b561-d6a35134f28f\" target=\"_blank\" rel=\"noopener\">CLASIFICACI\u00d3N POR<\/a>, <a class=\"ocpArticleLink\" href=\"https:\/\/support.microsoft.com\/en-us\/office\/unique-function-c5ab87fd-30a3-4ce9-9d1a-40204fb85e1e\" target=\"_blank\" rel=\"noopener\">\u00daNICA<\/a>, <a class=\"ocpArticleLink\" href=\"https:\/\/support.microsoft.com\/en-us\/office\/sequence-function-57467a98-57e0-4817-9f14-2eb78519ca90\" target=\"_blank\" rel=\"noopener\">SECUENCIA<\/a> y <a class=\"ocpArticleLink\" href=\"https:\/\/support.microsoft.com\/en-us\/office\/randarray-function-21261e55-3bec-4885-86a6-8b0a47fd4d33\" target=\"_blank\" rel=\"noopener\">RANDARRAY<\/a>.<\/p>\n<p style=\"text-align: left;\"><strong><a href=\"https:\/\/support.microsoft.com\/en-us\/office\/what-s-new-in-office-2021-43848c29-665d-4b1b-bc12-acd2bfb3910a\" target=\"_blank\" rel=\"noopener\">y m\u00e1s..<\/a><\/strong><\/p>\n<div style=\"text-align: left;\">\n<h3><strong>Qu\u00e9 recibir\u00e9 si compro Office 2021 Professional Plus 32\/64 bits?<\/strong><\/h3>\n<p>El producto se entrega en cuesti\u00f3n de segundos directamente por correo electr\u00f3nico, con <strong>lo que se evita el impacto medioambiental del env\u00edo de mercanc\u00edas f\u00edsicas<\/strong>.<\/p>\n<ul>\n<li style=\"text-align: left;\">&#8211; 1 C\u00f3digo de activaci\u00f3n de 32\/64 bits v\u00e1lido para su uso en 1 PC- (Clave de producto)<\/li>\n<li style=\"text-align: left;\">&#8211; Enlace de descarga para Office 2019 32\/64 bits<\/li>\n<li style=\"text-align: left;\">&#8211; Gu\u00eda de instalaci\u00f3n r\u00e1pida y sencilla<\/li>\n<li style=\"text-align: left;\">&#8211; Asistencia t\u00e9cnica gratuita<\/li>\n<\/ul>\n<\/div>\n<div>\n<p>&nbsp;<\/p>\n<h3><span style=\"color: #1b1919; font-size: 22px;\">Caracter\u00edsticas de Microsoft Windows 11 Pro:<\/span><\/h3>\n<\/div>\n<div style=\"text-align: center;\">\n<ul style=\"text-align: left;\">\n<li style=\"list-style-type: none;\">\n<ul style=\"text-align: left;\">\n<li style=\"text-align: left;\"><strong>Cifrado de dispositivos BitLocker: <\/strong>si pierdes o te roban el dispositivo, BitLocker lo bloquea todo para que nadie m\u00e1s pueda acceder a tus sistemas o datos.<\/li>\n<li style=\"text-align: left;\"><strong>Encriptaci\u00f3n del dispositivo: <\/strong>si activas la encriptaci\u00f3n del dispositivo, s\u00f3lo las personas autorizadas podr\u00e1n acceder a tu dispositivo y a tus datos.<\/li>\n<li style=\"text-align: left;\"><strong>Buscar mi dispositivo<\/strong>: haz un seguimiento de tus dispositivos, \u00a1incluso de tu bol\u00edgrafo digital!<\/li>\n<li style=\"text-align: left;\"><strong>Cortafuegos y protecci\u00f3n de la red<\/strong>: su dispositivo Windows incluye funciones de seguridad integradas para ayudarle a protegerse de los virus, el malware y el ransomware.<\/li>\n<li style=\"text-align: left;\"><strong>Protecci\u00f3n de Internet<\/strong>: el control de aplicaciones y navegadores en Windows Security ayuda a proteger su dispositivo de aplicaciones, archivos, sitios web y descargas potencialmente peligrosos.<\/li>\n<li style=\"text-align: left;\"><strong>Control y protecci\u00f3n parental: <\/strong>gestiona el tiempo de pantalla, limita el acceso a contenidos para adultos y controla las compras en l\u00ednea cuando conectes las cuentas de Microsoft de tu familia.<\/li>\n<li style=\"text-align: left;\"><strong>Arranque seguro<\/strong>: ayuda a evitar que se carguen aplicaciones de software malicioso y sistemas operativos no autorizados durante el proceso de arranque del sistema.<\/li>\n<li style=\"text-align: left;\"><strong>Windows Information Protection (WIP): <\/strong>ayuda a proteger las aplicaciones y los datos de la empresa contra las fugas de datos accidentales en los dispositivos propiedad de la empresa y en los dispositivos personales que los empleados llevan al trabajo.<\/li>\n<li style=\"text-align: left;\"><strong>Windows Hello<\/strong>: utiliza el reconocimiento facial, la huella dactilar o el PIN, para una forma r\u00e1pida, segura y sin contrase\u00f1a de desbloquear tus dispositivos Windows compatibles.<\/li>\n<li style=\"text-align: left;\"><strong>Seguridad de Windows<\/strong> &#8211; Vea y administre la seguridad y la salud de su dispositivo.<\/li>\n<\/ul>\n<\/li>\n<\/ul>\n<p>.<\/p>\n<h3 style=\"text-align: left;\">El producto tambi\u00e9n incluye herramientas de gesti\u00f3n empresarial y de despliegue<\/h3>\n<ul style=\"text-align: left;\">\n<li style=\"text-align: left;\">Acceso asignado<\/li>\n<li style=\"text-align: left;\">Aprovisionamiento din\u00e1mico<\/li>\n<li style=\"text-align: left;\">Itinerancia del estado de la empresa con Azure<\/li>\n<li style=\"text-align: left;\">Pol\u00edtica de grupo<\/li>\n<li style=\"text-align: left;\">Configuraci\u00f3n del modo quiosco<\/li>\n<li style=\"text-align: left;\">Microsoft Store para empresas<\/li>\n<li style=\"text-align: left;\">Gesti\u00f3n de dispositivos m\u00f3viles<\/li>\n<li style=\"text-align: left;\">Soporte para Active Directory<\/li>\n<li style=\"text-align: left;\">Soporte para Azure Active Directory<\/li>\n<li style=\"text-align: left;\">Windows Update para empresas<\/li>\n<\/ul>\n<div style=\"text-align: left;\">\n<p>.<\/p>\n<h4>Informaci\u00f3n sobre la garant\u00eda<\/h4>\n<p>Se ofrece una garant\u00eda completa. Le garantizamos que recibir\u00e1 un c\u00f3digo que funcione o le devolveremos su dinero.<\/p>\n<p>Para la seguridad de su dispositivo siempre recomendamos la instalaci\u00f3n de un Antivirus, puede elegir su <a title=\"La mejor oferta de antivirus\" href=\"https:\/\/allgoodkeys.com\/es\/categoria-producto\/antivirus-y-seguridad\/\" target=\"_blank\" rel=\"noopener\"><strong><em>Antivirus haciendo clic aqu\u00ed<\/em><\/strong><\/a>.<\/p>\n<h3>Afiliarse<\/h3>\n<p>\u00a1Gana comisiones promocionando nuestros productos digitales! <strong>\u00danase a nuestro programa de afiliados<\/strong>, obtenga un enlace de seguimiento \u00fanico y empiece a monetizar su plataforma. Inscr\u00edbase hoy mismo y ofrezca productos valiosos a su p\u00fablico. <strong><a href=\"https:\/\/allgoodkeys.com\/es\/afiliarse\/\" target=\"_blank\" rel=\"noopener\">Visite la p\u00e1gina de nuestro programa de afiliados<\/a><\/strong><\/p>\n<\/div>\n<div style=\"text-align: left;\">\n<h3><strong>Buscar m\u00e1s productos en Todas las llaves buenas<\/strong><\/h3>\n<p><strong><a title=\"Comprar e instalar sistemas operativos Windows\" href=\"https:\/\/allgoodkeys.com\/es\/categoria-producto\/sistema-operativo\/\" target=\"_blank\" rel=\"noopener\">Sistemas operativos Windows<\/a>: <a title=\"Comprar e instalar la licencia original de Microsoft Windows 11\" href=\"https:\/\/allgoodkeys.com\/es\/categoria-producto\/sistema-operativo-windows-11\/\" target=\"_blank\" rel=\"noopener\">Windows 11<\/a> &#8211; <a title=\"Comprar e instalar Windows 10 Microsoft Original\" href=\"https:\/\/allgoodkeys.com\/es\/categoria-producto\/sistema-operativo-windows-10\/\" target=\"_blank\" rel=\"noopener\">Windows 10<\/a> &#8211; <a title=\"Comprar e instalar Windows 8 Microsoft Original\" href=\"https:\/\/allgoodkeys.com\/producto\/windows-8-1-professional-key\/\" target=\"_blank\" rel=\"noopener\">Windows 8<\/a><\/strong><br \/>\n<strong><a title=\"Comprar e instalar licencias originales de Microsoft Office Suites\" href=\"https:\/\/allgoodkeys.com\/es\/categoria-producto\/microsoft-office\/\" target=\"_blank\" rel=\"noopener\">Suites de Microsoft Office<\/a>: <a href=\"https:\/\/allgoodkeys.com\/es\/categoria-producto\/microsoft-office-2021-es\/\" target=\"_blank\" rel=\"noopener\">Office 2021<\/a> &#8211; <a title=\"Comprar e instalar la licencia original de Microsoft Office 2019\" href=\"https:\/\/allgoodkeys.com\/es\/categoria-producto\/microsoft-office-2019-es\/\" target=\"_blank\" rel=\"noopener\">Office 2019<\/a> &#8211; <a title=\"Comprar e instalar la licencia original de Office 2016\" href=\"https:\/\/allgoodkeys.com\/producto\/office-2016-professional-plusivation-key\/\" target=\"_blank\" rel=\"noopener\">Office 2016<\/a> &#8211; <a title=\"Comprar e instalar Office para Mac Microsoft Original\" href=\"https:\/\/allgoodkeys.com\/es\/categoria-producto\/office-para-mac\/\" target=\"_blank\" rel=\"noopener\">Office para Mac<\/a><\/strong><br \/>\n<strong><a title=\"Comprar e instalar el mejor antivirus\" href=\"https:\/\/allgoodkeys.com\/es\/categoria-producto\/antivirus-y-seguridad\/\" target=\"_blank\" rel=\"noopener\">Antivirus<\/a>: <a title=\"Comprar e instalar el antivirus original de Kaspersky\" href=\"https:\/\/allgoodkeys.com\/es\/categoria-producto\/kaspersky-es\/\" target=\"_blank\" rel=\"noopener\">Kaspersky<\/a> &#8211; <a title=\"Comprar e instalar el antivirus original de ESET\" href=\"https:\/\/allgoodkeys.com\/es\/categoria-producto\/eset-es\/\" target=\"_blank\" rel=\"noopener\">ESET<\/a> &#8211; <a title=\"Comprar e instalar el Avast Antivirus original\" href=\"https:\/\/allgoodkeys.com\/es\/categoria-producto\/avast\/\" target=\"_blank\" rel=\"noopener\">Avast<\/a> &#8211; <a href=\"https:\/\/allgoodkeys.com\/es\/categoria-producto\/avg\/\" target=\"_blank\" rel=\"noopener\">AVG<\/a><\/strong><\/p>\n<\/div>\n<\/div>\n<div><\/div>\n","protected":false},"excerpt":{"rendered":"<p><img decoding=\"async\" class=\"wp-image-39674 size-full\" src=\"https:\/\/allgoodkeys.com\/wp-content\/uploads\/2021\/10\/Version-completa-del-producto-de-Microsoft-con-licencia-de-por-vida.-1.png\" alt=\"Versi\u00f3n completa del producto de Microsoft con licencia de por vida.\" width=\"900\" height=\"330\" srcset=\"https:\/\/allgoodkeys.com\/wp-content\/uploads\/2021\/10\/Version-completa-del-producto-de-Microsoft-con-licencia-de-por-vida.-1.png 900w, https:\/\/allgoodkeys.com\/wp-content\/uploads\/2021\/10\/Version-completa-del-producto-de-Microsoft-con-licencia-de-por-vida.-1-300x110.png 300w, https:\/\/allgoodkeys.com\/wp-content\/uploads\/2021\/10\/Version-completa-del-producto-de-Microsoft-con-licencia-de-por-vida.-1-768x282.png 768w, https:\/\/allgoodkeys.com\/wp-content\/uploads\/2021\/10\/Version-completa-del-producto-de-Microsoft-con-licencia-de-por-vida.-1-570x209.png 570w, https:\/\/allgoodkeys.com\/wp-content\/uploads\/2021\/10\/Version-completa-del-producto-de-Microsoft-con-licencia-de-por-vida.-1-631x231.png 631w, https:\/\/allgoodkeys.com\/wp-content\/uploads\/2021\/10\/Version-completa-del-producto-de-Microsoft-con-licencia-de-por-vida.-1-250x92.png 250w\" sizes=\"(max-width: 900px) 100vw, 900px\" \/><\/p>\n","protected":false},"featured_media":23651,"comment_status":"open","ping_status":"closed","template":"","meta":[],"product_brand":[],"product_cat":[380,392,381,371],"product_tag":[],"woo-feed-brand":[],"class_list":{"0":"post-23650","1":"product","2":"type-product","3":"status-publish","4":"has-post-thumbnail","6":"product_cat-microsoft-office-2021-es","7":"product_cat-paquetes","8":"product_cat-sistema-operativo-windows-11","9":"product_cat-todos-los-productos","11":"first","12":"instock","13":"sale","14":"virtual","15":"taxable","16":"purchasable","17":"product-type-woosb"},"jetpack_sharing_enabled":true,"_links":{"self":[{"href":"https:\/\/allgoodkeys.com\/es\/wp-json\/wp\/v2\/product\/23650","targetHints":{"allow":["GET"]}}],"collection":[{"href":"https:\/\/allgoodkeys.com\/es\/wp-json\/wp\/v2\/product"}],"about":[{"href":"https:\/\/allgoodkeys.com\/es\/wp-json\/wp\/v2\/types\/product"}],"replies":[{"embeddable":true,"href":"https:\/\/allgoodkeys.com\/es\/wp-json\/wp\/v2\/comments?post=23650"}],"wp:featuredmedia":[{"embeddable":true,"href":"https:\/\/allgoodkeys.com\/es\/wp-json\/wp\/v2\/media\/23651"}],"wp:attachment":[{"href":"https:\/\/allgoodkeys.com\/es\/wp-json\/wp\/v2\/media?parent=23650"}],"wp:term":[{"taxonomy":"product_brand","embeddable":true,"href":"https:\/\/allgoodkeys.com\/es\/wp-json\/wp\/v2\/product_brand?post=23650"},{"taxonomy":"product_cat","embeddable":true,"href":"https:\/\/allgoodkeys.com\/es\/wp-json\/wp\/v2\/product_cat?post=23650"},{"taxonomy":"product_tag","embeddable":true,"href":"https:\/\/allgoodkeys.com\/es\/wp-json\/wp\/v2\/product_tag?post=23650"},{"taxonomy":"woo-feed-brand","embeddable":true,"href":"https:\/\/allgoodkeys.com\/es\/wp-json\/wp\/v2\/woo-feed-brand?post=23650"}],"curies":[{"name":"wp","href":"https:\/\/api.w.org\/{rel}","templated":true}]}}