{"id":23647,"date":"2021-10-30T11:39:54","date_gmt":"2021-10-30T11:39:54","guid":{"rendered":"https:\/\/allgoodkeys.com\/product\/clave-de-activacion-de-visual-studio-2019-enterprise-pc\/"},"modified":"2025-02-07T18:04:24","modified_gmt":"2025-02-07T18:04:24","slug":"visual-studio-2019-enterprise","status":"publish","type":"product","link":"https:\/\/allgoodkeys.com\/es\/producto\/visual-studio-2019-enterprise\/","title":{"rendered":"Visual Studio 2019 Enterprise \u2013 LICENCIA DE MICROSOFT"},"content":{"rendered":"<blockquote><p>\u00a1Compra <strong>Visual Studio 2019 Enterprise<\/strong> ahora mismo en<strong> All Good Keys<\/strong> y ahorra dinero! Obt\u00e9n una <strong>licencia 100% genuina<\/strong>, transacciones y pagos seguros, entrega en tiempo real y garant\u00eda completa de devoluci\u00f3n de dinero. Descubre todos los beneficios de nuestra tienda, <strong>\u00a1incluyendo soporte t\u00e9cnico gratuito!<\/strong><\/p><\/blockquote>\n<p>&nbsp;<\/p>\n<h4>Visual Studio 2019 Enterprise<\/h4>\n<p><strong>Visual Studio 2019 Enterprise<\/strong> es la versi\u00f3n empresarial dedicada del popular <strong>entorno de desarrollo integrado<\/strong> de Microsoft. Dentro de este IDE, puedes desarrollar en<strong> una variedad de lenguajes<\/strong>, incluyendo C++, C#, Visual Basic, F#, Python, con la adici\u00f3n de <strong>caracter\u00edsticas muy \u00fatiles<\/strong> dise\u00f1adas espec\u00edficamente para entornos de desarrollo empresarial. Por ejemplo, puedes aprovechar la integraci\u00f3n con servicios en la nube, lo que te permite integrar tus proyectos con servicios en la nube como Azure sin esfuerzo.<\/p>\n<p>Otros elementos clave son <strong>las funciones avanzadas de depuraci\u00f3n<\/strong>, que incluyen herramientas para medir varios par\u00e1metros de hardware, sin mencionar la capacidad de colaborar con todos los miembros del equipo en el c\u00f3digo fuente y la verificaci\u00f3n y gesti\u00f3n de versiones. Los desarrolladores m\u00f3viles tambi\u00e9n se beneficiar\u00e1n de las herramientas avanzadas en <strong>Visual Studio 2019 Enterprise<\/strong>, incluyendo aquellas para desarrollo de aplicaciones iOS, Android y Windows y desarrollo web, como ASP.NET, HTML, CSS y JavaScript. \u00a1No esperes m\u00e1s, compra Visual Studio 2019 Enterprise <strong>en All Good Keys ahora y ahorra en la lista de precios!<\/strong><\/p>\n<p>&nbsp;<\/p>\n<h4>Descargar Visual Studio 2019 Enterprise es muy f\u00e1cil con All Good Keys<\/h4>\n<p>Gracias a la plataforma de entrega digital de All Good Keys, puedes descargar <strong>Visual Studio 2019 Enterprise<\/strong> inmediatamente despu\u00e9s de <strong>la transacci\u00f3n segura.<\/strong> Despu\u00e9s de elegir tu plataforma de pago entre las admitidas, que incluyen PayPal, Stripe, cr\u00e9dito\/d\u00e9bito.., finaliza tu compra y recibir\u00e1s inmediatamente un resumen por correo electr\u00f3nico de tu pedido. Adjunto, encontrar\u00e1s <strong>tu clave de activaci\u00f3n 100% genuina<\/strong> y garantizada, <strong>instrucciones<\/strong> claras y simples sobre c\u00f3mo descargar Visual Studio 2019 Enterprise e activarlo inmediatamente despu\u00e9s de la instalaci\u00f3n.<\/p>\n<p>\u00a1Haz tus compras con confianza en All Good Keys, somos un servicio 100% profesional y autorizado! Y recuerda: todas las compras est\u00e1n cubiertas por <strong>una garant\u00eda completa de devoluci\u00f3n de dinero<\/strong>, y<a href=\"https:\/\/allgoodkeys.com\/es\/contactenos\/\" target=\"_blank\" rel=\"noopener\"><strong> nuestro soporte t\u00e9cnico<\/strong> <\/a>est\u00e1 disponible para ti de forma gratuita, tanto antes como despu\u00e9s de cada compra, para responder a tus preguntas, recomendar otros software seg\u00fan tus necesidades, y resolver cualquier problema.<\/p>\n<p>&nbsp;<\/p>\n<h4>Instala Visual Studio 2019 Enterprise y optimiza tu flujo de trabajo<\/h4>\n<p>Con excelentes <strong>herramientas de depuraci\u00f3n y monitoreo<\/strong>, desarrollar con Visual Studio 2019 Enterprise ser\u00e1 agradable y fluido. Y si decides comprar Visual Studio 2019 Enterprise en<strong> All Good Keys<\/strong>, obtendr\u00e1s varios otros beneficios.<\/p>\n<p>Una ventaja muy importante, entonces, es la posibilidad de ahorrar hasta un<strong> 70%<\/strong> en todo el cat\u00e1logo en comparaci\u00f3n con las listas de precios oficiales, siempre obteniendo <strong>claves de activaci\u00f3n genuinas y garantizadas<\/strong>. Por ejemplo, desde nosotros puedes comprar <a href=\"https:\/\/allgoodkeys.com\/es\/producto\/licencia-windows-11-professional\/\" target=\"_blank\" rel=\"noopener\"><strong>Windows 11 Professional<\/strong><\/a> o versiones anteriores del <strong>sistema operativo Microsoft Windows<\/strong> a un precio imbatible, ordenar y descargar <a href=\"https:\/\/allgoodkeys.com\/es\/producto\/licencia-office-2021-professional-plus-pc\/\" target=\"_blank\" rel=\"noopener\"><strong>MS Office 2021 Professional<\/strong><\/a> en tiempo real, comprar <a href=\"https:\/\/allgoodkeys.com\/es\/producto\/office-hogar-y-empresas-2021\/\" target=\"_blank\" rel=\"noopener\"><strong>Microsoft Office Home and Business 2021 para Mac<\/strong><\/a> OS y usar cualquiera de las excelentes aplicaciones de <strong>Microsoft Office<\/strong> tambi\u00e9n en tu computadora Apple, as\u00ed como <strong>Microsoft 365 para Familia<\/strong> o la suscripci\u00f3n anual a<a href=\"https:\/\/allgoodkeys.com\/es\/producto\/microsoft-365-professional-plus\/\" target=\"_blank\" rel=\"noopener\"> <strong>Microsoft Office 365 Personal<\/strong><\/a>. Para completar tu dotaci\u00f3n de software profesional, recuerda que puedes navegar por el rico cat\u00e1logo de <a href=\"https:\/\/allgoodkeys.com\/es\/categoria-producto\/servidores-windows\/\" target=\"_blank\" rel=\"noopener\"><strong>licencias de Windows Server<\/strong><\/a>, como <a href=\"https:\/\/allgoodkeys.com\/es\/producto\/sql-server-2019-standard\/\" target=\"_blank\" rel=\"noopener\"><strong>Microsoft SQL Server 2019 Standard.<\/strong><\/a><\/p>\n<p>&nbsp;<\/p>\n<h4>Requisitos del sistema &#8211; Visual Studio 2019 Enterprise<\/h4>\n<ul>\n<li><strong>Sistemas operativos compatibles:<\/strong> Windows 10 versi\u00f3n 1703 o posterior: Home, Professional, Education y Enterprise (excluidos LTSC y S); Windows Server 2016 Standard y Datacenter; Windows 8.1 (con la actualizaci\u00f3n 2919355): Core, Professional y Enterprise; Windows Server 2012 R2 (con la actualizaci\u00f3n 2919355): Standard y Datacenter.<\/li>\n<li><strong>Procesador:<\/strong> 1.8 GHz o m\u00e1s r\u00e1pido. Se recomienda un procesador de cuatro n\u00facleos o superior.<\/li>\n<li><strong>RAM:<\/strong> al menos 2 GB; se recomiendan 4 GB.<\/li>\n<li><strong>Espacio libre en disco:<\/strong> al menos 32 GB.<\/li>\n<li><strong>Tarjeta de video:<\/strong> resoluci\u00f3n de pantalla de al menos 720p (1280&#215;720); se recomienda aceleraci\u00f3n de hardware para la pantalla de la tarjeta gr\u00e1fica.<\/li>\n<li><strong>Otros requisitos:<\/strong> Conexi\u00f3n a Internet de alta velocidad.\n<div class=\"flex-1 overflow-hidden\">\n<div class=\"react-scroll-to-bottom--css-rwtlk-79elbk h-full\"><\/div>\n<\/div>\n<div class=\"w-full pt-2 md:pt-0 dark:border-white\/20 md:border-transparent md:dark:border-transparent md:w-[calc(100%-.5rem)]\"><\/div>\n<\/li>\n<\/ul>\n<p>&nbsp;<\/p>\n<h4>\u00bfEres un revendedor?<\/h4>\n<p>Si es as\u00ed, cont\u00e1ctanos por correo electr\u00f3nico a\u00a0<a href=\"https:\/\/allgoodkeys.com\/es\/contactenos\/\" target=\"_blank\" rel=\"noopener\"><strong>Support@allgoodkeys.com<\/strong><\/a>\u00a0y te proporcionaremos una oferta personalizada y una lista de precios. \u00a1Trabajemos juntos para satisfacer tus necesidades y las de tus clientes!<\/p>\n<h4>\u00bfInteresado en afiliarte?<\/h4>\n<p>\u00danete a nuestro programa de afiliados y comienza a ganar comisiones promocionando nuestros productos digitales. Con un enlace de seguimiento \u00fanico, podr\u00e1s monetizar tu plataforma y ofrecer valiosos productos a tu audiencia. \u00a1Reg\u00edstrate hoy mismo y descubre todas las oportunidades que tenemos para ti!\u00a0<a href=\"https:\/\/allgoodkeys.com\/es\/afiliarse\/\" target=\"_blank\" rel=\"noopener\"><strong>Visita nuestra p\u00e1gina del programa de afiliados para obtener m\u00e1s informaci\u00f3n.<\/strong><\/a><\/p>\n<p>&nbsp;<\/p>\n<h4>Descubre m\u00e1s productos<\/h4>\n<p><strong><a title=\"Comprar e instalar sistemas operativos Windows\" href=\"https:\/\/allgoodkeys.com\/es\/categoria-producto\/sistema-operativo\/\" target=\"_blank\" rel=\"noopener\">Sistemas operativos Windows<\/a>:\u00a0<a title=\"Comprar e instalar la licencia original de Microsoft Windows 11\" href=\"https:\/\/allgoodkeys.com\/es\/categoria-producto\/sistema-operativo-windows-11\/\" target=\"_blank\" rel=\"noopener\">Windows 11<\/a>\u00a0\u2013\u00a0<a title=\"Comprar e instalar Windows 10 Microsoft Original\" href=\"https:\/\/allgoodkeys.com\/es\/categoria-producto\/sistema-operativo-windows-10\/\" target=\"_blank\" rel=\"noopener\">Windows 10<\/a>\u00a0\u2013\u00a0<a title=\"Comprar e instalar Windows 8 Microsoft Original\" href=\"https:\/\/allgoodkeys.com\/es\/producto\/windows-8-1-professional-key-global-2\/\" target=\"_blank\" rel=\"noopener\">Windows 8<\/a><\/strong><br \/>\n<strong><a title=\"Comprar e instalar licencias originales de Microsoft Office Suites\" href=\"https:\/\/allgoodkeys.com\/es\/categoria-producto\/microsoft-office\/\" target=\"_blank\" rel=\"noopener\">Suites de Microsoft Office<\/a>:\u00a0<a href=\"https:\/\/allgoodkeys.com\/es\/categoria-producto\/microsoft-office-2021-es\/\" target=\"_blank\" rel=\"noopener\">Office 2021<\/a>\u00a0\u2013\u00a0<a title=\"Comprar e instalar la licencia original de Microsoft Office 2019\" href=\"https:\/\/allgoodkeys.com\/es\/categoria-producto\/microsoft-office-2019-es\/\" target=\"_blank\" rel=\"noopener\">Office 2019<\/a>\u00a0\u2013\u00a0<a title=\"Comprar e instalar la licencia original de Office 2016\" href=\"https:\/\/allgoodkeys.com\/es\/producto\/licencia-office-2016-professional-plus\/\" target=\"_blank\" rel=\"noopener\">Office 2016<\/a>\u00a0\u2013\u00a0<a title=\"Comprar e instalar Office para Mac Microsoft Original\" href=\"https:\/\/allgoodkeys.com\/es\/categoria-producto\/office-para-mac\/\" target=\"_blank\" rel=\"noopener\">Office para Mac<\/a><\/strong><br \/>\n<strong><a title=\"Comprar e instalar el mejor antivirus\" href=\"https:\/\/allgoodkeys.com\/es\/categoria-producto\/antivirus-y-seguridad\/\" target=\"_blank\" rel=\"noopener\">Antivirus<\/a>:\u00a0<a title=\"Comprar e instalar el antivirus original de Kaspersky\" href=\"https:\/\/allgoodkeys.com\/es\/categoria-producto\/kaspersky-es\/\" target=\"_blank\" rel=\"noopener\">Kaspersky<\/a>\u00a0\u2013\u00a0<a title=\"Comprar e instalar el antivirus original de ESET\" href=\"https:\/\/allgoodkeys.com\/es\/categoria-producto\/eset-es\/\" target=\"_blank\" rel=\"noopener\">ESET<\/a>\u00a0\u2013\u00a0<a title=\"Comprar e instalar el Avast Antivirus original\" href=\"https:\/\/allgoodkeys.com\/es\/categoria-producto\/avast\/\" target=\"_blank\" rel=\"noopener\">Avast<\/a>\u00a0\u2013\u00a0<a href=\"https:\/\/allgoodkeys.com\/es\/categoria-producto\/avg\/\" target=\"_blank\" rel=\"noopener\">AVG<\/a><\/strong><\/p>\n","protected":false},"excerpt":{"rendered":"<p>[icon name=\"circle-check\" prefix=\"fas\"]\u00a0 DESCARGA DIGITAL INSTANT\u00c1NEA<\/p>\n<p>[icon name=\"circle-check\" prefix=\"fas\"]\u00a0 SOPORTE DE POR VIDA<\/p>\n<p><a href=\"https:\/\/allgoodkeys.com\/es\/garantia-de-trusted-shops\/\" target=\"_blank\" rel=\"noopener\"><img decoding=\"async\" class=\"alignnone wp-image-48998\" src=\"https:\/\/allgoodkeys.com\/wp-content\/uploads\/2021\/02\/trusted-shops-es.png\" alt=\"\" width=\"195\" height=\"55\" srcset=\"https:\/\/allgoodkeys.com\/wp-content\/uploads\/2021\/02\/trusted-shops-es.png 396w, https:\/\/allgoodkeys.com\/wp-content\/uploads\/2021\/02\/trusted-shops-es-300x85.png 300w, https:\/\/allgoodkeys.com\/wp-content\/uploads\/2021\/02\/trusted-shops-es-250x71.png 250w\" sizes=\"(max-width: 195px) 100vw, 195px\" \/><\/a><\/p>\n","protected":false},"featured_media":23648,"comment_status":"open","ping_status":"closed","template":"","meta":{"rank_math_title":"","rank_math_description":"Adquiera su Licencia Visual Studio 2019 Enterprise a un precio asequible. Entrega instant\u00e1nea y activaci\u00f3n r\u00e1pida. \u00a1Consiga su Clave de Microsoft Visual Studio 2019 Enterprise en AllGoodKeys!\n","rank_math_focus_keyword":"Visual Studio 2019 Enterprise"},"product_brand":[],"product_cat":[374,375,379,371],"product_tag":[],"woo-feed-brand":[],"class_list":{"0":"post-23647","1":"product","2":"type-product","3":"status-publish","4":"has-post-thumbnail","6":"product_cat-microsoft-office-2019-es","7":"product_cat-productos-de-oficina","8":"product_cat-suites-de-oficina","9":"product_cat-todos-los-productos","11":"first","12":"instock","13":"virtual","14":"taxable","15":"purchasable","16":"product-type-simple"},"jetpack_sharing_enabled":true,"_links":{"self":[{"href":"https:\/\/allgoodkeys.com\/es\/wp-json\/wp\/v2\/product\/23647","targetHints":{"allow":["GET"]}}],"collection":[{"href":"https:\/\/allgoodkeys.com\/es\/wp-json\/wp\/v2\/product"}],"about":[{"href":"https:\/\/allgoodkeys.com\/es\/wp-json\/wp\/v2\/types\/product"}],"replies":[{"embeddable":true,"href":"https:\/\/allgoodkeys.com\/es\/wp-json\/wp\/v2\/comments?post=23647"}],"wp:featuredmedia":[{"embeddable":true,"href":"https:\/\/allgoodkeys.com\/es\/wp-json\/wp\/v2\/media\/23648"}],"wp:attachment":[{"href":"https:\/\/allgoodkeys.com\/es\/wp-json\/wp\/v2\/media?parent=23647"}],"wp:term":[{"taxonomy":"product_brand","embeddable":true,"href":"https:\/\/allgoodkeys.com\/es\/wp-json\/wp\/v2\/product_brand?post=23647"},{"taxonomy":"product_cat","embeddable":true,"href":"https:\/\/allgoodkeys.com\/es\/wp-json\/wp\/v2\/product_cat?post=23647"},{"taxonomy":"product_tag","embeddable":true,"href":"https:\/\/allgoodkeys.com\/es\/wp-json\/wp\/v2\/product_tag?post=23647"},{"taxonomy":"woo-feed-brand","embeddable":true,"href":"https:\/\/allgoodkeys.com\/es\/wp-json\/wp\/v2\/woo-feed-brand?post=23647"}],"curies":[{"name":"wp","href":"https:\/\/api.w.org\/{rel}","templated":true}]}}