{"id":22980,"date":"2022-04-03T14:27:57","date_gmt":"2022-04-03T13:27:57","guid":{"rendered":"https:\/\/allgoodkeys.com\/product\/server-sql-2016-standard-activation-key-1-user\/"},"modified":"2025-02-07T18:04:13","modified_gmt":"2025-02-07T18:04:13","slug":"sql-server-2016-standard","status":"publish","type":"product","link":"https:\/\/allgoodkeys.com\/es\/producto\/sql-server-2016-standard\/","title":{"rendered":"SQL Server 2016 Standard \u2013 LICENCIA DE MICROSOFT"},"content":{"rendered":"<blockquote><p>Compra <strong>Microsoft SQL Server 2016 Standard<\/strong> en <strong>All Good Keys<\/strong>. Ofrecemos solo <strong>licencias 100% genuinas<\/strong> a precios competitivos. Ahorra dinero, recibe tu pedido al instante por correo electr\u00f3nico con pagos seguros y una garant\u00eda de devoluci\u00f3n completa. Nuestro<a href=\"https:\/\/allgoodkeys.com\/es\/contactenos\/\" target=\"_blank\" rel=\"noopener\"><strong> servicio de atenci\u00f3n al cliente gratuito<\/strong><\/a>est\u00e1 siempre a tu disposici\u00f3n para todas tus necesidades.<\/p><\/blockquote>\n<p>&nbsp;<\/p>\n<h4>Compra SQL Server 2016 Standard en All Good Keys<\/h4>\n<p>Ahora puedes comprar <strong>SQL Server 2016 Standard<\/strong> en <strong>All Good Keys<\/strong>, ahorrando considerablemente sobre el precio de lista. Con este excelente software, <strong>puedes sacar el m\u00e1ximo provecho de tus bases de datos<\/strong>. Adem\u00e1s, con All Good Keys, \u00a1no tendr\u00e1s que esperar porque recibir\u00e1s todo lo que necesitas para configurar tu base de datos relacional de inmediato!<\/p>\n<p>&nbsp;<\/p>\n<h4>Microsoft SQL Server 2016 Standard para Empresas<\/h4>\n<p>SQL Server 2016 es la plataforma de base de datos de aplicaciones para empresas como la tuya. Este software ofrece todas las caracter\u00edsticas tradicionales que convirtieron a SQL Server en la herramienta de base de datos m\u00e1s utilizada en el mundo, como OLTP, gesti\u00f3n de almacenes de datos, etc. Adem\u00e1s,<strong> Microsoft SQL Server 2016 Standard introduce nuevas funcionalidades, que incluyen:<\/strong><\/p>\n<ul>\n<li>Configuraci\u00f3n <strong>de m\u00e1s archivos de base de datos tempDB<\/strong> durante el proceso de configuraci\u00f3n de SQL Server.<\/li>\n<li><strong>OLTP en memoria:<\/strong> compatibilidad con FOREIGN KEY, UNIQUE y CHECK, as\u00ed como procedimientos almacenados compilados de forma nativa OR, NOT, SELECT DISTINCT, OUTER JOIN, as\u00ed como subconsultas en SELECT.<\/li>\n<li><strong>Always Encrypted:<\/strong> los datos sensibles solo se acceden mediante cifrado y la clave nunca se pasa a SQL Server.<\/li>\n<\/ul>\n<p>&nbsp;<\/p>\n<h4>Descarga Microsoft SQL Server 2016 Standard<\/h4>\n<p>\u00a1Compra y descarga <strong>SQL Server 2016 Standard<\/strong> justo despu\u00e9s de la compra en All Good Keys! Somos una empresa din\u00e1mica como la tuya y sabemos lo valioso que es el tiempo; por esta raz\u00f3n, <strong>creamos un sistema de entrega<\/strong> <strong>instant\u00e1nea<\/strong> que te permite descargar, instalar y activar Microsoft SQL Server 2016 Standard de inmediato despu\u00e9s de tu compra. Junto con tu licencia y <strong>un enlace de descarga oficial<\/strong>, tambi\u00e9n recibir\u00e1s un conjunto de instrucciones simples para proceder por tu cuenta. Sin embargo, siempre puedes<a href=\"https:\/\/allgoodkeys.com\/es\/contactenos\/\" target=\"_blank\" rel=\"noopener\"><strong> contar con nuestro servicio de atenci\u00f3n al cliente gratuito<\/strong><\/a>. Y, para tu completa tranquilidad, recuerda que cada pedido siempre est\u00e1 cubierto por <strong>nuestra garant\u00eda de devoluci\u00f3n completa.<\/strong><\/p>\n<p>&nbsp;<\/p>\n<h4>\u00bfLas licencias para Microsoft SQL Server 2016 Standard est\u00e1n sujetas a caducidad?<\/h4>\n<p>Las licencias disponibles en el cat\u00e1logo de All Good Keys para <strong>SQL Server 2016 Standard<\/strong> son perpetuas. Sin fechas de caducidad, sin limitaciones de hardware: tu licencia est\u00e1 vinculada a un conjunto de credenciales, por lo tanto, puedes reinstalar tu software siempre que lo necesites, sin tener que comprar una nueva clave de producto. Este es otro gran beneficio de All Good Keys.<\/p>\n<p>&nbsp;<\/p>\n<h4>Requisitos del sistema<\/h4>\n<ul>\n<li><strong>Sistema operativo:<\/strong> Windows 10, Windows 7, Windows 7 Service Pack 1, Windows 8, Windows 8.1, Windows Server 2008 R2, Windows Server 2008 R2 SP1, Windows Server 2012, Windows Server 2012 R2, Windows Server 2016 Standard\/Datacenter<\/li>\n<li><strong>Procesador:<\/strong> x64 (AMD Opteron, AMD Athlon 64, Intel Xeon compatible con Intel EM64T, Intel Pentium IV con soporte EM64T)<\/li>\n<li><strong>RAM:<\/strong> Al menos 1GB (se recomiendan 4GB)<\/li>\n<li><strong>Almacenamiento:<\/strong> Al menos 6GB<\/li>\n<\/ul>\n<p>&nbsp;<\/p>\n<h3>\u00bfEres un revendedor?<\/h3>\n<p>Si es as\u00ed, cont\u00e1ctanos por correo electr\u00f3nico a\u00a0<a href=\"https:\/\/allgoodkeys.com\/es\/contactenos\/\" target=\"_blank\" rel=\"noopener\"><strong>Support@allgoodkeys.com<\/strong><\/a>\u00a0y te proporcionaremos una oferta personalizada y una lista de precios. \u00a1Trabajemos juntos para satisfacer tus necesidades y las de tus clientes!<\/p>\n<h3>\u00bfInteresado en afiliarte?<\/h3>\n<p>\u00danete a nuestro programa de afiliados y comienza a ganar comisiones promocionando nuestros productos digitales. Con un enlace de seguimiento \u00fanico, podr\u00e1s monetizar tu plataforma y ofrecer valiosos productos a tu audiencia. \u00a1Reg\u00edstrate hoy mismo y descubre todas las oportunidades que tenemos para ti!\u00a0<a href=\"https:\/\/allgoodkeys.com\/es\/afiliarse\/\" target=\"_blank\" rel=\"noopener\"><strong>Visita nuestra p\u00e1gina del programa de afiliados para obtener m\u00e1s informaci\u00f3n.<\/strong><\/a><\/p>\n<p>&nbsp;<\/p>\n<h3>Descubre m\u00e1s productos<\/h3>\n<p><strong><a title=\"Comprar e instalar sistemas operativos Windows\" href=\"https:\/\/allgoodkeys.com\/es\/categoria-producto\/sistema-operativo\/\" target=\"_blank\" rel=\"noopener\">Sistemas operativos Windows<\/a>:\u00a0<a title=\"Comprar e instalar la licencia original de Microsoft Windows 11\" href=\"https:\/\/allgoodkeys.com\/es\/categoria-producto\/sistema-operativo-windows-11\/\" target=\"_blank\" rel=\"noopener\">Windows 11<\/a>\u00a0\u2013\u00a0<a title=\"Comprar e instalar Windows 10 Microsoft Original\" href=\"https:\/\/allgoodkeys.com\/es\/categoria-producto\/sistema-operativo-windows-10\/\" target=\"_blank\" rel=\"noopener\">Windows 10<\/a>\u00a0\u2013\u00a0<a title=\"Comprar e instalar Windows 8 Microsoft Original\" href=\"https:\/\/allgoodkeys.com\/es\/producto\/licencia-windows-8-professional\/\" target=\"_blank\" rel=\"noopener\">Windows 8<\/a><\/strong><br \/>\n<strong><a title=\"Comprar e instalar licencias originales de Microsoft Office Suites\" href=\"https:\/\/allgoodkeys.com\/es\/categoria-producto\/microsoft-office\/\" target=\"_blank\" rel=\"noopener\">Suites de Microsoft Office<\/a>:\u00a0<a href=\"https:\/\/allgoodkeys.com\/es\/categoria-producto\/microsoft-office-2021-es\/\" target=\"_blank\" rel=\"noopener\">Office 2021<\/a>\u00a0\u2013\u00a0<a title=\"Comprar e instalar la licencia original de Microsoft Office 2019\" href=\"https:\/\/allgoodkeys.com\/es\/categoria-producto\/microsoft-office-2019-es\/\" target=\"_blank\" rel=\"noopener\">Office 2019<\/a>\u00a0\u2013\u00a0<a title=\"Comprar e instalar la licencia original de Office 2016\" href=\"https:\/\/allgoodkeys.com\/es\/producto\/licencia-office-2016-professional-plus\/\" target=\"_blank\" rel=\"noopener\">Office 2016<\/a>\u00a0\u2013\u00a0<a title=\"Comprar e instalar Office para Mac Microsoft Original\" href=\"https:\/\/allgoodkeys.com\/es\/categoria-producto\/office-para-mac\/\" target=\"_blank\" rel=\"noopener\">Office para Mac<\/a><\/strong><br \/>\n<strong><a title=\"Comprar e instalar el mejor antivirus\" href=\"https:\/\/allgoodkeys.com\/es\/categoria-producto\/antivirus-y-seguridad\/\" target=\"_blank\" rel=\"noopener\">Antivirus<\/a>:\u00a0<a title=\"Comprar e instalar el antivirus original de Kaspersky\" href=\"https:\/\/allgoodkeys.com\/es\/categoria-producto\/kaspersky-es\/\" target=\"_blank\" rel=\"noopener\">Kaspersky<\/a>\u00a0\u2013\u00a0<a title=\"Comprar e instalar el antivirus original de ESET\" href=\"https:\/\/allgoodkeys.com\/es\/categoria-producto\/eset-es\/\" target=\"_blank\" rel=\"noopener\">ESET<\/a>\u00a0\u2013\u00a0<a title=\"Comprar e instalar el Avast Antivirus original\" href=\"http:\/\/allgoodkeys.com\/product-category\/avast\/\" target=\"_blank\" rel=\"noopener\">Avast<\/a>\u00a0\u2013\u00a0<a href=\"http:\/\/allgoodkeys.com\/product-category\/avg\/\" target=\"_blank\" rel=\"noopener\">AVG<\/a><\/strong><\/p>\n<p>&nbsp;<\/p>\n<p>&nbsp;<\/p>\n","protected":false},"excerpt":{"rendered":"<p>[icon name=\"circle-check\" prefix=\"fas\"]\u00a0 DESCARGA DIGITAL INSTANT\u00c1NEA<\/p>\n<p>[icon name=\"circle-check\" prefix=\"fas\"]\u00a0 SOPORTE DE POR VIDA<\/p>\n<p><a href=\"https:\/\/allgoodkeys.com\/es\/garantia-de-trusted-shops\/\" target=\"_blank\" rel=\"noopener\"><img decoding=\"async\" class=\"alignnone wp-image-48998\" src=\"https:\/\/allgoodkeys.com\/wp-content\/uploads\/2021\/02\/trusted-shops-es.png\" alt=\"\" width=\"195\" height=\"55\" srcset=\"https:\/\/allgoodkeys.com\/wp-content\/uploads\/2021\/02\/trusted-shops-es.png 396w, https:\/\/allgoodkeys.com\/wp-content\/uploads\/2021\/02\/trusted-shops-es-300x85.png 300w, https:\/\/allgoodkeys.com\/wp-content\/uploads\/2021\/02\/trusted-shops-es-250x71.png 250w\" sizes=\"(max-width: 195px) 100vw, 195px\" \/><\/a><\/p>\n","protected":false},"featured_media":64628,"comment_status":"open","ping_status":"closed","template":"","meta":[],"product_brand":[],"product_cat":[378,371],"product_tag":[],"woo-feed-brand":[],"class_list":{"0":"post-22980","1":"product","2":"type-product","3":"status-publish","4":"has-post-thumbnail","6":"product_cat-servidores-windows","7":"product_cat-todos-los-productos","9":"first","10":"instock","11":"sale","12":"virtual","13":"taxable","14":"purchasable","15":"product-type-simple"},"jetpack_sharing_enabled":true,"_links":{"self":[{"href":"https:\/\/allgoodkeys.com\/es\/wp-json\/wp\/v2\/product\/22980","targetHints":{"allow":["GET"]}}],"collection":[{"href":"https:\/\/allgoodkeys.com\/es\/wp-json\/wp\/v2\/product"}],"about":[{"href":"https:\/\/allgoodkeys.com\/es\/wp-json\/wp\/v2\/types\/product"}],"replies":[{"embeddable":true,"href":"https:\/\/allgoodkeys.com\/es\/wp-json\/wp\/v2\/comments?post=22980"}],"wp:featuredmedia":[{"embeddable":true,"href":"https:\/\/allgoodkeys.com\/es\/wp-json\/wp\/v2\/media\/64628"}],"wp:attachment":[{"href":"https:\/\/allgoodkeys.com\/es\/wp-json\/wp\/v2\/media?parent=22980"}],"wp:term":[{"taxonomy":"product_brand","embeddable":true,"href":"https:\/\/allgoodkeys.com\/es\/wp-json\/wp\/v2\/product_brand?post=22980"},{"taxonomy":"product_cat","embeddable":true,"href":"https:\/\/allgoodkeys.com\/es\/wp-json\/wp\/v2\/product_cat?post=22980"},{"taxonomy":"product_tag","embeddable":true,"href":"https:\/\/allgoodkeys.com\/es\/wp-json\/wp\/v2\/product_tag?post=22980"},{"taxonomy":"woo-feed-brand","embeddable":true,"href":"https:\/\/allgoodkeys.com\/es\/wp-json\/wp\/v2\/woo-feed-brand?post=22980"}],"curies":[{"name":"wp","href":"https:\/\/api.w.org\/{rel}","templated":true}]}}