{"id":22975,"date":"2021-11-25T11:56:24","date_gmt":"2021-11-25T11:56:24","guid":{"rendered":"https:\/\/allgoodkeys.com\/product\/kaspersky-total-security-2022\/"},"modified":"2025-02-07T18:04:18","modified_gmt":"2025-02-07T18:04:18","slug":"kaspersky-total-security-2022-2","status":"publish","type":"product","link":"https:\/\/allgoodkeys.com\/es\/producto\/kaspersky-total-security-2022-2\/","title":{"rendered":"Kaspersky Total Security 2022"},"content":{"rendered":"<h4><strong>Kaspersky Total Security 2022. Proteger tu dispositivo y tus datos no tiene precio. Descargue e instale su antivirus en cuesti\u00f3n de minutos, con entrega por correo electr\u00f3nico inmediatamente despu\u00e9s de la compra. <\/strong><\/h4>\n<p>&nbsp;<\/p>\n<h3><b>Comprar <a href=\"https:\/\/www.kaspersky.com\" target=\"_blank\" rel=\"noopener\">Kaspersky<\/a> Total Security 2022<\/b><\/h3>\n<p>Kaspersky total Security 2022 es compatible con los <strong>sistemas operativos Windows y MAC<\/strong>, y es la soluci\u00f3n que proporciona una protecci\u00f3n total para su dispositivo. La caracter\u00edstica clave introducida por los expertos en seguridad de Kaspersky Labs es el programa h\u00edbrido de an\u00e1lisis antivirus en tiempo real. Con este paquete premium con todo incluido, <strong>tendr\u00e1 una protecci\u00f3n total contra <\/strong>el phishing y los ataques a la privacidad, as\u00ed como contra los virus, troyanos y malware.<strong> <a title=\"Comprar y descargar sistemas operativos Windows\" href=\"https:\/\/allgoodkeys.com\/es\/categoria-producto\/sistema-operativo\/\" target=\"_blank\" rel=\"noopener\">Sistemas operativos Windows<\/a> <\/strong>y<strong> <a title=\"Comprar y descargar el paquete de Microsoft Office\" href=\"https:\/\/allgoodkeys.com\/es\/categoria-producto\/microsoft-office\/\" target=\"_blank\" rel=\"noopener\">Paquete de Microsoft Office<\/a><\/strong> tambi\u00e9n est\u00e1n disponibles en nuestra tienda. Actualice su PC con la \u00faltima versi\u00f3n de <strong><a title=\"Comprar y descargar sistemas operativos Windows 10\" href=\"https:\/\/allgoodkeys.com\/es\/categoria-producto\/sistema-operativo-windows-10\/\" target=\"_blank\" rel=\"noopener\">Windows 10 <\/a><\/strong>o <strong><a title=\"Comprar y descargar el sistema operativo Windows 11\" href=\"https:\/\/allgoodkeys.com\/es\/categoria-producto\/sistema-operativo-windows-11\/\" target=\"_blank\" rel=\"noopener\">Sistema operativo Windows 11<\/a> <\/strong>e instale<strong> <a title=\"Comprar y descargar el paquete de Microsoft Office 2019\" href=\"https:\/\/allgoodkeys.com\/es\/categoria-producto\/microsoft-office-2019-es\/\" target=\"_blank\" rel=\"noopener\">Paquete de Microsoft Office 2019<\/a><\/strong> o\u00a0<strong><a title=\"comprar Microsoft Office 2021 Suite\" href=\"https:\/\/allgoodkeys.com\/es\/categoria-producto\/microsoft-office-2021-es\/\" target=\"_blank\" rel=\"noopener\">Paquete Microsoft Office 2021<\/a><br \/>\n<\/strong> para llevar el rendimiento de su dispositivo a lo m\u00e1s alto.<\/p>\n<p><strong>COMPATIBILIDAD<\/strong>: PC &#8211; MAC &#8211; ANDROID &#8211; IOS<\/p>\n<h3><strong>Kaspersky Total Security para una m\u00e1xima seguridad.<\/strong><\/h3>\n<p>Hoy, m\u00e1s que nunca, la mayor\u00eda de las operaciones se gestionan en l\u00ednea, por lo que es esencial que los dispositivos est\u00e9n totalmente protegidos. Kaspersky Total Security 2022 ofrece un rendimiento impecable en este \u00e1mbito concreto gracias a sus potentes funciones antiphishing, que alertan al usuario que navega sobre la presencia de sitios web inseguros, sitios falsos y proveedores de servicios de pago, impidiendo el uso indebido o la violaci\u00f3n de los datos personales y protegiendo las cuentas, los pines, las contrase\u00f1as y los datos de acceso. La tecnolog\u00eda \u00abSafe Money\u00bb garantiza <strong>la m\u00e1xima seguridad en las transacciones en l\u00ednea<\/strong>.<\/p>\n<h3><strong>Seguridad total para los archivos y documentos en casa y en la oficina<\/strong><\/h3>\n<p>Con Kaspersky Total Security, sus datos est\u00e1n seguros. Las nuevas funciones permiten bloquear descargas espec\u00edficas, as\u00ed como contenidos inapropiados de sitios maliciosos, y tambi\u00e9n es posible bloquear la divulgaci\u00f3n de datos e informaci\u00f3n como direcciones, contrase\u00f1as, n\u00fameros de tel\u00e9fono o informaci\u00f3n personal. Desde el panel de control del usuario, puede desactivar la c\u00e1mara web, <strong>impidiendo as\u00ed<\/strong> que <strong>personas no autorizadas<\/strong> vean su oficina, su casa o cualquier entorno en el que se encuentre el dispositivo en cuesti\u00f3n.<br \/>\nLa copia de seguridad optimizada est\u00e1 basada en la nube, lo que permite realizar copias de seguridad en l\u00ednea seguras de cualquier tipo de archivo y, gracias a la B\u00f3veda protegida con cifrado AES de 256 bits, incluso los datos que no se almacenan en la Nube se benefician del rendimiento de este software de m\u00e1xima seguridad. Kaspersky Total Security tambi\u00e9n permite realizar copias de seguridad programadas.<\/p>\n<h3><strong>\u00bfQu\u00e9 recibir\u00e9 si compro Kaspersky Total Security?<\/strong><\/h3>\n<p>El producto se entrega en cuesti\u00f3n de segundos directamente por correo electr\u00f3nico, con<strong> lo que se evita el impacto medioambiental del env\u00edo de mercanc\u00edas f\u00edsicas<\/strong>.<\/p>\n<ul>\n<li>&#8211; 1 C\u00f3digo de activaci\u00f3n para Kaspersky Total Security &#8211; (Clave del producto)<\/li>\n<li>&#8211; Asistencia t\u00e9cnica gratuita<\/li>\n<\/ul>\n<p><strong>*Descubra<\/strong>todos los <a href=\"https:\/\/allgoodkeys.com\/es\/categoria-producto\/antivirus-y-seguridad\/\" target=\"_blank\" rel=\"noopener\"><strong>disponibles de AntiVirus. <\/strong><strong><em>Haga clic aqu\u00ed.<\/em><\/strong><\/a><\/p>\n<p>&nbsp;<\/p>\n<h3 style=\"font-weight: 500;\"><b><strong>Es usted un revendedor?<\/strong><\/b><\/h3>\n<p style=\"font-weight: 400;\">Si eres un <b><strong>revendedor, <\/strong><\/b>env\u00edenos un correo a<a href=\"https:\/\/allgoodkeys.com\/contact-us\/\" target=\"_blank\" rel=\"noopener\"><strong> Support@allgoodkeys.com <\/strong><\/a>y le enviaremos una oferta a medida <b><strong>lista de precios. Trabajemos juntos.<\/strong><\/b><\/p>\n<h3><strong>Otras versiones de Kaspersky:<\/strong><\/h3>\n<p><strong><a title=\"comprar e instalar Kaspersky Internet Security Antivirus descargar\" href=\"http:\/\/allgoodkeys.com\/product\/kaspersky-internet-security-2021-1-pc-1-year\/\" target=\"_blank\" rel=\"noopener\">Kaspersky Internet Security 2021<\/a><\/strong><\/p>\n<h3><strong>Buscar m\u00e1s productos en Todas las llaves buenas<\/strong><\/h3>\n<p><strong><a title=\"Comprar e instalar sistemas operativos Windows\" href=\"https:\/\/allgoodkeys.com\/es\/categoria-producto\/sistema-operativo\/\" target=\"_blank\" rel=\"noopener\">Sistemas operativos Windows<\/a>: <a title=\"Comprar e instalar la licencia original de Microsoft Windows 11\" href=\"https:\/\/allgoodkeys.com\/es\/categoria-producto\/sistema-operativo-windows-11\/\" target=\"_blank\" rel=\"noopener\">Windows 11<\/a> &#8211; <a title=\"Comprar e instalar Windows 10 Microsoft Original\" href=\"https:\/\/allgoodkeys.com\/es\/categoria-producto\/sistema-operativo-windows-10\/\" target=\"_blank\" rel=\"noopener\">Windows 10<\/a> &#8211; <a title=\"Comprar e instalar Windows 8 Microsoft Original\" href=\"https:\/\/allgoodkeys.com\/producto\/windows-8-1-professional-key\/\" target=\"_blank\" rel=\"noopener\">Windows 8<\/a><\/strong><br \/>\n<strong><a title=\"Comprar e instalar licencias originales de Microsoft Office Suites\" href=\"https:\/\/allgoodkeys.com\/es\/categoria-producto\/microsoft-office\/\" target=\"_blank\" rel=\"noopener\">Suites de Microsoft Office<\/a>: <a href=\"https:\/\/allgoodkeys.com\/es\/categoria-producto\/microsoft-office-2021-es\/\" target=\"_blank\" rel=\"noopener\">Office 2021<\/a> &#8211; <a title=\"Comprar e instalar la licencia original de Microsoft Office 2019\" href=\"https:\/\/allgoodkeys.com\/es\/categoria-producto\/microsoft-office-2019-es\/\" target=\"_blank\" rel=\"noopener\">Office 2019<\/a> &#8211; <a title=\"Comprar e instalar la licencia original de Office 2016\" href=\"https:\/\/allgoodkeys.com\/producto\/office-2016-professional-plusivation-key\/\" target=\"_blank\" rel=\"noopener\">Office 2016<\/a> &#8211; <a title=\"Comprar e instalar Office para Mac Microsoft Original\" href=\"https:\/\/allgoodkeys.com\/es\/categoria-producto\/office-para-mac\/\" target=\"_blank\" rel=\"noopener\">Office para Mac<\/a><\/strong><br \/>\n<strong><a title=\"Comprar e instalar el mejor antivirus\" href=\"https:\/\/allgoodkeys.com\/es\/categoria-producto\/antivirus-y-seguridad\/\" target=\"_blank\" rel=\"noopener\">Antivirus<\/a>: <a title=\"Comprar e instalar el antivirus original de Kaspersky\" href=\"https:\/\/allgoodkeys.com\/es\/categoria-producto\/kaspersky-es\/\" target=\"_blank\" rel=\"noopener\">Kaspersky<\/a> &#8211; <a title=\"Comprar e instalar el antivirus original de ESET\" href=\"https:\/\/allgoodkeys.com\/es\/categoria-producto\/eset-es\/\" target=\"_blank\" rel=\"noopener\">ESET<\/a> &#8211; <a title=\"Comprar e instalar el Avast Antivirus original\" href=\"https:\/\/allgoodkeys.com\/es\/categoria-producto\/avast\/\" target=\"_blank\" rel=\"noopener\">Avast<\/a> &#8211; <a href=\"https:\/\/allgoodkeys.com\/es\/categoria-producto\/avg\/\" target=\"_blank\" rel=\"noopener\">AVG<\/a><\/strong><\/p>\n","protected":false},"excerpt":{"rendered":"<p>Kaspersky Total Security 2022. Proteger tu dispositivo y tus datos no tiene precio. Descargue e instale su antivirus en cuesti\u00f3n<\/p>\n","protected":false},"featured_media":22976,"comment_status":"open","ping_status":"closed","template":"","meta":[],"product_brand":[],"product_cat":[389,395,371],"product_tag":[],"woo-feed-brand":[],"class_list":{"0":"post-22975","1":"product","2":"type-product","3":"status-publish","4":"has-post-thumbnail","6":"product_cat-antivirus-y-seguridad","7":"product_cat-kaspersky-es","8":"product_cat-todos-los-productos","10":"first","11":"outofstock","12":"sale","13":"taxable","14":"shipping-taxable","15":"purchasable","16":"product-type-variable","17":"has-default-attributes"},"jetpack_sharing_enabled":true,"_links":{"self":[{"href":"https:\/\/allgoodkeys.com\/es\/wp-json\/wp\/v2\/product\/22975","targetHints":{"allow":["GET"]}}],"collection":[{"href":"https:\/\/allgoodkeys.com\/es\/wp-json\/wp\/v2\/product"}],"about":[{"href":"https:\/\/allgoodkeys.com\/es\/wp-json\/wp\/v2\/types\/product"}],"replies":[{"embeddable":true,"href":"https:\/\/allgoodkeys.com\/es\/wp-json\/wp\/v2\/comments?post=22975"}],"wp:featuredmedia":[{"embeddable":true,"href":"https:\/\/allgoodkeys.com\/es\/wp-json\/wp\/v2\/media\/22976"}],"wp:attachment":[{"href":"https:\/\/allgoodkeys.com\/es\/wp-json\/wp\/v2\/media?parent=22975"}],"wp:term":[{"taxonomy":"product_brand","embeddable":true,"href":"https:\/\/allgoodkeys.com\/es\/wp-json\/wp\/v2\/product_brand?post=22975"},{"taxonomy":"product_cat","embeddable":true,"href":"https:\/\/allgoodkeys.com\/es\/wp-json\/wp\/v2\/product_cat?post=22975"},{"taxonomy":"product_tag","embeddable":true,"href":"https:\/\/allgoodkeys.com\/es\/wp-json\/wp\/v2\/product_tag?post=22975"},{"taxonomy":"woo-feed-brand","embeddable":true,"href":"https:\/\/allgoodkeys.com\/es\/wp-json\/wp\/v2\/woo-feed-brand?post=22975"}],"curies":[{"name":"wp","href":"https:\/\/api.w.org\/{rel}","templated":true}]}}