{"id":22919,"date":"2022-06-22T19:58:40","date_gmt":"2022-06-22T19:58:40","guid":{"rendered":"https:\/\/allgoodkeys.com\/product\/windows-10-enterprise-clave-de-activacion\/"},"modified":"2025-02-07T18:04:06","modified_gmt":"2025-02-07T18:04:06","slug":"licencia-windows-10-enterprise","status":"publish","type":"product","link":"https:\/\/allgoodkeys.com\/es\/producto\/licencia-windows-10-enterprise\/","title":{"rendered":"Licencia windows 10 enterprise"},"content":{"rendered":"<blockquote><p><strong>\u00a1Compra tu licencia Windows 10 Enterprise en All Good Keys y descubre todos sus beneficios!<\/strong><\/p><\/blockquote>\n<p>&nbsp;<\/p>\n<h4>Windows 10 enterprise:<\/h4>\n<p>Adquiere Licencia <strong>Windows 10 Enterprise en All Good Keys<\/strong> al mejor precio. La edici\u00f3n Enterprise m\u00e1s reciente del \u00faltimo sistema operativo de Microsoft est\u00e1 disponible en nuestro cat\u00e1logo a un precio muy competitivo. <strong>Windows 10 Enterprise<\/strong> presenta una interfaz de usuario moderna y renovada. El principal enfoque es la seguridad y el rendimiento para compartir tareas, estos son los puntos fuertes de los que se beneficiar\u00e1 cualquier empresa, desde el primer arranque. <strong>Windows 10 Enterprise<\/strong> ofrece seguridad y encriptaci\u00f3n, servicios de sincronizaci\u00f3n en la nube y sistemas de hipervisor espec\u00edficamente dise\u00f1ados para organizaciones m\u00e1s grandes que requieren un entorno operativo funcional y seguro, adem\u00e1s de totalmente protegido contra amenazas externas. La seguridad mejorada otorgada por los chips <strong>TPM<\/strong> en placas base modernas y la compatibilidad con<a href=\"https:\/\/allgoodkeys.com\/es\/producto\/licencia-office-2021-professional-plus-pc\/\" target=\"_blank\" rel=\"noopener\"><strong> Microsoft Office 2021 Professional Plus<\/strong><\/a> son razones adicionales que hacen de <strong>Windows 10 Enterprise una excelente elecci\u00f3n.<\/strong><\/p>\n<p>&nbsp;<\/p>\n<h4>Caracter\u00edsticas de Windows 10 Enterprise:<\/h4>\n<ul>\n<li><strong>Hyper-V Client<\/strong><\/li>\n<li><strong>Active Directory<\/strong><\/li>\n<li><strong>Bitlocker<\/strong> To Go para proteger <strong>tus datos cr\u00edticos<\/strong><\/li>\n<li>Compatibilidad con <strong>Wi-Fi 6E<\/strong> para una navegaci\u00f3n m\u00e1s r\u00e1pida<\/li>\n<li>Optimizaci\u00f3n del trabajo remoto, con integraci\u00f3n de<strong> Microsoft Teams<\/strong> y <strong>videoconferencias inteligentes<\/strong><\/li>\n<li><strong>Administraci\u00f3n avanzada en la nube<\/strong><\/li>\n<li><strong>Nuevo escritorio<\/strong>, bajo el lenguaje de dise\u00f1o Fluent, para una disposici\u00f3n m\u00e1s org\u00e1nica de iconos y<strong> el Men\u00fa de Inicio<\/strong> (centrado en <strong>el nuevo muelle de noticias<\/strong>), ventanas de mejor apariencia y una IU optimizada para experiencias t\u00e1ctiles<\/li>\n<li><strong>Tiempos de carga m\u00e1s r\u00e1pidos<\/strong> que <a href=\"https:\/\/allgoodkeys.com\/es\/producto\/licencia-windows-10-professional\/\" target=\"_blank\" rel=\"noopener\">Windows 10<\/a>, gracias a Direct Storage y la optimizaci\u00f3n para las \u00faltimas SSD NVMe de alta velocidad<\/li>\n<li><strong>Caracter\u00edsticas enfocadas en desarrolladores y creadores<\/strong>, para monetizar tu trabajo con m\u00e1s \u00e9xito<\/li>\n<li><strong>Compatibilidad con todo el software actual<\/strong>, incluidos los antivirus m\u00e1s populares y <a href=\"https:\/\/allgoodkeys.com\/es\/producto\/licencia-office-2019-professional-plus\/\" target=\"_blank\" rel=\"noopener\"><strong>Microsoft Office 2019<\/strong><\/a> y<strong> Microsoft 365<\/strong><\/li>\n<li><strong>Interfaz moderna<\/strong>, para administrar discos y particiones directamente desde el men\u00fa Configuraci\u00f3n<\/li>\n<li>Modo <strong>tableta<\/strong> mejorado<\/li>\n<li>Dise\u00f1os y grupos de ventanas <strong>Snap Layout<\/strong> &amp; <strong>Snap<\/strong>, para mayor flexibilidad en la gesti\u00f3n de ventanas abiertas.<\/li>\n<li><strong>Modo claro<\/strong> y <strong>oscuro<\/strong> para mejorar tu experiencia visual<\/li>\n<li><strong>Nuevo acceso sin contrase\u00f1a<\/strong>, a trav\u00e9s de c\u00f3digo de seguridad, clave de seguridad o c\u00f3digo de un solo uso<\/li>\n<\/ul>\n<p>&nbsp;<\/p>\n<p>Todos los sistemas operativos de<strong> la familia Windows 10 Enterprise<\/strong> est\u00e1n dise\u00f1ados como un servicio, con seguridad y rendimiento optimizados. <strong>\u00a1Descarga y activa Licencia Windows 10 Enterprise ahora!<\/strong><\/p>\n<p>&nbsp;<\/p>\n<h4>La descarga de Windows 10 Enterprise: experimenta una velocidad sin igual con una descarga en segundos:<\/h4>\n<p>Descarga la ISO de <strong>Windows 10 Enterprise<\/strong> en segundos gracias a la distribuci\u00f3n digital que nos permite ofrecerte <strong>la clave de producto de Windows 10 Enterprise<\/strong> a un precio competitivo con el precio de lista. Al finalizar tu compra, recibir\u00e1s inmediatamente tu clave de producto, junto con todo lo que necesitas, de manera conveniente en tu bandeja de entrada, y en unos pocos segundos. \u00a1Compra y descarga Licencia Windows 10 Enterprise con confianza en All Good keys! Los pagos son seguros y rastreados, con una garant\u00eda de devoluci\u00f3n de dinero completa. El ahorro de costes, la entrega digital instant\u00e1nea y la licencia 100% genuina son las razones por las que puedes confiar en All Good Keys. Con instrucciones claras y completas, puedes descargar, instalar y activar Licencia <strong>Windows 10 Enterprise<\/strong> sin ayuda externa, pero si la necesitas, siempre puedes<a href=\"https:\/\/allgoodkeys.com\/es\/contactenos\/\" target=\"_blank\" rel=\"noopener\"><strong> contactar con nuestro Servicio<\/strong><\/a> de Atenci\u00f3n al Cliente gratuito.<\/p>\n<p>&nbsp;<\/p>\n<h4>Precio de Windows 10 Enterprise: invierte en el futuro de tu empresa con la actualizaci\u00f3n m\u00e1s asequible<\/h4>\n<p><strong>Windows 10 Enterprise<\/strong>, el sistema operativo que mejor se adapta a las necesidades de tu empresa, ahora est\u00e1 disponible en<strong> All Good Keys<\/strong> a un precio asequible. Aprovecha las ofertas especiales de All Good Keys para una inversi\u00f3n asequible en el futuro de tu empresa. Al comprar Licencia Windows 10 Enterprise en All Good Keys a un precio asequible, puedes asegurar <strong>la continuidad<\/strong> y <strong>la eficiencia<\/strong> de tu empresa con las soluciones tecnol\u00f3gicas de vanguardia que proporciona el sistema operativo. Con la fiabilidad y el soporte de All Good Keys, no pierdas la oportunidad de invertir en el crecimiento y el desarrollo de tu empresa actualizando a Windows 10 Enterprise, una opci\u00f3n asequible y rica en funciones dise\u00f1ada para hacer que tu empresa sea exitosa.<\/p>\n<p>&nbsp;<\/p>\n<h4>Requisitos del sistema de Windows 10 Enterprise:<\/h4>\n<div class=\"flex-1 overflow-hidden\">\n<div class=\"react-scroll-to-bottom--css-noksc-79elbk h-full\">\n<div class=\"react-scroll-to-bottom--css-noksc-1n7m0yu\">\n<div class=\"flex flex-col text-sm pb-9\">\n<div class=\"w-full text-token-text-primary\" data-testid=\"conversation-turn-753\">\n<div class=\"px-4 py-2 justify-center text-base md:gap-6 m-auto\">\n<div class=\"flex flex-1 text-base mx-auto gap-3 md:px-5 lg:px-1 xl:px-5 md:max-w-3xl lg:max-w-[40rem] xl:max-w-[48rem] group final-completion\">\n<div class=\"relative flex w-full flex-col agent-turn\">\n<div class=\"flex-col gap-1 md:gap-3\">\n<div class=\"flex flex-grow flex-col max-w-full\">\n<div class=\"min-h-[20px] text-message flex flex-col items-start gap-3 whitespace-pre-wrap break-words [.text-message+&amp;]:mt-5 overflow-x-auto\" data-message-author-role=\"assistant\" data-message-id=\"9422fd7e-c951-4407-8fdd-6b333097615d\">\n<div class=\"markdown prose w-full break-words dark:prose-invert light\">\n<ul>\n<li><strong>Procesador:<\/strong> 1 GHz o superior, min. doble n\u00facleo con SoC o procesador compatible de 64 bits<\/li>\n<li><strong>RAM:<\/strong> 4 GB<\/li>\n<li><strong>Almacenamiento:<\/strong> 64 GB<\/li>\n<li><strong>Firmware:<\/strong> UEFI, compatible con Secure Boot<\/li>\n<li><strong>TPM:<\/strong> M\u00f3dulo de plataforma segura 2.0<\/li>\n<li><strong>GPU:<\/strong> DirectX 12 o superior con controlador WDDM 2.0<\/li>\n<li><strong>Pantalla:<\/strong> 720p, 8 bits, m\u00ednimo de 9\u201d<\/li>\n<li><strong>Conexi\u00f3n a Internet y cuenta de Microsoft:<\/strong> Windows 10 Enterprise requiere una conexi\u00f3n a Internet activa y una cuenta de Microsoft para completar el proceso de configuraci\u00f3n<\/li>\n<\/ul>\n<\/div>\n<p>&nbsp;<\/p>\n<h3>\u00bfEres un revendedor?<\/h3>\n<p>Si es as\u00ed, cont\u00e1ctanos por correo electr\u00f3nico a\u00a0<a href=\"https:\/\/allgoodkeys.com\/es\/contactenos\/\" target=\"_blank\" rel=\"noopener\"><strong>Support@allgoodkeys.com<\/strong><\/a>\u00a0y te proporcionaremos una oferta personalizada y una lista de precios. \u00a1Trabajemos juntos para satisfacer tus necesidades y las de tus clientes!<\/p>\n<h3>\u00bfInteresado en afiliarte?<\/h3>\n<p>\u00danete a nuestro programa de afiliados y comienza a ganar comisiones promocionando nuestros productos digitales. Con un enlace de seguimiento \u00fanico, podr\u00e1s monetizar tu plataforma y ofrecer valiosos productos a tu audiencia. \u00a1Reg\u00edstrate hoy mismo y descubre todas las oportunidades que tenemos para ti!\u00a0<a href=\"https:\/\/allgoodkeys.com\/es\/afiliarse\/\" target=\"_blank\" rel=\"noopener\"><strong>Visita nuestra p\u00e1gina del programa de afiliados para obtener m\u00e1s informaci\u00f3n.<\/strong><\/a><\/p>\n<p>&nbsp;<\/p>\n<h3>Descubre m\u00e1s productos<\/h3>\n<p><strong><a title=\"Comprar e instalar sistemas operativos Windows\" href=\"https:\/\/allgoodkeys.com\/es\/categoria-producto\/sistema-operativo\/\" target=\"_blank\" rel=\"noopener\">Sistemas operativos Windows<\/a>:\u00a0<a title=\"Comprar e instalar la licencia original de Microsoft Windows 11\" href=\"https:\/\/allgoodkeys.com\/es\/categoria-producto\/sistema-operativo-windows-11\/\" target=\"_blank\" rel=\"noopener\">Windows 11<\/a>\u00a0\u2013\u00a0<a title=\"Comprar e instalar Windows 10 Microsoft Original\" href=\"https:\/\/allgoodkeys.com\/es\/categoria-producto\/sistema-operativo-windows-10\/\" target=\"_blank\" rel=\"noopener\">Windows 10<\/a>\u00a0\u2013\u00a0<a title=\"Comprar e instalar Windows 8 Microsoft Original\" href=\"https:\/\/allgoodkeys.com\/es\/producto\/licencia-windows-8-professional\/\" target=\"_blank\" rel=\"noopener\">Windows 8<\/a><\/strong><br \/>\n<strong><a title=\"Comprar e instalar licencias originales de Microsoft Office Suites\" href=\"https:\/\/allgoodkeys.com\/es\/categoria-producto\/microsoft-office\/\" target=\"_blank\" rel=\"noopener\">Suites de Microsoft Office<\/a>:\u00a0<a href=\"https:\/\/allgoodkeys.com\/es\/categoria-producto\/microsoft-office-2021-es\/\" target=\"_blank\" rel=\"noopener\">Office 2021<\/a>\u00a0\u2013\u00a0<a title=\"Comprar e instalar la licencia original de Microsoft Office 2019\" href=\"https:\/\/allgoodkeys.com\/es\/categoria-producto\/microsoft-office-2019-es\/\" target=\"_blank\" rel=\"noopener\">Office 2019<\/a>\u00a0\u2013\u00a0<a title=\"Comprar e instalar la licencia original de Office 2016\" href=\"https:\/\/allgoodkeys.com\/es\/producto\/licencia-office-2016-professional-plus\/\" target=\"_blank\" rel=\"noopener\">Office 2016<\/a>\u00a0\u2013\u00a0<a title=\"Comprar e instalar Office para Mac Microsoft Original\" href=\"https:\/\/allgoodkeys.com\/es\/categoria-producto\/office-para-mac\/\" target=\"_blank\" rel=\"noopener\">Office para Mac<\/a><\/strong><br \/>\n<strong><a title=\"Comprar e instalar el mejor antivirus\" href=\"https:\/\/allgoodkeys.com\/es\/categoria-producto\/antivirus-y-seguridad\/\" target=\"_blank\" rel=\"noopener\">Antivirus<\/a>:\u00a0<a title=\"Comprar e instalar el antivirus original de Kaspersky\" href=\"https:\/\/allgoodkeys.com\/es\/categoria-producto\/kaspersky-es\/\" target=\"_blank\" rel=\"noopener\">Kaspersky<\/a>\u00a0\u2013\u00a0<a title=\"Comprar e instalar el antivirus original de ESET\" href=\"https:\/\/allgoodkeys.com\/es\/categoria-producto\/eset-es\/\" target=\"_blank\" rel=\"noopener\">ESET<\/a>\u00a0\u2013\u00a0<a title=\"Comprar e instalar el Avast Antivirus original\" href=\"https:\/\/allgoodkeys.com\/es\/categoria-producto\/avast\/\" target=\"_blank\" rel=\"noopener\">Avast<\/a>\u00a0\u2013\u00a0<a href=\"https:\/\/allgoodkeys.com\/es\/categoria-producto\/avg\/\" target=\"_blank\" rel=\"noopener\">AVG<\/a><\/strong><\/p>\n<\/div>\n<\/div>\n<\/div>\n<\/div>\n<\/div>\n<\/div>\n<\/div>\n<\/div>\n<\/div>\n<\/div>\n<\/div>\n","protected":false},"excerpt":{"rendered":"<p>[icon name=\"circle-check\" prefix=\"fas\"]\u00a0 DESCARGA DIGITAL INSTANT\u00c1NEA<\/p>\n<p>[icon name=\"circle-check\" prefix=\"fas\"]\u00a0 SOPORTE DE POR VIDA<\/p>\n<p><a href=\"https:\/\/allgoodkeys.com\/es\/garantia-de-trusted-shops\/\" target=\"_blank\" rel=\"noopener\"><img decoding=\"async\" class=\"alignnone wp-image-48998\" src=\"https:\/\/allgoodkeys.com\/wp-content\/uploads\/2021\/02\/trusted-shops-es.png\" alt=\"\" width=\"195\" height=\"55\" srcset=\"https:\/\/allgoodkeys.com\/wp-content\/uploads\/2021\/02\/trusted-shops-es.png 396w, https:\/\/allgoodkeys.com\/wp-content\/uploads\/2021\/02\/trusted-shops-es-300x85.png 300w, https:\/\/allgoodkeys.com\/wp-content\/uploads\/2021\/02\/trusted-shops-es-250x71.png 250w\" sizes=\"(max-width: 195px) 100vw, 195px\" \/><\/a><\/p>\n","protected":false},"featured_media":22920,"comment_status":"open","ping_status":"closed","template":"","meta":[],"product_brand":[],"product_cat":[369,368,370,371],"product_tag":[],"woo-feed-brand":[],"class_list":{"0":"post-22919","1":"product","2":"type-product","3":"status-publish","4":"has-post-thumbnail","6":"product_cat-destacado","7":"product_cat-sistema-operativo","8":"product_cat-sistema-operativo-windows-10","9":"product_cat-todos-los-productos","11":"first","12":"instock","13":"virtual","14":"taxable","15":"purchasable","16":"product-type-simple"},"jetpack_sharing_enabled":true,"_links":{"self":[{"href":"https:\/\/allgoodkeys.com\/es\/wp-json\/wp\/v2\/product\/22919","targetHints":{"allow":["GET"]}}],"collection":[{"href":"https:\/\/allgoodkeys.com\/es\/wp-json\/wp\/v2\/product"}],"about":[{"href":"https:\/\/allgoodkeys.com\/es\/wp-json\/wp\/v2\/types\/product"}],"replies":[{"embeddable":true,"href":"https:\/\/allgoodkeys.com\/es\/wp-json\/wp\/v2\/comments?post=22919"}],"wp:featuredmedia":[{"embeddable":true,"href":"https:\/\/allgoodkeys.com\/es\/wp-json\/wp\/v2\/media\/22920"}],"wp:attachment":[{"href":"https:\/\/allgoodkeys.com\/es\/wp-json\/wp\/v2\/media?parent=22919"}],"wp:term":[{"taxonomy":"product_brand","embeddable":true,"href":"https:\/\/allgoodkeys.com\/es\/wp-json\/wp\/v2\/product_brand?post=22919"},{"taxonomy":"product_cat","embeddable":true,"href":"https:\/\/allgoodkeys.com\/es\/wp-json\/wp\/v2\/product_cat?post=22919"},{"taxonomy":"product_tag","embeddable":true,"href":"https:\/\/allgoodkeys.com\/es\/wp-json\/wp\/v2\/product_tag?post=22919"},{"taxonomy":"woo-feed-brand","embeddable":true,"href":"https:\/\/allgoodkeys.com\/es\/wp-json\/wp\/v2\/woo-feed-brand?post=22919"}],"curies":[{"name":"wp","href":"https:\/\/api.w.org\/{rel}","templated":true}]}}