{"id":22918,"date":"2022-06-22T20:21:17","date_gmt":"2022-06-22T20:21:17","guid":{"rendered":"https:\/\/allgoodkeys.com\/product\/windows-server-2022-servicios-de-escritorio-remoto-certificado-de-50-cals-de-usuario\/"},"modified":"2025-02-07T18:04:05","modified_gmt":"2025-02-07T18:04:05","slug":"windows-server-2022-rds-50-cal-de-usuario","status":"publish","type":"product","link":"https:\/\/allgoodkeys.com\/es\/producto\/windows-server-2022-rds-50-cal-de-usuario\/","title":{"rendered":"WINDOWS SERVER 2022 RDS \u2013 50 CAL DE USUARIO"},"content":{"rendered":"<blockquote><p><strong>Compra ahora las CAL de usuario de Windows Server 2022 RDS al mejor precio<\/strong><\/p><\/blockquote>\n<p>&nbsp;<\/p>\n<p><strong>All Good Keys<\/strong> ampl\u00eda su cat\u00e1logo con las <strong>CAL de usuario de Windows Server 2022 RDS<\/strong> que puedes ordenar al mejor precio y en paquetes de 50 licencias de usuario que puedes usar cuando desees autorizar a usuarios individuales para acceder a tus servicios de escritorio remoto en Windows Server. \u00a1All Good Keys es tu tienda \u00fanica para las CAL de Windows Server 2022 RDS!<\/p>\n<p>&nbsp;<\/p>\n<h4>Activa las CAL de usuario de Windows Server 2022 RDS en minutos para tu empresa:<\/h4>\n<p>Las CAL de usuario para Windows Server 2022 RDS, disponibles en el cat\u00e1logo de All Good Keys, est\u00e1n listas para usar: completa tu pedido e impl\u00e1ntalas gracias a nuestro sistema de<strong> entrega digital instant\u00e1nea<\/strong>. De esta manera, puedes garantizar el acceso al servicio RDS tanto para tu personal de TI como para tus clientes, si ofrecer servicios de escritorio remoto pagados. \u00a1Este es el beneficio de All Good Keys! <strong>Paga utilizando m\u00e9todos rastreados<\/strong>, con encriptaci\u00f3n y a trav\u00e9s de las plataformas m\u00e1s apreciadas y confiables, como PayPal, Stripe, cada pedido est\u00e1 cubierto por nuestra garant\u00eda de devoluci\u00f3n de dinero, \u00a1por lo tanto, siempre puedes comprar en nuestra tienda con confianza!<\/p>\n<p>&nbsp;<\/p>\n<h4>\u00a1El Mundo Digital es tuyo con All Good Keys!<\/h4>\n<p><strong>All Good Keys<\/strong> ha sido una presencia reconocida en el mercado digital. Hemos sido una de las primeras empresas en creer en la estrategia de Entrega Digital para software premium como los <strong>Sistemas Operativos de Microsoft<\/strong> (descubre las novedades en <a href=\"https:\/\/allgoodkeys.com\/es\/producto\/licencia-windows-11-professional\/\" target=\"_blank\" rel=\"noopener\">Windows 11 Professional<\/a>), suites de productividad de Office, incluido el \u00faltimo Office 2021.<\/p>\n<p>A su vez, honramos su confianza todos los d\u00edas: nuestros profesionales siempre buscan <strong>las mejores licencias digitales<\/strong>, siempre genuinas y garantizadas, a precios imbatibles. Nuestro sistema de entrega digital garantiza plena puntualidad: despu\u00e9s de tu pedido, recibir\u00e1s todo lo que necesitas, desde tu licencia (o paquete) hasta instrucciones de activaci\u00f3n paso a paso, enlaces de descarga oficiales (si es relevante), todo convenientemente empaquetado en un solo<strong> correo electr\u00f3nico<\/strong> de resumen. Adem\u00e1s, nuestro <a href=\"https:\/\/allgoodkeys.com\/es\/contactenos\/\" target=\"_blank\" rel=\"noopener\"><strong>Servicio de Atenci\u00f3n al Cliente<\/strong><\/a> gratuito est\u00e1 siempre a tu disposici\u00f3n.<\/p>\n<p>&nbsp;<\/p>\n<h4>\u00bfQu\u00e9 son las licencias CAL de usuario para Windows Server 2022 RDS? \u00bfPor qu\u00e9 las necesito?<\/h4>\n<p><strong>Microsoft Windows Server 2022<\/strong> <strong>es un software dise\u00f1ado para empresas<\/strong> <strong>como la tuya<\/strong>, que gestionan y ofrecen servicios remotos a trav\u00e9s de una instancia de servidor. Para conceder acceso a tus servicios, necesitas activar las CAL o Licencias de Acceso de Cliente. Estas se dividen en dos tipos diferentes: <strong>USUARIO<\/strong>, para usuarios individuales con credenciales compuestas por un nombre de usuario y una contrase\u00f1a, y<strong> DISPOSITIVO<\/strong>, para dispositivos \u00fanicos. Al asignar licencias, autorizas a un usuario o dispositivo a acceder a las caracter\u00edsticas y servicios de tu servidor.<\/p>\n<p>Si tu empresa utiliza la plataforma de Servicio de Escritorio Remoto (RDS) de Windows Server, las CAL de usuario de RDS de Windows Server 2022 permiten que los usuarios seleccionados accedan al escritorio remoto, como si estuvieran frente a la m\u00e1quina alojada por el servidor. Puedes comprar tus CAL de usuario de Windows Server 2022 RDS en paquetes con <strong>50 licencias<\/strong>. Si necesitas autorizar dispositivos, puedes comprar<a href=\"https:\/\/allgoodkeys.com\/es\/producto\/windows-server-2022-rds-50-cal-de-dispositivo\/\" target=\"_blank\" rel=\"noopener\"><strong> CAL de DISPOSITIVO de RDS<\/strong><\/a>. La ventaja es que puedes controlar el acceso al servidor; adem\u00e1s, todas las licencias vendidas por All Good Keys se pueden activar cuando sea necesario, sin l\u00edmites de tiempo. \u00a1Este es otro gran beneficio de nuestra tienda!<\/p>\n<p>&nbsp;<\/p>\n<h3>\u00bfEres un revendedor?<\/h3>\n<p>Si es as\u00ed, cont\u00e1ctanos por correo electr\u00f3nico a\u00a0<a href=\"https:\/\/allgoodkeys.com\/es\/contactenos\/\" target=\"_blank\" rel=\"noopener\"><strong>Support@allgoodkeys.com<\/strong><\/a>\u00a0y te proporcionaremos una oferta personalizada y una lista de precios. \u00a1Trabajemos juntos para satisfacer tus necesidades y las de tus clientes!<\/p>\n<h3>\u00bfInteresado en afiliarte?<\/h3>\n<p>\u00danete a nuestro programa de afiliados y comienza a ganar comisiones promocionando nuestros productos digitales. Con un enlace de seguimiento \u00fanico, podr\u00e1s monetizar tu plataforma y ofrecer valiosos productos a tu audiencia. \u00a1Reg\u00edstrate hoy mismo y descubre todas las oportunidades que tenemos para ti!\u00a0<a href=\"https:\/\/allgoodkeys.com\/es\/afiliarse\/\" target=\"_blank\" rel=\"noopener\"><strong>Visita nuestra p\u00e1gina del programa de afiliados para obtener m\u00e1s informaci\u00f3n.<\/strong><\/a><\/p>\n<p>&nbsp;<\/p>\n<h3>Descubre m\u00e1s productos<\/h3>\n<p><strong><a title=\"Comprar e instalar sistemas operativos Windows\" href=\"https:\/\/allgoodkeys.com\/es\/categoria-producto\/sistema-operativo\/\" target=\"_blank\" rel=\"noopener\">Sistemas operativos Windows<\/a>:\u00a0<a title=\"Comprar e instalar la licencia original de Microsoft Windows 11\" href=\"https:\/\/allgoodkeys.com\/es\/categoria-producto\/sistema-operativo-windows-11\/\" target=\"_blank\" rel=\"noopener\">Windows 11<\/a>\u00a0\u2013\u00a0<a title=\"Comprar e instalar Windows 10 Microsoft Original\" href=\"https:\/\/allgoodkeys.com\/es\/categoria-producto\/sistema-operativo-windows-10\/\" target=\"_blank\" rel=\"noopener\">Windows 10<\/a>\u00a0\u2013\u00a0<a title=\"Comprar e instalar Windows 8 Microsoft Original\" href=\"https:\/\/allgoodkeys.com\/es\/producto\/licencia-windows-8-professional\/\" target=\"_blank\" rel=\"noopener\">Windows 8<\/a><\/strong><br \/>\n<strong><a title=\"Comprar e instalar licencias originales de Microsoft Office Suites\" href=\"https:\/\/allgoodkeys.com\/es\/categoria-producto\/microsoft-office\/\" target=\"_blank\" rel=\"noopener\">Suites de Microsoft Office<\/a>:\u00a0<a href=\"https:\/\/allgoodkeys.com\/es\/categoria-producto\/microsoft-office-2021-es\/\" target=\"_blank\" rel=\"noopener\">Office 2021<\/a>\u00a0\u2013\u00a0<a title=\"Comprar e instalar la licencia original de Microsoft Office 2019\" href=\"https:\/\/allgoodkeys.com\/es\/categoria-producto\/microsoft-office-2019-es\/\" target=\"_blank\" rel=\"noopener\">Office 2019<\/a>\u00a0\u2013\u00a0<a title=\"Comprar e instalar la licencia original de Office 2016\" href=\"https:\/\/allgoodkeys.com\/es\/producto\/licencia-office-2016-professional-plus\/\" target=\"_blank\" rel=\"noopener\">Office 2016<\/a>\u00a0\u2013\u00a0<a title=\"Comprar e instalar Office para Mac Microsoft Original\" href=\"https:\/\/allgoodkeys.com\/es\/categoria-producto\/office-para-mac\/\" target=\"_blank\" rel=\"noopener\">Office para Mac<\/a><\/strong><br \/>\n<strong><a title=\"Comprar e instalar el mejor antivirus\" href=\"https:\/\/allgoodkeys.com\/es\/categoria-producto\/antivirus-y-seguridad\/\" target=\"_blank\" rel=\"noopener\">Antivirus<\/a>:\u00a0<a title=\"Comprar e instalar el antivirus original de Kaspersky\" href=\"https:\/\/allgoodkeys.com\/es\/categoria-producto\/kaspersky-es\/\" target=\"_blank\" rel=\"noopener\">Kaspersky<\/a>\u00a0\u2013\u00a0<a title=\"Comprar e instalar el antivirus original de ESET\" href=\"https:\/\/allgoodkeys.com\/es\/categoria-producto\/eset-es\/\" target=\"_blank\" rel=\"noopener\">ESET<\/a>\u00a0\u2013\u00a0<a title=\"Comprar e instalar el Avast Antivirus original\" href=\"https:\/\/allgoodkeys.com\/es\/categoria-producto\/avast\/\" target=\"_blank\" rel=\"noopener\">Avast<\/a>\u00a0\u2013\u00a0<a href=\"https:\/\/allgoodkeys.com\/es\/categoria-producto\/avg\/\" target=\"_blank\" rel=\"noopener\">AVG<\/a><\/strong><\/p>\n","protected":false},"excerpt":{"rendered":"<p>[icon name=\"circle-check\" prefix=\"fas\"]\u00a0 DESCARGA DIGITAL INSTANT\u00c1NEA<\/p>\n<p>[icon name=\"circle-check\" prefix=\"fas\"]\u00a0 SOPORTE DE POR VIDA<\/p>\n<p><a href=\"https:\/\/allgoodkeys.com\/es\/garantia-de-trusted-shops\/\" target=\"_blank\" rel=\"noopener\"><img decoding=\"async\" class=\"alignnone wp-image-48998\" src=\"https:\/\/allgoodkeys.com\/wp-content\/uploads\/2021\/02\/trusted-shops-es.png\" alt=\"\" width=\"195\" height=\"55\" srcset=\"https:\/\/allgoodkeys.com\/wp-content\/uploads\/2021\/02\/trusted-shops-es.png 396w, https:\/\/allgoodkeys.com\/wp-content\/uploads\/2021\/02\/trusted-shops-es-300x85.png 300w, https:\/\/allgoodkeys.com\/wp-content\/uploads\/2021\/02\/trusted-shops-es-250x71.png 250w\" sizes=\"(max-width: 195px) 100vw, 195px\" \/><\/a><\/p>\n","protected":false},"featured_media":59156,"comment_status":"open","ping_status":"closed","template":"","meta":{"rank_math_title":"WINDOWS SERVER 2022 RDS \u2013 50 CAL DE USUARIO","rank_math_description":"Adquiera su Licencia CAL de 50 usuario de Windows Server 2022 RDS a un precio asequible. Entrega instant\u00e1nea y activaci\u00f3n r\u00e1pida. \u00a1Consiga su Clave de CAL de 50 usuario de Windows Server 2022 RDS en AllGoodKeys!\n","rank_math_focus_keyword":"WINDOWS SERVER 2022 RDS"},"product_brand":[],"product_cat":[378,371],"product_tag":[],"woo-feed-brand":[],"class_list":{"0":"post-22918","1":"product","2":"type-product","3":"status-publish","4":"has-post-thumbnail","6":"product_cat-servidores-windows","7":"product_cat-todos-los-productos","9":"first","10":"instock","11":"virtual","12":"taxable","13":"purchasable","14":"product-type-simple"},"jetpack_sharing_enabled":true,"_links":{"self":[{"href":"https:\/\/allgoodkeys.com\/es\/wp-json\/wp\/v2\/product\/22918","targetHints":{"allow":["GET"]}}],"collection":[{"href":"https:\/\/allgoodkeys.com\/es\/wp-json\/wp\/v2\/product"}],"about":[{"href":"https:\/\/allgoodkeys.com\/es\/wp-json\/wp\/v2\/types\/product"}],"replies":[{"embeddable":true,"href":"https:\/\/allgoodkeys.com\/es\/wp-json\/wp\/v2\/comments?post=22918"}],"wp:featuredmedia":[{"embeddable":true,"href":"https:\/\/allgoodkeys.com\/es\/wp-json\/wp\/v2\/media\/59156"}],"wp:attachment":[{"href":"https:\/\/allgoodkeys.com\/es\/wp-json\/wp\/v2\/media?parent=22918"}],"wp:term":[{"taxonomy":"product_brand","embeddable":true,"href":"https:\/\/allgoodkeys.com\/es\/wp-json\/wp\/v2\/product_brand?post=22918"},{"taxonomy":"product_cat","embeddable":true,"href":"https:\/\/allgoodkeys.com\/es\/wp-json\/wp\/v2\/product_cat?post=22918"},{"taxonomy":"product_tag","embeddable":true,"href":"https:\/\/allgoodkeys.com\/es\/wp-json\/wp\/v2\/product_tag?post=22918"},{"taxonomy":"woo-feed-brand","embeddable":true,"href":"https:\/\/allgoodkeys.com\/es\/wp-json\/wp\/v2\/woo-feed-brand?post=22918"}],"curies":[{"name":"wp","href":"https:\/\/api.w.org\/{rel}","templated":true}]}}