{"id":22910,"date":"2022-09-12T19:07:26","date_gmt":"2022-09-12T19:07:26","guid":{"rendered":"https:\/\/allgoodkeys.com\/product\/project-professional-visio-professional-2021-activation-key-bundle\/"},"modified":"2025-02-07T18:04:03","modified_gmt":"2025-02-07T18:04:03","slug":"project-professional-visio-professional-2021-activation-key-bundle-2","status":"publish","type":"product","link":"https:\/\/allgoodkeys.com\/es\/producto\/project-professional-visio-professional-2021-activation-key-bundle-2\/","title":{"rendered":"Project Professional + Visio Professional 2021 clave de activaci\u00f3n &#8211; Bundle"},"content":{"rendered":"<div class=\"description-container__content\">\n<div class=\"flex-1 overflow-hidden\">\n<div class=\"react-scroll-to-bottom--css-fzvkl-79elbk h-full\">\n<div class=\"react-scroll-to-bottom--css-fzvkl-1n7m0yu\">\n<div class=\"flex flex-col pb-9 text-sm\">\n<div class=\"w-full text-token-text-primary\" data-testid=\"conversation-turn-471\">\n<div class=\"px-4 py-2 justify-center text-base md:gap-6 m-auto\">\n<div class=\"flex flex-1 text-base mx-auto gap-3 md:px-5 lg:px-1 xl:px-5 md:max-w-3xl lg:max-w-[40rem] xl:max-w-[48rem] group final-completion\">\n<div class=\"relative flex w-full flex-col agent-turn\">\n<div class=\"flex-col gap-1 md:gap-3\">\n<div class=\"flex flex-grow flex-col max-w-full\">\n<div class=\"min-h-[20px] text-message flex flex-col items-start gap-3 whitespace-pre-wrap break-words [.text-message+&amp;]:mt-5 overflow-x-auto\" data-message-author-role=\"assistant\" data-message-id=\"334ac470-a463-41e9-af92-6c6733690c3d\">\n<div class=\"markdown prose w-full break-words dark:prose-invert light\">\n<h5>Project Professional + Visio Professional 2021:<\/h5>\n<p>Obtenga acceso a las potentes herramientas de <strong>Project Professional 2021<\/strong> y <strong>Visio Professional 2021<\/strong> con nuestras claves de activaci\u00f3n. Con Project Professional 2021, podr\u00e1 mejorar la gesti\u00f3n de proyectos, optimizar los recursos y cumplir con plazos y presupuestos. Visualice las relaciones entre tareas, genere informes informativos y colabore de manera eficiente con su equipo. Por otro lado, Visio Professional 2021 simplifica la creaci\u00f3n y el intercambio de diagramas profesionales, ofreciendo una amplia gama de plantillas actualizadas y soporte mejorado para la colaboraci\u00f3n en equipo. Adem\u00e1s, las nuevas plantillas y formas de Azure y AWS, junto con el contenido para la planificaci\u00f3n del distanciamiento social en el lugar de trabajo, hacen que Visio Professional 2021 sea una herramienta vers\u00e1til para diversos escenarios empresariales. \u00a1Aproveche al m\u00e1ximo sus proyectos y diagramas con<strong> Project Professional + Visio Professional 2021!<\/strong><\/p>\n<h3><span style=\"color: #1b1919; font-size: 24px;\">Project Professional 2021 clave de activaci\u00f3n<\/span><\/h3>\n<\/div>\n<\/div>\n<\/div>\n<\/div>\n<\/div>\n<\/div>\n<\/div>\n<\/div>\n<\/div>\n<\/div>\n<\/div>\n<\/div>\n<p>Mejorar la selecci\u00f3n de proyectos y la entrega a tiempo. Gestione sus proyectos de forma m\u00e1s eficiente con los plazos, presupuestos y recursos adecuados.<\/p>\n<h5>Caracter\u00edsticas:<\/h5>\n<ul>\n<li>Informes informativos: los informes integrados, como Burndown y Resource Overview, proporcionan informaci\u00f3n a los interesados para lograr mejores resultados.<\/li>\n<li>Visualice las relaciones: el resaltado de la ruta de la tarea en los diagramas de Gantt le permite ver las relaciones entre las tareas.<\/li>\n<li>Hojas de tiempo: env\u00ede hojas de tiempo para capturar el tiempo invertido en el trabajo de proyecto y no de proyecto para la n\u00f3mina, la facturaci\u00f3n y m\u00e1s.<\/li>\n<li>Colaboraci\u00f3n: pase el rat\u00f3n por encima de los nombres de los miembros del equipo en un plan de proyecto para ver la presencia en l\u00ednea e iniciar chats o llamadas a trav\u00e9s de Microsoft Teams for Business (con licencia por separado).<\/li>\n<li>Las plantillas preconstruidas le ayudar\u00e1n a iniciar su proyecto por el buen camino.<\/li>\n<li>Sincronizaci\u00f3n con Project Online y Project Server.<\/li>\n<li>Presentar las hojas de tiempo para capturar el tiempo dedicado a los proyectos y al trabajo no relacionado con los mismos.<\/li>\n<li>Ejecute escenarios hipot\u00e9ticos para sacar el m\u00e1ximo partido a sus asignaciones de tareas.<\/li>\n<li>Autocompletar las fechas de inicio y fin en funci\u00f3n de las dependencias.<\/li>\n<li>Representar visualmente los calendarios complejos con l\u00edneas de tiempo m\u00faltiples incorporadas.<\/li>\n<\/ul>\n<p>Reduzca la ineficacia y el tiempo de formaci\u00f3n con herramientas de programaci\u00f3n automatizadas. Gestionar eficazmente los recursos para crear equipos de proyecto. Tome decisiones informadas con los informes incorporados.<\/p>\n<\/div>\n<p>Nota: La clave de activaci\u00f3n no se puede vincular a su cuenta de Microsoft.<\/p>\n<p>&nbsp;<\/p>\n<p>&nbsp;<\/p>\n<h2>Visio Professional 2021 clave de activaci\u00f3n<\/h2>\n<p>Visio Professional 2021 hace m\u00e1s f\u00e1cil que nunca para los individuos y los equipos crear y compartir diagramas profesionales y vers\u00e1tiles que simplifican la informaci\u00f3n compleja, tambi\u00e9n incluye formas, plantillas y estilos actualizados; soporte mejorado para la colaboraci\u00f3n en equipo, incluyendo la capacidad para que varias personas trabajen en un solo diagrama al mismo tiempo; y la capacidad de vincular diagramas a los datos al instante, tambi\u00e9n ayuda a prevenir la fuga de informaci\u00f3n al permitir la gesti\u00f3n de derechos de informaci\u00f3n.<\/p>\n<h5>Caracter\u00edsticas:<\/h5>\n<ul>\n<li><strong>Nuevas plantillas y formas de Azure<\/strong><br \/>\nHemos a\u00f1adido muchas m\u00e1s plantillas para ayudarle a crear diagramas Azure actualizados. Puede utilizar estas nuevas plantillas para crear diagramas de Azure para topolog\u00edas de red, configuraciones de m\u00e1quinas virtuales, operaciones y mucho m\u00e1s.<\/li>\n<li><strong>Nuevas plantillas y formas AWS<\/strong><br \/>\nHemos habilitado formas de infraestructura de otro importante proveedor de la nube: Amazon Web Services (AWS). Ahora puedes utilizar plantillas con las \u00faltimas formas de AWS para ayudarte a crear diagramas.<\/li>\n<li><strong>Gr\u00e1ficos listos para sus diagramas<\/strong><br \/>\nConstantemente a\u00f1adimos m\u00e1s contenido multimedia a la colecci\u00f3n Office Premium Creative Content, una biblioteca seleccionada de im\u00e1genes de archivo, iconos y mucho m\u00e1s que puede a\u00f1adir a sus dibujos de Visio.<\/li>\n<li><strong>Contenido para la planificaci\u00f3n del distanciamiento social en el lugar de trabajo<\/strong><br \/>\nMuchos lugares de trabajo tienen que volver a planificarse para seguir las directrices de distanciamiento social vigentes. Esta plantilla, y la plantilla de distanciamiento social en el lugar de trabajo, ofrecen una serie de formas, patrones de relleno y patrones de l\u00edneas, tanto a escala como sin escala, para ayudar en este proceso.<\/li>\n<\/ul>\n<p>&nbsp;<\/p>\n<h5><b><strong>Es usted un revendedor?<\/strong><\/b><\/h5>\n<p>Si eres un <b><br \/>\n<strong>revendedor,<\/strong><br \/>\n<\/b> env\u00edenos un correo a <a href=\"https:\/\/allgoodkeys.com\/contact-us\/\" target=\"_blank\" rel=\"noopener\"><br \/>\n<strong>Support@allgoodkeys.com<\/strong><br \/>\n<\/a> y le enviaremos una oferta a medida <b><strong>lista de precios. Trabajemos juntos.<\/strong><\/b><\/p>\n<p>Para la seguridad de su dispositivo siempre recomendamos la instalaci\u00f3n de un Antivirus, puede elegir su <a title=\"La mejor oferta de antivirus\" href=\"https:\/\/allgoodkeys.com\/es\/categoria-producto\/antivirus-y-seguridad\/\" target=\"_blank\" rel=\"noopener\"><br \/>\n<strong><br \/>\n<em>Antivirus haciendo clic aqu\u00ed<\/em><\/strong><\/a><\/p>\n<h3>Afiliarse<\/h3>\n<p>\u00a1Gana comisiones promocionando nuestros productos digitales! <strong>\u00danase a nuestro programa de afiliados<\/strong>, obtenga un enlace de seguimiento \u00fanico y empiece a monetizar su plataforma. Inscr\u00edbase hoy mismo y ofrezca productos valiosos a su p\u00fablico. <strong><a href=\"https:\/\/allgoodkeys.com\/es\/afiliarse\/\" target=\"_blank\" rel=\"noopener\">Visite la p\u00e1gina de nuestro programa de afiliados<\/a><\/strong><\/p>\n<div class=\"description-container__content\">\n<p>&nbsp;<\/p>\n<h3><strong>Buscar m\u00e1s productos en Todas las llaves buenas<\/strong><\/h3>\n<p><strong><a title=\"Comprar e instalar sistemas operativos Windows\" href=\"https:\/\/allgoodkeys.com\/es\/categoria-producto\/sistema-operativo\/\" target=\"_blank\" rel=\"noopener\">Sistemas operativos Windows<\/a>: <a title=\"Comprar e instalar la licencia original de Microsoft Windows 11\" href=\"https:\/\/allgoodkeys.com\/es\/categoria-producto\/sistema-operativo-windows-11\/\" target=\"_blank\" rel=\"noopener\">Windows 11<\/a> &#8211; <a title=\"Comprar e instalar Windows 10 Microsoft Original\" href=\"https:\/\/allgoodkeys.com\/es\/categoria-producto\/sistema-operativo-windows-10\/\" target=\"_blank\" rel=\"noopener\">Windows 10<\/a> &#8211; <a title=\"Comprar e instalar Windows 8 Microsoft Original\" href=\"https:\/\/allgoodkeys.com\/producto\/windows-8-1-professional-key\/\" target=\"_blank\" rel=\"noopener\">Windows 8<\/a><\/strong><br \/>\n<strong><a title=\"Comprar e instalar licencias originales de Microsoft Office Suites\" href=\"https:\/\/allgoodkeys.com\/es\/categoria-producto\/microsoft-office\/\" target=\"_blank\" rel=\"noopener\">Suites de Microsoft Office<\/a>: <a href=\"https:\/\/allgoodkeys.com\/es\/categoria-producto\/microsoft-office-2021-es\/\" target=\"_blank\" rel=\"noopener\">Office 2021<\/a> &#8211; <a title=\"Comprar e instalar la licencia original de Microsoft Office 2019\" href=\"https:\/\/allgoodkeys.com\/es\/categoria-producto\/microsoft-office-2019-es\/\" target=\"_blank\" rel=\"noopener\">Office 2019<\/a> &#8211; <a title=\"Comprar e instalar la licencia original de Office 2016\" href=\"https:\/\/allgoodkeys.com\/producto\/office-2016-professional-plusivation-key\/\" target=\"_blank\" rel=\"noopener\">Office 2016<\/a> &#8211; <a title=\"Comprar e instalar Office para Mac Microsoft Original\" href=\"https:\/\/allgoodkeys.com\/es\/categoria-producto\/office-para-mac\/\" target=\"_blank\" rel=\"noopener\">Office para Mac<\/a><\/strong><br \/>\n<strong><a title=\"Comprar e instalar el mejor antivirus\" href=\"https:\/\/allgoodkeys.com\/es\/categoria-producto\/antivirus-y-seguridad\/\" target=\"_blank\" rel=\"noopener\">Antivirus<\/a>: <a title=\"Comprar e instalar el antivirus original de Kaspersky\" href=\"https:\/\/allgoodkeys.com\/es\/categoria-producto\/kaspersky-es\/\" target=\"_blank\" rel=\"noopener\">Kaspersky<\/a> &#8211; <a title=\"Comprar e instalar el antivirus original de ESET\" href=\"https:\/\/allgoodkeys.com\/es\/categoria-producto\/eset-es\/\" target=\"_blank\" rel=\"noopener\">ESET<\/a> &#8211; <a title=\"Comprar e instalar el Avast Antivirus original\" href=\"https:\/\/allgoodkeys.com\/es\/categoria-producto\/avast\/\" target=\"_blank\" rel=\"noopener\">Avast<\/a> &#8211; <a href=\"https:\/\/allgoodkeys.com\/es\/categoria-producto\/avg\/\" target=\"_blank\" rel=\"noopener\">AVG<\/a><\/strong><\/p>\n<\/div>\n","protected":false},"excerpt":{"rendered":"<p><img decoding=\"async\" class=\"aligncenter size-full wp-image-39674\" src=\"https:\/\/allgoodkeys.com\/wp-content\/uploads\/2021\/10\/Version-completa-del-producto-de-Microsoft-con-licencia-de-por-vida.-1.png\" alt=\"Versi\u00f3n completa del producto de Microsoft con licencia de por vida.\" width=\"900\" height=\"330\" srcset=\"https:\/\/allgoodkeys.com\/wp-content\/uploads\/2021\/10\/Version-completa-del-producto-de-Microsoft-con-licencia-de-por-vida.-1.png 900w, https:\/\/allgoodkeys.com\/wp-content\/uploads\/2021\/10\/Version-completa-del-producto-de-Microsoft-con-licencia-de-por-vida.-1-300x110.png 300w, https:\/\/allgoodkeys.com\/wp-content\/uploads\/2021\/10\/Version-completa-del-producto-de-Microsoft-con-licencia-de-por-vida.-1-768x282.png 768w, https:\/\/allgoodkeys.com\/wp-content\/uploads\/2021\/10\/Version-completa-del-producto-de-Microsoft-con-licencia-de-por-vida.-1-570x209.png 570w, https:\/\/allgoodkeys.com\/wp-content\/uploads\/2021\/10\/Version-completa-del-producto-de-Microsoft-con-licencia-de-por-vida.-1-631x231.png 631w, https:\/\/allgoodkeys.com\/wp-content\/uploads\/2021\/10\/Version-completa-del-producto-de-Microsoft-con-licencia-de-por-vida.-1-250x92.png 250w\" sizes=\"(max-width: 900px) 100vw, 900px\" \/><\/p>\n","protected":false},"featured_media":22912,"comment_status":"open","ping_status":"closed","template":"","meta":[],"product_brand":[],"product_cat":[392,371],"product_tag":[],"woo-feed-brand":[],"class_list":{"0":"post-22910","1":"product","2":"type-product","3":"status-publish","4":"has-post-thumbnail","6":"product_cat-paquetes","7":"product_cat-todos-los-productos","9":"first","10":"instock","11":"sale","12":"virtual","13":"taxable","14":"purchasable","15":"product-type-woosb"},"jetpack_sharing_enabled":true,"_links":{"self":[{"href":"https:\/\/allgoodkeys.com\/es\/wp-json\/wp\/v2\/product\/22910","targetHints":{"allow":["GET"]}}],"collection":[{"href":"https:\/\/allgoodkeys.com\/es\/wp-json\/wp\/v2\/product"}],"about":[{"href":"https:\/\/allgoodkeys.com\/es\/wp-json\/wp\/v2\/types\/product"}],"replies":[{"embeddable":true,"href":"https:\/\/allgoodkeys.com\/es\/wp-json\/wp\/v2\/comments?post=22910"}],"wp:featuredmedia":[{"embeddable":true,"href":"https:\/\/allgoodkeys.com\/es\/wp-json\/wp\/v2\/media\/22912"}],"wp:attachment":[{"href":"https:\/\/allgoodkeys.com\/es\/wp-json\/wp\/v2\/media?parent=22910"}],"wp:term":[{"taxonomy":"product_brand","embeddable":true,"href":"https:\/\/allgoodkeys.com\/es\/wp-json\/wp\/v2\/product_brand?post=22910"},{"taxonomy":"product_cat","embeddable":true,"href":"https:\/\/allgoodkeys.com\/es\/wp-json\/wp\/v2\/product_cat?post=22910"},{"taxonomy":"product_tag","embeddable":true,"href":"https:\/\/allgoodkeys.com\/es\/wp-json\/wp\/v2\/product_tag?post=22910"},{"taxonomy":"woo-feed-brand","embeddable":true,"href":"https:\/\/allgoodkeys.com\/es\/wp-json\/wp\/v2\/woo-feed-brand?post=22910"}],"curies":[{"name":"wp","href":"https:\/\/api.w.org\/{rel}","templated":true}]}}