{"id":22909,"date":"2022-05-19T16:45:19","date_gmt":"2022-05-19T16:45:19","guid":{"rendered":"https:\/\/allgoodkeys.com\/product\/windows-11-professional-clave-de-activacion-5pc\/"},"modified":"2025-02-07T18:04:07","modified_gmt":"2025-02-07T18:04:07","slug":"licencia-windows-11-professional-5-pc","status":"publish","type":"product","link":"https:\/\/allgoodkeys.com\/es\/producto\/licencia-windows-11-professional-5-pc\/","title":{"rendered":"licencia Windows 11 Professional 5 PC"},"content":{"rendered":"<blockquote><p><strong>\u00bfBuscas una licencia Windows 11 Professional para tu PC? \u00a1No busques m\u00e1s! Con nuestra licencia Windows 11 Professional 5 PC, obtendr\u00e1s acceso instant\u00e1neo y legal a todas las funciones y caracter\u00edsticas de este nuevo sistema operativo de Microsoft.<\/strong><\/p><\/blockquote>\n<p>&nbsp;<\/p>\n<p><strong>Atenci\u00f3n:<\/strong> Esta licencia Windows 11 Professional 5 PC no est\u00e1 dise\u00f1ada para actualizar su sistema desde versiones anteriores. En caso de experimentar cualquier problema durante el proceso de activaci\u00f3n, no dude en ponerse en <a href=\"https:\/\/allgoodkeys.com\/es\/contactenos\/\" target=\"_blank\" rel=\"noopener\"><strong>contacto con nuestro equipo de soporte.<\/strong><\/a><\/p>\n<p><strong>Nota:<\/strong> Si no dispone de un <strong>DVD<\/strong> de instalaci\u00f3n o una unidad <strong>USB<\/strong>, puede descargar el archivo de configuraci\u00f3n correspondiente desde el sitio web oficial de Microsoft, haciendo <a href=\"https:\/\/www.microsoft.com\/es-es\/software-download\/windows11\" target=\"_blank\" rel=\"noopener\"><strong>clic AQU\u00cd<\/strong><\/a>. Para obtener m\u00e1s detalles sobre el proceso de instalaci\u00f3n, consulte el <strong>correo electr\u00f3nico<\/strong> que recibir\u00e1 con la confirmaci\u00f3n de su pedido<\/p>\n<p>&nbsp;<\/p>\n<h3>Licencia Windows 11 Professional 5 PC:<\/h3>\n<p>Descubre el nuevo<strong> Windows 11 Pro<\/strong>, dise\u00f1ado pensando en las necesidades de profesionales y empresas. Con una interfaz renovada y caracter\u00edsticas avanzadas, Windows 11 Pro te ofrece una experiencia inform\u00e1tica m\u00e1s fluida y eficiente.<\/p>\n<p>Disfruta de una mayor productividad con las herramientas integradas de <strong>Windows 11 Pro<\/strong>, que te permiten trabajar de manera m\u00e1s <strong>inteligente<\/strong> y <strong>r\u00e1pida<\/strong>. Adem\u00e1s, con funciones de seguridad mejoradas como <strong>Windows Hello<\/strong> y <strong>Windows Defender<\/strong>, puedes estar seguro de que tus datos est\u00e1n protegidos en todo momento.<\/p>\n<p>Con Windows 11 Pro, tambi\u00e9n obtienes acceso a una amplia gama de aplicaciones y servicios exclusivos, como <strong>Microsoft Teams<\/strong> y <strong>Microsoft Edge<\/strong>, que te ayudar\u00e1n a mantenerte conectado y productivo en todo momento.<\/p>\n<p>\u00bfListo para llevar tu experiencia inform\u00e1tica al siguiente nivel? \u00a1Obt\u00e9n <strong>tu licencia Windows 11 Professional 5 PC<\/strong>\u00a0hoy mismo y descubre un mundo de posibilidades con tu PC!<\/p>\n<p>&nbsp;<\/p>\n<div>\n<h3>\u00bfEres un revendedor?<\/h3>\n<p>Si es as\u00ed, cont\u00e1ctanos por correo electr\u00f3nico a\u00a0<a href=\"https:\/\/allgoodkeys.com\/es\/contactenos\/\" target=\"_blank\" rel=\"noopener\"><strong>Support@allgoodkeys.com<\/strong><\/a>\u00a0y te proporcionaremos una oferta personalizada y una lista de precios. \u00a1Trabajemos juntos para satisfacer tus necesidades y las de tus clientes!<\/p>\n<h3>\u00bfInteresado en afiliarte?<\/h3>\n<p>\u00danete a nuestro programa de afiliados y comienza a ganar comisiones promocionando nuestros productos digitales. Con un enlace de seguimiento \u00fanico, podr\u00e1s monetizar tu plataforma y ofrecer valiosos productos a tu audiencia. \u00a1Reg\u00edstrate hoy mismo y descubre todas las oportunidades que tenemos para ti!\u00a0<a href=\"https:\/\/allgoodkeys.com\/es\/afiliarse\/\" target=\"_blank\" rel=\"noopener\"><strong>Visita nuestra p\u00e1gina del programa de afiliados para obtener m\u00e1s informaci\u00f3n.<\/strong><\/a><\/p>\n<p>&nbsp;<\/p>\n<h3>Descubre m\u00e1s productos<\/h3>\n<p><strong><a title=\"Comprar e instalar sistemas operativos Windows\" href=\"https:\/\/allgoodkeys.com\/es\/categoria-producto\/sistema-operativo\/\" target=\"_blank\" rel=\"noopener\">Sistemas operativos Windows<\/a>:\u00a0<a title=\"Comprar e instalar la licencia original de Microsoft Windows 11\" href=\"https:\/\/allgoodkeys.com\/es\/categoria-producto\/sistema-operativo-windows-11\/\" target=\"_blank\" rel=\"noopener\">Windows 11<\/a>\u00a0\u2013\u00a0<a title=\"Comprar e instalar Windows 10 Microsoft Original\" href=\"https:\/\/allgoodkeys.com\/es\/categoria-producto\/sistema-operativo-windows-10\/\" target=\"_blank\" rel=\"noopener\">Windows 10<\/a>\u00a0\u2013\u00a0<a title=\"Comprar e instalar Windows 8 Microsoft Original\" href=\"https:\/\/allgoodkeys.com\/es\/producto\/licencia-windows-8-professional\/\" target=\"_blank\" rel=\"noopener\">Windows 8<\/a><\/strong><br \/>\n<strong><a title=\"Comprar e instalar licencias originales de Microsoft Office Suites\" href=\"https:\/\/allgoodkeys.com\/es\/categoria-producto\/microsoft-office\/\" target=\"_blank\" rel=\"noopener\">Suites de Microsoft Office<\/a>:\u00a0<a href=\"https:\/\/allgoodkeys.com\/es\/categoria-producto\/microsoft-office-2021-es\/\" target=\"_blank\" rel=\"noopener\">Office 2021<\/a>\u00a0\u2013\u00a0<a title=\"Comprar e instalar la licencia original de Microsoft Office 2019\" href=\"https:\/\/allgoodkeys.com\/es\/categoria-producto\/microsoft-office-2019-es\/\" target=\"_blank\" rel=\"noopener\">Office 2019<\/a>\u00a0\u2013\u00a0<a title=\"Comprar e instalar la licencia original de Office 2016\" href=\"https:\/\/allgoodkeys.com\/es\/producto\/licencia-office-2016-professional-plus\/\" target=\"_blank\" rel=\"noopener\">Office 2016<\/a>\u00a0\u2013\u00a0<a title=\"Comprar e instalar Office para Mac Microsoft Original\" href=\"https:\/\/allgoodkeys.com\/es\/categoria-producto\/office-para-mac\/\" target=\"_blank\" rel=\"noopener\">Office para Mac<\/a><\/strong><br \/>\n<strong><a title=\"Comprar e instalar el mejor antivirus\" href=\"https:\/\/allgoodkeys.com\/es\/categoria-producto\/antivirus-y-seguridad\/\" target=\"_blank\" rel=\"noopener\">Antivirus<\/a>:\u00a0<a title=\"Comprar e instalar el antivirus original de Kaspersky\" href=\"https:\/\/allgoodkeys.com\/es\/categoria-producto\/kaspersky-es\/\" target=\"_blank\" rel=\"noopener\">Kaspersky<\/a>\u00a0\u2013\u00a0<a title=\"Comprar e instalar el antivirus original de ESET\" href=\"https:\/\/allgoodkeys.com\/es\/categoria-producto\/eset-es\/\" target=\"_blank\" rel=\"noopener\">ESET<\/a>\u00a0\u2013\u00a0<a title=\"Comprar e instalar el Avast Antivirus original\" href=\"http:\/\/allgoodkeys.com\/product-category\/avast\/\" target=\"_blank\" rel=\"noopener\">Avast<\/a>\u00a0\u2013\u00a0<a href=\"http:\/\/allgoodkeys.com\/product-category\/avg\/\" target=\"_blank\" rel=\"noopener\">AVG<\/a><\/strong><\/p>\n<\/div>\n","protected":false},"excerpt":{"rendered":"<p>[icon name=\"circle-check\" prefix=\"fas\"]\u00a0 DESCARGA DIGITAL INSTANT\u00c1NEA<\/p>\n<p>[icon name=\"circle-check\" prefix=\"fas\"]\u00a0 SOPORTE DE POR VIDA<\/p>\n<p><a href=\"https:\/\/allgoodkeys.com\/es\/garantia-de-trusted-shops\/\" target=\"_blank\" rel=\"noopener\"><img decoding=\"async\" class=\"alignnone wp-image-48998\" src=\"http:\/\/allgoodkeys.com\/wp-content\/uploads\/2021\/02\/trusted-shops-es.png\" alt=\"\" width=\"195\" height=\"55\" srcset=\"https:\/\/allgoodkeys.com\/wp-content\/uploads\/2021\/02\/trusted-shops-es.png 396w, https:\/\/allgoodkeys.com\/wp-content\/uploads\/2021\/02\/trusted-shops-es-300x85.png 300w, https:\/\/allgoodkeys.com\/wp-content\/uploads\/2021\/02\/trusted-shops-es-250x71.png 250w\" sizes=\"(max-width: 195px) 100vw, 195px\" \/><\/a><\/p>\n","protected":false},"featured_media":22911,"comment_status":"open","ping_status":"closed","template":"","meta":[],"product_brand":[],"product_cat":[369,368,381,371],"product_tag":[],"woo-feed-brand":[],"class_list":{"0":"post-22909","1":"product","2":"type-product","3":"status-publish","4":"has-post-thumbnail","6":"product_cat-destacado","7":"product_cat-sistema-operativo","8":"product_cat-sistema-operativo-windows-11","9":"product_cat-todos-los-productos","11":"first","12":"instock","13":"virtual","14":"taxable","15":"purchasable","16":"product-type-simple"},"jetpack_sharing_enabled":true,"_links":{"self":[{"href":"https:\/\/allgoodkeys.com\/es\/wp-json\/wp\/v2\/product\/22909","targetHints":{"allow":["GET"]}}],"collection":[{"href":"https:\/\/allgoodkeys.com\/es\/wp-json\/wp\/v2\/product"}],"about":[{"href":"https:\/\/allgoodkeys.com\/es\/wp-json\/wp\/v2\/types\/product"}],"replies":[{"embeddable":true,"href":"https:\/\/allgoodkeys.com\/es\/wp-json\/wp\/v2\/comments?post=22909"}],"wp:featuredmedia":[{"embeddable":true,"href":"https:\/\/allgoodkeys.com\/es\/wp-json\/wp\/v2\/media\/22911"}],"wp:attachment":[{"href":"https:\/\/allgoodkeys.com\/es\/wp-json\/wp\/v2\/media?parent=22909"}],"wp:term":[{"taxonomy":"product_brand","embeddable":true,"href":"https:\/\/allgoodkeys.com\/es\/wp-json\/wp\/v2\/product_brand?post=22909"},{"taxonomy":"product_cat","embeddable":true,"href":"https:\/\/allgoodkeys.com\/es\/wp-json\/wp\/v2\/product_cat?post=22909"},{"taxonomy":"product_tag","embeddable":true,"href":"https:\/\/allgoodkeys.com\/es\/wp-json\/wp\/v2\/product_tag?post=22909"},{"taxonomy":"woo-feed-brand","embeddable":true,"href":"https:\/\/allgoodkeys.com\/es\/wp-json\/wp\/v2\/woo-feed-brand?post=22909"}],"curies":[{"name":"wp","href":"https:\/\/api.w.org\/{rel}","templated":true}]}}