{"id":22907,"date":"2022-09-12T19:26:27","date_gmt":"2022-09-12T19:26:27","guid":{"rendered":"https:\/\/allgoodkeys.com\/product\/project-professional-visio-professional-2019-clave-de-activacion-bundle\/"},"modified":"2025-02-07T18:04:02","modified_gmt":"2025-02-07T18:04:02","slug":"project-professional-visio-professional-2019-activation-key-bundle-2","status":"publish","type":"product","link":"https:\/\/allgoodkeys.com\/es\/producto\/project-professional-visio-professional-2019-activation-key-bundle-2\/","title":{"rendered":"Project Professional + Visio Professional 2019 clave de activaci\u00f3n &#8211; Bundle"},"content":{"rendered":"<p>Con <strong>Microsoft Project Professional 2019<\/strong>, mejore la gesti\u00f3n y entrega de proyectos de manera eficiente. Esta herramienta de vanguardia ofrece una planificaci\u00f3n global y una gesti\u00f3n de proyectos efectiva, perfecta para empresas y gestores de proyectos que buscan optimizar recursos y tiempos. Al adquirir nuestra clave de producto de<strong> Microsoft Project Professional 2019<\/strong>, garantizamos el mejor precio del mercado y una autenticidad del 100%. Adem\u00e1s, junto con Microsoft Visio Professional 2019, podr\u00e1 crear diagramas profesionales de manera intuitiva y colaborar en equipo de forma efectiva, garantizando la eficiencia en la comunicaci\u00f3n y la ejecuci\u00f3n de proyectos. Obtenga la clave de producto de <strong>Project Professional + Visio Professional 2019<\/strong> hoy mismo para potenciar la productividad de su equipo.<\/p>\n<h2 class=\"c-heading-3\">Microsoft Project 2019 Professional: mejore la selecci\u00f3n y entrega de proyectos<\/h2>\n<p>Puede utilizar el software de gesti\u00f3n de proyectos para planificar proyectos, colaborar con otros y mantenerse al d\u00eda sobre el progreso del proyecto.<a href=\"https:\/\/www.microsoft.com\/fr-ww\/microsoft-365\/microsoft-office\" target=\"_blank\" rel=\"noopener\">MS<\/a> Project Professional 2019 incluye herramientas de vanguardia que ayudar\u00e1n a todo su equipo a trabajar mejor juntos.<\/p>\n<p><span class=\"m_-6645966102292530557gmail-s1\">Es perfecto para las empresas y los gestores de <span class=\"il\">proyectos<\/span> que necesitan aprovechar al m\u00e1ximo el tiempo y los recursos. Para los profesionales que tienen m\u00e1s tareas de las que pueden contar, Microsoft <span class=\"il\">Project<\/span> Professional es como tener un asistente personal, pero mejor. <\/span> <span class=\"m_-6645966102292530557gmail-s1\">Permite una planificaci\u00f3n y gesti\u00f3n global, al tiempo que da prioridad a la accesibilidad y la usabilidad. Con la actualizaci\u00f3n en tiempo real y las nuevas herramientas y funciones a\u00f1adidas, <span class=\"il\">Project<\/span> <span class=\"il\">2019<\/span> reduce el trabajo a la mitad y duplica con creces el progreso.<\/span><\/p>\n<h2>Por qu\u00e9 comprar nuestra clave de producto de Microsoft Project Professional 2019<\/h2>\n<p>Le garantizamos el mayor descuento, el precio m\u00e1s bajo del mercado y, lo que es m\u00e1s importante, 100% genuino.<br \/>\nUna vez comprada y activada, es suya de por vida, lo que significa que si necesita reinstalar su sistema operativo o paquete de software, puede utilizar la misma clave para activarla de nuevo.<\/p>\n<p>Soporte de actualizaci\u00f3n en l\u00ednea, soporta todos los idiomas Versi\u00f3n.<br \/>\nEste producto podr\u00e1 activar las versiones de 32 y 64 bits del software.<\/p>\n<p>Le enviaremos la clave de activaci\u00f3n de MS Project Professional 2019 despu\u00e9s de completar el pago por correo electr\u00f3nico dentro de 1-2 horas<\/p>\n<p><strong>Nota:<\/strong><\/p>\n<ul>\n<li class=\"item\">NO es compatible con Windows XP y Vista. Este producto requiere Windows 7 o sistemas operativos m\u00e1s recientes.<\/li>\n<li>Admite las versiones de Office de 32 a 64 bits.<\/li>\n<li>Licencia global, disponibilidad mundial, sin restricciones regionales. Puedes utilizar para activar Microsoft Project Professional 2019 en cualquier regi\u00f3n<\/li>\n<\/ul>\n<p>&nbsp;<\/p>\n<h2>Microsoft Visio Professional 2019<\/h2>\n<div id=\"mainRegion2\" data-m=\"{\" data-grid=\"container\" data-region-key=\"mainregion2\">\n<div id=\"Feature8\" class=\"m-feature\" data-module-id=\"PDP|mainRegion2|mainRegion2|Feature8|coreui-feature\" data-grid=\"col-12\" data-m=\"{\">\n<section class=\"c-feature f-align-right\" role=\"presentation\">\n<div class=\"c-paragraph\">\n<p>Microsoft Visio Professional 2019, para crear diagramas profesionales con conexi\u00f3n de datos vinculados en tan solo unos clics. Los contextos complejos pueden presentarse con claridad. Edite los diagramas junto con su equipo aumentando la productividad. Visio Pro, en comparaci\u00f3n con la versi\u00f3n Standard, le ofrece funciones m\u00e1s avanzadas. El programa de visualizaci\u00f3n est\u00e1 perfectamente adaptado al uso empresarial. Los gestores y los equipos de proyectos pueden crear varios diagramas multifuncionales m\u00e1s f\u00e1cilmente que nunca utilizando <a href=\"https:\/\/www.microsoft.com\/\" target=\"_blank\" rel=\"noopener\">MS<\/a> Visio 2019 Pro. La interfaz similar a la de Office permite un uso intuitivo del software, incluyendo funciones ya conocidas de Office 2019 como, por ejemplo, el asistente de b\u00fasqueda \u00abTell me\u00bb y los \u00abBlack Themes\u00bb para trabajar de forma ideal sin cansar la vista.<\/p>\n<h4><strong>Funciones avanzadas <\/strong><\/h4>\n<p>MS Visio Professional 2019 tiene todas las funciones de Visio Standard 2019 para crear diagramas de forma r\u00e1pida y sencilla y, adem\u00e1s, el programa ofrece las siguientes funciones avanzadas:<\/p>\n<ul>\n<li>Colecci\u00f3n ampliada de formas, plantillas y estilos actualizados para trabajar mejor.<\/li>\n<li>Cree f\u00e1cilmente diagramas profesionales con las plantillas incorporadas, incluyendo diagramas de negocio, diagramas de proceso, diagramas de TI, diagramas t\u00e9cnicos, planos de planta, dise\u00f1os y dibujos.<\/li>\n<li>El trabajo en equipo se apoya cada vez m\u00e1s para evitar solapamientos.<\/li>\n<li>Los diagramas pueden vincularse directamente a las bases de datos de Excel, Active Directory y SharePoint.<\/li>\n<li>Activando la gesti\u00f3n de los derechos de informaci\u00f3n, puede evitar el uso indebido de la informaci\u00f3n confidencial y proteger as\u00ed a su empresa.<\/li>\n<li>Documentar los procesos con la notaci\u00f3n est\u00e1ndar de su elecci\u00f3n para mejorarlos constantemente.<\/li>\n<\/ul>\n<h4><strong>Cree diagramas profesionales con unos pocos clics<\/strong><\/h4>\n<p>Con MS Visio Professional 2019 crear\u00e1 incluso diagramas gr\u00e1ficos complejos en poco tiempo. Una gran selecci\u00f3n de plantillas y formas permite disponer del diagrama adecuado para poder empezar a trabajar inmediatamente. Se centra en los est\u00e1ndares del sector, como BPMN 2.0, UML 2.4, IEEE y Windows Workflow 4.0.<\/p>\n<p>Los diagramas de negocio, como las l\u00edneas de tiempo, los gr\u00e1ficos pivotantes y los organigramas, se crean tan r\u00e1pidamente como los diagramas de proceso, los diagramas de TI, los diagramas de software y de bases de datos, los diagramas t\u00e9cnicos o los mapas y planos de planta, como los planos de emplazamiento y de \u00e1rea, los trazados y los dibujos. Un asistente inteligente crea autom\u00e1ticamente, por ejemplo, organigramas a partir de los datos existentes para usted en MS Visio Pro 2019 y hace que su progreso de trabajo sea mucho m\u00e1s r\u00e1pido.<\/p>\n<h3><strong>Comprar clave de producto de Microsoft Visio Pro 2019<\/strong><\/h3>\n<p>Microsoft Visio 2019 Professional con sus caracter\u00edsticas avanzadas, garantiza la optimizaci\u00f3n de los procesos. Le ayuda a definir y mejorar su negocio de forma f\u00e1cil y eficaz. Puede crear etapas del proceso y establecer reglas de validaci\u00f3n para la revisi\u00f3n de los diagramas. Con m\u00e1s de 20 plantillas de procesos, Visio Professional 2019 ofrece una soluci\u00f3n completa para una amplia gama de tipos de procesos, incluyendo BPMN 2.0, flujo de trabajo de SharePoint, mapeo de flujo de trabajo y EPC, por lo que comprar Microsoft Visio pro 2019 clave de producto.<\/p>\n<p>Gracias a los datos enlazados integrados, puede procesar r\u00e1pidamente grandes cantidades de datos en diagramas. Permite vincular las formas con diferentes fuentes de datos, como Microsoft Excel, Active Directory, Microsoft SQL Azure, Microsoft SQL Server, listas de Microsoft SharePoint y servicios de conectividad empresarial. De este modo, siempre ofrecer\u00e1 vistas actualizadas de sus datos.<\/p>\n<h4><strong>El trabajo en equipo es el punto clave<\/strong><\/h4>\n<p>Puedes colaborar en equipo en los diagramas y no tienes que preocuparte por la coincidencia de versiones. A trav\u00e9s de Visio o de un navegador puede realizar directamente cambios o publicar comentarios. El chat de audio o v\u00eddeo tambi\u00e9n est\u00e1 disponible directamente desde el programa, si se cumplen las condiciones necesarias (se requiere Skype for business o Microsoft Lync).<\/p>\n<p><strong> Microsoft Project Professional 2019 y Microsoft Visio Professional 2019<\/strong> son herramientas indispensables para la gesti\u00f3n eficiente de proyectos y la creaci\u00f3n de diagramas profesionales. Al adquirir la clave de producto de Project Professional + Visio Professional 2019, obtendr\u00e1 acceso a funciones avanzadas que mejoran la colaboraci\u00f3n en equipo y optimizan los procesos empresariales. Con caracter\u00edsticas como la planificaci\u00f3n global, la integraci\u00f3n de datos y la colaboraci\u00f3n en tiempo real, Project Professional + Visio Professional 2019 garantiza una ejecuci\u00f3n de proyectos fluida y una comunicaci\u00f3n efectiva. No pierda la oportunidad de potenciar la productividad de su equipo con <strong>Project Professional + Visio Professional 2019<\/strong>. \u00a1Obtenga su clave de producto hoy mismo y lleve su gesti\u00f3n de proyectos al siguiente nivel!<\/p>\n<h3><b><strong>Es usted un revendedor?<\/strong><\/b><\/h3>\n<p>Si eres un <b><br \/>\n<strong>revendedor,<\/strong><br \/>\n<\/b> env\u00edenos un correo a <a href=\"https:\/\/allgoodkeys.com\/contact-us\/\" target=\"_blank\" rel=\"noopener\"><br \/>\n<strong>Support@allgoodkeys.com<\/strong><br \/>\n<\/a> y le enviaremos una oferta a medida <b><strong>lista de precios. Trabajemos juntos.<\/strong><\/b><\/p>\n<p>Para la seguridad de su dispositivo siempre recomendamos la instalaci\u00f3n de un Antivirus, puede elegir su <a title=\"La mejor oferta de antivirus\" href=\"https:\/\/allgoodkeys.com\/es\/categoria-producto\/antivirus-y-seguridad\/\" target=\"_blank\" rel=\"noopener\"><br \/>\n<strong><br \/>\n<em>Antivirus haciendo clic aqu\u00ed<\/em><\/strong><\/a><\/p>\n<h3>Afiliarse<\/h3>\n<p>\u00a1Gana comisiones promocionando nuestros productos digitales! <strong>\u00danase a nuestro programa de afiliados<\/strong>, obtenga un enlace de seguimiento \u00fanico y empiece a monetizar su plataforma. Inscr\u00edbase hoy mismo y ofrezca productos valiosos a su p\u00fablico. <strong><a href=\"https:\/\/allgoodkeys.com\/es\/afiliarse\/\" target=\"_blank\" rel=\"noopener\">Visite la p\u00e1gina de nuestro programa de afiliados<\/a><\/strong><\/p>\n<h3><strong>Buscar m\u00e1s productos en Todas las llaves buenas<\/strong><\/h3>\n<p><strong><a title=\"Comprar e instalar sistemas operativos Windows\" href=\"https:\/\/allgoodkeys.com\/es\/categoria-producto\/sistema-operativo\/\" target=\"_blank\" rel=\"noopener\">Sistemas operativos Windows<\/a>: <a title=\"Comprar e instalar la licencia original de Microsoft Windows 11\" href=\"https:\/\/allgoodkeys.com\/es\/categoria-producto\/sistema-operativo-windows-11\/\" target=\"_blank\" rel=\"noopener\">Windows 11<\/a> &#8211; <a title=\"Comprar e instalar Windows 10 Microsoft Original\" href=\"https:\/\/allgoodkeys.com\/es\/categoria-producto\/sistema-operativo-windows-10\/\" target=\"_blank\" rel=\"noopener\">Windows 10<\/a> &#8211; <a title=\"Comprar e instalar Windows 8 Microsoft Original\" href=\"https:\/\/allgoodkeys.com\/producto\/windows-8-1-professional-key\/\" target=\"_blank\" rel=\"noopener\">Windows 8<\/a><\/strong><br \/>\n<strong><a title=\"Comprar e instalar licencias originales de Microsoft Office Suites\" href=\"https:\/\/allgoodkeys.com\/es\/categoria-producto\/microsoft-office\/\" target=\"_blank\" rel=\"noopener\">Suites de Microsoft Office<\/a>: <a href=\"https:\/\/allgoodkeys.com\/es\/categoria-producto\/microsoft-office-2021-es\/\" target=\"_blank\" rel=\"noopener\">Office 2021<\/a> &#8211; <a title=\"Comprar e instalar la licencia original de Microsoft Office 2019\" href=\"https:\/\/allgoodkeys.com\/es\/categoria-producto\/microsoft-office-2019-es\/\" target=\"_blank\" rel=\"noopener\">Office 2019<\/a> &#8211; <a title=\"Comprar e instalar la licencia original de Office 2016\" href=\"https:\/\/allgoodkeys.com\/producto\/office-2016-professional-plusivation-key\/\" target=\"_blank\" rel=\"noopener\">Office 2016<\/a> &#8211; <a title=\"Comprar e instalar Office para Mac Microsoft Original\" href=\"https:\/\/allgoodkeys.com\/es\/categoria-producto\/office-para-mac\/\" target=\"_blank\" rel=\"noopener\">Office para Mac<\/a><\/strong><br \/>\n<strong><a title=\"Comprar e instalar el mejor antivirus\" href=\"https:\/\/allgoodkeys.com\/es\/categoria-producto\/antivirus-y-seguridad\/\" target=\"_blank\" rel=\"noopener\">Antivirus<\/a>: <a title=\"Comprar e instalar el antivirus original de Kaspersky\" href=\"https:\/\/allgoodkeys.com\/es\/categoria-producto\/kaspersky-es\/\" target=\"_blank\" rel=\"noopener\">Kaspersky<\/a> &#8211; <a title=\"Comprar e instalar el antivirus original de ESET\" href=\"https:\/\/allgoodkeys.com\/es\/categoria-producto\/eset-es\/\" target=\"_blank\" rel=\"noopener\">ESET<\/a> &#8211; <a title=\"Comprar e instalar el Avast Antivirus original\" href=\"https:\/\/allgoodkeys.com\/es\/categoria-producto\/avast\/\" target=\"_blank\" rel=\"noopener\">Avast<\/a> &#8211; <a href=\"https:\/\/allgoodkeys.com\/es\/categoria-producto\/avg\/\" target=\"_blank\" rel=\"noopener\">AVG<\/a><\/strong><\/p>\n<\/div>\n<\/section>\n<\/div>\n<\/div>\n","protected":false},"excerpt":{"rendered":"<p><img decoding=\"async\" class=\"aligncenter size-full wp-image-39674\" src=\"https:\/\/allgoodkeys.com\/wp-content\/uploads\/2021\/10\/Version-completa-del-producto-de-Microsoft-con-licencia-de-por-vida.-1.png\" alt=\"Versi\u00f3n completa del producto de Microsoft con licencia de por vida.\" width=\"900\" height=\"330\" srcset=\"https:\/\/allgoodkeys.com\/wp-content\/uploads\/2021\/10\/Version-completa-del-producto-de-Microsoft-con-licencia-de-por-vida.-1.png 900w, https:\/\/allgoodkeys.com\/wp-content\/uploads\/2021\/10\/Version-completa-del-producto-de-Microsoft-con-licencia-de-por-vida.-1-300x110.png 300w, https:\/\/allgoodkeys.com\/wp-content\/uploads\/2021\/10\/Version-completa-del-producto-de-Microsoft-con-licencia-de-por-vida.-1-768x282.png 768w, https:\/\/allgoodkeys.com\/wp-content\/uploads\/2021\/10\/Version-completa-del-producto-de-Microsoft-con-licencia-de-por-vida.-1-570x209.png 570w, https:\/\/allgoodkeys.com\/wp-content\/uploads\/2021\/10\/Version-completa-del-producto-de-Microsoft-con-licencia-de-por-vida.-1-631x231.png 631w, https:\/\/allgoodkeys.com\/wp-content\/uploads\/2021\/10\/Version-completa-del-producto-de-Microsoft-con-licencia-de-por-vida.-1-250x92.png 250w\" sizes=\"(max-width: 900px) 100vw, 900px\" \/><\/p>\n","protected":false},"featured_media":22908,"comment_status":"open","ping_status":"closed","template":"","meta":[],"product_brand":[],"product_cat":[392,371],"product_tag":[],"woo-feed-brand":[],"class_list":{"0":"post-22907","1":"product","2":"type-product","3":"status-publish","4":"has-post-thumbnail","6":"product_cat-paquetes","7":"product_cat-todos-los-productos","9":"first","10":"instock","11":"sale","12":"virtual","13":"taxable","14":"purchasable","15":"product-type-woosb"},"jetpack_sharing_enabled":true,"_links":{"self":[{"href":"https:\/\/allgoodkeys.com\/es\/wp-json\/wp\/v2\/product\/22907","targetHints":{"allow":["GET"]}}],"collection":[{"href":"https:\/\/allgoodkeys.com\/es\/wp-json\/wp\/v2\/product"}],"about":[{"href":"https:\/\/allgoodkeys.com\/es\/wp-json\/wp\/v2\/types\/product"}],"replies":[{"embeddable":true,"href":"https:\/\/allgoodkeys.com\/es\/wp-json\/wp\/v2\/comments?post=22907"}],"wp:featuredmedia":[{"embeddable":true,"href":"https:\/\/allgoodkeys.com\/es\/wp-json\/wp\/v2\/media\/22908"}],"wp:attachment":[{"href":"https:\/\/allgoodkeys.com\/es\/wp-json\/wp\/v2\/media?parent=22907"}],"wp:term":[{"taxonomy":"product_brand","embeddable":true,"href":"https:\/\/allgoodkeys.com\/es\/wp-json\/wp\/v2\/product_brand?post=22907"},{"taxonomy":"product_cat","embeddable":true,"href":"https:\/\/allgoodkeys.com\/es\/wp-json\/wp\/v2\/product_cat?post=22907"},{"taxonomy":"product_tag","embeddable":true,"href":"https:\/\/allgoodkeys.com\/es\/wp-json\/wp\/v2\/product_tag?post=22907"},{"taxonomy":"woo-feed-brand","embeddable":true,"href":"https:\/\/allgoodkeys.com\/es\/wp-json\/wp\/v2\/woo-feed-brand?post=22907"}],"curies":[{"name":"wp","href":"https:\/\/api.w.org\/{rel}","templated":true}]}}