{"id":22899,"date":"2022-09-26T16:10:12","date_gmt":"2022-09-26T16:10:12","guid":{"rendered":"https:\/\/allgoodkeys.com\/product\/windows-10-pro-n-clave-de-activacion\/"},"modified":"2025-02-07T18:04:01","modified_gmt":"2025-02-07T18:04:01","slug":"windows-10-pro-n","status":"publish","type":"product","link":"https:\/\/allgoodkeys.com\/es\/producto\/windows-10-pro-n\/","title":{"rendered":"Windows 10 Pro N \u2013 LICENCIA DE MICROSOFT"},"content":{"rendered":"<blockquote><p><strong>Atenci\u00f3n!<\/strong> Este producto no puede utilizarse para actualizar su sistema desde otra versi\u00f3n. Si tienes alg\u00fan problema durante la activaci\u00f3n, no dudes en ponerte <a href=\"https:\/\/allgoodkeys.com\/es\/contactenos\/\" target=\"_blank\" rel=\"noopener\"><strong>en contacto con nosotros.<\/strong><\/a><\/p><\/blockquote>\n<p>&nbsp;<\/p>\n<p><strong>Windows 10 Pro N<\/strong> es una versi\u00f3n del sistema operativo Windows 10 dise\u00f1ada espec\u00edficamente para usuarios comerciales y profesionales en pa\u00edses de la Uni\u00f3n Europea (UE) y la Asociaci\u00f3n Europea de Libre Comercio (AELC). Aunque similar a la versi\u00f3n est\u00e1ndar de <a href=\"https:\/\/allgoodkeys.com\/es\/producto\/licencia-windows-10-professional\/\" target=\"_blank\" rel=\"noopener\">Windows 10 Pro<\/a>, esta edici\u00f3n no incluye algunas funciones multimedia como <strong>Windows Media Player<\/strong> y la capacidad de reproducir <strong>DVD<\/strong>. Sin embargo, ofrece robustas caracter\u00edsticas de seguridad, administraci\u00f3n y control, dise\u00f1adas para satisfacer las necesidades de profesionales de TI y usuarios comerciales.<\/p>\n<p>&nbsp;<\/p>\n<h4>Caracter\u00edsticas Principales de Windows 10 Pro N:<\/h4>\n<ul>\n<li><strong>Seguridad Avanzada:<\/strong> Incluye herramientas como BitLocker para el cifrado de disco, Escritorio remoto para acceso remoto y Hyper-V para virtualizaci\u00f3n.<\/li>\n<li><strong>Gesti\u00f3n de Actualizaciones:<\/strong> Permite administrar e implementar actualizaciones de forma eficiente, garantizando la seguridad y el rendimiento del sistema.<\/li>\n<li><strong>Cumplimiento Legal:<\/strong> Dise\u00f1ado para cumplir con los requisitos legales de la UE y la AELC, proporcionando una plataforma segura y confiable para usuarios comerciales.<\/li>\n<li><strong>Interfaz Intuitiva:<\/strong> Ofrece una interfaz de usuario intuitiva y accesible, facilitando la navegaci\u00f3n y el uso de las diversas funciones del sistema.<\/li>\n<\/ul>\n<p>&nbsp;<\/p>\n<h4>Requisitos del Sistema:<\/h4>\n<ul>\n<li>Procesador de 1 GHz o m\u00e1s r\u00e1pido con al menos 2 n\u00facleos.<\/li>\n<li>Memoria RAM de al menos 4GB.<\/li>\n<li>Espacio de almacenamiento de al menos 64 GB para la versi\u00f3n de 64 bits.<\/li>\n<li>DirectX 9 o posterior con controlador WDDM 1.0.<\/li>\n<li>Pantalla con una resoluci\u00f3n m\u00ednima de 800\u00d7600.<\/li>\n<li>Conexi\u00f3n a Internet para actualizaciones y funciones como Cortana.<\/li>\n<\/ul>\n<p>&nbsp;<\/p>\n<p><strong>Windows 10 Pro N<\/strong> ofrece una serie de ventajas para las organizaciones, incluyendo la protecci\u00f3n de datos, acceso seguro a la red y caracter\u00edsticas avanzadas como Escritorio Remoto, Autenticaci\u00f3n Multifactor y Cifrado de unidad BitLocker. Con esta licencia, tu organizaci\u00f3n puede garantizar la seguridad y la productividad de sus usuarios en un entorno empresarial.<\/p>\n<p>&nbsp;<\/p>\n<h3>\u00bfEres un revendedor?<\/h3>\n<p>Si es as\u00ed, cont\u00e1ctanos por correo electr\u00f3nico a\u00a0<a href=\"https:\/\/allgoodkeys.com\/es\/contactenos\/\" target=\"_blank\" rel=\"noopener\"><strong>Support@allgoodkeys.com<\/strong><\/a>\u00a0y te proporcionaremos una oferta personalizada y una lista de precios. \u00a1Trabajemos juntos para satisfacer tus necesidades y las de tus clientes!<\/p>\n<h3>\u00bfInteresado en afiliarte?<\/h3>\n<p>\u00danete a nuestro programa de afiliados y comienza a ganar comisiones promocionando nuestros productos digitales. Con un enlace de seguimiento \u00fanico, podr\u00e1s monetizar tu plataforma y ofrecer valiosos productos a tu audiencia. \u00a1Reg\u00edstrate hoy mismo y descubre todas las oportunidades que tenemos para ti!\u00a0<a href=\"https:\/\/allgoodkeys.com\/es\/afiliarse\/\" target=\"_blank\" rel=\"noopener\"><strong>Visita nuestra p\u00e1gina del programa de afiliados para obtener m\u00e1s informaci\u00f3n.<\/strong><\/a><\/p>\n<p>&nbsp;<\/p>\n<h3>Descubre m\u00e1s productos<\/h3>\n<p><strong><a title=\"Comprar e instalar sistemas operativos Windows\" href=\"https:\/\/allgoodkeys.com\/es\/categoria-producto\/sistema-operativo\/\" target=\"_blank\" rel=\"noopener\">Sistemas operativos Windows<\/a>:\u00a0<a title=\"Comprar e instalar la licencia original de Microsoft Windows 11\" href=\"https:\/\/allgoodkeys.com\/es\/categoria-producto\/sistema-operativo-windows-11\/\" target=\"_blank\" rel=\"noopener\">Windows 11<\/a>\u00a0\u2013\u00a0<a title=\"Comprar e instalar Windows 10 Microsoft Original\" href=\"https:\/\/allgoodkeys.com\/es\/categoria-producto\/sistema-operativo-windows-10\/\" target=\"_blank\" rel=\"noopener\">Windows 10<\/a>\u00a0\u2013\u00a0<a title=\"Comprar e instalar Windows 8 Microsoft Original\" href=\"https:\/\/allgoodkeys.com\/es\/producto\/windows-8-1-professional-key-global-2\/\" target=\"_blank\" rel=\"noopener\">Windows 8<\/a><\/strong><br \/>\n<strong><a title=\"Comprar e instalar licencias originales de Microsoft Office Suites\" href=\"https:\/\/allgoodkeys.com\/es\/categoria-producto\/microsoft-office\/\" target=\"_blank\" rel=\"noopener\">Suites de Microsoft Office<\/a>:\u00a0<a href=\"https:\/\/allgoodkeys.com\/es\/categoria-producto\/microsoft-office-2021-es\/\" target=\"_blank\" rel=\"noopener\">Office 2021<\/a>\u00a0\u2013\u00a0<a title=\"Comprar e instalar la licencia original de Microsoft Office 2019\" href=\"https:\/\/allgoodkeys.com\/es\/categoria-producto\/microsoft-office-2019-es\/\" target=\"_blank\" rel=\"noopener\">Office 2019<\/a>\u00a0\u2013\u00a0<a title=\"Comprar e instalar la licencia original de Office 2016\" href=\"https:\/\/allgoodkeys.com\/es\/producto\/licencia-office-2016-professional-plus\/\" target=\"_blank\" rel=\"noopener\">Office 2016<\/a>\u00a0\u2013\u00a0<a title=\"Comprar e instalar Office para Mac Microsoft Original\" href=\"https:\/\/allgoodkeys.com\/es\/categoria-producto\/office-para-mac\/\" target=\"_blank\" rel=\"noopener\">Office para Mac<\/a><\/strong><br \/>\n<strong><a title=\"Comprar e instalar el mejor antivirus\" href=\"https:\/\/allgoodkeys.com\/es\/categoria-producto\/antivirus-y-seguridad\/\" target=\"_blank\" rel=\"noopener\">Antivirus<\/a>:\u00a0<a title=\"Comprar e instalar el antivirus original de Kaspersky\" href=\"https:\/\/allgoodkeys.com\/es\/categoria-producto\/kaspersky-es\/\" target=\"_blank\" rel=\"noopener\">Kaspersky<\/a>\u00a0\u2013\u00a0<a title=\"Comprar e instalar el antivirus original de ESET\" href=\"https:\/\/allgoodkeys.com\/es\/categoria-producto\/eset-es\/\" target=\"_blank\" rel=\"noopener\">ESET<\/a>\u00a0\u2013\u00a0<a title=\"Comprar e instalar el Avast Antivirus original\" href=\"https:\/\/allgoodkeys.com\/es\/categoria-producto\/avast\/\" target=\"_blank\" rel=\"noopener\">Avast<\/a>\u00a0\u2013\u00a0<a href=\"https:\/\/allgoodkeys.com\/es\/categoria-producto\/avg\/\" target=\"_blank\" rel=\"noopener\">AVG<\/a><\/strong><\/p>\n","protected":false},"excerpt":{"rendered":"<p>[icon name=\"circle-check\" prefix=\"fas\"]\u00a0 DESCARGA DIGITAL INSTANT\u00c1NEA<\/p>\n<p>[icon name=\"circle-check\" prefix=\"fas\"]\u00a0 SOPORTE DE POR VIDA<\/p>\n<p><a href=\"https:\/\/allgoodkeys.com\/es\/garantia-de-trusted-shops\/\" target=\"_blank\" rel=\"noopener\"><img decoding=\"async\" class=\"alignnone wp-image-48998\" src=\"https:\/\/allgoodkeys.com\/wp-content\/uploads\/2021\/02\/trusted-shops-es.png\" alt=\"\" width=\"195\" height=\"55\" srcset=\"https:\/\/allgoodkeys.com\/wp-content\/uploads\/2021\/02\/trusted-shops-es.png 396w, https:\/\/allgoodkeys.com\/wp-content\/uploads\/2021\/02\/trusted-shops-es-300x85.png 300w, https:\/\/allgoodkeys.com\/wp-content\/uploads\/2021\/02\/trusted-shops-es-250x71.png 250w\" sizes=\"(max-width: 195px) 100vw, 195px\" \/><\/a><\/p>\n","protected":false},"featured_media":22900,"comment_status":"open","ping_status":"closed","template":"","meta":[],"product_brand":[],"product_cat":[369,368,370,371],"product_tag":[],"woo-feed-brand":[],"class_list":{"0":"post-22899","1":"product","2":"type-product","3":"status-publish","4":"has-post-thumbnail","6":"product_cat-destacado","7":"product_cat-sistema-operativo","8":"product_cat-sistema-operativo-windows-10","9":"product_cat-todos-los-productos","11":"first","12":"instock","13":"sale","14":"virtual","15":"taxable","16":"purchasable","17":"product-type-simple"},"jetpack_sharing_enabled":true,"_links":{"self":[{"href":"https:\/\/allgoodkeys.com\/es\/wp-json\/wp\/v2\/product\/22899","targetHints":{"allow":["GET"]}}],"collection":[{"href":"https:\/\/allgoodkeys.com\/es\/wp-json\/wp\/v2\/product"}],"about":[{"href":"https:\/\/allgoodkeys.com\/es\/wp-json\/wp\/v2\/types\/product"}],"replies":[{"embeddable":true,"href":"https:\/\/allgoodkeys.com\/es\/wp-json\/wp\/v2\/comments?post=22899"}],"wp:featuredmedia":[{"embeddable":true,"href":"https:\/\/allgoodkeys.com\/es\/wp-json\/wp\/v2\/media\/22900"}],"wp:attachment":[{"href":"https:\/\/allgoodkeys.com\/es\/wp-json\/wp\/v2\/media?parent=22899"}],"wp:term":[{"taxonomy":"product_brand","embeddable":true,"href":"https:\/\/allgoodkeys.com\/es\/wp-json\/wp\/v2\/product_brand?post=22899"},{"taxonomy":"product_cat","embeddable":true,"href":"https:\/\/allgoodkeys.com\/es\/wp-json\/wp\/v2\/product_cat?post=22899"},{"taxonomy":"product_tag","embeddable":true,"href":"https:\/\/allgoodkeys.com\/es\/wp-json\/wp\/v2\/product_tag?post=22899"},{"taxonomy":"woo-feed-brand","embeddable":true,"href":"https:\/\/allgoodkeys.com\/es\/wp-json\/wp\/v2\/woo-feed-brand?post=22899"}],"curies":[{"name":"wp","href":"https:\/\/api.w.org\/{rel}","templated":true}]}}