{"id":22888,"date":"2022-04-21T15:12:09","date_gmt":"2022-04-21T15:12:09","guid":{"rendered":"https:\/\/allgoodkeys.com\/product\/visual-studio-2022-professional-clave-de-activacion-pc\/"},"modified":"2025-02-07T18:04:13","modified_gmt":"2025-02-07T18:04:13","slug":"visual-studio-2022-professional","status":"publish","type":"product","link":"https:\/\/allgoodkeys.com\/es\/producto\/visual-studio-2022-professional\/","title":{"rendered":"Visual Studio 2022 Professional \u2013 LICENCIA DE MICROSOFT"},"content":{"rendered":"<div class=\"description-container__content\">\n<div class=\"indexes__StyledProductDescription-sc-1vts47h-120 kIwkcy\" data-locator=\"product-description\">\n<blockquote><p><strong>\u00a1Compra la Licencia Visual Studio 2022 Professional en All Good Keys y activa tu entorno de desarrollo ahora mismo! Con nosotros, obtienes licencias 100% genuinas, con pagos seguros, entrega inmediata y garant\u00eda de reembolso completo. Disfruta de todos los beneficios de nuestra tienda, \u00a1incluyendo soporte t\u00e9cnico gratuito!<\/strong><\/p>\n<p>&nbsp;<\/p><\/blockquote>\n<h4>Visual Studio 2022 Professional de Microsoft:<\/h4>\n<p><strong>Visual Studio 2022 Professional<\/strong>\u00a0es un completo entorno <strong>de desarrollo integrado (IDE)<\/strong> dise\u00f1ado para ayudar a los desarrolladores de software a crear aplicaciones para una variedad de plataformas, como escritorio, web, m\u00f3vil y la nube. Una de las principales caracter\u00edsticas de Visual Studio es <strong>el soporte para varios lenguajes de programaci\u00f3n<\/strong>, incluyendo C++, C#, Visual Basic, F#, Python, JavaScript, TypeScript, CSS, HTML, XML y otros. Adem\u00e1s, Visual Studio ofrece una amplia gama <strong>de herramientas avanzadas de depuraci\u00f3n<\/strong>, incluyendo el depurador inmediato, el punto de traza y el depurador de <strong>inteligencia artificial (IA)<\/strong>, que ayudan a los desarrolladores a resolver problemas de c\u00f3digo de manera m\u00e1s eficiente. La funci\u00f3n de inteligencia artificial de Visual Studio es especialmente \u00fatil para mejorar la productividad del desarrollador. De hecho, esta funci\u00f3n proporciona sugerencias de c\u00f3digo, completado autom\u00e1tico de c\u00f3digo y correcci\u00f3n autom\u00e1tica de errores, lo que permite escribir c\u00f3digo m\u00e1s r\u00e1pido y con menos errores.<\/p>\n<p>Adem\u00e1s, Visual Studio es un entorno de desarrollo integrado completo que incluye<strong> editores de c\u00f3digo<\/strong>, <strong>herramientas de depuraci\u00f3n<\/strong>,<strong> pruebas autom\u00e1ticas<\/strong>, <strong>compilaci\u00f3n, control de versiones<\/strong>, <strong>perfilado<\/strong> y otras herramientas para simplificar el proceso de desarrollo. Esto hace que Visual Studio <strong>sea un entorno de desarrollo muy conveniente y eficiente<\/strong>. Visual Studio tambi\u00e9n<strong> soporta la colaboraci\u00f3n entre equipos de desarrollo<\/strong> con herramientas como el control de versiones Git y la integraci\u00f3n con Azure DevOps para el seguimiento de tareas, gesti\u00f3n de problemas y m\u00e1s. Esto hace que Visual Studio sea una herramienta ideal para desarrollar software en equipo. Finalmente, Visual Studio<strong> soporta el desarrollo de aplicaciones para diferentes plataformas<\/strong>, incluyendo Windows, Linux, macOS, Android e iOS. Esto lo convierte en una herramienta de desarrollo muy vers\u00e1til adecuada para desarrollar una amplia gama de aplicaciones.<\/p>\n<p><strong>Compra Visual Studio 2022<\/strong> <strong>Professional\u00a0ahora en All Good Keys y ahorra dinero.<\/strong><\/p>\n<\/div>\n<\/div>\n<p>&nbsp;<\/p>\n<h4>La descarga de Visual Studio 2022 Professional es muy f\u00e1cil con All Good Keys<\/h4>\n<p>Gracias a All Good Keys, puedes <strong>descargar Microsoft Visual Studio 2022 Professional inmediatamente despu\u00e9s de la compra<\/strong>. Al completar <strong>la transacci\u00f3n segura<\/strong>, manejada a trav\u00e9s de plataformas de pago seguras y confiables (PayPal, Stripe, tarjetas de cr\u00e9dito\/d\u00e9bito), recibes todo lo que necesitas para proceder. De esta manera, har\u00e1s la descarga de Microsoft Visual Studio 2022 Professional en cuesti\u00f3n de segundos.<\/p>\n<p>&nbsp;<\/p>\n<h4>Instala Visual Studio 2022 Professional muy r\u00e1pidamente<\/h4>\n<p>No esperes innecesariamente: instala Visual Studio 2022 Professional inmediatamente despu\u00e9s de la descarga. Solo sigue <strong>las instrucciones paso a paso<\/strong> adjuntas a tu resumen de pedido por correo electr\u00f3nico para proceder. Si tienes alguna duda, problema o pregunta, nuestro <a href=\"https:\/\/allgoodkeys.com\/es\/contactenos\/\" target=\"_blank\" rel=\"noopener\"><strong>Soporte T\u00e9cnico<\/strong><\/a> est\u00e1 siempre a tu disposici\u00f3n, <strong>de forma gratuita<\/strong>.<\/p>\n<p>&nbsp;<\/p>\n<h4>Activa Visual Studio 2022 Professional en tiempo real<\/h4>\n<p>Activa <strong>Microsoft Visual Studio 2022 Professional<\/strong>\u00a0de inmediato, sin ning\u00fan paso adicional innecesario. Esta es la ventaja de All Good keys. En el mismo correo electr\u00f3nico de resumen, encuentras <strong>tu clave de activaci\u00f3n 100% genuina y garantizada<\/strong>, que te da derecho a una licencia original y v\u00e1lida de Microsoft. \u00a1Compra con tranquilidad en nuestra tienda, sabiendo que cada compra est\u00e1 siempre cubierta por <strong>nuestra garant\u00eda de devoluci\u00f3n de dinero<\/strong> para tu tranquilidad!<\/p>\n<p>&nbsp;<\/p>\n<h4>Agiliza tu flujo de trabajo de desarrollo con Microsoft Visual Studio 2022\u00a0<strong>Professional<\/strong><\/h4>\n<p>Las avanzadas herramientas de IDE ofrecidas por Microsoft Visual Studio 2022 Professional te permiten agilizar <strong>tu flujo de trabajo<\/strong>, desde el desarrollo hasta la verificaci\u00f3n de c\u00f3digo y el intercambio de proyectos con los miembros de tu equipo. Y si eliges Microsoft Visual Studio 2022 Professional de All Good keys, <strong>obtienes importantes beneficios.<\/strong><\/p>\n<p>&nbsp;<\/p>\n<h4>Requisitos del sistema de Visual Studio Professional 2022<\/h4>\n<ul>\n<li><strong>Sistema operativo:<\/strong> Windows 10 versi\u00f3n 1809 o posterior: Home, Professional, Education y Enterprise (las versiones LTSC y S no son compatibles)<\/li>\n<li><strong>Procesador:<\/strong> 64 bits con una frecuencia m\u00ednima de reloj de 2.0 GHz<\/li>\n<li><strong>RAM:<\/strong> 4 GB de RAM (se recomiendan 8 GB)<\/li>\n<li><strong>Espacio en disco duro:<\/strong> al menos 32 GB de espacio libre<\/li>\n<li><strong>Tarjeta gr\u00e1fica:<\/strong> Soporte DirectX 11 o versi\u00f3n posterior<\/li>\n<li><strong>Conexi\u00f3n a Internet:<\/strong> necesaria para instalar y actualizar Visual Studio<\/li>\n<\/ul>\n<p>&nbsp;<\/p>\n<p>&nbsp;<\/p>\n<h3>\u00bfEres un revendedor?<\/h3>\n<p>Si es as\u00ed, cont\u00e1ctanos por correo electr\u00f3nico a\u00a0<a href=\"https:\/\/allgoodkeys.com\/es\/contactenos\/\" target=\"_blank\" rel=\"noopener\"><strong>Support@allgoodkeys.com<\/strong><\/a>\u00a0y te proporcionaremos una oferta personalizada y una lista de precios. \u00a1Trabajemos juntos para satisfacer tus necesidades y las de tus clientes!<\/p>\n<h3>\u00bfInteresado en afiliarte?<\/h3>\n<p>\u00danete a nuestro programa de afiliados y comienza a ganar comisiones promocionando nuestros productos digitales. Con un enlace de seguimiento \u00fanico, podr\u00e1s monetizar tu plataforma y ofrecer valiosos productos a tu audiencia. \u00a1Reg\u00edstrate hoy mismo y descubre todas las oportunidades que tenemos para ti!\u00a0<a href=\"https:\/\/allgoodkeys.com\/es\/afiliarse\/\" target=\"_blank\" rel=\"noopener\"><strong>Visita nuestra p\u00e1gina del programa de afiliados para obtener m\u00e1s informaci\u00f3n.<\/strong><\/a><\/p>\n<p>&nbsp;<\/p>\n<h3>Descubre m\u00e1s productos<\/h3>\n<p><strong><a title=\"Comprar e instalar sistemas operativos Windows\" href=\"https:\/\/allgoodkeys.com\/es\/categoria-producto\/sistema-operativo\/\" target=\"_blank\" rel=\"noopener\">Sistemas operativos Windows<\/a>:\u00a0<a title=\"Comprar e instalar la licencia original de Microsoft Windows 11\" href=\"https:\/\/allgoodkeys.com\/es\/categoria-producto\/sistema-operativo-windows-11\/\" target=\"_blank\" rel=\"noopener\">Windows 11<\/a>\u00a0\u2013\u00a0<a title=\"Comprar e instalar Windows 10 Microsoft Original\" href=\"https:\/\/allgoodkeys.com\/es\/categoria-producto\/sistema-operativo-windows-10\/\" target=\"_blank\" rel=\"noopener\">Windows 10<\/a>\u00a0\u2013\u00a0<a title=\"Comprar e instalar Windows 8 Microsoft Original\" href=\"https:\/\/allgoodkeys.com\/es\/producto\/licencia-windows-8-professional\/\" target=\"_blank\" rel=\"noopener\">Windows 8<\/a><\/strong><br \/>\n<strong><a title=\"Comprar e instalar licencias originales de Microsoft Office Suites\" href=\"https:\/\/allgoodkeys.com\/es\/categoria-producto\/microsoft-office\/\" target=\"_blank\" rel=\"noopener\">Suites de Microsoft Office<\/a>:\u00a0<a href=\"https:\/\/allgoodkeys.com\/es\/categoria-producto\/microsoft-office-2021-es\/\" target=\"_blank\" rel=\"noopener\">Office 2021<\/a>\u00a0\u2013\u00a0<a title=\"Comprar e instalar la licencia original de Microsoft Office 2019\" href=\"https:\/\/allgoodkeys.com\/es\/categoria-producto\/microsoft-office-2019-es\/\" target=\"_blank\" rel=\"noopener\">Office 2019<\/a>\u00a0\u2013\u00a0<a title=\"Comprar e instalar la licencia original de Office 2016\" href=\"https:\/\/allgoodkeys.com\/es\/producto\/licencia-office-2016-professional-plus\/\" target=\"_blank\" rel=\"noopener\">Office 2016<\/a>\u00a0\u2013\u00a0<a title=\"Comprar e instalar Office para Mac Microsoft Original\" href=\"https:\/\/allgoodkeys.com\/es\/categoria-producto\/office-para-mac\/\" target=\"_blank\" rel=\"noopener\">Office para Mac<\/a><\/strong><br \/>\n<strong><a title=\"Comprar e instalar el mejor antivirus\" href=\"https:\/\/allgoodkeys.com\/es\/categoria-producto\/antivirus-y-seguridad\/\" target=\"_blank\" rel=\"noopener\">Antivirus<\/a>:\u00a0<a title=\"Comprar e instalar el antivirus original de Kaspersky\" href=\"https:\/\/allgoodkeys.com\/es\/categoria-producto\/kaspersky-es\/\" target=\"_blank\" rel=\"noopener\">Kaspersky<\/a>\u00a0\u2013\u00a0<a title=\"Comprar e instalar el antivirus original de ESET\" href=\"https:\/\/allgoodkeys.com\/es\/categoria-producto\/eset-es\/\" target=\"_blank\" rel=\"noopener\">ESET<\/a>\u00a0\u2013\u00a0<a title=\"Comprar e instalar el Avast Antivirus original\" href=\"http:\/\/allgoodkeys.com\/product-category\/avast\/\" target=\"_blank\" rel=\"noopener\">Avast<\/a>\u00a0\u2013\u00a0<a href=\"http:\/\/allgoodkeys.com\/product-category\/avg\/\" target=\"_blank\" rel=\"noopener\">AVG<\/a><\/strong><\/p>\n<div class=\"description-container__content\">\n<p>&nbsp;<\/p>\n<\/div>\n","protected":false},"excerpt":{"rendered":"<p>[icon name=\"circle-check\" prefix=\"fas\"]\u00a0 DESCARGA DIGITAL INSTANT\u00c1NEA<\/p>\n<p>[icon name=\"circle-check\" prefix=\"fas\"]\u00a0 SOPORTE DE POR VIDA<\/p>\n<p><a href=\"https:\/\/allgoodkeys.com\/es\/garantia-de-trusted-shops\/\" target=\"_blank\" rel=\"noopener\"><img decoding=\"async\" class=\"alignnone wp-image-48998\" src=\"https:\/\/allgoodkeys.com\/wp-content\/uploads\/2021\/02\/trusted-shops-es.png\" alt=\"\" width=\"195\" height=\"55\" srcset=\"https:\/\/allgoodkeys.com\/wp-content\/uploads\/2021\/02\/trusted-shops-es.png 396w, https:\/\/allgoodkeys.com\/wp-content\/uploads\/2021\/02\/trusted-shops-es-300x85.png 300w, https:\/\/allgoodkeys.com\/wp-content\/uploads\/2021\/02\/trusted-shops-es-250x71.png 250w\" sizes=\"(max-width: 195px) 100vw, 195px\" \/><\/a><\/p>\n","protected":false},"featured_media":22889,"comment_status":"open","ping_status":"closed","template":"","meta":[],"product_brand":[],"product_cat":[375,374,545,379,371],"product_tag":[],"woo-feed-brand":[],"class_list":{"0":"post-22888","1":"product","2":"type-product","3":"status-publish","4":"has-post-thumbnail","6":"product_cat-productos-de-oficina","7":"product_cat-microsoft-office-2019-es","8":"product_cat-nuevo","9":"product_cat-suites-de-oficina","10":"product_cat-todos-los-productos","12":"first","13":"instock","14":"sale","15":"virtual","16":"taxable","17":"purchasable","18":"product-type-simple"},"jetpack_sharing_enabled":true,"_links":{"self":[{"href":"https:\/\/allgoodkeys.com\/es\/wp-json\/wp\/v2\/product\/22888","targetHints":{"allow":["GET"]}}],"collection":[{"href":"https:\/\/allgoodkeys.com\/es\/wp-json\/wp\/v2\/product"}],"about":[{"href":"https:\/\/allgoodkeys.com\/es\/wp-json\/wp\/v2\/types\/product"}],"replies":[{"embeddable":true,"href":"https:\/\/allgoodkeys.com\/es\/wp-json\/wp\/v2\/comments?post=22888"}],"wp:featuredmedia":[{"embeddable":true,"href":"https:\/\/allgoodkeys.com\/es\/wp-json\/wp\/v2\/media\/22889"}],"wp:attachment":[{"href":"https:\/\/allgoodkeys.com\/es\/wp-json\/wp\/v2\/media?parent=22888"}],"wp:term":[{"taxonomy":"product_brand","embeddable":true,"href":"https:\/\/allgoodkeys.com\/es\/wp-json\/wp\/v2\/product_brand?post=22888"},{"taxonomy":"product_cat","embeddable":true,"href":"https:\/\/allgoodkeys.com\/es\/wp-json\/wp\/v2\/product_cat?post=22888"},{"taxonomy":"product_tag","embeddable":true,"href":"https:\/\/allgoodkeys.com\/es\/wp-json\/wp\/v2\/product_tag?post=22888"},{"taxonomy":"woo-feed-brand","embeddable":true,"href":"https:\/\/allgoodkeys.com\/es\/wp-json\/wp\/v2\/woo-feed-brand?post=22888"}],"curies":[{"name":"wp","href":"https:\/\/api.w.org\/{rel}","templated":true}]}}