{"id":22885,"date":"2022-03-02T11:09:17","date_gmt":"2022-03-02T11:09:17","guid":{"rendered":"https:\/\/allgoodkeys.com\/product\/windows-server-2019-remote-desktop-servicios-certificado-de-50-cals-de-usuario\/"},"modified":"2025-02-07T18:04:14","modified_gmt":"2025-02-07T18:04:14","slug":"windows-server-2019-rds-50-user-cal","status":"publish","type":"product","link":"https:\/\/allgoodkeys.com\/es\/producto\/windows-server-2019-rds-50-user-cal\/","title":{"rendered":"Windows Server 2019 RDS &#8211; 50 CAL DE USUARIO"},"content":{"rendered":"<blockquote><p><strong>\u00a1Compra Windows Server 2019 RDS CAL DE USUARIO para tu empresa al mejor precio!<\/strong><\/p><\/blockquote>\n<p>&nbsp;<\/p>\n<p>\u00bfTe gustar\u00eda comprar Windows Server 2019 RDS USER CAL a un precio competitivo para tu empresa? All Good Keys tiene en su cat\u00e1logo varios paquetes de licencias RDS USER CAL para Windows Server 2019 para cualquier requerimiento. Si tu empresa necesita proporcionar servicios de escritorio remoto a tus clientes y personal, puedes comprar, por ejemplo, las CAL de usuario RDS USER CAL de Windows Server 2019 y recibirlas de inmediato por correo electr\u00f3nico. Adem\u00e1s, solo con All Good Keys, puedes ahorrar hasta un <strong>70% en el precio de lista<\/strong> para tus productos digitales premium, con la ventaja de no tener que esperar para activarlos.<\/p>\n<p>&nbsp;<\/p>\n<h4>\u00bfQu\u00e9 hace una RDS USER CAL para Windows Server 2019?<\/h4>\n<p>Los sistemas de servidor, como <strong>Windows Server 2019<\/strong>, incluyen un servicio conocido como RDS, que significa <strong>Servicio de Escritorio Remoto<\/strong>. Como su nombre indica, estos son servicios de escritorio remoto que permiten a los usuarios conectados a Internet o <strong>a la red corporativa acceder de forma remota a los recursos locales<\/strong> de un escritorio, alojados en el servidor, tal como si estuvieran f\u00edsicamente presentes.<\/p>\n<p><strong>Las licencias RDS USER CAL<\/strong> autorizan a usuarios espec\u00edficos a acceder a <strong>recursos remotos mediante<\/strong> el uso de un nombre de usuario y contrase\u00f1a. Puede ser tu equipo interno de TI, que necesita acceder a un escritorio remoto por diversas razones (mantenimiento, soporte, recuperaci\u00f3n de datos), o tus clientes que acceden a un servicio basado en RDS (soporte remoto, etc.). Es por eso que es fundamental tener un sistema de <strong>control de acceso en su lugar<\/strong>: las CAL tambi\u00e9n est\u00e1n configuradas para garantizar que solo los usuarios o dispositivos autorizados puedan acceder a los recursos del servidor.<\/p>\n<p>&nbsp;<\/p>\n<h4>\u00bfQuieres autorizar dispositivos individuales? Compra Windows Server 2019 RDS DEVICE CAL<\/h4>\n<p>All Good Keys ofrece paquetes de licencias<strong> USER CAL<\/strong> y <a href=\"https:\/\/allgoodkeys.com\/es\/producto\/windows-server-2019-rds-50-cal-de-dispositivo\/\" target=\"_blank\" rel=\"noopener\"><strong>DEVICE CAL<\/strong><\/a> en denominaciones de <strong>50 unidades<\/strong>, con la posibilidad de activar solo las licencias necesarias, sin l\u00edmites de tiempo, lo cual es otra ventaja notable de nuestra tienda digital.<\/p>\n<p>&nbsp;<\/p>\n<h4>Activa tus licencias de Windows Server 2019 RDS USER CAL en formato digital ahora<\/h4>\n<p>Nuestra tienda te ofrece una experiencia de compra impecable: compra tu producto y paga a trav\u00e9s <strong>de m\u00e9todos de pago seguros y rastreables<\/strong> , y recibir\u00e1s de inmediato<strong> tu licencia digital directamente en tu bandeja de entrada<\/strong>. A lo largo de este proceso, los tiempos de espera se minimizan y la activaci\u00f3n se vuelve inmediata. Nuestro sistema de entrega digital es r\u00e1pido: tan pronto como se confirme el pago seguro, se enviar\u00e1 un mensaje de resumen a tu correo electr\u00f3nico que contiene todo lo que necesitas: tu paquete de licencias de Windows Server 2019 RDS USER CAL , instrucciones claras y precisas sobre c\u00f3mo activarlas y distribuirlas, acceso a <a href=\"https:\/\/allgoodkeys.com\/es\/contactenos\/\" target=\"_blank\" rel=\"noopener\"><strong>nuestro soporte al cliente gratuito<\/strong><\/a>.<\/p>\n<p>Hemos establecido un sistema que siempre puede garantizarte una compra agradable y r\u00e1pida con <strong>una garant\u00eda de devoluci\u00f3n del dinero completa<\/strong>. \u00a1Compra de forma segura en All Good Keys, ahorra en el precio est\u00e1ndar y activa tus licencias de inmediato!<\/p>\n<p>&nbsp;<\/p>\n<h4>El mundo digital est\u00e1 m\u00e1s cerca de ti con All Good Keys:<\/h4>\n<p>Hemos cre\u00eddo firmemente en las ventajas de la entrega digital desde la fundaci\u00f3n de <strong>All Good Keys<\/strong>. Desde el primer d\u00eda, hemos satisfecho a nuestros clientes y proporcionado un servicio digital profesional, autorizado y confiable. Eso se debe principalmente a que nuestra tienda se centra en tres pilares: <strong>simplicidad<\/strong>, <strong>velocidad<\/strong> y <strong>seguridad<\/strong>. Es la \u00fanica tienda donde puedes comprar productos y activarlos en cuesti\u00f3n de segundos, con la m\u00e1xima seguridad garantizada.<\/p>\n<p>Nuestros expertos est\u00e1n siempre buscando <strong>las mejores licencias digitales<\/strong>. Todos los principales productos del cat\u00e1logo de Microsoft est\u00e1n disponibles en All Good Keys: <strong>sistemas operativos Windows<\/strong>, incluida la \u00faltima incorporaci\u00f3n <strong>Windows 11 Professional,<\/strong> suites de productividad de Office como <a href=\"https:\/\/allgoodkeys.com\/es\/producto\/licencia-office-2021-professional-plus-pc\/\" target=\"_blank\" rel=\"noopener\"><strong>Office 2021 Professional<\/strong><\/a> y <a href=\"https:\/\/allgoodkeys.com\/es\/producto\/office-hogar-y-empresas-2021\/\" target=\"_blank\" rel=\"noopener\"><strong>Office 2021 Home &amp; Business para Mac<\/strong><\/a>, <a href=\"https:\/\/allgoodkeys.com\/es\/categoria-producto\/servidores-windows\/\" target=\"_blank\" rel=\"noopener\"><strong>productos de servidor de Microsoft<\/strong><\/a> como <a href=\"https:\/\/allgoodkeys.com\/es\/producto\/sql-server-2019-standard\/\" target=\"_blank\" rel=\"noopener\"><strong>SQL Server 2019<\/strong><\/a>, <a href=\"https:\/\/allgoodkeys.com\/es\/producto\/licencia-windows-server-2019-standard\/\" target=\"_blank\" rel=\"noopener\"><strong>Windows Server 2019<\/strong><\/a>, todas las licencias relacionadas con <strong>USER CAL<\/strong> y <a href=\"https:\/\/allgoodkeys.com\/es\/producto\/windows-server-2019-rds-50-cal-de-dispositivo\/\" target=\"_blank\" rel=\"noopener\"><strong>DEVICE CAL<\/strong><\/a>.<\/p>\n<p>&nbsp;<\/p>\n<p>Elige All Good Keys como proveedor para tu empresa, ahorra hasta un 70% en comparaci\u00f3n con las tiendas oficiales o revendedores de terceros, y siempre obt\u00e9n licencias 100% originales y garantizadas. Puedes comprar de nosotros con la m\u00e1xima seguridad, sabiendo que siempre tienes un equipo de expertos listos para responder cualquier pregunta, aclarar cualquier duda y resolver cualquier problema. All Good Keys ha sido tu tienda \u00fanica para el mundo digital!<\/p>\n<p>&nbsp;<\/p>\n<h4>Implementar Windows Server 2019 RDS USER CAL y protege el medio ambiente:<\/h4>\n<div class=\"flex-1 overflow-hidden\">\n<div class=\"react-scroll-to-bottom--css-szene-79elbk h-full\">\n<div class=\"react-scroll-to-bottom--css-szene-1n7m0yu\">\n<div class=\"flex flex-col text-sm pb-9\">\n<div class=\"w-full text-token-text-primary\" data-testid=\"conversation-turn-775\">\n<div class=\"px-4 py-2 justify-center text-base md:gap-6 m-auto\">\n<div class=\"flex flex-1 text-base mx-auto gap-3 md:px-5 lg:px-1 xl:px-5 md:max-w-3xl lg:max-w-[40rem] xl:max-w-[48rem] group final-completion\">\n<div class=\"relative flex w-full flex-col agent-turn\">\n<div class=\"flex-col gap-1 md:gap-3\">\n<div class=\"flex flex-grow flex-col max-w-full\">\n<div class=\"min-h-[20px] text-message flex flex-col items-start gap-3 whitespace-pre-wrap break-words [.text-message+&amp;]:mt-5 overflow-x-auto\" data-message-author-role=\"assistant\" data-message-id=\"d9a8a37c-4203-4c58-9de0-2dbeaec28d5f\">\n<div class=\"markdown prose w-full break-words dark:prose-invert light\">\n<p>Para empresas din\u00e1micas como la tuya, el ahorro de tiempo y dinero al acceder al mejor software profesional del mercado con la capacidad de estar operativo en segundos desde la compra son valores irremplazables, y nosotros en All Good Keys tambi\u00e9n lo<\/p>\n<p>&nbsp;<\/p>\n<\/div>\n<\/div>\n<h3>\u00bfEres un revendedor?<\/h3>\n<p>Si es as\u00ed, cont\u00e1ctanos por correo electr\u00f3nico a\u00a0<a href=\"https:\/\/allgoodkeys.com\/es\/contactenos\/\" target=\"_blank\" rel=\"noopener\"><strong>Support@allgoodkeys.com<\/strong><\/a>\u00a0y te proporcionaremos una oferta personalizada y una lista de precios. \u00a1Trabajemos juntos para satisfacer tus necesidades y las de tus clientes!<\/p>\n<h3>\u00bfInteresado en afiliarte?<\/h3>\n<p>\u00danete a nuestro programa de afiliados y comienza a ganar comisiones promocionando nuestros productos digitales. Con un enlace de seguimiento \u00fanico, podr\u00e1s monetizar tu plataforma y ofrecer valiosos productos a tu audiencia. \u00a1Reg\u00edstrate hoy mismo y descubre todas las oportunidades que tenemos para ti!\u00a0<a href=\"https:\/\/allgoodkeys.com\/es\/afiliarse\/\" target=\"_blank\" rel=\"noopener\"><strong>Visita nuestra p\u00e1gina del programa de afiliados para obtener m\u00e1s informaci\u00f3n.<\/strong><\/a><\/p>\n<p>&nbsp;<\/p>\n<h3>Descubre m\u00e1s productos<\/h3>\n<p><strong><a title=\"Comprar e instalar sistemas operativos Windows\" href=\"https:\/\/allgoodkeys.com\/es\/categoria-producto\/sistema-operativo\/\" target=\"_blank\" rel=\"noopener\">Sistemas operativos Windows<\/a>:\u00a0<a title=\"Comprar e instalar la licencia original de Microsoft Windows 11\" href=\"https:\/\/allgoodkeys.com\/es\/categoria-producto\/sistema-operativo-windows-11\/\" target=\"_blank\" rel=\"noopener\">Windows 11<\/a>\u00a0\u2013\u00a0<a title=\"Comprar e instalar Windows 10 Microsoft Original\" href=\"https:\/\/allgoodkeys.com\/es\/categoria-producto\/sistema-operativo-windows-10\/\" target=\"_blank\" rel=\"noopener\">Windows 10<\/a>\u00a0\u2013\u00a0<a title=\"Comprar e instalar Windows 8 Microsoft Original\" href=\"https:\/\/allgoodkeys.com\/es\/producto\/licencia-windows-8-professional\/\" target=\"_blank\" rel=\"noopener\">Windows 8<\/a><\/strong><br \/>\n<strong><a title=\"Comprar e instalar licencias originales de Microsoft Office Suites\" href=\"https:\/\/allgoodkeys.com\/es\/categoria-producto\/microsoft-office\/\" target=\"_blank\" rel=\"noopener\">Suites de Microsoft Office<\/a>:\u00a0<a href=\"https:\/\/allgoodkeys.com\/es\/categoria-producto\/microsoft-office-2021-es\/\" target=\"_blank\" rel=\"noopener\">Office 2021<\/a>\u00a0\u2013\u00a0<a title=\"Comprar e instalar la licencia original de Microsoft Office 2019\" href=\"https:\/\/allgoodkeys.com\/es\/categoria-producto\/microsoft-office-2019-es\/\" target=\"_blank\" rel=\"noopener\">Office 2019<\/a>\u00a0\u2013\u00a0<a title=\"Comprar e instalar la licencia original de Office 2016\" href=\"https:\/\/allgoodkeys.com\/es\/producto\/licencia-office-2016-professional-plus\/\" target=\"_blank\" rel=\"noopener\">Office 2016<\/a>\u00a0\u2013\u00a0<a title=\"Comprar e instalar Office para Mac Microsoft Original\" href=\"https:\/\/allgoodkeys.com\/es\/categoria-producto\/office-para-mac\/\" target=\"_blank\" rel=\"noopener\">Office para Mac<\/a><\/strong><br \/>\n<strong><a title=\"Comprar e instalar el mejor antivirus\" href=\"https:\/\/allgoodkeys.com\/es\/categoria-producto\/antivirus-y-seguridad\/\" target=\"_blank\" rel=\"noopener\">Antivirus<\/a>:\u00a0<a title=\"Comprar e instalar el antivirus original de Kaspersky\" href=\"https:\/\/allgoodkeys.com\/es\/categoria-producto\/kaspersky-es\/\" target=\"_blank\" rel=\"noopener\">Kaspersky<\/a>\u00a0\u2013\u00a0<a title=\"Comprar e instalar el antivirus original de ESET\" href=\"https:\/\/allgoodkeys.com\/es\/categoria-producto\/eset-es\/\" target=\"_blank\" rel=\"noopener\">ESET<\/a>\u00a0\u2013\u00a0<a title=\"Comprar e instalar el Avast Antivirus original\" href=\"https:\/\/allgoodkeys.com\/es\/categoria-producto\/avast\/\" target=\"_blank\" rel=\"noopener\">Avast<\/a>\u00a0\u2013\u00a0<a href=\"https:\/\/allgoodkeys.com\/es\/categoria-producto\/avg\/\" target=\"_blank\" rel=\"noopener\">AVG<\/a><\/strong><\/p>\n<\/div>\n<\/div>\n<\/div>\n<\/div>\n<\/div>\n<\/div>\n<\/div>\n<\/div>\n<\/div>\n<\/div>\n","protected":false},"excerpt":{"rendered":"<p>[icon name=\"circle-check\" prefix=\"fas\"]\u00a0 DESCARGA DIGITAL INSTANT\u00c1NEA<\/p>\n<p>[icon name=\"circle-check\" prefix=\"fas\"]\u00a0 SOPORTE DE POR VIDA<\/p>\n<p><a href=\"https:\/\/allgoodkeys.com\/es\/garantia-de-trusted-shops\/\" target=\"_blank\" rel=\"noopener\"><img decoding=\"async\" class=\"alignnone wp-image-48998\" src=\"http:\/\/allgoodkeys.com\/wp-content\/uploads\/2021\/02\/trusted-shops-es.png\" alt=\"\" width=\"195\" height=\"55\" srcset=\"https:\/\/allgoodkeys.com\/wp-content\/uploads\/2021\/02\/trusted-shops-es.png 396w, https:\/\/allgoodkeys.com\/wp-content\/uploads\/2021\/02\/trusted-shops-es-300x85.png 300w, https:\/\/allgoodkeys.com\/wp-content\/uploads\/2021\/02\/trusted-shops-es-250x71.png 250w\" sizes=\"(max-width: 195px) 100vw, 195px\" \/><\/a><\/p>\n","protected":false},"featured_media":61209,"comment_status":"open","ping_status":"closed","template":"","meta":[],"product_brand":[],"product_cat":[378,371],"product_tag":[],"woo-feed-brand":[],"class_list":{"0":"post-22885","1":"product","2":"type-product","3":"status-publish","4":"has-post-thumbnail","6":"product_cat-servidores-windows","7":"product_cat-todos-los-productos","9":"first","10":"instock","11":"virtual","12":"taxable","13":"purchasable","14":"product-type-simple"},"jetpack_sharing_enabled":true,"_links":{"self":[{"href":"https:\/\/allgoodkeys.com\/es\/wp-json\/wp\/v2\/product\/22885","targetHints":{"allow":["GET"]}}],"collection":[{"href":"https:\/\/allgoodkeys.com\/es\/wp-json\/wp\/v2\/product"}],"about":[{"href":"https:\/\/allgoodkeys.com\/es\/wp-json\/wp\/v2\/types\/product"}],"replies":[{"embeddable":true,"href":"https:\/\/allgoodkeys.com\/es\/wp-json\/wp\/v2\/comments?post=22885"}],"wp:featuredmedia":[{"embeddable":true,"href":"https:\/\/allgoodkeys.com\/es\/wp-json\/wp\/v2\/media\/61209"}],"wp:attachment":[{"href":"https:\/\/allgoodkeys.com\/es\/wp-json\/wp\/v2\/media?parent=22885"}],"wp:term":[{"taxonomy":"product_brand","embeddable":true,"href":"https:\/\/allgoodkeys.com\/es\/wp-json\/wp\/v2\/product_brand?post=22885"},{"taxonomy":"product_cat","embeddable":true,"href":"https:\/\/allgoodkeys.com\/es\/wp-json\/wp\/v2\/product_cat?post=22885"},{"taxonomy":"product_tag","embeddable":true,"href":"https:\/\/allgoodkeys.com\/es\/wp-json\/wp\/v2\/product_tag?post=22885"},{"taxonomy":"woo-feed-brand","embeddable":true,"href":"https:\/\/allgoodkeys.com\/es\/wp-json\/wp\/v2\/woo-feed-brand?post=22885"}],"curies":[{"name":"wp","href":"https:\/\/api.w.org\/{rel}","templated":true}]}}