{"id":22883,"date":"2022-03-02T11:08:12","date_gmt":"2022-03-02T11:08:12","guid":{"rendered":"https:\/\/allgoodkeys.com\/product\/windows-server-2019-servicios-de-escritorio-remoto-certificado-de-50-cals-de-dispositivos\/"},"modified":"2025-02-07T18:04:15","modified_gmt":"2025-02-07T18:04:15","slug":"windows-server-2019-rds-50-cal-de-dispositivo","status":"publish","type":"product","link":"https:\/\/allgoodkeys.com\/es\/producto\/windows-server-2019-rds-50-cal-de-dispositivo\/","title":{"rendered":"WINDOWS SERVER 2019 RDS \u2013 50 CAL DE DISPOSITIVO"},"content":{"rendered":"<blockquote><p>&nbsp;<\/p>\n<p><strong>\u00a1Compra ahora WINDOWS SERVER 2019 RDS \u2013 50 CAL DE DISPOSITIVO en el cat\u00e1logo de All Good Keys! Activa tus licencias digitales al mejor precio, con entrega r\u00e1pida por correo electr\u00f3nico. Disfruta de la garant\u00eda de devoluci\u00f3n de dinero completa y nuestro soporte t\u00e9cnico gratuito.<\/strong><\/p><\/blockquote>\n<p>&nbsp;<\/p>\n<h4>Adquiere WINDOWS SERVER 2019 RDS \u2013 50 CAL DE DISPOSITIVO\u00a0para tu negocio<\/h4>\n<p>\u00a1Completa tus servicios empresariales adquiriendo las licencias de WINDOWS SERVER 2019 RDS \u2013 50 CAL DE DISPOSITIVO disponibles en el cat\u00e1logo de All Good Keys a precios competitivos! Si tu empresa despliega una instancia de servidor <strong>Windows Server 2019<\/strong> que ejecuta el servicio RDS, puedes comprar paquetes de licencias de CAL de Dispositivo RDS en paquetes de 50 unidades a precios imbatibles. \u00a1Tu empresa merece solo lo mejor, y puedes confiar plenamente en All Good keys para el mejor software digital!<\/p>\n<p>&nbsp;<\/p>\n<h4>Implementa WINDOWS SERVER 2019 RDS \u2013 50 CAL DE DISPOSITIVO en formato digital<\/h4>\n<p>All Good Keys te ofrece una experiencia de cliente \u00fanica: \u00a1compra tus paquetes de CAL de Dispositivo RDS para Windows Server 2019 con <strong>total confianza<\/strong> , proporcionados por los mejores proveedores del mercado como PayPal, Stripe.. , siempre con <strong>garant\u00eda de devoluci\u00f3n de dinero<\/strong>. Recibe tus paquetes de CAL inmediatamente por correo electr\u00f3nico tras completar tu compra para implementar tus licencias de CAL de Dispositivo RDS de Windows Server 2019 muy r\u00e1pidamente!<\/p>\n<p>&nbsp;<\/p>\n<p>Gracias a All Good Keys, <strong>puedes eliminar el tiempo de inactividad<\/strong>. Nuestro <strong>servicio de entrega<\/strong> digital se activa de inmediato, una vez confirmado el pago, y lo que necesitas se env\u00eda por correo electr\u00f3nico para proceder de forma independiente: tus licencias, <strong>enlace de descarga oficial<\/strong> (donde corresponda), instrucciones completas y <strong>sencillas paso a paso<\/strong>, factura y acceso a nuestro <a href=\"https:\/\/allgoodkeys.com\/es\/contactenos\/\" target=\"_blank\" rel=\"noopener\"><strong>soporte t\u00e9cnico gratuito<\/strong><\/a> , que siempre te proporcionar\u00e1 asistencia para cualquier duda, pregunta o problema. \u00a1Es la ventaja digital de All Good Keys!<\/p>\n<p>&nbsp;<\/p>\n<h4>\u00bfQu\u00e9 es una licencia CAL de Dispositivo RDS?<\/h4>\n<p>Los software, como <strong>Windows Server 2019<\/strong>, incluyen un sistema espec\u00edfico, llamado Servicio de Escritorio Remoto o RDS, que permite a los usuarios remotos acceder a recursos locales en un escritorio, alojado por la instancia de servidor Windows Server, <strong>como si estuvieran f\u00edsicamente frente a la m\u00e1quina necesaria para la tarea<\/strong>. Por lo tanto, proporciona a los empleados la capacidad de acceder a recursos remotos a trav\u00e9s de Internet o LAN corporativa y ofrecer a los clientes servicios RDS por una tarifa, como soporte t\u00e9cnico remoto.<\/p>\n<p>Las licencias CAL de Dispositivo para RDS son licencias dise\u00f1adas para autorizar dispositivos \u00fanicos <strong>para acceder a recursos remotos para clientes<\/strong>. Cada licencia se activa en un solo dispositivo independientemente del n\u00famero de usuarios. Es diferente en el caso de las CAL de USUARIO, tambi\u00e9n disponibles para Windows Server 2019, que <strong>otorgan autorizaci\u00f3n a usuarios individuales<\/strong> con una combinaci\u00f3n de nombre de usuario y contrase\u00f1a.<\/p>\n<p><strong>\u00bfQuieres gestionar las autorizaciones de los usuarios?<\/strong> <strong>Compra CAL de Usuario para Windows Server 2019 RDS<\/strong><\/p>\n<p>All Good Keys ofrece paquetes de 50 licencias, que se pueden activar seg\u00fan sea necesario y sin l\u00edmites de tiempo. \u00a1Por eso All Good Keys es siempre el punto de referencia para el mundo digital, tanto para ti como para tu empresa!<\/p>\n<p>&nbsp;<\/p>\n<h4>All Good Keys El mundo digital al alcance de tu mano:<\/h4>\n<p>La entrega digital es ahora un modelo de distribuci\u00f3n muy establecido. Vemos menos cajas f\u00edsicas vendidas en tiendas y tiendas minoristas nacionales, mientras que aumenta el n\u00famero de tiendas oficiales y de terceros. Aunque no siempre fue as\u00ed , <strong>fuimos de los primeros en creer en la entrega digital<\/strong> para software premium. Reciprocamos la confianza de nuestros usuarios con una tienda profesional, r\u00e1pida y segura, con todas las garant\u00edas de calidad que una empresa seria y confiable como la nuestra puede ofrecer.<\/p>\n<p>Nuestro equipo de expertos trabaja constantemente para encontrar <strong>las mejores licencias digitales al precio m\u00e1s bajo<\/strong>. Nuestro sistema de entrega digital, siempre 100% original y garantizado, env\u00eda tus claves de producto a tu correo electr\u00f3nico en segundos desde la compra para tu m\u00e1xima satisfacci\u00f3n.<\/p>\n<p>Nuestro cat\u00e1logo te ofrece lo mejor del mundo digital, aqu\u00ed tienes una lista con algunos ejemplos: <strong>Sistemas Operativos de Microsoft<\/strong> como <a href=\"https:\/\/allgoodkeys.com\/es\/producto\/licencia-windows-11-professional\/\" target=\"_blank\" rel=\"noopener\"><strong>Windows 11 Professional<\/strong><\/a> o <a href=\"https:\/\/allgoodkeys.com\/es\/producto\/licencia-windows-10-professional\/\" target=\"_blank\" rel=\"noopener\"><strong>Windows 10 Professional<\/strong><\/a>, Suites de Office como <a href=\"https:\/\/allgoodkeys.com\/es\/producto\/licencia-office-2021-professional-plus-pc\/\" target=\"_blank\" rel=\"noopener\"><strong>Microsoft Office 2021 Professional<\/strong><\/a>, <a href=\"https:\/\/allgoodkeys.com\/es\/producto\/office-hogar-y-empresas-2021\/\" target=\"_blank\" rel=\"noopener\"><strong>Office 2021 Home &amp; Business para Mac<\/strong><\/a>, productos de <a href=\"https:\/\/allgoodkeys.com\/es\/categoria-producto\/servidores-windows\/\" target=\"_blank\" rel=\"noopener\"><strong>Windows Server<\/strong><\/a> como<a href=\"https:\/\/allgoodkeys.com\/es\/producto\/sql-server-2019-standard\/\" target=\"_blank\" rel=\"noopener\"> <strong>SQL Server 2019<\/strong><\/a>, <a href=\"https:\/\/allgoodkeys.com\/es\/producto\/licencia-windows-server-2019-standard\/\" target=\"_blank\" rel=\"noopener\"><strong>Windows Server 2019<\/strong><\/a> y las licencias relacionadas <a href=\"https:\/\/allgoodkeys.com\/es\/producto\/windows-server-2019-rds-50-user-cal\/\" target=\"_blank\" rel=\"noopener\"><strong>2019 CAL de Usuario<\/strong><\/a> y <a href=\"https:\/\/allgoodkeys.com\/es\/producto\/windows-server-2022-rds-50-cal-de-dispositivo\/\" target=\"_blank\" rel=\"noopener\"><strong>2022 CAL de Dispositivo<\/strong><\/a> . Con All Good Keys, puedes ahorrar <strong>hasta un 70% sobre el precio original<\/strong> en comparaci\u00f3n con las tiendas oficiales u otros cat\u00e1logos de terceros.<\/p>\n<p>&nbsp;<\/p>\n<h4>Implementa WINDOWS SERVER 2019 RDS \u2013 50 CAL DE DISPOSITIVO<\/h4>\n<p>Nuestro servicio digital se basa en tres pilares: <strong>simplicidad<\/strong>, <strong>velocidad<\/strong> y <strong>seguridad<\/strong>. Nuestra tienda garantiza m\u00e1xima velocidad, <strong>unos segundos pasan desde la compra hasta la entrega<\/strong>, con la mayor seguridad gracias a m\u00e9todos de pago seguros, todo en nombre de la simplicidad. La experiencia del usuario proporcionada por nuestro sistema de entrega digital es fluida, con un beneficio significativo en t\u00e9rminos de <strong>ahorro de dinero y tiempo<\/strong>.<\/p>\n<p>Adem\u00e1s, el dinero y el tiempo son los recursos m\u00e1s valiosos para tu negocio. En All Good Keys, somos conscientes de lo importante que es estar operativo sin perder tiempo, por lo tanto, nuestro modelo de entrega digital est\u00e1 configurado para activar de inmediato las licencias, convenientemente a trav\u00e9s del correo electr\u00f3nico, en cuesti\u00f3n de segundos desde la confirmaci\u00f3n del pago.<\/p>\n<p>&nbsp;<\/p>\n<h4>\u00bfEres un revendedor?<\/h4>\n<p>Si es as\u00ed, cont\u00e1ctanos por correo electr\u00f3nico a\u00a0<a href=\"https:\/\/allgoodkeys.com\/es\/contactenos\/\" target=\"_blank\" rel=\"noopener\"><strong>Support@allgoodkeys.com<\/strong><\/a>\u00a0y te proporcionaremos una oferta personalizada y una lista de precios. \u00a1Trabajemos juntos para satisfacer tus necesidades y las de tus clientes!<\/p>\n<h4>\u00bfInteresado en afiliarte?<\/h4>\n<p>\u00danete a nuestro programa de afiliados y comienza a ganar comisiones promocionando nuestros productos digitales. Con un enlace de seguimiento \u00fanico, podr\u00e1s monetizar tu plataforma y ofrecer valiosos productos a tu audiencia. \u00a1Reg\u00edstrate hoy mismo y descubre todas las oportunidades que tenemos para ti!\u00a0<a href=\"https:\/\/allgoodkeys.com\/es\/afiliarse\/\" target=\"_blank\" rel=\"noopener\"><strong>Visita nuestra p\u00e1gina del programa de afiliados para obtener m\u00e1s informaci\u00f3n.<\/strong><\/a><\/p>\n<p>&nbsp;<\/p>\n<h4>Descubre m\u00e1s productos<\/h4>\n<p><strong><a title=\"Comprar e instalar sistemas operativos Windows\" href=\"https:\/\/allgoodkeys.com\/es\/categoria-producto\/sistema-operativo\/\" target=\"_blank\" rel=\"noopener\">Sistemas operativos Windows<\/a>:\u00a0<a title=\"Comprar e instalar la licencia original de Microsoft Windows 11\" href=\"https:\/\/allgoodkeys.com\/es\/categoria-producto\/sistema-operativo-windows-11\/\" target=\"_blank\" rel=\"noopener\">Windows 11<\/a>\u00a0\u2013\u00a0<a title=\"Comprar e instalar Windows 10 Microsoft Original\" href=\"https:\/\/allgoodkeys.com\/es\/categoria-producto\/sistema-operativo-windows-10\/\" target=\"_blank\" rel=\"noopener\">Windows 10<\/a>\u00a0\u2013\u00a0<a title=\"Comprar e instalar Windows 8 Microsoft Original\" href=\"https:\/\/allgoodkeys.com\/es\/producto\/licencia-windows-8-professional\/\" target=\"_blank\" rel=\"noopener\">Windows 8<\/a><\/strong><br \/>\n<strong><a title=\"Comprar e instalar licencias originales de Microsoft Office Suites\" href=\"https:\/\/allgoodkeys.com\/es\/categoria-producto\/microsoft-office\/\" target=\"_blank\" rel=\"noopener\">Suites de Microsoft Office<\/a>:\u00a0<a href=\"https:\/\/allgoodkeys.com\/es\/categoria-producto\/microsoft-office-2021-es\/\" target=\"_blank\" rel=\"noopener\">Office 2021<\/a>\u00a0\u2013\u00a0<a title=\"Comprar e instalar la licencia original de Microsoft Office 2019\" href=\"https:\/\/allgoodkeys.com\/es\/categoria-producto\/microsoft-office-2019-es\/\" target=\"_blank\" rel=\"noopener\">Office 2019<\/a>\u00a0\u2013\u00a0<a title=\"Comprar e instalar la licencia original de Office 2016\" href=\"https:\/\/allgoodkeys.com\/es\/producto\/licencia-office-2016-professional-plus\/\" target=\"_blank\" rel=\"noopener\">Office 2016<\/a>\u00a0\u2013\u00a0<a title=\"Comprar e instalar Office para Mac Microsoft Original\" href=\"https:\/\/allgoodkeys.com\/es\/categoria-producto\/office-para-mac\/\" target=\"_blank\" rel=\"noopener\">Office para Mac<\/a><\/strong><br \/>\n<strong><a title=\"Comprar e instalar el mejor antivirus\" href=\"https:\/\/allgoodkeys.com\/es\/categoria-producto\/antivirus-y-seguridad\/\" target=\"_blank\" rel=\"noopener\">Antivirus<\/a>:\u00a0<a title=\"Comprar e instalar el antivirus original de Kaspersky\" href=\"https:\/\/allgoodkeys.com\/es\/categoria-producto\/kaspersky-es\/\" target=\"_blank\" rel=\"noopener\">Kaspersky<\/a>\u00a0\u2013\u00a0<a title=\"Comprar e instalar el antivirus original de ESET\" href=\"https:\/\/allgoodkeys.com\/es\/categoria-producto\/eset-es\/\" target=\"_blank\" rel=\"noopener\">ESET<\/a>\u00a0\u2013\u00a0<a title=\"Comprar e instalar el Avast Antivirus original\" href=\"https:\/\/allgoodkeys.com\/es\/categoria-producto\/avast\/\" target=\"_blank\" rel=\"noopener\">Avast<\/a>\u00a0\u2013\u00a0<a href=\"https:\/\/allgoodkeys.com\/es\/categoria-producto\/avg\/\" target=\"_blank\" rel=\"noopener\">AVG<\/a><\/strong><\/p>\n","protected":false},"excerpt":{"rendered":"<p>[icon name=\"circle-check\" prefix=\"fas\"]\u00a0 DESCARGA DIGITAL INSTANT\u00c1NEA<\/p>\n<p>[icon name=\"circle-check\" prefix=\"fas\"]\u00a0 SOPORTE DE POR VIDA<\/p>\n<p><a href=\"https:\/\/allgoodkeys.com\/es\/garantia-de-trusted-shops\/\" target=\"_blank\" rel=\"noopener\"><img decoding=\"async\" class=\"alignnone wp-image-48998\" src=\"https:\/\/allgoodkeys.com\/wp-content\/uploads\/2021\/02\/trusted-shops-es.png\" alt=\"\" width=\"195\" height=\"55\" srcset=\"https:\/\/allgoodkeys.com\/wp-content\/uploads\/2021\/02\/trusted-shops-es.png 396w, https:\/\/allgoodkeys.com\/wp-content\/uploads\/2021\/02\/trusted-shops-es-300x85.png 300w, https:\/\/allgoodkeys.com\/wp-content\/uploads\/2021\/02\/trusted-shops-es-250x71.png 250w\" sizes=\"(max-width: 195px) 100vw, 195px\" \/><\/a><\/p>\n","protected":false},"featured_media":61211,"comment_status":"open","ping_status":"closed","template":"","meta":[],"product_brand":[],"product_cat":[378,371],"product_tag":[],"woo-feed-brand":[],"class_list":{"0":"post-22883","1":"product","2":"type-product","3":"status-publish","4":"has-post-thumbnail","6":"product_cat-servidores-windows","7":"product_cat-todos-los-productos","9":"first","10":"instock","11":"virtual","12":"taxable","13":"purchasable","14":"product-type-simple"},"jetpack_sharing_enabled":true,"_links":{"self":[{"href":"https:\/\/allgoodkeys.com\/es\/wp-json\/wp\/v2\/product\/22883","targetHints":{"allow":["GET"]}}],"collection":[{"href":"https:\/\/allgoodkeys.com\/es\/wp-json\/wp\/v2\/product"}],"about":[{"href":"https:\/\/allgoodkeys.com\/es\/wp-json\/wp\/v2\/types\/product"}],"replies":[{"embeddable":true,"href":"https:\/\/allgoodkeys.com\/es\/wp-json\/wp\/v2\/comments?post=22883"}],"wp:featuredmedia":[{"embeddable":true,"href":"https:\/\/allgoodkeys.com\/es\/wp-json\/wp\/v2\/media\/61211"}],"wp:attachment":[{"href":"https:\/\/allgoodkeys.com\/es\/wp-json\/wp\/v2\/media?parent=22883"}],"wp:term":[{"taxonomy":"product_brand","embeddable":true,"href":"https:\/\/allgoodkeys.com\/es\/wp-json\/wp\/v2\/product_brand?post=22883"},{"taxonomy":"product_cat","embeddable":true,"href":"https:\/\/allgoodkeys.com\/es\/wp-json\/wp\/v2\/product_cat?post=22883"},{"taxonomy":"product_tag","embeddable":true,"href":"https:\/\/allgoodkeys.com\/es\/wp-json\/wp\/v2\/product_tag?post=22883"},{"taxonomy":"woo-feed-brand","embeddable":true,"href":"https:\/\/allgoodkeys.com\/es\/wp-json\/wp\/v2\/woo-feed-brand?post=22883"}],"curies":[{"name":"wp","href":"https:\/\/api.w.org\/{rel}","templated":true}]}}