{"id":22881,"date":"2022-02-04T12:37:05","date_gmt":"2022-02-04T12:37:05","guid":{"rendered":"https:\/\/allgoodkeys.com\/product\/windows-8-1-professional-clave-de-activacion\/"},"modified":"2025-02-07T18:04:16","modified_gmt":"2025-02-07T18:04:16","slug":"licencia-windows-8-professional","status":"publish","type":"product","link":"https:\/\/allgoodkeys.com\/es\/producto\/licencia-windows-8-professional\/","title":{"rendered":"Licencia Windows 8.1 Professional"},"content":{"rendered":"<blockquote><p><strong>Licencia Windows 8.1 Professional: Disfruta de un Sistema Operativo Potente y Confiable.<\/strong><\/p><\/blockquote>\n<p>&nbsp;<\/p>\n<p>Compra <strong>Windows 8.1 Professional<\/strong> y obt\u00e9n una licencia original al 100%, activada directamente por el usuario con el archivo ISO oficial de Microsoft. Los pagos seguros brindan total garant\u00eda al comprador. Recibir\u00e1s tu licencia original por <strong>correo electr\u00f3nico inmediatamente<\/strong> despu\u00e9s de la compra, un enlace para descargar el ISO oficial desde el sitio web de Microsoft y todas las instrucciones para una activaci\u00f3n r\u00e1pida y sencilla.<\/p>\n<p><strong>*Obt\u00e9n tu licencia original el precio adecuado<\/strong><\/p>\n<p>&nbsp;<\/p>\n<h4><strong>Windows 8.1 Professional para profesionales y empresas:<\/strong><\/h4>\n<p><strong>Windows 8.1 Professional<\/strong> est\u00e1 <strong>disponible en versiones de 32 y 64 bits<\/strong> y ofrece un alto rendimiento tanto <strong>para usuarios empresariales como profesionales<\/strong>. Es la versi\u00f3n mejorada del sistema operativo Windows 8 y ha sido mejorado en muchos aspectos con caracter\u00edsticas reci\u00e9n implementadas. Permite al usuario trabajar c\u00f3modamente con muchas aplicaciones abiertas sin ninguna ca\u00edda en el rendimiento. La interfaz tambi\u00e9n ha sido renovada y simplificada, ahora es f\u00e1cil de usar y est\u00e1 dise\u00f1ada para el uso con pantalla t\u00e1ctil. La seguridad y la confiabilidad tambi\u00e9n se han mejorado.<\/p>\n<p>&nbsp;<\/p>\n<h4><strong>\u00bfCu\u00e1les son las nuevas caracter\u00edsticas desarrolladas en Windows 8.1 Professional?<\/strong><\/h4>\n<p>Windows 8.1 Professional <strong>ha sido mejorado y renovado<\/strong> con programas profesionales que facilitan mucho el trabajo de profesionales y empresas. En comparaci\u00f3n con la versi\u00f3n anterior, se han realizado mejoras que resultan en una interfaz moderna que es adecuada para su uso en dispositivos m\u00f3viles y computadoras.<\/p>\n<ul>\n<li><strong>Mejoras de dise\u00f1o, t\u00e9cnica y del sistema.<\/strong><\/li>\n<li><strong>Interfaz de usuario moderna:<\/strong> dise\u00f1o \u00abTile\u00bb de estilo Metro para dispositivos con pantalla t\u00e1ctil<\/li>\n<li><strong>Internet Explorer 11:<\/strong> Nuevo navegador web de Windows<\/li>\n<li><strong>Gesti\u00f3n optimizada de transferencia de datos:<\/strong> las tareas de copia se pueden pausar y reanudar<\/li>\n<li><strong>Nuevo Administrador de tareas:<\/strong> los procesos se administran para mejorar el rendimiento<\/li>\n<li><strong>Tienda Windows:<\/strong> los usuarios ahora pueden comprar nuevas y exclusivas aplicaciones<\/li>\n<li><strong>Windows Defender:<\/strong> Antispyware<\/li>\n<\/ul>\n<p>&nbsp;<\/p>\n<h4><strong>\u00bfCon qu\u00e9 versiones de Microsoft Office es compatible Windows 8.1?<\/strong><\/h4>\n<p>Windows 8.1 Professional permite la compatibilidad con muchos software, de hecho, la Suite Microsoft Office se puede instalar desde versiones anteriores como <strong>Office 2010<\/strong> u <strong>Office 2013<\/strong>, hasta la pen\u00faltima de Microsoft, como <a href=\"https:\/\/allgoodkeys.com\/es\/producto\/licencia-office-2016-professional-plus\/\" target=\"_blank\" rel=\"noopener\"><strong>Office 2016<\/strong><\/a>, tambi\u00e9n est\u00e1 disponible <strong>Microsoft Office para MAC<\/strong>.<\/p>\n<p><em>Importante, Windows 8 no es compatible con <strong>la Suite Microsoft Office 2021<\/strong> y <strong>la Suite Microsoft Office 2019<\/strong><\/em><\/p>\n<p>&nbsp;<\/p>\n<h4>\u00bfQu\u00e9 sucede si formateas tu PC o migrar a uno nuevo? (licencia de por vida)<\/h4>\n<p><strong>Esta licencia de Microsoft es de por vida<\/strong>. No es un servicio de suscripci\u00f3n y, por lo tanto, no requiere renovaciones peri\u00f3dicas por una tarifa. Al comprar Windows 8.1 Professional, ser\u00e1s due\u00f1o del software permanentemente sin gastos adicionales en el futuro, y disfrutar\u00e1s de todos los beneficios de tener una licencia original de Microsoft que puedes usar en tu computadora o dispositivo, incluso si formateas tu dispositivo actual o cambias a uno nuevo. Puedes reutilizarlo para siempre, teniendo en cuenta que es v\u00e1lido para un solo dispositivo y, por lo tanto, debe desactivarse en cualquier dispositivo anterior antes de reactivarlo en un dispositivo nuevo.<\/p>\n<p>&nbsp;<\/p>\n<h4><strong>Actualizaci\u00f3n de Windows 8\/8.1 Professional a Windows 10 y Windows 11<\/strong><\/h4>\n<p>Recuerda que ya no puedes actualizar de Windows 8 a <a href=\"https:\/\/allgoodkeys.com\/es\/producto\/licencia-windows-10-professional\/\" target=\"_blank\" rel=\"noopener\">Windows 10<\/a> ni a <a href=\"https:\/\/allgoodkeys.com\/es\/producto\/licencia-windows-11-professional\/\" target=\"_blank\" rel=\"noopener\">Windows 11<\/a>.<\/p>\n<p>&nbsp;<\/p>\n<h4><strong>Requisitos del sistema:<\/strong><\/h4>\n<ul>\n<li><strong>Plataforma<\/strong>: Windows<\/li>\n<li><strong>Sistemas operativos compatibles:<\/strong> Windows 8<\/li>\n<li><strong>Procesador:<\/strong> Procesador de 1 GHz o m\u00e1s r\u00e1pido o SoC<\/li>\n<li><strong>RAM:<\/strong> 1 Gb de RAM (32 bits) o 2 Gb de RAM (64 bits)<\/li>\n<li><strong>Disco duro:<\/strong> 16 Gb de RAM (32 bits) o 20 Gb de RAM (64 bits)<\/li>\n<li><strong>Tarjeta gr\u00e1fica:<\/strong> DirectX 9 o superior con controlador WDDM 1.0.\n<div class=\"flex-1 overflow-hidden\">\n<div class=\"react-scroll-to-bottom--css-jiuan-79elbk h-full\">\n<div class=\"react-scroll-to-bottom--css-jiuan-1n7m0yu\">\n<div class=\"flex flex-col text-sm pb-9\">\n<div class=\"w-full text-token-text-primary\" data-testid=\"conversation-turn-813\">\n<div class=\"px-4 py-2 justify-center text-base md:gap-6 m-auto\">\n<div class=\"flex flex-1 text-base mx-auto gap-3 md:px-5 lg:px-1 xl:px-5 md:max-w-3xl lg:max-w-[40rem] xl:max-w-[48rem] group final-completion\">\n<div class=\"relative flex w-full flex-col agent-turn\">\n<div class=\"flex-col gap-1 md:gap-3\">\n<div class=\"flex flex-grow flex-col max-w-full\">\n<div class=\"min-h-[20px] text-message flex flex-col items-start gap-3 whitespace-pre-wrap break-words [.text-message+&amp;]:mt-5 overflow-x-auto\" data-message-author-role=\"assistant\" data-message-id=\"5906c4c7-2ab4-418c-9e3a-f81b9fddb574\">\n<div class=\"markdown prose w-full break-words dark:prose-invert light\"><\/div>\n<\/div>\n<\/div>\n<div class=\"mt-1 flex justify-start gap-3 empty:hidden\"><\/div>\n<\/div>\n<\/div>\n<\/div>\n<\/div>\n<\/div>\n<\/div>\n<\/div>\n<\/div>\n<\/div>\n<div class=\"w-full pt-2 md:pt-0 dark:border-white\/20 md:border-transparent md:dark:border-transparent md:w-[calc(100%-.5rem)]\"><\/div>\n<\/li>\n<\/ul>\n<p>&nbsp;<\/p>\n<h3>\u00bfEres un revendedor?<\/h3>\n<p>Si es as\u00ed, cont\u00e1ctanos por correo electr\u00f3nico a\u00a0<a href=\"https:\/\/allgoodkeys.com\/es\/contactenos\/\" target=\"_blank\" rel=\"noopener\"><strong>Support@allgoodkeys.com<\/strong><\/a>\u00a0y te proporcionaremos una oferta personalizada y una lista de precios. \u00a1Trabajemos juntos para satisfacer tus necesidades y las de tus clientes!<\/p>\n<h3>\u00bfInteresado en afiliarte?<\/h3>\n<p>\u00danete a nuestro programa de afiliados y comienza a ganar comisiones promocionando nuestros productos digitales. Con un enlace de seguimiento \u00fanico, podr\u00e1s monetizar tu plataforma y ofrecer valiosos productos a tu audiencia. \u00a1Reg\u00edstrate hoy mismo y descubre todas las oportunidades que tenemos para ti!\u00a0<a href=\"https:\/\/allgoodkeys.com\/es\/afiliarse\/\" target=\"_blank\" rel=\"noopener\"><strong>Visita nuestra p\u00e1gina del programa de afiliados para obtener m\u00e1s informaci\u00f3n.<\/strong><\/a><\/p>\n<p>&nbsp;<\/p>\n<h3>Descubre m\u00e1s productos<\/h3>\n<p><strong><a title=\"Comprar e instalar sistemas operativos Windows\" href=\"https:\/\/allgoodkeys.com\/es\/categoria-producto\/sistema-operativo\/\" target=\"_blank\" rel=\"noopener\">Sistemas operativos Windows<\/a>:\u00a0<a title=\"Comprar e instalar la licencia original de Microsoft Windows 11\" href=\"https:\/\/allgoodkeys.com\/es\/categoria-producto\/sistema-operativo-windows-11\/\" target=\"_blank\" rel=\"noopener\">Windows 11<\/a>\u00a0\u2013\u00a0<a title=\"Comprar e instalar Windows 10 Microsoft Original\" href=\"https:\/\/allgoodkeys.com\/es\/categoria-producto\/sistema-operativo-windows-10\/\" target=\"_blank\" rel=\"noopener\">Windows 10<\/a>\u00a0\u2013\u00a0<a title=\"Comprar e instalar Windows 8 Microsoft Original\" href=\"https:\/\/allgoodkeys.com\/es\/producto\/windows-8-1-professional-key-global-2\/\" target=\"_blank\" rel=\"noopener\">Windows 8<\/a><\/strong><br \/>\n<strong><a title=\"Comprar e instalar licencias originales de Microsoft Office Suites\" href=\"https:\/\/allgoodkeys.com\/es\/categoria-producto\/microsoft-office\/\" target=\"_blank\" rel=\"noopener\">Suites de Microsoft Office<\/a>:\u00a0<a href=\"https:\/\/allgoodkeys.com\/es\/categoria-producto\/microsoft-office-2021-es\/\" target=\"_blank\" rel=\"noopener\">Office 2021<\/a>\u00a0\u2013\u00a0<a title=\"Comprar e instalar la licencia original de Microsoft Office 2019\" href=\"https:\/\/allgoodkeys.com\/es\/categoria-producto\/microsoft-office-2019-es\/\" target=\"_blank\" rel=\"noopener\">Office 2019<\/a>\u00a0\u2013\u00a0<a title=\"Comprar e instalar la licencia original de Office 2016\" href=\"https:\/\/allgoodkeys.com\/es\/producto\/licencia-office-2016-professional-plus\/\" target=\"_blank\" rel=\"noopener\">Office 2016<\/a>\u00a0\u2013\u00a0<a title=\"Comprar e instalar Office para Mac Microsoft Original\" href=\"https:\/\/allgoodkeys.com\/es\/categoria-producto\/office-para-mac\/\" target=\"_blank\" rel=\"noopener\">Office para Mac<\/a><\/strong><br \/>\n<strong><a title=\"Comprar e instalar el mejor antivirus\" href=\"https:\/\/allgoodkeys.com\/es\/categoria-producto\/antivirus-y-seguridad\/\" target=\"_blank\" rel=\"noopener\">Antivirus<\/a>:\u00a0<a title=\"Comprar e instalar el antivirus original de Kaspersky\" href=\"https:\/\/allgoodkeys.com\/es\/categoria-producto\/kaspersky-es\/\" target=\"_blank\" rel=\"noopener\">Kaspersky<\/a>\u00a0\u2013\u00a0<a title=\"Comprar e instalar el antivirus original de ESET\" href=\"https:\/\/allgoodkeys.com\/es\/categoria-producto\/eset-es\/\" target=\"_blank\" rel=\"noopener\">ESET<\/a>\u00a0\u2013\u00a0<a title=\"Comprar e instalar el Avast Antivirus original\" href=\"https:\/\/allgoodkeys.com\/es\/categoria-producto\/avast\/\" target=\"_blank\" rel=\"noopener\">Avast<\/a>\u00a0\u2013\u00a0<a href=\"https:\/\/allgoodkeys.com\/es\/categoria-producto\/avg\/\" target=\"_blank\" rel=\"noopener\">AVG<\/a><\/strong><\/p>\n","protected":false},"excerpt":{"rendered":"<p>[icon name=\"circle-check\" prefix=\"fas\"]\u00a0 DESCARGA DIGITAL INSTANT\u00c1NEA<\/p>\n<p>[icon name=\"circle-check\" prefix=\"fas\"]\u00a0 SOPORTE DE POR VIDA<\/p>\n<p><a href=\"https:\/\/allgoodkeys.com\/es\/garantia-de-trusted-shops\/\" target=\"_blank\" rel=\"noopener\"><img decoding=\"async\" class=\"alignnone wp-image-48998\" src=\"http:\/\/allgoodkeys.com\/wp-content\/uploads\/2021\/02\/trusted-shops-es.png\" alt=\"\" width=\"195\" height=\"55\" srcset=\"https:\/\/allgoodkeys.com\/wp-content\/uploads\/2021\/02\/trusted-shops-es.png 396w, https:\/\/allgoodkeys.com\/wp-content\/uploads\/2021\/02\/trusted-shops-es-300x85.png 300w, https:\/\/allgoodkeys.com\/wp-content\/uploads\/2021\/02\/trusted-shops-es-250x71.png 250w\" sizes=\"(max-width: 195px) 100vw, 195px\" \/><\/a><\/p>\n","protected":false},"featured_media":22882,"comment_status":"open","ping_status":"closed","template":"","meta":[],"product_brand":[],"product_cat":[368,371],"product_tag":[],"woo-feed-brand":[],"class_list":{"0":"post-22881","1":"product","2":"type-product","3":"status-publish","4":"has-post-thumbnail","6":"product_cat-sistema-operativo","7":"product_cat-todos-los-productos","9":"first","10":"instock","11":"virtual","12":"taxable","13":"purchasable","14":"product-type-simple"},"jetpack_sharing_enabled":true,"_links":{"self":[{"href":"https:\/\/allgoodkeys.com\/es\/wp-json\/wp\/v2\/product\/22881","targetHints":{"allow":["GET"]}}],"collection":[{"href":"https:\/\/allgoodkeys.com\/es\/wp-json\/wp\/v2\/product"}],"about":[{"href":"https:\/\/allgoodkeys.com\/es\/wp-json\/wp\/v2\/types\/product"}],"replies":[{"embeddable":true,"href":"https:\/\/allgoodkeys.com\/es\/wp-json\/wp\/v2\/comments?post=22881"}],"wp:featuredmedia":[{"embeddable":true,"href":"https:\/\/allgoodkeys.com\/es\/wp-json\/wp\/v2\/media\/22882"}],"wp:attachment":[{"href":"https:\/\/allgoodkeys.com\/es\/wp-json\/wp\/v2\/media?parent=22881"}],"wp:term":[{"taxonomy":"product_brand","embeddable":true,"href":"https:\/\/allgoodkeys.com\/es\/wp-json\/wp\/v2\/product_brand?post=22881"},{"taxonomy":"product_cat","embeddable":true,"href":"https:\/\/allgoodkeys.com\/es\/wp-json\/wp\/v2\/product_cat?post=22881"},{"taxonomy":"product_tag","embeddable":true,"href":"https:\/\/allgoodkeys.com\/es\/wp-json\/wp\/v2\/product_tag?post=22881"},{"taxonomy":"woo-feed-brand","embeddable":true,"href":"https:\/\/allgoodkeys.com\/es\/wp-json\/wp\/v2\/woo-feed-brand?post=22881"}],"curies":[{"name":"wp","href":"https:\/\/api.w.org\/{rel}","templated":true}]}}