{"id":22873,"date":"2021-11-28T10:38:35","date_gmt":"2021-11-28T10:38:35","guid":{"rendered":"https:\/\/allgoodkeys.com\/product\/eset-nod32-antivirus-2022-clave-de-licencia-de-2-anos\/"},"modified":"2025-02-07T18:04:17","modified_gmt":"2025-02-07T18:04:17","slug":"eset-nod32-antivirus-2022-2","status":"publish","type":"product","link":"https:\/\/allgoodkeys.com\/es\/producto\/eset-nod32-antivirus-2022-2\/","title":{"rendered":"ESET NOD32 Antivirus 2022 &#8211; Clave de licencia de 2 a\u00f1os"},"content":{"rendered":"<h4>https:\/\/www.eset.com\/int\/home\/antivirus\/download\/ESET NOD32 Antivirus. Adquiera su licencia 100% aut\u00e9ntica mediante un pago seguro y garantizado. Reciba su pedido inmediatamente en su bandeja de entrada y proteja su ordenador de cualquier amenaza.<\/h4>\n<h3><strong>Antivirus <a href=\"https:\/\/www.eset.com\/\" target=\"_blank\" rel=\"noopener\">ESET<\/a> NOD32<\/strong><\/h3>\n<p>ESET NOD32 Antivirus es uno de los productos m\u00e1s populares que protegen su PC de las <strong>ciberamenazas<\/strong> actuales. Sea cual sea su caso de uso, proteja su ordenador de <strong>los piratas inform\u00e1ticos, del ransomware y del phishing<\/strong> sin que ello afecte a su sistema ni a las molestas ventanas emergentes cuando reproduzca o vea sus contenidos en streaming. Compre ahora una licencia de ESET y reciba su c\u00f3digo de activaci\u00f3n en su bandeja de entrada en cuesti\u00f3n de segundos, junto con todo lo que necesita para instalar y <strong>poner en marcha el antivirus ESET NOD32. <\/strong>Los <strong> <a title=\"Comprar y descargar sistemas operativos Windows\" href=\"https:\/\/allgoodkeys.com\/es\/como-descargar-y-activar-sql-server-2022-standard-una-guia-paso-a-paso\/\" target=\"_blank\" rel=\"noopener\">sistemas operativos Windows<\/a> <\/strong>y<strong> <a title=\"Comprar y descargar el paquete de Microsoft Office\" href=\"https:\/\/allgoodkeys.com\/es\/categoria-producto\/microsoft-office\/\" target=\"_blank\" rel=\"noopener\">Suite de Microsoft Office<\/a><\/strong> tambi\u00e9n est\u00e1n disponibles en nuestra tienda. Actualice su PC con la \u00faltima versi\u00f3n de <strong><a title=\"Comprar y descargar sistemas operativos Windows 10\" href=\"https:\/\/allgoodkeys.com\/es\/categoria-producto\/sistema-operativo-windows-10\/\" target=\"_blank\" rel=\"noopener\">Windows 10 <\/a><\/strong>o <strong><a title=\"Comprar y descargar el sistema operativo Windows 11\" href=\"https:\/\/allgoodkeys.com\/es\/categoria-producto\/sistema-operativo-windows-11\/\" target=\"_blank\" rel=\"noopener\">Sistema operativo Windows 11 <\/a><\/strong>e instale<strong> <a title=\"Comprar y descargar el paquete de Microsoft Office 2019\" href=\"https:\/\/allgoodkeys.com\/es\/categoria-producto\/microsoft-office-2019-es\/\" target=\"_blank\" rel=\"noopener\">Paquete de Microsoft Office 2019<\/a><\/strong> o<strong> <a title=\"comprar Microsoft Office 2021 Suite\" href=\"https:\/\/allgoodkeys.com\/es\/categoria-producto\/microsoft-office-2021-es\/\" target=\"_blank\" rel=\"noopener\">Suite Microsoft Office 2021<\/a><\/strong> para llevar el rendimiento de su dispositivo a lo m\u00e1s alto.<\/p>\n<p><strong>COMPATIBILIDAD<\/strong>: PC &#8211; MAC<\/p>\n<h3><strong>Qu\u00e9 ofrece el antivirus ESET NOD32 y c\u00f3mo protege mi sistema?<\/strong><\/h3>\n<p>Una vez que reciba el c\u00f3digo en su bandeja de entrada, cuando instale y active ESET NOD32, disfrutar\u00e1 de todos los beneficios de la <strong>legendaria protecci\u00f3n antivirus<\/strong> que ofrece este producto. La protecci\u00f3n multicapa ya elegida por<strong> m\u00e1s de 10 millones de usuarios en todo el<\/strong> mundo le mantendr\u00e1 a salvo de las modernas ciberamenazas como el phishing, el ransomware y otros tipos de <strong>malware<\/strong>. Con las actualizaciones autom\u00e1ticas, los informes de seguridad, el modo experto y mucho m\u00e1s,<strong> proteger\u00e1 completamente su dispositivo<\/strong>, haciendo un seguimiento de cualquier posible amenaza a la que pueda estar expuesto navegando por Internet y en sus casos de uso cotidiano.<br \/>\nSi tienes un ordenador port\u00e1til, el <strong>modo de bajo consumo<\/strong> te ayudar\u00e1 a utilizar tu m\u00e1quina sin afectar a la duraci\u00f3n de la bater\u00eda. Adem\u00e1s, ninguna notificaci\u00f3n o actualizaci\u00f3n emergente te molestar\u00e1 mientras juegas o ves tu programa de televisi\u00f3n favorito. Elija esta soluci\u00f3n si necesita una protecci\u00f3n b\u00e1sica pero 100% efectiva para sus necesidades diarias con su PC.<\/p>\n<h3><strong>\u00bfQu\u00e9 pasa si formateo mi dispositivo o compro uno nuevo?<\/strong><\/h3>\n<p>Su suscripci\u00f3n al antivirus ESET NOD 32 est\u00e1 vinculada a su cuenta y al dispositivo que va a vincular. Si lo formateas, <strong>podr\u00e1s reinstalar y reactivar tu licencia en cualquier momento<\/strong> y sin limitaciones. Adem\u00e1s, si decide comprar un nuevo dispositivo -quiz\u00e1s pasando de Windows a macOS- puede transferir su licencia de ESET NOD 32 Antivirus. R\u00e1pido y sencillo. No necesitar\u00e1s una nueva suscripci\u00f3n ni un nuevo c\u00f3digo de activaci\u00f3n. Esta es una ventaja m\u00e1s de ESET NOD 32<\/p>\n<h3><strong>Qu\u00e9 obtendr\u00e9 una vez que haya completado mi pedido del antivirus ESET NOD 32?<\/strong><\/h3>\n<p>El producto se entrega en cuesti\u00f3n de segundos directamente por correo electr\u00f3nico, con<b> lo que se evita el impacto medioambiental del env\u00edo de mercanc\u00edas f\u00edsicas.<\/b><\/p>\n<ul>\n<li>&#8211; 1 c\u00f3digo de activaci\u00f3n<\/li>\n<li>&#8211; Gu\u00eda de instalaci\u00f3n y activaci\u00f3n<\/li>\n<li>&#8211; Asistencia gratuita<\/li>\n<\/ul>\n<p><strong>*Descubra<\/strong>todos los<a href=\"https:\/\/allgoodkeys.com\/es\/categoria-producto\/antivirus-y-seguridad\/\" target=\"_blank\" rel=\"noopener\"><strong> disponibles de AntiVirus. <\/strong><strong><em>Haga clic aqu\u00ed.<\/em><br \/>\n<\/strong><br \/>\n<\/a><\/p>\n<h3 style=\"font-weight: 500;\"><b><strong>Es usted un revendedor?<\/strong><\/b><\/h3>\n<p style=\"font-weight: 400;\">Si eres un <b><strong>revendedor, <\/strong><\/b>env\u00edenos un correo a<a href=\"https:\/\/allgoodkeys.com\/contact-us\/\" target=\"_blank\" rel=\"noopener\"><strong> Support@allgoodkeys.com <\/strong><\/a>y le enviaremos una oferta a medida <b><strong>lista de precios. Trabajemos juntos.<\/strong><\/b><\/p>\n<h3><strong>Otras versiones de ESET:<\/strong><\/h3>\n<p><strong><a title=\"Comprar e instalar la descarga de ESET Internet Security\" href=\"http:\/\/allgoodkeys.com\/product\/eset-internet-security-2021\/\" target=\"_blank\" rel=\"noopener\">ESET Internet Security<\/a><\/strong><\/p>\n<h3><strong>Buscar m\u00e1s productos en Todas las llaves buenas<\/strong><\/h3>\n<p><strong><a title=\"Comprar e instalar sistemas operativos Windows\" href=\"https:\/\/allgoodkeys.com\/es\/categoria-producto\/sistema-operativo\/\" target=\"_blank\" rel=\"noopener\">Sistemas operativos Windows<\/a>: <a title=\"Comprar e instalar la licencia original de Microsoft Windows 11\" href=\"https:\/\/allgoodkeys.com\/es\/categoria-producto\/sistema-operativo-windows-11\/\" target=\"_blank\" rel=\"noopener\">Windows 11<\/a> &#8211; <a title=\"Comprar e instalar Windows 10 Microsoft Original\" href=\"https:\/\/allgoodkeys.com\/es\/categoria-producto\/sistema-operativo-windows-10\/\" target=\"_blank\" rel=\"noopener\">Windows 10<\/a> &#8211; <a title=\"Comprar e instalar Windows 8 Microsoft Original\" href=\"https:\/\/allgoodkeys.com\/producto\/windows-8-1-professional-key\/\" target=\"_blank\" rel=\"noopener\">Windows 8<\/a><\/strong><br \/>\n<strong><a title=\"Comprar e instalar licencias originales de Microsoft Office Suites\" href=\"https:\/\/allgoodkeys.com\/es\/categoria-producto\/microsoft-office\/\" target=\"_blank\" rel=\"noopener\">Suites de Microsoft Office<\/a>: <a href=\"https:\/\/allgoodkeys.com\/es\/categoria-producto\/microsoft-office-2021-es\/\" target=\"_blank\" rel=\"noopener\">Office 2021<\/a> &#8211; <a title=\"Comprar e instalar la licencia original de Microsoft Office 2019\" href=\"https:\/\/allgoodkeys.com\/es\/categoria-producto\/microsoft-office-2019-es\/\" target=\"_blank\" rel=\"noopener\">Office 2019<\/a> &#8211; <a title=\"Comprar e instalar la licencia original de Office 2016\" href=\"https:\/\/allgoodkeys.com\/producto\/office-2016-professional-plusivation-key\/\" target=\"_blank\" rel=\"noopener\">Office 2016<\/a> &#8211; <a title=\"Comprar e instalar Office para Mac Microsoft Original\" href=\"https:\/\/allgoodkeys.com\/es\/categoria-producto\/office-para-mac\/\" target=\"_blank\" rel=\"noopener\">Office para Mac<\/a><\/strong><br \/>\n<strong><a title=\"Comprar e instalar el mejor antivirus\" href=\"https:\/\/allgoodkeys.com\/es\/categoria-producto\/antivirus-y-seguridad\/\" target=\"_blank\" rel=\"noopener\">Antivirus<\/a>: <a title=\"Comprar e instalar el antivirus original de Kaspersky\" href=\"https:\/\/allgoodkeys.com\/es\/categoria-producto\/kaspersky-es\/\" target=\"_blank\" rel=\"noopener\">Kaspersky<\/a> &#8211; <a title=\"Comprar e instalar el antivirus original de ESET\" href=\"https:\/\/allgoodkeys.com\/es\/categoria-producto\/eset-es\/\" target=\"_blank\" rel=\"noopener\">ESET<\/a> &#8211; <a title=\"Comprar e instalar el Avast Antivirus original\" href=\"https:\/\/allgoodkeys.com\/es\/categoria-producto\/avast\/\" target=\"_blank\" rel=\"noopener\">Avast<\/a> &#8211; <a href=\"https:\/\/allgoodkeys.com\/es\/categoria-producto\/avg\/\" target=\"_blank\" rel=\"noopener\">AVG<\/a><\/strong><\/p>\n","protected":false},"excerpt":{"rendered":"<p>https:\/\/www.eset.com\/int\/home\/antivirus\/download\/ESET NOD32 Antivirus. Adquiera su licencia 100% aut\u00e9ntica mediante un pago seguro y garantizado. Reciba su pedido inmediatamente en su<\/p>\n","protected":false},"featured_media":22874,"comment_status":"open","ping_status":"closed","template":"","meta":{"rank_math_title":"","rank_math_description":"Activaci\u00f3n de ESET NOD32 Antivirus 2 a\u00f1os, Al comprar ESET NOD32 Antivirus recibir\u00e1 una licencia original por correo electr\u00f3nico","rank_math_focus_keyword":"ESET NOD32"},"product_brand":[],"product_cat":[389,390,371],"product_tag":[],"woo-feed-brand":[],"class_list":{"0":"post-22873","1":"product","2":"type-product","3":"status-publish","4":"has-post-thumbnail","6":"product_cat-antivirus-y-seguridad","7":"product_cat-eset-es","8":"product_cat-todos-los-productos","10":"first","11":"outofstock","12":"sale","13":"sold-individually","14":"taxable","15":"shipping-taxable","16":"purchasable","17":"product-type-variable","18":"has-default-attributes"},"jetpack_sharing_enabled":true,"_links":{"self":[{"href":"https:\/\/allgoodkeys.com\/es\/wp-json\/wp\/v2\/product\/22873","targetHints":{"allow":["GET"]}}],"collection":[{"href":"https:\/\/allgoodkeys.com\/es\/wp-json\/wp\/v2\/product"}],"about":[{"href":"https:\/\/allgoodkeys.com\/es\/wp-json\/wp\/v2\/types\/product"}],"replies":[{"embeddable":true,"href":"https:\/\/allgoodkeys.com\/es\/wp-json\/wp\/v2\/comments?post=22873"}],"wp:featuredmedia":[{"embeddable":true,"href":"https:\/\/allgoodkeys.com\/es\/wp-json\/wp\/v2\/media\/22874"}],"wp:attachment":[{"href":"https:\/\/allgoodkeys.com\/es\/wp-json\/wp\/v2\/media?parent=22873"}],"wp:term":[{"taxonomy":"product_brand","embeddable":true,"href":"https:\/\/allgoodkeys.com\/es\/wp-json\/wp\/v2\/product_brand?post=22873"},{"taxonomy":"product_cat","embeddable":true,"href":"https:\/\/allgoodkeys.com\/es\/wp-json\/wp\/v2\/product_cat?post=22873"},{"taxonomy":"product_tag","embeddable":true,"href":"https:\/\/allgoodkeys.com\/es\/wp-json\/wp\/v2\/product_tag?post=22873"},{"taxonomy":"woo-feed-brand","embeddable":true,"href":"https:\/\/allgoodkeys.com\/es\/wp-json\/wp\/v2\/woo-feed-brand?post=22873"}],"curies":[{"name":"wp","href":"https:\/\/api.w.org\/{rel}","templated":true}]}}