{"id":22868,"date":"2021-11-11T10:12:50","date_gmt":"2021-11-11T10:12:50","guid":{"rendered":"https:\/\/allgoodkeys.com\/product\/office-2019-home-and-business-clave-de-activacion-pc\/"},"modified":"2025-02-07T18:04:20","modified_gmt":"2025-02-07T18:04:20","slug":"office-hogar-y-empresas-2019","status":"publish","type":"product","link":"https:\/\/allgoodkeys.com\/es\/producto\/office-hogar-y-empresas-2019\/","title":{"rendered":"Office Hogar y Empresas 2019 &#8211; Licencia de Microsoft"},"content":{"rendered":"<h4><strong>Office Hogar y Empresas 2019<\/strong><\/h4>\n<p>Obt\u00e9n tu <strong>licencia 100% genuina de Microsoft<\/strong> al mejor precio en<strong> All Good Keys<\/strong>. Con nuestros m\u00e9todos de pago seguros, entrega instant\u00e1nea y garant\u00eda de devoluci\u00f3n de dinero completa, podr\u00e1s crear tu entorno de desarrollo sin preocupaciones. \u00a1Disfruta de todos los beneficios de nuestra tienda, incluido <a href=\"https:\/\/allgoodkeys.com\/es\/contactenos\/\" target=\"_blank\" rel=\"noopener\"><strong>el soporte t\u00e9cnico gratuito!<\/strong><\/a><\/p>\n<p>&nbsp;<\/p>\n<p><strong>Office 2019 Hogar y Empresas 32 y 64 bits<\/strong><\/p>\n<p><strong>\u00a1IMPORTANTE!<\/strong> Esta versi\u00f3n de Office Hogar y Empresas 2019 <strong>no es para MAC<\/strong>. Office para MAC tambi\u00e9n est\u00e1 disponible. <a href=\"https:\/\/allgoodkeys.com\/es\/producto\/office-hogar-y-empresas-2019-para-mac\/\" target=\"_blank\" rel=\"noopener\"><strong>Haz<\/strong> <strong>clic aqu\u00ed para Office para MAC<\/strong><\/a>.*<\/p>\n<p>Office Hogar y Empresas 2019 est\u00e1 disponible para activaci\u00f3n en versiones de 32 y 64 bits. Es la soluci\u00f3n perfecta para aquellos que necesitan utilizar las aplicaciones m\u00e1s importantes de los paquetes de Microsoft Office. Esto incluye Word, Excel y Outlook para realizar tareas b\u00e1sicas y para ver\/editar archivos de texto.<\/p>\n<p>El paquete tambi\u00e9n incluye PowerPoint, desarrollado para entregar presentaciones b\u00e1sicas y profesionales que se pueden crear de manera r\u00e1pida y sencilla.<strong> Es adecuado para las necesidades de estudiantes, peque\u00f1as empresas y familias<\/strong>. Su interfaz y caracter\u00edsticas han sido considerablemente mejoradas en comparaci\u00f3n con versiones anteriores y es totalmente compatible con Windows 10. Ahora los archivos se pueden cargar en servicios de la nube (como OneDrive) para compartirlos r\u00e1pidamente con cualquier persona.<\/p>\n<p>&nbsp;<\/p>\n<h4>Office Hogar y Empresas 2019 para particulares, estudiantes y peque\u00f1as empresas<\/h4>\n<p><strong>Office Hogar y Empresas 2019<\/strong> es la soluci\u00f3n adecuada para las necesidades de particulares, estudiantes y peque\u00f1as empresas, porque la facilidad de comunicaci\u00f3n y compartici\u00f3n es esencial en cualquier estudio o proyecto de trabajo para agilizar las diversas fases de trabajo. Office 2019 ofrece un rendimiento impecable, con herramientas que te ayudan a optimizar todos tus procesos, tambi\u00e9n gracias a OneDrive. Cada archivo es f\u00e1cilmente accesible tanto desde el escritorio como desde el m\u00f3vil, lo que te permite realizar cambios sobre la marcha. Otra caracter\u00edstica clave que no debe subestimarse es la interfaz altamente sencilla e intuitiva, que facilita el uso de las diversas funciones.<\/p>\n<p>&nbsp;<\/p>\n<h4>\u00bfQu\u00e9 sucede si formateas tu PC o migras a una nueva? (licencia de por vida)<\/h4>\n<p>Esta licencia de Office Hogar y Empresas 2019 de 32 y 64 bits es una licencia de por vida. No es un servicio de suscripci\u00f3n y, por lo tanto, no requiere renovaciones peri\u00f3dicas por una tarifa.<strong> Cuando compres Office Hogar y Empresas 2019, lo poseer\u00e1s para siempre, sin costos adicionales futuros<\/strong>, y podr\u00e1s disfrutar de las ventajas de tener una licencia genuina de Microsoft que puedes usar en tu computadora o dispositivo, incluso despu\u00e9s de formatear o migrar a otro. dispositivo. Puedes reutilizarlo para siempre, teniendo en cuenta que es v\u00e1lido para un solo dispositivo, y por lo tanto debe desactivarse en cualquier dispositivo anterior antes de reactivarse en un dispositivo nuevo.<\/p>\n<p>&nbsp;<\/p>\n<p><strong>Aplicaciones de Office Hogar y Empresas 2019 :<\/strong><\/p>\n<ul>\n<li><strong>Word 2019:<\/strong> La interfaz de Word 2019 se ha optimizado. Puedes crear cualquier tipo de documento, para fines personales o comerciales. Las nuevas incorporaciones incluyen reconocimiento de voz incorporado y tinta virtual, que convierte la escritura a mano en caracteres de texto digital directamente en tu pantalla.<\/li>\n<li><strong>Excel 2019:<\/strong> Ofrece nuevas funciones que son a\u00fan m\u00e1s ricas y profesionales que la versi\u00f3n anterior, lo que te permite crear cualquier tipo de tabla con la adici\u00f3n de nuevas funciones gr\u00e1ficas y matem\u00e1ticas manteniendo la plena compatibilidad con todos los archivos CSV.<\/li>\n<li><strong>PowerPoint 2019:<\/strong> Sin duda, el software de presentaci\u00f3n m\u00e1s importante del mercado, ahora mejorado para mejorar a\u00fan m\u00e1s el rendimiento. En esta nueva versi\u00f3n, es posible enlazar im\u00e1genes Ultra HD, hacer zoom en im\u00e1genes y diapositivas directamente, redimensionar elementos gr\u00e1ficos sin tener que procesarlos externamente. Todas estas funciones y muchas m\u00e1s se han implementado para agilizar significativamente tu trabajo.<\/li>\n<li><strong>Outlook 2019:<\/strong> Una gesti\u00f3n r\u00e1pida de contactos, citas y la posibilidad de acceder a informaci\u00f3n actualizada de socios y clientes son requisitos esenciales, especialmente en oficinas comerciales, y todo esto es posible gracias a un servidor de intercambio. Tambi\u00e9n ofrece la posibilidad de crear y gestionar m\u00faltiples cuentas.<\/li>\n<\/ul>\n<p>&nbsp;<\/p>\n<p><strong>Office Hogar y Empresas 2019 y Windows<\/strong><\/p>\n<p>Hasta la fecha, <a href=\"https:\/\/allgoodkeys.com\/es\/producto\/licencia-windows-11-professional\/\" target=\"_blank\" rel=\"noopener\"><strong>Windows 11<\/strong><\/a> y <a href=\"https:\/\/allgoodkeys.com\/es\/producto\/licencia-windows-10-professional\/\" target=\"_blank\" rel=\"noopener\"><strong>Windows 10<\/strong><\/a> son los \u00fanicos sistemas operativos de Microsoft que admiten la instalaci\u00f3n y compatibilidad con Office Hogar y Empresas 2019.<\/p>\n<p>*Disponible pero no compatible con Office 2019: <strong>Windows 8<\/strong> &#8211; <strong>Windows 7<\/strong>.<\/p>\n<p>Otras versiones del paquete de <strong>Microsoft Office<\/strong> est\u00e1n disponibles en nuestra tienda: <a href=\"https:\/\/allgoodkeys.com\/es\/categoria-producto\/microsoft-office\/\" target=\"_blank\" rel=\"noopener\"><strong>Office 2021<\/strong> <\/a>&#8211; <a href=\"https:\/\/allgoodkeys.com\/es\/categoria-producto\/microsoft-office\/\" target=\"_blank\" rel=\"noopener\"><strong>Office 2016<\/strong><\/a>, tambi\u00e9n est\u00e1 disponible <a href=\"https:\/\/allgoodkeys.com\/es\/producto\/office-hogar-y-empresas-2019-para-mac\/\" target=\"_blank\" rel=\"noopener\"><strong>Microsoft Office para MAC<\/strong><\/a>.<\/p>\n<p>&nbsp;<\/p>\n<p><strong>Requisitos del sistema:<\/strong><\/p>\n<ul>\n<li><strong>Plataforma:<\/strong> Windows<\/li>\n<li><strong>Sistemas operativos compatibles:<\/strong> Windows 10 &#8211; Windows 11 &#8211; Windows Server 2019<\/li>\n<li><strong>Procesador:<\/strong> 3 GB o m\u00e1s de memoria disponible<\/li>\n<li><strong>RAM:<\/strong> 2 GB de RAM o m\u00e1s<\/li>\n<li><strong>Disco duro:<\/strong> 3 GB<\/li>\n<li><strong>Tarjeta gr\u00e1fica:<\/strong> Se requiere soporte DirectX 10 para la interfaz acelerada por GPU y una resoluci\u00f3n de p\u00edxeles de 1.024 * 768 o superior<\/li>\n<li><strong>Navegador:<\/strong> Versi\u00f3n actual de Internet Explorer, Chrome, Firefox, Microsoft Edge o Safari<\/li>\n<li><strong>Versi\u00f3n de .NET:<\/strong> .NET 3.5 o superior\n<div class=\"flex-1 overflow-hidden\">\n<div class=\"react-scroll-to-bottom--css-gtayt-79elbk h-full\">\n<div class=\"react-scroll-to-bottom--css-gtayt-1n7m0yu\">\n<div class=\"flex flex-col text-sm pb-9\">\n<div class=\"w-full text-token-text-primary\" data-testid=\"conversation-turn-861\">\n<div class=\"px-4 py-2 justify-center text-base md:gap-6 m-auto\">\n<div class=\"flex flex-1 text-base mx-auto gap-3 md:px-5 lg:px-1 xl:px-5 md:max-w-3xl lg:max-w-[40rem] xl:max-w-[48rem] group final-completion\">\n<div class=\"relative flex w-full flex-col agent-turn\">\n<div class=\"flex-col gap-1 md:gap-3\">\n<div class=\"flex flex-grow flex-col max-w-full\">\n<div class=\"text-message flex flex-col items-start gap-3 whitespace-pre-wrap break-words [.text-message+&amp;]:mt-5 overflow-x-auto\" data-message-author-role=\"assistant\" data-message-id=\"a33a3bb0-6989-4365-a8d6-36404c73eb02\">\n<div class=\"markdown prose w-full break-words dark:prose-invert light\"><\/div>\n<\/div>\n<\/div>\n<div class=\"mt-1 flex justify-start gap-3 empty:hidden\"><\/div>\n<\/div>\n<\/div>\n<\/div>\n<\/div>\n<\/div>\n<\/div>\n<\/div>\n<\/div>\n<\/div>\n<div class=\"w-full pt-2 md:pt-0 dark:border-white\/20 md:border-transparent md:dark:border-transparent md:w-[calc(100%-.5rem)]\"><\/div>\n<\/li>\n<\/ul>\n<p>&nbsp;<\/p>\n<h3>\u00bfEres un revendedor?<\/h3>\n<p>Si es as\u00ed, cont\u00e1ctanos por correo electr\u00f3nico a\u00a0<a href=\"https:\/\/allgoodkeys.com\/es\/contactenos\/\" target=\"_blank\" rel=\"noopener\"><strong>Support@allgoodkeys.com<\/strong><\/a>\u00a0y te proporcionaremos una oferta personalizada y una lista de precios. \u00a1Trabajemos juntos para satisfacer tus necesidades y las de tus clientes!<\/p>\n<h3>\u00bfInteresado en afiliarte?<\/h3>\n<p>\u00danete a nuestro programa de afiliados y comienza a ganar comisiones promocionando nuestros productos digitales. Con un enlace de seguimiento \u00fanico, podr\u00e1s monetizar tu plataforma y ofrecer valiosos productos a tu audiencia. \u00a1Reg\u00edstrate hoy mismo y descubre todas las oportunidades que tenemos para ti!\u00a0<a href=\"https:\/\/allgoodkeys.com\/es\/afiliarse\/\" target=\"_blank\" rel=\"noopener\"><strong>Visita nuestra p\u00e1gina del programa de afiliados para obtener m\u00e1s informaci\u00f3n.<\/strong><\/a><\/p>\n<p>&nbsp;<\/p>\n<h3>Descubre m\u00e1s productos<\/h3>\n<p><strong><a title=\"Comprar e instalar sistemas operativos Windows\" href=\"https:\/\/allgoodkeys.com\/es\/categoria-producto\/sistema-operativo\/\" target=\"_blank\" rel=\"noopener\">Sistemas operativos Windows<\/a>:\u00a0<a title=\"Comprar e instalar la licencia original de Microsoft Windows 11\" href=\"https:\/\/allgoodkeys.com\/es\/categoria-producto\/sistema-operativo-windows-11\/\" target=\"_blank\" rel=\"noopener\">Windows 11<\/a>\u00a0\u2013\u00a0<a title=\"Comprar e instalar Windows 10 Microsoft Original\" href=\"https:\/\/allgoodkeys.com\/es\/categoria-producto\/sistema-operativo-windows-10\/\" target=\"_blank\" rel=\"noopener\">Windows 10<\/a>\u00a0\u2013\u00a0<a title=\"Comprar e instalar Windows 8 Microsoft Original\" href=\"https:\/\/allgoodkeys.com\/es\/producto\/windows-8-1-professional-key-global-2\/\" target=\"_blank\" rel=\"noopener\">Windows 8<\/a><\/strong><br \/>\n<strong><a title=\"Comprar e instalar licencias originales de Microsoft Office Suites\" href=\"https:\/\/allgoodkeys.com\/es\/categoria-producto\/microsoft-office\/\" target=\"_blank\" rel=\"noopener\">Suites de Microsoft Office<\/a>:\u00a0<a href=\"https:\/\/allgoodkeys.com\/es\/categoria-producto\/microsoft-office-2021-es\/\" target=\"_blank\" rel=\"noopener\">Office 2021<\/a>\u00a0\u2013\u00a0<a title=\"Comprar e instalar la licencia original de Microsoft Office 2019\" href=\"https:\/\/allgoodkeys.com\/es\/categoria-producto\/microsoft-office-2019-es\/\" target=\"_blank\" rel=\"noopener\">Office 2019<\/a>\u00a0\u2013\u00a0<a title=\"Comprar e instalar la licencia original de Office 2016\" href=\"https:\/\/allgoodkeys.com\/es\/producto\/licencia-office-2016-professional-plus\/\" target=\"_blank\" rel=\"noopener\">Office 2016<\/a>\u00a0\u2013\u00a0<a title=\"Comprar e instalar Office para Mac Microsoft Original\" href=\"https:\/\/allgoodkeys.com\/es\/categoria-producto\/office-para-mac\/\" target=\"_blank\" rel=\"noopener\">Office para Mac<\/a><\/strong><br \/>\n<strong><a title=\"Comprar e instalar el mejor antivirus\" href=\"https:\/\/allgoodkeys.com\/es\/categoria-producto\/antivirus-y-seguridad\/\" target=\"_blank\" rel=\"noopener\">Antivirus<\/a>:\u00a0<a title=\"Comprar e instalar el antivirus original de Kaspersky\" href=\"https:\/\/allgoodkeys.com\/es\/categoria-producto\/kaspersky-es\/\" target=\"_blank\" rel=\"noopener\">Kaspersky<\/a>\u00a0\u2013\u00a0<a title=\"Comprar e instalar el antivirus original de ESET\" href=\"https:\/\/allgoodkeys.com\/es\/categoria-producto\/eset-es\/\" target=\"_blank\" rel=\"noopener\">ESET<\/a>\u00a0\u2013\u00a0<a title=\"Comprar e instalar el Avast Antivirus original\" href=\"https:\/\/allgoodkeys.com\/es\/categoria-producto\/avast\/\" target=\"_blank\" rel=\"noopener\">Avast<\/a>\u00a0\u2013\u00a0<a href=\"https:\/\/allgoodkeys.com\/es\/categoria-producto\/avg\/\" target=\"_blank\" rel=\"noopener\">AVG<\/a><\/strong><\/p>\n","protected":false},"excerpt":{"rendered":"<p>[icon name=\"circle-check\" prefix=\"fas\"]\u00a0 DESCARGA DIGITAL INSTANT\u00c1NEA<\/p>\n<p>[icon name=\"circle-check\" prefix=\"fas\"]\u00a0 SOPORTE DE POR VIDA<\/p>\n<p><a href=\"https:\/\/allgoodkeys.com\/es\/garantia-de-trusted-shops\/\" target=\"_blank\" rel=\"noopener\"><img decoding=\"async\" class=\"alignnone wp-image-48998\" src=\"https:\/\/allgoodkeys.com\/wp-content\/uploads\/2021\/02\/trusted-shops-es.png\" alt=\"\" width=\"195\" height=\"55\" srcset=\"https:\/\/allgoodkeys.com\/wp-content\/uploads\/2021\/02\/trusted-shops-es.png 396w, https:\/\/allgoodkeys.com\/wp-content\/uploads\/2021\/02\/trusted-shops-es-300x85.png 300w, https:\/\/allgoodkeys.com\/wp-content\/uploads\/2021\/02\/trusted-shops-es-250x71.png 250w\" sizes=\"(max-width: 195px) 100vw, 195px\" \/><\/a><\/p>\n","protected":false},"featured_media":22869,"comment_status":"open","ping_status":"closed","template":"","meta":{"rank_math_title":"","rank_math_description":"Adquiera su Licencia Office Hogar y Empresas 2019 a un precio asequible. Entrega instant\u00e1nea y activaci\u00f3n r\u00e1pida. \u00a1Consiga su Clave de Microsoft Office Hogar y Empresas 2019 en AllGoodKeys!\n","rank_math_focus_keyword":"Office Hogar y Empresas 2019"},"product_brand":[],"product_cat":[372,374,371],"product_tag":[],"woo-feed-brand":[],"class_list":{"0":"post-22868","1":"product","2":"type-product","3":"status-publish","4":"has-post-thumbnail","6":"product_cat-microsoft-office","7":"product_cat-microsoft-office-2019-es","8":"product_cat-todos-los-productos","10":"first","11":"outofstock","12":"virtual","13":"taxable","14":"purchasable","15":"product-type-simple"},"jetpack_sharing_enabled":true,"_links":{"self":[{"href":"https:\/\/allgoodkeys.com\/es\/wp-json\/wp\/v2\/product\/22868","targetHints":{"allow":["GET"]}}],"collection":[{"href":"https:\/\/allgoodkeys.com\/es\/wp-json\/wp\/v2\/product"}],"about":[{"href":"https:\/\/allgoodkeys.com\/es\/wp-json\/wp\/v2\/types\/product"}],"replies":[{"embeddable":true,"href":"https:\/\/allgoodkeys.com\/es\/wp-json\/wp\/v2\/comments?post=22868"}],"wp:featuredmedia":[{"embeddable":true,"href":"https:\/\/allgoodkeys.com\/es\/wp-json\/wp\/v2\/media\/22869"}],"wp:attachment":[{"href":"https:\/\/allgoodkeys.com\/es\/wp-json\/wp\/v2\/media?parent=22868"}],"wp:term":[{"taxonomy":"product_brand","embeddable":true,"href":"https:\/\/allgoodkeys.com\/es\/wp-json\/wp\/v2\/product_brand?post=22868"},{"taxonomy":"product_cat","embeddable":true,"href":"https:\/\/allgoodkeys.com\/es\/wp-json\/wp\/v2\/product_cat?post=22868"},{"taxonomy":"product_tag","embeddable":true,"href":"https:\/\/allgoodkeys.com\/es\/wp-json\/wp\/v2\/product_tag?post=22868"},{"taxonomy":"woo-feed-brand","embeddable":true,"href":"https:\/\/allgoodkeys.com\/es\/wp-json\/wp\/v2\/woo-feed-brand?post=22868"}],"curies":[{"name":"wp","href":"https:\/\/api.w.org\/{rel}","templated":true}]}}