{"id":22862,"date":"2021-10-30T12:11:53","date_gmt":"2021-10-30T12:11:53","guid":{"rendered":"https:\/\/allgoodkeys.com\/product\/windows-server-2022-datacenter-clave-de-activacion\/"},"modified":"2025-02-07T18:04:22","modified_gmt":"2025-02-07T18:04:22","slug":"windows-server-2022-datacenter","status":"publish","type":"product","link":"https:\/\/allgoodkeys.com\/es\/producto\/windows-server-2022-datacenter\/","title":{"rendered":"Windows Server 2022 Datacenter"},"content":{"rendered":"<div class=\"indexes__StyledProductDescription-sc-1vts47h-120 kIwkcy\" data-locator=\"product-description\">\n<blockquote><p><strong>\u00a1Compra Microsoft Windows Server 2022 Datacenter en All Good Keys y recibe tu pedido en tu bandeja de entrada en cuesti\u00f3n de segundos! Nuestras licencias cuentan con un 100% de garant\u00eda y ofrecemos pagos seguros , \u00a1adem\u00e1s de un Servicio de Atenci\u00f3n al Cliente gratuito.<\/strong><\/p><\/blockquote>\n<\/div>\n<p>&nbsp;<\/p>\n<div class=\"indexes__StyledProductDescription-sc-1vts47h-120 kIwkcy\" data-locator=\"product-description\">\n<h4>Adquiere Microsoft Windows Server 2022 Datacenter en All Good Keys:<\/h4>\n<p><strong>\u00a1Puedes comprar Microsoft Windows Server 2022 Datacenter en All Good Keys!<\/strong> La edici\u00f3n Datacenter de Windows Server 2022 est\u00e1 disponible en nuestro cat\u00e1logo con nuevas caracter\u00edsticas y mejoras. Basado en Windows Server 2019, la versi\u00f3n 2022 trae mejoras clave en tres \u00e1reas principales: <strong>seguridad<\/strong>, integraci\u00f3n y gesti\u00f3n h\u00edbrida del sistema con <strong>Azure<\/strong> y plataformas de aplicaciones.<\/p>\n<\/div>\n<p>&nbsp;<\/p>\n<div class=\"indexes__StyledProductDescription-sc-1vts47h-120 kIwkcy\" data-locator=\"product-description\">\n<h4>Microsoft Windows Server 2022 Datacenter para Empresas:<\/h4>\n<p>\u00a1La versi\u00f3n Datacenter de Windows Server 2022 ya est\u00e1 disponible para empresas medianas y grandes como la tuya! Windows Server 2022 recibir\u00e1 soporte hasta 2026,<strong> con Soporte Extendido hasta 2031<\/strong>. Las nuevas caracter\u00edsticas introducidas por Microsoft incluyen lo siguiente:<\/p>\n<ul>\n<li><strong>Confianza Ra\u00edz de Hardware:<\/strong> los chips de M\u00f3dulo de Plataforma Confiable 2.0 (TPM 2.0) aseguran una protecci\u00f3n a nivel de hardware para las claves de cifrado y los datos.<\/li>\n<li><strong>Seguridad basada en virtualizaci\u00f3n (VBS):<\/strong> protege el kernel y excluye posibles ataques de crypto-miner\u00eda.<\/li>\n<li><strong>HTTPS y TLS 1.3:<\/strong> habilitado de forma predeterminada en Windows Server 2022.<\/li>\n<li><strong>SMB Direct y RDMA:<\/strong> alto rendimiento, cifrado AES-128 y AES-256 para proteger la privacidad de los paquetes.<\/li>\n<\/ul>\n<\/div>\n<p>Las nuevas caracter\u00edsticas tambi\u00e9n incluyen <strong>SMB sobre QUIC, DNS<\/strong> seguro y m\u00e1s. \u00a1Compra ahora Microsoft Windows Server 2022 Datacenter<strong> para tu empresa<\/strong> y ahorra!<\/p>\n<p>&nbsp;<\/p>\n<h4>Descarga Microsoft Windows Server 2022 Datacenter:<\/h4>\n<p>Descarga <strong>Microsoft Windows Server 2022 Datacenter<\/strong> en segundos con All Good Keys. Al finalizar tu transacci\u00f3n, recibir\u00e1s todo lo que necesitas para configurar Windows Server 2022 Datacenter en tu bandeja de entrada, con una licencia garantizada al 100%. Las instrucciones adjuntas son sencillas para que puedas descargar, instalar y activar Windows Server 2022 Datacenter o asignar esta tarea a tu departamento de TI sin ayuda externa. En caso de duda o problemas, <a href=\"https:\/\/allgoodkeys.com\/es\/contactenos\/\" target=\"_blank\" rel=\"noopener\"><strong>nuestro Servicio de Atenci\u00f3n al Cliente<\/strong><\/a> , <strong>\u00a1totalmente gratuito<\/strong>, est\u00e1 siempre a tu disposici\u00f3n! Todos los pedidos, incluidos los productos empresariales, est\u00e1n cubiertos por nuestra garant\u00eda de devoluci\u00f3n del dinero.<\/p>\n<p>&nbsp;<\/p>\n<h4>Instala Windows Server 2022 Datacenter en Formato Digital:<\/h4>\n<p>Instala Windows Server 2022 Datacenter de inmediato con nuestro sistema de entrega instant\u00e1nea. <strong>All Good Keys es una empresa totalmente digital<\/strong>. El beneficio <strong>de nuestro sistema de entrega digital<\/strong> es enviar cada pedido justo despu\u00e9s de la compra, tambi\u00e9n <strong>reduciendo nuestra huella<\/strong> ya que no enviamos ning\u00fan producto f\u00edsico. De esta manera, puedes reducir el tiempo de inactividad, ya que no tienes que esperar a un mensajero. Adem\u00e1s, ahorrar\u00e1s dinero gracias a nuestras licencias digitales asequibles.<\/p>\n<p>&nbsp;<\/p>\n<h4>\u00bfCaducan las licencias de Microsoft Windows Server 2022 Datacenter?<\/h4>\n<div class=\"flex-1 overflow-hidden\">\n<div class=\"react-scroll-to-bottom--css-szene-79elbk h-full\">\n<div class=\"react-scroll-to-bottom--css-szene-1n7m0yu\">\n<div class=\"flex flex-col text-sm pb-9\">\n<div class=\"w-full text-token-text-primary\" data-testid=\"conversation-turn-757\">\n<div class=\"px-4 py-2 justify-center text-base md:gap-6 m-auto\">\n<div class=\"flex flex-1 text-base mx-auto gap-3 md:px-5 lg:px-1 xl:px-5 md:max-w-3xl lg:max-w-[40rem] xl:max-w-[48rem] group final-completion\">\n<div class=\"relative flex w-full flex-col agent-turn\">\n<div class=\"flex-col gap-1 md:gap-3\">\n<div class=\"flex flex-grow flex-col max-w-full\">\n<div class=\"min-h-[20px] text-message flex flex-col items-start gap-3 whitespace-pre-wrap break-words [.text-message+&amp;]:mt-5 overflow-x-auto\" data-message-author-role=\"assistant\" data-message-id=\"b3146c44-a017-46dc-b7ff-3b01492b6ab6\">\n<div class=\"markdown prose w-full break-words dark:prose-invert light\">\n<p>\u00a1No! El cat\u00e1logo de All Good Keys solo incluye software <strong>con licencia perpetua<\/strong>, tanto para usuarios empresariales como privados. Las licencias de Microsoft Windows Server 2022 Datacenter en nuestra tienda te permiten reinstalar o restaurar tus asientos con las mismas credenciales vinculadas a tus licencias. Por lo tanto, no necesitar\u00e1s licencias adicionales. <strong>\u00a1Comprar en All Good Keys es una jugada inteligente!<\/strong><\/p>\n<\/div>\n<\/div>\n<\/div>\n<h3><\/h3>\n<h3>\u00bfEres un revendedor?<\/h3>\n<p>Si es as\u00ed, cont\u00e1ctanos por correo electr\u00f3nico a\u00a0<a href=\"https:\/\/allgoodkeys.com\/es\/contactenos\/\" target=\"_blank\" rel=\"noopener\"><strong>Support@allgoodkeys.com<\/strong><\/a>\u00a0y te proporcionaremos una oferta personalizada y una lista de precios. \u00a1Trabajemos juntos para satisfacer tus necesidades y las de tus clientes!<\/p>\n<h3>\u00bfInteresado en afiliarte?<\/h3>\n<p>\u00danete a nuestro programa de afiliados y comienza a ganar comisiones promocionando nuestros productos digitales. Con un enlace de seguimiento \u00fanico, podr\u00e1s monetizar tu plataforma y ofrecer valiosos productos a tu audiencia. \u00a1Reg\u00edstrate hoy mismo y descubre todas las oportunidades que tenemos para ti!\u00a0<a href=\"https:\/\/allgoodkeys.com\/es\/afiliarse\/\" target=\"_blank\" rel=\"noopener\"><strong>Visita nuestra p\u00e1gina del programa de afiliados para obtener m\u00e1s informaci\u00f3n.<\/strong><\/a><\/p>\n<p>&nbsp;<\/p>\n<h3>Descubre m\u00e1s productos<\/h3>\n<p><strong><a title=\"Comprar e instalar sistemas operativos Windows\" href=\"https:\/\/allgoodkeys.com\/es\/categoria-producto\/sistema-operativo\/\" target=\"_blank\" rel=\"noopener\">Sistemas operativos Windows<\/a>:\u00a0<a title=\"Comprar e instalar la licencia original de Microsoft Windows 11\" href=\"https:\/\/allgoodkeys.com\/es\/categoria-producto\/sistema-operativo-windows-11\/\" target=\"_blank\" rel=\"noopener\">Windows 11<\/a>\u00a0\u2013\u00a0<a title=\"Comprar e instalar Windows 10 Microsoft Original\" href=\"https:\/\/allgoodkeys.com\/es\/categoria-producto\/sistema-operativo-windows-10\/\" target=\"_blank\" rel=\"noopener\">Windows 10<\/a>\u00a0\u2013\u00a0<a title=\"Comprar e instalar Windows 8 Microsoft Original\" href=\"https:\/\/allgoodkeys.com\/es\/producto\/licencia-windows-8-professional\/\" target=\"_blank\" rel=\"noopener\">Windows 8<\/a><\/strong><br \/>\n<strong><a title=\"Comprar e instalar licencias originales de Microsoft Office Suites\" href=\"https:\/\/allgoodkeys.com\/es\/categoria-producto\/microsoft-office\/\" target=\"_blank\" rel=\"noopener\">Suites de Microsoft Office<\/a>:\u00a0<a href=\"https:\/\/allgoodkeys.com\/es\/categoria-producto\/microsoft-office-2021-es\/\" target=\"_blank\" rel=\"noopener\">Office 2021<\/a>\u00a0\u2013\u00a0<a title=\"Comprar e instalar la licencia original de Microsoft Office 2019\" href=\"https:\/\/allgoodkeys.com\/es\/categoria-producto\/microsoft-office-2019-es\/\" target=\"_blank\" rel=\"noopener\">Office 2019<\/a>\u00a0\u2013\u00a0<a title=\"Comprar e instalar la licencia original de Office 2016\" href=\"https:\/\/allgoodkeys.com\/es\/producto\/licencia-office-2016-professional-plus\/\" target=\"_blank\" rel=\"noopener\">Office 2016<\/a>\u00a0\u2013\u00a0<a title=\"Comprar e instalar Office para Mac Microsoft Original\" href=\"https:\/\/allgoodkeys.com\/es\/categoria-producto\/office-para-mac\/\" target=\"_blank\" rel=\"noopener\">Office para Mac<\/a><\/strong><br \/>\n<strong><a title=\"Comprar e instalar el mejor antivirus\" href=\"https:\/\/allgoodkeys.com\/es\/categoria-producto\/antivirus-y-seguridad\/\" target=\"_blank\" rel=\"noopener\">Antivirus<\/a>:\u00a0<a title=\"Comprar e instalar el antivirus original de Kaspersky\" href=\"https:\/\/allgoodkeys.com\/es\/categoria-producto\/kaspersky-es\/\" target=\"_blank\" rel=\"noopener\">Kaspersky<\/a>\u00a0\u2013\u00a0<a title=\"Comprar e instalar el antivirus original de ESET\" href=\"https:\/\/allgoodkeys.com\/es\/categoria-producto\/eset-es\/\" target=\"_blank\" rel=\"noopener\">ESET<\/a>\u00a0\u2013\u00a0<a title=\"Comprar e instalar el Avast Antivirus original\" href=\"https:\/\/allgoodkeys.com\/es\/categoria-producto\/avast\/\" target=\"_blank\" rel=\"noopener\">Avast<\/a>\u00a0\u2013\u00a0<a href=\"https:\/\/allgoodkeys.com\/es\/categoria-producto\/avg\/\" target=\"_blank\" rel=\"noopener\">AVG<\/a><\/strong><\/p>\n<\/div>\n<\/div>\n<\/div>\n<\/div>\n<\/div>\n<\/div>\n<\/div>\n<\/div>\n<\/div>\n","protected":false},"excerpt":{"rendered":"<p>[icon name=\"circle-check\" prefix=\"fas\"]\u00a0 DESCARGA DIGITAL INSTANT\u00c1NEA<\/p>\n<p>[icon name=\"circle-check\" prefix=\"fas\"]\u00a0 SOPORTE DE POR VIDA<\/p>\n<p><a href=\"https:\/\/allgoodkeys.com\/es\/garantia-de-trusted-shops\/\" target=\"_blank\" rel=\"noopener\"><img decoding=\"async\" class=\"alignnone wp-image-48998\" src=\"https:\/\/allgoodkeys.com\/wp-content\/uploads\/2021\/02\/trusted-shops-es.png\" alt=\"\" width=\"195\" height=\"55\" srcset=\"https:\/\/allgoodkeys.com\/wp-content\/uploads\/2021\/02\/trusted-shops-es.png 396w, https:\/\/allgoodkeys.com\/wp-content\/uploads\/2021\/02\/trusted-shops-es-300x85.png 300w, https:\/\/allgoodkeys.com\/wp-content\/uploads\/2021\/02\/trusted-shops-es-250x71.png 250w\" sizes=\"(max-width: 195px) 100vw, 195px\" \/><\/a><\/p>\n","protected":false},"featured_media":22863,"comment_status":"open","ping_status":"closed","template":"","meta":{"rank_math_title":"","rank_math_description":"Adquiera su Microsoft Windows Server 2022 Datacenter a un precio asequible. Entrega instant\u00e1nea y activaci\u00f3n r\u00e1pida. \u00a1Consiga su Clave de Microsoft Windows Server 2022 Datacenter en AllGoodKeys!\n","rank_math_focus_keyword":"Windows Server 2022 Datacenter"},"product_brand":[],"product_cat":[369,378,371],"product_tag":[],"woo-feed-brand":[],"class_list":{"0":"post-22862","1":"product","2":"type-product","3":"status-publish","4":"has-post-thumbnail","6":"product_cat-destacado","7":"product_cat-servidores-windows","8":"product_cat-todos-los-productos","10":"first","11":"instock","12":"virtual","13":"taxable","14":"purchasable","15":"product-type-simple"},"jetpack_sharing_enabled":true,"_links":{"self":[{"href":"https:\/\/allgoodkeys.com\/es\/wp-json\/wp\/v2\/product\/22862","targetHints":{"allow":["GET"]}}],"collection":[{"href":"https:\/\/allgoodkeys.com\/es\/wp-json\/wp\/v2\/product"}],"about":[{"href":"https:\/\/allgoodkeys.com\/es\/wp-json\/wp\/v2\/types\/product"}],"replies":[{"embeddable":true,"href":"https:\/\/allgoodkeys.com\/es\/wp-json\/wp\/v2\/comments?post=22862"}],"wp:featuredmedia":[{"embeddable":true,"href":"https:\/\/allgoodkeys.com\/es\/wp-json\/wp\/v2\/media\/22863"}],"wp:attachment":[{"href":"https:\/\/allgoodkeys.com\/es\/wp-json\/wp\/v2\/media?parent=22862"}],"wp:term":[{"taxonomy":"product_brand","embeddable":true,"href":"https:\/\/allgoodkeys.com\/es\/wp-json\/wp\/v2\/product_brand?post=22862"},{"taxonomy":"product_cat","embeddable":true,"href":"https:\/\/allgoodkeys.com\/es\/wp-json\/wp\/v2\/product_cat?post=22862"},{"taxonomy":"product_tag","embeddable":true,"href":"https:\/\/allgoodkeys.com\/es\/wp-json\/wp\/v2\/product_tag?post=22862"},{"taxonomy":"woo-feed-brand","embeddable":true,"href":"https:\/\/allgoodkeys.com\/es\/wp-json\/wp\/v2\/woo-feed-brand?post=22862"}],"curies":[{"name":"wp","href":"https:\/\/api.w.org\/{rel}","templated":true}]}}