{"id":22856,"date":"2021-10-30T10:41:40","date_gmt":"2021-10-30T10:41:40","guid":{"rendered":"https:\/\/allgoodkeys.com\/product\/visio-professional-2021-clave-de-activacion-pc\/"},"modified":"2025-02-07T18:04:26","modified_gmt":"2025-02-07T18:04:26","slug":"microsoft-visio-2021-professional","status":"publish","type":"product","link":"https:\/\/allgoodkeys.com\/es\/producto\/microsoft-visio-2021-professional\/","title":{"rendered":"Microsoft Visio 2021 Professional"},"content":{"rendered":"<blockquote><p><strong>\u00a1Adquiere Microsoft Visio 2021 Professional en All Good Keys y ahorra en el precio de lista! Obt\u00e9n tu licencia 100% original y genuina ahora, con transacciones seguras y garant\u00eda de devoluci\u00f3n del dinero. Adem\u00e1s, nuestro Soporte T\u00e9cnico gratuito est\u00e1 siempre a tu disposici\u00f3n antes y despu\u00e9s de cada compra, incluso para asesoramiento personalizado.<\/strong><\/p><\/blockquote>\n<p>&nbsp;<\/p>\n<h4><strong>Visio Professional 2021:<\/strong><\/h4>\n<p><strong>Visio Professional 2021<\/strong> es un software de diagramaci\u00f3n y visualizaci\u00f3n de datos utilizado para crear diagramas profesionales e intuitivos. Las caracter\u00edsticas clave incluyen:<\/p>\n<ul>\n<li>Un amplio conjunto de <strong>formas predefinidas,<\/strong> como <strong>diagramas de flujo<\/strong>, <strong>organigramas<\/strong>, <strong>mapas<\/strong> y muchos otros, que permiten a los usuarios crear f\u00e1cilmente diagramas complejos.<\/li>\n<li>Excelente integraci\u00f3n con <strong>otros productos de Microsoft 365<\/strong>, como <strong>Excel<\/strong>, <strong>SharePoint<\/strong> y <strong>PowerPoint<\/strong>.<\/li>\n<li>La capacidad de trabajar simult\u00e1neamente en un diagrama con otros miembros del equipo gracias a la funci\u00f3n de colaboraci\u00f3n en tiempo real.<\/li>\n<li>Opciones para personalizar los diagramas utilizando una amplia gama de opciones de formato avanzadas, como<strong> agregar iconos personalizados<\/strong>, <strong>im\u00e1genes<\/strong> y <strong>datos<\/strong>.<\/li>\n<li>Herramientas avanzadas de automatizaci\u00f3n de procesos, como la capacidad de crear diagramas de flujo automatizados que ahorran tiempo y aumentan la eficiencia.<\/li>\n<\/ul>\n<p>En comparaci\u00f3n con otras versiones de Visio, <strong>la versi\u00f3n Professional<\/strong> ofrece algunas caracter\u00edsticas avanzadas, como integraci\u00f3n con <strong>Microsoft 365<\/strong> y <strong>automatizaci\u00f3n de procesos.<\/strong><\/p>\n<p>&nbsp;<\/p>\n<h4>Descarga inmediata de Visio Professional 2021 despu\u00e9s de la compra con All Good Keys:<\/h4>\n<p>Puedes descargar <strong>Microsoft Visio 2021 Professional<\/strong> inmediatamente despu\u00e9s de tu compra gracias al sistema de entrega digital de <strong>All Good Keys<\/strong>. Completa tu pedido, paga a trav\u00e9s de uno de los m\u00e9todos de pago seguros y revisa tu correo electr\u00f3nico, encontrar\u00e1s tu pedido esper\u00e1ndote de inmediato. As\u00ed, puedes realizar la descarga de tu<strong> Microsoft Visio 2021 Professional<\/strong> en tiempo real.<\/p>\n<p>&nbsp;<\/p>\n<h4><strong>Instalar Visio Professional 2021 es muy f\u00e1cil:<\/strong><\/h4>\n<p>Gracias a la gu\u00eda paso a paso incluida en el resumen de tu pedido por <strong>correo electr\u00f3nico<\/strong>, puedes instalar <strong>Microsoft Visio 2021 Professional<\/strong> inmediatamente despu\u00e9s de la descarga, siguiendo el procedimiento y abriendo el enlace oficial incluido. Nada se deja al azar, y si tienes alguna duda o problema, nuestro equipo de<a href=\"https:\/\/allgoodkeys.com\/es\/contactenos\/\" target=\"_blank\" rel=\"noopener\"><strong> Soporte T\u00e9cnico<\/strong><\/a> est\u00e1 siempre a tu disposici\u00f3n de forma gratuita.<\/p>\n<p>&nbsp;<\/p>\n<h4>Activar Visio Professional 2021 solo llega un momento<\/h4>\n<p>Puedes activar<strong> Microsoft Visio 2021 Professional<\/strong> inmediatamente despu\u00e9s de la instalaci\u00f3n con la clave de activaci\u00f3n incluida en <strong>el correo electr\u00f3nico<\/strong>. La clave es genuina y garantizada y siempre te proporciona una licencia verificada y leg\u00edtima. Y recuerda: <strong>cada transacci\u00f3n est\u00e1 siempre cubierta por nuestra garant\u00eda de devoluci\u00f3n del dinero completo para tu completa tranquilidad.<\/strong><\/p>\n<p>&nbsp;<\/p>\n<h4>Da vida a tus proyectos con Microsoft Visio 2021 Professional:<\/h4>\n<p>Con <strong>Microsoft Visio Pro 2021<\/strong>, puedes dar vida a tus proyectos con visualizaciones completas y atractivas que son ideales para presentaciones y coordinaci\u00f3n con el resto de tu equipo. Gracias a las integraciones de la versi\u00f3n Professional, puedes trabajar de manera fluida utilizando diversas herramientas y creando un entorno optimizado con todas las herramientas a tu alcance. Y si eliges una clave de producto de Visio 2021 Professional de<strong> All Good Keys<\/strong>, obtendr\u00e1s beneficios adicionales. Primero, tienes la seguridad de comprar tu software genuino a un excelente precio, en una tienda confiable y profesional.<\/p>\n<p>&nbsp;<\/p>\n<h4><strong>Visio Professional 2021 &#8211; Requisitos del sistema:<\/strong><\/h4>\n<ul>\n<li><strong>Sistema operativo:<\/strong> Windows 10 o posterior (64 bits).<\/li>\n<li><strong>Procesador:<\/strong> Procesador de 1.6GHz o superior, con al menos 2 n\u00facleos.<\/li>\n<li><strong>Memoria:<\/strong> Al menos 4GB de RAM.<\/li>\n<li><strong>Espacio en disco duro:<\/strong> Al menos 4GB de espacio en disco duro disponible.<\/li>\n<li><strong>Resoluci\u00f3n de pantalla:<\/strong> Resoluci\u00f3n de 1280 x 768 o superior.<\/li>\n<li><strong>Tarjeta de video:<\/strong> Tarjeta de video con al menos 128MB de memoria de video dedicada y soporte DirectX 10 o superior.<\/li>\n<\/ul>\n<p>&nbsp;<\/p>\n<h3>\u00bfEres un revendedor?<\/h3>\n<p>Si es as\u00ed, cont\u00e1ctanos por correo electr\u00f3nico a\u00a0<a href=\"https:\/\/allgoodkeys.com\/es\/contactenos\/\" target=\"_blank\" rel=\"noopener\"><strong>Support@allgoodkeys.com<\/strong><\/a>\u00a0y te proporcionaremos una oferta personalizada y una lista de precios. \u00a1Trabajemos juntos para satisfacer tus necesidades y las de tus clientes!<\/p>\n<h3>\u00bfInteresado en afiliarte?<\/h3>\n<p>\u00danete a nuestro programa de afiliados y comienza a ganar comisiones promocionando nuestros productos digitales. Con un enlace de seguimiento \u00fanico, podr\u00e1s monetizar tu plataforma y ofrecer valiosos productos a tu audiencia. \u00a1Reg\u00edstrate hoy mismo y descubre todas las oportunidades que tenemos para ti!\u00a0<a href=\"https:\/\/allgoodkeys.com\/es\/afiliarse\/\" target=\"_blank\" rel=\"noopener\"><strong>Visita nuestra p\u00e1gina del programa de afiliados para obtener m\u00e1s informaci\u00f3n.<\/strong><\/a><\/p>\n<p>&nbsp;<\/p>\n<h3>Descubre m\u00e1s productos<\/h3>\n<p><strong><a title=\"Comprar e instalar sistemas operativos Windows\" href=\"https:\/\/allgoodkeys.com\/es\/categoria-producto\/sistema-operativo\/\" target=\"_blank\" rel=\"noopener\">Sistemas operativos Windows<\/a>:\u00a0<a title=\"Comprar e instalar la licencia original de Microsoft Windows 11\" href=\"https:\/\/allgoodkeys.com\/es\/categoria-producto\/sistema-operativo-windows-11\/\" target=\"_blank\" rel=\"noopener\">Windows 11<\/a>\u00a0\u2013\u00a0<a title=\"Comprar e instalar Windows 10 Microsoft Original\" href=\"https:\/\/allgoodkeys.com\/es\/categoria-producto\/sistema-operativo-windows-10\/\" target=\"_blank\" rel=\"noopener\">Windows 10<\/a>\u00a0\u2013\u00a0<a title=\"Comprar e instalar Windows 8 Microsoft Original\" href=\"https:\/\/allgoodkeys.com\/es\/producto\/licencia-windows-8-professional\/\" target=\"_blank\" rel=\"noopener\">Windows 8<\/a><\/strong><br \/>\n<strong><a title=\"Comprar e instalar licencias originales de Microsoft Office Suites\" href=\"https:\/\/allgoodkeys.com\/es\/categoria-producto\/microsoft-office\/\" target=\"_blank\" rel=\"noopener\">Suites de Microsoft Office<\/a>:\u00a0<a href=\"https:\/\/allgoodkeys.com\/es\/categoria-producto\/microsoft-office-2021-es\/\" target=\"_blank\" rel=\"noopener\">Office 2021<\/a>\u00a0\u2013\u00a0<a title=\"Comprar e instalar la licencia original de Microsoft Office 2019\" href=\"https:\/\/allgoodkeys.com\/es\/categoria-producto\/microsoft-office-2019-es\/\" target=\"_blank\" rel=\"noopener\">Office 2019<\/a>\u00a0\u2013\u00a0<a title=\"Comprar e instalar la licencia original de Office 2016\" href=\"https:\/\/allgoodkeys.com\/es\/producto\/licencia-office-2016-professional-plus\/\" target=\"_blank\" rel=\"noopener\">Office 2016<\/a>\u00a0\u2013\u00a0<a title=\"Comprar e instalar Office para Mac Microsoft Original\" href=\"https:\/\/allgoodkeys.com\/es\/categoria-producto\/office-para-mac\/\" target=\"_blank\" rel=\"noopener\">Office para Mac<\/a><\/strong><br \/>\n<strong><a title=\"Comprar e instalar el mejor antivirus\" href=\"https:\/\/allgoodkeys.com\/es\/categoria-producto\/antivirus-y-seguridad\/\" target=\"_blank\" rel=\"noopener\">Antivirus<\/a>:\u00a0<a title=\"Comprar e instalar el antivirus original de Kaspersky\" href=\"https:\/\/allgoodkeys.com\/es\/categoria-producto\/kaspersky-es\/\" target=\"_blank\" rel=\"noopener\">Kaspersky<\/a>\u00a0\u2013\u00a0<a title=\"Comprar e instalar el antivirus original de ESET\" href=\"https:\/\/allgoodkeys.com\/es\/categoria-producto\/eset-es\/\" target=\"_blank\" rel=\"noopener\">ESET<\/a>\u00a0\u2013\u00a0<a title=\"Comprar e instalar el Avast Antivirus original\" href=\"http:\/\/allgoodkeys.com\/product-category\/avast\/\" target=\"_blank\" rel=\"noopener\">Avast<\/a>\u00a0\u2013\u00a0<a href=\"http:\/\/allgoodkeys.com\/product-category\/avg\/\" target=\"_blank\" rel=\"noopener\">AVG<\/a><\/strong><\/p>\n","protected":false},"excerpt":{"rendered":"<p>[icon name=\"circle-check\" prefix=\"fas\"]\u00a0 DESCARGA DIGITAL INSTANT\u00c1NEA<\/p>\n<p>[icon name=\"circle-check\" prefix=\"fas\"]\u00a0 SOPORTE DE POR VIDA<\/p>\n<p><a href=\"https:\/\/allgoodkeys.com\/es\/garantia-de-trusted-shops\/\" target=\"_blank\" rel=\"noopener\"><img decoding=\"async\" class=\"alignnone wp-image-48998\" src=\"https:\/\/allgoodkeys.com\/wp-content\/uploads\/2021\/02\/trusted-shops-es.png\" alt=\"\" width=\"195\" height=\"55\" srcset=\"https:\/\/allgoodkeys.com\/wp-content\/uploads\/2021\/02\/trusted-shops-es.png 396w, https:\/\/allgoodkeys.com\/wp-content\/uploads\/2021\/02\/trusted-shops-es-300x85.png 300w, https:\/\/allgoodkeys.com\/wp-content\/uploads\/2021\/02\/trusted-shops-es-250x71.png 250w\" sizes=\"(max-width: 195px) 100vw, 195px\" \/><\/a><\/p>\n","protected":false},"featured_media":22857,"comment_status":"open","ping_status":"closed","template":"","meta":[],"product_brand":[],"product_cat":[369,380,375,379,371],"product_tag":[],"woo-feed-brand":[],"class_list":{"0":"post-22856","1":"product","2":"type-product","3":"status-publish","4":"has-post-thumbnail","6":"product_cat-destacado","7":"product_cat-microsoft-office-2021-es","8":"product_cat-productos-de-oficina","9":"product_cat-suites-de-oficina","10":"product_cat-todos-los-productos","12":"first","13":"instock","14":"virtual","15":"taxable","16":"purchasable","17":"product-type-simple"},"jetpack_sharing_enabled":true,"_links":{"self":[{"href":"https:\/\/allgoodkeys.com\/es\/wp-json\/wp\/v2\/product\/22856","targetHints":{"allow":["GET"]}}],"collection":[{"href":"https:\/\/allgoodkeys.com\/es\/wp-json\/wp\/v2\/product"}],"about":[{"href":"https:\/\/allgoodkeys.com\/es\/wp-json\/wp\/v2\/types\/product"}],"replies":[{"embeddable":true,"href":"https:\/\/allgoodkeys.com\/es\/wp-json\/wp\/v2\/comments?post=22856"}],"wp:featuredmedia":[{"embeddable":true,"href":"https:\/\/allgoodkeys.com\/es\/wp-json\/wp\/v2\/media\/22857"}],"wp:attachment":[{"href":"https:\/\/allgoodkeys.com\/es\/wp-json\/wp\/v2\/media?parent=22856"}],"wp:term":[{"taxonomy":"product_brand","embeddable":true,"href":"https:\/\/allgoodkeys.com\/es\/wp-json\/wp\/v2\/product_brand?post=22856"},{"taxonomy":"product_cat","embeddable":true,"href":"https:\/\/allgoodkeys.com\/es\/wp-json\/wp\/v2\/product_cat?post=22856"},{"taxonomy":"product_tag","embeddable":true,"href":"https:\/\/allgoodkeys.com\/es\/wp-json\/wp\/v2\/product_tag?post=22856"},{"taxonomy":"woo-feed-brand","embeddable":true,"href":"https:\/\/allgoodkeys.com\/es\/wp-json\/wp\/v2\/woo-feed-brand?post=22856"}],"curies":[{"name":"wp","href":"https:\/\/api.w.org\/{rel}","templated":true}]}}