{"id":22854,"date":"2021-10-28T11:45:47","date_gmt":"2021-10-28T11:45:47","guid":{"rendered":"https:\/\/allgoodkeys.com\/product\/office-2019-hogar-y-estudiantes-clave-de-activacion-pc\/"},"modified":"2025-02-07T18:04:27","modified_gmt":"2025-02-07T18:04:27","slug":"office-hogar-y-estudiantes-2019","status":"publish","type":"product","link":"https:\/\/allgoodkeys.com\/es\/producto\/office-hogar-y-estudiantes-2019\/","title":{"rendered":"Office Hogar y Estudiantes 2019 &#8211; Licencia de Microsoft"},"content":{"rendered":"<blockquote><p><strong>\u00a1Compra tu clave de producto para Office Hogar y Estudiantes 2019 de All Good Keys a trav\u00e9s de nuestros sistemas de pago seguros y garantizados, y recibe un c\u00f3digo de licencia 100% genuino directamente en tu bandeja de entrada en segundos, junto con el enlace de descarga del archivo ISO oficial y toda la orientaci\u00f3n que necesitas para instalar y activar tu copia de Office 2019!<\/strong><\/p><\/blockquote>\n<p>&nbsp;<\/p>\n<h4>Microsoft <strong>Office Hogar y Estudiantes 2019<\/strong> 32 y 64 bits:<\/h4>\n<p><strong>*IMPORTANTE:<\/strong> esta versi\u00f3n de Office Hogar y Estudiantes 2019 no es para <strong>MAC<\/strong>.<\/p>\n<p>Microsoft <strong>Office Hogar y Estudiantes 2019<\/strong> es una de las suites de aplicaciones inform\u00e1ticas m\u00e1s populares del mercado. \u00bfEres estudiante o quieres usar las herramientas m\u00e1s populares como <strong>Word<\/strong>, <strong>Excel<\/strong> y <strong>PowerPoint<\/strong> en casa o en tu peque\u00f1a oficina? \u00a1No busques m\u00e1s! <strong>Office Hogar y Estudiantes 2019<\/strong> es la edici\u00f3n adecuada para tus necesidades, que incluye todas las utilidades de Microsoft m\u00e1s utilizadas en un paquete moderno totalmente compatible con<a href=\"https:\/\/allgoodkeys.com\/es\/producto\/licencia-windows-10-professional\/\" target=\"_blank\" rel=\"noopener\"><strong> Windows 10<\/strong>.<\/a><\/p>\n<p>&nbsp;<\/p>\n<h4>Microsoft <strong>Office Hogar y Estudiantes 2019<\/strong> para usuarios privados y peque\u00f1as empresas:<\/h4>\n<p>Ya seas estudiante, usuario habitual o trabajador profesional\/independiente, Office 2019 te ofrece todo lo que necesitas para procesar tus documentos, preparar tus presentaciones o llevar un registro de tus finanzas personales mediante hojas de c\u00e1lculo.<\/p>\n<p>Todas las aplicaciones incluidas son <strong>100% compatibles<\/strong> con dispositivos t\u00e1ctiles. Y con tu espacio de almacenamiento en la nube <strong>OneDrive<\/strong>, puedes acceder a tus archivos de trabajo est\u00e9s<strong> donde est\u00e9s a trav\u00e9s<\/strong> de Internet.<\/p>\n<p>&nbsp;<\/p>\n<h4>Office Hogar y Estudiantes 2019 y Windows:<\/h4>\n<p>Hasta la fecha, <a href=\"https:\/\/allgoodkeys.com\/es\/producto\/licencia-windows-11-professional\/\" target=\"_blank\" rel=\"noopener\"><strong>Windows 11<\/strong><\/a> y <a href=\"https:\/\/allgoodkeys.com\/es\/producto\/licencia-windows-10-professional\/\" target=\"_blank\" rel=\"noopener\"><strong>Windows 10<\/strong><\/a> son los \u00fanicos sistemas operativos de Microsoft que admiten la instalaci\u00f3n y la compatibilidad de <strong>Office Hogar y Estudiantes 2019<\/strong>.<\/p>\n<p>*Disponible pero no compatible con Office 2019: <strong>Windows 8<\/strong> &#8211; <strong>Windows 7<\/strong>.<\/p>\n<p>Otras versiones de <strong>la suite Microsoft Office<\/strong> est\u00e1n disponibles en nuestra tienda: <strong>Office 2021<\/strong> &#8211; <strong>Office 2016<\/strong>.<\/p>\n<p>&nbsp;<\/p>\n<h4>Licencia perpetua de Office 2019. \u00bfQu\u00e9 significa?<\/h4>\n<p>Al comprar tu clave de producto con nosotros, obtendr\u00e1s<strong> una licencia perpetua<\/strong> que te permite reinstalar Office siempre<strong> que lo desees<\/strong>, es decir, despu\u00e9s de formatear tu PC, reemplazar alg\u00fan componente.<\/p>\n<p>\u00a1Nunca m\u00e1s tendr\u00e1s que comprar otra licencia de Microsoft <strong>Office Hogar y Estudiantes 2019<\/strong>!<\/p>\n<p>&nbsp;<\/p>\n<h4>\u00bfQu\u00e9 incluye mi compra de Microsoft Office 2019?<\/h4>\n<p>Una vez que hayas instalado y activado tu copia de <strong>Office Hogar y Estudiantes 2019<\/strong>, acceder\u00e1s a todas las aplicaciones incluidas en el paquete:<\/p>\n<ul>\n<li><strong>Microsoft Word 2019:<\/strong> el procesador de textos m\u00e1s popular del mundo.<\/li>\n<li>\u00a0<strong>Microsoft Excel 2019:<\/strong> hojas de c\u00e1lculo y tablas para todas tus necesidades.<\/li>\n<li><strong>Microsoft PowerPoint 2019:<\/strong> tus presentaciones din\u00e1micas y elegantes est\u00e1n a solo unos clics de distancia.<\/li>\n<li><strong>Microsoft OneNote 2019:<\/strong> mejora tus notas con contenido multimedia y comp\u00e1rtelas con colegas, amigos y familiares.<\/li>\n<\/ul>\n<p>La clave de producto que recibir\u00e1s en tu bandeja de entrada dentro de<strong> los 30 segundos<\/strong> posteriores a tu compra se aplica a <strong>1 cuenta de Microsoft<\/strong> solamente y podr\u00e1s activar tu suite de Office<strong> siempre que lo necesites<\/strong>.<\/p>\n<p>&nbsp;<\/p>\n<h4>\u00bfPor qu\u00e9 comprar en All Good Keys?<\/h4>\n<p>Al ordenar tu licencia de Microsoft <strong>Office Hogar y Estudiantes 2019<\/strong> en All Good Keys, recibir\u00e1s inmediatamente tu clave en tu bandeja de entrada. Junto con el c\u00f3digo de licencia, tu correo electr\u00f3nico incluir\u00e1 un enlace para descargar tu imagen ISO oficial de Microsoft Office 2019 y instrucciones detalladas sobre c\u00f3mo instalar y activar tu suite.<\/p>\n<p><strong>Soporte gratuito :<\/strong> dos ventajas que dif\u00edcilmente encontrar\u00e1s en otro lugar. En caso de dudas, preguntas o problemas, simplemente ponte en <a href=\"https:\/\/allgoodkeys.com\/es\/contactenos\/\" target=\"_blank\" rel=\"noopener\"><strong>contacto con nuestro servicio de atenci\u00f3n al cliente<\/strong><\/a>. Te ayudaremos de inmediato y tendr\u00e1s todo nuestro apoyo. Nuestros m\u00e9todos de pago seguros y : elige All Good Keys para tus compras digitales con plena confianza.<\/p>\n<p>&nbsp;<\/p>\n<h4>Requisitos del sistema:<\/h4>\n<ul>\n<li><strong>Plataforma:<\/strong> Windows<\/li>\n<li><strong>Sistemas Operativos Compatibles:<\/strong> Windows 10 &#8211; Windows 11 &#8211; Windows Server 2019<\/li>\n<li><strong>Procesador:<\/strong> Memoria disponible de 3 GB o m\u00e1s<\/li>\n<li><strong>RAM:<\/strong> 2 GB de RAM o superior<\/li>\n<li><strong>Disco Duro:<\/strong> 3 GB de espacio disponible<\/li>\n<li><strong>Tarjeta Gr\u00e1fica:<\/strong> Se requiere soporte para DirectX 10 para la interfaz acelerada por GPU y resoluci\u00f3n de 1,024 * 768 p\u00edxeles o superior<\/li>\n<li><strong>Navegador:<\/strong> Versi\u00f3n actual de Internet Explorer, Chrome, Firefox, Microsoft Edge o Safari<\/li>\n<li><strong>Versi\u00f3n de .NET:<\/strong> .NET 3.5 o superior<\/li>\n<\/ul>\n<p>&nbsp;<\/p>\n<h3>\u00bfEres un revendedor?<\/h3>\n<p>Si es as\u00ed, cont\u00e1ctanos por correo electr\u00f3nico a\u00a0<a href=\"https:\/\/allgoodkeys.com\/es\/contactenos\/\" target=\"_blank\" rel=\"noopener\"><strong>Support@allgoodkeys.com<\/strong><\/a>\u00a0y te proporcionaremos una oferta personalizada y una lista de precios. \u00a1Trabajemos juntos para satisfacer tus necesidades y las de tus clientes!<\/p>\n<h3>\u00bfInteresado en afiliarte?<\/h3>\n<p>\u00danete a nuestro programa de afiliados y comienza a ganar comisiones promocionando nuestros productos digitales. Con un enlace de seguimiento \u00fanico, podr\u00e1s monetizar tu plataforma y ofrecer valiosos productos a tu audiencia. \u00a1Reg\u00edstrate hoy mismo y descubre todas las oportunidades que tenemos para ti!\u00a0<a href=\"https:\/\/allgoodkeys.com\/es\/afiliarse\/\" target=\"_blank\" rel=\"noopener\"><strong>Visita nuestra p\u00e1gina del programa de afiliados para obtener m\u00e1s informaci\u00f3n.<\/strong><\/a><\/p>\n<p>&nbsp;<\/p>\n<h3>Descubre m\u00e1s productos<\/h3>\n<p><strong><a title=\"Comprar e instalar sistemas operativos Windows\" href=\"https:\/\/allgoodkeys.com\/es\/categoria-producto\/sistema-operativo\/\" target=\"_blank\" rel=\"noopener\">Sistemas operativos Windows<\/a>:\u00a0<a title=\"Comprar e instalar la licencia original de Microsoft Windows 11\" href=\"https:\/\/allgoodkeys.com\/es\/categoria-producto\/sistema-operativo-windows-11\/\" target=\"_blank\" rel=\"noopener\">Windows 11<\/a>\u00a0\u2013\u00a0<a title=\"Comprar e instalar Windows 10 Microsoft Original\" href=\"https:\/\/allgoodkeys.com\/es\/categoria-producto\/sistema-operativo-windows-10\/\" target=\"_blank\" rel=\"noopener\">Windows 10<\/a>\u00a0\u2013\u00a0<a title=\"Comprar e instalar Windows 8 Microsoft Original\" href=\"https:\/\/allgoodkeys.com\/es\/producto\/windows-8-1-professional-key-global-2\/\" target=\"_blank\" rel=\"noopener\">Windows 8<\/a><\/strong><br \/>\n<strong><a title=\"Comprar e instalar licencias originales de Microsoft Office Suites\" href=\"https:\/\/allgoodkeys.com\/es\/categoria-producto\/microsoft-office\/\" target=\"_blank\" rel=\"noopener\">Suites de Microsoft Office<\/a>:\u00a0<a href=\"https:\/\/allgoodkeys.com\/es\/categoria-producto\/microsoft-office-2021-es\/\" target=\"_blank\" rel=\"noopener\">Office 2021<\/a>\u00a0\u2013\u00a0<a title=\"Comprar e instalar la licencia original de Microsoft Office 2019\" href=\"https:\/\/allgoodkeys.com\/es\/categoria-producto\/microsoft-office-2019-es\/\" target=\"_blank\" rel=\"noopener\">Office 2019<\/a>\u00a0\u2013\u00a0<a title=\"Comprar e instalar la licencia original de Office 2016\" href=\"https:\/\/allgoodkeys.com\/es\/producto\/licencia-office-2016-professional-plus\/\" target=\"_blank\" rel=\"noopener\">Office 2016<\/a>\u00a0\u2013\u00a0<a title=\"Comprar e instalar Office para Mac Microsoft Original\" href=\"https:\/\/allgoodkeys.com\/es\/categoria-producto\/office-para-mac\/\" target=\"_blank\" rel=\"noopener\">Office para Mac<\/a><\/strong><br \/>\n<strong><a title=\"Comprar e instalar el mejor antivirus\" href=\"https:\/\/allgoodkeys.com\/es\/categoria-producto\/antivirus-y-seguridad\/\" target=\"_blank\" rel=\"noopener\">Antivirus<\/a>:\u00a0<a title=\"Comprar e instalar el antivirus original de Kaspersky\" href=\"https:\/\/allgoodkeys.com\/es\/categoria-producto\/kaspersky-es\/\" target=\"_blank\" rel=\"noopener\">Kaspersky<\/a>\u00a0\u2013\u00a0<a title=\"Comprar e instalar el antivirus original de ESET\" href=\"https:\/\/allgoodkeys.com\/es\/categoria-producto\/eset-es\/\" target=\"_blank\" rel=\"noopener\">ESET<\/a>\u00a0\u2013\u00a0<a title=\"Comprar e instalar el Avast Antivirus original\" href=\"https:\/\/allgoodkeys.com\/es\/categoria-producto\/avast\/\" target=\"_blank\" rel=\"noopener\">Avast<\/a>\u00a0\u2013\u00a0<a href=\"https:\/\/allgoodkeys.com\/es\/categoria-producto\/avg\/\" target=\"_blank\" rel=\"noopener\">AVG<\/a><\/strong><\/p>\n","protected":false},"excerpt":{"rendered":"<p>[icon name=\"circle-check\" prefix=\"fas\"]\u00a0 DESCARGA DIGITAL INSTANT\u00c1NEA<\/p>\n<p>[icon name=\"circle-check\" prefix=\"fas\"]\u00a0 SOPORTE DE POR VIDA<\/p>\n<p><a href=\"https:\/\/allgoodkeys.com\/es\/garantia-de-trusted-shops\/\" target=\"_blank\" rel=\"noopener\"><img decoding=\"async\" class=\"alignnone wp-image-48998\" src=\"https:\/\/allgoodkeys.com\/wp-content\/uploads\/2021\/02\/trusted-shops-es.png\" alt=\"\" width=\"195\" height=\"55\" srcset=\"https:\/\/allgoodkeys.com\/wp-content\/uploads\/2021\/02\/trusted-shops-es.png 396w, https:\/\/allgoodkeys.com\/wp-content\/uploads\/2021\/02\/trusted-shops-es-300x85.png 300w, https:\/\/allgoodkeys.com\/wp-content\/uploads\/2021\/02\/trusted-shops-es-250x71.png 250w\" sizes=\"(max-width: 195px) 100vw, 195px\" \/><\/a><\/p>\n","protected":false},"featured_media":22855,"comment_status":"open","ping_status":"closed","template":"","meta":[],"product_brand":[],"product_cat":[372,374,371],"product_tag":[],"woo-feed-brand":[],"class_list":{"0":"post-22854","1":"product","2":"type-product","3":"status-publish","4":"has-post-thumbnail","6":"product_cat-microsoft-office","7":"product_cat-microsoft-office-2019-es","8":"product_cat-todos-los-productos","10":"first","11":"outofstock","12":"virtual","13":"taxable","14":"purchasable","15":"product-type-simple"},"jetpack_sharing_enabled":true,"_links":{"self":[{"href":"https:\/\/allgoodkeys.com\/es\/wp-json\/wp\/v2\/product\/22854","targetHints":{"allow":["GET"]}}],"collection":[{"href":"https:\/\/allgoodkeys.com\/es\/wp-json\/wp\/v2\/product"}],"about":[{"href":"https:\/\/allgoodkeys.com\/es\/wp-json\/wp\/v2\/types\/product"}],"replies":[{"embeddable":true,"href":"https:\/\/allgoodkeys.com\/es\/wp-json\/wp\/v2\/comments?post=22854"}],"wp:featuredmedia":[{"embeddable":true,"href":"https:\/\/allgoodkeys.com\/es\/wp-json\/wp\/v2\/media\/22855"}],"wp:attachment":[{"href":"https:\/\/allgoodkeys.com\/es\/wp-json\/wp\/v2\/media?parent=22854"}],"wp:term":[{"taxonomy":"product_brand","embeddable":true,"href":"https:\/\/allgoodkeys.com\/es\/wp-json\/wp\/v2\/product_brand?post=22854"},{"taxonomy":"product_cat","embeddable":true,"href":"https:\/\/allgoodkeys.com\/es\/wp-json\/wp\/v2\/product_cat?post=22854"},{"taxonomy":"product_tag","embeddable":true,"href":"https:\/\/allgoodkeys.com\/es\/wp-json\/wp\/v2\/product_tag?post=22854"},{"taxonomy":"woo-feed-brand","embeddable":true,"href":"https:\/\/allgoodkeys.com\/es\/wp-json\/wp\/v2\/woo-feed-brand?post=22854"}],"curies":[{"name":"wp","href":"https:\/\/api.w.org\/{rel}","templated":true}]}}