{"id":22851,"date":"2021-10-28T09:14:59","date_gmt":"2021-10-28T09:14:59","guid":{"rendered":"https:\/\/allgoodkeys.com\/product\/office-2021-home-y-business-clave-de-activacion-para-mac\/"},"modified":"2025-02-07T18:04:28","modified_gmt":"2025-02-07T18:04:28","slug":"office-hogar-y-empresas-2021","status":"publish","type":"product","link":"https:\/\/allgoodkeys.com\/es\/producto\/office-hogar-y-empresas-2021\/","title":{"rendered":"Office Hogar y Empresas 2021 \u2013 para MAC"},"content":{"rendered":"<blockquote><p><strong>\u00a1Da el siguiente paso en tu productividad digital con Microsoft Office Hogar y Empresas 2021 para Mac! En All Good Keys, ofrecemos la soluci\u00f3n definitiva para tus necesidades de trabajo en casa o en la oficina. Con una combinaci\u00f3n perfecta de herramientas avanzadas y una interfaz intuitiva, esta suite de productividad te permite llevar tus proyectos al siguiente nivel.<\/strong><\/p><\/blockquote>\n<p>&nbsp;<\/p>\n<h4 class=\"css-a5m6co-text css-17i77fe-fontFamily css-11397xj-fontSize css-15qzf5r-display css-7bji7i-wordBreak\"><span class=\"\">Office Hogar y Empresas 2021 &#8211; para MAC<\/span><\/h4>\n<p>Imagina un mundo donde cada tarea se realiza con facilidad y eficiencia. Con<strong> Excel 2021 para Mac<\/strong>, puedes manejar datos complejos con la nueva funci\u00f3n <strong>XLOOKUP<\/strong>, que te permite encontrar informaci\u00f3n en celdas y tablas de manera m\u00e1s r\u00e1pida que nunca. Ya sea que est\u00e9s creando presupuestos, an\u00e1lisis financieros o informes de ventas, Excel te brinda las herramientas que necesitas para destacar.<\/p>\n<p>Pero <strong>Office Hogar y Empresas 2021 para Mac<\/strong> no se detiene ah\u00ed. Con Word 2021, puedes crear documentos impresionantes con facilidad. La compatibilidad total con archivos de Windows significa que nunca m\u00e1s tendr\u00e1s que preocuparte por la p\u00e9rdida de formato al compartir documentos con colegas o clientes. Adem\u00e1s, las nuevas funciones de colaboraci\u00f3n te permiten trabajar en documentos con m\u00faltiples autores en tiempo real, sin importar d\u00f3nde se encuentren.<\/p>\n<p>Y no podemos olvidarnos de <strong>PowerPoint 2021<\/strong>, la herramienta perfecta para presentaciones impactantes. Desde la capacidad de enlazar diapositivas individuales hasta las mejoras en las funciones de grabaci\u00f3n, PowerPoint te ayuda a comunicar tus ideas de manera clara y efectiva.<\/p>\n<p>Pero lo mejor de todo es que <strong>Office Hogar y Empresas 2021 para Mac<\/strong> est\u00e1 dise\u00f1ado pensando en la colaboraci\u00f3n y la movilidad. Con la sincronizaci\u00f3n en la nube, puedes acceder a tus documentos desde cualquier lugar y en cualquier momento, ya sea en tu<strong> Mac, iPhone o iPad.<\/strong> Y con la compatibilidad total con macOS 12 Monterey*, aprovechas al m\u00e1ximo las \u00faltimas innovaciones en tecnolog\u00eda de Apple.<\/p>\n<p>En <strong>All Good Keys<\/strong>, nos enorgullece ofrecerte la mejor experiencia de compra. Nuestro proceso de compra es r\u00e1pido y sencillo, y recibir\u00e1s tu clave de producto en cuesti\u00f3n de segundos. Adem\u00e1s, <a href=\"https:\/\/allgoodkeys.com\/es\/contactenos\/\" target=\"_blank\" rel=\"noopener\"><strong>nuestro equipo de atenci\u00f3n al cliente<\/strong> <\/a>est\u00e1 disponible para ayudarte en cada paso del camino, garantizando que tengas la mejor experiencia posible.<\/p>\n<p>As\u00ed que no esperes m\u00e1s. Dale a tu trabajo el impulso que se merece con <strong>Microsoft Office Hogar y Empresas 2021 para Mac<\/strong>. \u00a1Compra ahora en <strong>All Good Keys<\/strong> y descubre lo que realmente puede hacer <strong>tu Mac!<\/strong><\/p>\n<p>&nbsp;<\/p>\n<h4>\u00bfEres un revendedor?<\/h4>\n<p>Si es as\u00ed, cont\u00e1ctanos por correo electr\u00f3nico a\u00a0<a href=\"https:\/\/allgoodkeys.com\/es\/contactenos\/\" target=\"_blank\" rel=\"noopener\"><strong>Support@allgoodkeys.com<\/strong><\/a>\u00a0y te proporcionaremos una oferta personalizada y una lista de precios. \u00a1Trabajemos juntos para satisfacer tus necesidades y las de tus clientes!<\/p>\n<h4>\u00bfInteresado en afiliarte?<\/h4>\n<p>\u00danete a nuestro programa de afiliados y comienza a ganar comisiones promocionando nuestros productos digitales. Con un enlace de seguimiento \u00fanico, podr\u00e1s monetizar tu plataforma y ofrecer valiosos productos a tu audiencia. \u00a1Reg\u00edstrate hoy mismo y descubre todas las oportunidades que tenemos para ti!\u00a0<a href=\"https:\/\/allgoodkeys.com\/es\/afiliarse\/\" target=\"_blank\" rel=\"noopener\"><strong>Visita nuestra p\u00e1gina del programa de afiliados para obtener m\u00e1s informaci\u00f3n.<\/strong><\/a><\/p>\n<p>&nbsp;<\/p>\n<h4>Descubre m\u00e1s productos<\/h4>\n<p><strong><a title=\"Comprar e instalar sistemas operativos Windows\" href=\"https:\/\/allgoodkeys.com\/es\/categoria-producto\/sistema-operativo\/\" target=\"_blank\" rel=\"noopener\">Sistemas operativos Windows<\/a>:\u00a0<a title=\"Comprar e instalar la licencia original de Microsoft Windows 11\" href=\"https:\/\/allgoodkeys.com\/es\/categoria-producto\/sistema-operativo-windows-11\/\" target=\"_blank\" rel=\"noopener\">Windows 11<\/a>\u00a0\u2013\u00a0<a title=\"Comprar e instalar Windows 10 Microsoft Original\" href=\"https:\/\/allgoodkeys.com\/es\/categoria-producto\/sistema-operativo-windows-10\/\" target=\"_blank\" rel=\"noopener\">Windows 10<\/a>\u00a0\u2013\u00a0<a title=\"Comprar e instalar Windows 8 Microsoft Original\" href=\"https:\/\/allgoodkeys.com\/es\/producto\/licencia-windows-8-professional\/\" target=\"_blank\" rel=\"noopener\">Windows 8<\/a><\/strong><br \/>\n<strong><a title=\"Comprar e instalar licencias originales de Microsoft Office Suites\" href=\"https:\/\/allgoodkeys.com\/es\/categoria-producto\/microsoft-office\/\" target=\"_blank\" rel=\"noopener\">Suites de Microsoft Office<\/a>:\u00a0<a href=\"https:\/\/allgoodkeys.com\/es\/categoria-producto\/microsoft-office-2021-es\/\" target=\"_blank\" rel=\"noopener\">Office 2021<\/a>\u00a0\u2013\u00a0<a title=\"Comprar e instalar la licencia original de Microsoft Office 2019\" href=\"https:\/\/allgoodkeys.com\/es\/categoria-producto\/microsoft-office-2019-es\/\" target=\"_blank\" rel=\"noopener\">Office 2019<\/a>\u00a0\u2013\u00a0<a title=\"Comprar e instalar la licencia original de Office 2016\" href=\"https:\/\/allgoodkeys.com\/es\/producto\/office-2016-professional-plusivation-key-2\/\" target=\"_blank\" rel=\"noopener\">Office 2016<\/a>\u00a0\u2013\u00a0<a title=\"Comprar e instalar Office para Mac Microsoft Original\" href=\"https:\/\/allgoodkeys.com\/es\/categoria-producto\/office-para-mac\/\" target=\"_blank\" rel=\"noopener\">Office para Mac<\/a><\/strong><br \/>\n<strong><a title=\"Comprar e instalar el mejor antivirus\" href=\"https:\/\/allgoodkeys.com\/es\/categoria-producto\/antivirus-y-seguridad\/\" target=\"_blank\" rel=\"noopener\">Antivirus<\/a>:\u00a0<a title=\"Comprar e instalar el antivirus original de Kaspersky\" href=\"https:\/\/allgoodkeys.com\/es\/categoria-producto\/kaspersky-es\/\" target=\"_blank\" rel=\"noopener\">Kaspersky<\/a>\u00a0\u2013\u00a0<a title=\"Comprar e instalar el antivirus original de ESET\" href=\"https:\/\/allgoodkeys.com\/es\/categoria-producto\/eset-es\/\" target=\"_blank\" rel=\"noopener\">ESET<\/a>\u00a0\u2013\u00a0<a title=\"Comprar e instalar el Avast Antivirus original\" href=\"http:\/\/allgoodkeys.com\/product-category\/avast\/\" target=\"_blank\" rel=\"noopener\">Avast<\/a>\u00a0\u2013\u00a0<a href=\"http:\/\/allgoodkeys.com\/product-category\/avg\/\" target=\"_blank\" rel=\"noopener\">AVG<\/a><\/strong><\/p>\n","protected":false},"excerpt":{"rendered":"<p>[icon name=\"circle-check\" prefix=\"fas\"]\u00a0 DESCARGA DIGITAL INSTANT\u00c1NEA<\/p>\n<p>[icon name=\"circle-check\" prefix=\"fas\"]\u00a0 SOPORTE DE POR VIDA<\/p>\n<p><a href=\"https:\/\/allgoodkeys.com\/es\/garantia-de-trusted-shops\/\" target=\"_blank\" rel=\"noopener\"><img decoding=\"async\" class=\"alignnone wp-image-48998\" src=\"https:\/\/allgoodkeys.com\/wp-content\/uploads\/2021\/02\/trusted-shops-es.png\" alt=\"\" width=\"195\" height=\"55\" srcset=\"https:\/\/allgoodkeys.com\/wp-content\/uploads\/2021\/02\/trusted-shops-es.png 396w, https:\/\/allgoodkeys.com\/wp-content\/uploads\/2021\/02\/trusted-shops-es-300x85.png 300w, https:\/\/allgoodkeys.com\/wp-content\/uploads\/2021\/02\/trusted-shops-es-250x71.png 250w\" sizes=\"(max-width: 195px) 100vw, 195px\" \/><\/a><\/p>\n","protected":false},"featured_media":22852,"comment_status":"open","ping_status":"closed","template":"","meta":[],"product_brand":[],"product_cat":[372,380,373,379,371],"product_tag":[],"woo-feed-brand":[],"class_list":{"0":"post-22851","1":"product","2":"type-product","3":"status-publish","4":"has-post-thumbnail","6":"product_cat-microsoft-office","7":"product_cat-microsoft-office-2021-es","8":"product_cat-office-para-mac","9":"product_cat-suites-de-oficina","10":"product_cat-todos-los-productos","12":"first","13":"instock","14":"virtual","15":"taxable","16":"purchasable","17":"product-type-simple"},"jetpack_sharing_enabled":true,"_links":{"self":[{"href":"https:\/\/allgoodkeys.com\/es\/wp-json\/wp\/v2\/product\/22851","targetHints":{"allow":["GET"]}}],"collection":[{"href":"https:\/\/allgoodkeys.com\/es\/wp-json\/wp\/v2\/product"}],"about":[{"href":"https:\/\/allgoodkeys.com\/es\/wp-json\/wp\/v2\/types\/product"}],"replies":[{"embeddable":true,"href":"https:\/\/allgoodkeys.com\/es\/wp-json\/wp\/v2\/comments?post=22851"}],"wp:featuredmedia":[{"embeddable":true,"href":"https:\/\/allgoodkeys.com\/es\/wp-json\/wp\/v2\/media\/22852"}],"wp:attachment":[{"href":"https:\/\/allgoodkeys.com\/es\/wp-json\/wp\/v2\/media?parent=22851"}],"wp:term":[{"taxonomy":"product_brand","embeddable":true,"href":"https:\/\/allgoodkeys.com\/es\/wp-json\/wp\/v2\/product_brand?post=22851"},{"taxonomy":"product_cat","embeddable":true,"href":"https:\/\/allgoodkeys.com\/es\/wp-json\/wp\/v2\/product_cat?post=22851"},{"taxonomy":"product_tag","embeddable":true,"href":"https:\/\/allgoodkeys.com\/es\/wp-json\/wp\/v2\/product_tag?post=22851"},{"taxonomy":"woo-feed-brand","embeddable":true,"href":"https:\/\/allgoodkeys.com\/es\/wp-json\/wp\/v2\/woo-feed-brand?post=22851"}],"curies":[{"name":"wp","href":"https:\/\/api.w.org\/{rel}","templated":true}]}}