{"id":22849,"date":"2021-10-27T10:28:40","date_gmt":"2021-10-27T10:28:40","guid":{"rendered":"https:\/\/allgoodkeys.com\/product\/office-2019-home-and-business-clave-de-activacion-para-mac\/"},"modified":"2025-02-07T18:04:29","modified_gmt":"2025-02-07T18:04:29","slug":"office-hogar-y-empresas-2019-para-mac","status":"publish","type":"product","link":"https:\/\/allgoodkeys.com\/es\/producto\/office-hogar-y-empresas-2019-para-mac\/","title":{"rendered":"Office Hogar y Empresas 2019 Para Mac &#8211; Licencia de Microsoft"},"content":{"rendered":"<blockquote><p><strong>Office Hogar y Empresas 2019 Para Mac. Adquiere esta licencia y obt\u00e9n un producto 100% genuino de Microsoft. Nuestros m\u00e9todos ofrecen plena seguridad. En cuesti\u00f3n de minutos tras la compra, recibir\u00e1s por correo electr\u00f3nico tu licencia de activaci\u00f3n, el enlace de descarga del software de Microsoft y todas las instrucciones necesarias para una activaci\u00f3n r\u00e1pida y sencilla.<\/strong><\/p><\/blockquote>\n<p>&nbsp;<\/p>\n<h4><strong>Office Hogar y Empresas 2019<\/strong> Para Mac:<\/h4>\n<p><strong>Office Hogar y Empresas 2019<\/strong> <strong>para Mac<\/strong> es la soluci\u00f3n perfecta para<strong> los usuarios de Apple<\/strong>, que incluye todas las aplicaciones del paquete de Office e incorpora las \u00faltimas versiones de Outlook, Word, PowerPoint, Excel y OneNote. <strong>Est\u00e1 perfectamente adaptado a las necesidades de usuarios privados<\/strong>, <strong>profesionales y empresas<\/strong>. Una vez activado, estar\u00e1 vinculado directamente a tu correo electr\u00f3nico personal o empresarial y todas sus funciones estar\u00e1n disponibles para su uso sin conexi\u00f3n a Internet, por lo que no necesitar\u00e1s una conexi\u00f3n a Internet para trabajar con <strong>Office Hogar y Empresas 2019<\/strong> <strong>para Mac<\/strong>. Tu producto se entregar\u00e1 al instante: inmediatamente despu\u00e9s de la compra, recibir\u00e1s tu licencia con las correspondientes instrucciones de instalaci\u00f3n directamente en tu correo electr\u00f3nico.<\/p>\n<p>&nbsp;<\/p>\n<h4>\u00bfQu\u00e9 sucede si formateas tu Mac o cambias a uno nuevo? (licencia de por vida)<\/h4>\n<p><strong>La licencia de Office Hogar y Empresas 2019 para Mac se activar\u00e1 directamente a trav\u00e9s de tu correo electr\u00f3nico privado o empresarial y tiene validez de por vida<\/strong>: no es un servicio de suscripci\u00f3n y no requiere renovaciones peri\u00f3dicas por una tarifa. Al comprar <strong>Office Hogar y Empresas 2019 para Mac<\/strong>, lo poseer\u00e1s para siempre sin costos futuros adicionales, y podr\u00e1s disfrutar de las ventajas de tener una licencia genuina de Microsoft que puedes utilizar en tu computadora o dispositivo, incluso despu\u00e9s de formatear o migrar a otro. Puedes reutilizarlo para siempre, teniendo en cuenta que es v\u00e1lido para un solo dispositivo y, por lo tanto, debes desactivarlo en cualquier dispositivo anterior antes de volver a activarlo en uno nuevo.<\/p>\n<p>&nbsp;<\/p>\n<h4>Las aplicaciones incluidas en <strong>Office Hogar y Empresas 2019<\/strong> Para Mac son las siguientes.<\/h4>\n<ul>\n<li><strong>Excel 2019:<\/strong> un programa que ofrece una gama a\u00fan m\u00e1s amplia de caracter\u00edsticas profesionales, desde la creaci\u00f3n de tablas financieras, la recopilaci\u00f3n de datos para la presentaci\u00f3n de impuestos, bases de datos de productos y tablas de Excel de todo tipo. Tambi\u00e9n se han agregado nuevas funciones gr\u00e1ficas y matem\u00e1ticas, manteniendo la compatibilidad total con todos los archivos CSV.<\/li>\n<li><strong>Word 2019:<\/strong> la interfaz de Word 2019 ha sido mejorada y mejorada. Puedes crear cualquier tipo de documento, para uso personal o empresarial. Las nuevas adiciones incluyen reconocimiento de voz incorporado y tinta virtual, que convierte la escritura a mano en caracteres de texto digital directamente en tu pantalla.<\/li>\n<li><strong>PowerPoint 2019:<\/strong> el software de presentaci\u00f3n m\u00e1s importante del mercado, ahora mejorado para aumentar el rendimiento. En esta nueva versi\u00f3n, es posible trabajar con im\u00e1genes Ultra HD, hacer zoom en im\u00e1genes y diapositivas directamente, cambiar el tama\u00f1o de los elementos gr\u00e1ficos sin necesidad de procesarlos externamente. Todas estas funciones y muchas m\u00e1s para agilizar significativamente tu trabajo.<\/li>\n<li><strong>Outlook 2019:<\/strong> la gesti\u00f3n r\u00e1pida de contactos, citas y la capacidad de tener acceso a informaci\u00f3n actualizada de socios y clientes son requisitos esenciales, especialmente en las oficinas comerciales, y esto es posible gracias a un servidor de intercambio que te permite mantener tus datos siempre actualizados. Tambi\u00e9n ofrece la posibilidad de crear y gestionar m\u00faltiples cuentas.<\/li>\n<\/ul>\n<p>&nbsp;<\/p>\n<h4>Requisitos del sistema<\/h4>\n<ul>\n<li><strong>Plataforma:<\/strong> MAC<\/li>\n<li><strong>Sistemas operativos compatibles:<\/strong> Monterey, Ventura y Sonoma<\/li>\n<li><strong>Procesador:<\/strong> Procesador Intel<\/li>\n<li><strong>RAM:<\/strong> 4 GB de RAM o m\u00e1s<\/li>\n<li><strong>Disco duro:<\/strong> 10 GB<\/li>\n<li><strong>Para Outlook:<\/strong> Micr\u00f3fono para reconocimiento de voz<\/li>\n<li><strong>Navegador:<\/strong> Versi\u00f3n actual de Internet Explorer, Safari, Chrome o Firefox<\/li>\n<li><strong>Resoluci\u00f3n de pantalla:<\/strong> 1280 x 800 o superior<\/li>\n<\/ul>\n<p>&nbsp;<\/p>\n<h3>\u00bfEres un revendedor?<\/h3>\n<p>Si es as\u00ed, cont\u00e1ctanos por correo electr\u00f3nico a\u00a0<a href=\"https:\/\/allgoodkeys.com\/es\/contactenos\/\" target=\"_blank\" rel=\"noopener\"><strong>Support@allgoodkeys.com<\/strong><\/a>\u00a0y te proporcionaremos una oferta personalizada y una lista de precios. \u00a1Trabajemos juntos para satisfacer tus necesidades y las de tus clientes!<\/p>\n<h3>\u00bfInteresado en afiliarte?<\/h3>\n<p>\u00danete a nuestro programa de afiliados y comienza a ganar comisiones promocionando nuestros productos digitales. Con un enlace de seguimiento \u00fanico, podr\u00e1s monetizar tu plataforma y ofrecer valiosos productos a tu audiencia. \u00a1Reg\u00edstrate hoy mismo y descubre todas las oportunidades que tenemos para ti!\u00a0<a href=\"https:\/\/allgoodkeys.com\/es\/afiliarse\/\" target=\"_blank\" rel=\"noopener\"><strong>Visita nuestra p\u00e1gina del programa de afiliados para obtener m\u00e1s informaci\u00f3n.<\/strong><\/a><\/p>\n<p>&nbsp;<\/p>\n<h3>Descubre m\u00e1s productos<\/h3>\n<p><strong><a title=\"Comprar e instalar sistemas operativos Windows\" href=\"https:\/\/allgoodkeys.com\/es\/categoria-producto\/sistema-operativo\/\" target=\"_blank\" rel=\"noopener\">Sistemas operativos Windows<\/a>:\u00a0<a title=\"Comprar e instalar la licencia original de Microsoft Windows 11\" href=\"https:\/\/allgoodkeys.com\/es\/categoria-producto\/sistema-operativo-windows-11\/\" target=\"_blank\" rel=\"noopener\">Windows 11<\/a>\u00a0\u2013\u00a0<a title=\"Comprar e instalar Windows 10 Microsoft Original\" href=\"https:\/\/allgoodkeys.com\/es\/categoria-producto\/sistema-operativo-windows-10\/\" target=\"_blank\" rel=\"noopener\">Windows 10<\/a>\u00a0\u2013\u00a0<a title=\"Comprar e instalar Windows 8 Microsoft Original\" href=\"https:\/\/allgoodkeys.com\/es\/producto\/windows-8-1-professional-key-global-2\/\" target=\"_blank\" rel=\"noopener\">Windows 8<\/a><\/strong><br \/>\n<strong><a title=\"Comprar e instalar licencias originales de Microsoft Office Suites\" href=\"https:\/\/allgoodkeys.com\/es\/categoria-producto\/microsoft-office\/\" target=\"_blank\" rel=\"noopener\">Suites de Microsoft Office<\/a>:\u00a0<a href=\"https:\/\/allgoodkeys.com\/es\/categoria-producto\/microsoft-office-2021-es\/\" target=\"_blank\" rel=\"noopener\">Office 2021<\/a>\u00a0\u2013\u00a0<a title=\"Comprar e instalar la licencia original de Microsoft Office 2019\" href=\"https:\/\/allgoodkeys.com\/es\/categoria-producto\/microsoft-office-2019-es\/\" target=\"_blank\" rel=\"noopener\">Office 2019<\/a>\u00a0\u2013\u00a0<a title=\"Comprar e instalar la licencia original de Office 2016\" href=\"https:\/\/allgoodkeys.com\/es\/producto\/licencia-office-2016-professional-plus\/\" target=\"_blank\" rel=\"noopener\">Office 2016<\/a>\u00a0\u2013\u00a0<a title=\"Comprar e instalar Office para Mac Microsoft Original\" href=\"https:\/\/allgoodkeys.com\/es\/categoria-producto\/office-para-mac\/\" target=\"_blank\" rel=\"noopener\">Office para Mac<\/a><\/strong><br \/>\n<strong><a title=\"Comprar e instalar el mejor antivirus\" href=\"https:\/\/allgoodkeys.com\/es\/categoria-producto\/antivirus-y-seguridad\/\" target=\"_blank\" rel=\"noopener\">Antivirus<\/a>:\u00a0<a title=\"Comprar e instalar el antivirus original de Kaspersky\" href=\"https:\/\/allgoodkeys.com\/es\/categoria-producto\/kaspersky-es\/\" target=\"_blank\" rel=\"noopener\">Kaspersky<\/a>\u00a0\u2013\u00a0<a title=\"Comprar e instalar el antivirus original de ESET\" href=\"https:\/\/allgoodkeys.com\/es\/categoria-producto\/eset-es\/\" target=\"_blank\" rel=\"noopener\">ESET<\/a>\u00a0\u2013\u00a0<a title=\"Comprar e instalar el Avast Antivirus original\" href=\"http:\/\/allgoodkeys.com\/product-category\/avast\/\" target=\"_blank\" rel=\"noopener\">Avast<\/a>\u00a0\u2013\u00a0<a href=\"http:\/\/allgoodkeys.com\/product-category\/avg\/\" target=\"_blank\" rel=\"noopener\">AVG<\/a><\/strong><\/p>\n<p>&nbsp;<\/p>\n<p>&nbsp;<\/p>\n","protected":false},"excerpt":{"rendered":"<p>[icon name=\"circle-check\" prefix=\"fas\"]\u00a0 DESCARGA DIGITAL INSTANT\u00c1NEA<\/p>\n<p>[icon name=\"circle-check\" prefix=\"fas\"]\u00a0 SOPORTE DE POR VIDA<\/p>\n<p><a href=\"https:\/\/allgoodkeys.com\/es\/garantia-de-trusted-shops\/\" target=\"_blank\" rel=\"noopener\"><img decoding=\"async\" class=\"alignnone wp-image-48998\" src=\"http:\/\/allgoodkeys.com\/wp-content\/uploads\/2021\/02\/trusted-shops-es.png\" alt=\"\" width=\"195\" height=\"55\" srcset=\"https:\/\/allgoodkeys.com\/wp-content\/uploads\/2021\/02\/trusted-shops-es.png 396w, https:\/\/allgoodkeys.com\/wp-content\/uploads\/2021\/02\/trusted-shops-es-300x85.png 300w, https:\/\/allgoodkeys.com\/wp-content\/uploads\/2021\/02\/trusted-shops-es-250x71.png 250w\" sizes=\"(max-width: 195px) 100vw, 195px\" \/><\/a><\/p>\n","protected":false},"featured_media":22850,"comment_status":"open","ping_status":"closed","template":"","meta":{"rank_math_title":"Office Hogar y Empresas 2019 Para Mac - Licencia de Microsoft","rank_math_description":"Adquiera su Licencia Office Hogar y Empresas 2019 Para Mac a un precio asequible. Entrega instant\u00e1nea y activaci\u00f3n r\u00e1pida. \u00a1Consiga su Clave de Microsoft Office Hogar y Empresas 2019 Para Mac en AllGoodKeys!\n","rank_math_focus_keyword":"Office Hogar y Empresas 2019 Para Mac"},"product_brand":[],"product_cat":[372,374,373,379,371],"product_tag":[],"woo-feed-brand":[],"class_list":{"0":"post-22849","1":"product","2":"type-product","3":"status-publish","4":"has-post-thumbnail","6":"product_cat-microsoft-office","7":"product_cat-microsoft-office-2019-es","8":"product_cat-office-para-mac","9":"product_cat-suites-de-oficina","10":"product_cat-todos-los-productos","12":"first","13":"instock","14":"virtual","15":"taxable","16":"purchasable","17":"product-type-simple"},"jetpack_sharing_enabled":true,"_links":{"self":[{"href":"https:\/\/allgoodkeys.com\/es\/wp-json\/wp\/v2\/product\/22849","targetHints":{"allow":["GET"]}}],"collection":[{"href":"https:\/\/allgoodkeys.com\/es\/wp-json\/wp\/v2\/product"}],"about":[{"href":"https:\/\/allgoodkeys.com\/es\/wp-json\/wp\/v2\/types\/product"}],"replies":[{"embeddable":true,"href":"https:\/\/allgoodkeys.com\/es\/wp-json\/wp\/v2\/comments?post=22849"}],"wp:featuredmedia":[{"embeddable":true,"href":"https:\/\/allgoodkeys.com\/es\/wp-json\/wp\/v2\/media\/22850"}],"wp:attachment":[{"href":"https:\/\/allgoodkeys.com\/es\/wp-json\/wp\/v2\/media?parent=22849"}],"wp:term":[{"taxonomy":"product_brand","embeddable":true,"href":"https:\/\/allgoodkeys.com\/es\/wp-json\/wp\/v2\/product_brand?post=22849"},{"taxonomy":"product_cat","embeddable":true,"href":"https:\/\/allgoodkeys.com\/es\/wp-json\/wp\/v2\/product_cat?post=22849"},{"taxonomy":"product_tag","embeddable":true,"href":"https:\/\/allgoodkeys.com\/es\/wp-json\/wp\/v2\/product_tag?post=22849"},{"taxonomy":"woo-feed-brand","embeddable":true,"href":"https:\/\/allgoodkeys.com\/es\/wp-json\/wp\/v2\/woo-feed-brand?post=22849"}],"curies":[{"name":"wp","href":"https:\/\/api.w.org\/{rel}","templated":true}]}}