{"id":22788,"date":"2021-08-28T10:39:51","date_gmt":"2021-08-28T10:39:51","guid":{"rendered":"https:\/\/allgoodkeys.com\/product\/windows-server-2019-essentials-clave-de-activacion\/"},"modified":"2025-02-07T18:04:35","modified_gmt":"2025-02-07T18:04:35","slug":"windows-server-2019-essentials","status":"publish","type":"product","link":"https:\/\/allgoodkeys.com\/es\/producto\/windows-server-2019-essentials\/","title":{"rendered":"Windows Server 2019 Essentials"},"content":{"rendered":"<blockquote><p><strong>Compra la Licencia Windows Server 2019 Essentials en All Good Keys y aprovecha nuestro servicio gratuito de atenci\u00f3n al cliente. Entrega inmediata por correo electr\u00f3nico: cada pago est\u00e1 protegido. \u00a1Te ofrecemos el mejor servicio y licencias genuinas a precios competitivos!<\/strong><\/p><\/blockquote>\n<p>&nbsp;<\/p>\n<h4>Compra Windows Server 2019 Essentials en All Good Keys:<\/h4>\n<p><strong>Adquiere Windows Server 2019 Essentials en All Good Keys<\/strong> y benef\u00edciate de nuestros precios con descuento. \u00a1Nuestra entrega instant\u00e1nea por correo electr\u00f3nico te permite usar tu licencia de inmediato para instalar y activar Windows Server! Si tienes una peque\u00f1a empresa o si tu departamento de TI es limitado o est\u00e1 ausente, la edici\u00f3n Essentials de Windows Server 2019, con n\u00facleo y interfaz de usuario basados en <a href=\"https:\/\/allgoodkeys.com\/es\/producto\/licencia-windows-10-professional\/\" target=\"_blank\" rel=\"noopener\">Windows 10<\/a>, es la opci\u00f3n ideal.<\/p>\n<p>&nbsp;<\/p>\n<h4>Windows Server 2019 Essentials para Empresas:<\/h4>\n<p><strong>\u00a1Windows Server 2019 Essentials<\/strong> est\u00e1 dise\u00f1ado para empresas! Una versi\u00f3n moderna del famoso sistema operativo de servidores de Microsoft centrado en peque\u00f1as y medianas empresas. Podr\u00e1s elegir entre una instalaci\u00f3n f\u00edsica o virtual sin CAL. Seg\u00fan Microsoft, Windows Server 2019 ser\u00e1 la \u00faltima edici\u00f3n Essentials que se lanzar\u00e1.<\/p>\n<p>Windows Server 2019 Essentials tiene soporte hasta 2024, con soporte <strong>extendido hasta 2029<\/strong>. Las caracter\u00edsticas del sistema incluyen:<\/p>\n<ul>\n<li><strong>N\u00facleo e interfaz de usuario basados en Windows 10<\/strong><\/li>\n<li><strong>Soporte para Tigera Calico para Windows<\/strong><\/li>\n<li><strong>OpenSSH<\/strong><\/li>\n<li><strong>Contenedores de Linux para Windows<\/strong><\/li>\n<li><strong>Soporte para Kubernetes v. 1.14<\/strong><\/li>\n<\/ul>\n<p>Consulta todas las dem\u00e1s caracter\u00edsticas nuevas. Compra Microsoft Windows Server 2019 Essentials <strong>para tu empresa<\/strong>, ahorra dinero y disfruta de todos los beneficios que ofrece este producto de software.<\/p>\n<p>&nbsp;<\/p>\n<h4>Descarga Microsoft Windows Server 2019 Essentials:<\/h4>\n<p>Puedes descargar<strong> Windows Server 2019 Essentials<\/strong> en cuesti\u00f3n de minutos desde tu compra. Este es uno de <strong>los principales beneficios de All Good Keys<\/strong>. Recibir\u00e1s todo lo que necesitas en tu bandeja de entrada. Tu correo electr\u00f3nico contendr\u00e1 todos los recursos que utilizar\u00e1s para descargar, instalar y activar Windows Server 2019 Essentials de inmediato y de forma aut\u00f3noma. Si lo necesitas, <a href=\"https:\/\/allgoodkeys.com\/es\/contactenos\/\" target=\"_blank\" rel=\"noopener\"><strong>nuestro servicio gratuito de atenci\u00f3n al cliente<\/strong><\/a> est\u00e1 a tu disposici\u00f3n.<\/p>\n<p>&nbsp;<\/p>\n<h4>\u00bfHay restricciones para las licencias de Windows Server 2019 Essentials en el cat\u00e1logo de All Good Keys?<\/h4>\n<p>No. El cat\u00e1logo de <strong>All Good Keys<\/strong> solo ofrece productos con<strong> licencias perpetuas<\/strong>, tanto para software minorista como empresarial. Todas las<strong> licencias Windows Server 2019 Essentials<\/strong> compradas en All Good Keys te permiten usar las mismas credenciales para reinstalar o restaurar los asientos relevantes. No se necesitan m\u00e1s licencias, lo cual es un gran beneficio, especialmente si tu departamento de TI es demasiado peque\u00f1o o no est\u00e1 disponible en tu empresa.<\/p>\n<p>&nbsp;<\/p>\n<h4>Requisitos del sistema:<\/h4>\n<ul>\n<li><strong>Procesador:<\/strong> 1.4GHz, 64 bits<\/li>\n<li><strong>RAM:<\/strong> 512 MB<\/li>\n<li><strong>Almacenamiento:<\/strong> 32 GB<\/li>\n<li><strong> Red:<\/strong> Adaptador Ethernet Gigabit (10\/100\/1000baseT)<\/li>\n<li><strong>Almacenamiento \u00f3ptico:<\/strong> Unidad de DVD (si deseas grabar el archivo ISO en DVD)<\/li>\n<li><strong> Video:<\/strong> Super VGA (1024 x 768) o superior (opcional)<\/li>\n<li><strong>Dispositivos de entrada:<\/strong> Teclado y rat\u00f3n (opcional)<\/li>\n<li><strong>Internet:<\/strong> Acceso a banda ancha (opcional)<\/li>\n<\/ul>\n<p>&nbsp;<\/p>\n<h3>\u00bfEres un revendedor?<\/h3>\n<p>Si es as\u00ed, cont\u00e1ctanos por correo electr\u00f3nico a\u00a0<a href=\"https:\/\/allgoodkeys.com\/es\/contactenos\/\" target=\"_blank\" rel=\"noopener\"><strong>Support@allgoodkeys.com<\/strong><\/a>\u00a0y te proporcionaremos una oferta personalizada y una lista de precios. \u00a1Trabajemos juntos para satisfacer tus necesidades y las de tus clientes!<\/p>\n<h3>\u00bfInteresado en afiliarte?<\/h3>\n<p>\u00danete a nuestro programa de afiliados y comienza a ganar comisiones promocionando nuestros productos digitales. Con un enlace de seguimiento \u00fanico, podr\u00e1s monetizar tu plataforma y ofrecer valiosos productos a tu audiencia. \u00a1Reg\u00edstrate hoy mismo y descubre todas las oportunidades que tenemos para ti!\u00a0<a href=\"https:\/\/allgoodkeys.com\/es\/afiliarse\/\" target=\"_blank\" rel=\"noopener\"><strong>Visita nuestra p\u00e1gina del programa de afiliados para obtener m\u00e1s informaci\u00f3n.<\/strong><\/a><\/p>\n<p>&nbsp;<\/p>\n<h3>Descubre m\u00e1s productos<\/h3>\n<p><strong><a title=\"Comprar e instalar sistemas operativos Windows\" href=\"https:\/\/allgoodkeys.com\/es\/categoria-producto\/sistema-operativo\/\" target=\"_blank\" rel=\"noopener\">Sistemas operativos Windows<\/a>:\u00a0<a title=\"Comprar e instalar la licencia original de Microsoft Windows 11\" href=\"https:\/\/allgoodkeys.com\/es\/categoria-producto\/sistema-operativo-windows-11\/\" target=\"_blank\" rel=\"noopener\">Windows 11<\/a>\u00a0\u2013\u00a0<a title=\"Comprar e instalar Windows 10 Microsoft Original\" href=\"https:\/\/allgoodkeys.com\/es\/categoria-producto\/sistema-operativo-windows-10\/\" target=\"_blank\" rel=\"noopener\">Windows 10<\/a>\u00a0\u2013\u00a0<a title=\"Comprar e instalar Windows 8 Microsoft Original\" href=\"https:\/\/allgoodkeys.com\/es\/producto\/licencia-windows-8-professional\/\" target=\"_blank\" rel=\"noopener\">Windows 8<\/a><\/strong><br \/>\n<strong><a title=\"Comprar e instalar licencias originales de Microsoft Office Suites\" href=\"https:\/\/allgoodkeys.com\/es\/categoria-producto\/microsoft-office\/\" target=\"_blank\" rel=\"noopener\">Suites de Microsoft Office<\/a>:\u00a0<a href=\"https:\/\/allgoodkeys.com\/es\/categoria-producto\/microsoft-office-2021-es\/\" target=\"_blank\" rel=\"noopener\">Office 2021<\/a>\u00a0\u2013\u00a0<a title=\"Comprar e instalar la licencia original de Microsoft Office 2019\" href=\"https:\/\/allgoodkeys.com\/es\/categoria-producto\/microsoft-office-2019-es\/\" target=\"_blank\" rel=\"noopener\">Office 2019<\/a>\u00a0\u2013\u00a0<a title=\"Comprar e instalar la licencia original de Office 2016\" href=\"https:\/\/allgoodkeys.com\/es\/producto\/licencia-office-2016-professional-plus\/\" target=\"_blank\" rel=\"noopener\">Office 2016<\/a>\u00a0\u2013\u00a0<a title=\"Comprar e instalar Office para Mac Microsoft Original\" href=\"https:\/\/allgoodkeys.com\/es\/categoria-producto\/office-para-mac\/\" target=\"_blank\" rel=\"noopener\">Office para Mac<\/a><\/strong><br \/>\n<strong><a title=\"Comprar e instalar el mejor antivirus\" href=\"https:\/\/allgoodkeys.com\/es\/categoria-producto\/antivirus-y-seguridad\/\" target=\"_blank\" rel=\"noopener\">Antivirus<\/a>:\u00a0<a title=\"Comprar e instalar el antivirus original de Kaspersky\" href=\"https:\/\/allgoodkeys.com\/es\/categoria-producto\/kaspersky-es\/\" target=\"_blank\" rel=\"noopener\">Kaspersky<\/a>\u00a0\u2013\u00a0<a title=\"Comprar e instalar el antivirus original de ESET\" href=\"https:\/\/allgoodkeys.com\/es\/categoria-producto\/eset-es\/\" target=\"_blank\" rel=\"noopener\">ESET<\/a>\u00a0\u2013\u00a0<a title=\"Comprar e instalar el Avast Antivirus original\" href=\"https:\/\/allgoodkeys.com\/es\/categoria-producto\/avast\/\" target=\"_blank\" rel=\"noopener\">Avast<\/a>\u00a0\u2013\u00a0<a href=\"https:\/\/allgoodkeys.com\/es\/categoria-producto\/avg\/\" target=\"_blank\" rel=\"noopener\">AVG<\/a><\/strong><\/p>\n<div><\/div>\n<div><\/div>\n<div><\/div>\n<div><\/div>\n<div><\/div>\n","protected":false},"excerpt":{"rendered":"<p>[icon name=\"circle-check\" prefix=\"fas\"]\u00a0 DESCARGA DIGITAL INSTANT\u00c1NEA<\/p>\n<p>[icon name=\"circle-check\" prefix=\"fas\"]\u00a0 SOPORTE DE POR VIDA<\/p>\n<p><a href=\"https:\/\/allgoodkeys.com\/es\/garantia-de-trusted-shops\/\" target=\"_blank\" rel=\"noopener\"><img decoding=\"async\" class=\"alignnone wp-image-48998\" src=\"https:\/\/allgoodkeys.com\/wp-content\/uploads\/2021\/02\/trusted-shops-es.png\" alt=\"\" width=\"195\" height=\"55\" srcset=\"https:\/\/allgoodkeys.com\/wp-content\/uploads\/2021\/02\/trusted-shops-es.png 396w, https:\/\/allgoodkeys.com\/wp-content\/uploads\/2021\/02\/trusted-shops-es-300x85.png 300w, https:\/\/allgoodkeys.com\/wp-content\/uploads\/2021\/02\/trusted-shops-es-250x71.png 250w\" sizes=\"(max-width: 195px) 100vw, 195px\" \/><\/a><\/p>\n","protected":false},"featured_media":22789,"comment_status":"open","ping_status":"closed","template":"","meta":[],"product_brand":[],"product_cat":[378,371],"product_tag":[],"woo-feed-brand":[],"class_list":{"0":"post-22788","1":"product","2":"type-product","3":"status-publish","4":"has-post-thumbnail","6":"product_cat-servidores-windows","7":"product_cat-todos-los-productos","9":"first","10":"instock","11":"virtual","12":"taxable","13":"purchasable","14":"product-type-simple"},"jetpack_sharing_enabled":true,"_links":{"self":[{"href":"https:\/\/allgoodkeys.com\/es\/wp-json\/wp\/v2\/product\/22788","targetHints":{"allow":["GET"]}}],"collection":[{"href":"https:\/\/allgoodkeys.com\/es\/wp-json\/wp\/v2\/product"}],"about":[{"href":"https:\/\/allgoodkeys.com\/es\/wp-json\/wp\/v2\/types\/product"}],"replies":[{"embeddable":true,"href":"https:\/\/allgoodkeys.com\/es\/wp-json\/wp\/v2\/comments?post=22788"}],"wp:featuredmedia":[{"embeddable":true,"href":"https:\/\/allgoodkeys.com\/es\/wp-json\/wp\/v2\/media\/22789"}],"wp:attachment":[{"href":"https:\/\/allgoodkeys.com\/es\/wp-json\/wp\/v2\/media?parent=22788"}],"wp:term":[{"taxonomy":"product_brand","embeddable":true,"href":"https:\/\/allgoodkeys.com\/es\/wp-json\/wp\/v2\/product_brand?post=22788"},{"taxonomy":"product_cat","embeddable":true,"href":"https:\/\/allgoodkeys.com\/es\/wp-json\/wp\/v2\/product_cat?post=22788"},{"taxonomy":"product_tag","embeddable":true,"href":"https:\/\/allgoodkeys.com\/es\/wp-json\/wp\/v2\/product_tag?post=22788"},{"taxonomy":"woo-feed-brand","embeddable":true,"href":"https:\/\/allgoodkeys.com\/es\/wp-json\/wp\/v2\/woo-feed-brand?post=22788"}],"curies":[{"name":"wp","href":"https:\/\/api.w.org\/{rel}","templated":true}]}}