{"id":22786,"date":"2021-08-28T10:21:15","date_gmt":"2021-08-28T10:21:15","guid":{"rendered":"https:\/\/allgoodkeys.com\/product\/windows-server-2019-datacenter-clave-de-activacion\/"},"modified":"2025-02-07T18:04:36","modified_gmt":"2025-02-07T18:04:36","slug":"windows-server-2019-datacenter","status":"publish","type":"product","link":"https:\/\/allgoodkeys.com\/es\/producto\/windows-server-2019-datacenter\/","title":{"rendered":"Windows Server 2019 Datacenter"},"content":{"rendered":"<blockquote><p><strong>Compra Microsoft Windows Server 2019 Datacenter y recibe tu pedido en minutos en tu bandeja de entrada. All Good Keys ofrece pagos seguros , licencias garantizadas al 100%, con servicio al cliente gratuito.<\/strong><\/p><\/blockquote>\n<p>&nbsp;<\/p>\n<h4>Compra Microsoft Windows Server 2019 Datacenter:<\/h4>\n<p>Al comprar <strong>Microsoft Windows Server 2019 Datacenter<\/strong> en All Good Keys, <strong>cumplir\u00e1s con<\/strong> <strong>los requisitos m\u00e1s altos<\/strong> para tu empresa mediana o grande, tanto en t\u00e9rminos de productividad como de ahorro de presupuesto y tiempo. Recibir\u00e1s todo lo que necesitas por correo electr\u00f3nico, en pocos minutos despu\u00e9s de tu compra. Windows Server 2019 Datacenter est\u00e1 espec\u00edficamente desarrollado para departamentos de TI m\u00e1s grandes y ofrece <strong>un kernel y una interfaz de usuario basados en <a href=\"https:\/\/allgoodkeys.com\/es\/producto\/licencia-windows-10-professional\/\" target=\"_blank\" rel=\"noopener\">Windows 10.<\/a><\/strong><\/p>\n<p>&nbsp;<\/p>\n<h4>Microsoft Windows Server 2019 Datacenter para empresas:<\/h4>\n<p><strong>Dirigido a apoyar a empresas medianas y grandes<\/strong>, <strong>Windows Server 2019 Datacenter<\/strong> es tu soluci\u00f3n ideal. Se te proporcionar\u00e1n m\u00e1quinas virtuales y contenedores <strong>Hyper-V ilimitados<\/strong>, licencias CAL y soporte para hasta <strong>24TB de RAM<\/strong> y <strong>512<\/strong> n\u00facleos. Si tienes una infraestructura de TI compleja o un centro de datos, \u00a1no busques m\u00e1s!<\/p>\n<p>Todas las ediciones de Windows Server 2019 tienen soporte hasta 2024, con <strong>soporte extendido hasta 2029<\/strong>. Esta edici\u00f3n trae muchas caracter\u00edsticas nuevas y mejoras en comparaci\u00f3n con <strong>la versi\u00f3n anterior.<\/strong><\/p>\n<ul>\n<li><strong>Kernel y UI basados en Windows 10<\/strong><\/li>\n<li><strong>Soporte para Kubernetes v. 1.14<\/strong><\/li>\n<li><strong>Soporte para Tigera Calico para Windows<\/strong><\/li>\n<li><strong>Contenedor Linux para Windows<\/strong><\/li>\n<li><strong>OpenSSH<\/strong><\/li>\n<\/ul>\n<p>Otras caracter\u00edsticas incluyen <strong>el soporte de Windows Edge<\/strong>, <strong>protecci\u00f3n de m\u00e1quinas virtuales<\/strong> y m\u00e1s. Compra <strong>Microsoft Windows Server 2019 Datacenter<\/strong> para tu empresa ahora y ahorra tiempo y presupuesto.<\/p>\n<p>&nbsp;<\/p>\n<h4>Descarga Microsoft Windows Server 2019 Datacenter:<\/h4>\n<p>Gracias a All Good Keys, puedes comprar y descargar inmediatamente <strong>Microsoft Windows Server 2019 Datacenter<\/strong>. Recibir\u00e1s <strong>tu pedido inmediatamente por correo electr\u00f3nico<\/strong>, con todos los recursos que necesitas para usar tu nuevo sistema operativo Windows para servidores en pocos minutos desde tu compra. Obtendr\u00e1s un enlace de descarga oficial <strong>(archivo ISO)<\/strong> y tu l<strong>icencia genuina y garantizada al 100%<\/strong>. Tambi\u00e9n hemos desarrollado instrucciones claras y completas para ayudarte a ti y a tu departamento de TI a proceder y descargar, instalar y activar Windows Server 2019 Datacenter sin problemas. \u00a1En caso de duda o problemas, ponte en contacto con<a href=\"https:\/\/allgoodkeys.com\/es\/contactenos\/\" target=\"_blank\" rel=\"noopener\"><strong> nuestro servicio al cliente gratuito!<\/strong><\/a> Y recuerda, todos los productos minoristas y empresariales vendidos por All Good Keys est\u00e1n cubiertos por<strong> una garant\u00eda completa de devoluci\u00f3n de dinero.<\/strong><\/p>\n<p>&nbsp;<\/p>\n<h4>Instala Windows Server 2019 Datacenter en formato digital:<\/h4>\n<p>Instalar <strong>Windows Server 2019 Datacenter<\/strong> y ahorrar tiempo es posible con <strong>la entrega digital<\/strong>. All Good Keys es una empresa totalmente digital y hemos creado una tienda y un cat\u00e1logo de software dise\u00f1ado para <strong>lograr calidad<\/strong>, <strong>rentabilidad<\/strong>. Gracias a las licencias digitales y la distribuci\u00f3n por correo electr\u00f3nico, podemos ofrecer precios competitivos y un servicio profesional r\u00e1pido y de primera clase (que va desde pagos seguros hasta nuestra completa garant\u00eda de devoluci\u00f3n de dinero). Ya seas cliente privado o empresarial, el cat\u00e1logo de All Good Keys te permite ahorrar tiempo y dinero. Tus licencias genuinas y garantizadas para Windows Server 2019 Datacenter se entregar\u00e1n de inmediato en <strong>tu bandeja de entrada<\/strong> en poco tiempo y de manera m\u00e1s rentable gracias a nuestros precios inigualables.<\/p>\n<p>&nbsp;<\/p>\n<h4>\u00bfExisten restricciones con las licencias de Microsoft Windows Server 2019 Datacenter vendidas por All Good Keys?<\/h4>\n<p>No. All Good Keys ofrece un cat\u00e1logo completo de productos minoristas y empresariales, todos ellos cubiertos por <strong>licencias digitales perpetuas.<\/strong> Tambi\u00e9n te ofrecemos nuestras licencias para <strong>Microsoft Windows Server 2019 Datacenter<\/strong> que te permiten reutilizar tus credenciales siempre que necesites reinstalar el asiento relevante. Tu presupuesto de TI est\u00e1 seguro: \u00a1no tendr\u00e1s que comprar nuevas licencias!<\/p>\n<p>&nbsp;<\/p>\n<h4>Requisitos del sistema:<\/h4>\n<ul>\n<li><strong>Procesador:<\/strong> 1,4 GHz, 64 bits<\/li>\n<li><strong>RAM:<\/strong> 512 MB<\/li>\n<li><strong>Almacenamiento:<\/strong> 32 GB<\/li>\n<li><strong>Red:<\/strong> Adaptador Ethernet Gigabit (10\/100\/1000baseT)<\/li>\n<li><strong>Almacenamiento \u00f3ptico:<\/strong> unidad de DVD (si deseas grabar el archivo ISO en DVD)<\/li>\n<li><strong>Video:<\/strong> Super VGA (1024 x 768) o superior (opcional)<\/li>\n<li><strong>Dispositivos de entrada:<\/strong> Teclado y rat\u00f3n (opcional)<\/li>\n<li><strong>Internet:<\/strong> Acceso de banda ancha (opcional)\n<div class=\"flex-1 overflow-hidden\">\n<div class=\"react-scroll-to-bottom--css-jiuan-79elbk h-full\"><\/div>\n<\/div>\n<div class=\"w-full pt-2 md:pt-0 dark:border-white\/20 md:border-transparent md:dark:border-transparent md:w-[calc(100%-.5rem)]\"><\/div>\n<\/li>\n<\/ul>\n<p>&nbsp;<\/p>\n<div>\n<h3>\u00bfEres un revendedor?<\/h3>\n<p>Si es as\u00ed, cont\u00e1ctanos por correo electr\u00f3nico a\u00a0<a href=\"https:\/\/allgoodkeys.com\/es\/contactenos\/\" target=\"_blank\" rel=\"noopener\"><strong>Support@allgoodkeys.com<\/strong><\/a>\u00a0y te proporcionaremos una oferta personalizada y una lista de precios. \u00a1Trabajemos juntos para satisfacer tus necesidades y las de tus clientes!<\/p>\n<h3>\u00bfInteresado en afiliarte?<\/h3>\n<p>\u00danete a nuestro programa de afiliados y comienza a ganar comisiones promocionando nuestros productos digitales. Con un enlace de seguimiento \u00fanico, podr\u00e1s monetizar tu plataforma y ofrecer valiosos productos a tu audiencia. \u00a1Reg\u00edstrate hoy mismo y descubre todas las oportunidades que tenemos para ti!\u00a0<a href=\"https:\/\/allgoodkeys.com\/es\/afiliarse\/\" target=\"_blank\" rel=\"noopener\"><strong>Visita nuestra p\u00e1gina del programa de afiliados para obtener m\u00e1s informaci\u00f3n.<\/strong><\/a><\/p>\n<p>&nbsp;<\/p>\n<h3>Descubre m\u00e1s productos<\/h3>\n<p><strong><a title=\"Comprar e instalar sistemas operativos Windows\" href=\"https:\/\/allgoodkeys.com\/es\/categoria-producto\/sistema-operativo\/\" target=\"_blank\" rel=\"noopener\">Sistemas operativos Windows<\/a>:\u00a0<a title=\"Comprar e instalar la licencia original de Microsoft Windows 11\" href=\"https:\/\/allgoodkeys.com\/es\/categoria-producto\/sistema-operativo-windows-11\/\" target=\"_blank\" rel=\"noopener\">Windows 11<\/a>\u00a0\u2013\u00a0<a title=\"Comprar e instalar Windows 10 Microsoft Original\" href=\"https:\/\/allgoodkeys.com\/es\/categoria-producto\/sistema-operativo-windows-10\/\" target=\"_blank\" rel=\"noopener\">Windows 10<\/a>\u00a0\u2013\u00a0<a title=\"Comprar e instalar Windows 8 Microsoft Original\" href=\"https:\/\/allgoodkeys.com\/es\/producto\/licencia-windows-8-professional\/\" target=\"_blank\" rel=\"noopener\">Windows 8<\/a><\/strong><br \/>\n<strong><a title=\"Comprar e instalar licencias originales de Microsoft Office Suites\" href=\"https:\/\/allgoodkeys.com\/es\/categoria-producto\/microsoft-office\/\" target=\"_blank\" rel=\"noopener\">Suites de Microsoft Office<\/a>:\u00a0<a href=\"https:\/\/allgoodkeys.com\/es\/categoria-producto\/microsoft-office-2021-es\/\" target=\"_blank\" rel=\"noopener\">Office 2021<\/a>\u00a0\u2013\u00a0<a title=\"Comprar e instalar la licencia original de Microsoft Office 2019\" href=\"https:\/\/allgoodkeys.com\/es\/categoria-producto\/microsoft-office-2019-es\/\" target=\"_blank\" rel=\"noopener\">Office 2019<\/a>\u00a0\u2013\u00a0<a title=\"Comprar e instalar la licencia original de Office 2016\" href=\"https:\/\/allgoodkeys.com\/es\/producto\/licencia-office-2016-professional-plus\/\" target=\"_blank\" rel=\"noopener\">Office 2016<\/a>\u00a0\u2013\u00a0<a title=\"Comprar e instalar Office para Mac Microsoft Original\" href=\"https:\/\/allgoodkeys.com\/es\/categoria-producto\/office-para-mac\/\" target=\"_blank\" rel=\"noopener\">Office para Mac<\/a><\/strong><br \/>\n<strong><a title=\"Comprar e instalar el mejor antivirus\" href=\"https:\/\/allgoodkeys.com\/es\/categoria-producto\/antivirus-y-seguridad\/\" target=\"_blank\" rel=\"noopener\">Antivirus<\/a>:\u00a0<a title=\"Comprar e instalar el antivirus original de Kaspersky\" href=\"https:\/\/allgoodkeys.com\/es\/categoria-producto\/kaspersky-es\/\" target=\"_blank\" rel=\"noopener\">Kaspersky<\/a>\u00a0\u2013\u00a0<a title=\"Comprar e instalar el antivirus original de ESET\" href=\"https:\/\/allgoodkeys.com\/es\/categoria-producto\/eset-es\/\" target=\"_blank\" rel=\"noopener\">ESET<\/a>\u00a0\u2013\u00a0<a title=\"Comprar e instalar el Avast Antivirus original\" href=\"https:\/\/allgoodkeys.com\/es\/categoria-producto\/avast\/\" target=\"_blank\" rel=\"noopener\">Avast<\/a>\u00a0\u2013\u00a0<a href=\"https:\/\/allgoodkeys.com\/es\/categoria-producto\/avg\/\" target=\"_blank\" rel=\"noopener\">AVG<\/a><\/strong><\/p>\n<\/div>\n<div><\/div>\n<div><\/div>\n<div><\/div>\n<div><\/div>\n","protected":false},"excerpt":{"rendered":"<p>[icon name=\"circle-check\" prefix=\"fas\"]\u00a0 DESCARGA DIGITAL INSTANT\u00c1NEA<\/p>\n<p>[icon name=\"circle-check\" prefix=\"fas\"]\u00a0 SOPORTE DE POR VIDA<\/p>\n<p><a href=\"https:\/\/allgoodkeys.com\/es\/garantia-de-trusted-shops\/\" target=\"_blank\" rel=\"noopener\"><img decoding=\"async\" class=\"alignnone wp-image-48998\" src=\"http:\/\/allgoodkeys.com\/wp-content\/uploads\/2021\/02\/trusted-shops-es.png\" alt=\"\" width=\"195\" height=\"55\" srcset=\"https:\/\/allgoodkeys.com\/wp-content\/uploads\/2021\/02\/trusted-shops-es.png 396w, https:\/\/allgoodkeys.com\/wp-content\/uploads\/2021\/02\/trusted-shops-es-300x85.png 300w, https:\/\/allgoodkeys.com\/wp-content\/uploads\/2021\/02\/trusted-shops-es-250x71.png 250w\" sizes=\"(max-width: 195px) 100vw, 195px\" \/><\/a><\/p>\n","protected":false},"featured_media":22787,"comment_status":"open","ping_status":"closed","template":"","meta":[],"product_brand":[],"product_cat":[378,371],"product_tag":[],"woo-feed-brand":[],"class_list":{"0":"post-22786","1":"product","2":"type-product","3":"status-publish","4":"has-post-thumbnail","6":"product_cat-servidores-windows","7":"product_cat-todos-los-productos","9":"first","10":"instock","11":"virtual","12":"taxable","13":"purchasable","14":"product-type-simple"},"jetpack_sharing_enabled":true,"_links":{"self":[{"href":"https:\/\/allgoodkeys.com\/es\/wp-json\/wp\/v2\/product\/22786","targetHints":{"allow":["GET"]}}],"collection":[{"href":"https:\/\/allgoodkeys.com\/es\/wp-json\/wp\/v2\/product"}],"about":[{"href":"https:\/\/allgoodkeys.com\/es\/wp-json\/wp\/v2\/types\/product"}],"replies":[{"embeddable":true,"href":"https:\/\/allgoodkeys.com\/es\/wp-json\/wp\/v2\/comments?post=22786"}],"wp:featuredmedia":[{"embeddable":true,"href":"https:\/\/allgoodkeys.com\/es\/wp-json\/wp\/v2\/media\/22787"}],"wp:attachment":[{"href":"https:\/\/allgoodkeys.com\/es\/wp-json\/wp\/v2\/media?parent=22786"}],"wp:term":[{"taxonomy":"product_brand","embeddable":true,"href":"https:\/\/allgoodkeys.com\/es\/wp-json\/wp\/v2\/product_brand?post=22786"},{"taxonomy":"product_cat","embeddable":true,"href":"https:\/\/allgoodkeys.com\/es\/wp-json\/wp\/v2\/product_cat?post=22786"},{"taxonomy":"product_tag","embeddable":true,"href":"https:\/\/allgoodkeys.com\/es\/wp-json\/wp\/v2\/product_tag?post=22786"},{"taxonomy":"woo-feed-brand","embeddable":true,"href":"https:\/\/allgoodkeys.com\/es\/wp-json\/wp\/v2\/woo-feed-brand?post=22786"}],"curies":[{"name":"wp","href":"https:\/\/api.w.org\/{rel}","templated":true}]}}