{"id":22782,"date":"2021-08-27T20:30:46","date_gmt":"2021-08-27T20:30:46","guid":{"rendered":"https:\/\/allgoodkeys.com\/product\/windows-server-2019-standard-clave-de-activacion\/"},"modified":"2025-02-07T18:04:36","modified_gmt":"2025-02-07T18:04:36","slug":"licencia-windows-server-2019-standard","status":"publish","type":"product","link":"https:\/\/allgoodkeys.com\/es\/producto\/licencia-windows-server-2019-standard\/","title":{"rendered":"licencia Windows Server 2019 Standard"},"content":{"rendered":"<div style=\"text-align: left;\">\n<div style=\"text-align: left;\">\n<blockquote><p><strong>\u00a1Obt\u00e9n tu licencia Windows Server 2019 Standard ahora mismo y lleva tu infraestructura de servidor al siguiente nivel con All Good Keys!<\/strong><\/p><\/blockquote>\n<\/div>\n<\/div>\n<p>&nbsp;<\/p>\n<div style=\"text-align: left;\">\n<div>\n<p><strong>\u00a1Importante!<\/strong>\u00a0Este producto est\u00e1 destinado \u00fanicamente para sistemas Windows, no es compatible con\u00a0<strong>Mac<\/strong>.<\/p>\n<\/div>\n<p><strong>Nota:<\/strong> \u00a1Atenci\u00f3n! Al seleccionar su <strong>licencia Windows Server 2019 Standard<\/strong>, tenga en cuenta que puede elegir entre el paquete de<strong> 16 Core<\/strong> o el paquete de<strong> 24 Core<\/strong> en<strong> la opci\u00f3n de selecci\u00f3n<\/strong>. Queremos asegurarnos de que obtenga la licencia que mejor se adapte a las necesidades de su empresa. Si necesita asistencia adicional o tiene alguna pregunta sobre qu\u00e9 opci\u00f3n elegir, no dude en ponerse <a href=\"https:\/\/allgoodkeys.com\/es\/contactenos\/\" target=\"_blank\" rel=\"noopener\"><strong>en contacto con nosotros<\/strong><\/a>. Estamos aqu\u00ed para ayudarle en cada paso del proceso.<\/p>\n<p>&nbsp;<\/p>\n<div>\n<div class=\"flex-1 overflow-hidden\">\n<div class=\"react-scroll-to-bottom--css-revyg-79elbk h-full\">\n<div class=\"react-scroll-to-bottom--css-revyg-1n7m0yu\">\n<div class=\"flex flex-col text-sm pb-9\">\n<div class=\"w-full text-token-text-primary\" data-testid=\"conversation-turn-657\">\n<div class=\"px-4 py-2 justify-center text-base md:gap-6 m-auto\">\n<div class=\"flex flex-1 text-base mx-auto gap-3 md:px-5 lg:px-1 xl:px-5 md:max-w-3xl lg:max-w-[40rem] xl:max-w-[48rem] group final-completion\">\n<div class=\"relative flex w-full flex-col agent-turn\">\n<div class=\"flex-col gap-1 md:gap-3\">\n<div class=\"flex flex-grow flex-col max-w-full\">\n<div class=\"min-h-[20px] text-message flex flex-col items-start gap-3 whitespace-pre-wrap break-words [.text-message+&amp;]:mt-5 overflow-x-auto\" data-message-author-role=\"assistant\" data-message-id=\"e076fd2f-9d05-453e-8fad-c63a6d8566ef\">\n<div class=\"markdown prose w-full break-words dark:prose-invert light\"><\/div>\n<\/div>\n<\/div>\n<\/div>\n<\/div>\n<\/div>\n<\/div>\n<\/div>\n<\/div>\n<\/div>\n<\/div>\n<\/div>\n<\/div>\n<\/div>\n<h4><strong>Licencia Windows Server 2019 Standard:<\/strong><\/h4>\n<p>Esta licencia te ofrece la posibilidad de aprovechar al m\u00e1ximo todas las funciones de la edici\u00f3n est\u00e1ndar de <strong>Windows Server 2019<\/strong>, con un paquete de n\u00facleos que se adapta a tus necesidades. Puedes elegir entre nuestro paquete est\u00e1ndar de <strong>16-Core<\/strong> o nuestro paquete avanzado de <strong>24-Core<\/strong>, seg\u00fan los requisitos de rendimiento de tu empresa. Windows Server 2019 Standard es ideal para cubrir las necesidades de virtualizaci\u00f3n y escalabilidad de peque\u00f1as y medianas empresas, ofreciendo un rendimiento fiable y altos est\u00e1ndares de seguridad. Con soporte para redes f\u00edsicas y virtuales, esta edici\u00f3n te brinda la capacidad de proporcionar datos y aplicaciones a trav\u00e9s de servidores basados en la nube, permiti\u00e9ndote satisfacer los requisitos de TI de tu empresa de manera eficiente y segura.<\/p>\n<p>Adem\u00e1s, con <strong>Windows Server 2019 Standard<\/strong>, puedes disfrutar de numerosas caracter\u00edsticas mejoradas, incluyendo la integraci\u00f3n con <strong>Microsoft Azure<\/strong> para funciones h\u00edbridas, una conexi\u00f3n m\u00e1s estrecha con la nube y una mayor seguridad de los datos y las aplicaciones. Aprovecha las funciones de an\u00e1lisis predictivo con System Insights para una gesti\u00f3n proactiva de tus servidores, as\u00ed como el soporte completo para contenedores, Kubernetes y Linux para una mayor flexibilidad y eficiencia en tu infraestructura.<\/p>\n<div class=\"flex-1 overflow-hidden\">\n<div class=\"react-scroll-to-bottom--css-revyg-79elbk h-full\">\n<div class=\"react-scroll-to-bottom--css-revyg-1n7m0yu\">\n<div class=\"flex flex-col text-sm pb-9\">\n<div class=\"w-full text-token-text-primary\" data-testid=\"conversation-turn-683\">\n<div class=\"px-4 py-2 justify-center text-base md:gap-6 m-auto\">\n<div class=\"flex flex-1 text-base mx-auto gap-3 md:px-5 lg:px-1 xl:px-5 md:max-w-3xl lg:max-w-[40rem] xl:max-w-[48rem] group final-completion\">\n<div class=\"relative flex w-full flex-col agent-turn\">\n<div class=\"flex-col gap-1 md:gap-3\">\n<div class=\"flex flex-grow flex-col max-w-full\">\n<div class=\"min-h-[20px] text-message flex flex-col items-start gap-3 whitespace-pre-wrap break-words [.text-message+&amp;]:mt-5 overflow-x-auto\" data-message-author-role=\"assistant\" data-message-id=\"4a3708a9-00c7-4f4b-94b8-2f1dcf811b63\">\n<div class=\"markdown prose w-full break-words dark:prose-invert light\">\n<p>Nuestro paquete de licencia Windows Server 2019 Standard Edition es una opci\u00f3n econ\u00f3mica y eficaz para optimizar tus operaciones de servidor. Con la garant\u00eda de<strong> All Good Keys<\/strong>, puedes estar seguro de obtener un producto de calidad a un precio asequible. \u00a1Activa tu servidor hoy y lleva tu negocio al siguiente nivel con <strong>Windows Server 2019 Standard de All Good Keys!<\/strong><\/p>\n<\/div>\n<p>&nbsp;<\/p>\n<\/div>\n<\/div>\n<\/div>\n<\/div>\n<\/div>\n<\/div>\n<\/div>\n<\/div>\n<\/div>\n<\/div>\n<\/div>\n<div>\n<h3>\u00bfEres un revendedor?<\/h3>\n<p>Si es as\u00ed, cont\u00e1ctanos por correo electr\u00f3nico a\u00a0<a href=\"https:\/\/allgoodkeys.com\/es\/contactenos\/\" target=\"_blank\" rel=\"noopener\"><strong>Support@allgoodkeys.com<\/strong><\/a>\u00a0y te proporcionaremos una oferta personalizada y una lista de precios. \u00a1Trabajemos juntos para satisfacer tus necesidades y las de tus clientes!<\/p>\n<h3>\u00bfInteresado en afiliarte?<\/h3>\n<p>\u00danete a nuestro programa de afiliados y comienza a ganar comisiones promocionando nuestros productos digitales. Con un enlace de seguimiento \u00fanico, podr\u00e1s monetizar tu plataforma y ofrecer valiosos productos a tu audiencia. \u00a1Reg\u00edstrate hoy mismo y descubre todas las oportunidades que tenemos para ti!\u00a0<a href=\"https:\/\/allgoodkeys.com\/es\/afiliarse\/\" target=\"_blank\" rel=\"noopener\"><strong>Visita nuestra p\u00e1gina del programa de afiliados para obtener m\u00e1s informaci\u00f3n.<\/strong><\/a><\/p>\n<p>&nbsp;<\/p>\n<h3>Descubre m\u00e1s productos<\/h3>\n<p><strong><a title=\"Comprar e instalar sistemas operativos Windows\" href=\"https:\/\/allgoodkeys.com\/es\/categoria-producto\/sistema-operativo\/\" target=\"_blank\" rel=\"noopener\">Sistemas operativos Windows<\/a>:\u00a0<a title=\"Comprar e instalar la licencia original de Microsoft Windows 11\" href=\"https:\/\/allgoodkeys.com\/es\/categoria-producto\/sistema-operativo-windows-11\/\" target=\"_blank\" rel=\"noopener\">Windows 11<\/a>\u00a0\u2013\u00a0<a title=\"Comprar e instalar Windows 10 Microsoft Original\" href=\"https:\/\/allgoodkeys.com\/es\/categoria-producto\/sistema-operativo-windows-10\/\" target=\"_blank\" rel=\"noopener\">Windows 10<\/a>\u00a0\u2013\u00a0<a title=\"Comprar e instalar Windows 8 Microsoft Original\" href=\"https:\/\/allgoodkeys.com\/es\/producto\/licencia-windows-8-professional\/\" target=\"_blank\" rel=\"noopener\">Windows 8<\/a><\/strong><br \/>\n<strong><a title=\"Comprar e instalar licencias originales de Microsoft Office Suites\" href=\"https:\/\/allgoodkeys.com\/es\/categoria-producto\/microsoft-office\/\" target=\"_blank\" rel=\"noopener\">Suites de Microsoft Office<\/a>:\u00a0<a href=\"https:\/\/allgoodkeys.com\/es\/categoria-producto\/microsoft-office-2021-es\/\" target=\"_blank\" rel=\"noopener\">Office 2021<\/a>\u00a0\u2013\u00a0<a title=\"Comprar e instalar la licencia original de Microsoft Office 2019\" href=\"https:\/\/allgoodkeys.com\/es\/categoria-producto\/microsoft-office-2019-es\/\" target=\"_blank\" rel=\"noopener\">Office 2019<\/a>\u00a0\u2013\u00a0<a title=\"Comprar e instalar la licencia original de Office 2016\" href=\"https:\/\/allgoodkeys.com\/es\/producto\/licencia-office-2016-professional-plus\/\" target=\"_blank\" rel=\"noopener\">Office 2016<\/a>\u00a0\u2013\u00a0<a title=\"Comprar e instalar Office para Mac Microsoft Original\" href=\"https:\/\/allgoodkeys.com\/es\/categoria-producto\/office-para-mac\/\" target=\"_blank\" rel=\"noopener\">Office para Mac<\/a><\/strong><br \/>\n<strong><a title=\"Comprar e instalar el mejor antivirus\" href=\"https:\/\/allgoodkeys.com\/es\/categoria-producto\/antivirus-y-seguridad\/\" target=\"_blank\" rel=\"noopener\">Antivirus<\/a>:\u00a0<a title=\"Comprar e instalar el antivirus original de Kaspersky\" href=\"https:\/\/allgoodkeys.com\/es\/categoria-producto\/kaspersky-es\/\" target=\"_blank\" rel=\"noopener\">Kaspersky<\/a>\u00a0\u2013\u00a0<a title=\"Comprar e instalar el antivirus original de ESET\" href=\"https:\/\/allgoodkeys.com\/es\/categoria-producto\/eset-es\/\" target=\"_blank\" rel=\"noopener\">ESET<\/a>\u00a0\u2013\u00a0<a title=\"Comprar e instalar el Avast Antivirus original\" href=\"http:\/\/allgoodkeys.com\/product-category\/avast\/\" target=\"_blank\" rel=\"noopener\">Avast<\/a>\u00a0\u2013\u00a0<a href=\"http:\/\/allgoodkeys.com\/product-category\/avg\/\" target=\"_blank\" rel=\"noopener\">AVG<\/a><\/strong><\/p>\n<\/div>\n<div><\/div>\n<div><\/div>\n<div><\/div>\n<p>&nbsp;<\/p>\n","protected":false},"excerpt":{"rendered":"<p>[icon name=\"circle-check\" prefix=\"fas\"]\u00a0 DESCARGA DIGITAL INSTANT\u00c1NEA<\/p>\n<p>[icon name=\"circle-check\" prefix=\"fas\"]\u00a0 SOPORTE DE POR VIDA<\/p>\n<p><a href=\"https:\/\/allgoodkeys.com\/es\/garantia-de-trusted-shops\/\" target=\"_blank\" rel=\"noopener\"><img decoding=\"async\" class=\"alignnone wp-image-48998\" src=\"http:\/\/allgoodkeys.com\/wp-content\/uploads\/2021\/02\/trusted-shops-es.png\" alt=\"\" width=\"195\" height=\"55\" srcset=\"https:\/\/allgoodkeys.com\/wp-content\/uploads\/2021\/02\/trusted-shops-es.png 396w, https:\/\/allgoodkeys.com\/wp-content\/uploads\/2021\/02\/trusted-shops-es-300x85.png 300w, https:\/\/allgoodkeys.com\/wp-content\/uploads\/2021\/02\/trusted-shops-es-250x71.png 250w\" sizes=\"(max-width: 195px) 100vw, 195px\" \/><\/a><\/p>\n","protected":false},"featured_media":22783,"comment_status":"open","ping_status":"closed","template":"","meta":[],"product_brand":[],"product_cat":[378,371],"product_tag":[],"woo-feed-brand":[],"class_list":{"0":"post-22782","1":"product","2":"type-product","3":"status-publish","4":"has-post-thumbnail","6":"product_cat-servidores-windows","7":"product_cat-todos-los-productos","9":"first","10":"instock","11":"taxable","12":"shipping-taxable","13":"purchasable","14":"product-type-variable"},"jetpack_sharing_enabled":true,"_links":{"self":[{"href":"https:\/\/allgoodkeys.com\/es\/wp-json\/wp\/v2\/product\/22782","targetHints":{"allow":["GET"]}}],"collection":[{"href":"https:\/\/allgoodkeys.com\/es\/wp-json\/wp\/v2\/product"}],"about":[{"href":"https:\/\/allgoodkeys.com\/es\/wp-json\/wp\/v2\/types\/product"}],"replies":[{"embeddable":true,"href":"https:\/\/allgoodkeys.com\/es\/wp-json\/wp\/v2\/comments?post=22782"}],"wp:featuredmedia":[{"embeddable":true,"href":"https:\/\/allgoodkeys.com\/es\/wp-json\/wp\/v2\/media\/22783"}],"wp:attachment":[{"href":"https:\/\/allgoodkeys.com\/es\/wp-json\/wp\/v2\/media?parent=22782"}],"wp:term":[{"taxonomy":"product_brand","embeddable":true,"href":"https:\/\/allgoodkeys.com\/es\/wp-json\/wp\/v2\/product_brand?post=22782"},{"taxonomy":"product_cat","embeddable":true,"href":"https:\/\/allgoodkeys.com\/es\/wp-json\/wp\/v2\/product_cat?post=22782"},{"taxonomy":"product_tag","embeddable":true,"href":"https:\/\/allgoodkeys.com\/es\/wp-json\/wp\/v2\/product_tag?post=22782"},{"taxonomy":"woo-feed-brand","embeddable":true,"href":"https:\/\/allgoodkeys.com\/es\/wp-json\/wp\/v2\/woo-feed-brand?post=22782"}],"curies":[{"name":"wp","href":"https:\/\/api.w.org\/{rel}","templated":true}]}}