{"id":22775,"date":"2022-09-26T19:04:36","date_gmt":"2022-09-26T19:04:36","guid":{"rendered":"https:\/\/allgoodkeys.com\/product\/windows-10-enterprise-ltsc-2019-clave-de-activacion\/"},"modified":"2025-02-07T18:03:59","modified_gmt":"2025-02-07T18:03:59","slug":"windows-10-enterprise-ltsc-2019","status":"publish","type":"product","link":"https:\/\/allgoodkeys.com\/es\/producto\/windows-10-enterprise-ltsc-2019\/","title":{"rendered":"Windows 10 Enterprise LTSC 2019 \u2013 LICENCIA DE MICROSOFT"},"content":{"rendered":"<blockquote><p>Compra <strong>la licencia Windows 10 Enterprise LTSC 2019<\/strong> ahora mismo y lleva la seguridad y estabilidad de Microsoft a tu empresa. En <strong>All Good Keys<\/strong>, ofrecemos <strong>licencias 100% genuinas<\/strong> a precios competitivos. Ahorra dinero y obt\u00e9n tu pedido al instante por correo electr\u00f3nico con pagos seguros y garant\u00eda de reembolso completo. Adem\u00e1s, nuestro <a href=\"https:\/\/allgoodkeys.com\/es\/contactenos\/\" target=\"_blank\" rel=\"noopener\"><strong>servicio de atenci\u00f3n al cliente gratuito<\/strong><\/a> est\u00e1 siempre disponible para cubrir todas tus necesidades.<\/p><\/blockquote>\n<p>&nbsp;<\/p>\n<p><strong>Nota importante:<\/strong> Este producto no puede utilizarse para actualizar su sistema desde otra versi\u00f3n. Si tienes alg\u00fan problema durante la activaci\u00f3n, p\u00f3ngase <strong><a href=\"https:\/\/allgoodkeys.com\/es\/contactenos\/\" target=\"_blank\" rel=\"noopener\">en contacto con nosotros<\/a><\/strong>.<\/p>\n<p>&nbsp;<\/p>\n<h4>Windows 10 Enterprise LTSC 2019<\/h4>\n<p><strong>Windows 10 Enterprise 2019 LTSC<\/strong> (Canal de Servicio a Largo Plazo) es una versi\u00f3n robusta y segura del sistema operativo de Microsoft, dise\u00f1ada espec\u00edficamente para empresas. Aqu\u00ed tienes<strong> las 8 caracter\u00edsticas clave<\/strong>:<\/p>\n<ul>\n<li><strong>Soporte a largo plazo:<\/strong> ofrece 10 a\u00f1os de soporte con actualizaciones de seguridad regulares.<\/li>\n<li><strong>Seguridad avanzada:<\/strong> incluye funcionalidades como Windows Defender, Device Guard y Credential Guard.<\/li>\n<li><strong>Estabilidad:<\/strong> al evitar actualizaciones de funciones innecesarias, se asegura un rendimiento estable.<\/li>\n<li><strong>Sin aplicaciones innecesarias:<\/strong> no incluye Microsoft Store, Edge, Cortana ni otras aplicaciones no esenciales para empresas.<\/li>\n<li><strong>Control total sobre las actualizaciones:<\/strong> permite a los administradores de TI tener el control total de cu\u00e1ndo y c\u00f3mo se instalan las actualizaciones.<\/li>\n<li><strong>Licencia por volumen:<\/strong> est\u00e1 disponible solo a trav\u00e9s de licencias por volumen.<\/li>\n<li><strong>Acceso a Microsoft Desktop Optimization Pack (MDOP):<\/strong> para mejorar la administraci\u00f3n y el control.<\/li>\n<li><strong>Requerimientos de hardware bajos:<\/strong> no necesita hardware de \u00faltima generaci\u00f3n para funcionar de manera eficiente.<\/li>\n<\/ul>\n<p>&nbsp;<\/p>\n<p><strong>Windows 10 Enterprise LTSC 2019<\/strong>, es una edici\u00f3n de la familia de sistemas operativos Windows 10 dise\u00f1ada especialmente para empresas y organizaciones de gran tama\u00f1o que necesitan un sistema operativo seguro, f\u00e1cil de administrar y con soporte a largo plazo.<\/p>\n<p>Una de las principales diferencias entre <strong>LTSC<\/strong> y las versiones est\u00e1ndar de<strong> Windows 10<\/strong> es que LTSC se centra en la estabilidad a largo plazo en lugar de agregar nuevas funciones con regularidad. Por lo tanto, las actualizaciones para LTSC se limitan a las correcciones de seguridad y a los parches de bugs cr\u00edticos.<\/p>\n<p>Otra diferencia es que <strong>LTSC<\/strong> no incluye algunas de las aplicaciones y caracter\u00edsticas m\u00e1s centradas en el consumidor que vienen con las versiones est\u00e1ndar de Windows 10, como la tienda de<strong> Windows<\/strong>, <strong>Microsoft Edge<\/strong> y <strong>Cortana<\/strong>. La idea es proporcionar un sistema operativo m\u00e1s \u00ab<strong>limpio<\/strong>\u00bb que sea m\u00e1s adecuado para entornos en los que la estabilidad y la seguridad son primordiales, como en hospitales, sistemas de control industrial y instituciones financieras.<\/p>\n<p><strong>Windows 10 Enterprise LTSC 2019<\/strong> (Canal de Servicio a Largo Plazo) es una edici\u00f3n de Windows 10 dise\u00f1ada para dispositivos especializados en entornos empresariales que requieren la m\u00e1xima estabilidad y seguridad. Esta versi\u00f3n ofrece actualizaciones m\u00ednimas, una superficie de ataque reducida y un soporte prolongado, lo que la hace ideal para sistemas cr\u00edticos como <strong>cajeros autom\u00e1ticos<\/strong>,<strong> equipos m\u00e9dicos<\/strong>, <strong>sistemas de control industrial<\/strong>, etc.<\/p>\n<p>&nbsp;<\/p>\n<h4>\u00bfEres un revendedor?<\/h4>\n<p>Si es as\u00ed, cont\u00e1ctanos por correo electr\u00f3nico a\u00a0<a href=\"https:\/\/allgoodkeys.com\/es\/contactenos\/\" target=\"_blank\" rel=\"noopener\"><strong>Support@allgoodkeys.com<\/strong><\/a>\u00a0y te proporcionaremos una oferta personalizada y una lista de precios. \u00a1Trabajemos juntos para satisfacer tus necesidades y las de tus clientes!<\/p>\n<h4>\u00bfInteresado en afiliarte?<\/h4>\n<p>\u00danete a nuestro programa de afiliados y comienza a ganar comisiones promocionando nuestros productos digitales. Con un enlace de seguimiento \u00fanico, podr\u00e1s monetizar tu plataforma y ofrecer valiosos productos a tu audiencia. \u00a1Reg\u00edstrate hoy mismo y descubre todas las oportunidades que tenemos para ti!\u00a0<a href=\"https:\/\/allgoodkeys.com\/es\/afiliarse\/\" target=\"_blank\" rel=\"noopener\"><strong>Visita nuestra p\u00e1gina del programa de afiliados para obtener m\u00e1s informaci\u00f3n.<\/strong><\/a><\/p>\n<p>&nbsp;<\/p>\n<h4>Descubre m\u00e1s productos<\/h4>\n<p><strong><a title=\"Comprar e instalar sistemas operativos Windows\" href=\"https:\/\/allgoodkeys.com\/es\/categoria-producto\/sistema-operativo\/\" target=\"_blank\" rel=\"noopener\">Sistemas operativos Windows<\/a>:\u00a0<a title=\"Comprar e instalar la licencia original de Microsoft Windows 11\" href=\"https:\/\/allgoodkeys.com\/es\/categoria-producto\/sistema-operativo-windows-11\/\" target=\"_blank\" rel=\"noopener\">Windows 11<\/a>\u00a0\u2013\u00a0<a title=\"Comprar e instalar Windows 10 Microsoft Original\" href=\"https:\/\/allgoodkeys.com\/es\/categoria-producto\/sistema-operativo-windows-10\/\" target=\"_blank\" rel=\"noopener\">Windows 10<\/a>\u00a0\u2013\u00a0<a title=\"Comprar e instalar Windows 8 Microsoft Original\" href=\"https:\/\/allgoodkeys.com\/es\/producto\/windows-8-1-professional-key-global-2\/\" target=\"_blank\" rel=\"noopener\">Windows 8<\/a><\/strong><br \/>\n<strong><a title=\"Comprar e instalar licencias originales de Microsoft Office Suites\" href=\"https:\/\/allgoodkeys.com\/es\/categoria-producto\/microsoft-office\/\" target=\"_blank\" rel=\"noopener\">Suites de Microsoft Office<\/a>:\u00a0<a href=\"https:\/\/allgoodkeys.com\/es\/categoria-producto\/microsoft-office-2021-es\/\" target=\"_blank\" rel=\"noopener\">Office 2021<\/a>\u00a0\u2013\u00a0<a title=\"Comprar e instalar la licencia original de Microsoft Office 2019\" href=\"https:\/\/allgoodkeys.com\/es\/categoria-producto\/microsoft-office-2019-es\/\" target=\"_blank\" rel=\"noopener\">Office 2019<\/a>\u00a0\u2013\u00a0<a title=\"Comprar e instalar la licencia original de Office 2016\" href=\"https:\/\/allgoodkeys.com\/es\/producto\/licencia-office-2016-professional-plus\/\" target=\"_blank\" rel=\"noopener\">Office 2016<\/a>\u00a0\u2013\u00a0<a title=\"Comprar e instalar Office para Mac Microsoft Original\" href=\"https:\/\/allgoodkeys.com\/es\/categoria-producto\/office-para-mac\/\" target=\"_blank\" rel=\"noopener\">Office para Mac<\/a><\/strong><br \/>\n<strong><a title=\"Comprar e instalar el mejor antivirus\" href=\"https:\/\/allgoodkeys.com\/es\/categoria-producto\/antivirus-y-seguridad\/\" target=\"_blank\" rel=\"noopener\">Antivirus<\/a>:\u00a0<a title=\"Comprar e instalar el antivirus original de Kaspersky\" href=\"https:\/\/allgoodkeys.com\/es\/categoria-producto\/kaspersky-es\/\" target=\"_blank\" rel=\"noopener\">Kaspersky<\/a>\u00a0\u2013\u00a0<a title=\"Comprar e instalar el antivirus original de ESET\" href=\"https:\/\/allgoodkeys.com\/es\/categoria-producto\/eset-es\/\" target=\"_blank\" rel=\"noopener\">ESET<\/a>\u00a0\u2013\u00a0<a title=\"Comprar e instalar el Avast Antivirus original\" href=\"http:\/\/allgoodkeys.com\/product-category\/avast\/\" target=\"_blank\" rel=\"noopener\">Avast<\/a>\u00a0\u2013\u00a0<a href=\"http:\/\/allgoodkeys.com\/product-category\/avg\/\" target=\"_blank\" rel=\"noopener\">AVG<\/a><\/strong><\/p>\n<p>&nbsp;<\/p>\n","protected":false},"excerpt":{"rendered":"<p>[icon name=\"circle-check\" prefix=\"fas\"]\u00a0 DESCARGA DIGITAL INSTANT\u00c1NEA<\/p>\n<p>[icon name=\"circle-check\" prefix=\"fas\"]\u00a0 SOPORTE DE POR VIDA<\/p>\n<p><a href=\"https:\/\/allgoodkeys.com\/es\/garantia-de-trusted-shops\/\" target=\"_blank\" rel=\"noopener\"><img decoding=\"async\" class=\"alignnone wp-image-48998\" src=\"https:\/\/allgoodkeys.com\/wp-content\/uploads\/2021\/02\/trusted-shops-es.png\" alt=\"\" width=\"195\" height=\"55\" srcset=\"https:\/\/allgoodkeys.com\/wp-content\/uploads\/2021\/02\/trusted-shops-es.png 396w, https:\/\/allgoodkeys.com\/wp-content\/uploads\/2021\/02\/trusted-shops-es-300x85.png 300w, https:\/\/allgoodkeys.com\/wp-content\/uploads\/2021\/02\/trusted-shops-es-250x71.png 250w\" sizes=\"(max-width: 195px) 100vw, 195px\" \/><\/a><\/p>\n","protected":false},"featured_media":22776,"comment_status":"open","ping_status":"closed","template":"","meta":[],"product_brand":[],"product_cat":[369,368,370,371],"product_tag":[],"woo-feed-brand":[],"class_list":{"0":"post-22775","1":"product","2":"type-product","3":"status-publish","4":"has-post-thumbnail","6":"product_cat-destacado","7":"product_cat-sistema-operativo","8":"product_cat-sistema-operativo-windows-10","9":"product_cat-todos-los-productos","11":"first","12":"instock","13":"virtual","14":"taxable","15":"purchasable","16":"product-type-simple"},"jetpack_sharing_enabled":true,"_links":{"self":[{"href":"https:\/\/allgoodkeys.com\/es\/wp-json\/wp\/v2\/product\/22775","targetHints":{"allow":["GET"]}}],"collection":[{"href":"https:\/\/allgoodkeys.com\/es\/wp-json\/wp\/v2\/product"}],"about":[{"href":"https:\/\/allgoodkeys.com\/es\/wp-json\/wp\/v2\/types\/product"}],"replies":[{"embeddable":true,"href":"https:\/\/allgoodkeys.com\/es\/wp-json\/wp\/v2\/comments?post=22775"}],"wp:featuredmedia":[{"embeddable":true,"href":"https:\/\/allgoodkeys.com\/es\/wp-json\/wp\/v2\/media\/22776"}],"wp:attachment":[{"href":"https:\/\/allgoodkeys.com\/es\/wp-json\/wp\/v2\/media?parent=22775"}],"wp:term":[{"taxonomy":"product_brand","embeddable":true,"href":"https:\/\/allgoodkeys.com\/es\/wp-json\/wp\/v2\/product_brand?post=22775"},{"taxonomy":"product_cat","embeddable":true,"href":"https:\/\/allgoodkeys.com\/es\/wp-json\/wp\/v2\/product_cat?post=22775"},{"taxonomy":"product_tag","embeddable":true,"href":"https:\/\/allgoodkeys.com\/es\/wp-json\/wp\/v2\/product_tag?post=22775"},{"taxonomy":"woo-feed-brand","embeddable":true,"href":"https:\/\/allgoodkeys.com\/es\/wp-json\/wp\/v2\/woo-feed-brand?post=22775"}],"curies":[{"name":"wp","href":"https:\/\/api.w.org\/{rel}","templated":true}]}}