{"id":22765,"date":"2021-02-14T22:09:45","date_gmt":"2021-02-14T22:09:45","guid":{"rendered":"https:\/\/allgoodkeys.com\/product\/office-2019-professional-plus-clave-de-activacion-pc\/"},"modified":"2025-02-07T18:04:39","modified_gmt":"2025-02-07T18:04:39","slug":"licencia-office-2019-professional-plus","status":"publish","type":"product","link":"https:\/\/allgoodkeys.com\/es\/producto\/licencia-office-2019-professional-plus\/","title":{"rendered":"LICENCIA OFFICE 2019 PROFESSIONAL PLUS"},"content":{"rendered":"<div style=\"text-align: center;\">\n<blockquote>\n<h5 style=\"text-align: left;\">\u00a1Obt\u00e9n tu licencia Office 2019 Professional Plus ahora mismo y lleva tu productividad al m\u00e1ximo! Esta licencia oficial y permanente te brinda acceso a las poderosas herramientas de Microsoft Office, incluyendo Word, Excel, PowerPoint, Outlook, Access, Publisher y Skype Empresarial. Con la garant\u00eda de una activaci\u00f3n de por vida, puedes estar seguro de la legalidad y estabilidad de tu sistema.<\/h5>\n<h5><\/h5>\n<\/blockquote>\n<h5 style=\"text-align: left;\">\u00a1Activa tu Licencia Office 2019 Professional Plus para 1 PC y lleva tu productividad al m\u00e1ximo!<\/h5>\n<\/div>\n<p>Al adquirir\u00a0<strong>la licencia Office 2019 Professional Plus 32\/64 bits<\/strong>, recibir\u00e1s una clave original de Microsoft que podr\u00e1s activar de forma sencilla en el sitio web oficial de Microsoft. Para comenzar, te recomendamos activar tu clave en el siguiente enlace:<\/p>\n<p><a href=\"https:\/\/setup.office.com\/?omkt=es-ES\" target=\"_blank\" rel=\"noopener\"><strong>https:\/\/setup.office.com\/<\/strong><\/a>. Una vez completada la activaci\u00f3n, podr\u00e1s descargar el software de manera segura. Es importante destacar que no deber\u00edas descargar Office antes de finalizar el proceso de activaci\u00f3n.<\/p>\n<p><b>*IMPORTANTE:\u00a0<\/b>Esta versi\u00f3n de\u00a0<strong>Office 2019 Professional<\/strong>\u00a0no est\u00e1 dise\u00f1ada para su uso en dispositivos\u00a0<strong>Mac<\/strong>.<\/p>\n<p>&nbsp;<\/p>\n<p><strong style=\"color: #1b1919; font-size: 22px;\">Office 2019 Professional Plus 32 e 64 bits<\/strong><\/p>\n<div>\n<p><strong>Caracter\u00edsticas clave:<\/strong><\/p>\n<ul>\n<li><strong>Compatibilidad Total:<\/strong>\u00a0Funciona perfectamente en <a href=\"https:\/\/allgoodkeys.com\/es\/producto\/licencia-windows-10-professional\/\" target=\"_blank\" rel=\"noopener\">Windows 10<\/a> y <a href=\"https:\/\/allgoodkeys.com\/es\/producto\/licencia-windows-10-professional\/\" target=\"_blank\" rel=\"noopener\">Windows 11<\/a>, ya sea en versiones de 64 bits o 32 bits.<\/li>\n<li><strong>Soporte sin L\u00edmites:<\/strong>\u00a0Obt\u00e9n ayuda las 24 horas del d\u00eda, los 7 d\u00edas de la semana durante la instalaci\u00f3n y activaci\u00f3n de tu licencia, completamente gratis.<\/li>\n<li><strong>Entrega Inmediata:<\/strong>\u00a0Recibe tu clave de activaci\u00f3n y las instrucciones de instalaci\u00f3n al momento de la compra, sin demoras.<\/li>\n<li><strong>Garant\u00eda de Devoluci\u00f3n del Dinero:<\/strong>\u00a0Si no est\u00e1s satisfecho con tu compra, te ofrecemos un reembolso completo.<\/li>\n<\/ul>\n<p>&nbsp;<\/p>\n<p>Con\u00a0<strong>Office 2019 Professional Plus<\/strong>, podr\u00e1s trabajar de manera m\u00e1s eficiente gracias a las nuevas funciones y mejoras en todas las aplicaciones. Desde la creaci\u00f3n de documentos en\u00a0<strong>Word<\/strong>\u00a0hasta el an\u00e1lisis de datos en\u00a0<strong>Excel<\/strong>\u00a0y las presentaciones din\u00e1micas en\u00a0<strong>PowerPoint<\/strong>, este paquete de software ofrece todo lo que necesitas para destacarte en tus proyectos.<\/p>\n<p>&nbsp;<\/p>\n<p>Adem\u00e1s, disfruta de una instalaci\u00f3n sin complicaciones y\u00a0<a href=\"https:\/\/allgoodkeys.com\/es\/contactenos\/\" target=\"_blank\" rel=\"noopener\"><strong>un soporte gratuito<\/strong><\/a>\u00a0disponible las\u00a0<strong>24 horas del d\u00eda<\/strong>, los 7 d\u00edas de la semana. Nuestro equipo est\u00e1 aqu\u00ed para ayudarte en cada paso del proceso, desde la compra hasta la activaci\u00f3n de tu licencia.<\/p>\n<p>&nbsp;<\/p>\n<p>No esperes m\u00e1s y adquiere tu\u00a0<strong>licencia Office 2019 Professional Plus 1 PC <\/strong>. Con la entrega inmediata de la clave de activaci\u00f3n y la garant\u00eda de devoluci\u00f3n del dinero, no hay nada que perder y mucho que ganar. \u00a1Hazte con la tuya hoy mismo y lleva tu productividad al siguiente nivel con\u00a0<strong>Microsoft Office 2019 Professional Plus!<\/strong><\/p>\n<p>&nbsp;<\/p>\n<h3>\u00bfEres un revendedor?<\/h3>\n<p>Si es as\u00ed, cont\u00e1ctanos por correo electr\u00f3nico a\u00a0<a href=\"https:\/\/allgoodkeys.com\/es\/contactenos\/\" target=\"_blank\" rel=\"noopener\"><strong>Support@allgoodkeys.com<\/strong><\/a>\u00a0y te proporcionaremos una oferta personalizada y una lista de precios. \u00a1Trabajemos juntos para satisfacer tus necesidades y las de tus clientes!<\/p>\n<h3>\u00bfInteresado en afiliarte?<\/h3>\n<p>\u00danete a nuestro programa de afiliados y comienza a ganar comisiones promocionando nuestros productos digitales. Con un enlace de seguimiento \u00fanico, podr\u00e1s monetizar tu plataforma y ofrecer valiosos productos a tu audiencia. \u00a1Reg\u00edstrate hoy mismo y descubre todas las oportunidades que tenemos para ti!\u00a0<a href=\"https:\/\/allgoodkeys.com\/es\/afiliarse\/\" target=\"_blank\" rel=\"noopener\"><strong>Visita nuestra p\u00e1gina del programa de afiliados para obtener m\u00e1s informaci\u00f3n.<\/strong><\/a><\/p>\n<p>&nbsp;<\/p>\n<h3>Descubre m\u00e1s productos<\/h3>\n<p><strong><a title=\"Comprar e instalar sistemas operativos Windows\" href=\"https:\/\/allgoodkeys.com\/es\/categoria-producto\/sistema-operativo\/\" target=\"_blank\" rel=\"noopener\">Sistemas operativos Windows<\/a>:\u00a0<a title=\"Comprar e instalar la licencia original de Microsoft Windows 11\" href=\"https:\/\/allgoodkeys.com\/es\/categoria-producto\/sistema-operativo-windows-11\/\" target=\"_blank\" rel=\"noopener\">Windows 11<\/a>\u00a0\u2013\u00a0<a title=\"Comprar e instalar Windows 10 Microsoft Original\" href=\"https:\/\/allgoodkeys.com\/es\/categoria-producto\/sistema-operativo-windows-10\/\" target=\"_blank\" rel=\"noopener\">Windows 10<\/a>\u00a0\u2013\u00a0<a title=\"Comprar e instalar Windows 8 Microsoft Original\" href=\"https:\/\/allgoodkeys.com\/es\/producto\/licencia-windows-8-professional\/\" target=\"_blank\" rel=\"noopener\">Windows 8<\/a><\/strong><br \/>\n<strong><a title=\"Comprar e instalar licencias originales de Microsoft Office Suites\" href=\"https:\/\/allgoodkeys.com\/es\/categoria-producto\/microsoft-office\/\" target=\"_blank\" rel=\"noopener\">Suites de Microsoft Office<\/a>:\u00a0<a href=\"https:\/\/allgoodkeys.com\/es\/categoria-producto\/microsoft-office-2021-es\/\" target=\"_blank\" rel=\"noopener\">Office 2021<\/a>\u00a0\u2013\u00a0<a title=\"Comprar e instalar la licencia original de Microsoft Office 2019\" href=\"https:\/\/allgoodkeys.com\/es\/categoria-producto\/microsoft-office-2019-es\/\" target=\"_blank\" rel=\"noopener\">Office 2019<\/a>\u00a0\u2013\u00a0<a title=\"Comprar e instalar la licencia original de Office 2016\" href=\"https:\/\/allgoodkeys.com\/es\/producto\/licencia-office-2016-professional-plus\/\" target=\"_blank\" rel=\"noopener\">Office 2016<\/a>\u00a0\u2013\u00a0<a title=\"Comprar e instalar Office para Mac Microsoft Original\" href=\"https:\/\/allgoodkeys.com\/es\/categoria-producto\/office-para-mac\/\" target=\"_blank\" rel=\"noopener\">Office para Mac<\/a><\/strong><br \/>\n<strong><a title=\"Comprar e instalar el mejor antivirus\" href=\"https:\/\/allgoodkeys.com\/es\/categoria-producto\/antivirus-y-seguridad\/\" target=\"_blank\" rel=\"noopener\">Antivirus<\/a>:\u00a0<a title=\"Comprar e instalar el antivirus original de Kaspersky\" href=\"https:\/\/allgoodkeys.com\/es\/categoria-producto\/kaspersky-es\/\" target=\"_blank\" rel=\"noopener\">Kaspersky<\/a>\u00a0\u2013\u00a0<a title=\"Comprar e instalar el antivirus original de ESET\" href=\"https:\/\/allgoodkeys.com\/es\/categoria-producto\/eset-es\/\" target=\"_blank\" rel=\"noopener\">ESET<\/a>\u00a0\u2013\u00a0<a title=\"Comprar e instalar el Avast Antivirus original\" href=\"https:\/\/allgoodkeys.com\/es\/categoria-producto\/avast\/\" target=\"_blank\" rel=\"noopener\">Avast<\/a>\u00a0\u2013\u00a0<a href=\"https:\/\/allgoodkeys.com\/es\/categoria-producto\/avg\/\" target=\"_blank\" rel=\"noopener\">AVG<\/a><\/strong><\/p>\n<\/div>\n","protected":false},"excerpt":{"rendered":"<p>[icon name=\"circle-check\" prefix=\"fas\"]\u00a0 DESCARGA DIGITAL INSTANT\u00c1NEA<\/p>\n<p>[icon name=\"circle-check\" prefix=\"fas\"]\u00a0 SOPORTE DE POR VIDA<\/p>\n<p><a href=\"https:\/\/allgoodkeys.com\/es\/garantia-de-trusted-shops\/\" target=\"_blank\" rel=\"noopener\"><img decoding=\"async\" class=\"alignnone wp-image-48998\" src=\"http:\/\/allgoodkeys.com\/wp-content\/uploads\/2021\/02\/trusted-shops-es.png\" alt=\"\" width=\"195\" height=\"55\" srcset=\"https:\/\/allgoodkeys.com\/wp-content\/uploads\/2021\/02\/trusted-shops-es.png 396w, https:\/\/allgoodkeys.com\/wp-content\/uploads\/2021\/02\/trusted-shops-es-300x85.png 300w, https:\/\/allgoodkeys.com\/wp-content\/uploads\/2021\/02\/trusted-shops-es-250x71.png 250w\" sizes=\"(max-width: 195px) 100vw, 195px\" \/><\/a><\/p>\n","protected":false},"featured_media":22766,"comment_status":"open","ping_status":"closed","template":"","meta":[],"product_brand":[],"product_cat":[369,372,374,371],"product_tag":[],"woo-feed-brand":[],"class_list":{"0":"post-22765","1":"product","2":"type-product","3":"status-publish","4":"has-post-thumbnail","6":"product_cat-destacado","7":"product_cat-microsoft-office","8":"product_cat-microsoft-office-2019-es","9":"product_cat-todos-los-productos","11":"first","12":"instock","13":"virtual","14":"taxable","15":"purchasable","16":"product-type-simple"},"jetpack_sharing_enabled":true,"_links":{"self":[{"href":"https:\/\/allgoodkeys.com\/es\/wp-json\/wp\/v2\/product\/22765","targetHints":{"allow":["GET"]}}],"collection":[{"href":"https:\/\/allgoodkeys.com\/es\/wp-json\/wp\/v2\/product"}],"about":[{"href":"https:\/\/allgoodkeys.com\/es\/wp-json\/wp\/v2\/types\/product"}],"replies":[{"embeddable":true,"href":"https:\/\/allgoodkeys.com\/es\/wp-json\/wp\/v2\/comments?post=22765"}],"wp:featuredmedia":[{"embeddable":true,"href":"https:\/\/allgoodkeys.com\/es\/wp-json\/wp\/v2\/media\/22766"}],"wp:attachment":[{"href":"https:\/\/allgoodkeys.com\/es\/wp-json\/wp\/v2\/media?parent=22765"}],"wp:term":[{"taxonomy":"product_brand","embeddable":true,"href":"https:\/\/allgoodkeys.com\/es\/wp-json\/wp\/v2\/product_brand?post=22765"},{"taxonomy":"product_cat","embeddable":true,"href":"https:\/\/allgoodkeys.com\/es\/wp-json\/wp\/v2\/product_cat?post=22765"},{"taxonomy":"product_tag","embeddable":true,"href":"https:\/\/allgoodkeys.com\/es\/wp-json\/wp\/v2\/product_tag?post=22765"},{"taxonomy":"woo-feed-brand","embeddable":true,"href":"https:\/\/allgoodkeys.com\/es\/wp-json\/wp\/v2\/woo-feed-brand?post=22765"}],"curies":[{"name":"wp","href":"https:\/\/api.w.org\/{rel}","templated":true}]}}