{"id":22762,"date":"2021-02-14T22:09:44","date_gmt":"2021-02-14T22:09:44","guid":{"rendered":"https:\/\/allgoodkeys.com\/product\/cuenta-microsoft-365-professional-plus-5-dispositivos-windows-mac-os\/"},"modified":"2026-04-29T10:53:38","modified_gmt":"2026-04-29T10:53:38","slug":"microsoft-365-professional-plus","status":"publish","type":"product","link":"https:\/\/allgoodkeys.com\/es\/producto\/microsoft-365-professional-plus\/","title":{"rendered":"Microsoft 365 Professional Plus Cuenta 5 Dispositivos (Windows\/Mac os) &#8211; 1 A\u00f1o de suscripci\u00f3n"},"content":{"rendered":"<blockquote><p><strong style=\"color: #1b1919; font-size: 18px;\">ATENCI\u00d3N!!! Este producto es una cuenta, no una clave de activaci\u00f3n. Por favor, lea la descripci\u00f3n y la secci\u00f3n de preguntas frecuentes antes de realizar su pedido.<\/strong><\/p><\/blockquote>\n<p>&nbsp;<\/p>\n<h5>Al comprar la Cuenta Profesional Plus de Microsoft 365, recibir\u00e1 una cuenta original de Microsoft asignada con 1 a\u00f1o de licencia.<\/h5>\n<p><b>Microsoft 365 Professional Plus 5PC\/MAC\/M\u00f3vil <\/b><\/p>\n<p>Captura tus ideas como mejor funciones: con un teclado, un bol\u00edgrafo o una pantalla t\u00e1ctil.<br \/>\nFormatee f\u00e1cilmente la informaci\u00f3n en Excel con herramientas que reconocen su patr\u00f3n y autocompletan los datos.<br \/>\nIncorpora f\u00e1cilmente el contenido de los PDF para crear tus propios documentos de Word de gran apariencia.<br \/>\nDise\u00f1e materiales de marketing personalizados que se adapten a su marca y a sus clientes.<br \/>\nCliente de Skype for Business disponible para PC y Mac; el servicio de Skype for Business no est\u00e1 incluido.<\/p>\n<p><strong>Microsoft 365 Professional Plus en ordenadores, tabletas y tel\u00e9fonos<\/strong><br \/>\nDisfrute de una experiencia de Office totalmente instalada en PC, Mac, tabletas Windows, tabletas iPad\u00ae y Android\u2122, y la mayor\u00eda de los dispositivos m\u00f3viles. Cada usuario puede instalar Office 365 en 5 PC o Mac, 5 tabletas (Windows, iPad y Android) y 5 tel\u00e9fonos.<\/p>\n<h5>Paquete de herramientas de Office con detalles sobre la disponibilidad y las caracter\u00edsticas de Publisher y Skype for Business<br \/>\nIncluye las \u00faltimas aplicaciones de Office para tu PC y Mac.<\/h5>\n<ol>\n<li>WORD 2019<\/li>\n<li>EXCEL 2019<\/li>\n<li>POWERPOINT 2019<\/li>\n<li>PERSPECTIVAS 2019<\/li>\n<li>UNA NOTA 2019<\/li>\n<li>PUBLISHER 2019 (s\u00f3lo versi\u00f3n para PC)<\/li>\n<li>ACCESS 2019 (s\u00f3lo versi\u00f3n para PC)<\/li>\n<\/ol>\n<p><b>Entrega inmediata<br \/>\n<\/b><\/p>\n<ul>\n<li>NO HAY CD\/DVD !<\/li>\n<li>Le proporcionaremos una cuenta y una contrase\u00f1a de Microsoft Office 365, y obtendr\u00e1 el instalador directamente desde el <a href=\"https:\/\/www.microsoft.com\/en-us\/microsoft-365\/business\/microsoft-365-apps-for-enterprise-product\" target=\"_blank\" rel=\"noopener\">sitio web<\/a> de Microsoft una vez realizado el pago.<\/li>\n<li>100% aut\u00e9ntico.<\/li>\n<li>Se actualizar\u00e1 autom\u00e1ticamente por Microsoft<\/li>\n<li>Admite todos los idiomas<\/li>\n<\/ul>\n<p>&nbsp;<\/p>\n<p><b>F.A.Q<\/b><\/p>\n<p><strong>P: Qu\u00e9 recibo despu\u00e9s de comprarlo?<\/strong><\/p>\n<p>Esta es una cuenta NUEVA, no hay CD\/DVD, copia f\u00edsica, clave de licencia o un c\u00f3digo de serie! Si tiene alguna pregunta o duda, por favor env\u00edenos un mensaje antes de comprar.<\/p>\n<p><strong><br \/>\n<span class=\"marker\">Q. \u00bfC\u00f3mo funciona?<\/span><br \/>\n<\/strong><\/p>\n<p><span class=\"marker\">A. Obtendr\u00e1 un correo electr\u00f3nico y una contrase\u00f1a de cuenta, y luego tendr\u00e1 que iniciar sesi\u00f3n en <u><a href=\"https:\/\/www.office.com\" target=\"_blank\" rel=\"noopener\">www.office.com<\/a> <\/u>con este correo electr\u00f3nico de la cuenta <\/span><\/p>\n<p><span class=\"marker\">y la contrase\u00f1a (PS: s\u00f3lo se puede cambiar la contrase\u00f1a de la cuenta, no se puede cambiar a su nombre de cuenta o correo electr\u00f3nico)<\/span><\/p>\n<p><strong>P: Son leg\u00edtimas estas licencias?<\/strong><\/p>\n<p>R: S\u00ed, las licencias son leg\u00edtimas y aut\u00e9nticas. La licencia es una licencia comercial que forma parte de una licencia acad\u00e9mica.<\/p>\n<p><strong>P: Puedo solicitar la ayuda del servicio de atenci\u00f3n al cliente de Microsoft si la necesito en el futuro?<\/strong><\/p>\n<p>R: S\u00ed, puedes obtener soporte directamente de Microsoft.<\/p>\n<p><strong>Q. Qu\u00e9 sistema operativo soporta?<\/strong><\/p>\n<p>A. Las licencias funcionan tanto en versiones x86 (32 bits) como x64 (64 bits) de Windows (7 o posterior) y tambi\u00e9n de Mac (OS 10.10 o posterior).<\/p>\n<p><strong>Q. Puedo utilizarlo con Android y con iPhones o iPads?<\/strong><\/p>\n<p>A. S\u00ed, descargue las aplicaciones correspondientes de la tienda de aplicaciones e inicie sesi\u00f3n con la cuenta para activarlas en su dispositivo.<\/p>\n<p><strong>Q. Tengo una versi\u00f3n anterior de Office ya instalada en mi dispositivo, qu\u00e9 debo hacer?<\/strong><\/p>\n<p>A. Recomendamos eliminar esto antes de instalar cualquier aplicaci\u00f3n desde la nueva cuenta<\/p>\n<p>&nbsp;<\/p>\n<p>\u00a1Aprovecha al m\u00e1ximo tu productividad con <strong>Microsoft 365 Professional Plus!<\/strong> Con una cuenta original de Microsoft asignada por un a\u00f1o, tendr\u00e1s acceso a las \u00faltimas aplicaciones de Office en hasta 5 PC, Mac y dispositivos m\u00f3viles. Desde Word hasta Excel, PowerPoint, Outlook y m\u00e1s, podr\u00e1s capturar tus ideas, crear documentos profesionales y colaborar f\u00e1cilmente con tu equipo en cualquier lugar. Con la entrega inmediata y el soporte directo de Microsoft, puedes estar seguro de la legitimidad y autenticidad de tu licencia. \u00a1No esperes m\u00e1s para potenciar tu trabajo con las herramientas l\u00edderes en el mercado de Microsoft 365 Professional Plus!<\/p>\n<h5 style=\"font-weight: 500;\"><b><strong>Es usted un revendedor?<\/strong><\/b><\/h5>\n<p style=\"font-weight: 400;\">Si eres un <b><strong>revendedor, <\/strong><\/b>env\u00edenos un correo a<a href=\"https:\/\/allgoodkeys.com\/contact-us\/\" target=\"_blank\" rel=\"noopener\"><strong> Support@allgoodkeys.com <\/strong><\/a>y le enviaremos una oferta a medida <b><strong>lista de precios. Trabajemos juntos. <\/strong><\/b>Para la seguridad de su dispositivo siempre recomendamos la instalaci\u00f3n de un Antivirus, puede elegir su<a title=\"La mejor oferta de antivirus\" href=\"https:\/\/allgoodkeys.com\/es\/categoria-producto\/antivirus-y-seguridad\/\" target=\"_blank\" rel=\"noopener\"><strong><em> Antivirus haciendo clic aqu\u00ed<\/em><\/strong><\/a><\/p>\n<h3>Afiliarse<\/h3>\n<p>\u00a1Gana comisiones promocionando nuestros productos digitales! <strong>\u00danase a nuestro programa de afiliados<\/strong>, obtenga un enlace de seguimiento \u00fanico y empiece a monetizar su plataforma. Inscr\u00edbase hoy mismo y ofrezca productos valiosos a su p\u00fablico. <strong><a href=\"https:\/\/allgoodkeys.com\/es\/afiliarse\/\" target=\"_blank\" rel=\"noopener\">Visite la p\u00e1gina de nuestro programa de afiliados<\/a><\/strong><\/p>\n<h3><strong>Buscar m\u00e1s productos en Todas las llaves buenas<\/strong><\/h3>\n<p><strong><a title=\"Comprar e instalar sistemas operativos Windows\" href=\"https:\/\/allgoodkeys.com\/es\/categoria-producto\/sistema-operativo\/\" target=\"_blank\" rel=\"noopener\">Sistemas operativos Windows<\/a>: <a title=\"Comprar e instalar la licencia original de Microsoft Windows 11\" href=\"https:\/\/allgoodkeys.com\/es\/categoria-producto\/sistema-operativo-windows-11\/\" target=\"_blank\" rel=\"noopener\">Windows 11<\/a> &#8211; <a title=\"Comprar e instalar Windows 10 Microsoft Original\" href=\"https:\/\/allgoodkeys.com\/es\/categoria-producto\/sistema-operativo-windows-10\/\" target=\"_blank\" rel=\"noopener\">Windows 10<\/a> &#8211; <a title=\"Comprar e instalar Windows 8 Microsoft Original\" href=\"https:\/\/allgoodkeys.com\/producto\/windows-8-1-professional-key\/\" target=\"_blank\" rel=\"noopener\">Windows 8<\/a><\/strong><br \/>\n<strong><a title=\"Comprar e instalar licencias originales de Microsoft Office Suites\" href=\"https:\/\/allgoodkeys.com\/es\/categoria-producto\/microsoft-office\/\" target=\"_blank\" rel=\"noopener\">Suites de Microsoft Office<\/a>: <a href=\"https:\/\/allgoodkeys.com\/es\/categoria-producto\/microsoft-office-2021-es\/\" target=\"_blank\" rel=\"noopener\">Office 2021<\/a> &#8211; <a title=\"Comprar e instalar la licencia original de Microsoft Office 2019\" href=\"https:\/\/allgoodkeys.com\/es\/categoria-producto\/microsoft-office-2019-es\/\" target=\"_blank\" rel=\"noopener\">Office 2019<\/a> &#8211; <a title=\"Comprar e instalar la licencia original de Office 2016\" href=\"https:\/\/allgoodkeys.com\/producto\/office-2016-professional-plusivation-key\/\" target=\"_blank\" rel=\"noopener\">Office 2016<\/a> &#8211; <a title=\"Comprar e instalar Office para Mac Microsoft Original\" href=\"https:\/\/allgoodkeys.com\/es\/categoria-producto\/office-para-mac\/\" target=\"_blank\" rel=\"noopener\">Office para Mac<\/a><\/strong><br \/>\n<strong><a title=\"Comprar e instalar el mejor antivirus\" href=\"https:\/\/allgoodkeys.com\/es\/categoria-producto\/antivirus-y-seguridad\/\" target=\"_blank\" rel=\"noopener\">Antivirus<\/a>: <a title=\"Comprar e instalar el antivirus original de Kaspersky\" href=\"https:\/\/allgoodkeys.com\/es\/categoria-producto\/kaspersky-es\/\" target=\"_blank\" rel=\"noopener\">Kaspersky<\/a> &#8211; <a title=\"Comprar e instalar el antivirus original de ESET\" href=\"https:\/\/allgoodkeys.com\/es\/categoria-producto\/eset-es\/\" target=\"_blank\" rel=\"noopener\">ESET<\/a> &#8211; <a title=\"Comprar e instalar el Avast Antivirus original\" href=\"https:\/\/allgoodkeys.com\/es\/categoria-producto\/avast\/\" target=\"_blank\" rel=\"noopener\">Avast<\/a> &#8211; <a href=\"https:\/\/allgoodkeys.com\/es\/categoria-producto\/avg\/\" target=\"_blank\" rel=\"noopener\">AVG<\/a><\/strong><\/p>\n","protected":false},"excerpt":{"rendered":"<p>[icon name=\"circle-check\" prefix=\"fas\"]\u00a0 DESCARGA DIGITAL INSTANT\u00c1NEA<\/p>\n<p>[icon name=\"circle-check\" prefix=\"fas\"]\u00a0 SOPORTE DE POR VIDA<\/p>\n<p><a href=\"https:\/\/allgoodkeys.com\/es\/garantia-de-trusted-shops\/\" target=\"_blank\" rel=\"noopener\"><img decoding=\"async\" class=\"alignnone wp-image-48998\" src=\"http:\/\/allgoodkeys.com\/wp-content\/uploads\/2021\/02\/trusted-shops-es.png\" alt=\"\" width=\"195\" height=\"55\" srcset=\"https:\/\/allgoodkeys.com\/wp-content\/uploads\/2021\/02\/trusted-shops-es.png 396w, https:\/\/allgoodkeys.com\/wp-content\/uploads\/2021\/02\/trusted-shops-es-300x85.png 300w, https:\/\/allgoodkeys.com\/wp-content\/uploads\/2021\/02\/trusted-shops-es-250x71.png 250w\" sizes=\"(max-width: 195px) 100vw, 195px\" \/><\/a><\/p>\n","protected":false},"featured_media":22763,"comment_status":"open","ping_status":"closed","template":"","meta":{"rank_math_title":"","rank_math_description":"Obt\u00e9n las mejores ofertas en Microsoft 365 Professional Plus - a los precios m\u00e1s atractivos del mercado.\n\n","rank_math_focus_keyword":"Microsoft 365 Professional Plus"},"product_brand":[],"product_cat":[372,373,371],"product_tag":[],"woo-feed-brand":[],"class_list":{"0":"post-22762","1":"product","2":"type-product","3":"status-publish","4":"has-post-thumbnail","6":"product_cat-microsoft-office","7":"product_cat-office-para-mac","8":"product_cat-todos-los-productos","10":"first","11":"instock","12":"virtual","13":"taxable","14":"purchasable","15":"product-type-simple"},"jetpack_sharing_enabled":true,"_links":{"self":[{"href":"https:\/\/allgoodkeys.com\/es\/wp-json\/wp\/v2\/product\/22762","targetHints":{"allow":["GET"]}}],"collection":[{"href":"https:\/\/allgoodkeys.com\/es\/wp-json\/wp\/v2\/product"}],"about":[{"href":"https:\/\/allgoodkeys.com\/es\/wp-json\/wp\/v2\/types\/product"}],"replies":[{"embeddable":true,"href":"https:\/\/allgoodkeys.com\/es\/wp-json\/wp\/v2\/comments?post=22762"}],"wp:featuredmedia":[{"embeddable":true,"href":"https:\/\/allgoodkeys.com\/es\/wp-json\/wp\/v2\/media\/22763"}],"wp:attachment":[{"href":"https:\/\/allgoodkeys.com\/es\/wp-json\/wp\/v2\/media?parent=22762"}],"wp:term":[{"taxonomy":"product_brand","embeddable":true,"href":"https:\/\/allgoodkeys.com\/es\/wp-json\/wp\/v2\/product_brand?post=22762"},{"taxonomy":"product_cat","embeddable":true,"href":"https:\/\/allgoodkeys.com\/es\/wp-json\/wp\/v2\/product_cat?post=22762"},{"taxonomy":"product_tag","embeddable":true,"href":"https:\/\/allgoodkeys.com\/es\/wp-json\/wp\/v2\/product_tag?post=22762"},{"taxonomy":"woo-feed-brand","embeddable":true,"href":"https:\/\/allgoodkeys.com\/es\/wp-json\/wp\/v2\/woo-feed-brand?post=22762"}],"curies":[{"name":"wp","href":"https:\/\/api.w.org\/{rel}","templated":true}]}}