{"id":48574,"date":"2024-05-06T16:00:08","date_gmt":"2024-05-06T16:00:08","guid":{"rendered":"https:\/\/allgoodkeys.com\/garantia-de-trusted-shops\/"},"modified":"2024-05-07T18:21:03","modified_gmt":"2024-05-07T18:21:03","slug":"garantia-de-trusted-shops","status":"publish","type":"page","link":"https:\/\/allgoodkeys.com\/es\/garantia-de-trusted-shops\/","title":{"rendered":"Garant\u00eda de Trusted Shops"},"content":{"rendered":"\t\t<div data-elementor-type=\"wp-page\" data-elementor-id=\"48574\" class=\"elementor elementor-48574 elementor-48446\">\n\t\t\t\t\t\t<section class=\"wd-negative-gap elementor-section elementor-top-section elementor-element elementor-element-45238804 elementor-section-content-middle elementor-reverse-tablet elementor-reverse-mobile elementor-section-boxed elementor-section-height-default elementor-section-height-default\" data-id=\"45238804\" data-element_type=\"section\" data-e-type=\"section\">\n\t\t\t\t\t\t<div class=\"elementor-container elementor-column-gap-extended\">\n\t\t\t\t\t<div class=\"elementor-column elementor-col-50 elementor-top-column elementor-element elementor-element-25dd32c0\" data-id=\"25dd32c0\" data-element_type=\"column\" data-e-type=\"column\">\n\t\t\t<div class=\"elementor-widget-wrap elementor-element-populated\">\n\t\t\t\t\t\t<div class=\"elementor-element elementor-element-668aaa3a wd-width-100 elementor-widget elementor-widget-wd_title\" data-id=\"668aaa3a\" data-element_type=\"widget\" data-e-type=\"widget\" data-widget_type=\"wd_title.default\">\n\t\t\t\t<div class=\"elementor-widget-container\">\n\t\t\t\t\t\t\t<div class=\"title-wrapper wd-set-mb reset-last-child wd-title-color-default wd-title-style-default wd-title-size-extra-large text-left\">\n\n\t\t\t\n\t\t\t<div class=\"liner-continer\">\n\t\t\t\t<h4 class=\"woodmart-title-container title wd-fontsize-xxxl wd-underline-colored\">Garant\u00eda de Trusted <u>Shops <\/u><br \/>\n<\/h4> \n\t\t\t\t\t\t\t<\/div>\n\n\t\t\t\t\t<\/div>\n\t\t\t\t\t\t<\/div>\n\t\t\t\t<\/div>\n\t\t\t\t<div class=\"elementor-element elementor-element-2ce8f7d6 text-larger elementor-widget elementor-widget-wd_text_block\" data-id=\"2ce8f7d6\" data-element_type=\"widget\" data-e-type=\"widget\" data-widget_type=\"wd_text_block.default\">\n\t\t\t\t<div class=\"elementor-widget-container\">\n\t\t\t\t\t\t\t<div class=\"wd-text-block reset-last-child text-left\">\n\t\t\t\n\t\t\t<h5>Con la garant\u00eda de Trusted Shops, puedes realizar tus compras en All Good Keys con confianza, sabiendo que tienes la seguridad de un reembolso garantizado de hasta 2,500 d\u00f3lares. \u00a1All Good Keys es tu destino definitivo en el mercado digital para compras seguras y sin preocupaciones!<\/h5>\n\t\t\t\t\t<\/div>\n\t\t\t\t\t\t<\/div>\n\t\t\t\t<\/div>\n\t\t\t\t<div class=\"elementor-element elementor-element-d6bd3cb elementor-widget elementor-widget-wd_text_block\" data-id=\"d6bd3cb\" data-element_type=\"widget\" data-e-type=\"widget\" data-widget_type=\"wd_text_block.default\">\n\t\t\t\t<div class=\"elementor-widget-container\">\n\t\t\t\t\t\t\t<div class=\"wd-text-block reset-last-child text-left\">\n\t\t\t\n\t\t\t<h3><strong>Trusted Shops y All Good Keys: Una experiencia de compra segura.<\/strong><\/h3><p><strong>All Good Keys<\/strong> obtiene con orgullo el certificado de calidad de <strong>Trusted Shops<\/strong>, un testimonio de nuestro compromiso con la excelencia durante nuestros 4 a\u00f1os de historia. Ten la seguridad de que esta certificaci\u00f3n garantiza los m\u00e1s altos est\u00e1ndares de servicio. \u00a1Adem\u00e1s, disfruta de una garant\u00eda de devoluci\u00f3n de dinero de hasta 2,500 d\u00f3lares en cada compra con nosotros!<\/p>\n\t\t\t\t\t<\/div>\n\t\t\t\t\t\t<\/div>\n\t\t\t\t<\/div>\n\t\t\t\t<div class=\"elementor-element elementor-element-441f0d9c elementor-widget__width-auto elementor-widget elementor-widget-wd_button\" data-id=\"441f0d9c\" data-element_type=\"widget\" data-e-type=\"widget\" data-widget_type=\"wd_button.default\">\n\t\t\t\t<div class=\"elementor-widget-container\">\n\t\t\t\t\t\t\t<div class=\"wd-button-wrapper text-left\" >\n\t\t\t<a class=\"btn btn-style-round btn-shape-rectangle btn-size-default btn-color-primary btn-icon-pos-right\" href=\"https:\/\/www.trustedshops.co.uk\/buyerrating\/info_XD4A294DE002F5C8CAFA4BC5677D5FFE2.html\" target=\"_blank\" rel=\"noopener\">\n\t\t\t\t<span class=\"wd-btn-text\" data-elementor-setting-key=\"text\">\n\t\t\t\t\tAprende m\u00e1s\t\t\t\t<\/span>\n\n\t\t\t\t\t\t\t<\/a>\n\t\t<\/div>\n\t\t\t\t\t\t<\/div>\n\t\t\t\t<\/div>\n\t\t\t\t\t<\/div>\n\t\t<\/div>\n\t\t\t\t<div class=\"elementor-column elementor-col-50 elementor-top-column elementor-element elementor-element-7bf83080\" data-id=\"7bf83080\" data-element_type=\"column\" data-e-type=\"column\">\n\t\t\t<div class=\"elementor-widget-wrap elementor-element-populated\">\n\t\t\t\t\t\t<div class=\"elementor-element elementor-element-3788803e wd-parallax-on-scroll wd_scroll_x_0 wd_scroll_y_-40 wd_scroll_z_0 wd_scroll_smoothness_30 elementor-widget elementor-widget-wd_image_or_svg\" data-id=\"3788803e\" data-element_type=\"widget\" data-e-type=\"widget\" data-widget_type=\"wd_image_or_svg.default\">\n\t\t\t\t<div class=\"elementor-widget-container\">\n\t\t\t\t\t\n\t\t<div class=\"wd-image text-left\">\n\t\t\t\t\t\t\t<a href=\"https:\/\/www.trustedshops.es\/evaluacion\/info_XDE35EA5B9AADDC0B82AAA05391D88F0C.html\" target=\"_blank\" aria-label=\"Image link\" rel=\"noopener\">\n\t\t\t\t\t\t\t\t<img decoding=\"async\" width=\"1536\" height=\"932\" src=\"https:\/\/allgoodkeys.com\/wp-content\/uploads\/2024\/05\/Add-a-heading-7.png\" class=\"attachment-full size-full\" alt=\"\" srcset=\"https:\/\/allgoodkeys.com\/wp-content\/uploads\/2024\/05\/Add-a-heading-7.png 1536w, https:\/\/allgoodkeys.com\/wp-content\/uploads\/2024\/05\/Add-a-heading-7-300x182.png 300w, https:\/\/allgoodkeys.com\/wp-content\/uploads\/2024\/05\/Add-a-heading-7-1024x621.png 1024w, https:\/\/allgoodkeys.com\/wp-content\/uploads\/2024\/05\/Add-a-heading-7-768x466.png 768w, https:\/\/allgoodkeys.com\/wp-content\/uploads\/2024\/05\/Add-a-heading-7-570x346.png 570w, https:\/\/allgoodkeys.com\/wp-content\/uploads\/2024\/05\/Add-a-heading-7-631x383.png 631w, https:\/\/allgoodkeys.com\/wp-content\/uploads\/2024\/05\/Add-a-heading-7-250x152.png 250w\" sizes=\"(max-width: 1536px) 100vw, 1536px\" \/>\t\t\t\t\t\t\t<\/a>\n\t\t\t\t\t<\/div>\n\n\t\t\t\t\t\t<\/div>\n\t\t\t\t<\/div>\n\t\t\t\t\t<\/div>\n\t\t<\/div>\n\t\t\t\t\t<\/div>\n\t\t<\/section>\n\t\t\t\t<section class=\"wd-negative-gap elementor-section elementor-top-section elementor-element elementor-element-6c11eeb2 elementor-section-content-middle elementor-section-boxed elementor-section-height-default elementor-section-height-default\" data-id=\"6c11eeb2\" data-element_type=\"section\" data-e-type=\"section\">\n\t\t\t\t\t\t<div class=\"elementor-container elementor-column-gap-extended\">\n\t\t\t\t\t<div class=\"elementor-column elementor-col-50 elementor-top-column elementor-element elementor-element-e25707\" data-id=\"e25707\" data-element_type=\"column\" data-e-type=\"column\">\n\t\t\t<div class=\"elementor-widget-wrap elementor-element-populated\">\n\t\t\t\t\t\t<div class=\"elementor-element elementor-element-70213351 wd-parallax-on-scroll wd_scroll_x_0 wd_scroll_y_-40 wd_scroll_z_0 wd_scroll_smoothness_30 elementor-widget elementor-widget-wd_image_or_svg\" data-id=\"70213351\" data-element_type=\"widget\" data-e-type=\"widget\" data-widget_type=\"wd_image_or_svg.default\">\n\t\t\t\t<div class=\"elementor-widget-container\">\n\t\t\t\t\t\n\t\t<div class=\"wd-image text-left\">\n\t\t\t\t\t\t\t\t<img decoding=\"async\" width=\"1536\" height=\"932\" src=\"https:\/\/allgoodkeys.com\/wp-content\/uploads\/2024\/05\/trusted-shops-buyer-protection.jpg\" class=\"attachment-full size-full\" alt=\"\" srcset=\"https:\/\/allgoodkeys.com\/wp-content\/uploads\/2024\/05\/trusted-shops-buyer-protection.jpg 1536w, https:\/\/allgoodkeys.com\/wp-content\/uploads\/2024\/05\/trusted-shops-buyer-protection-300x182.jpg 300w, https:\/\/allgoodkeys.com\/wp-content\/uploads\/2024\/05\/trusted-shops-buyer-protection-1024x621.jpg 1024w, https:\/\/allgoodkeys.com\/wp-content\/uploads\/2024\/05\/trusted-shops-buyer-protection-768x466.jpg 768w, https:\/\/allgoodkeys.com\/wp-content\/uploads\/2024\/05\/trusted-shops-buyer-protection-570x346.jpg 570w, https:\/\/allgoodkeys.com\/wp-content\/uploads\/2024\/05\/trusted-shops-buyer-protection-631x383.jpg 631w, https:\/\/allgoodkeys.com\/wp-content\/uploads\/2024\/05\/trusted-shops-buyer-protection-250x152.jpg 250w\" sizes=\"(max-width: 1536px) 100vw, 1536px\" \/>\t\t\t\t\t<\/div>\n\n\t\t\t\t\t\t<\/div>\n\t\t\t\t<\/div>\n\t\t\t\t\t<\/div>\n\t\t<\/div>\n\t\t\t\t<div class=\"elementor-column elementor-col-50 elementor-top-column elementor-element elementor-element-5987ef09\" data-id=\"5987ef09\" data-element_type=\"column\" data-e-type=\"column\">\n\t\t\t<div class=\"elementor-widget-wrap elementor-element-populated\">\n\t\t\t\t\t\t<div class=\"elementor-element elementor-element-2532fb0d wd-width-100 elementor-widget elementor-widget-wd_title\" data-id=\"2532fb0d\" data-element_type=\"widget\" data-e-type=\"widget\" data-widget_type=\"wd_title.default\">\n\t\t\t\t<div class=\"elementor-widget-container\">\n\t\t\t\t\t\t\t<div class=\"title-wrapper wd-set-mb reset-last-child wd-title-color-default wd-title-style-default wd-title-size-extra-large text-left\">\n\n\t\t\t\n\t\t\t<div class=\"liner-continer\">\n\t\t\t\t<h4 class=\"woodmart-title-container title wd-fontsize-xxxl wd-underline-colored\">\u00bfQu\u00e9 es el sello de garant\u00eda de Trusted <u>Shops<\/u>?<\/h4> \n\t\t\t\t\t\t\t<\/div>\n\n\t\t\t\t\t<\/div>\n\t\t\t\t\t\t<\/div>\n\t\t\t\t<\/div>\n\t\t\t\t<div class=\"elementor-element elementor-element-24c0da2d text-larger elementor-widget elementor-widget-wd_text_block\" data-id=\"24c0da2d\" data-element_type=\"widget\" data-e-type=\"widget\" data-widget_type=\"wd_text_block.default\">\n\t\t\t\t<div class=\"elementor-widget-container\">\n\t\t\t\t\t\t\t<div class=\"wd-text-block reset-last-child text-left\">\n\t\t\t\n\t\t\t<p><strong>Trusted Shops <\/strong> es un organismo de certificaci\u00f3n independiente que, a nivel europeo, clasifica los negocios de comercio electr\u00f3nico seg\u00fan los criterios de calidad definidos por las directivas de la UE:<\/p><ul><li>Rastreabilidad del proveedor<\/li><li>Transparencia<\/li><li>Protecci\u00f3n de datos y privacidad<\/li><li>Servicio de atenci\u00f3n al cliente postventa y protecci\u00f3n al comprador<\/li><\/ul><p>Las empresas que reciben el sello de aprobaci\u00f3n, al igual que <strong>All Good Keys<\/strong>, mejor encarnan estos principios.<\/p>\n\t\t\t\t\t<\/div>\n\t\t\t\t\t\t<\/div>\n\t\t\t\t<\/div>\n\t\t\t\t\t<\/div>\n\t\t<\/div>\n\t\t\t\t\t<\/div>\n\t\t<\/section>\n\t\t\t\t<section class=\"wd-negative-gap elementor-section elementor-top-section elementor-element elementor-element-182e10f elementor-section-content-middle elementor-section-boxed elementor-section-height-default elementor-section-height-default\" data-id=\"182e10f\" data-element_type=\"section\" data-e-type=\"section\">\n\t\t\t\t\t\t<div class=\"elementor-container elementor-column-gap-extended\">\n\t\t\t\t\t<div class=\"elementor-column elementor-col-50 elementor-top-column elementor-element elementor-element-621e29d\" data-id=\"621e29d\" data-element_type=\"column\" data-e-type=\"column\">\n\t\t\t<div class=\"elementor-widget-wrap elementor-element-populated\">\n\t\t\t\t\t\t<div class=\"elementor-element elementor-element-b7ecc32 wd-width-100 elementor-widget elementor-widget-wd_title\" data-id=\"b7ecc32\" data-element_type=\"widget\" data-e-type=\"widget\" data-widget_type=\"wd_title.default\">\n\t\t\t\t<div class=\"elementor-widget-container\">\n\t\t\t\t\t\t\t<div class=\"title-wrapper wd-set-mb reset-last-child wd-title-color-default wd-title-style-default wd-title-size-extra-large text-left\">\n\n\t\t\t\n\t\t\t<div class=\"liner-continer\">\n\t\t\t\t<h4 class=\"woodmart-title-container title wd-fontsize-xxxl wd-underline-colored\">C\u00f3mo activar la garant\u00eda de devoluci\u00f3n de dinero de <u>$2500<\/u> en <u>All Good Keys<\/u>? <\/h4> \n\t\t\t\t\t\t\t<\/div>\n\n\t\t\t\t\t<\/div>\n\t\t\t\t\t\t<\/div>\n\t\t\t\t<\/div>\n\t\t\t\t<div class=\"elementor-element elementor-element-ba8e154 elementor-widget elementor-widget-wd_text_block\" data-id=\"ba8e154\" data-element_type=\"widget\" data-e-type=\"widget\" data-widget_type=\"wd_text_block.default\">\n\t\t\t\t<div class=\"elementor-widget-container\">\n\t\t\t\t\t\t\t<div class=\"wd-text-block reset-last-child text-left\">\n\t\t\t\n\t\t\t<p>Para obtener la garant\u00eda de devoluci\u00f3n de dinero ofrecida por <strong>Trusted Shops<\/strong>, simplemente completa tu compra en <strong>All Good Keys<\/strong>.<\/p><ul><li>Agrega tu producto al carrito.<\/li><li>Completa la compra.<\/li><li>Despu\u00e9s de comprar, se te preguntar\u00e1 si deseas activar tu garant\u00eda de devoluci\u00f3n de dinero directamente en la p\u00e1gina de resumen del pedido.<\/li><li>Recibir\u00e1s tu garant\u00eda de Trusted Shops por correo electr\u00f3nico<\/li><li>Desde el correo electr\u00f3nico, podr\u00e1s crear y acceder a tu cuenta personal donde podr\u00e1s gestionar tus garant\u00edas.<\/li><\/ul>\n\t\t\t\t\t<\/div>\n\t\t\t\t\t\t<\/div>\n\t\t\t\t<\/div>\n\t\t\t\t<div class=\"elementor-element elementor-element-a983175 elementor-widget elementor-widget-wd_text_block\" data-id=\"a983175\" data-element_type=\"widget\" data-e-type=\"widget\" data-widget_type=\"wd_text_block.default\">\n\t\t\t\t<div class=\"elementor-widget-container\">\n\t\t\t\t\t\t\t<div class=\"wd-text-block reset-last-child text-left\">\n\t\t\t\n\t\t\t<h3><strong>\u00bfQu\u00e9 incluye la garant\u00eda de Trusted Shops?<\/strong><\/h3><p>Trusted Shops protege todas las compras realizadas en tiendas de comercio electr\u00f3nico que han recibido certificaci\u00f3n, reembolsando al usuario hasta 2,500$ en los siguientes casos:<\/p><ul><li>Entrega no conforme<\/li><li>Fallo en el reembolso<\/li><li>Fraude<\/li><li>Problemas con el vendedor<\/li><\/ul><div class=\"w-full text-token-text-primary\" dir=\"auto\" data-testid=\"conversation-turn-129\" data-scroll-anchor=\"false\"><div class=\"py-2 px-3 text-base md:px-4 m-auto md:px-5 lg:px-1 xl:px-5\"><div class=\"mx-auto flex flex-1 gap-3 text-base juice:gap-4 juice:md:gap-6 md:max-w-3xl lg:max-w-[40rem] xl:max-w-[48rem]\"><div class=\"relative flex w-full min-w-0 flex-col agent-turn\"><div class=\"flex-col gap-1 md:gap-3\"><div class=\"flex flex-grow flex-col max-w-full\"><div class=\"min-h-[20px] text-message flex flex-col items-start whitespace-pre-wrap break-words [.text-message+&amp;]:mt-5 overflow-x-auto gap-3\" dir=\"auto\" data-message-author-role=\"assistant\" data-message-id=\"93d49483-26f7-48ad-8515-ae0e15b4c6ca\"><div class=\"markdown prose w-full break-words dark:prose-invert light\"><p><strong>Trusted Shops y All Good Keys: Tus compras nunca han sido m\u00e1s seguras.<\/strong><\/p><p>Como sabr\u00e1s, durante m\u00e1s de 4 a\u00f1os, All Good Keys ha mantenido su compromiso con la transparencia, profesionalismo y conveniencia. Nuestros productos son todos 100% genuinos y garantizados.<\/p><p>Siempre hemos ofrecido una garant\u00eda de devoluci\u00f3n completa del dinero, pero hoy, para garantizarle una experiencia de compra a\u00fan m\u00e1s segura y placentera, nos honra recibir la certificaci\u00f3n de calidad de Trusted Shops. Una vez m\u00e1s, All Good Keys es su referencia definitiva en el mercado digital.<\/p><\/div><\/div><\/div><\/div><div class=\"absolute\"><div class=\"flex w-full gap-2 items-center justify-center\"> <\/div><\/div><\/div><\/div><\/div><\/div>\n\t\t\t\t\t<\/div>\n\t\t\t\t\t\t<\/div>\n\t\t\t\t<\/div>\n\t\t\t\t\t<\/div>\n\t\t<\/div>\n\t\t\t\t<div class=\"elementor-column elementor-col-50 elementor-top-column elementor-element elementor-element-9b89980\" data-id=\"9b89980\" data-element_type=\"column\" data-e-type=\"column\">\n\t\t\t<div class=\"elementor-widget-wrap elementor-element-populated\">\n\t\t\t\t\t\t<div class=\"elementor-element elementor-element-048053d wd-parallax-on-scroll wd_scroll_x_0 wd_scroll_y_-40 wd_scroll_z_0 wd_scroll_smoothness_30 elementor-widget elementor-widget-wd_image_or_svg\" data-id=\"048053d\" data-element_type=\"widget\" data-e-type=\"widget\" data-widget_type=\"wd_image_or_svg.default\">\n\t\t\t\t<div class=\"elementor-widget-container\">\n\t\t\t\t\t\n\t\t<div class=\"wd-image text-center\">\n\t\t\t\t\t\t\t\t<img decoding=\"async\" width=\"1077\" height=\"1720\" src=\"https:\/\/allgoodkeys.com\/wp-content\/uploads\/2024\/05\/trustmark-es.png\" class=\"attachment-full size-full\" alt=\"\" srcset=\"https:\/\/allgoodkeys.com\/wp-content\/uploads\/2024\/05\/trustmark-es.png 1077w, https:\/\/allgoodkeys.com\/wp-content\/uploads\/2024\/05\/trustmark-es-188x300.png 188w, https:\/\/allgoodkeys.com\/wp-content\/uploads\/2024\/05\/trustmark-es-641x1024.png 641w, https:\/\/allgoodkeys.com\/wp-content\/uploads\/2024\/05\/trustmark-es-768x1227.png 768w, https:\/\/allgoodkeys.com\/wp-content\/uploads\/2024\/05\/trustmark-es-962x1536.png 962w, https:\/\/allgoodkeys.com\/wp-content\/uploads\/2024\/05\/trustmark-es-570x910.png 570w, https:\/\/allgoodkeys.com\/wp-content\/uploads\/2024\/05\/trustmark-es-631x1008.png 631w, https:\/\/allgoodkeys.com\/wp-content\/uploads\/2024\/05\/trustmark-es-250x399.png 250w\" sizes=\"(max-width: 1077px) 100vw, 1077px\" \/>\t\t\t\t\t<\/div>\n\n\t\t\t\t\t\t<\/div>\n\t\t\t\t<\/div>\n\t\t\t\t\t<\/div>\n\t\t<\/div>\n\t\t\t\t\t<\/div>\n\t\t<\/section>\n\t\t\t\t<section class=\"wd-negative-gap elementor-section elementor-top-section elementor-element elementor-element-a7d70b8 elementor-section-boxed elementor-section-height-default elementor-section-height-default\" data-id=\"a7d70b8\" data-element_type=\"section\" data-e-type=\"section\">\n\t\t\t\t\t\t<div class=\"elementor-container elementor-column-gap-default\">\n\t\t\t\t\t<div class=\"elementor-column elementor-col-100 elementor-top-column elementor-element elementor-element-2e2b75b\" data-id=\"2e2b75b\" data-element_type=\"column\" data-e-type=\"column\">\n\t\t\t<div class=\"elementor-widget-wrap\">\n\t\t\t\t\t\t\t<\/div>\n\t\t<\/div>\n\t\t\t\t\t<\/div>\n\t\t<\/section>\n\t\t\t\t<\/div>\n\t\t","protected":false},"excerpt":{"rendered":"<p>Garant\u00eda de Trusted Shops Con la garant\u00eda de Trusted Shops, puedes realizar tus compras en All Good Keys con confianza,<\/p>\n","protected":false},"author":1,"featured_media":0,"parent":0,"menu_order":0,"comment_status":"closed","ping_status":"closed","template":"","meta":{"rank_math_title":"","rank_math_description":"","rank_math_focus_keyword":"","footnotes":""},"class_list":["post-48574","page","type-page","status-publish","hentry"],"jetpack_sharing_enabled":true,"_links":{"self":[{"href":"https:\/\/allgoodkeys.com\/es\/wp-json\/wp\/v2\/pages\/48574","targetHints":{"allow":["GET"]}}],"collection":[{"href":"https:\/\/allgoodkeys.com\/es\/wp-json\/wp\/v2\/pages"}],"about":[{"href":"https:\/\/allgoodkeys.com\/es\/wp-json\/wp\/v2\/types\/page"}],"author":[{"embeddable":true,"href":"https:\/\/allgoodkeys.com\/es\/wp-json\/wp\/v2\/users\/1"}],"replies":[{"embeddable":true,"href":"https:\/\/allgoodkeys.com\/es\/wp-json\/wp\/v2\/comments?post=48574"}],"version-history":[{"count":0,"href":"https:\/\/allgoodkeys.com\/es\/wp-json\/wp\/v2\/pages\/48574\/revisions"}],"wp:attachment":[{"href":"https:\/\/allgoodkeys.com\/es\/wp-json\/wp\/v2\/media?parent=48574"}],"curies":[{"name":"wp","href":"https:\/\/api.w.org\/{rel}","templated":true}]}}