{"id":36828,"date":"2023-06-14T15:44:40","date_gmt":"2023-06-14T15:44:40","guid":{"rendered":"https:\/\/allgoodkeys.com\/obtener-el-id-de-confirmacion-en-linea\/"},"modified":"2023-10-16T15:32:07","modified_gmt":"2023-10-16T15:32:07","slug":"obtener-el-id-de-confirmacion-en-linea","status":"publish","type":"page","link":"https:\/\/allgoodkeys.com\/es\/obtener-el-id-de-confirmacion-en-linea\/","title":{"rendered":"Obtener el ID de confirmaci\u00f3n en l\u00ednea"},"content":{"rendered":"\t\t<div data-elementor-type=\"wp-page\" data-elementor-id=\"36828\" class=\"elementor elementor-36828 elementor-32940\">\n\t\t\t\t\t\t<section class=\"elementor-section elementor-top-section elementor-element elementor-element-31eb053 elementor-section-boxed elementor-section-height-default elementor-section-height-default\" data-id=\"31eb053\" data-element_type=\"section\" data-e-type=\"section\">\n\t\t\t\t\t\t<div class=\"elementor-container elementor-column-gap-default\">\n\t\t\t\t\t<div class=\"elementor-column elementor-col-100 elementor-top-column elementor-element elementor-element-6a248c7\" data-id=\"6a248c7\" data-element_type=\"column\" data-e-type=\"column\">\n\t\t\t<div class=\"elementor-widget-wrap elementor-element-populated\">\n\t\t\t\t\t\t<div class=\"elementor-element elementor-element-148927b wd-width-100 elementor-widget elementor-widget-wd_title\" data-id=\"148927b\" data-element_type=\"widget\" data-e-type=\"widget\" data-widget_type=\"wd_title.default\">\n\t\t\t\t<div class=\"elementor-widget-container\">\n\t\t\t\t\t\t\t<div class=\"title-wrapper wd-set-mb reset-last-child wd-title-color-default wd-title-style-default wd-title-size-default text-center\">\n\n\t\t\t\t\t\t\t\t\t\t\t<div class=\"title-subtitle subtitle-color-default subtitle-style-default wd-fontsize-xs\">\n\t\t\t\t\tEste servicio no funciona en este momento\t\t\t\t<\/div>\n\t\t\t\n\t\t\t<div class=\"liner-continer\">\n\t\t\t\t<h4 class=\"woodmart-title-container title wd-fontsize-l\">Obtener ID de confirmaci\u00f3n | Soporte de Microsoft Self-Service<\/h4> \n\t\t\t\t\t\t\t<\/div>\n\n\t\t\t\t\t\t\t<div class=\"title-after_title reset-last-child wd-fontsize-xs\">\n\t\t\t\t\t<p>Bienvenido a esta p\u00e1gina en la que podr\u00e1 activar c\u00f3modamente productos Microsoft en l\u00ednea sin necesidad de ponerse en contacto con el soporte t\u00e9cnico de Microsoft por tel\u00e9fono.<\/p><p>Nuestro servicio, conocido como \"GET CID\", es una herramienta web de soporte de autoservicio de Microsoft dise\u00f1ada para facilitar la activaci\u00f3n autom\u00e1tica del tel\u00e9fono. Con esta herramienta, puede obtener f\u00e1cilmente un identificador de confirmaci\u00f3n en formato de texto sin necesidad de llamar por tel\u00e9fono.<\/p><p><span style=\"font-size: 14px;background-color: var(--wd-main-bgcolor);color: var(--wd-text-color)\">S\u00f3lo tiene que utilizar el formulario en l\u00ednea que figura a continuaci\u00f3n para iniciar el proceso de activaci\u00f3n.<\/span><\/p>\t\t\t\t<\/div>\n\t\t\t\t\t<\/div>\n\t\t\t\t\t\t<\/div>\n\t\t\t\t<\/div>\n\t\t\t\t\t<\/div>\n\t\t<\/div>\n\t\t\t\t\t<\/div>\n\t\t<\/section>\n\t\t\t\t<section class=\"elementor-section elementor-top-section elementor-element elementor-element-af00a9d elementor-section-boxed elementor-section-height-default elementor-section-height-default\" data-id=\"af00a9d\" data-element_type=\"section\" data-e-type=\"section\">\n\t\t\t\t\t\t<div class=\"elementor-container elementor-column-gap-default\">\n\t\t\t\t\t<div class=\"elementor-column elementor-col-100 elementor-top-column elementor-element elementor-element-321bb07\" data-id=\"321bb07\" data-element_type=\"column\" data-e-type=\"column\">\n\t\t\t<div class=\"elementor-widget-wrap elementor-element-populated\">\n\t\t\t\t\t\t<div class=\"elementor-element elementor-element-d188bcd elementor-widget elementor-widget-wd_text_block\" data-id=\"d188bcd\" data-element_type=\"widget\" data-e-type=\"widget\" data-widget_type=\"wd_text_block.default\">\n\t\t\t\t<div class=\"elementor-widget-container\">\n\t\t\t\t\t\t\t<div class=\"wd-text-block reset-last-child text-left\">\n\t\t\t\n\t\t\t<p><br>\t<script>\n\tjQuery(document).ready(function($){\n\t\t$(\"#copyResult1\").click(function(e){\n\t\t\tnavigator.clipboard.writeText($('#myresult').val());\n\t\t\t$(this).html('Copied');\n\t\t});\n\t\t$(\"#copyResult0\").click(function(e){\n\t\t\tnavigator.clipboard.writeText($('#myresult').val());\n\t\t\t$(this).html('Copied');\n\t\t});\n\t\t$(\"#iid_form\").submit(function(e){\n\t\t\te.preventDefault();\n\t\t\t$(\"#loader_img_container\").show();\n\t\t\t$(\"#copyResult1\").html('Copy');\n\t\t\t$(\"#copyResult0\").html('Copy');\n\t\t\t$(\".iblocks\").val(\"\");\n\t\t\t$(\"#CID\").val(\"\");\n\t\t\tvar iid=$(\"#tbxIID\").val();\n\t\t\tvar order_id=$(\"#order_ID\").val();\n\t\t\t$(\"#getcid_ajaxerr\").empty();\n\t\t\tjQuery.ajax({\n\t\t\t\ttype: \"post\",\n\t\t\t\turl: \"https:\/\/allgoodkeys.com\/wp-admin\/admin-ajax.php\",\n\t\t\t\tdata: ({ action: 'get_cid_data', iid: iid,order_id:order_id}),\n\t\t\t\tsuccess: function(msg){\n\t\t\t\t\tif($.isNumeric(msg)) {\n\t\t\t\t\t\t$('#myresult').val(msg);\n\t\t\t\t\t\t$('#CID').val(msg);\n\t\t\t\t\t\tvar inputString = msg;\n\t\t\t\t\t\tvar chunkSize = 6;\n\t\t\t\t\t\tvar chunks = inputStQring.match(new RegExp('.{1,' + chunkSize + '}', 'g'));\n\t\t\t\t\t\t\n\t\t\t\t\t\tfor (var i = 0; i < chunks.length; i++) {\n\t\t\t\t\t\t\tvar inputVal = chunks[i];\n\t\t\t\t\t\t\tjQuery(\".iblocks[data-id='\"+i+\"']\").val(inputVal);\n\t\t\t\t\t\t}\n\t\t\t\t\t} else {\n\t\t\t\t\t\t$(\"#getcid_ajaxerr\").html(msg);\n\t\t\t\t\t}\n\t\t\t\t\tconsole.log(msg);\n\t\t\t\t\t$(\"#loader_img_container\").hide();\n\t\t\t\t}\n\t\t\t});\n\t\t});\n\t});\n\t<\/script>\n\t<style>\n\t\t#getcidinfo_container .d_flex {\n\t\t\tdisplay:flex;\n\t\t}\n\t\t.group_btns .form-control {\n\t\t\tflex:1 1 0%;\n\t\t}\n\t\t.col-md-12 {\n\t\t\tpadding: 20px  0;\n\t\t}\n\t\t#loader_img_container {\n\t\t\ttext-align: center;\n\t\t\tdisplay:none;\n\t\t}\n\t\t#loader_img_container img {\n\t\t\twidth: 100px;\n\t\t}\n\t<\/style>\t\t\n\t<!-- Add your HTML \/ CSS \/ JS code here! -->\n\t<div id=\"getcidinfo_container\">\n\t\t<form id=\"iid_form\">\n\t\t\t<div class=\"row\">\n\t\t\t\t<div class=\"col-md-5 col-sm-12\">\n\t\t\t\t\t<div class=\"form-label-group input-group d_flex\">\n\t\t\t\t\t\t<input type=\"search\" id=\"order_ID\" class=\"form-control\" placeholder=\"Order ID\" required=\"\" autofocus=\"\">\n\t\t\t\t\t<\/div>\n\t\t\t\t<\/div>\n\t\t\t\t<div class=\"col-md-7 col-sm-12\">\n\t\t\t\t\t<div class=\"form-label-group input-group d_flex\">\n\t\t\t\t\t\t<input type=\"search\" id=\"tbxIID\" class=\"form-control\" placeholder=\"Installation ID (IID)\" required=\"\" autofocus=\"\">\n\t\t\t\t\t\t<div class=\"input-group-append d_flex\">\n\t\t\t\t\t\t\t<button type=\"submit\" class=\"btn btn-primary input-group-text\" id=\"btnGETCID\">GET<\/button>\n\t\t\t\t\t\t<\/div>\n\t\t\t\t\t<\/div>\n\t\t\t\t<\/div>\n\t\t\t<\/div>\n\t\t<\/form>\n\t\t<br\/><br\/>\n\t\t<div id=\"loader_img_container\">\n\t\t\t<img decoding=\"async\" src=\"https:\/\/allgoodkeys.com\/wp-content\/uploads\/2023\/05\/loading-gif.gif\"\/>\n\t\t<\/div>\t\n\t\t<h2>Result Confirmation ID<\/h2>\n\t\t<span id=\"getcid_ajaxerr\"><\/span>\n\t\t<div class=\"col-md-12 col-sm-12\">\n\t\t\t<div class=\"form-label-group input-group d_flex\">\n\t\t\t\t<input type=\"text\" id=\"CID\" class=\"form-control copy-when-click\" placeholder=\"Confirmation ID (CID)\"  onclick=\"if (!window.__cfRLUnblockHandlers) return false; copycid('All')\">\n\t\t\t\t<div class=\"input-group-append d_flex\">\n\t\t\t\t\t<button type=\"submit\" id=\"copyResult0\" class=\"btn btn-secondary input-group-text\">Copy<\/button>\n\t\t\t\t<\/div>\n\t\t\t<\/div>\n\t\t<\/div>\n\t\t<div class=\"col-md-12 col-sm-12 input-group group_btns d_flex\">\n\t\t\t<input type=\"text\" class=\"form-control text-center copy-when-click iblocks\" data-id=\"0\" id=\"blockA\" placeholder=\"A\" readonly=\"\" onclick=\"if (!window.__cfRLUnblockHandlers) return false; copycid('A')\">\n\t\t\t<input type=\"text\" class=\"form-control text-center copy-when-click iblocks\" data-id=\"1\" id=\"blockB\" placeholder=\"B\" readonly=\"\" onclick=\"if (!window.__cfRLUnblockHandlers) return false; copycid('B')\">\n\t\t\t<input type=\"text\" class=\"form-control text-center copy-when-click iblocks\" data-id=\"2\"  id=\"blockC\" placeholder=\"C\" readonly=\"\" onclick=\"if (!window.__cfRLUnblockHandlers) return false; copycid('C')\">\n\t\t\t<input type=\"text\" class=\"form-control text-center copy-when-click iblocks\" data-id=\"3\" id=\"blockD\" placeholder=\"D\" readonly=\"\" onclick=\"if (!window.__cfRLUnblockHandlers) return false; copycid('D')\">\n\t\t\t<div class=\"w-100 row-divider d-md-none\"><\/div>\n\t\t\t<input type=\"text\" class=\"form-control text-center copy-when-click iblocks\" data-id=\"4\" id=\"blockE\" placeholder=\"E\" readonly=\"\" onclick=\"if (!window.__cfRLUnblockHandlers) return false; copycid('E')\">\n\t\t\t<input type=\"text\" class=\"form-control text-center copy-when-click iblocks\" data-id=\"5\" id=\"blockF\" placeholder=\"F\" readonly=\"\" onclick=\"if (!window.__cfRLUnblockHandlers) return false; copycid('F')\">\n\t\t\t<input type=\"text\" class=\"form-control text-center copy-when-click iblocks\" data-id=\"6\" id=\"blockG\" placeholder=\"G\" readonly=\"\" onclick=\"if (!window.__cfRLUnblockHandlers) return false; copycid('G')\">\n\t\t\t<input type=\"text\" class=\"form-control text-center copy-when-click iblocks\" data-id=\"7\" id=\"blockH\" placeholder=\"H\" readonly=\"\" onclick=\"if (!window.__cfRLUnblockHandlers) return false; copycid('H')\">\n\t\t\t<div class=\"w-100 row-divider d-md-none\"><\/div>\n\t\t\t<div class=\"cinput-group-append\">\n\t\t\t\t<input type=\"hidden\" id=\"myresult\">\n\t\t\t\t<button type=\"submit\" id=\"copyResult1\" data-value='' class=\"btn btn-secondary input-group-text\">Copy<\/button>\n\t\t\t<\/div>\n\t\t<\/div>\n\t<\/div>\n\t<!-- And you can also embed a \" . $variable1 . \" here \" -->\n\t<\/p>\n\t\t\t\t\t<\/div>\n\t\t\t\t\t\t<\/div>\n\t\t\t\t<\/div>\n\t\t\t\t\t<\/div>\n\t\t<\/div>\n\t\t\t\t\t<\/div>\n\t\t<\/section>\n\t\t\t\t<section class=\"wd-negative-gap elementor-section elementor-top-section elementor-element elementor-element-6be63a5 elementor-section-boxed elementor-section-height-default elementor-section-height-default\" data-id=\"6be63a5\" data-element_type=\"section\" data-e-type=\"section\">\n\t\t\t\t\t\t<div class=\"elementor-container elementor-column-gap-default\">\n\t\t\t\t\t<div class=\"elementor-column elementor-col-100 elementor-top-column elementor-element elementor-element-fddfe28\" data-id=\"fddfe28\" data-element_type=\"column\" data-e-type=\"column\">\n\t\t\t<div class=\"elementor-widget-wrap elementor-element-populated\">\n\t\t\t\t\t\t<div class=\"elementor-element elementor-element-7c03ed4 elementor-widget elementor-widget-spacer\" data-id=\"7c03ed4\" data-element_type=\"widget\" data-e-type=\"widget\" data-widget_type=\"spacer.default\">\n\t\t\t\t<div class=\"elementor-widget-container\">\n\t\t\t\t\t\t\t<div class=\"elementor-spacer\">\n\t\t\t<div class=\"elementor-spacer-inner\"><\/div>\n\t\t<\/div>\n\t\t\t\t\t\t<\/div>\n\t\t\t\t<\/div>\n\t\t\t\t\t<\/div>\n\t\t<\/div>\n\t\t\t\t\t<\/div>\n\t\t<\/section>\n\t\t\t\t<section class=\"wd-negative-gap elementor-section elementor-top-section elementor-element elementor-element-b2bb216 elementor-section-boxed elementor-section-height-default elementor-section-height-default\" data-id=\"b2bb216\" data-element_type=\"section\" data-e-type=\"section\">\n\t\t\t\t\t\t<div class=\"elementor-container elementor-column-gap-default\">\n\t\t\t\t\t<div class=\"elementor-column elementor-col-100 elementor-top-column elementor-element elementor-element-4dca152\" data-id=\"4dca152\" data-element_type=\"column\" data-e-type=\"column\" data-settings=\"{&quot;background_background&quot;:&quot;classic&quot;}\">\n\t\t\t<div class=\"elementor-widget-wrap elementor-element-populated\">\n\t\t\t\t\t\t<div class=\"elementor-element elementor-element-abcd7aa wd-width-100 elementor-widget elementor-widget-wd_title\" data-id=\"abcd7aa\" data-element_type=\"widget\" data-e-type=\"widget\" data-widget_type=\"wd_title.default\">\n\t\t\t\t<div class=\"elementor-widget-container\">\n\t\t\t\t\t\t\t<div class=\"title-wrapper wd-set-mb reset-last-child wd-title-color-primary wd-title-style-bordered wd-title-size-default text-center\">\n\n\t\t\t\n\t\t\t<div class=\"liner-continer\">\n\t\t\t\t<h4 class=\"woodmart-title-container title wd-fontsize-l\">Descarga tu software en segundos<\/h4> \n\t\t\t\t\t\t\t<\/div>\n\n\t\t\t\t\t\t\t<div class=\"title-after_title reset-last-child wd-fontsize-xs\">\n\t\t\t\t\t<p><a href=\"https:\/\/www.trustpilot.com\/review\/allgoodkeys.com\">All Good Keys<\/a> ha hecho que el proceso de descarga de software sea tan f\u00e1cil como 1-2-3<\/p>\t\t\t\t<\/div>\n\t\t\t\t\t<\/div>\n\t\t\t\t\t\t<\/div>\n\t\t\t\t<\/div>\n\t\t\t\t\t<\/div>\n\t\t<\/div>\n\t\t\t\t\t<\/div>\n\t\t<\/section>\n\t\t\t\t<section class=\"elementor-section elementor-top-section elementor-element elementor-element-284efd3 wd-section-stretch elementor-section-boxed elementor-section-height-default elementor-section-height-default\" data-id=\"284efd3\" data-element_type=\"section\" data-e-type=\"section\">\n\t\t\t\t\t\t<div class=\"elementor-container elementor-column-gap-default\">\n\t\t\t\t\t<div class=\"elementor-column elementor-col-33 elementor-top-column elementor-element elementor-element-41d2c0e\" data-id=\"41d2c0e\" data-element_type=\"column\" data-e-type=\"column\">\n\t\t\t<div class=\"elementor-widget-wrap elementor-element-populated\">\n\t\t\t\t\t\t<div class=\"elementor-element elementor-element-6b2f280 elementor-widget elementor-widget-wd_image_or_svg\" data-id=\"6b2f280\" data-element_type=\"widget\" data-e-type=\"widget\" data-widget_type=\"wd_image_or_svg.default\">\n\t\t\t\t<div class=\"elementor-widget-container\">\n\t\t\t\t\t\n\t\t<div class=\"wd-image text-center\">\n\t\t\t\t\t\t\t\t<img decoding=\"async\" width=\"600\" height=\"500\" src=\"https:\/\/allgoodkeys.com\/wp-content\/uploads\/2022\/05\/1-1-1-600x500.png\" class=\"attachment-600x500 size-600x500\" alt=\"\" srcset=\"https:\/\/allgoodkeys.com\/wp-content\/uploads\/2022\/05\/1-1-1.png 600w, https:\/\/allgoodkeys.com\/wp-content\/uploads\/2022\/05\/1-1-1-570x475.png 570w, https:\/\/allgoodkeys.com\/wp-content\/uploads\/2022\/05\/1-1-1-250x208.png 250w, https:\/\/allgoodkeys.com\/wp-content\/uploads\/2022\/05\/1-1-1-300x250.png 300w\" sizes=\"(max-width: 600px) 100vw, 600px\" \/>\t\t\t\t\t<\/div>\n\n\t\t\t\t\t\t<\/div>\n\t\t\t\t<\/div>\n\t\t\t\t<div class=\"elementor-element elementor-element-a3c28d1 elementor-widget elementor-widget-wd_infobox\" data-id=\"a3c28d1\" data-element_type=\"widget\" data-e-type=\"widget\" data-widget_type=\"wd_infobox.default\">\n\t\t\t\t<div class=\"elementor-widget-container\">\n\t\t\t\t\t\t\t<div class=\"info-box-wrapper\">\n\t\t\t<div class=\"wd-info-box text-left box-icon-align-left box-style-base color-scheme- wd-items-top\">\n\t\t\t\t\t\t\t\t\t<div class=\"box-icon-wrapper  box-with-text text-size-large box-icon-simple\">\n\t\t\t\t\t\t<div class=\"info-box-icon\">\n\t\t\t\t\t\t\t\t\t\t\t\t\t\t\t1.\t\t\t\t\t\t\t\t\t\t\t\t\t<\/div>\n\t\t\t\t\t<\/div>\n\t\t\t\t\n\t\t\t\t<div class=\"info-box-content\">\n\t\t\t\t\t\n\t\t\t\t\t\t\t\t\t\t\t<h4\t\t\t\t\t\tclass=\"info-box-title title box-title-style-default wd-fontsize-m\" data-elementor-setting-key=\"title\">\n\t\t\t\t\t\t\t\tA\u00f1adir un producto a la cesta de la compra\t\t\t\t\t\t<\/h4>\n\t\t\t\t\t\n\t\t\t\t\t<div class=\"info-box-inner reset-last-child\"data-elementor-setting-key=\"content\"><p>Utilice la funci\u00f3n de navegaci\u00f3n r\u00e1pida para buscar el software que necesita. Haga su selecci\u00f3n y agregue a su carrito.<\/p>\n<\/div>\n\n\t\t\t\t\t\t\t\t\t<\/div>\n\n\t\t\t\t\t\t\t\t\t<a href=\"#\" class=\"wd-info-box-link wd-fill\" aria-label=\"Infobox link\"><\/a>\n\t\t\t\t\t\t\t<\/div>\n\t\t<\/div>\n\t\t\t\t\t\t<\/div>\n\t\t\t\t<\/div>\n\t\t\t\t\t<\/div>\n\t\t<\/div>\n\t\t\t\t<div class=\"elementor-column elementor-col-33 elementor-top-column elementor-element elementor-element-5043933\" data-id=\"5043933\" data-element_type=\"column\" data-e-type=\"column\">\n\t\t\t<div class=\"elementor-widget-wrap elementor-element-populated\">\n\t\t\t\t\t\t<div class=\"elementor-element elementor-element-bcd8ca9 elementor-widget elementor-widget-wd_image_or_svg\" data-id=\"bcd8ca9\" data-element_type=\"widget\" data-e-type=\"widget\" data-widget_type=\"wd_image_or_svg.default\">\n\t\t\t\t<div class=\"elementor-widget-container\">\n\t\t\t\t\t\n\t\t<div class=\"wd-image text-center\">\n\t\t\t\t\t\t\t\t<img decoding=\"async\" width=\"600\" height=\"500\" src=\"https:\/\/allgoodkeys.com\/wp-content\/uploads\/2022\/05\/2-1-600x500.png\" class=\"attachment-600x500 size-600x500\" alt=\"\" srcset=\"https:\/\/allgoodkeys.com\/wp-content\/uploads\/2022\/05\/2-1.png 600w, https:\/\/allgoodkeys.com\/wp-content\/uploads\/2022\/05\/2-1-570x475.png 570w, https:\/\/allgoodkeys.com\/wp-content\/uploads\/2022\/05\/2-1-250x208.png 250w, https:\/\/allgoodkeys.com\/wp-content\/uploads\/2022\/05\/2-1-300x250.png 300w\" sizes=\"(max-width: 600px) 100vw, 600px\" \/>\t\t\t\t\t<\/div>\n\n\t\t\t\t\t\t<\/div>\n\t\t\t\t<\/div>\n\t\t\t\t<div class=\"elementor-element elementor-element-82a17ad elementor-widget elementor-widget-wd_infobox\" data-id=\"82a17ad\" data-element_type=\"widget\" data-e-type=\"widget\" data-widget_type=\"wd_infobox.default\">\n\t\t\t\t<div class=\"elementor-widget-container\">\n\t\t\t\t\t\t\t<div class=\"info-box-wrapper\">\n\t\t\t<div class=\"wd-info-box text-left box-icon-align-left box-style-base color-scheme- wd-items-top\">\n\t\t\t\t\t\t\t\t\t<div class=\"box-icon-wrapper  box-with-text text-size-large box-icon-simple\">\n\t\t\t\t\t\t<div class=\"info-box-icon\">\n\t\t\t\t\t\t\t\t\t\t\t\t\t\t\t2.\t\t\t\t\t\t\t\t\t\t\t\t\t<\/div>\n\t\t\t\t\t<\/div>\n\t\t\t\t\n\t\t\t\t<div class=\"info-box-content\">\n\t\t\t\t\t\n\t\t\t\t\t\t\t\t\t\t\t<h4\t\t\t\t\t\tclass=\"info-box-title title box-title-style-default wd-fontsize-m\" data-elementor-setting-key=\"title\">\n\t\t\t\t\t\t\t\tAplicar c\u00f3digo de promoci\u00f3n al finalizar la compra\t\t\t\t\t\t<\/h4>\n\t\t\t\t\t\n\t\t\t\t\t<div class=\"info-box-inner reset-last-child\"data-elementor-setting-key=\"content\"><p>Para obtener ahorros adicionales, recuerde consultar la p\u00e1gina de inicio para ver si hay c\u00f3digos de descuento. A menudo, se est\u00e1n ejecutando promociones especiales.<\/p>\n<\/div>\n\n\t\t\t\t\t\t\t\t\t<\/div>\n\n\t\t\t\t\t\t\t\t\t<a href=\"#\" class=\"wd-info-box-link wd-fill\" aria-label=\"Infobox link\"><\/a>\n\t\t\t\t\t\t\t<\/div>\n\t\t<\/div>\n\t\t\t\t\t\t<\/div>\n\t\t\t\t<\/div>\n\t\t\t\t\t<\/div>\n\t\t<\/div>\n\t\t\t\t<div class=\"elementor-column elementor-col-33 elementor-top-column elementor-element elementor-element-d7e6afd\" data-id=\"d7e6afd\" data-element_type=\"column\" data-e-type=\"column\">\n\t\t\t<div class=\"elementor-widget-wrap elementor-element-populated\">\n\t\t\t\t\t\t<div class=\"elementor-element elementor-element-831599a elementor-widget elementor-widget-wd_image_or_svg\" data-id=\"831599a\" data-element_type=\"widget\" data-e-type=\"widget\" data-widget_type=\"wd_image_or_svg.default\">\n\t\t\t\t<div class=\"elementor-widget-container\">\n\t\t\t\t\t\n\t\t<div class=\"wd-image text-center\">\n\t\t\t\t\t\t\t\t<img decoding=\"async\" width=\"600\" height=\"500\" src=\"https:\/\/allgoodkeys.com\/wp-content\/uploads\/2022\/05\/3-3-1-600x500.png\" class=\"attachment-600x500 size-600x500\" alt=\"\" srcset=\"https:\/\/allgoodkeys.com\/wp-content\/uploads\/2022\/05\/3-3-1.png 600w, https:\/\/allgoodkeys.com\/wp-content\/uploads\/2022\/05\/3-3-1-570x475.png 570w, https:\/\/allgoodkeys.com\/wp-content\/uploads\/2022\/05\/3-3-1-250x208.png 250w, https:\/\/allgoodkeys.com\/wp-content\/uploads\/2022\/05\/3-3-1-300x250.png 300w\" sizes=\"(max-width: 600px) 100vw, 600px\" \/>\t\t\t\t\t<\/div>\n\n\t\t\t\t\t\t<\/div>\n\t\t\t\t<\/div>\n\t\t\t\t<div class=\"elementor-element elementor-element-5b51801 elementor-widget elementor-widget-wd_infobox\" data-id=\"5b51801\" data-element_type=\"widget\" data-e-type=\"widget\" data-widget_type=\"wd_infobox.default\">\n\t\t\t\t<div class=\"elementor-widget-container\">\n\t\t\t\t\t\t\t<div class=\"info-box-wrapper\">\n\t\t\t<div class=\"wd-info-box text-left box-icon-align-left box-style-base color-scheme- wd-items-top\">\n\t\t\t\t\t\t\t\t\t<div class=\"box-icon-wrapper  box-with-text text-size-large box-icon-simple\">\n\t\t\t\t\t\t<div class=\"info-box-icon\">\n\t\t\t\t\t\t\t\t\t\t\t\t\t\t\t3.\t\t\t\t\t\t\t\t\t\t\t\t\t<\/div>\n\t\t\t\t\t<\/div>\n\t\t\t\t\n\t\t\t\t<div class=\"info-box-content\">\n\t\t\t\t\t\n\t\t\t\t\t\t\t\t\t\t\t<h4\t\t\t\t\t\tclass=\"info-box-title title box-title-style-default wd-fontsize-m\" data-elementor-setting-key=\"title\">\n\t\t\t\t\t\t\t\tRecibir la clave de activaci\u00f3n y el enlace de descarga en el buz\u00f3n\t\t\t\t\t\t<\/h4>\n\t\t\t\t\t\n\t\t\t\t\t<div class=\"info-box-inner reset-last-child\"data-elementor-setting-key=\"content\"><p>Sin frustrantes retrasos en los env\u00edos. En su lugar, obtenga un enlace de descarga en su buz\u00f3n. Instale y comience a usar su <a href=\"http:\/\/allgoodkeys.com\/shop\/\">producto<\/a> de inmediato.<\/p>\n<\/div>\n\n\t\t\t\t\t\t\t\t\t<\/div>\n\n\t\t\t\t\t\t\t\t\t<a href=\"#\" class=\"wd-info-box-link wd-fill\" aria-label=\"Infobox link\"><\/a>\n\t\t\t\t\t\t\t<\/div>\n\t\t<\/div>\n\t\t\t\t\t\t<\/div>\n\t\t\t\t<\/div>\n\t\t\t\t\t<\/div>\n\t\t<\/div>\n\t\t\t\t\t<\/div>\n\t\t<\/section>\n\t\t\t\t<\/div>\n\t\t","protected":false},"excerpt":{"rendered":"<p>Este servicio no funciona en este momento Obtener ID de confirmaci\u00f3n | Soporte de Microsoft Self-Service Bienvenido a esta p\u00e1gina<\/p>\n","protected":false},"author":1,"featured_media":0,"parent":0,"menu_order":0,"comment_status":"closed","ping_status":"closed","template":"","meta":{"rank_math_title":"","rank_math_description":"","rank_math_focus_keyword":"","footnotes":""},"class_list":["post-36828","page","type-page","status-publish","hentry"],"jetpack_sharing_enabled":true,"_links":{"self":[{"href":"https:\/\/allgoodkeys.com\/es\/wp-json\/wp\/v2\/pages\/36828","targetHints":{"allow":["GET"]}}],"collection":[{"href":"https:\/\/allgoodkeys.com\/es\/wp-json\/wp\/v2\/pages"}],"about":[{"href":"https:\/\/allgoodkeys.com\/es\/wp-json\/wp\/v2\/types\/page"}],"author":[{"embeddable":true,"href":"https:\/\/allgoodkeys.com\/es\/wp-json\/wp\/v2\/users\/1"}],"replies":[{"embeddable":true,"href":"https:\/\/allgoodkeys.com\/es\/wp-json\/wp\/v2\/comments?post=36828"}],"version-history":[{"count":0,"href":"https:\/\/allgoodkeys.com\/es\/wp-json\/wp\/v2\/pages\/36828\/revisions"}],"wp:attachment":[{"href":"https:\/\/allgoodkeys.com\/es\/wp-json\/wp\/v2\/media?parent=36828"}],"curies":[{"name":"wp","href":"https:\/\/api.w.org\/{rel}","templated":true}]}}