{"id":23748,"date":"2021-10-14T11:48:39","date_gmt":"2021-10-14T11:48:39","guid":{"rendered":"https:\/\/allgoodkeys.com\/delivery-and-payment\/"},"modified":"2023-04-08T15:10:17","modified_gmt":"2023-04-08T15:10:17","slug":"delivery-and-payment","status":"publish","type":"page","link":"https:\/\/allgoodkeys.com\/es\/delivery-and-payment\/","title":{"rendered":"Entrega y Pago"},"content":{"rendered":"\t\t<div data-elementor-type=\"wp-page\" data-elementor-id=\"23748\" class=\"elementor elementor-23748 elementor-12870\">\n\t\t\t\t\t\t<section class=\"wd-negative-gap elementor-section elementor-top-section elementor-element elementor-element-3473199 wd-section-stretch elementor-section-content-middle elementor-reverse-tablet elementor-reverse-mobile elementor-section-boxed elementor-section-height-default elementor-section-height-default\" data-id=\"3473199\" data-element_type=\"section\" data-e-type=\"section\" data-settings=\"{&quot;background_background&quot;:&quot;classic&quot;}\">\n\t\t\t\t\t\t<div class=\"elementor-container elementor-column-gap-extended\">\n\t\t\t\t\t<div class=\"elementor-column elementor-col-100 elementor-top-column elementor-element elementor-element-9c95e8d\" data-id=\"9c95e8d\" data-element_type=\"column\" data-e-type=\"column\">\n\t\t\t<div class=\"elementor-widget-wrap\">\n\t\t\t\t\t\t\t<\/div>\n\t\t<\/div>\n\t\t\t\t\t<\/div>\n\t\t<\/section>\n\t\t\t\t<section class=\"wd-negative-gap elementor-section elementor-top-section elementor-element elementor-element-a33471a elementor-section-full_width wd-section-stretch elementor-section-height-default elementor-section-height-default\" data-id=\"a33471a\" data-element_type=\"section\" data-e-type=\"section\" data-settings=\"{&quot;background_background&quot;:&quot;classic&quot;}\">\n\t\t\t\t\t\t<div class=\"elementor-container elementor-column-gap-default\">\n\t\t\t\t\t<div class=\"elementor-column elementor-col-50 elementor-top-column elementor-element elementor-element-67ebb68\" data-id=\"67ebb68\" data-element_type=\"column\" data-e-type=\"column\">\n\t\t\t<div class=\"elementor-widget-wrap elementor-element-populated\">\n\t\t\t\t\t\t<div class=\"elementor-element elementor-element-47d4b1c wd-width-100 elementor-widget elementor-widget-wd_title\" data-id=\"47d4b1c\" data-element_type=\"widget\" data-e-type=\"widget\" data-widget_type=\"wd_title.default\">\n\t\t\t\t<div class=\"elementor-widget-container\">\n\t\t\t\t\t\t\t<div class=\"title-wrapper wd-set-mb reset-last-child wd-title-color-default wd-title-style-simple wd-title-size-medium text-left\">\n\n\t\t\t\n\t\t\t<div class=\"liner-continer\">\n\t\t\t\t<h4 class=\"woodmart-title-container title wd-fontsize-xl\">ENTREGA<\/h4> \n\t\t\t\t\t\t\t<\/div>\n\n\t\t\t\t\t<\/div>\n\t\t\t\t\t\t<\/div>\n\t\t\t\t<\/div>\n\t\t\t\t<div class=\"elementor-element elementor-element-323c2c0 color-scheme-inherit text-left elementor-widget elementor-widget-text-editor\" data-id=\"323c2c0\" data-element_type=\"widget\" data-e-type=\"widget\" data-widget_type=\"text-editor.default\">\n\t\t\t\t<div class=\"elementor-widget-container\">\n\t\t\t\t\t\t\t\t\t<p>Entregamos los pedidos autom\u00e1ticamente e instant\u00e1neamente despu\u00e9s de la compra, pero puede tardar hasta 8 horas si sucede algo. Todos los servicios relacionados con productos de AllGoodKeys.com se entregan por correo electr\u00f3nico. La clave del CD o los c\u00f3digos vendidos en AllGoodKeys.com se entregar\u00e1n por correo electr\u00f3nico y tambi\u00e9n se pueden encontrar en los detalles del pedido en la secci\u00f3n de su cuenta, por lo que no hay cargo de env\u00edo.<\/p><p>\u00abQu\u00e9 puedo hacer si no encuentro mi entrega en mi direcci\u00f3n de correo electr\u00f3nico?\u00bb<\/p><p><strong>1.<\/strong>Por favor, revisa tu carpeta de spam o correo no deseado, en caso de que no hayas recibido tu correo electr\u00f3nico.<\/p><p><strong>2.<\/strong>Aseg\u00farate de que tu pago se haya completado correctamente.<\/p><p><strong>3.<\/strong> Si necesitamos m\u00e1s informaci\u00f3n o si algo no te corresponde, te contactaremos por correo electr\u00f3nico.<\/p><p><strong>4.<\/strong> Si no has recibido ning\u00fan correo electr\u00f3nico, aseg\u00farate de que tu direcci\u00f3n de correo electr\u00f3nico sea correcta y cont\u00e1ctanos aqu\u00ed (support@allgoodkeys.com).<\/p>\t\t\t\t\t\t\t\t<\/div>\n\t\t\t\t<\/div>\n\t\t\t\t\t<\/div>\n\t\t<\/div>\n\t\t\t\t<div class=\"elementor-column elementor-col-50 elementor-top-column elementor-element elementor-element-cf65cb1\" data-id=\"cf65cb1\" data-element_type=\"column\" data-e-type=\"column\">\n\t\t\t<div class=\"elementor-widget-wrap elementor-element-populated\">\n\t\t\t\t\t\t<div class=\"elementor-element elementor-element-406d964 wd-width-100 elementor-widget elementor-widget-wd_title\" data-id=\"406d964\" data-element_type=\"widget\" data-e-type=\"widget\" data-widget_type=\"wd_title.default\">\n\t\t\t\t<div class=\"elementor-widget-container\">\n\t\t\t\t\t\t\t<div class=\"title-wrapper wd-set-mb reset-last-child wd-title-color-default wd-title-style-simple wd-title-size-medium text-left\">\n\n\t\t\t\n\t\t\t<div class=\"liner-continer\">\n\t\t\t\t<h4 class=\"woodmart-title-container title wd-fontsize-xl\">PAGOS<\/h4> \n\t\t\t\t\t\t\t<\/div>\n\n\t\t\t\t\t<\/div>\n\t\t\t\t\t\t<\/div>\n\t\t\t\t<\/div>\n\t\t\t\t<div class=\"elementor-element elementor-element-560fb3f color-scheme-inherit text-left elementor-widget elementor-widget-text-editor\" data-id=\"560fb3f\" data-element_type=\"widget\" data-e-type=\"widget\" data-widget_type=\"text-editor.default\">\n\t\t\t\t<div class=\"elementor-widget-container\">\n\t\t\t\t\t\t\t\t\t<p>Actualmente, AllGoodKeys.com acepta los siguientes m\u00e9todos de pago:<\/p><p>1. <strong>PayPal<\/strong> : Haga clic en el bot\u00f3n de pago de PayPal para pagar directamente con su cuenta de PayPal.<\/p><p>2. <strong>Credit cards<\/strong> (Stripe) : Haga clic en el icono de pago correspondiente a la tarjeta de cr\u00e9dito para pagar sin una cuenta de PayPal.<\/p><p>3. <strong>Google\u00a0Pay<\/strong><\/p><p>4. <strong>Apple Pay<\/strong><\/p>\t\t\t\t\t\t\t\t<\/div>\n\t\t\t\t<\/div>\n\t\t\t\t\t<\/div>\n\t\t<\/div>\n\t\t\t\t\t<\/div>\n\t\t<\/section>\n\t\t\t\t<section class=\"wd-negative-gap elementor-section elementor-top-section elementor-element elementor-element-b4734a4 elementor-section-full_width wd-section-stretch elementor-section-height-default elementor-section-height-default\" data-id=\"b4734a4\" data-element_type=\"section\" data-e-type=\"section\" data-settings=\"{&quot;background_background&quot;:&quot;classic&quot;}\">\n\t\t\t\t\t\t\t<div class=\"elementor-background-overlay\"><\/div>\n\t\t\t\t\t\t\t<div class=\"elementor-container elementor-column-gap-default\">\n\t\t\t\t\t<div class=\"elementor-column elementor-col-100 elementor-top-column elementor-element elementor-element-c0b070d\" data-id=\"c0b070d\" data-element_type=\"column\" data-e-type=\"column\">\n\t\t\t<div class=\"elementor-widget-wrap elementor-element-populated\">\n\t\t\t\t\t\t<div class=\"elementor-element elementor-element-6dbd647 elementor-widget elementor-widget-spacer\" data-id=\"6dbd647\" data-element_type=\"widget\" data-e-type=\"widget\" data-widget_type=\"spacer.default\">\n\t\t\t\t<div class=\"elementor-widget-container\">\n\t\t\t\t\t\t\t<div class=\"elementor-spacer\">\n\t\t\t<div class=\"elementor-spacer-inner\"><\/div>\n\t\t<\/div>\n\t\t\t\t\t\t<\/div>\n\t\t\t\t<\/div>\n\t\t\t\t\t<\/div>\n\t\t<\/div>\n\t\t\t\t\t<\/div>\n\t\t<\/section>\n\t\t\t\t<\/div>\n\t\t","protected":false},"excerpt":{"rendered":"<p>ENTREGA Entregamos los pedidos autom\u00e1ticamente e instant\u00e1neamente despu\u00e9s de la compra, pero puede tardar hasta 8 horas si sucede algo.<\/p>\n","protected":false},"author":1,"featured_media":0,"parent":0,"menu_order":0,"comment_status":"closed","ping_status":"closed","template":"","meta":{"rank_math_title":"","rank_math_description":"","rank_math_focus_keyword":"","footnotes":""},"class_list":["post-23748","page","type-page","status-publish","hentry"],"jetpack_sharing_enabled":true,"_links":{"self":[{"href":"https:\/\/allgoodkeys.com\/es\/wp-json\/wp\/v2\/pages\/23748","targetHints":{"allow":["GET"]}}],"collection":[{"href":"https:\/\/allgoodkeys.com\/es\/wp-json\/wp\/v2\/pages"}],"about":[{"href":"https:\/\/allgoodkeys.com\/es\/wp-json\/wp\/v2\/types\/page"}],"author":[{"embeddable":true,"href":"https:\/\/allgoodkeys.com\/es\/wp-json\/wp\/v2\/users\/1"}],"replies":[{"embeddable":true,"href":"https:\/\/allgoodkeys.com\/es\/wp-json\/wp\/v2\/comments?post=23748"}],"version-history":[{"count":0,"href":"https:\/\/allgoodkeys.com\/es\/wp-json\/wp\/v2\/pages\/23748\/revisions"}],"wp:attachment":[{"href":"https:\/\/allgoodkeys.com\/es\/wp-json\/wp\/v2\/media?parent=23748"}],"curies":[{"name":"wp","href":"https:\/\/api.w.org\/{rel}","templated":true}]}}