{"id":23718,"date":"2021-06-19T13:26:59","date_gmt":"2021-06-19T13:26:59","guid":{"rendered":"https:\/\/allgoodkeys.com\/terminos-y-condiciones\/"},"modified":"2023-12-20T16:40:13","modified_gmt":"2023-12-20T16:40:13","slug":"terminos-y-condiciones","status":"publish","type":"page","link":"https:\/\/allgoodkeys.com\/es\/terminos-y-condiciones\/","title":{"rendered":"T\u00e9rminos y condiciones"},"content":{"rendered":"\t\t<div data-elementor-type=\"wp-page\" data-elementor-id=\"23718\" class=\"elementor elementor-23718 elementor-2750\">\n\t\t\t\t\t\t<section class=\"elementor-section elementor-top-section elementor-element elementor-element-b72ad3c wd-section-stretch elementor-section-boxed elementor-section-height-default elementor-section-height-default\" data-id=\"b72ad3c\" data-element_type=\"section\" data-e-type=\"section\" data-settings=\"{&quot;background_background&quot;:&quot;classic&quot;}\">\n\t\t\t\t\t\t<div class=\"elementor-container elementor-column-gap-default\">\n\t\t\t\t\t<div class=\"elementor-column elementor-col-100 elementor-top-column elementor-element elementor-element-a676a51\" data-id=\"a676a51\" data-element_type=\"column\" data-e-type=\"column\">\n\t\t\t<div class=\"elementor-widget-wrap elementor-element-populated\">\n\t\t\t\t\t\t<div class=\"elementor-element elementor-element-ce4405e color-scheme-inherit text-left elementor-widget elementor-widget-text-editor\" data-id=\"ce4405e\" data-element_type=\"widget\" data-e-type=\"widget\" data-widget_type=\"text-editor.default\">\n\t\t\t\t<div class=\"elementor-widget-container\">\n\t\t\t\t\t\t\t\t\t<p>Lea estos T\u00e9rminos de uso (\u00abT\u00e9rminos\u00bb, \u00abT\u00e9rminos de uso\u00bb) detenidamente antes de utilizar el sitio web allgoodkeys.com (el \u00abServicio\u00bb) operado por All Good Keys LTD (\u00abnosotros\u00bb, \u00abnosotros\u00bb o \u00abnuestro\u00bb ).<\/p><p>Su acceso y uso del Servicio est\u00e1 condicionado a su aceptaci\u00f3n y cumplimiento de estos T\u00e9rminos. Estos T\u00e9rminos se aplican a todos los visitantes, usuarios y otras personas que acceden o utilizan el Servicio.<\/p><p>Al acceder o utilizar el Servicio, usted acepta estar sujeto a estos T\u00e9rminos. Si no est\u00e1 de acuerdo con alguna parte de los t\u00e9rminos, no podr\u00e1 acceder al Servicio.<\/p><h2>cuentas<\/h2><p>Cuando crea una cuenta con nosotros, debe proporcionarnos informaci\u00f3n precisa, completa y actualizada en todo momento. El no hacerlo constituye un incumplimiento de los T\u00e9rminos, lo que puede resultar en la terminaci\u00f3n inmediata de su cuenta en nuestro Servicio.<\/p><p>Usted es responsable de salvaguardar la contrase\u00f1a que usa para acceder al Servicio y de cualquier actividad o acci\u00f3n bajo su contrase\u00f1a, ya sea que su contrase\u00f1a sea con nuestro Servicio o con un servicio de terceros.<\/p><p>Usted acepta no revelar su contrase\u00f1a a ning\u00fan tercero. Debe notificarnos inmediatamente al darse cuenta de cualquier violaci\u00f3n de seguridad o uso no autorizado de su cuenta.<\/p><h2>Enlaces a otros sitios web<\/h2><p>Nuestro Servicio puede contener enlaces a sitios web o servicios de terceros que no son propiedad ni est\u00e1n controlados por All Good Keys LTD.<\/p><p>All Good Keys LTD no tiene control ni asume ninguna responsabilidad por el contenido, las pol\u00edticas de privacidad o las pr\u00e1cticas de los sitios web o servicios de terceros. Adem\u00e1s, reconoce y acepta que All Good Keys LTD no ser\u00e1 responsable, directa o indirectamente, de ning\u00fan da\u00f1o o p\u00e9rdida causado o presuntamente causado por o en relaci\u00f3n con el uso o la confianza en dicho contenido, bienes o servicios disponibles. en o a trav\u00e9s de tales sitios web o servicios.<\/p><p>Le recomendamos encarecidamente que lea los t\u00e9rminos y condiciones y las pol\u00edticas de privacidad de cualquier sitio web o servicio de terceros que visite.<\/p><h2>Terminaci\u00f3n<\/h2><p>Podemos rescindir o suspender el acceso a nuestro Servicio de inmediato, sin previo aviso ni responsabilidad, por cualquier motivo, incluido, entre otros, si incumple los T\u00e9rminos.<\/p><p>Todas las disposiciones de los T\u00e9rminos que, por su naturaleza, deban sobrevivir a la terminaci\u00f3n sobrevivir\u00e1n a la terminaci\u00f3n, incluidas, entre otras, las disposiciones de propiedad, las exenciones de garant\u00eda, la indemnizaci\u00f3n y las limitaciones de responsabilidad.<\/p><p>Podemos cancelar o suspender su cuenta de inmediato, sin previo aviso ni responsabilidad, por cualquier motivo, incluido, entre otros, si incumple los T\u00e9rminos.<\/p><p>Tras la rescisi\u00f3n, su derecho a utilizar el Servicio cesar\u00e1 inmediatamente. Si desea cancelar su cuenta, simplemente puede dejar de utilizar el Servicio.<\/p><p>Todas las disposiciones de los T\u00e9rminos que, por su naturaleza, deban sobrevivir a la terminaci\u00f3n sobrevivir\u00e1n a la terminaci\u00f3n, incluidas, entre otras, las disposiciones de propiedad, las exenciones de garant\u00eda, la indemnizaci\u00f3n y las limitaciones de responsabilidad.<\/p><h2>Descargo de responsabilidad<\/h2><p>Su uso del Servicio es bajo su propio riesgo. El Servicio se proporciona \u00abTAL CUAL\u00bb y \u00abSEG\u00daN DISPONIBILIDAD\u00bb. El Servicio se proporciona sin garant\u00edas de ning\u00fan tipo, ya sean expresas o impl\u00edcitas, incluidas, entre otras, garant\u00edas impl\u00edcitas de comerciabilidad, idoneidad para un prop\u00f3sito particular, no infracci\u00f3n o curso de desempe\u00f1o.<\/p><h2>Ley que rige<\/h2><p>Estos T\u00e9rminos se regir\u00e1n e interpretar\u00e1n de acuerdo con las leyes de los Estados Unidos sin tener en cuenta sus disposiciones sobre conflictos de leyes.<\/p><p>Nuestra incapacidad para hacer cumplir cualquier derecho o disposici\u00f3n de estos T\u00e9rminos no se considerar\u00e1 una renuncia a esos derechos. Si alguna disposici\u00f3n de estos T\u00e9rminos se considera inv\u00e1lida o inaplicable por un tribunal, las disposiciones restantes de estos T\u00e9rminos permanecer\u00e1n en vigor. Estos T\u00e9rminos constituyen el acuerdo completo entre nosotros con respecto a nuestro Servicio, y sustituyen y reemplazan cualquier acuerdo anterior que podamos tener entre nosotros con respecto al Servicio.<\/p><h2>Cambios<\/h2><p>Nos reservamos el derecho, a nuestro exclusivo criterio, de modificar o reemplazar estos T\u00e9rminos en cualquier momento. Si una revisi\u00f3n es material, intentaremos proporcionar un aviso de al menos 30 d\u00edas antes de que entren en vigencia los nuevos t\u00e9rminos. Lo que constituye un cambio material se determinar\u00e1 a nuestro exclusivo criterio.<\/p><p>Al continuar accediendo o utilizando nuestro Servicio despu\u00e9s de que esas revisiones entren en vigencia, usted acepta estar sujeto a los t\u00e9rminos revisados. Si no est\u00e1 de acuerdo con los nuevos t\u00e9rminos, deje de usar el Servicio.<\/p><h2>Cont\u00e1ctenos<\/h2><p>ALL GOOD KEYS LTD (N\u00famero de empresa 13433535)<\/p><p>N\u00famero de IVA: 406 7860 83<\/p><p>Direcci\u00f3n de la empresa: 71-75 Shelton Street, WC2H 9JQ, Londres, Reino Unido.<\/p><p>Si tiene alguna pregunta sobre estos T\u00e9rminos, <strong><a href=\"https:\/\/allgoodkeys.com\/es\/contactenos\/\" target=\"_blank\" rel=\"noopener\">Cont\u00e1ctenos.<\/a><\/strong><\/p>\t\t\t\t\t\t\t\t<\/div>\n\t\t\t\t<\/div>\n\t\t\t\t\t<\/div>\n\t\t<\/div>\n\t\t\t\t\t<\/div>\n\t\t<\/section>\n\t\t\t\t<\/div>\n\t\t","protected":false},"excerpt":{"rendered":"<p>Lea estos T\u00e9rminos de uso (\u00abT\u00e9rminos\u00bb, \u00abT\u00e9rminos de uso\u00bb) detenidamente antes de utilizar el sitio web allgoodkeys.com (el \u00abServicio\u00bb) operado<\/p>\n","protected":false},"author":1,"featured_media":0,"parent":0,"menu_order":0,"comment_status":"closed","ping_status":"closed","template":"","meta":{"rank_math_title":"","rank_math_description":"","rank_math_focus_keyword":"","footnotes":""},"class_list":["post-23718","page","type-page","status-publish","hentry"],"jetpack_sharing_enabled":true,"_links":{"self":[{"href":"https:\/\/allgoodkeys.com\/es\/wp-json\/wp\/v2\/pages\/23718","targetHints":{"allow":["GET"]}}],"collection":[{"href":"https:\/\/allgoodkeys.com\/es\/wp-json\/wp\/v2\/pages"}],"about":[{"href":"https:\/\/allgoodkeys.com\/es\/wp-json\/wp\/v2\/types\/page"}],"author":[{"embeddable":true,"href":"https:\/\/allgoodkeys.com\/es\/wp-json\/wp\/v2\/users\/1"}],"replies":[{"embeddable":true,"href":"https:\/\/allgoodkeys.com\/es\/wp-json\/wp\/v2\/comments?post=23718"}],"version-history":[{"count":0,"href":"https:\/\/allgoodkeys.com\/es\/wp-json\/wp\/v2\/pages\/23718\/revisions"}],"wp:attachment":[{"href":"https:\/\/allgoodkeys.com\/es\/wp-json\/wp\/v2\/media?parent=23718"}],"curies":[{"name":"wp","href":"https:\/\/api.w.org\/{rel}","templated":true}]}}