{"id":23652,"date":"2021-06-19T13:30:58","date_gmt":"2021-06-19T13:30:58","guid":{"rendered":"https:\/\/allgoodkeys.com\/politica-de-derechos-de-autor\/"},"modified":"2022-10-17T20:26:17","modified_gmt":"2022-10-17T20:26:17","slug":"politica-de-derechos-de-autor","status":"publish","type":"page","link":"https:\/\/allgoodkeys.com\/es\/politica-de-derechos-de-autor\/","title":{"rendered":"Pol\u00edtica de derechos de autor"},"content":{"rendered":"\t\t<div data-elementor-type=\"wp-page\" data-elementor-id=\"23652\" class=\"elementor elementor-23652 elementor-2759\">\n\t\t\t\t\t\t<section class=\"wd-negative-gap elementor-section elementor-top-section elementor-element elementor-element-dd655d0 elementor-section-boxed elementor-section-height-default elementor-section-height-default\" data-id=\"dd655d0\" data-element_type=\"section\" data-e-type=\"section\">\n\t\t\t\t\t\t<div class=\"elementor-container elementor-column-gap-default\">\n\t\t\t\t\t<div class=\"elementor-column elementor-col-100 elementor-top-column elementor-element elementor-element-e2c3ba8\" data-id=\"e2c3ba8\" data-element_type=\"column\" data-e-type=\"column\">\n\t\t\t<div class=\"elementor-widget-wrap elementor-element-populated\">\n\t\t\t\t\t\t<div class=\"elementor-element elementor-element-8b9120d color-scheme-inherit text-left elementor-widget elementor-widget-text-editor\" data-id=\"8b9120d\" data-element_type=\"widget\" data-e-type=\"widget\" data-widget_type=\"text-editor.default\">\n\t\t\t\t<div class=\"elementor-widget-container\">\n\t\t\t\t\t\t\t\t\t<p>Debido a la preocupaci\u00f3n por la seguridad de nuestros clientes, hemos adoptado la siguiente pol\u00edtica de disputa de derechos de autor (\u00abPol\u00edtica de derechos de autor\u00bb) a continuaci\u00f3n en relaci\u00f3n con la infracci\u00f3n de derechos de autor. Nos reservamos el derecho de bloquear el acceso o eliminar ofertas que creemos de buena fe que tienen derechos de autor que han sido copiadas y distribuidas ilegalmente por cualquiera de nuestros afiliados, comerciantes o usuarios y eliminamos e interrumpimos el servicio a los infractores y delincuentes reincidentes.<\/p>\n<p>Si cree que cualquier contenido que resida en el sitio de Allgoodkeys o sea accesible a trav\u00e9s de \u00e9l infringe sus derechos de autor o los derechos de autor de una empresa en la que est\u00e1 autorizado a actuar en nombre de usted, env\u00ede un aviso de infracci\u00f3n de derechos de autor, lo que nos permitir\u00e1 identificarlo a usted y al contenido infractor. o actividad.<\/p>\n<p>Si se encuentra una infracci\u00f3n, el contenido se eliminar\u00e1 o restringir\u00e1 en consecuencia. Nos reservamos el derecho de notificar al proveedor de contenido de una notificaci\u00f3n de infracci\u00f3n, rescindir o congelar la cooperaci\u00f3n. El proveedor de contenido tendr\u00e1 derecho a contrarrestar una notificaci\u00f3n de infracci\u00f3n. Dicha contranotificaci\u00f3n puede enviarse a la parte reclamante a discreci\u00f3n exclusiva de All good keys. En el curso de dicho procedimiento, podemos eliminar el contenido, deshabilitarlo, reemplazarlo o mantenerlo.<\/p>\n<p>Comun\u00edquese con nosotros sobre la Pol\u00edtica de derechos de autor o cualquier otra cuesti\u00f3n legal por correo electr\u00f3nico a <a href=\"mailto:legal@gamivo.com\">contact@allgoodkeys.com<\/a> .<\/p>\n\t\t\t\t\t\t\t\t<\/div>\n\t\t\t\t<\/div>\n\t\t\t\t\t<\/div>\n\t\t<\/div>\n\t\t\t\t\t<\/div>\n\t\t<\/section>\n\t\t\t\t<\/div>\n\t\t","protected":false},"excerpt":{"rendered":"<p>Debido a la preocupaci\u00f3n por la seguridad de nuestros clientes, hemos adoptado la siguiente pol\u00edtica de disputa de derechos de<\/p>\n","protected":false},"author":1,"featured_media":0,"parent":0,"menu_order":0,"comment_status":"closed","ping_status":"closed","template":"","meta":{"footnotes":""},"class_list":["post-23652","page","type-page","status-publish","hentry"],"jetpack_sharing_enabled":true,"_links":{"self":[{"href":"https:\/\/allgoodkeys.com\/es\/wp-json\/wp\/v2\/pages\/23652","targetHints":{"allow":["GET"]}}],"collection":[{"href":"https:\/\/allgoodkeys.com\/es\/wp-json\/wp\/v2\/pages"}],"about":[{"href":"https:\/\/allgoodkeys.com\/es\/wp-json\/wp\/v2\/types\/page"}],"author":[{"embeddable":true,"href":"https:\/\/allgoodkeys.com\/es\/wp-json\/wp\/v2\/users\/1"}],"replies":[{"embeddable":true,"href":"https:\/\/allgoodkeys.com\/es\/wp-json\/wp\/v2\/comments?post=23652"}],"version-history":[{"count":0,"href":"https:\/\/allgoodkeys.com\/es\/wp-json\/wp\/v2\/pages\/23652\/revisions"}],"wp:attachment":[{"href":"https:\/\/allgoodkeys.com\/es\/wp-json\/wp\/v2\/media?parent=23652"}],"curies":[{"name":"wp","href":"https:\/\/api.w.org\/{rel}","templated":true}]}}